{"id":7280,"date":"2025-05-24T11:09:19","date_gmt":"2025-05-24T11:09:19","guid":{"rendered":"https:\/\/www.granducatocollection.com\/?post_type=product&#038;p=7280"},"modified":"2026-02-27T14:38:34","modified_gmt":"2026-02-27T14:38:34","slug":"soggiorno-due-notti-con-colazione-piu-aperitivo","status":"publish","type":"product","link":"https:\/\/www.granducatocollection.com\/pl\/product\/soggiorno-due-notti-con-colazione-piu-aperitivo\/","title":{"rendered":"Dwudniowy pobyt ze \u015bniadaniem i aperitifem"},"content":{"rendered":"<p><script type=\"application\/ld+json\">{\n    \"@context\": \"https:\\\/\\\/schema.org\",\n    \"@type\": \"Product\",\n    \"@id\": \"https:\\\/\\\/www.granducatocollection.com\\\/prodotto\\\/soggiorno-due-notti-con-colazione-piu-aperitivo\\\/\",\n    \"name\": \"Soggiorno Romantico ad Arezzo \\u2013 2 Notti con Colazione e Aperitivo Toscano\",\n    \"image\": \"https:\\\/\\\/www.granducatocollection.com\\\/wp-content\\\/uploads\\\/2026\\\/01\\\/soggiorno-allegra-toscana-arezzo.jpg\",\n    \"description\": \"Due notti in una camera elegante nel cuore di Arezzo, con colazione inclusa e aperitivo toscano. Esperienza firmata Allegra Toscana \\u2013 Granducato Collection.\",\n    \"brand\": {\n        \"@type\": \"Organization\",\n        \"name\": \"Allegra Toscana\"\n    },\n    \"offers\": {\n        \"@type\": \"Offer\",\n        \"url\": \"https:\\\/\\\/www.granducatocollection.com\\\/prodotto\\\/soggiorno-due-notti-con-colazione-piu-aperitivo\\\/\",\n        \"priceCurrency\": \"EUR\",\n        \"price\": \"129.90\",\n        \"itemCondition\": \"https:\\\/\\\/schema.org\\\/NewCondition\",\n        \"availability\": \"https:\\\/\\\/schema.org\\\/InStock\",\n        \"seller\": {\n            \"@type\": \"Organization\",\n            \"name\": \"Granducato Collection\"\n        }\n    },\n    \"sku\": \"SOGLIORNO-AREZZO-2N-APERITIVO\"\n}<\/script><\/p>\n<h1>Romantyczny pobyt w Arezzo \u2013 2 noce ze \u015bniadaniem i toska\u0144skim aperitifem<\/h1>\n<h2>Autentyczne prze\u017cycie w sercu Toskanii<\/h2>\n<p class=\"translation-block\">Odkryj urok Arezzo dzi\u0119ki pobytowi \u201eAllegra Toscana\u201d: dwie noce w eleganckim pokoju z widokiem na g\u0142\u00f3wn\u0105 ulic\u0119 miasta, idealnym dla par lub podr\u00f3\u017cnych poszukuj\u0105cych uroku, autentycznych smak\u00f3w i relaksuj\u0105cej atmosfery. Zadbali\u015bmy o ka\u017cdy szczeg\u00f3\u0142, aby zapewni\u0107 Pa\u0144stwu dyskretne, a zarazem serdeczne powitanie \u2013 w naszym stylu \u201e<em>niewidzialni, ale obecni<\/em>\u201d.<\/p>\n<h3>Wliczone w cen\u0119 \u015bniadanie i toska\u0144ski aperitif: idealne powitanie.<\/h3>\n<p class=\"translation-block\">Twoje do\u015bwiadczenie rozpoczyna si\u0119 od <strong>typowego toska\u0144skiego aperitifu<\/strong>, przygotowanego z lokalnych produkt\u00f3w i wyselekcjonowanych win, aby natychmiast zanurzy\u0107 si\u0119 w duszy regionu. Po przebudzeniu czeka na Ciebie <strong>wykwintne \u015bniadanie<\/strong>: rzemie\u015blnicze s\u0142odycze, w\u0142oska kawa i specja\u0142y z regionu Arezzo.<\/p>\n<h3>Podpisane przez kolekcj\u0119 Granducato: elegancja, lokalizacja i autentyczno\u015b\u0107<\/h3>\n<p class=\"translation-block\">Ten pobyt jest cz\u0119\u015bci\u0105 <strong>Granducato Collection<\/strong>, projektu \u0142\u0105cz\u0105cego w sobie go\u015bcinno\u015b\u0107 na najwy\u017cszym poziomie, mi\u0142o\u015b\u0107 do regionu i dba\u0142o\u015b\u0107 o detale. Po\u0142o\u017cony zaledwie kilka krok\u00f3w od g\u0142\u00f3wnych zabytk\u00f3w Arezzo, hotel stanowi idealn\u0105 baz\u0119 wypadow\u0105 do zwiedzania <strong>Toskanii<\/strong> \u2013 od Florencji po Sien\u0119, od Cortony po Sansepolcro \u2013 wsz\u0119dzie mo\u017cna dotrze\u0107 w nieca\u0142\u0105 godzin\u0119.<\/p>","protected":false},"excerpt":{"rendered":"<h1>Dwie noce ze \u015bniadaniem i aperitifem<\/h1>\n<p>Dwie noce ze \u015bniadaniem w eleganckim pokoju w centrum Arezzo, w cenie toska\u0144ski aperitif.<br \/>\n<a style=\"text-decoration: none; display: inline-flex; align-items: center; color: #159c7f; font-weight: 600;\" href=\"https:\/\/wa.me\/3772539581\" target=\"_blank\" rel=\"noopener noreferrer\"><br \/>\n<img decoding=\"async\" style=\"width: 24px; height: 24px; margin-right: 8px;\" src=\"https:\/\/upload.wikimedia.org\/wikipedia\/commons\/6\/6b\/WhatsApp.svg\" alt=\"WhatsApp Icon\" \/><br \/>\nZarezerwuj bezpo\u015brednio na WhatsApp<br \/>\n<\/a><\/p>","protected":false},"featured_media":7712,"template":"","meta":{"_acf_changed":false},"product_brand":[764],"product_cat":[80],"product_tag":[525,530,160,157,524,532,164,527,504,492,529,156,165,507,531,227,528,490,526,491],"class_list":{"0":"post-7280","1":"product","2":"type-product","3":"status-publish","4":"has-post-thumbnail","6":"product_brand-granducato-collection","7":"product_cat-soggiorni-e-degustazioni","8":"product_tag-aperitivo-incluso","9":"product_tag-colazione-e-aperitivo","10":"product_tag-colazione-inclusa","11":"product_tag-coppia","12":"product_tag-due-notti","13":"product_tag-esperienza-gourmet","14":"product_tag-hotel","15":"product_tag-offerta-soggiorno","16":"product_tag-offerta-weekend","17":"product_tag-pacchetto-vacanza","18":"product_tag-pernottamento","19":"product_tag-relax","20":"product_tag-soggiorno","21":"product_tag-soggiorno-benessere","22":"product_tag-soggiorno-con-colazione","23":"product_tag-soggiorno-romantico","24":"product_tag-vacanza-breve","25":"product_tag-vacanza-last-minute","26":"product_tag-weekend","27":"product_tag-weekend-fuori-porta","29":"first","30":"instock","31":"shipping-taxable","32":"product-type-simple"},"acf":[],"yoast_head":"<!-- This site is optimized with the Yoast SEO plugin v26.7 - https:\/\/yoast.com\/wordpress\/plugins\/seo\/ -->\n<title>B&amp;B Arezzo - Soggiorno due notti con colazione pi\u00f9 aperitivo - Granducato Collection<\/title>\n<meta name=\"description\" content=\"Soggiorno ad Arezzo con colazione e aperitivo: due notti nel centro storico in camera elegante affacciata sul corso principale.\" \/>\n<meta name=\"robots\" content=\"index, follow, max-snippet:-1, max-image-preview:large, max-video-preview:-1\" \/>\n<link rel=\"canonical\" href=\"https:\/\/www.granducatocollection.com\/pl\/product\/soggiorno-due-notti-con-colazione-piu-aperitivo\/\" \/>\n<meta property=\"og:locale\" content=\"pl_PL\" \/>\n<meta property=\"og:type\" content=\"article\" \/>\n<meta property=\"og:title\" content=\"B&amp;B Arezzo - Soggiorno due notti con colazione pi\u00f9 aperitivo - Granducato Collection\" \/>\n<meta property=\"og:description\" content=\"Soggiorno ad Arezzo con colazione e aperitivo: due notti nel centro storico in camera elegante affacciata sul corso principale.\" \/>\n<meta property=\"og:url\" content=\"https:\/\/www.granducatocollection.com\/pl\/product\/soggiorno-due-notti-con-colazione-piu-aperitivo\/\" \/>\n<meta property=\"og:site_name\" content=\"Granducato Collection\" \/>\n<meta property=\"article:modified_time\" content=\"2026-02-27T14:38:34+00:00\" \/>\n<meta property=\"og:image\" content=\"https:\/\/www.granducatocollection.com\/wp-content\/uploads\/2025\/06\/Affittacamere_Arezzo_5-scaled-1.jpg\" \/>\n\t<meta property=\"og:image:width\" content=\"2560\" \/>\n\t<meta property=\"og:image:height\" content=\"1920\" \/>\n\t<meta property=\"og:image:type\" content=\"image\/jpeg\" \/>\n<meta name=\"twitter:card\" content=\"summary_large_image\" \/>\n<meta name=\"twitter:label1\" content=\"Szacowany czas czytania\" \/>\n\t<meta name=\"twitter:data1\" content=\"2 minuty\" \/>\n<script type=\"application\/ld+json\" class=\"yoast-schema-graph\">{\"@context\":\"https:\/\/schema.org\",\"@graph\":[{\"@type\":\"WebPage\",\"@id\":\"https:\/\/www.granducatocollection.com\/prodotto\/soggiorno-due-notti-con-colazione-piu-aperitivo\/\",\"url\":\"https:\/\/www.granducatocollection.com\/prodotto\/soggiorno-due-notti-con-colazione-piu-aperitivo\/\",\"name\":\"B&B Arezzo - Soggiorno due notti con colazione pi\u00f9 aperitivo - Granducato Collection\",\"isPartOf\":{\"@id\":\"https:\/\/www.granducatocollection.com\/#website\"},\"primaryImageOfPage\":{\"@id\":\"https:\/\/www.granducatocollection.com\/prodotto\/soggiorno-due-notti-con-colazione-piu-aperitivo\/#primaryimage\"},\"image\":{\"@id\":\"https:\/\/www.granducatocollection.com\/prodotto\/soggiorno-due-notti-con-colazione-piu-aperitivo\/#primaryimage\"},\"thumbnailUrl\":\"https:\/\/www.granducatocollection.com\/wp-content\/uploads\/2025\/06\/vista-ampia-allegratoscana-shortstays-arezzo.jpg\",\"datePublished\":\"2025-05-24T11:09:19+00:00\",\"dateModified\":\"2026-02-27T14:38:34+00:00\",\"description\":\"Soggiorno ad Arezzo con colazione e aperitivo: due notti nel centro storico in camera elegante affacciata sul corso principale.\",\"breadcrumb\":{\"@id\":\"https:\/\/www.granducatocollection.com\/prodotto\/soggiorno-due-notti-con-colazione-piu-aperitivo\/#breadcrumb\"},\"inLanguage\":\"pl-PL\",\"potentialAction\":[{\"@type\":\"ReadAction\",\"target\":[\"https:\/\/www.granducatocollection.com\/prodotto\/soggiorno-due-notti-con-colazione-piu-aperitivo\/\"]}]},{\"@type\":\"ImageObject\",\"inLanguage\":\"pl-PL\",\"@id\":\"https:\/\/www.granducatocollection.com\/prodotto\/soggiorno-due-notti-con-colazione-piu-aperitivo\/#primaryimage\",\"url\":\"https:\/\/www.granducatocollection.com\/wp-content\/uploads\/2025\/06\/vista-ampia-allegratoscana-shortstays-arezzo.jpg\",\"contentUrl\":\"https:\/\/www.granducatocollection.com\/wp-content\/uploads\/2025\/06\/vista-ampia-allegratoscana-shortstays-arezzo.jpg\",\"width\":2560,\"height\":1920},{\"@type\":\"BreadcrumbList\",\"@id\":\"https:\/\/www.granducatocollection.com\/prodotto\/soggiorno-due-notti-con-colazione-piu-aperitivo\/#breadcrumb\",\"itemListElement\":[{\"@type\":\"ListItem\",\"position\":1,\"name\":\"Home\",\"item\":\"https:\/\/www.granducatocollection.com\/\"},{\"@type\":\"ListItem\",\"position\":2,\"name\":\"Shop\",\"item\":\"https:\/\/www.granducatocollection.com\/negozio\/\"},{\"@type\":\"ListItem\",\"position\":3,\"name\":\"Soggiorno due notti con colazione pi\u00f9 aperitivo\"}]},{\"@type\":\"WebSite\",\"@id\":\"https:\/\/www.granducatocollection.com\/#website\",\"url\":\"https:\/\/www.granducatocollection.com\/\",\"name\":\"GranDucato Collection\",\"description\":\"Prenota la tua vacanza e vivi un&#039;esperienza unica\",\"potentialAction\":[{\"@type\":\"SearchAction\",\"target\":{\"@type\":\"EntryPoint\",\"urlTemplate\":\"https:\/\/www.granducatocollection.com\/?s={search_term_string}\"},\"query-input\":{\"@type\":\"PropertyValueSpecification\",\"valueRequired\":true,\"valueName\":\"search_term_string\"}}],\"inLanguage\":\"pl-PL\"}]}<\/script>\n<!-- \/ Yoast SEO plugin. -->","yoast_head_json":{"title":"B&B Arezzo - Soggiorno due notti con colazione pi\u00f9 aperitivo - Granducato Collection","description":"Soggiorno ad Arezzo con colazione e aperitivo: due notti nel centro storico in camera elegante affacciata sul corso principale.","robots":{"index":"index","follow":"follow","max-snippet":"max-snippet:-1","max-image-preview":"max-image-preview:large","max-video-preview":"max-video-preview:-1"},"canonical":"https:\/\/www.granducatocollection.com\/pl\/product\/soggiorno-due-notti-con-colazione-piu-aperitivo\/","og_locale":"pl_PL","og_type":"article","og_title":"B&B Arezzo - Soggiorno due notti con colazione pi\u00f9 aperitivo - Granducato Collection","og_description":"Soggiorno ad Arezzo con colazione e aperitivo: due notti nel centro storico in camera elegante affacciata sul corso principale.","og_url":"https:\/\/www.granducatocollection.com\/pl\/product\/soggiorno-due-notti-con-colazione-piu-aperitivo\/","og_site_name":"Granducato Collection","article_modified_time":"2026-02-27T14:38:34+00:00","og_image":[{"width":2560,"height":1920,"url":"https:\/\/www.granducatocollection.com\/wp-content\/uploads\/2025\/06\/Affittacamere_Arezzo_5-scaled-1.jpg","type":"image\/jpeg"}],"twitter_card":"summary_large_image","twitter_misc":{"Szacowany czas czytania":"2 minuty"},"schema":{"@context":"https:\/\/schema.org","@graph":[{"@type":"WebPage","@id":"https:\/\/www.granducatocollection.com\/prodotto\/soggiorno-due-notti-con-colazione-piu-aperitivo\/","url":"https:\/\/www.granducatocollection.com\/prodotto\/soggiorno-due-notti-con-colazione-piu-aperitivo\/","name":"B&B Arezzo - Soggiorno due notti con colazione pi\u00f9 aperitivo - Granducato Collection","isPartOf":{"@id":"https:\/\/www.granducatocollection.com\/#website"},"primaryImageOfPage":{"@id":"https:\/\/www.granducatocollection.com\/prodotto\/soggiorno-due-notti-con-colazione-piu-aperitivo\/#primaryimage"},"image":{"@id":"https:\/\/www.granducatocollection.com\/prodotto\/soggiorno-due-notti-con-colazione-piu-aperitivo\/#primaryimage"},"thumbnailUrl":"https:\/\/www.granducatocollection.com\/wp-content\/uploads\/2025\/06\/vista-ampia-allegratoscana-shortstays-arezzo.jpg","datePublished":"2025-05-24T11:09:19+00:00","dateModified":"2026-02-27T14:38:34+00:00","description":"Soggiorno ad Arezzo con colazione e aperitivo: due notti nel centro storico in camera elegante affacciata sul corso principale.","breadcrumb":{"@id":"https:\/\/www.granducatocollection.com\/prodotto\/soggiorno-due-notti-con-colazione-piu-aperitivo\/#breadcrumb"},"inLanguage":"pl-PL","potentialAction":[{"@type":"ReadAction","target":["https:\/\/www.granducatocollection.com\/prodotto\/soggiorno-due-notti-con-colazione-piu-aperitivo\/"]}]},{"@type":"ImageObject","inLanguage":"pl-PL","@id":"https:\/\/www.granducatocollection.com\/prodotto\/soggiorno-due-notti-con-colazione-piu-aperitivo\/#primaryimage","url":"https:\/\/www.granducatocollection.com\/wp-content\/uploads\/2025\/06\/vista-ampia-allegratoscana-shortstays-arezzo.jpg","contentUrl":"https:\/\/www.granducatocollection.com\/wp-content\/uploads\/2025\/06\/vista-ampia-allegratoscana-shortstays-arezzo.jpg","width":2560,"height":1920},{"@type":"BreadcrumbList","@id":"https:\/\/www.granducatocollection.com\/prodotto\/soggiorno-due-notti-con-colazione-piu-aperitivo\/#breadcrumb","itemListElement":[{"@type":"ListItem","position":1,"name":"Home","item":"https:\/\/www.granducatocollection.com\/"},{"@type":"ListItem","position":2,"name":"Shop","item":"https:\/\/www.granducatocollection.com\/negozio\/"},{"@type":"ListItem","position":3,"name":"Soggiorno due notti con colazione pi\u00f9 aperitivo"}]},{"@type":"WebSite","@id":"https:\/\/www.granducatocollection.com\/#website","url":"https:\/\/www.granducatocollection.com\/","name":"GranDucato Collection","description":"Prenota la tua vacanza e vivi un&#039;esperienza unica","potentialAction":[{"@type":"SearchAction","target":{"@type":"EntryPoint","urlTemplate":"https:\/\/www.granducatocollection.com\/?s={search_term_string}"},"query-input":{"@type":"PropertyValueSpecification","valueRequired":true,"valueName":"search_term_string"}}],"inLanguage":"pl-PL"}]}},"_links":{"self":[{"href":"https:\/\/www.granducatocollection.com\/pl\/wp-json\/wp\/v2\/product\/7280","targetHints":{"allow":["GET"]}}],"collection":[{"href":"https:\/\/www.granducatocollection.com\/pl\/wp-json\/wp\/v2\/product"}],"about":[{"href":"https:\/\/www.granducatocollection.com\/pl\/wp-json\/wp\/v2\/types\/product"}],"wp:featuredmedia":[{"embeddable":true,"href":"https:\/\/www.granducatocollection.com\/pl\/wp-json\/wp\/v2\/media\/7712"}],"wp:attachment":[{"href":"https:\/\/www.granducatocollection.com\/pl\/wp-json\/wp\/v2\/media?parent=7280"}],"wp:term":[{"taxonomy":"product_brand","embeddable":true,"href":"https:\/\/www.granducatocollection.com\/pl\/wp-json\/wp\/v2\/product_brand?post=7280"},{"taxonomy":"product_cat","embeddable":true,"href":"https:\/\/www.granducatocollection.com\/pl\/wp-json\/wp\/v2\/product_cat?post=7280"},{"taxonomy":"product_tag","embeddable":true,"href":"https:\/\/www.granducatocollection.com\/pl\/wp-json\/wp\/v2\/product_tag?post=7280"}],"curies":[{"name":"wp","href":"https:\/\/api.w.org\/{rel}","templated":true}]}}