{"id":7185,"date":"2025-05-14T16:17:48","date_gmt":"2025-05-14T16:17:48","guid":{"rendered":"https:\/\/www.granducatocollection.com\/?post_type=product&#038;p=7185"},"modified":"2026-04-08T16:24:03","modified_gmt":"2026-04-08T16:24:03","slug":"olio-extravergine-di-oliva-italiano","status":"publish","type":"product","link":"https:\/\/www.granducatocollection.com\/pl\/product\/olio-extravergine-di-oliva-italiano\/","title":{"rendered":"W\u0142oska oliwa z oliwek extra virgin 5 l \u2013 100% w\u0142oskich oliwek, t\u0142oczonych na zimno"},"content":{"rendered":"<section class=\"scheda-olio\">\n<header class=\"intestazione\">\n<h1>100% w\u0142oska oliwa z oliwek extra virgin<\/h1>\n<p><em>Najwy\u017cszy przejaw w\u0142oskiej sztuki oliwnej<\/em><\/p>\n<\/header>\n<p><!-- Processo di lavorazione --><\/p>\n<div class=\"lavorazione\">\n<p class=\"translation-block\">Proces produkcji w t\u0142oczni odbywa si\u0119 w cyklu ci\u0105g\u0142ym, zawsze na zimno, co pozwala na najlepsze zachowanie cech organoleptycznych i smakowych w\u0142oskiej oliwy z oliwek extra virgin.<\/p>\n<p class=\"translation-block\">Ten olej o <strong>jasnoz\u0142oto-zielonym<\/strong> kolorze charakteryzuje si\u0119 zio\u0142owym aromatem, lekk\u0105 korzenn\u0105 nut\u0105 i subtelnym posmakiem karczocha. Pochodz\u0105cy w 100% z W\u0142och, reprezentuje szczyt produkcji oliwy z oliwek w naszym kraju.<\/p>\n<\/div>\n<p><!-- Variet\u00e0 di oliva --><\/p>\n<section class=\"cultivar\">\n<h2>Nasze Oliwki<\/h2>\n<article class=\"variet\u00e0\">\n<h3>Leccino<\/h3>\n<p class=\"translation-block\">Uznawana za swoj\u0105 <strong>plodno\u015b\u0107<\/strong> i <strong>odporno\u015b\u0107 na warunki klimatyczne<\/strong>, ta oliwka dostosowuje si\u0119 do ka\u017cdej sytuacji, daj\u0105c zawsze olej o wyj\u0105tkowej jako\u015bci. Kolor jest <strong>g\u0142\u0119boko zielony<\/strong>, smak <strong>owocowy, o \u015bredniej intensywno\u015bci<\/strong>, z nutami ro\u015blinnymi kardyna\u0142u i karczocha oraz wybuchem \u015bwie\u017co skoszonej trawy.<\/p>\n<\/article>\n<article class=\"variet\u00e0\">\n<h3>Frantoiano<\/h3>\n<p class=\"translation-block\">Uznawana za swoj\u0105 <strong>produktywno\u015b\u0107<\/strong> i <strong>odporno\u015b\u0107 na warunki klimatyczne<\/strong>, ta oliwka przystosowuje si\u0119 do ka\u017cdej sytuacji, daj\u0105c zawsze olej o najwy\u017cszej jako\u015bci. Kolor jest <strong>intensywnie zielony<\/strong>, smak <strong>owocowy o \u015bredniej intensywno\u015bci<\/strong>, z nutami ro\u015blinnymi kardonic i artyszoka oraz wybuchem \u015bwie\u017co skoszonej trawy.<\/p>\n<\/article>\n<article class=\"variet\u00e0\">\n<h3>Moraiolo<\/h3>\n<p class=\"translation-block\">Kocha wzg\u00f3rza i nie boi si\u0119 wyzwa\u0144. Jej ma\u0142e, lecz pot\u0119\u017cne owoce daj\u0105 olej o <strong>intensywnie zielonym<\/strong> kolorze i <strong>owocowym<\/strong> smaku z nut\u0105 li\u015bcia. Drewniane akcenty oraz <strong>wysoka zawarto\u015b\u0107 polifenoli<\/strong> czyni\u0105 z niego produkt po\u017c\u0105dany i zdrowy.<\/p>\n<\/article>\n<article class=\"variet\u00e0\">\n<h3>Wahad\u0142o<\/h3>\n<p class=\"translation-block\">Jako niezawodna i wydajna odmiana zapylana, daje olej o <strong>delikatnym<\/strong> smaku i przyjemnej <strong>migda\u0142owej<\/strong> nutce, szczeg\u00f3lnie cenionej przez mi\u0142o\u015bnik\u00f3w \u0142agodniejszych profili.<\/p>\n<\/article>\n<\/section>\n<p><!-- Specifiche tecniche --><\/p>\n<section class=\"specifiche\">\n<h2>Charakterystyka techniczna<\/h2>\n<ul>\n<li><strong>Terytorium:<\/strong> Italia<\/li>\n<li><strong>Wysoko\u015b\u0107:<\/strong> 300 m s.l.m.<\/li>\n<li class=\"translation-block\"><strong>Produkcja:<\/strong> 30 hl<\/li>\n<li><strong>Kwasowo\u015b\u0107:<\/strong> 0,16%<\/li>\n<li class=\"translation-block\"><strong>Polifenole:<\/strong> ponad 500 mg\/kg (silne przeciwutleniacze)<\/li>\n<li class=\"translation-block\"><strong>Tokoferole:<\/strong> 261 mg\/kg (bogate w witamin\u0119 E)<\/li>\n<\/ul>\n<\/section>\n<p><!-- Note di degustazione --><\/p>\n<section class=\"degustazione\">\n<h2>Notatki degustacyjne<\/h2>\n<p class=\"translation-block\"><strong>Przewodnik<\/strong>, w pierwszych dniach listopada.<\/p>\n<h3>Kolekcja<\/h3>\n<p class=\"translation-block\"><strong>Podr\u0119cznik<\/strong>, na pocz\u0105tku listopada.<\/p>\n<h3>Obszar produkcyjny<\/h3>\n<p>Gaje oliwne b\u0119d\u0105ce w\u0142asno\u015bci\u0105 sp\u00f3\u0142ki.<\/p>\n<h3>Mia\u017cd\u017c\u0105cy<\/h3>\n<p class=\"translation-block\">Wykonana <strong>w ci\u0105gu 6 godzin od zbioru<\/strong>, za pomoc\u0105 m\u0142otkowego rozdrabniacza, w spos\u00f3b ci\u0105g\u0142y i partiami.<\/p>\n<h3>Przetwarzanie w m\u0142ynie<\/h3>\n<p>Cykl ci\u0105g\u0142y, zimny.<\/p>\n<h3>Charakterystyka organoleptyczna<\/h3>\n<ul>\n<li class=\"translation-block\"><strong>Kolor:<\/strong> zielony z \u017c\u00f3\u0142tymi odcieniami<\/li>\n<li class=\"translation-block\"><strong>Pachnij:<\/strong> owocowy, zielony, z nut\u0105 li\u015bcia<\/li>\n<li class=\"translation-block\"><strong>Smak:<\/strong> Gorzki i pikantny z nut\u0105 karczoch\u00f3w i migda\u0142\u00f3w<\/li>\n<\/ul>\n<\/section>\n<p><!-- Abbinamenti --><\/p>\n<section class=\"abbinamenti\">\n<h2>Polecane pary<\/h2>\n<p>Idealne do wzbogacenia autentycznych smak\u00f3w kuchni w\u0142oskiej:<\/p>\n<ul>\n<li>Mi\u0119sa pieczone i grillowane<\/li>\n<li>Zupy (takie jak ribollita)<\/li>\n<li>Gotowane ro\u015bliny str\u0105czkowe<\/li>\n<li>\u015awie\u017ce sa\u0142atki i chrupi\u0105ce warzywa<\/li>\n<li>Pyszne na tostach, nawet samo w sobie<\/li>\n<\/ul>\n<\/section>\n<\/section>","protected":false},"excerpt":{"rendered":"<div class=\"lavorazione\">\n<h1>Oliwa z oliwek extra virgin 5l.<\/h1>\n<p class=\"translation-block\">Proces produkcji w t\u0142oczni odbywa si\u0119 w cyklu ci\u0105g\u0142ym, zawsze na zimno, co pozwala na najlepsze zachowanie cech organoleptycznych i smakowych w\u0142oskiej oliwy z oliwek extra virgin.<\/p>\n<p class=\"translation-block\">Jasnoz\u0142ota barwa o zielonkawych odcieniach, oliwa ta charakteryzuje si\u0119 zio\u0142owym aromatem, lekk\u0105 korzenn\u0105 nut\u0105 i subtelnym posmakiem karczoch\u00f3w. Pochodz\u0105ca w 100% z Toskanii, stanowi szczytowe osi\u0105gni\u0119cie w produkcji oliwy z oliwek w naszym regionie.<\/p>\n<\/div>\n<p><!-- === SOLO PULSANTI AMAZON &#038; EBAY === --><\/p>\n<div style=\"margin: 20px 0; padding: 15px 0;\">\n<div style=\"display: flex; flex-direction: column; gap: 12px;\">\n<p><!-- Amazon Button --><br \/>\n<a href=\"https:\/\/www.amazon.it\/BORGUNTO-Extravergine-Italiano-retrogusto-insaporire\/dp\/B0GSL72CGY?ref_=ast_sto_dp&#038;th=1\" target=\"_blank\" rel=\"noopener noreferrer\" style=\"display: inline-flex; align-items: center; justify-content: flex-start; gap: 12px; padding: 14px 20px; border-radius: 8px; text-decoration: none !important; font-weight: 600; font-size: 15px; background: linear-gradient(135deg, #FF9900, #FFB14D); color: #232F3E; box-shadow: 0 2px 6px rgba(0,0,0,0.1); transition: transform 0.2s; border: none; cursor: pointer;\"><br \/>\n<img decoding=\"async\" src=\"https:\/\/cdn.iconscout.com\/icon\/free\/png-256\/free-amazon-logo-icon-svg-download-png-1583154.png?f=webp\" alt=\"Amazon\" style=\"width: 28px !important; height: 28px !important; min-width: 28px !important; min-height: 28px !important; max-width: 28px !important; max-height: 28px !important; object-fit: contain; display: block;\"><br \/>\n<span style=\"flex: 1;\">Acquista su Amazon<\/span><br \/>\n<svg viewbox=\"0 0 24 24\" style=\"width: 20px !important; height: 20px !important; min-width: 20px !important; min-height: 20px !important; max-width: 20px !important; max-height: 20px !important; fill: currentColor; opacity: 0.9; flex-shrink: 0;\" xmlns=\"http:\/\/www.w3.org\/2000\/svg\">\n<path d=\"M16 11V7a4 4 0 00-8 0v4M5 9h14l1 12H4L5 9z\"\/>\n<\/svg><br \/>\n<\/a>\n<\/div>\n<\/div>\n<p><!-- === FINE PULSANTI === --><\/p>","protected":false},"featured_media":7186,"template":"","meta":{"_acf_changed":false},"product_brand":[764],"product_cat":[77],"product_tag":[234,248,242,243,238,241,245],"class_list":{"0":"post-7185","1":"product","2":"type-product","3":"status-publish","4":"has-post-thumbnail","6":"product_brand-granducato-collection","7":"product_cat-olio","8":"product_tag-condimento-gourmet","9":"product_tag-olio-5-litri","10":"product_tag-olio-biologico","11":"product_tag-olio-da-cucina","12":"product_tag-olio-extravergine","13":"product_tag-olio-italiano","14":"product_tag-prodotto-italiano","16":"first","17":"instock","18":"shipping-taxable","19":"purchasable","20":"product-type-simple"},"acf":[],"yoast_head":"<!-- This site is optimized with the Yoast SEO plugin v26.7 - https:\/\/yoast.com\/wordpress\/plugins\/seo\/ -->\n<title>B&amp;B Arezzo - Olio EVO 5 Litri Borgunto | Granducato Collection<\/title>\n<meta name=\"description\" content=\"Acquista Olio EVO 100% italiano in lattina da 5 litri su Granducato Collection. Gusto autentico, qualit\u00e0 superiore, acquista ora sul nostro sito\" \/>\n<meta name=\"robots\" content=\"index, follow, max-snippet:-1, max-image-preview:large, max-video-preview:-1\" \/>\n<link rel=\"canonical\" href=\"https:\/\/www.granducatocollection.com\/pl\/product\/olio-extravergine-di-oliva-italiano\/\" \/>\n<meta property=\"og:locale\" content=\"pl_PL\" \/>\n<meta property=\"og:type\" content=\"article\" \/>\n<meta property=\"og:title\" content=\"B&amp;B Arezzo - Olio EVO 5 Litri Borgunto | Granducato Collection\" \/>\n<meta property=\"og:description\" content=\"Acquista Olio EVO 100% italiano in lattina da 5 litri su Granducato Collection. Gusto autentico, qualit\u00e0 superiore, acquista ora sul nostro sito\" \/>\n<meta property=\"og:url\" content=\"https:\/\/www.granducatocollection.com\/pl\/product\/olio-extravergine-di-oliva-italiano\/\" \/>\n<meta property=\"og:site_name\" content=\"Granducato Collection\" \/>\n<meta property=\"article:modified_time\" content=\"2026-04-08T16:24:03+00:00\" \/>\n<meta property=\"og:image\" content=\"https:\/\/www.granducatocollection.com\/wp-content\/uploads\/2025\/05\/olio-5litri-borgunto-granducatogestioni-arezzo-viareggio-firenze-toscana-BB-affittacamere-suitelets-oliodop-oliodocg.webp\" \/>\n\t<meta property=\"og:image:width\" content=\"2560\" \/>\n\t<meta property=\"og:image:height\" content=\"2560\" \/>\n\t<meta property=\"og:image:type\" content=\"image\/webp\" \/>\n<meta name=\"twitter:card\" content=\"summary_large_image\" \/>\n<meta name=\"twitter:label1\" content=\"Szacowany czas czytania\" \/>\n\t<meta name=\"twitter:data1\" content=\"3 minuty\" \/>\n<script type=\"application\/ld+json\" class=\"yoast-schema-graph\">{\"@context\":\"https:\/\/schema.org\",\"@graph\":[{\"@type\":\"WebPage\",\"@id\":\"https:\/\/www.granducatocollection.com\/prodotto\/olio-extravergine-di-oliva-italiano\/\",\"url\":\"https:\/\/www.granducatocollection.com\/prodotto\/olio-extravergine-di-oliva-italiano\/\",\"name\":\"B&B Arezzo - Olio EVO 5 Litri Borgunto | Granducato Collection\",\"isPartOf\":{\"@id\":\"https:\/\/www.granducatocollection.com\/#website\"},\"primaryImageOfPage\":{\"@id\":\"https:\/\/www.granducatocollection.com\/prodotto\/olio-extravergine-di-oliva-italiano\/#primaryimage\"},\"image\":{\"@id\":\"https:\/\/www.granducatocollection.com\/prodotto\/olio-extravergine-di-oliva-italiano\/#primaryimage\"},\"thumbnailUrl\":\"https:\/\/www.granducatocollection.com\/wp-content\/uploads\/2025\/05\/olio-5litri-borgunto-granducatogestioni-arezzo-viareggio-firenze-toscana-BB-affittacamere-suitelets-oliodop-oliodocg.webp\",\"datePublished\":\"2025-05-14T16:17:48+00:00\",\"dateModified\":\"2026-04-08T16:24:03+00:00\",\"description\":\"Acquista Olio EVO 100% italiano in lattina da 5 litri su Granducato Collection. Gusto autentico, qualit\u00e0 superiore, acquista ora sul nostro sito\",\"breadcrumb\":{\"@id\":\"https:\/\/www.granducatocollection.com\/prodotto\/olio-extravergine-di-oliva-italiano\/#breadcrumb\"},\"inLanguage\":\"pl-PL\",\"potentialAction\":[{\"@type\":\"ReadAction\",\"target\":[\"https:\/\/www.granducatocollection.com\/prodotto\/olio-extravergine-di-oliva-italiano\/\"]}]},{\"@type\":\"ImageObject\",\"inLanguage\":\"pl-PL\",\"@id\":\"https:\/\/www.granducatocollection.com\/prodotto\/olio-extravergine-di-oliva-italiano\/#primaryimage\",\"url\":\"https:\/\/www.granducatocollection.com\/wp-content\/uploads\/2025\/05\/olio-5litri-borgunto-granducatogestioni-arezzo-viareggio-firenze-toscana-BB-affittacamere-suitelets-oliodop-oliodocg.webp\",\"contentUrl\":\"https:\/\/www.granducatocollection.com\/wp-content\/uploads\/2025\/05\/olio-5litri-borgunto-granducatogestioni-arezzo-viareggio-firenze-toscana-BB-affittacamere-suitelets-oliodop-oliodocg.webp\",\"width\":2560,\"height\":2560,\"caption\":\"Olio Extravergine di Oliva Italiano 5 Litri 100% olive italiane estratto a freddo formato famiglia\"},{\"@type\":\"BreadcrumbList\",\"@id\":\"https:\/\/www.granducatocollection.com\/prodotto\/olio-extravergine-di-oliva-italiano\/#breadcrumb\",\"itemListElement\":[{\"@type\":\"ListItem\",\"position\":1,\"name\":\"Home\",\"item\":\"https:\/\/www.granducatocollection.com\/\"},{\"@type\":\"ListItem\",\"position\":2,\"name\":\"Shop\",\"item\":\"https:\/\/www.granducatocollection.com\/negozio\/\"},{\"@type\":\"ListItem\",\"position\":3,\"name\":\"Olio Extravergine di oliva italiano 5L. \u2013 100% Olive Italiane, Estratto a Freddo\"}]},{\"@type\":\"WebSite\",\"@id\":\"https:\/\/www.granducatocollection.com\/#website\",\"url\":\"https:\/\/www.granducatocollection.com\/\",\"name\":\"GranDucato Collection\",\"description\":\"Prenota la tua vacanza e vivi un&#039;esperienza unica\",\"potentialAction\":[{\"@type\":\"SearchAction\",\"target\":{\"@type\":\"EntryPoint\",\"urlTemplate\":\"https:\/\/www.granducatocollection.com\/?s={search_term_string}\"},\"query-input\":{\"@type\":\"PropertyValueSpecification\",\"valueRequired\":true,\"valueName\":\"search_term_string\"}}],\"inLanguage\":\"pl-PL\"}]}<\/script>\n<!-- \/ Yoast SEO plugin. -->","yoast_head_json":{"title":"B&B Arezzo - Olio EVO 5 Litri Borgunto | Granducato Collection","description":"Acquista Olio EVO 100% italiano in lattina da 5 litri su Granducato Collection. Gusto autentico, qualit\u00e0 superiore, acquista ora sul nostro sito","robots":{"index":"index","follow":"follow","max-snippet":"max-snippet:-1","max-image-preview":"max-image-preview:large","max-video-preview":"max-video-preview:-1"},"canonical":"https:\/\/www.granducatocollection.com\/pl\/product\/olio-extravergine-di-oliva-italiano\/","og_locale":"pl_PL","og_type":"article","og_title":"B&B Arezzo - Olio EVO 5 Litri Borgunto | Granducato Collection","og_description":"Acquista Olio EVO 100% italiano in lattina da 5 litri su Granducato Collection. Gusto autentico, qualit\u00e0 superiore, acquista ora sul nostro sito","og_url":"https:\/\/www.granducatocollection.com\/pl\/product\/olio-extravergine-di-oliva-italiano\/","og_site_name":"Granducato Collection","article_modified_time":"2026-04-08T16:24:03+00:00","og_image":[{"width":2560,"height":2560,"url":"https:\/\/www.granducatocollection.com\/wp-content\/uploads\/2025\/05\/olio-5litri-borgunto-granducatogestioni-arezzo-viareggio-firenze-toscana-BB-affittacamere-suitelets-oliodop-oliodocg.webp","type":"image\/webp"}],"twitter_card":"summary_large_image","twitter_misc":{"Szacowany czas czytania":"3 minuty"},"schema":{"@context":"https:\/\/schema.org","@graph":[{"@type":"WebPage","@id":"https:\/\/www.granducatocollection.com\/prodotto\/olio-extravergine-di-oliva-italiano\/","url":"https:\/\/www.granducatocollection.com\/prodotto\/olio-extravergine-di-oliva-italiano\/","name":"B&B Arezzo - Olio EVO 5 Litri Borgunto | Granducato Collection","isPartOf":{"@id":"https:\/\/www.granducatocollection.com\/#website"},"primaryImageOfPage":{"@id":"https:\/\/www.granducatocollection.com\/prodotto\/olio-extravergine-di-oliva-italiano\/#primaryimage"},"image":{"@id":"https:\/\/www.granducatocollection.com\/prodotto\/olio-extravergine-di-oliva-italiano\/#primaryimage"},"thumbnailUrl":"https:\/\/www.granducatocollection.com\/wp-content\/uploads\/2025\/05\/olio-5litri-borgunto-granducatogestioni-arezzo-viareggio-firenze-toscana-BB-affittacamere-suitelets-oliodop-oliodocg.webp","datePublished":"2025-05-14T16:17:48+00:00","dateModified":"2026-04-08T16:24:03+00:00","description":"Acquista Olio EVO 100% italiano in lattina da 5 litri su Granducato Collection. Gusto autentico, qualit\u00e0 superiore, acquista ora sul nostro sito","breadcrumb":{"@id":"https:\/\/www.granducatocollection.com\/prodotto\/olio-extravergine-di-oliva-italiano\/#breadcrumb"},"inLanguage":"pl-PL","potentialAction":[{"@type":"ReadAction","target":["https:\/\/www.granducatocollection.com\/prodotto\/olio-extravergine-di-oliva-italiano\/"]}]},{"@type":"ImageObject","inLanguage":"pl-PL","@id":"https:\/\/www.granducatocollection.com\/prodotto\/olio-extravergine-di-oliva-italiano\/#primaryimage","url":"https:\/\/www.granducatocollection.com\/wp-content\/uploads\/2025\/05\/olio-5litri-borgunto-granducatogestioni-arezzo-viareggio-firenze-toscana-BB-affittacamere-suitelets-oliodop-oliodocg.webp","contentUrl":"https:\/\/www.granducatocollection.com\/wp-content\/uploads\/2025\/05\/olio-5litri-borgunto-granducatogestioni-arezzo-viareggio-firenze-toscana-BB-affittacamere-suitelets-oliodop-oliodocg.webp","width":2560,"height":2560,"caption":"Olio Extravergine di Oliva Italiano 5 Litri 100% olive italiane estratto a freddo formato famiglia"},{"@type":"BreadcrumbList","@id":"https:\/\/www.granducatocollection.com\/prodotto\/olio-extravergine-di-oliva-italiano\/#breadcrumb","itemListElement":[{"@type":"ListItem","position":1,"name":"Home","item":"https:\/\/www.granducatocollection.com\/"},{"@type":"ListItem","position":2,"name":"Shop","item":"https:\/\/www.granducatocollection.com\/negozio\/"},{"@type":"ListItem","position":3,"name":"Olio Extravergine di oliva italiano 5L. \u2013 100% Olive Italiane, Estratto a Freddo"}]},{"@type":"WebSite","@id":"https:\/\/www.granducatocollection.com\/#website","url":"https:\/\/www.granducatocollection.com\/","name":"GranDucato Collection","description":"Prenota la tua vacanza e vivi un&#039;esperienza unica","potentialAction":[{"@type":"SearchAction","target":{"@type":"EntryPoint","urlTemplate":"https:\/\/www.granducatocollection.com\/?s={search_term_string}"},"query-input":{"@type":"PropertyValueSpecification","valueRequired":true,"valueName":"search_term_string"}}],"inLanguage":"pl-PL"}]}},"_links":{"self":[{"href":"https:\/\/www.granducatocollection.com\/pl\/wp-json\/wp\/v2\/product\/7185","targetHints":{"allow":["GET"]}}],"collection":[{"href":"https:\/\/www.granducatocollection.com\/pl\/wp-json\/wp\/v2\/product"}],"about":[{"href":"https:\/\/www.granducatocollection.com\/pl\/wp-json\/wp\/v2\/types\/product"}],"wp:featuredmedia":[{"embeddable":true,"href":"https:\/\/www.granducatocollection.com\/pl\/wp-json\/wp\/v2\/media\/7186"}],"wp:attachment":[{"href":"https:\/\/www.granducatocollection.com\/pl\/wp-json\/wp\/v2\/media?parent=7185"}],"wp:term":[{"taxonomy":"product_brand","embeddable":true,"href":"https:\/\/www.granducatocollection.com\/pl\/wp-json\/wp\/v2\/product_brand?post=7185"},{"taxonomy":"product_cat","embeddable":true,"href":"https:\/\/www.granducatocollection.com\/pl\/wp-json\/wp\/v2\/product_cat?post=7185"},{"taxonomy":"product_tag","embeddable":true,"href":"https:\/\/www.granducatocollection.com\/pl\/wp-json\/wp\/v2\/product_tag?post=7185"}],"curies":[{"name":"wp","href":"https:\/\/api.w.org\/{rel}","templated":true}]}}