{"id":7178,"date":"2025-05-14T12:21:24","date_gmt":"2025-05-14T12:21:24","guid":{"rendered":"https:\/\/www.granducatocollection.com\/?post_type=product&#038;p=7178"},"modified":"2026-04-06T09:54:14","modified_gmt":"2026-04-06T09:54:14","slug":"mayonese-al-tartufo-3-pezzi","status":"publish","type":"product","link":"https:\/\/www.granducatocollection.com\/pl\/product\/mayonese-al-tartufo-3-pezzi\/","title":{"rendered":"Majonez truflowy 3 sztuki"},"content":{"rendered":"<p><script type=\"application\/ld+json\">{\n    \"@context\": \"https:\\\/\\\/schema.org\",\n    \"@type\": \"Product\",\n    \"@id\": \"https:\\\/\\\/www.granducatocollection.com\\\/prodotto\\\/mayonese-al-tartufo-3-pezzi\\\/\",\n    \"name\": \"Maionese al Tartufo Estivo \\u2013 Confezione da 3 Vasetti | Borgunto\",\n    \"image\": \"https:\\\/\\\/www.granducatocollection.com\\\/wp-content\\\/uploads\\\/2026\\\/01\\\/maionese-al-tartufo-estivo-borgunto.jpg\",\n    \"description\": \"Maionese al tartufo estivo con Tuber Aestivum, prodotta artigianalmente ad Arezzo in Toscana. Condimento gourmet perfetto per carne, pesce e panini gourmet. Ideale come regalo gourmet raffinato.\",\n    \"brand\": {\n        \"@type\": \"Organization\",\n        \"name\": \"Borgunto\"\n    },\n    \"offers\": {\n        \"@type\": \"Offer\",\n        \"url\": \"https:\\\/\\\/www.granducatocollection.com\\\/prodotto\\\/mayonese-al-tartufo-3-pezzi\\\/\",\n        \"priceCurrency\": \"EUR\",\n        \"price\": \"36.00\",\n        \"itemCondition\": \"https:\\\/\\\/schema.org\\\/NewCondition\",\n        \"availability\": \"https:\\\/\\\/schema.org\\\/InStock\",\n        \"seller\": {\n            \"@type\": \"Organization\",\n            \"name\": \"Granducato Collection\"\n        }\n    },\n    \"sku\": \"MAIONESE-TARTUFO-ESTIVO-3PZ\"\n}<\/script><\/p>\n<h1>Majonez z letni\u0105 trufl\u0105 \u2013 opakowanie 3 s\u0142oik\u00f3w<\/h1>\n<h2>Wykwintna, rzemie\u015blnicza przyprawa z trufl\u0105 letni\u0105 (Tuber Aestivum)<\/h2>\n<p class=\"translation-block\">Majonez z letni\u0105 trufl\u0105 to wyj\u0105tkowe doznanie sensoryczne stworzone przez firm\u0119 <strong>Borgunto<\/strong> w <strong>Arezzo<\/strong>, w sercu <strong>Toskanii<\/strong>. Wzbogacony cenion\u0105 <strong>trufl\u0105 letni\u0105 (Tuber Aestivum), ten aksamitny krem \u200b\u200b\u0142\u0105czy mi\u0119kko\u015b\u0107 majonezu z aromatyczn\u0105 z\u0142o\u017cono\u015bci\u0105 trufli, tworz\u0105c wszechstronny i wyrafinowany dodatek do potraw.<\/p>\n<h3>Doskonale nadaje si\u0119 do mi\u0119s, ryb i kanapek gourmet \u2013 lub jako wykwintny prezent dla smakoszy<\/h3>\n<p class=\"translation-block\">Idealnie komponuj\u0105cy si\u0119 z grillowanym mi\u0119sem, bia\u0142\u0105 ryb\u0105, jajkami, surowymi warzywami lub kanapkami gourmet, ten majonez przemieni ka\u017cde danie w wyrafinowane doznanie kulinarne. Opakowanie 3 s\u0142oik\u00f3w to r\u00f3wnie\u017c wyrafinowany prezent dla mi\u0142o\u015bnik\u00f3w trufli, domowych kucharzy i koneser\u00f3w w\u0142oskiej doskona\u0142o\u015bci.<\/p>\n<h3>Symbol kolekcji Granducato: rzemios\u0142o, terytorium i jako\u015b\u0107<\/h3>\n<p class=\"translation-block\">Ten <strong>toska\u0144ski produkt rzemie\u015blniczy<\/strong> uciele\u015bnia warto\u015bci kolekcji <strong>Granducato<\/strong>: starannie wyselekcjonowane surowce, pieczo\u0142owicie wykonane i z poszanowaniem tradycji kulinarnych i winiarskich Arezzo. Ka\u017cdy s\u0142oiczek wyra\u017ca pasj\u0119 do regionu i sztuk\u0119 przekszta\u0142cania prostych sk\u0142adnik\u00f3w w pyszne arcydzie\u0142a.<\/p>","protected":false},"excerpt":{"rendered":"<h1>Pude\u0142ko z majonezem truflowym<\/h1>\n<p>Majonez truflowy, innowacyjny dodatek, kt\u00f3ry doskonale sprawdzi si\u0119 jako dodatek do potraw i nie tylko!<\/p>\n<p>Pasuje do czerwonych mi\u0119s i specjalnych sos\u00f3w: spr\u00f3buj!<\/p>\n<p>W opakowaniu znajduj\u0105 si\u0119 3 sztuki.<\/p>","protected":false},"featured_media":11383,"template":"","meta":{"_acf_changed":false},"product_brand":[764],"product_cat":[843],"product_tag":[234,250,251,252,245,247,253,254,229],"class_list":{"0":"post-7178","1":"product","2":"type-product","3":"status-publish","4":"has-post-thumbnail","6":"product_brand-granducato-collection","7":"product_cat-box-e-degustazioni","8":"product_tag-condimento-gourmet","9":"product_tag-maionese-al-tartufo","10":"product_tag-maionese-artigianale","11":"product_tag-maionese-premium","12":"product_tag-prodotto-italiano","13":"product_tag-regalo-enogastronomico","14":"product_tag-salsa-al-tartufo","15":"product_tag-specialita-italiana","16":"product_tag-tartufo-bianco","18":"first","19":"instock","20":"shipping-taxable","21":"purchasable","22":"product-type-simple"},"acf":[],"yoast_head":"<!-- This site is optimized with the Yoast SEO plugin v26.7 - https:\/\/yoast.com\/wordpress\/plugins\/seo\/ -->\n<title>B&amp;B Arezzo - Mayonese al Tartufo 3 pezzi - Gran ducato Collection<\/title>\n<meta name=\"description\" content=\"Scopri la Maionese al Tartufo 3 Pezzi su Granducato Collection: un mix di gusto raffinato e tradizione toscana.Acquista online ora!\" \/>\n<meta name=\"robots\" content=\"index, follow, max-snippet:-1, max-image-preview:large, max-video-preview:-1\" \/>\n<link rel=\"canonical\" href=\"https:\/\/www.granducatocollection.com\/pl\/product\/mayonese-al-tartufo-3-pezzi\/\" \/>\n<meta property=\"og:locale\" content=\"pl_PL\" \/>\n<meta property=\"og:type\" content=\"article\" \/>\n<meta property=\"og:title\" content=\"B&amp;B Arezzo - Mayonese al Tartufo 3 pezzi - Gran ducato Collection\" \/>\n<meta property=\"og:description\" content=\"Scopri la Maionese al Tartufo 3 Pezzi su Granducato Collection: un mix di gusto raffinato e tradizione toscana.Acquista online ora!\" \/>\n<meta property=\"og:url\" content=\"https:\/\/www.granducatocollection.com\/pl\/product\/mayonese-al-tartufo-3-pezzi\/\" \/>\n<meta property=\"og:site_name\" content=\"Granducato Collection\" \/>\n<meta property=\"article:modified_time\" content=\"2026-04-06T09:54:14+00:00\" \/>\n<meta property=\"og:image\" content=\"https:\/\/www.granducatocollection.com\/wp-content\/uploads\/2025\/05\/mayonesealtartufo3pezzi.webp\" \/>\n\t<meta property=\"og:image:width\" content=\"300\" \/>\n\t<meta property=\"og:image:height\" content=\"300\" \/>\n\t<meta property=\"og:image:type\" content=\"image\/webp\" \/>\n<meta name=\"twitter:card\" content=\"summary_large_image\" \/>\n<meta name=\"twitter:label1\" content=\"Szacowany czas czytania\" \/>\n\t<meta name=\"twitter:data1\" content=\"2 minuty\" \/>\n<script type=\"application\/ld+json\" class=\"yoast-schema-graph\">{\"@context\":\"https:\/\/schema.org\",\"@graph\":[{\"@type\":\"WebPage\",\"@id\":\"https:\/\/www.granducatocollection.com\/prodotto\/mayonese-al-tartufo-3-pezzi\/\",\"url\":\"https:\/\/www.granducatocollection.com\/prodotto\/mayonese-al-tartufo-3-pezzi\/\",\"name\":\"B&B Arezzo - Mayonese al Tartufo 3 pezzi - Gran ducato Collection\",\"isPartOf\":{\"@id\":\"https:\/\/www.granducatocollection.com\/#website\"},\"primaryImageOfPage\":{\"@id\":\"https:\/\/www.granducatocollection.com\/prodotto\/mayonese-al-tartufo-3-pezzi\/#primaryimage\"},\"image\":{\"@id\":\"https:\/\/www.granducatocollection.com\/prodotto\/mayonese-al-tartufo-3-pezzi\/#primaryimage\"},\"thumbnailUrl\":\"https:\/\/www.granducatocollection.com\/wp-content\/uploads\/2025\/05\/mayonesealtartufo3pezzi.webp\",\"datePublished\":\"2025-05-14T12:21:24+00:00\",\"dateModified\":\"2026-04-06T09:54:14+00:00\",\"description\":\"Scopri la Maionese al Tartufo 3 Pezzi su Granducato Collection: un mix di gusto raffinato e tradizione toscana.Acquista online ora!\",\"breadcrumb\":{\"@id\":\"https:\/\/www.granducatocollection.com\/prodotto\/mayonese-al-tartufo-3-pezzi\/#breadcrumb\"},\"inLanguage\":\"pl-PL\",\"potentialAction\":[{\"@type\":\"ReadAction\",\"target\":[\"https:\/\/www.granducatocollection.com\/prodotto\/mayonese-al-tartufo-3-pezzi\/\"]}]},{\"@type\":\"ImageObject\",\"inLanguage\":\"pl-PL\",\"@id\":\"https:\/\/www.granducatocollection.com\/prodotto\/mayonese-al-tartufo-3-pezzi\/#primaryimage\",\"url\":\"https:\/\/www.granducatocollection.com\/wp-content\/uploads\/2025\/05\/mayonesealtartufo3pezzi.webp\",\"contentUrl\":\"https:\/\/www.granducatocollection.com\/wp-content\/uploads\/2025\/05\/mayonesealtartufo3pezzi.webp\",\"width\":300,\"height\":300,\"caption\":\"maionese al tartufo 3 pezzi box borgunto granducato collection arezzo\"},{\"@type\":\"BreadcrumbList\",\"@id\":\"https:\/\/www.granducatocollection.com\/prodotto\/mayonese-al-tartufo-3-pezzi\/#breadcrumb\",\"itemListElement\":[{\"@type\":\"ListItem\",\"position\":1,\"name\":\"Home\",\"item\":\"https:\/\/www.granducatocollection.com\/\"},{\"@type\":\"ListItem\",\"position\":2,\"name\":\"Shop\",\"item\":\"https:\/\/www.granducatocollection.com\/negozio\/\"},{\"@type\":\"ListItem\",\"position\":3,\"name\":\"Mayonese al Tartufo 3 pezzi\"}]},{\"@type\":\"WebSite\",\"@id\":\"https:\/\/www.granducatocollection.com\/#website\",\"url\":\"https:\/\/www.granducatocollection.com\/\",\"name\":\"GranDucato Collection\",\"description\":\"Prenota la tua vacanza e vivi un&#039;esperienza unica\",\"potentialAction\":[{\"@type\":\"SearchAction\",\"target\":{\"@type\":\"EntryPoint\",\"urlTemplate\":\"https:\/\/www.granducatocollection.com\/?s={search_term_string}\"},\"query-input\":{\"@type\":\"PropertyValueSpecification\",\"valueRequired\":true,\"valueName\":\"search_term_string\"}}],\"inLanguage\":\"pl-PL\"}]}<\/script>\n<!-- \/ Yoast SEO plugin. -->","yoast_head_json":{"title":"B&B Arezzo - Mayonese al Tartufo 3 pezzi - Gran ducato Collection","description":"Scopri la Maionese al Tartufo 3 Pezzi su Granducato Collection: un mix di gusto raffinato e tradizione toscana.Acquista online ora!","robots":{"index":"index","follow":"follow","max-snippet":"max-snippet:-1","max-image-preview":"max-image-preview:large","max-video-preview":"max-video-preview:-1"},"canonical":"https:\/\/www.granducatocollection.com\/pl\/product\/mayonese-al-tartufo-3-pezzi\/","og_locale":"pl_PL","og_type":"article","og_title":"B&B Arezzo - Mayonese al Tartufo 3 pezzi - Gran ducato Collection","og_description":"Scopri la Maionese al Tartufo 3 Pezzi su Granducato Collection: un mix di gusto raffinato e tradizione toscana.Acquista online ora!","og_url":"https:\/\/www.granducatocollection.com\/pl\/product\/mayonese-al-tartufo-3-pezzi\/","og_site_name":"Granducato Collection","article_modified_time":"2026-04-06T09:54:14+00:00","og_image":[{"width":300,"height":300,"url":"https:\/\/www.granducatocollection.com\/wp-content\/uploads\/2025\/05\/mayonesealtartufo3pezzi.webp","type":"image\/webp"}],"twitter_card":"summary_large_image","twitter_misc":{"Szacowany czas czytania":"2 minuty"},"schema":{"@context":"https:\/\/schema.org","@graph":[{"@type":"WebPage","@id":"https:\/\/www.granducatocollection.com\/prodotto\/mayonese-al-tartufo-3-pezzi\/","url":"https:\/\/www.granducatocollection.com\/prodotto\/mayonese-al-tartufo-3-pezzi\/","name":"B&B Arezzo - Mayonese al Tartufo 3 pezzi - Gran ducato Collection","isPartOf":{"@id":"https:\/\/www.granducatocollection.com\/#website"},"primaryImageOfPage":{"@id":"https:\/\/www.granducatocollection.com\/prodotto\/mayonese-al-tartufo-3-pezzi\/#primaryimage"},"image":{"@id":"https:\/\/www.granducatocollection.com\/prodotto\/mayonese-al-tartufo-3-pezzi\/#primaryimage"},"thumbnailUrl":"https:\/\/www.granducatocollection.com\/wp-content\/uploads\/2025\/05\/mayonesealtartufo3pezzi.webp","datePublished":"2025-05-14T12:21:24+00:00","dateModified":"2026-04-06T09:54:14+00:00","description":"Scopri la Maionese al Tartufo 3 Pezzi su Granducato Collection: un mix di gusto raffinato e tradizione toscana.Acquista online ora!","breadcrumb":{"@id":"https:\/\/www.granducatocollection.com\/prodotto\/mayonese-al-tartufo-3-pezzi\/#breadcrumb"},"inLanguage":"pl-PL","potentialAction":[{"@type":"ReadAction","target":["https:\/\/www.granducatocollection.com\/prodotto\/mayonese-al-tartufo-3-pezzi\/"]}]},{"@type":"ImageObject","inLanguage":"pl-PL","@id":"https:\/\/www.granducatocollection.com\/prodotto\/mayonese-al-tartufo-3-pezzi\/#primaryimage","url":"https:\/\/www.granducatocollection.com\/wp-content\/uploads\/2025\/05\/mayonesealtartufo3pezzi.webp","contentUrl":"https:\/\/www.granducatocollection.com\/wp-content\/uploads\/2025\/05\/mayonesealtartufo3pezzi.webp","width":300,"height":300,"caption":"maionese al tartufo 3 pezzi box borgunto granducato collection arezzo"},{"@type":"BreadcrumbList","@id":"https:\/\/www.granducatocollection.com\/prodotto\/mayonese-al-tartufo-3-pezzi\/#breadcrumb","itemListElement":[{"@type":"ListItem","position":1,"name":"Home","item":"https:\/\/www.granducatocollection.com\/"},{"@type":"ListItem","position":2,"name":"Shop","item":"https:\/\/www.granducatocollection.com\/negozio\/"},{"@type":"ListItem","position":3,"name":"Mayonese al Tartufo 3 pezzi"}]},{"@type":"WebSite","@id":"https:\/\/www.granducatocollection.com\/#website","url":"https:\/\/www.granducatocollection.com\/","name":"GranDucato Collection","description":"Prenota la tua vacanza e vivi un&#039;esperienza unica","potentialAction":[{"@type":"SearchAction","target":{"@type":"EntryPoint","urlTemplate":"https:\/\/www.granducatocollection.com\/?s={search_term_string}"},"query-input":{"@type":"PropertyValueSpecification","valueRequired":true,"valueName":"search_term_string"}}],"inLanguage":"pl-PL"}]}},"_links":{"self":[{"href":"https:\/\/www.granducatocollection.com\/pl\/wp-json\/wp\/v2\/product\/7178","targetHints":{"allow":["GET"]}}],"collection":[{"href":"https:\/\/www.granducatocollection.com\/pl\/wp-json\/wp\/v2\/product"}],"about":[{"href":"https:\/\/www.granducatocollection.com\/pl\/wp-json\/wp\/v2\/types\/product"}],"wp:featuredmedia":[{"embeddable":true,"href":"https:\/\/www.granducatocollection.com\/pl\/wp-json\/wp\/v2\/media\/11383"}],"wp:attachment":[{"href":"https:\/\/www.granducatocollection.com\/pl\/wp-json\/wp\/v2\/media?parent=7178"}],"wp:term":[{"taxonomy":"product_brand","embeddable":true,"href":"https:\/\/www.granducatocollection.com\/pl\/wp-json\/wp\/v2\/product_brand?post=7178"},{"taxonomy":"product_cat","embeddable":true,"href":"https:\/\/www.granducatocollection.com\/pl\/wp-json\/wp\/v2\/product_cat?post=7178"},{"taxonomy":"product_tag","embeddable":true,"href":"https:\/\/www.granducatocollection.com\/pl\/wp-json\/wp\/v2\/product_tag?post=7178"}],"curies":[{"name":"wp","href":"https:\/\/api.w.org\/{rel}","templated":true}]}}