{"id":7176,"date":"2025-05-14T11:51:10","date_gmt":"2025-05-14T11:51:10","guid":{"rendered":"https:\/\/www.granducatocollection.com\/?post_type=product&#038;p=7176"},"modified":"2026-04-06T10:05:41","modified_gmt":"2026-04-06T10:05:41","slug":"miele-al-tartufo-3-pezzi","status":"publish","type":"product","link":"https:\/\/www.granducatocollection.com\/pl\/product\/miele-al-tartufo-3-pezzi\/","title":{"rendered":"Mi\u00f3d truflowy 3 sztuki"},"content":{"rendered":"<p><script type=\"application\/ld+json\">{\n    \"@context\": \"https:\\\/\\\/schema.org\",\n    \"@type\": \"Product\",\n    \"@id\": \"https:\\\/\\\/www.granducatocollection.com\\\/prodotto\\\/miele-al-tartufo-3-pezzi\\\/\",\n    \"name\": \"Miele al Tartufo \\u2013 Prelibatezza Gourmet Borgunto (Confezione da 3 vasetti)\",\n    \"image\": \"https:\\\/\\\/www.granducatocollection.com\\\/wp-content\\\/uploads\\\/2026\\\/01\\\/miele-al-tartufo-borgunto-3pz.jpg\",\n    \"description\": \"Miele al tartufo artigianale con aroma terroso del tartufo nero, prodotto ad Arezzo in Toscana. Perfetto per formaggi stagionati, carni o come regalo gourmet raffinato.\",\n    \"brand\": {\n        \"@type\": \"Organization\",\n        \"name\": \"Borgunto\"\n    },\n    \"offers\": {\n        \"@type\": \"Offer\",\n        \"url\": \"https:\\\/\\\/www.granducatocollection.com\\\/prodotto\\\/miele-al-tartufo-3-pezzi\\\/\",\n        \"priceCurrency\": \"EUR\",\n        \"price\": \"45.00\",\n        \"itemCondition\": \"https:\\\/\\\/schema.org\\\/NewCondition\",\n        \"availability\": \"https:\\\/\\\/schema.org\\\/InStock\",\n        \"seller\": {\n            \"@type\": \"Organization\",\n            \"name\": \"Granducato Collection\"\n        }\n    },\n    \"sku\": \"MIELE-TARTUFO-3PZ\"\n}<\/script><\/p>\n<h1>Mi\u00f3d Truflowy \u2013 Wy\u015bmienity Przysmak Borgunto<\/h1>\n<h2>Toska\u0144ski produkt rzemie\u015blniczy o ziemistym aromacie czarnej trufli<\/h2>\n<p class=\"translation-block\"><strong>Mi\u00f3d Truflowy<\/strong> to idealna harmonia mi\u0119dzy naturaln\u0105 s\u0142odycz\u0105 <strong>wykwintnego nektaru pszczelego<\/strong> a g\u0142\u0119bok\u0105 intensywno\u015bci\u0105 <strong>ziemistego aromatu czarnej trufli<\/strong>. Wyprodukowany w <strong>Arezzo<\/strong> w <strong>Toskanii<\/strong> przez <strong>Borgunto<\/strong>, produkt ten jest rezultatem rzemie\u015blniczego procesu, kt\u00f3ry szanuje tradycj\u0119 i udoskonala ka\u017cdy sk\u0142adnik. Jego kremowa konsystencja i unikalny profil aromatyczny czyni\u0105 go prawdziwym <strong>arcydzie\u0142em w\u0142oskiej gastronomii<\/strong>.<\/p>\n<h3>Idealny do dojrza\u0142ych ser\u00f3w, pysznych mi\u0119s lub jako wykwintny prezent dla smakoszy<\/h3>\n<p class=\"translation-block\">Polej kilkoma kroplami <strong>dojrzewaj\u0105cy pecorino<\/strong>, <strong>surow\u0105 szynk\u0119<\/strong> lub <strong>grillowane mi\u0119so<\/strong>, aby zapewni\u0107 sobie niezapomniane doznania sensoryczne. Opakowanie 3 s\u0142oik\u00f3w<\/strong> to tak\u017ce <strong>wykwintny prezent dla smakoszy<\/strong>, idealny na Bo\u017ce Narodzenie, rocznice lub dla tych, kt\u00f3rzy kochaj\u0105 w\u0142osk\u0105 doskona\u0142o\u015b\u0107 kulinarn\u0105.<\/p>\n<h3>Symbol kolekcji Granducato: terytorium, rzemios\u0142o i identyfikowalno\u015b\u0107<\/h3>\n<p class=\"translation-block\">Ten <strong>gastronomiczny przysmak<\/strong> uciele\u015bnia warto\u015bci kolekcji <strong>Granducato<\/strong>: kontrolowan\u0105 produkcj\u0119, certyfikowane surowce i g\u0142\u0119bok\u0105 wi\u0119\u017a z toska\u0144skim terytorium. Ka\u017cdy s\u0142oiczek wyra\u017ca pasj\u0119 do autentyczno\u015bci i doskona\u0142o\u015bci, kt\u00f3ra zawsze wyr\u00f3\u017cnia\u0142a <strong>Borgunto<\/strong>.<\/p>","protected":false},"excerpt":{"rendered":"<h1 style=\"text-align: justify;\">Pude\u0142ko z miodem truflowym<\/h1>\n<p class=\"translation-block\">Mi\u00f3d truflowy, idealny jako dodatek do przystawek i przek\u0105sek. Nadaje si\u0119 do wszystkich rodzaj\u00f3w ser\u00f3w, od mi\u0119kkich po dojrza\u0142e i \u015bwie\u017ce.<\/p>\n<div style=\"text-align: justify;\"><\/div>\n<div style=\"text-align: justify;\">Z wyrafinowanym i niepowtarzalnym smakiem.<\/div>\n<div style=\"text-align: justify;\"><\/div>\n<div style=\"text-align: justify;\">W opakowaniu znajduj\u0105 si\u0119 3 sztuki.<\/div>","protected":false},"featured_media":9603,"template":"","meta":{"_acf_changed":false},"product_brand":[764],"product_cat":[843],"product_tag":[234,259,255,256,258,257,245,247,254,229],"class_list":{"0":"post-7176","1":"product","2":"type-product","3":"status-publish","4":"has-post-thumbnail","6":"product_brand-granducato-collection","7":"product_cat-box-e-degustazioni","8":"product_tag-condimento-gourmet","9":"product_tag-dolce-gourmet","10":"product_tag-miele-al-tartufo","11":"product_tag-miele-artigianale","12":"product_tag-miele-con-tartufo","13":"product_tag-miele-premium","14":"product_tag-prodotto-italiano","15":"product_tag-regalo-enogastronomico","16":"product_tag-specialita-italiana","17":"product_tag-tartufo-bianco","19":"first","20":"instock","21":"shipping-taxable","22":"purchasable","23":"product-type-simple"},"acf":[],"yoast_head":"<!-- This site is optimized with the Yoast SEO plugin v26.7 - https:\/\/yoast.com\/wordpress\/plugins\/seo\/ -->\n<title>B&amp;B Arezzo - Miele al Tartufo 3 pezzi - Gran ducato Gestioni<\/title>\n<meta name=\"description\" content=\"Scopri il Miele al Tartufo Box 3 Pezzi su Granducato Collection: un connubio unico tra dolcezza e sapore toscano.Acquista online.\" \/>\n<meta name=\"robots\" content=\"index, follow, max-snippet:-1, max-image-preview:large, max-video-preview:-1\" \/>\n<link rel=\"canonical\" href=\"https:\/\/www.granducatocollection.com\/pl\/product\/miele-al-tartufo-3-pezzi\/\" \/>\n<meta property=\"og:locale\" content=\"pl_PL\" \/>\n<meta property=\"og:type\" content=\"article\" \/>\n<meta property=\"og:title\" content=\"B&amp;B Arezzo - Miele al Tartufo 3 pezzi - Gran ducato Gestioni\" \/>\n<meta property=\"og:description\" content=\"Scopri il Miele al Tartufo Box 3 Pezzi su Granducato Collection: un connubio unico tra dolcezza e sapore toscano.Acquista online.\" \/>\n<meta property=\"og:url\" content=\"https:\/\/www.granducatocollection.com\/pl\/product\/miele-al-tartufo-3-pezzi\/\" \/>\n<meta property=\"og:site_name\" content=\"Granducato Collection\" \/>\n<meta property=\"article:modified_time\" content=\"2026-04-06T10:05:41+00:00\" \/>\n<meta property=\"og:image\" content=\"https:\/\/www.granducatocollection.com\/wp-content\/uploads\/2025\/05\/maionesealtartufo3pezzi.png\" \/>\n\t<meta property=\"og:image:width\" content=\"300\" \/>\n\t<meta property=\"og:image:height\" content=\"300\" \/>\n\t<meta property=\"og:image:type\" content=\"image\/png\" \/>\n<meta name=\"twitter:card\" content=\"summary_large_image\" \/>\n<meta name=\"twitter:label1\" content=\"Szacowany czas czytania\" \/>\n\t<meta name=\"twitter:data1\" content=\"2 minuty\" \/>\n<script type=\"application\/ld+json\" class=\"yoast-schema-graph\">{\"@context\":\"https:\/\/schema.org\",\"@graph\":[{\"@type\":\"WebPage\",\"@id\":\"https:\/\/www.granducatocollection.com\/prodotto\/miele-al-tartufo-3-pezzi\/\",\"url\":\"https:\/\/www.granducatocollection.com\/prodotto\/miele-al-tartufo-3-pezzi\/\",\"name\":\"B&B Arezzo - Miele al Tartufo 3 pezzi - Gran ducato Gestioni\",\"isPartOf\":{\"@id\":\"https:\/\/www.granducatocollection.com\/#website\"},\"primaryImageOfPage\":{\"@id\":\"https:\/\/www.granducatocollection.com\/prodotto\/miele-al-tartufo-3-pezzi\/#primaryimage\"},\"image\":{\"@id\":\"https:\/\/www.granducatocollection.com\/prodotto\/miele-al-tartufo-3-pezzi\/#primaryimage\"},\"thumbnailUrl\":\"https:\/\/www.granducatocollection.com\/wp-content\/uploads\/2025\/05\/maionesealtartufo3pezzi.png\",\"datePublished\":\"2025-05-14T11:51:10+00:00\",\"dateModified\":\"2026-04-06T10:05:41+00:00\",\"description\":\"Scopri il Miele al Tartufo Box 3 Pezzi su Granducato Collection: un connubio unico tra dolcezza e sapore toscano.Acquista online.\",\"breadcrumb\":{\"@id\":\"https:\/\/www.granducatocollection.com\/prodotto\/miele-al-tartufo-3-pezzi\/#breadcrumb\"},\"inLanguage\":\"pl-PL\",\"potentialAction\":[{\"@type\":\"ReadAction\",\"target\":[\"https:\/\/www.granducatocollection.com\/prodotto\/miele-al-tartufo-3-pezzi\/\"]}]},{\"@type\":\"ImageObject\",\"inLanguage\":\"pl-PL\",\"@id\":\"https:\/\/www.granducatocollection.com\/prodotto\/miele-al-tartufo-3-pezzi\/#primaryimage\",\"url\":\"https:\/\/www.granducatocollection.com\/wp-content\/uploads\/2025\/05\/maionesealtartufo3pezzi.png\",\"contentUrl\":\"https:\/\/www.granducatocollection.com\/wp-content\/uploads\/2025\/05\/maionesealtartufo3pezzi.png\",\"width\":300,\"height\":300,\"caption\":\"Confezione 3 vasetti miele al tartufo nero Borgunto - abbinamento dolce-salato tipico della gastronomia toscana artigianale\"},{\"@type\":\"BreadcrumbList\",\"@id\":\"https:\/\/www.granducatocollection.com\/prodotto\/miele-al-tartufo-3-pezzi\/#breadcrumb\",\"itemListElement\":[{\"@type\":\"ListItem\",\"position\":1,\"name\":\"Home\",\"item\":\"https:\/\/www.granducatocollection.com\/\"},{\"@type\":\"ListItem\",\"position\":2,\"name\":\"Shop\",\"item\":\"https:\/\/www.granducatocollection.com\/negozio\/\"},{\"@type\":\"ListItem\",\"position\":3,\"name\":\"Miele al Tartufo 3 pezzi\"}]},{\"@type\":\"WebSite\",\"@id\":\"https:\/\/www.granducatocollection.com\/#website\",\"url\":\"https:\/\/www.granducatocollection.com\/\",\"name\":\"GranDucato Collection\",\"description\":\"Prenota la tua vacanza e vivi un&#039;esperienza unica\",\"potentialAction\":[{\"@type\":\"SearchAction\",\"target\":{\"@type\":\"EntryPoint\",\"urlTemplate\":\"https:\/\/www.granducatocollection.com\/?s={search_term_string}\"},\"query-input\":{\"@type\":\"PropertyValueSpecification\",\"valueRequired\":true,\"valueName\":\"search_term_string\"}}],\"inLanguage\":\"pl-PL\"}]}<\/script>\n<!-- \/ Yoast SEO plugin. -->","yoast_head_json":{"title":"B&B Arezzo - Miele al Tartufo 3 pezzi - Gran ducato Gestioni","description":"Scopri il Miele al Tartufo Box 3 Pezzi su Granducato Collection: un connubio unico tra dolcezza e sapore toscano.Acquista online.","robots":{"index":"index","follow":"follow","max-snippet":"max-snippet:-1","max-image-preview":"max-image-preview:large","max-video-preview":"max-video-preview:-1"},"canonical":"https:\/\/www.granducatocollection.com\/pl\/product\/miele-al-tartufo-3-pezzi\/","og_locale":"pl_PL","og_type":"article","og_title":"B&B Arezzo - Miele al Tartufo 3 pezzi - Gran ducato Gestioni","og_description":"Scopri il Miele al Tartufo Box 3 Pezzi su Granducato Collection: un connubio unico tra dolcezza e sapore toscano.Acquista online.","og_url":"https:\/\/www.granducatocollection.com\/pl\/product\/miele-al-tartufo-3-pezzi\/","og_site_name":"Granducato Collection","article_modified_time":"2026-04-06T10:05:41+00:00","og_image":[{"width":300,"height":300,"url":"https:\/\/www.granducatocollection.com\/wp-content\/uploads\/2025\/05\/maionesealtartufo3pezzi.png","type":"image\/png"}],"twitter_card":"summary_large_image","twitter_misc":{"Szacowany czas czytania":"2 minuty"},"schema":{"@context":"https:\/\/schema.org","@graph":[{"@type":"WebPage","@id":"https:\/\/www.granducatocollection.com\/prodotto\/miele-al-tartufo-3-pezzi\/","url":"https:\/\/www.granducatocollection.com\/prodotto\/miele-al-tartufo-3-pezzi\/","name":"B&B Arezzo - Miele al Tartufo 3 pezzi - Gran ducato Gestioni","isPartOf":{"@id":"https:\/\/www.granducatocollection.com\/#website"},"primaryImageOfPage":{"@id":"https:\/\/www.granducatocollection.com\/prodotto\/miele-al-tartufo-3-pezzi\/#primaryimage"},"image":{"@id":"https:\/\/www.granducatocollection.com\/prodotto\/miele-al-tartufo-3-pezzi\/#primaryimage"},"thumbnailUrl":"https:\/\/www.granducatocollection.com\/wp-content\/uploads\/2025\/05\/maionesealtartufo3pezzi.png","datePublished":"2025-05-14T11:51:10+00:00","dateModified":"2026-04-06T10:05:41+00:00","description":"Scopri il Miele al Tartufo Box 3 Pezzi su Granducato Collection: un connubio unico tra dolcezza e sapore toscano.Acquista online.","breadcrumb":{"@id":"https:\/\/www.granducatocollection.com\/prodotto\/miele-al-tartufo-3-pezzi\/#breadcrumb"},"inLanguage":"pl-PL","potentialAction":[{"@type":"ReadAction","target":["https:\/\/www.granducatocollection.com\/prodotto\/miele-al-tartufo-3-pezzi\/"]}]},{"@type":"ImageObject","inLanguage":"pl-PL","@id":"https:\/\/www.granducatocollection.com\/prodotto\/miele-al-tartufo-3-pezzi\/#primaryimage","url":"https:\/\/www.granducatocollection.com\/wp-content\/uploads\/2025\/05\/maionesealtartufo3pezzi.png","contentUrl":"https:\/\/www.granducatocollection.com\/wp-content\/uploads\/2025\/05\/maionesealtartufo3pezzi.png","width":300,"height":300,"caption":"Confezione 3 vasetti miele al tartufo nero Borgunto - abbinamento dolce-salato tipico della gastronomia toscana artigianale"},{"@type":"BreadcrumbList","@id":"https:\/\/www.granducatocollection.com\/prodotto\/miele-al-tartufo-3-pezzi\/#breadcrumb","itemListElement":[{"@type":"ListItem","position":1,"name":"Home","item":"https:\/\/www.granducatocollection.com\/"},{"@type":"ListItem","position":2,"name":"Shop","item":"https:\/\/www.granducatocollection.com\/negozio\/"},{"@type":"ListItem","position":3,"name":"Miele al Tartufo 3 pezzi"}]},{"@type":"WebSite","@id":"https:\/\/www.granducatocollection.com\/#website","url":"https:\/\/www.granducatocollection.com\/","name":"GranDucato Collection","description":"Prenota la tua vacanza e vivi un&#039;esperienza unica","potentialAction":[{"@type":"SearchAction","target":{"@type":"EntryPoint","urlTemplate":"https:\/\/www.granducatocollection.com\/?s={search_term_string}"},"query-input":{"@type":"PropertyValueSpecification","valueRequired":true,"valueName":"search_term_string"}}],"inLanguage":"pl-PL"}]}},"_links":{"self":[{"href":"https:\/\/www.granducatocollection.com\/pl\/wp-json\/wp\/v2\/product\/7176","targetHints":{"allow":["GET"]}}],"collection":[{"href":"https:\/\/www.granducatocollection.com\/pl\/wp-json\/wp\/v2\/product"}],"about":[{"href":"https:\/\/www.granducatocollection.com\/pl\/wp-json\/wp\/v2\/types\/product"}],"wp:featuredmedia":[{"embeddable":true,"href":"https:\/\/www.granducatocollection.com\/pl\/wp-json\/wp\/v2\/media\/9603"}],"wp:attachment":[{"href":"https:\/\/www.granducatocollection.com\/pl\/wp-json\/wp\/v2\/media?parent=7176"}],"wp:term":[{"taxonomy":"product_brand","embeddable":true,"href":"https:\/\/www.granducatocollection.com\/pl\/wp-json\/wp\/v2\/product_brand?post=7176"},{"taxonomy":"product_cat","embeddable":true,"href":"https:\/\/www.granducatocollection.com\/pl\/wp-json\/wp\/v2\/product_cat?post=7176"},{"taxonomy":"product_tag","embeddable":true,"href":"https:\/\/www.granducatocollection.com\/pl\/wp-json\/wp\/v2\/product_tag?post=7176"}],"curies":[{"name":"wp","href":"https:\/\/api.w.org\/{rel}","templated":true}]}}