{"id":7174,"date":"2025-05-14T11:15:11","date_gmt":"2025-05-14T11:15:11","guid":{"rendered":"https:\/\/www.granducatocollection.com\/?post_type=product&#038;p=7174"},"modified":"2026-04-06T09:27:11","modified_gmt":"2026-04-06T09:27:11","slug":"burro-al-tartufo-3-pezzi","status":"publish","type":"product","link":"https:\/\/www.granducatocollection.com\/pl\/product\/burro-al-tartufo-3-pezzi\/","title":{"rendered":"Mas\u0142o truflowe 3 sztuki"},"content":{"rendered":"<p><script type=\"application\/ld+json\">{\n    \"@context\": \"https:\\\/\\\/schema.org\",\n    \"@type\": \"Product\",\n    \"@id\": \"https:\\\/\\\/www.granducatocollection.com\\\/prodotto\\\/burro-al-tartufo-3-pezzi\\\/\",\n    \"name\": \"Burro al Tartufo Bianco \\u2013 Box da 3 Vasetti | Borgunto\",\n    \"image\": \"https:\\\/\\\/www.granducatocollection.com\\\/wp-content\\\/uploads\\\/2026\\\/01\\\/burro-al-tartufo-3-pezzi-borgunto.jpg\",\n    \"description\": \"Box da 3 vasetti di burro al tartufo bianco artigianale, prodotto ad Arezzo in Toscana. Specialit\\u00e0 gourmet perfetta come regalo enogastronomico o condimento premium per piatti raffinati.\",\n    \"brand\": {\n        \"@type\": \"Organization\",\n        \"name\": \"Borgunto\"\n    },\n    \"offers\": {\n        \"@type\": \"Offer\",\n        \"url\": \"https:\\\/\\\/www.granducatocollection.com\\\/prodotto\\\/burro-al-tartufo-3-pezzi\\\/\",\n        \"priceCurrency\": \"EUR\",\n        \"price\": \"36.00\",\n        \"itemCondition\": \"https:\\\/\\\/schema.org\\\/NewCondition\",\n        \"availability\": \"https:\\\/\\\/schema.org\\\/InStock\",\n        \"seller\": {\n            \"@type\": \"Organization\",\n            \"name\": \"Granducato Collection\"\n        }\n    },\n    \"sku\": \"BB-TB-3P\"\n}<\/script><\/p>\n<h1>Mas\u0142o Truflowe Bia\u0142e \u2013 Pude\u0142ko na 3 S\u0142oiki | Borgunto<\/h1>\n<h2>Rzemie\u015blnicza w\u0142oska specjalno\u015b\u0107 z bia\u0142\u0105 trufl\u0105 z Toskanii<\/h2>\n<p class=\"translation-block\">To <strong>ekskluzywne pude\u0142ko z 3 s\u0142oikami<\/strong> uciele\u015bnia luksus w\u0142oskiej kuchni: rzemie\u015blnicze <strong>mas\u0142o z bia\u0142ej trufli<\/strong>, wytwarzane w Arezzo przez <strong>Borgunto<\/strong> z certyfikowanych surowc\u00f3w. Otulaj\u0105ca kremowo\u015b\u0107 mas\u0142a \u0142\u0105czy si\u0119 z intensywnym i wyrafinowanym zapachem <strong>bia\u0142ej trufli<\/strong>, tworz\u0105c <strong>smakowity dodatek<\/strong>, kt\u00f3ry potrafi przekszta\u0142ci\u0107 ka\u017cde danie w niezapomniane doznanie.<\/p>\n<h3>Wykwintny prezent w postaci jedzenia i wina dla prawdziwych koneser\u00f3w<\/h3>\n<p class=\"translation-block\">Elegancki w wygl\u0105dzie i wyrafinowany w smaku, ten zestaw to idealny prezent na Bo\u017ce Narodzenie, rocznice lub specjalne okazje. Idealne do crostini, da\u0144 z makaronem, jajek lub bia\u0142ego mi\u0119sa, mas\u0142o premium Borgunto zachwyci mi\u0142o\u015bnik\u00f3w prawdziwych w\u0142oskich specja\u0142\u00f3w przygotowywanych z pasj\u0105 i szacunkiem dla tradycji.<\/p>\n<h3>Symbol kolekcji Granducato: toska\u0144skie rzemios\u0142o i identyfikowalno\u015b\u0107<\/h3>\n<p class=\"translation-block\">Ka\u017cdy s\u0142oik tego rzemie\u015blniczego mas\u0142a uciele\u015bnia warto\u015bci kolekcji Granducato: limitowan\u0105 produkcj\u0119, bezpo\u015bredni\u0105 kontrol\u0119 nad surowcami i g\u0142\u0119bokie korzenie w Toskanii. Ho\u0142d dla regionu Arezzo, gdzie prostota i jako\u015b\u0107 przeradzaj\u0105 si\u0119 w doskona\u0142o\u015b\u0107.<\/p>","protected":false},"excerpt":{"rendered":"<h1>Pude\u0142ko na mas\u0142o truflowe<\/h1>\n<div style=\"text-align: justify;\">Luksus w s\u0142oiczku: krem \u200b\u200bma\u015blany z trufl\u0105 Bianchetto i bia\u0142\u0105 trufl\u0105, wyprodukowany z surowc\u00f3w o kontrolowanym pochodzeniu, idealnie nadaje si\u0119 do urozmaicenia smaku potraw lub jako wykwintny prezent.<\/div>\n<div style=\"text-align: justify;\"><\/div>\n<div style=\"text-align: justify;\">W opakowaniu znajduj\u0105 si\u0119 3 sztuki.<\/div>","protected":false},"featured_media":11376,"template":"","meta":{"_acf_changed":false},"product_brand":[764],"product_cat":[843],"product_tag":[228,230,236,261,260,234,245,247,254,229],"class_list":{"0":"post-7174","1":"product","2":"type-product","3":"status-publish","4":"has-post-thumbnail","6":"product_brand-granducato-collection","7":"product_cat-box-e-degustazioni","8":"product_tag-burro-al-tartufo","9":"product_tag-burro-aromatizzato","10":"product_tag-burro-artigianale","11":"product_tag-burro-con-tartufo","12":"product_tag-burro-premium","13":"product_tag-condimento-gourmet","14":"product_tag-prodotto-italiano","15":"product_tag-regalo-enogastronomico","16":"product_tag-specialita-italiana","17":"product_tag-tartufo-bianco","19":"first","20":"instock","21":"shipping-taxable","22":"purchasable","23":"product-type-simple"},"acf":[],"yoast_head":"<!-- This site is optimized with the Yoast SEO plugin v26.7 - https:\/\/yoast.com\/wordpress\/plugins\/seo\/ -->\n<title>B&amp;B Arezzo - Burro al Tartufo 3 pezzi - Gran ducato Gestioni<\/title>\n<meta name=\"description\" content=\"Scopri il Burro al Tartufo 3 Pezzi su Granducato Collection: un mix di sapori autentici toscani, perfetto per primi piatti e bruschette. Acquista online ora\" \/>\n<meta name=\"robots\" content=\"index, follow, max-snippet:-1, max-image-preview:large, max-video-preview:-1\" \/>\n<link rel=\"canonical\" href=\"https:\/\/www.granducatocollection.com\/pl\/product\/burro-al-tartufo-3-pezzi\/\" \/>\n<meta property=\"og:locale\" content=\"pl_PL\" \/>\n<meta property=\"og:type\" content=\"article\" \/>\n<meta property=\"og:title\" content=\"B&amp;B Arezzo - Burro al Tartufo 3 pezzi - Gran ducato Gestioni\" \/>\n<meta property=\"og:description\" content=\"Scopri il Burro al Tartufo 3 Pezzi su Granducato Collection: un mix di sapori autentici toscani, perfetto per primi piatti e bruschette. Acquista online ora\" \/>\n<meta property=\"og:url\" content=\"https:\/\/www.granducatocollection.com\/pl\/product\/burro-al-tartufo-3-pezzi\/\" \/>\n<meta property=\"og:site_name\" content=\"Granducato Collection\" \/>\n<meta property=\"article:modified_time\" content=\"2026-04-06T09:27:11+00:00\" \/>\n<meta property=\"og:image\" content=\"https:\/\/www.granducatocollection.com\/wp-content\/uploads\/2025\/05\/box-burro-tartufo-bianco-3-pezzi-borgunto.webp\" \/>\n\t<meta property=\"og:image:width\" content=\"300\" \/>\n\t<meta property=\"og:image:height\" content=\"300\" \/>\n\t<meta property=\"og:image:type\" content=\"image\/webp\" \/>\n<meta name=\"twitter:card\" content=\"summary_large_image\" \/>\n<meta name=\"twitter:label1\" content=\"Szacowany czas czytania\" \/>\n\t<meta name=\"twitter:data1\" content=\"2 minuty\" \/>\n<script type=\"application\/ld+json\" class=\"yoast-schema-graph\">{\"@context\":\"https:\/\/schema.org\",\"@graph\":[{\"@type\":\"WebPage\",\"@id\":\"https:\/\/www.granducatocollection.com\/prodotto\/burro-al-tartufo-3-pezzi\/\",\"url\":\"https:\/\/www.granducatocollection.com\/prodotto\/burro-al-tartufo-3-pezzi\/\",\"name\":\"B&B Arezzo - Burro al Tartufo 3 pezzi - Gran ducato Gestioni\",\"isPartOf\":{\"@id\":\"https:\/\/www.granducatocollection.com\/#website\"},\"primaryImageOfPage\":{\"@id\":\"https:\/\/www.granducatocollection.com\/prodotto\/burro-al-tartufo-3-pezzi\/#primaryimage\"},\"image\":{\"@id\":\"https:\/\/www.granducatocollection.com\/prodotto\/burro-al-tartufo-3-pezzi\/#primaryimage\"},\"thumbnailUrl\":\"https:\/\/www.granducatocollection.com\/wp-content\/uploads\/2025\/05\/box-burro-tartufo-bianco-3-pezzi-borgunto.webp\",\"datePublished\":\"2025-05-14T11:15:11+00:00\",\"dateModified\":\"2026-04-06T09:27:11+00:00\",\"description\":\"Scopri il Burro al Tartufo 3 Pezzi su Granducato Collection: un mix di sapori autentici toscani, perfetto per primi piatti e bruschette. Acquista online ora\",\"breadcrumb\":{\"@id\":\"https:\/\/www.granducatocollection.com\/prodotto\/burro-al-tartufo-3-pezzi\/#breadcrumb\"},\"inLanguage\":\"pl-PL\",\"potentialAction\":[{\"@type\":\"ReadAction\",\"target\":[\"https:\/\/www.granducatocollection.com\/prodotto\/burro-al-tartufo-3-pezzi\/\"]}]},{\"@type\":\"ImageObject\",\"inLanguage\":\"pl-PL\",\"@id\":\"https:\/\/www.granducatocollection.com\/prodotto\/burro-al-tartufo-3-pezzi\/#primaryimage\",\"url\":\"https:\/\/www.granducatocollection.com\/wp-content\/uploads\/2025\/05\/box-burro-tartufo-bianco-3-pezzi-borgunto.webp\",\"contentUrl\":\"https:\/\/www.granducatocollection.com\/wp-content\/uploads\/2025\/05\/box-burro-tartufo-bianco-3-pezzi-borgunto.webp\",\"width\":300,\"height\":300,\"caption\":\"Confezione 3 vasetti burro artigianale al tartufo nero Borgunto\"},{\"@type\":\"BreadcrumbList\",\"@id\":\"https:\/\/www.granducatocollection.com\/prodotto\/burro-al-tartufo-3-pezzi\/#breadcrumb\",\"itemListElement\":[{\"@type\":\"ListItem\",\"position\":1,\"name\":\"Home\",\"item\":\"https:\/\/www.granducatocollection.com\/\"},{\"@type\":\"ListItem\",\"position\":2,\"name\":\"Shop\",\"item\":\"https:\/\/www.granducatocollection.com\/negozio\/\"},{\"@type\":\"ListItem\",\"position\":3,\"name\":\"Burro al Tartufo 3 pezzi\"}]},{\"@type\":\"WebSite\",\"@id\":\"https:\/\/www.granducatocollection.com\/#website\",\"url\":\"https:\/\/www.granducatocollection.com\/\",\"name\":\"GranDucato Collection\",\"description\":\"Prenota la tua vacanza e vivi un&#039;esperienza unica\",\"potentialAction\":[{\"@type\":\"SearchAction\",\"target\":{\"@type\":\"EntryPoint\",\"urlTemplate\":\"https:\/\/www.granducatocollection.com\/?s={search_term_string}\"},\"query-input\":{\"@type\":\"PropertyValueSpecification\",\"valueRequired\":true,\"valueName\":\"search_term_string\"}}],\"inLanguage\":\"pl-PL\"}]}<\/script>\n<!-- \/ Yoast SEO plugin. -->","yoast_head_json":{"title":"B&B Arezzo - Burro al Tartufo 3 pezzi - Gran ducato Gestioni","description":"Scopri il Burro al Tartufo 3 Pezzi su Granducato Collection: un mix di sapori autentici toscani, perfetto per primi piatti e bruschette. Acquista online ora","robots":{"index":"index","follow":"follow","max-snippet":"max-snippet:-1","max-image-preview":"max-image-preview:large","max-video-preview":"max-video-preview:-1"},"canonical":"https:\/\/www.granducatocollection.com\/pl\/product\/burro-al-tartufo-3-pezzi\/","og_locale":"pl_PL","og_type":"article","og_title":"B&B Arezzo - Burro al Tartufo 3 pezzi - Gran ducato Gestioni","og_description":"Scopri il Burro al Tartufo 3 Pezzi su Granducato Collection: un mix di sapori autentici toscani, perfetto per primi piatti e bruschette. Acquista online ora","og_url":"https:\/\/www.granducatocollection.com\/pl\/product\/burro-al-tartufo-3-pezzi\/","og_site_name":"Granducato Collection","article_modified_time":"2026-04-06T09:27:11+00:00","og_image":[{"width":300,"height":300,"url":"https:\/\/www.granducatocollection.com\/wp-content\/uploads\/2025\/05\/box-burro-tartufo-bianco-3-pezzi-borgunto.webp","type":"image\/webp"}],"twitter_card":"summary_large_image","twitter_misc":{"Szacowany czas czytania":"2 minuty"},"schema":{"@context":"https:\/\/schema.org","@graph":[{"@type":"WebPage","@id":"https:\/\/www.granducatocollection.com\/prodotto\/burro-al-tartufo-3-pezzi\/","url":"https:\/\/www.granducatocollection.com\/prodotto\/burro-al-tartufo-3-pezzi\/","name":"B&B Arezzo - Burro al Tartufo 3 pezzi - Gran ducato Gestioni","isPartOf":{"@id":"https:\/\/www.granducatocollection.com\/#website"},"primaryImageOfPage":{"@id":"https:\/\/www.granducatocollection.com\/prodotto\/burro-al-tartufo-3-pezzi\/#primaryimage"},"image":{"@id":"https:\/\/www.granducatocollection.com\/prodotto\/burro-al-tartufo-3-pezzi\/#primaryimage"},"thumbnailUrl":"https:\/\/www.granducatocollection.com\/wp-content\/uploads\/2025\/05\/box-burro-tartufo-bianco-3-pezzi-borgunto.webp","datePublished":"2025-05-14T11:15:11+00:00","dateModified":"2026-04-06T09:27:11+00:00","description":"Scopri il Burro al Tartufo 3 Pezzi su Granducato Collection: un mix di sapori autentici toscani, perfetto per primi piatti e bruschette. Acquista online ora","breadcrumb":{"@id":"https:\/\/www.granducatocollection.com\/prodotto\/burro-al-tartufo-3-pezzi\/#breadcrumb"},"inLanguage":"pl-PL","potentialAction":[{"@type":"ReadAction","target":["https:\/\/www.granducatocollection.com\/prodotto\/burro-al-tartufo-3-pezzi\/"]}]},{"@type":"ImageObject","inLanguage":"pl-PL","@id":"https:\/\/www.granducatocollection.com\/prodotto\/burro-al-tartufo-3-pezzi\/#primaryimage","url":"https:\/\/www.granducatocollection.com\/wp-content\/uploads\/2025\/05\/box-burro-tartufo-bianco-3-pezzi-borgunto.webp","contentUrl":"https:\/\/www.granducatocollection.com\/wp-content\/uploads\/2025\/05\/box-burro-tartufo-bianco-3-pezzi-borgunto.webp","width":300,"height":300,"caption":"Confezione 3 vasetti burro artigianale al tartufo nero Borgunto"},{"@type":"BreadcrumbList","@id":"https:\/\/www.granducatocollection.com\/prodotto\/burro-al-tartufo-3-pezzi\/#breadcrumb","itemListElement":[{"@type":"ListItem","position":1,"name":"Home","item":"https:\/\/www.granducatocollection.com\/"},{"@type":"ListItem","position":2,"name":"Shop","item":"https:\/\/www.granducatocollection.com\/negozio\/"},{"@type":"ListItem","position":3,"name":"Burro al Tartufo 3 pezzi"}]},{"@type":"WebSite","@id":"https:\/\/www.granducatocollection.com\/#website","url":"https:\/\/www.granducatocollection.com\/","name":"GranDucato Collection","description":"Prenota la tua vacanza e vivi un&#039;esperienza unica","potentialAction":[{"@type":"SearchAction","target":{"@type":"EntryPoint","urlTemplate":"https:\/\/www.granducatocollection.com\/?s={search_term_string}"},"query-input":{"@type":"PropertyValueSpecification","valueRequired":true,"valueName":"search_term_string"}}],"inLanguage":"pl-PL"}]}},"_links":{"self":[{"href":"https:\/\/www.granducatocollection.com\/pl\/wp-json\/wp\/v2\/product\/7174","targetHints":{"allow":["GET"]}}],"collection":[{"href":"https:\/\/www.granducatocollection.com\/pl\/wp-json\/wp\/v2\/product"}],"about":[{"href":"https:\/\/www.granducatocollection.com\/pl\/wp-json\/wp\/v2\/types\/product"}],"wp:featuredmedia":[{"embeddable":true,"href":"https:\/\/www.granducatocollection.com\/pl\/wp-json\/wp\/v2\/media\/11376"}],"wp:attachment":[{"href":"https:\/\/www.granducatocollection.com\/pl\/wp-json\/wp\/v2\/media?parent=7174"}],"wp:term":[{"taxonomy":"product_brand","embeddable":true,"href":"https:\/\/www.granducatocollection.com\/pl\/wp-json\/wp\/v2\/product_brand?post=7174"},{"taxonomy":"product_cat","embeddable":true,"href":"https:\/\/www.granducatocollection.com\/pl\/wp-json\/wp\/v2\/product_cat?post=7174"},{"taxonomy":"product_tag","embeddable":true,"href":"https:\/\/www.granducatocollection.com\/pl\/wp-json\/wp\/v2\/product_tag?post=7174"}],"curies":[{"name":"wp","href":"https:\/\/api.w.org\/{rel}","templated":true}]}}