{"id":7172,"date":"2025-05-14T10:47:59","date_gmt":"2025-05-14T10:47:59","guid":{"rendered":"https:\/\/www.granducatocollection.com\/?post_type=product&#038;p=7172"},"modified":"2026-01-31T10:42:07","modified_gmt":"2026-01-31T10:42:07","slug":"ribollita-toscana-3-pezzi","status":"publish","type":"product","link":"https:\/\/www.granducatocollection.com\/pl\/product\/ribollita-toscana-3-pezzi\/","title":{"rendered":"Ribollita toska\u0144ska 3 sztuki"},"content":{"rendered":"<p><script type=\"application\/ld+json\">{\n    \"@context\": \"https:\\\/\\\/schema.org\",\n    \"@type\": \"Product\",\n    \"@id\": \"https:\\\/\\\/www.granducatocollection.com\\\/prodotto\\\/ribollita-toscana-3-pezzi\\\/\",\n    \"name\": \"Ribollita Toscana \\u2013 Box 3 Porzioni Gourmet Borgunto\",\n    \"image\": \"https:\\\/\\\/www.granducatocollection.com\\\/wp-content\\\/uploads\\\/2026\\\/01\\\/ribollita-toscana-borgunto-box.jpg\",\n    \"description\": \"Ribollita Toscana artigianale, preparata ad Arezzo secondo la ricetta autentica della cucina povera toscana. Senza conservanti, in comodo box da 3 porzioni. Prodotto gourmet pronto da scaldare.\",\n    \"brand\": {\n        \"@type\": \"Organization\",\n        \"name\": \"Borgunto\"\n    },\n    \"offers\": {\n        \"@type\": \"Offer\",\n        \"url\": \"https:\\\/\\\/www.granducatocollection.com\\\/prodotto\\\/ribollita-toscana-3-pezzi\\\/\",\n        \"priceCurrency\": \"EUR\",\n        \"price\": \"24.00\",\n        \"itemCondition\": \"https:\\\/\\\/schema.org\\\/NewCondition\",\n        \"availability\": \"https:\\\/\\\/schema.org\\\/InStock\",\n        \"seller\": {\n            \"@type\": \"Organization\",\n            \"name\": \"Granducato Collection\"\n        }\n    },\n    \"sku\": \"RIBOLLITA-TOSCANA-3PZ\"\n}<\/script><\/p>\n<h1>Toska\u0144ska Ribollita \u2013 3-porcjowy zestaw delikatesowy Borgunto<\/h1>\n<h2>Produkt rzemie\u015blniczy z Arezzo, inspirowany toska\u0144sk\u0105 kuchni\u0105 ch\u0142opsk\u0105<\/h2>\n<p class=\"translation-block\"><strong>Toska\u0144ska Ribollita<\/strong> to klasyka florenckiej i arezzo\u0144skiej tradycji kulinarnej, zinterpretowana na nowo przez <strong>Borgunto<\/strong> z wykwintnym akcentem. Przygotowywana w Arezzo z prostych, ale najwy\u017cszej jako\u015bci sk\u0142adnik\u00f3w \u2013 czarnej kapusty, fasoli cannellini, czerstwego toska\u0144skiego chleba i sezonowych warzyw \u2013 zupa ta szanuje <strong>autentyczny przepis<\/strong> <strong>toska\u0144skiej kuchni wiejskiej<\/strong>, z jej rytua\u0142em \u201eribollitura\u201d (ponownego gotowania), kt\u00f3ry wzmacnia jej smak i konsystencj\u0119.<\/p>\n<h3>Wykwintne dania gotowe: wygodne, autentyczne i bezkompromisowe.<\/h3>\n<p class=\"translation-block\">Zapakowana w por\u0119czne pude\u0142ko na 3 porcje, Ribollita to gotowe danie gourmet, idealne dla tych, kt\u00f3rzy chc\u0105 delektowa\u0107 si\u0119 autentyczn\u0105 kuchni\u0105 toska\u0144sk\u0105 bez marnowania czasu. Bez konserwant\u00f3w i sztucznych barwnik\u00f3w, wystarczy podgrza\u0107 i poda\u0107 z odrobin\u0105 toska\u0144skiej oliwy z oliwek extra virgin, aby uzyska\u0107 niezapomniane doznania.<\/p>\n<h3>Symbol kolekcji Granducato: tradycja, terytorium i rzemie\u015blnicza troska<\/h3>\n<p class=\"translation-block\">Ka\u017cdy s\u0142oik opowiada histori\u0119 hojnej ziemi \u2013 Toskanii \u2013 i uciele\u015bnia warto\u015bci kolekcji Granducato: ograniczon\u0105 produkcj\u0119 rzemie\u015blnicz\u0105, bezpo\u015bredni\u0105 kontrol\u0119 nad surowcami i szacunek dla przekazywanych z pokolenia na pokolenie receptur. Ho\u0142d dla kultury wiejskiej, zaprojektowany z my\u015bl\u0105 o wsp\u00f3\u0142czesnych podniebieniach.<\/p>","protected":false},"excerpt":{"rendered":"<div style=\"text-align: justify;\">\n<h1>Pude\u0142ko Ribollita Toska\u0144skiego<\/h1>\n<p>Dla Ciebie, 3 opakowania toska\u0144skiej ribollity: tradycyjnego toska\u0144skiego dania ch\u0142opskiego. Toska\u0144ska ribollita to jedna z najbardziej kultowych zup tradycyjnej kuchni toska\u0144skiej. To proste i rustykalne danie, a jednocze\u015bnie bogate w smak i histori\u0119.<\/p>\n<p>Pierwotnie ribollita by\u0142a daniem z resztek, przygotowywanym z resztek czerstwego chleba i sezonowych warzyw, takich jak jarmu\u017c, fasola, marchew i pomidory. P\u00f3\u017aniej sta\u0142a si\u0119 podstaw\u0105 kuchni toska\u0144skiej! Idealna na zimowe dni.<\/p>\n<\/div>","protected":false},"featured_media":8940,"template":"","meta":{"_acf_changed":false},"product_brand":[764],"product_cat":[843],"product_tag":[270,264,265,247,267,262,266,269,263,268],"class_list":{"0":"post-7172","1":"product","2":"type-product","3":"status-publish","4":"has-post-thumbnail","6":"product_brand-granducato-collection","7":"product_cat-box-e-degustazioni","8":"product_tag-alimenti-italiani","9":"product_tag-pasta-e-legumi","10":"product_tag-prodotto-artigianale","11":"product_tag-regalo-enogastronomico","12":"product_tag-ribollita-con-verdure","13":"product_tag-ribollita-toscana","14":"product_tag-ricetta-tradizionale","15":"product_tag-specialita-toscana","16":"product_tag-zuppa-italiana","17":"product_tag-zuppa-vegetale","19":"first","20":"instock","21":"shipping-taxable","22":"purchasable","23":"product-type-simple"},"acf":[],"yoast_head":"<!-- This site is optimized with the Yoast SEO plugin v26.7 - https:\/\/yoast.com\/wordpress\/plugins\/seo\/ -->\n<title>B&amp;B Arezzo - Ribollita toscana 3 pezzi - Gran ducato Collection<\/title>\n<meta name=\"description\" content=\"Scopri il Box Ribollita Tosca 3 Pezzi su Granducato Collection: tradizione e gusto autentico pronti da gustare. Acquista online ora.\" \/>\n<meta name=\"robots\" content=\"index, follow, max-snippet:-1, max-image-preview:large, max-video-preview:-1\" \/>\n<link rel=\"canonical\" href=\"https:\/\/www.granducatocollection.com\/pl\/product\/ribollita-toscana-3-pezzi\/\" \/>\n<meta property=\"og:locale\" content=\"pl_PL\" \/>\n<meta property=\"og:type\" content=\"article\" \/>\n<meta property=\"og:title\" content=\"B&amp;B Arezzo - Ribollita toscana 3 pezzi - Gran ducato Collection\" \/>\n<meta property=\"og:description\" content=\"Scopri il Box Ribollita Tosca 3 Pezzi su Granducato Collection: tradizione e gusto autentico pronti da gustare. Acquista online ora.\" \/>\n<meta property=\"og:url\" content=\"https:\/\/www.granducatocollection.com\/pl\/product\/ribollita-toscana-3-pezzi\/\" \/>\n<meta property=\"og:site_name\" content=\"Granducato Collection\" \/>\n<meta property=\"article:modified_time\" content=\"2026-01-31T10:42:07+00:00\" \/>\n<meta property=\"og:image\" content=\"https:\/\/www.granducatocollection.com\/wp-content\/uploads\/2025\/05\/pappa_al_pomodoro-ribollita_toscana_pesche_sciroppate_granducatocollection_borgunto_arezzo_toscana_viareggio_alloggi_bb.jpg\" \/>\n\t<meta property=\"og:image:width\" content=\"1600\" \/>\n\t<meta property=\"og:image:height\" content=\"1067\" \/>\n\t<meta property=\"og:image:type\" content=\"image\/jpeg\" \/>\n<meta name=\"twitter:card\" content=\"summary_large_image\" \/>\n<meta name=\"twitter:label1\" content=\"Szacowany czas czytania\" \/>\n\t<meta name=\"twitter:data1\" content=\"2 minuty\" \/>\n<script type=\"application\/ld+json\" class=\"yoast-schema-graph\">{\"@context\":\"https:\/\/schema.org\",\"@graph\":[{\"@type\":\"WebPage\",\"@id\":\"https:\/\/www.granducatocollection.com\/prodotto\/ribollita-toscana-3-pezzi\/\",\"url\":\"https:\/\/www.granducatocollection.com\/prodotto\/ribollita-toscana-3-pezzi\/\",\"name\":\"B&B Arezzo - Ribollita toscana 3 pezzi - Gran ducato Collection\",\"isPartOf\":{\"@id\":\"https:\/\/www.granducatocollection.com\/#website\"},\"primaryImageOfPage\":{\"@id\":\"https:\/\/www.granducatocollection.com\/prodotto\/ribollita-toscana-3-pezzi\/#primaryimage\"},\"image\":{\"@id\":\"https:\/\/www.granducatocollection.com\/prodotto\/ribollita-toscana-3-pezzi\/#primaryimage\"},\"thumbnailUrl\":\"https:\/\/www.granducatocollection.com\/wp-content\/uploads\/2025\/05\/pappa_al_pomodoro-ribollita_toscana_pesche_sciroppate_granducatocollection_borgunto_arezzo_toscana_viareggio_alloggi_bb.jpg\",\"datePublished\":\"2025-05-14T10:47:59+00:00\",\"dateModified\":\"2026-01-31T10:42:07+00:00\",\"description\":\"Scopri il Box Ribollita Tosca 3 Pezzi su Granducato Collection: tradizione e gusto autentico pronti da gustare. Acquista online ora.\",\"breadcrumb\":{\"@id\":\"https:\/\/www.granducatocollection.com\/prodotto\/ribollita-toscana-3-pezzi\/#breadcrumb\"},\"inLanguage\":\"pl-PL\",\"potentialAction\":[{\"@type\":\"ReadAction\",\"target\":[\"https:\/\/www.granducatocollection.com\/prodotto\/ribollita-toscana-3-pezzi\/\"]}]},{\"@type\":\"ImageObject\",\"inLanguage\":\"pl-PL\",\"@id\":\"https:\/\/www.granducatocollection.com\/prodotto\/ribollita-toscana-3-pezzi\/#primaryimage\",\"url\":\"https:\/\/www.granducatocollection.com\/wp-content\/uploads\/2025\/05\/pappa_al_pomodoro-ribollita_toscana_pesche_sciroppate_granducatocollection_borgunto_arezzo_toscana_viareggio_alloggi_bb.jpg\",\"contentUrl\":\"https:\/\/www.granducatocollection.com\/wp-content\/uploads\/2025\/05\/pappa_al_pomodoro-ribollita_toscana_pesche_sciroppate_granducatocollection_borgunto_arezzo_toscana_viareggio_alloggi_bb.jpg\",\"width\":1600,\"height\":1067},{\"@type\":\"BreadcrumbList\",\"@id\":\"https:\/\/www.granducatocollection.com\/prodotto\/ribollita-toscana-3-pezzi\/#breadcrumb\",\"itemListElement\":[{\"@type\":\"ListItem\",\"position\":1,\"name\":\"Home\",\"item\":\"https:\/\/www.granducatocollection.com\/\"},{\"@type\":\"ListItem\",\"position\":2,\"name\":\"Shop\",\"item\":\"https:\/\/www.granducatocollection.com\/negozio\/\"},{\"@type\":\"ListItem\",\"position\":3,\"name\":\"Ribollita toscana 3 pezzi\"}]},{\"@type\":\"WebSite\",\"@id\":\"https:\/\/www.granducatocollection.com\/#website\",\"url\":\"https:\/\/www.granducatocollection.com\/\",\"name\":\"GranDucato Collection\",\"description\":\"Prenota la tua vacanza e vivi un&#039;esperienza unica\",\"potentialAction\":[{\"@type\":\"SearchAction\",\"target\":{\"@type\":\"EntryPoint\",\"urlTemplate\":\"https:\/\/www.granducatocollection.com\/?s={search_term_string}\"},\"query-input\":{\"@type\":\"PropertyValueSpecification\",\"valueRequired\":true,\"valueName\":\"search_term_string\"}}],\"inLanguage\":\"pl-PL\"}]}<\/script>\n<!-- \/ Yoast SEO plugin. -->","yoast_head_json":{"title":"B&B Arezzo - Ribollita toscana 3 pezzi - Gran ducato Collection","description":"Scopri il Box Ribollita Tosca 3 Pezzi su Granducato Collection: tradizione e gusto autentico pronti da gustare. Acquista online ora.","robots":{"index":"index","follow":"follow","max-snippet":"max-snippet:-1","max-image-preview":"max-image-preview:large","max-video-preview":"max-video-preview:-1"},"canonical":"https:\/\/www.granducatocollection.com\/pl\/product\/ribollita-toscana-3-pezzi\/","og_locale":"pl_PL","og_type":"article","og_title":"B&B Arezzo - Ribollita toscana 3 pezzi - Gran ducato Collection","og_description":"Scopri il Box Ribollita Tosca 3 Pezzi su Granducato Collection: tradizione e gusto autentico pronti da gustare. Acquista online ora.","og_url":"https:\/\/www.granducatocollection.com\/pl\/product\/ribollita-toscana-3-pezzi\/","og_site_name":"Granducato Collection","article_modified_time":"2026-01-31T10:42:07+00:00","og_image":[{"width":1600,"height":1067,"url":"https:\/\/www.granducatocollection.com\/wp-content\/uploads\/2025\/05\/pappa_al_pomodoro-ribollita_toscana_pesche_sciroppate_granducatocollection_borgunto_arezzo_toscana_viareggio_alloggi_bb.jpg","type":"image\/jpeg"}],"twitter_card":"summary_large_image","twitter_misc":{"Szacowany czas czytania":"2 minuty"},"schema":{"@context":"https:\/\/schema.org","@graph":[{"@type":"WebPage","@id":"https:\/\/www.granducatocollection.com\/prodotto\/ribollita-toscana-3-pezzi\/","url":"https:\/\/www.granducatocollection.com\/prodotto\/ribollita-toscana-3-pezzi\/","name":"B&B Arezzo - Ribollita toscana 3 pezzi - Gran ducato Collection","isPartOf":{"@id":"https:\/\/www.granducatocollection.com\/#website"},"primaryImageOfPage":{"@id":"https:\/\/www.granducatocollection.com\/prodotto\/ribollita-toscana-3-pezzi\/#primaryimage"},"image":{"@id":"https:\/\/www.granducatocollection.com\/prodotto\/ribollita-toscana-3-pezzi\/#primaryimage"},"thumbnailUrl":"https:\/\/www.granducatocollection.com\/wp-content\/uploads\/2025\/05\/pappa_al_pomodoro-ribollita_toscana_pesche_sciroppate_granducatocollection_borgunto_arezzo_toscana_viareggio_alloggi_bb.jpg","datePublished":"2025-05-14T10:47:59+00:00","dateModified":"2026-01-31T10:42:07+00:00","description":"Scopri il Box Ribollita Tosca 3 Pezzi su Granducato Collection: tradizione e gusto autentico pronti da gustare. Acquista online ora.","breadcrumb":{"@id":"https:\/\/www.granducatocollection.com\/prodotto\/ribollita-toscana-3-pezzi\/#breadcrumb"},"inLanguage":"pl-PL","potentialAction":[{"@type":"ReadAction","target":["https:\/\/www.granducatocollection.com\/prodotto\/ribollita-toscana-3-pezzi\/"]}]},{"@type":"ImageObject","inLanguage":"pl-PL","@id":"https:\/\/www.granducatocollection.com\/prodotto\/ribollita-toscana-3-pezzi\/#primaryimage","url":"https:\/\/www.granducatocollection.com\/wp-content\/uploads\/2025\/05\/pappa_al_pomodoro-ribollita_toscana_pesche_sciroppate_granducatocollection_borgunto_arezzo_toscana_viareggio_alloggi_bb.jpg","contentUrl":"https:\/\/www.granducatocollection.com\/wp-content\/uploads\/2025\/05\/pappa_al_pomodoro-ribollita_toscana_pesche_sciroppate_granducatocollection_borgunto_arezzo_toscana_viareggio_alloggi_bb.jpg","width":1600,"height":1067},{"@type":"BreadcrumbList","@id":"https:\/\/www.granducatocollection.com\/prodotto\/ribollita-toscana-3-pezzi\/#breadcrumb","itemListElement":[{"@type":"ListItem","position":1,"name":"Home","item":"https:\/\/www.granducatocollection.com\/"},{"@type":"ListItem","position":2,"name":"Shop","item":"https:\/\/www.granducatocollection.com\/negozio\/"},{"@type":"ListItem","position":3,"name":"Ribollita toscana 3 pezzi"}]},{"@type":"WebSite","@id":"https:\/\/www.granducatocollection.com\/#website","url":"https:\/\/www.granducatocollection.com\/","name":"GranDucato Collection","description":"Prenota la tua vacanza e vivi un&#039;esperienza unica","potentialAction":[{"@type":"SearchAction","target":{"@type":"EntryPoint","urlTemplate":"https:\/\/www.granducatocollection.com\/?s={search_term_string}"},"query-input":{"@type":"PropertyValueSpecification","valueRequired":true,"valueName":"search_term_string"}}],"inLanguage":"pl-PL"}]}},"_links":{"self":[{"href":"https:\/\/www.granducatocollection.com\/pl\/wp-json\/wp\/v2\/product\/7172","targetHints":{"allow":["GET"]}}],"collection":[{"href":"https:\/\/www.granducatocollection.com\/pl\/wp-json\/wp\/v2\/product"}],"about":[{"href":"https:\/\/www.granducatocollection.com\/pl\/wp-json\/wp\/v2\/types\/product"}],"wp:featuredmedia":[{"embeddable":true,"href":"https:\/\/www.granducatocollection.com\/pl\/wp-json\/wp\/v2\/media\/8940"}],"wp:attachment":[{"href":"https:\/\/www.granducatocollection.com\/pl\/wp-json\/wp\/v2\/media?parent=7172"}],"wp:term":[{"taxonomy":"product_brand","embeddable":true,"href":"https:\/\/www.granducatocollection.com\/pl\/wp-json\/wp\/v2\/product_brand?post=7172"},{"taxonomy":"product_cat","embeddable":true,"href":"https:\/\/www.granducatocollection.com\/pl\/wp-json\/wp\/v2\/product_cat?post=7172"},{"taxonomy":"product_tag","embeddable":true,"href":"https:\/\/www.granducatocollection.com\/pl\/wp-json\/wp\/v2\/product_tag?post=7172"}],"curies":[{"name":"wp","href":"https:\/\/api.w.org\/{rel}","templated":true}]}}