{"id":7171,"date":"2025-05-14T10:39:26","date_gmt":"2025-05-14T10:39:26","guid":{"rendered":"https:\/\/www.granducatocollection.com\/?post_type=product&#038;p=7171"},"modified":"2026-04-06T09:25:13","modified_gmt":"2026-04-06T09:25:13","slug":"box-vini-borgunto","status":"publish","type":"product","link":"https:\/\/www.granducatocollection.com\/pl\/product\/box-vini-borgunto\/","title":{"rendered":"Borgunto pude\u0142ko na wino 15 sztuk"},"content":{"rendered":"<p><script type=\"application\/ld+json\">{\n    \"@context\": \"https:\\\/\\\/schema.org\",\n    \"@type\": \"Product\",\n    \"@id\": \"https:\\\/\\\/www.granducatocollection.com\\\/prodotto\\\/box-vini-borgunto\\\/\",\n    \"name\": \"Box Vini Borgunto \\u2013 Selezione di 15 Bottiglie Toscane\",\n    \"image\": \"https:\\\/\\\/www.granducatocollection.com\\\/wp-content\\\/uploads\\\/2026\\\/01\\\/box-vini-borgunto-granducato-collection.jpg\",\n    \"description\": \"Box regalo con 15 bottiglie di vini toscani artigianali: Chianti DOCG, Rosato Borgunto e altre etichette pregiate. Prodotto ad Arezzo da Borgunto, perfetto come regalo enologico o per degustazioni in Toscana.\",\n    \"brand\": {\n        \"@type\": \"Organization\",\n        \"name\": \"Borgunto\"\n    },\n    \"offers\": {\n        \"@type\": \"Offer\",\n        \"url\": \"https:\\\/\\\/www.granducatocollection.com\\\/prodotto\\\/box-vini-borgunto\\\/\",\n        \"priceCurrency\": \"EUR\",\n        \"price\": \"195.00\",\n        \"itemCondition\": \"https:\\\/\\\/schema.org\\\/NewCondition\",\n        \"availability\": \"https:\\\/\\\/schema.org\\\/InStock\",\n        \"seller\": {\n            \"@type\": \"Organization\",\n            \"name\": \"Granducato Collection\"\n        }\n    },\n    \"sku\": \"BOX-VINI-BORGUNTO-15\"\n}<\/script><\/p>\n<h1>Borgunto Wine Box \u2013 wyb\u00f3r 15 toska\u0144skich butelek<\/h1>\n<h2>Pe\u0142ne do\u015bwiadczenie winiarskie, kt\u00f3re narodzi\u0142o si\u0119 w Arezzo<\/h2>\n<p class=\"translation-block\"><strong>Borgunto Wine Box<\/strong> zawiera w sobie doskona\u0142o\u015b\u0107 toska\u0144skiej uprawy winoro\u015bli w ekskluzywnym wyborze 15 rzemie\u015blniczych butelek, w tym presti\u017cowe <strong>Chianti DOCG<\/strong>, wyrafinowane <strong>Rosato Borgunto Edizione Speciale<\/strong> i inne wykwintne wina <strong>Borgunto<\/strong>. Wyprodukowane w <strong>Arezzo<\/strong>, w sercu <strong>Toskanii<\/strong>, ka\u017cde wino jest dobierane tak, aby odzwierciedla\u0142o region, tradycj\u0119 i zami\u0142owanie do detali.<\/p>\n<h3>Elegancki prezent winiarski dla prawdziwych koneser\u00f3w<\/h3>\n<p class=\"translation-block\">Zapakowane w <strong>pude\u0142ko prezentowe na wino<\/strong> z dba\u0142o\u015bci\u0105 o szczeg\u00f3\u0142y, to pude\u0142ko idealnie sprawdzi si\u0119 jako <strong>elegancki prezent<\/strong> na specjalne okazje, Bo\u017ce Narodzenie, rocznice lub dla klient\u00f3w korporacyjnych. Doskonale sprawdzi si\u0119 r\u00f3wnie\u017c podczas organizacji <strong>degustacji win w Toskanii<\/strong> w domu, z przyjaci\u00f3\u0142mi lub podczas pracy zdalnej.<\/p>\n<h3>Symbol kolekcji Granducato: sztuka, terytorium i jako\u015b\u0107<\/h3>\n<p class=\"translation-block\">Ta selekcja uciele\u015bnia warto\u015bci kolekcji Granducato: bezpo\u015bredni\u0105 kontrol\u0119 nad winnic\u0105, rzemie\u015blnicz\u0105 produkcj\u0119, identyfikowalno\u015b\u0107 pochodzenia i szacunek dla terroir. Ka\u017cda butelka to zaproszenie do odkrywania Toskanii przez kieliszek \u2013 autentycznej, wyrafinowanej i niezapomnianej.<\/p>","protected":false},"excerpt":{"rendered":"<h1>Pude\u0142ko z winem Chianti<\/h1>\n<p class=\"translation-block\">Odkryj doskona\u0142o\u015b\u0107 toska\u0144skiego wina z Borgunto Wine Box: ekskluzywnym wyborem 15 butelek, w tym Chianti, Ros\u00e9 i wykwintnych win Borgunto. Doznanie sensoryczne, kt\u00f3re oddaje serce Toskanii, idealne dla entuzjast\u00f3w, kolekcjoner\u00f3w lub jako elegancki prezent.\nKa\u017cda butelka to autentyczny wyraz terroir, wykonany z dba\u0142o\u015bci\u0105 o szczeg\u00f3\u0142y, aby zapewni\u0107 jako\u015b\u0107, smak i tradycj\u0119.<\/p>\n<p class=\"translation-block\">\u2705 Eleganckie opakowanie<br>\n\ud83c\udf77 15 wyselekcjonowanych butelek<br>\n\ud83c\udf81 Idealne na degustacje lub prezenty firmowe<br>\n\ud83c\uddee\ud83c\uddf9 Produkcja w 100% toska\u0144ska<\/p>","protected":false},"featured_media":11375,"template":"","meta":{"_acf_changed":false},"product_brand":[764],"product_cat":[843],"product_tag":[271,275,279,247,273,278,274,276,277,272],"class_list":{"0":"post-7171","1":"product","2":"type-product","3":"status-publish","4":"has-post-thumbnail","6":"product_brand-granducato-collection","7":"product_cat-box-e-degustazioni","8":"product_tag-box-vini","9":"product_tag-box-vini-premium","10":"product_tag-offerta-vini","11":"product_tag-regalo-enogastronomico","12":"product_tag-selezione-vini","13":"product_tag-set-vini","14":"product_tag-vini-toscani","15":"product_tag-vino-borgunto","16":"product_tag-vino-da-collezione","17":"product_tag-vino-rosso-italiano","19":"first","20":"instock","21":"shipping-taxable","22":"purchasable","23":"product-type-simple"},"acf":[],"yoast_head":"<!-- This site is optimized with the Yoast SEO plugin v26.7 - https:\/\/yoast.com\/wordpress\/plugins\/seo\/ -->\n<title>B&amp;B Arezzo - Box vini Borgunto 15 pezzi - Gran ducato Collection<\/title>\n<meta name=\"description\" content=\"Scopri il Box 15 Vini Borgunto su Granducato Collection: una selezione esclusiva di vini toscani pregiati. Acquista online e ricevi comodamente a casa tua.\" \/>\n<meta name=\"robots\" content=\"index, follow, max-snippet:-1, max-image-preview:large, max-video-preview:-1\" \/>\n<link rel=\"canonical\" href=\"https:\/\/www.granducatocollection.com\/pl\/product\/box-vini-borgunto-15-pezzi\/\" \/>\n<meta property=\"og:locale\" content=\"pl_PL\" \/>\n<meta property=\"og:type\" content=\"article\" \/>\n<meta property=\"og:title\" content=\"B&amp;B Arezzo - Box vini Borgunto 15 pezzi - Gran ducato Collection\" \/>\n<meta property=\"og:description\" content=\"Scopri il Box 15 Vini Borgunto su Granducato Collection: una selezione esclusiva di vini toscani pregiati. Acquista online e ricevi comodamente a casa tua.\" \/>\n<meta property=\"og:url\" content=\"https:\/\/www.granducatocollection.com\/pl\/product\/box-vini-borgunto-15-pezzi\/\" \/>\n<meta property=\"og:site_name\" content=\"Granducato Collection\" \/>\n<meta property=\"article:modified_time\" content=\"2026-04-06T09:25:13+00:00\" \/>\n<meta property=\"og:image\" content=\"https:\/\/www.granducatocollection.com\/wp-content\/uploads\/2025\/05\/chianti-docg-borgunto-granducatogestioni-arezzo-firenze-toscana-viareggio-aziendaagricola-affittacamere-BB-suitelets-300x300-1.webp\" \/>\n\t<meta property=\"og:image:width\" content=\"300\" \/>\n\t<meta property=\"og:image:height\" content=\"300\" \/>\n\t<meta property=\"og:image:type\" content=\"image\/webp\" \/>\n<meta name=\"twitter:card\" content=\"summary_large_image\" \/>\n<meta name=\"twitter:label1\" content=\"Szacowany czas czytania\" \/>\n\t<meta name=\"twitter:data1\" content=\"2 minuty\" \/>\n<script type=\"application\/ld+json\" class=\"yoast-schema-graph\">{\"@context\":\"https:\/\/schema.org\",\"@graph\":[{\"@type\":\"WebPage\",\"@id\":\"https:\/\/www.granducatocollection.com\/prodotto\/box-vini-borgunto\/\",\"url\":\"https:\/\/www.granducatocollection.com\/prodotto\/box-vini-borgunto-15-pezzi\/\",\"name\":\"B&B Arezzo - Box vini Borgunto 15 pezzi - Gran ducato Collection\",\"isPartOf\":{\"@id\":\"https:\/\/www.granducatocollection.com\/#website\"},\"primaryImageOfPage\":{\"@id\":\"https:\/\/www.granducatocollection.com\/prodotto\/box-vini-borgunto-15-pezzi\/#primaryimage\"},\"image\":{\"@id\":\"https:\/\/www.granducatocollection.com\/prodotto\/box-vini-borgunto-15-pezzi\/#primaryimage\"},\"thumbnailUrl\":\"https:\/\/www.granducatocollection.com\/wp-content\/uploads\/2025\/05\/chianti-docg-borgunto-granducatogestioni-arezzo-firenze-toscana-viareggio-aziendaagricola-affittacamere-BB-suitelets-300x300-1.webp\",\"datePublished\":\"2025-05-14T10:39:26+00:00\",\"dateModified\":\"2026-04-06T09:25:13+00:00\",\"description\":\"Scopri il Box 15 Vini Borgunto su Granducato Collection: una selezione esclusiva di vini toscani pregiati. Acquista online e ricevi comodamente a casa tua.\",\"breadcrumb\":{\"@id\":\"https:\/\/www.granducatocollection.com\/prodotto\/box-vini-borgunto-15-pezzi\/#breadcrumb\"},\"inLanguage\":\"pl-PL\",\"potentialAction\":[{\"@type\":\"ReadAction\",\"target\":[\"https:\/\/www.granducatocollection.com\/prodotto\/box-vini-borgunto-15-pezzi\/\"]}]},{\"@type\":\"ImageObject\",\"inLanguage\":\"pl-PL\",\"@id\":\"https:\/\/www.granducatocollection.com\/prodotto\/box-vini-borgunto-15-pezzi\/#primaryimage\",\"url\":\"https:\/\/www.granducatocollection.com\/wp-content\/uploads\/2025\/05\/chianti-docg-borgunto-granducatogestioni-arezzo-firenze-toscana-viareggio-aziendaagricola-affittacamere-BB-suitelets-300x300-1.webp\",\"contentUrl\":\"https:\/\/www.granducatocollection.com\/wp-content\/uploads\/2025\/05\/chianti-docg-borgunto-granducatogestioni-arezzo-firenze-toscana-viareggio-aziendaagricola-affittacamere-BB-suitelets-300x300-1.webp\",\"width\":300,\"height\":300,\"caption\":\"chianti box granducato collection e borgunto arezzo\"},{\"@type\":\"BreadcrumbList\",\"@id\":\"https:\/\/www.granducatocollection.com\/prodotto\/box-vini-borgunto-15-pezzi\/#breadcrumb\",\"itemListElement\":[{\"@type\":\"ListItem\",\"position\":1,\"name\":\"Home\",\"item\":\"https:\/\/www.granducatocollection.com\/\"},{\"@type\":\"ListItem\",\"position\":2,\"name\":\"Shop\",\"item\":\"https:\/\/www.granducatocollection.com\/negozio\/\"},{\"@type\":\"ListItem\",\"position\":3,\"name\":\"Box vini Borgunto 15 pezzi\"}]},{\"@type\":\"WebSite\",\"@id\":\"https:\/\/www.granducatocollection.com\/#website\",\"url\":\"https:\/\/www.granducatocollection.com\/\",\"name\":\"GranDucato Collection\",\"description\":\"Prenota la tua vacanza e vivi un&#039;esperienza unica\",\"potentialAction\":[{\"@type\":\"SearchAction\",\"target\":{\"@type\":\"EntryPoint\",\"urlTemplate\":\"https:\/\/www.granducatocollection.com\/?s={search_term_string}\"},\"query-input\":{\"@type\":\"PropertyValueSpecification\",\"valueRequired\":true,\"valueName\":\"search_term_string\"}}],\"inLanguage\":\"pl-PL\"}]}<\/script>\n<!-- \/ Yoast SEO plugin. -->","yoast_head_json":{"title":"B&B Arezzo - Box vini Borgunto 15 pezzi - Gran ducato Collection","description":"Scopri il Box 15 Vini Borgunto su Granducato Collection: una selezione esclusiva di vini toscani pregiati. Acquista online e ricevi comodamente a casa tua.","robots":{"index":"index","follow":"follow","max-snippet":"max-snippet:-1","max-image-preview":"max-image-preview:large","max-video-preview":"max-video-preview:-1"},"canonical":"https:\/\/www.granducatocollection.com\/pl\/product\/box-vini-borgunto-15-pezzi\/","og_locale":"pl_PL","og_type":"article","og_title":"B&B Arezzo - Box vini Borgunto 15 pezzi - Gran ducato Collection","og_description":"Scopri il Box 15 Vini Borgunto su Granducato Collection: una selezione esclusiva di vini toscani pregiati. Acquista online e ricevi comodamente a casa tua.","og_url":"https:\/\/www.granducatocollection.com\/pl\/product\/box-vini-borgunto-15-pezzi\/","og_site_name":"Granducato Collection","article_modified_time":"2026-04-06T09:25:13+00:00","og_image":[{"width":300,"height":300,"url":"https:\/\/www.granducatocollection.com\/wp-content\/uploads\/2025\/05\/chianti-docg-borgunto-granducatogestioni-arezzo-firenze-toscana-viareggio-aziendaagricola-affittacamere-BB-suitelets-300x300-1.webp","type":"image\/webp"}],"twitter_card":"summary_large_image","twitter_misc":{"Szacowany czas czytania":"2 minuty"},"schema":{"@context":"https:\/\/schema.org","@graph":[{"@type":"WebPage","@id":"https:\/\/www.granducatocollection.com\/prodotto\/box-vini-borgunto\/","url":"https:\/\/www.granducatocollection.com\/prodotto\/box-vini-borgunto-15-pezzi\/","name":"B&B Arezzo - Box vini Borgunto 15 pezzi - Gran ducato Collection","isPartOf":{"@id":"https:\/\/www.granducatocollection.com\/#website"},"primaryImageOfPage":{"@id":"https:\/\/www.granducatocollection.com\/prodotto\/box-vini-borgunto-15-pezzi\/#primaryimage"},"image":{"@id":"https:\/\/www.granducatocollection.com\/prodotto\/box-vini-borgunto-15-pezzi\/#primaryimage"},"thumbnailUrl":"https:\/\/www.granducatocollection.com\/wp-content\/uploads\/2025\/05\/chianti-docg-borgunto-granducatogestioni-arezzo-firenze-toscana-viareggio-aziendaagricola-affittacamere-BB-suitelets-300x300-1.webp","datePublished":"2025-05-14T10:39:26+00:00","dateModified":"2026-04-06T09:25:13+00:00","description":"Scopri il Box 15 Vini Borgunto su Granducato Collection: una selezione esclusiva di vini toscani pregiati. Acquista online e ricevi comodamente a casa tua.","breadcrumb":{"@id":"https:\/\/www.granducatocollection.com\/prodotto\/box-vini-borgunto-15-pezzi\/#breadcrumb"},"inLanguage":"pl-PL","potentialAction":[{"@type":"ReadAction","target":["https:\/\/www.granducatocollection.com\/prodotto\/box-vini-borgunto-15-pezzi\/"]}]},{"@type":"ImageObject","inLanguage":"pl-PL","@id":"https:\/\/www.granducatocollection.com\/prodotto\/box-vini-borgunto-15-pezzi\/#primaryimage","url":"https:\/\/www.granducatocollection.com\/wp-content\/uploads\/2025\/05\/chianti-docg-borgunto-granducatogestioni-arezzo-firenze-toscana-viareggio-aziendaagricola-affittacamere-BB-suitelets-300x300-1.webp","contentUrl":"https:\/\/www.granducatocollection.com\/wp-content\/uploads\/2025\/05\/chianti-docg-borgunto-granducatogestioni-arezzo-firenze-toscana-viareggio-aziendaagricola-affittacamere-BB-suitelets-300x300-1.webp","width":300,"height":300,"caption":"chianti box granducato collection e borgunto arezzo"},{"@type":"BreadcrumbList","@id":"https:\/\/www.granducatocollection.com\/prodotto\/box-vini-borgunto-15-pezzi\/#breadcrumb","itemListElement":[{"@type":"ListItem","position":1,"name":"Home","item":"https:\/\/www.granducatocollection.com\/"},{"@type":"ListItem","position":2,"name":"Shop","item":"https:\/\/www.granducatocollection.com\/negozio\/"},{"@type":"ListItem","position":3,"name":"Box vini Borgunto 15 pezzi"}]},{"@type":"WebSite","@id":"https:\/\/www.granducatocollection.com\/#website","url":"https:\/\/www.granducatocollection.com\/","name":"GranDucato Collection","description":"Prenota la tua vacanza e vivi un&#039;esperienza unica","potentialAction":[{"@type":"SearchAction","target":{"@type":"EntryPoint","urlTemplate":"https:\/\/www.granducatocollection.com\/?s={search_term_string}"},"query-input":{"@type":"PropertyValueSpecification","valueRequired":true,"valueName":"search_term_string"}}],"inLanguage":"pl-PL"}]}},"_links":{"self":[{"href":"https:\/\/www.granducatocollection.com\/pl\/wp-json\/wp\/v2\/product\/7171","targetHints":{"allow":["GET"]}}],"collection":[{"href":"https:\/\/www.granducatocollection.com\/pl\/wp-json\/wp\/v2\/product"}],"about":[{"href":"https:\/\/www.granducatocollection.com\/pl\/wp-json\/wp\/v2\/types\/product"}],"wp:featuredmedia":[{"embeddable":true,"href":"https:\/\/www.granducatocollection.com\/pl\/wp-json\/wp\/v2\/media\/11375"}],"wp:attachment":[{"href":"https:\/\/www.granducatocollection.com\/pl\/wp-json\/wp\/v2\/media?parent=7171"}],"wp:term":[{"taxonomy":"product_brand","embeddable":true,"href":"https:\/\/www.granducatocollection.com\/pl\/wp-json\/wp\/v2\/product_brand?post=7171"},{"taxonomy":"product_cat","embeddable":true,"href":"https:\/\/www.granducatocollection.com\/pl\/wp-json\/wp\/v2\/product_cat?post=7171"},{"taxonomy":"product_tag","embeddable":true,"href":"https:\/\/www.granducatocollection.com\/pl\/wp-json\/wp\/v2\/product_tag?post=7171"}],"curies":[{"name":"wp","href":"https:\/\/api.w.org\/{rel}","templated":true}]}}