{"id":7098,"date":"2025-05-10T12:23:32","date_gmt":"2025-05-10T12:23:32","guid":{"rendered":"https:\/\/www.granducatocollection.com\/?post_type=product&#038;p=7098"},"modified":"2026-04-16T12:42:49","modified_gmt":"2026-04-16T12:42:49","slug":"chianti-rosso-docg-colli-aretino-borgunto","status":"publish","type":"product","link":"https:\/\/www.granducatocollection.com\/pl\/product\/chianti-rosso-docg-colli-aretino-borgunto\/","title":{"rendered":"Chianti Rosso DOCG Colli Aretini Borgunto"},"content":{"rendered":"<p><script type=\"application\/ld+json\">{\n    \"@context\": \"https:\\\/\\\/schema.org\",\n    \"@type\": \"Product\",\n    \"@id\": \"https:\\\/\\\/www.granducatocollection.com\\\/prodotto\\\/chianti-rosso-docg-colli-aretino-borgunto\\\/\",\n    \"name\": \"Chianti Rosso DOCG Colli Aretini \\u2013 Borgunto\",\n    \"image\": \"https:\\\/\\\/www.granducatocollection.com\\\/wp-content\\\/uploads\\\/2026\\\/01\\\/chianti-rosso-docg-colli-aretini-borgunto.jpg\",\n    \"description\": \"Chianti Rosso DOCG artigianale da Arezzo, Toscana. Prodotto da Borgunto con uve Sangiovese dei Colli Aretini. Perfetto per cene conviviali o come regalo enologico toscano.\",\n    \"brand\": {\n        \"@type\": \"Organization\",\n        \"name\": \"Borgunto\"\n    },\n    \"offers\": {\n        \"@type\": \"Offer\",\n        \"url\": \"https:\\\/\\\/www.granducatocollection.com\\\/prodotto\\\/chianti-rosso-docg-colli-aretino-borgunto\\\/\",\n        \"priceCurrency\": \"EUR\",\n        \"price\": \"15.00\",\n        \"itemCondition\": \"https:\\\/\\\/schema.org\\\/NewCondition\",\n        \"availability\": \"https:\\\/\\\/schema.org\\\/InStock\",\n        \"seller\": {\n            \"@type\": \"Organization\",\n            \"name\": \"Granducato Collection\"\n        },\n        \"hasMerchantReturnPolicy\": {\n            \"@type\": \"MerchantReturnPolicy\",\n            \"returnPolicyCategory\": \"https:\\\/\\\/schema.org\\\/MerchantReturnFiniteReturnWindow\",\n            \"merchantReturnDays\": 14,\n            \"returnMethod\": \"https:\\\/\\\/schema.org\\\/ReturnByMail\",\n            \"returnFees\": \"https:\\\/\\\/schema.org\\\/FreeReturn\"\n        },\n        \"shippingDetails\": {\n            \"@type\": \"OfferShippingDetails\",\n            \"shippingRate\": {\n                \"@type\": \"MonetaryAmount\",\n                \"value\": \"0.00\",\n                \"currency\": \"EUR\"\n            },\n            \"shippingDestination\": {\n                \"@type\": \"DefinedRegion\",\n                \"addressCountry\": \"IT\"\n            },\n            \"deliveryTime\": {\n                \"@type\": \"ShippingDeliveryTime\",\n                \"handlingTime\": {\n                    \"@type\": \"QuantitativeValue\",\n                    \"minValue\": 1,\n                    \"maxValue\": 2,\n                    \"unitCode\": \"DAY\"\n                },\n                \"transitTime\": {\n                    \"@type\": \"QuantitativeValue\",\n                    \"minValue\": 2,\n                    \"maxValue\": 5,\n                    \"unitCode\": \"DAY\"\n                }\n            }\n        }\n    },\n    \"sku\": \"CHIANTI-ROSSO-DOCG-COLLI-ARETINI\"\n}<\/script><br \/>\n<\/script><\/p>\n<h1>Chianti Rosso DOCG Colli Aretini \u2013 Borgunto<\/h1>\n<h2>Rzemie\u015blnicze toska\u0144skie czerwone wino z Arezzo, autentyczny wyraz regionu.<\/h2>\n<p class=\"translation-block\"><strong>Chianti Rosso DOCG Colli Aretini<\/strong> to ho\u0142d z\u0142o\u017cony w\u0142oskiej tradycji winiarskiej, wytwarzany z pasj\u0105 przez <strong>Borgunto<\/strong> w sercu <strong>Arezzo<\/strong>. Wytworzony g\u0142\u00f3wnie z winogron <strong>Sangiovese<\/strong>, wzbogaconych niewielkimi ilo\u015bciami Canaiolo nero, Trebbiano Toscano i Malvasia, ten <strong>tyski czerwone wino<\/strong> pochodzi z po\u0142udniowych zboczy wzg\u00f3rz, gdzie s\u0142o\u0144ce, gleba i klimat \u0142\u0105cz\u0105 si\u0119, by da\u0107 pocz\u0105tek winu o charakterze.<\/p>\n<h3>Chianti DOCG na towarzyskie kolacje i niezapomniane chwile<\/h3>\n<p class=\"translation-block\">Z intensywnym rubinowym kolorem, otulaj\u0105cymi aromatami wi\u015bni, fio\u0142k\u00f3w i delikatnych przypraw, oraz zr\u00f3wnowa\u017conym i trwa\u0142ym smakiem, Chianti Rosso DOCG to idealny towarzysz dla <strong>serdecznych kolacji<\/strong>, pieczeni, tradycyjnych toska\u0144skich da\u0144 pierwszych czy po prostu do \u015bwi\u0119towania sztuki dobrego \u017cycia. Jego elegancja czyni go r\u00f3wnie\u017c <strong>rafinowanym prezentem enologicznym<\/strong>, zdolnym opowiedzie\u0107 o pi\u0119knie toska\u0144skiej doliny w ka\u017cdej kieliszku.<\/p>\n<h3>Symbol kolekcji Granducato: rzemie\u015blnicza uprawa winoro\u015bli i szacunek dla terytorium<\/h3>\n<p class=\"translation-block\">Wyprodukowane przez rzemie\u015blnicz\u0105 winiarni\u0119 w Arezzo, maj\u0105c\u0105 g\u0142\u0119bokie korzenie w Colli Aretini, to Chianti uciele\u015bnia warto\u015bci kolekcji Granducato: bezpo\u015bredni\u0105 kontrol\u0119 nad winnic\u0105, r\u0119czne zbiory, tradycyjn\u0105 produkcj\u0119 wina i najwy\u017csz\u0105 dba\u0142o\u015b\u0107 o szczeg\u00f3\u0142y. Wino, kt\u00f3re nie tylko szanuje denominacj\u0119 DOCG, ale tak\u017ce wydobywa jego najprawdziwsz\u0105 dusz\u0119.<\/p>","protected":false},"excerpt":{"rendered":"<h1>Chianti Rosso Colli Aretini DOCG<\/h1>\n<p class=\"translation-block\">Rzemie\u015blnicze wino <strong>Chianti Rosso DOCG<\/strong> z <strong>Arezzo<\/strong>, produkowane przez <strong>Borgunto<\/strong> z winogron <strong>Sangiovese<\/strong> pochodz\u0105cych z <strong>Colli Aretini<\/strong>. To <strong>tyskie czerwone wino<\/strong> idealne na spotkania towarzyskie lub jako <strong>prezent enologiczny<\/strong>, kt\u00f3ry oddaje ducha w\u0142oskiej tradycji winiarskiej.<\/p>","protected":false},"featured_media":7154,"template":"","meta":{"_acf_changed":false},"product_brand":[764],"product_cat":[92],"product_tag":[311,306,304,308,277,312,309,307,310,305],"class_list":{"0":"post-7098","1":"product","2":"type-product","3":"status-publish","4":"has-post-thumbnail","6":"product_brand-granducato-collection","7":"product_cat-i-nostri-formati-speciali","8":"product_tag-borgunto","9":"product_tag-chianti-docg","10":"product_tag-chianti-rosso","11":"product_tag-colli-aretini","12":"product_tag-vino-da-collezione","13":"product_tag-vino-da-pranzo","14":"product_tag-vino-da-regalo","15":"product_tag-vino-italiano","16":"product_tag-vino-rosso-premium","17":"product_tag-vino-rosso-toscano","19":"first","20":"instock","21":"shipping-taxable","22":"purchasable","23":"product-type-simple"},"acf":[],"yoast_head":"<!-- This site is optimized with the Yoast SEO plugin v26.7 - https:\/\/yoast.com\/wordpress\/plugins\/seo\/ -->\n<title>B&amp;B Arezzo - Chianti Rosso Colli Aretini - Granducato Collection<\/title>\n<meta name=\"description\" content=\"Chianti Rosso Colli Aretini DOCG \u2013 un vino rosso toscano di alta qualit\u00e0, prodotto con uve selezionate. Acquistalo online su granducatocollection.com\" \/>\n<meta name=\"robots\" content=\"index, follow, max-snippet:-1, max-image-preview:large, max-video-preview:-1\" \/>\n<link rel=\"canonical\" href=\"https:\/\/www.granducatocollection.com\/pl\/product\/chianti-rosso-docg-colli-aretino-borgunto\/\" \/>\n<meta property=\"og:locale\" content=\"pl_PL\" \/>\n<meta property=\"og:type\" content=\"article\" \/>\n<meta property=\"og:title\" content=\"B&amp;B Arezzo - Chianti Rosso Colli Aretini - Granducato Collection\" \/>\n<meta property=\"og:description\" content=\"Chianti Rosso Colli Aretini DOCG \u2013 un vino rosso toscano di alta qualit\u00e0, prodotto con uve selezionate. Acquistalo online su granducatocollection.com\" \/>\n<meta property=\"og:url\" content=\"https:\/\/www.granducatocollection.com\/pl\/product\/chianti-rosso-docg-colli-aretino-borgunto\/\" \/>\n<meta property=\"og:site_name\" content=\"Granducato Collection\" \/>\n<meta property=\"article:modified_time\" content=\"2026-04-16T12:42:49+00:00\" \/>\n<meta property=\"og:image\" content=\"https:\/\/www.granducatocollection.com\/wp-content\/uploads\/2025\/05\/chianti-docg-borgunto-granducatogestioni-arezzo-firenze-toscana-viareggio-aziendaagricola-affittacamere-BB-suitelets.jpg\" \/>\n\t<meta property=\"og:image:width\" content=\"350\" \/>\n\t<meta property=\"og:image:height\" content=\"350\" \/>\n\t<meta property=\"og:image:type\" content=\"image\/jpeg\" \/>\n<meta name=\"twitter:card\" content=\"summary_large_image\" \/>\n<meta name=\"twitter:label1\" content=\"Szacowany czas czytania\" \/>\n\t<meta name=\"twitter:data1\" content=\"2 minuty\" \/>\n<script type=\"application\/ld+json\" class=\"yoast-schema-graph\">{\"@context\":\"https:\/\/schema.org\",\"@graph\":[{\"@type\":\"WebPage\",\"@id\":\"https:\/\/www.granducatocollection.com\/prodotto\/chianti-rosso-docg-colli-aretino-borgunto\/\",\"url\":\"https:\/\/www.granducatocollection.com\/prodotto\/chianti-rosso-docg-colli-aretino-borgunto\/\",\"name\":\"B&B Arezzo - Chianti Rosso Colli Aretini - Granducato Collection\",\"isPartOf\":{\"@id\":\"https:\/\/www.granducatocollection.com\/#website\"},\"primaryImageOfPage\":{\"@id\":\"https:\/\/www.granducatocollection.com\/prodotto\/chianti-rosso-docg-colli-aretino-borgunto\/#primaryimage\"},\"image\":{\"@id\":\"https:\/\/www.granducatocollection.com\/prodotto\/chianti-rosso-docg-colli-aretino-borgunto\/#primaryimage\"},\"thumbnailUrl\":\"https:\/\/www.granducatocollection.com\/wp-content\/uploads\/2025\/05\/chianti-docg-borgunto-granducatogestioni-arezzo-firenze-toscana-viareggio-aziendaagricola-affittacamere-BB-suitelets.jpg\",\"datePublished\":\"2025-05-10T12:23:32+00:00\",\"dateModified\":\"2026-04-16T12:42:49+00:00\",\"description\":\"Chianti Rosso Colli Aretini DOCG \u2013 un vino rosso toscano di alta qualit\u00e0, prodotto con uve selezionate. Acquistalo online su granducatocollection.com\",\"breadcrumb\":{\"@id\":\"https:\/\/www.granducatocollection.com\/prodotto\/chianti-rosso-docg-colli-aretino-borgunto\/#breadcrumb\"},\"inLanguage\":\"pl-PL\",\"potentialAction\":[{\"@type\":\"ReadAction\",\"target\":[\"https:\/\/www.granducatocollection.com\/prodotto\/chianti-rosso-docg-colli-aretino-borgunto\/\"]}]},{\"@type\":\"ImageObject\",\"inLanguage\":\"pl-PL\",\"@id\":\"https:\/\/www.granducatocollection.com\/prodotto\/chianti-rosso-docg-colli-aretino-borgunto\/#primaryimage\",\"url\":\"https:\/\/www.granducatocollection.com\/wp-content\/uploads\/2025\/05\/chianti-docg-borgunto-granducatogestioni-arezzo-firenze-toscana-viareggio-aziendaagricola-affittacamere-BB-suitelets.jpg\",\"contentUrl\":\"https:\/\/www.granducatocollection.com\/wp-content\/uploads\/2025\/05\/chianti-docg-borgunto-granducatogestioni-arezzo-firenze-toscana-viareggio-aziendaagricola-affittacamere-BB-suitelets.jpg\",\"width\":350,\"height\":350},{\"@type\":\"BreadcrumbList\",\"@id\":\"https:\/\/www.granducatocollection.com\/prodotto\/chianti-rosso-docg-colli-aretino-borgunto\/#breadcrumb\",\"itemListElement\":[{\"@type\":\"ListItem\",\"position\":1,\"name\":\"Home\",\"item\":\"https:\/\/www.granducatocollection.com\/\"},{\"@type\":\"ListItem\",\"position\":2,\"name\":\"Shop\",\"item\":\"https:\/\/www.granducatocollection.com\/negozio\/\"},{\"@type\":\"ListItem\",\"position\":3,\"name\":\"Chianti Rosso Docg Colli Aretini Borgunto\"}]},{\"@type\":\"WebSite\",\"@id\":\"https:\/\/www.granducatocollection.com\/#website\",\"url\":\"https:\/\/www.granducatocollection.com\/\",\"name\":\"GranDucato Collection\",\"description\":\"Prenota la tua vacanza e vivi un&#039;esperienza unica\",\"potentialAction\":[{\"@type\":\"SearchAction\",\"target\":{\"@type\":\"EntryPoint\",\"urlTemplate\":\"https:\/\/www.granducatocollection.com\/?s={search_term_string}\"},\"query-input\":{\"@type\":\"PropertyValueSpecification\",\"valueRequired\":true,\"valueName\":\"search_term_string\"}}],\"inLanguage\":\"pl-PL\"}]}<\/script>\n<!-- \/ Yoast SEO plugin. -->","yoast_head_json":{"title":"B&B Arezzo - Chianti Rosso Colli Aretini - Granducato Collection","description":"Chianti Rosso Colli Aretini DOCG \u2013 un vino rosso toscano di alta qualit\u00e0, prodotto con uve selezionate. Acquistalo online su granducatocollection.com","robots":{"index":"index","follow":"follow","max-snippet":"max-snippet:-1","max-image-preview":"max-image-preview:large","max-video-preview":"max-video-preview:-1"},"canonical":"https:\/\/www.granducatocollection.com\/pl\/product\/chianti-rosso-docg-colli-aretino-borgunto\/","og_locale":"pl_PL","og_type":"article","og_title":"B&B Arezzo - Chianti Rosso Colli Aretini - Granducato Collection","og_description":"Chianti Rosso Colli Aretini DOCG \u2013 un vino rosso toscano di alta qualit\u00e0, prodotto con uve selezionate. Acquistalo online su granducatocollection.com","og_url":"https:\/\/www.granducatocollection.com\/pl\/product\/chianti-rosso-docg-colli-aretino-borgunto\/","og_site_name":"Granducato Collection","article_modified_time":"2026-04-16T12:42:49+00:00","og_image":[{"width":350,"height":350,"url":"https:\/\/www.granducatocollection.com\/wp-content\/uploads\/2025\/05\/chianti-docg-borgunto-granducatogestioni-arezzo-firenze-toscana-viareggio-aziendaagricola-affittacamere-BB-suitelets.jpg","type":"image\/jpeg"}],"twitter_card":"summary_large_image","twitter_misc":{"Szacowany czas czytania":"2 minuty"},"schema":{"@context":"https:\/\/schema.org","@graph":[{"@type":"WebPage","@id":"https:\/\/www.granducatocollection.com\/prodotto\/chianti-rosso-docg-colli-aretino-borgunto\/","url":"https:\/\/www.granducatocollection.com\/prodotto\/chianti-rosso-docg-colli-aretino-borgunto\/","name":"B&B Arezzo - Chianti Rosso Colli Aretini - Granducato Collection","isPartOf":{"@id":"https:\/\/www.granducatocollection.com\/#website"},"primaryImageOfPage":{"@id":"https:\/\/www.granducatocollection.com\/prodotto\/chianti-rosso-docg-colli-aretino-borgunto\/#primaryimage"},"image":{"@id":"https:\/\/www.granducatocollection.com\/prodotto\/chianti-rosso-docg-colli-aretino-borgunto\/#primaryimage"},"thumbnailUrl":"https:\/\/www.granducatocollection.com\/wp-content\/uploads\/2025\/05\/chianti-docg-borgunto-granducatogestioni-arezzo-firenze-toscana-viareggio-aziendaagricola-affittacamere-BB-suitelets.jpg","datePublished":"2025-05-10T12:23:32+00:00","dateModified":"2026-04-16T12:42:49+00:00","description":"Chianti Rosso Colli Aretini DOCG \u2013 un vino rosso toscano di alta qualit\u00e0, prodotto con uve selezionate. Acquistalo online su granducatocollection.com","breadcrumb":{"@id":"https:\/\/www.granducatocollection.com\/prodotto\/chianti-rosso-docg-colli-aretino-borgunto\/#breadcrumb"},"inLanguage":"pl-PL","potentialAction":[{"@type":"ReadAction","target":["https:\/\/www.granducatocollection.com\/prodotto\/chianti-rosso-docg-colli-aretino-borgunto\/"]}]},{"@type":"ImageObject","inLanguage":"pl-PL","@id":"https:\/\/www.granducatocollection.com\/prodotto\/chianti-rosso-docg-colli-aretino-borgunto\/#primaryimage","url":"https:\/\/www.granducatocollection.com\/wp-content\/uploads\/2025\/05\/chianti-docg-borgunto-granducatogestioni-arezzo-firenze-toscana-viareggio-aziendaagricola-affittacamere-BB-suitelets.jpg","contentUrl":"https:\/\/www.granducatocollection.com\/wp-content\/uploads\/2025\/05\/chianti-docg-borgunto-granducatogestioni-arezzo-firenze-toscana-viareggio-aziendaagricola-affittacamere-BB-suitelets.jpg","width":350,"height":350},{"@type":"BreadcrumbList","@id":"https:\/\/www.granducatocollection.com\/prodotto\/chianti-rosso-docg-colli-aretino-borgunto\/#breadcrumb","itemListElement":[{"@type":"ListItem","position":1,"name":"Home","item":"https:\/\/www.granducatocollection.com\/"},{"@type":"ListItem","position":2,"name":"Shop","item":"https:\/\/www.granducatocollection.com\/negozio\/"},{"@type":"ListItem","position":3,"name":"Chianti Rosso Docg Colli Aretini Borgunto"}]},{"@type":"WebSite","@id":"https:\/\/www.granducatocollection.com\/#website","url":"https:\/\/www.granducatocollection.com\/","name":"GranDucato Collection","description":"Prenota la tua vacanza e vivi un&#039;esperienza unica","potentialAction":[{"@type":"SearchAction","target":{"@type":"EntryPoint","urlTemplate":"https:\/\/www.granducatocollection.com\/?s={search_term_string}"},"query-input":{"@type":"PropertyValueSpecification","valueRequired":true,"valueName":"search_term_string"}}],"inLanguage":"pl-PL"}]}},"_links":{"self":[{"href":"https:\/\/www.granducatocollection.com\/pl\/wp-json\/wp\/v2\/product\/7098","targetHints":{"allow":["GET"]}}],"collection":[{"href":"https:\/\/www.granducatocollection.com\/pl\/wp-json\/wp\/v2\/product"}],"about":[{"href":"https:\/\/www.granducatocollection.com\/pl\/wp-json\/wp\/v2\/types\/product"}],"wp:featuredmedia":[{"embeddable":true,"href":"https:\/\/www.granducatocollection.com\/pl\/wp-json\/wp\/v2\/media\/7154"}],"wp:attachment":[{"href":"https:\/\/www.granducatocollection.com\/pl\/wp-json\/wp\/v2\/media?parent=7098"}],"wp:term":[{"taxonomy":"product_brand","embeddable":true,"href":"https:\/\/www.granducatocollection.com\/pl\/wp-json\/wp\/v2\/product_brand?post=7098"},{"taxonomy":"product_cat","embeddable":true,"href":"https:\/\/www.granducatocollection.com\/pl\/wp-json\/wp\/v2\/product_cat?post=7098"},{"taxonomy":"product_tag","embeddable":true,"href":"https:\/\/www.granducatocollection.com\/pl\/wp-json\/wp\/v2\/product_tag?post=7098"}],"curies":[{"name":"wp","href":"https:\/\/api.w.org\/{rel}","templated":true}]}}