{"id":7092,"date":"2025-05-10T11:51:28","date_gmt":"2025-05-10T11:51:28","guid":{"rendered":"https:\/\/www.granducatocollection.com\/?post_type=product&#038;p=7092"},"modified":"2026-04-20T23:00:50","modified_gmt":"2026-04-20T23:00:50","slug":"chianti-riserva-docg-colli-aretini-borgunto","status":"publish","type":"product","link":"https:\/\/www.granducatocollection.com\/pl\/product\/chianti-riserva-docg-colli-aretini-borgunto\/","title":{"rendered":"Chianti Riserva DOCG Colli Aretini Borgunto"},"content":{"rendered":"<p><script type=\"application\/ld+json\">{\n    \"@context\": \"https:\\\/\\\/schema.org\",\n    \"@type\": \"Product\",\n    \"@id\": \"https:\\\/\\\/www.granducatocollection.com\\\/prodotto\\\/chianti-riserva-docg-colli-aretini-borgunto\\\/\",\n    \"name\": \"Chianti Riserva DOCG Colli Aretini \\u2013 Borgunto\",\n    \"image\": \"https:\\\/\\\/www.granducatocollection.com\\\/wp-content\\\/uploads\\\/2026\\\/01\\\/chianti-riserva-colli-aretini-borgunto.jpg\",\n    \"description\": \"Chianti Riserva DOCG artigianale dei Colli Aretini, prodotto ad Arezzo in Toscana da Borgunto. Affinato in botte, perfetto per cene eleganti o come regalo enologico raffinato.\",\n    \"brand\": {\n        \"@type\": \"Brand\",\n        \"name\": \"Borgunto\"\n    },\n    \"offers\": {\n        \"@type\": \"Offer\",\n        \"url\": \"https:\\\/\\\/www.granducatocollection.com\\\/prodotto\\\/chianti-riserva-docg-colli-aretini-borgunto\\\/\",\n        \"priceCurrency\": \"EUR\",\n        \"price\": \"28.00\",\n        \"itemCondition\": \"https:\\\/\\\/schema.org\\\/NewCondition\",\n        \"availability\": \"https:\\\/\\\/schema.org\\\/InStock\",\n        \"hasMerchantReturnPolicy\": {\n            \"@type\": \"MerchantReturnPolicy\",\n            \"returnPolicyCategory\": \"https:\\\/\\\/schema.org\\\/MerchantReturnFiniteReturnWindow\",\n            \"merchantReturnDays\": 14,\n            \"returnMethod\": \"https:\\\/\\\/schema.org\\\/ReturnByMail\",\n            \"returnFees\": \"https:\\\/\\\/schema.org\\\/FreeReturn\"\n        },\n        \"seller\": {\n            \"@type\": \"Organization\",\n            \"name\": \"Granducato Collection\"\n        }\n    },\n    \"sku\": \"CHIANTI-RISERVA-COLLI-ARETINI-DOCG\"\n}<\/script><br \/>\n<\/script><\/p>\n<h1>Chianti Riserva DOCG Colli Aretini<\/h1>\n<h2>Rzemie\u015blnicze toska\u0144skie wino czerwone, produkowane w Arezzo z pasj\u0105<\/h2>\n<p class=\"translation-block\"><strong>Chianti Riserva DOCG Colli Aretini<\/strong> to najbardziej autentyczny przejaw toska\u0144skiej uprawy winoro\u015bli. Wytwarzane przez <strong>Borgunto<\/strong> w <strong>Colli Aretini di Arezzo<\/strong>, powstaje z wyselekcjonowanych winogron Sangiovese i jest starannie le\u017cakowane: najpierw w betonie, aby zachowa\u0107 \u015bwie\u017co\u015b\u0107, a nast\u0119pnie w <strong>d\u0119bowych beczkach<\/strong> przez ponad 24 miesi\u0105ce, uzyskuj\u0105c struktur\u0119, z\u0142o\u017cono\u015b\u0107 i elegancki bukiet wi\u015bni, przypraw i wanilii.<\/p>\n<h3>Wino na eleganckie kolacje i wyrafinowane prezenty winne<\/h3>\n<p class=\"translation-block\">Dzi\u0119ki intensywnej rubinowej barwie i zr\u00f3wnowa\u017conemu smakowi, to <strong>rzemie\u015blnicze toska\u0144skie wino<\/strong> idealnie pasuje do pieczeni, dziczyzny i dojrza\u0142ych ser\u00f3w. Jego elegancja sprawia, \u017ce \u200b\u200bjest to r\u00f3wnie\u017c <strong>wyrafinowany prezent<\/strong>, idealny na specjalne okazje z kieliszkiem autentycznego <strong>toska\u0144skiego<\/strong> wina.<\/p>\n<h3>Symbol kolekcji Granducato: tradycja, terytorium i jako\u015b\u0107<\/h3>\n<p class=\"translation-block\">Ka\u017cda butelka uciele\u015bnia warto\u015bci kolekcji <strong>Granducato<\/strong>: bezpo\u015bredni\u0105 kontrol\u0119 nad winnic\u0105, r\u0119czny zbi\u00f3r, szacunek dla <strong>DOC.G.<\/strong> i maksymaln\u0105 dba\u0142o\u015b\u0107 o szczeg\u00f3\u0142y. Wino, kt\u00f3re nie tylko opowiada histori\u0119 <strong>Colli Aretini<\/strong>, ale tak\u017ce celebruje sztuk\u0119 w\u0142oskiego winiarstwa na ca\u0142ym \u015bwiecie.<\/p>","protected":false},"excerpt":{"rendered":"<h1>Chianti Riserva DOCG<\/h1>\n<p class=\"translation-block\"><strong>Chianti Riserva DOCG Colli Aretini<\/strong> produkowane rzemie\u015blniczo przez <strong>Borgunto<\/strong>, dojrzewaj\u0105ce w beczkach i wytwarzane w <strong>Arezzo<\/strong>, w <strong>Toskanii<\/strong>. Strukturalne czerwone wino, idealne do eleganckich kolacji lub jako <strong>wykwintny prezent winiarski<\/strong>.<\/p>\n<div style=\"margin: 20px 0; padding: 15px 0;\">\n<div style=\"display: flex; flex-direction: column; gap: 12px;\">\n<p>        <!-- Amazon Button --><br \/>\n        <a href=\"https:\/\/www.amazon.it\/Borgunto%C2%AE-Chianti-Riserva-2020-C-G\/dp\/B0CL7T3ZM8?ref_=ast_sto_dp&#038;th=1\" target=\"_blank\" rel=\"noopener noreferrer\" style=\"display: inline-flex; align-items: center; justify-content: flex-start; gap: 12px; padding: 14px 20px; border-radius: 8px; text-decoration: none !important; font-weight: 600; font-size: 15px; background: linear-gradient(135deg, #FF9900, #FFB14D); color: #232F3E; box-shadow: 0 2px 6px rgba(0,0,0,0.1); transition: transform 0.2s; border: none; cursor: pointer;\"><br \/>\n            <img decoding=\"async\" src=\"https:\/\/cdn.iconscout.com\/icon\/free\/png-256\/free-amazon-logo-icon-svg-download-png-1583154.png?f=webp\" alt=\"Amazon\" style=\"width: 28px !important; height: 28px !important; min-width: 28px !important; min-height: 28px !important; max-width: 28px !important; max-height: 28px !important; object-fit: contain; display: block;\"><br \/>\n            <span style=\"flex: 1;\">Acquista su Amazon<\/span><br \/>\n            <svg viewbox=\"0 0 24 24\" style=\"width: 20px !important; height: 20px !important; min-width: 20px !important; min-height: 20px !important; max-width: 20px !important; max-height: 20px !important; fill: currentColor; opacity: 0.9; flex-shrink: 0;\" xmlns=\"http:\/\/www.w3.org\/2000\/svg\">\n                <path d=\"M16 11V7a4 4 0 00-8 0v4M5 9h14l1 12H4L5 9z\"\/>\n            <\/svg><br \/>\n        <\/a><\/p>\n<p>        <\/a><\/p><\/div>\n<\/div>\n<p><!-- === FINE PULSANTI === --><\/p>","protected":false},"featured_media":7093,"template":"","meta":{"_acf_changed":false},"product_brand":[764],"product_cat":[92],"product_tag":[311,306,313,308,277,317,309,316,314,305],"class_list":{"0":"post-7092","1":"product","2":"type-product","3":"status-publish","4":"has-post-thumbnail","6":"product_brand-granducato-collection","7":"product_cat-i-nostri-formati-speciali","8":"product_tag-borgunto","9":"product_tag-chianti-docg","10":"product_tag-chianti-riserva","11":"product_tag-colli-aretini","12":"product_tag-vino-da-collezione","13":"product_tag-vino-da-pranzo-elegante","14":"product_tag-vino-da-regalo","15":"product_tag-vino-premium","16":"product_tag-vino-riserva","17":"product_tag-vino-rosso-toscano","19":"first","20":"instock","21":"shipping-taxable","22":"purchasable","23":"product-type-simple"},"acf":[],"yoast_head":"<!-- This site is optimized with the Yoast SEO plugin v26.7 - https:\/\/yoast.com\/wordpress\/plugins\/seo\/ -->\n<title>B&amp;B Arezzo - Chianti Riserva DOCG | Granducato Collection<\/title>\n<meta name=\"description\" content=\"Chianti Riserva Colli Aretini. Scopri il nostro vino rosso DOCG, selezionato tra le migliori etichette toscane. Acquistalo ora su granducatocollection.com\" \/>\n<meta name=\"robots\" content=\"index, follow, max-snippet:-1, max-image-preview:large, max-video-preview:-1\" \/>\n<link rel=\"canonical\" href=\"https:\/\/www.granducatocollection.com\/pl\/product\/chianti-riserva-docg-colli-aretini-borgunto\/\" \/>\n<meta property=\"og:locale\" content=\"pl_PL\" \/>\n<meta property=\"og:type\" content=\"article\" \/>\n<meta property=\"og:title\" content=\"B&amp;B Arezzo - Chianti Riserva DOCG | Granducato Collection\" \/>\n<meta property=\"og:description\" content=\"Chianti Riserva Colli Aretini. Scopri il nostro vino rosso DOCG, selezionato tra le migliori etichette toscane. Acquistalo ora su granducatocollection.com\" \/>\n<meta property=\"og:url\" content=\"https:\/\/www.granducatocollection.com\/pl\/product\/chianti-riserva-docg-colli-aretini-borgunto\/\" \/>\n<meta property=\"og:site_name\" content=\"Granducato Collection\" \/>\n<meta property=\"article:modified_time\" content=\"2026-04-20T23:00:50+00:00\" \/>\n<meta property=\"og:image\" content=\"https:\/\/www.granducatocollection.com\/wp-content\/uploads\/2025\/05\/chianti-base-borgunto-granducatogestioni-arezzo-firenze-toscana-viareggio-aziendaagricola-affittacamere-BB-suitelets.webp\" \/>\n\t<meta property=\"og:image:width\" content=\"700\" \/>\n\t<meta property=\"og:image:height\" content=\"700\" \/>\n\t<meta property=\"og:image:type\" content=\"image\/webp\" \/>\n<meta name=\"twitter:card\" content=\"summary_large_image\" \/>\n<meta name=\"twitter:label1\" content=\"Szacowany czas czytania\" \/>\n\t<meta name=\"twitter:data1\" content=\"2 minuty\" \/>\n<script type=\"application\/ld+json\" class=\"yoast-schema-graph\">{\"@context\":\"https:\/\/schema.org\",\"@graph\":[{\"@type\":\"WebPage\",\"@id\":\"https:\/\/www.granducatocollection.com\/prodotto\/chianti-riserva-docg-colli-aretini-borgunto\/\",\"url\":\"https:\/\/www.granducatocollection.com\/prodotto\/chianti-riserva-docg-colli-aretini-borgunto\/\",\"name\":\"B&B Arezzo - Chianti Riserva DOCG | Granducato Collection\",\"isPartOf\":{\"@id\":\"https:\/\/www.granducatocollection.com\/#website\"},\"primaryImageOfPage\":{\"@id\":\"https:\/\/www.granducatocollection.com\/prodotto\/chianti-riserva-docg-colli-aretini-borgunto\/#primaryimage\"},\"image\":{\"@id\":\"https:\/\/www.granducatocollection.com\/prodotto\/chianti-riserva-docg-colli-aretini-borgunto\/#primaryimage\"},\"thumbnailUrl\":\"https:\/\/www.granducatocollection.com\/wp-content\/uploads\/2025\/05\/chianti-base-borgunto-granducatogestioni-arezzo-firenze-toscana-viareggio-aziendaagricola-affittacamere-BB-suitelets.webp\",\"datePublished\":\"2025-05-10T11:51:28+00:00\",\"dateModified\":\"2026-04-20T23:00:50+00:00\",\"description\":\"Chianti Riserva Colli Aretini. Scopri il nostro vino rosso DOCG, selezionato tra le migliori etichette toscane. Acquistalo ora su granducatocollection.com\",\"breadcrumb\":{\"@id\":\"https:\/\/www.granducatocollection.com\/prodotto\/chianti-riserva-docg-colli-aretini-borgunto\/#breadcrumb\"},\"inLanguage\":\"pl-PL\",\"potentialAction\":[{\"@type\":\"ReadAction\",\"target\":[\"https:\/\/www.granducatocollection.com\/prodotto\/chianti-riserva-docg-colli-aretini-borgunto\/\"]}]},{\"@type\":\"ImageObject\",\"inLanguage\":\"pl-PL\",\"@id\":\"https:\/\/www.granducatocollection.com\/prodotto\/chianti-riserva-docg-colli-aretini-borgunto\/#primaryimage\",\"url\":\"https:\/\/www.granducatocollection.com\/wp-content\/uploads\/2025\/05\/chianti-base-borgunto-granducatogestioni-arezzo-firenze-toscana-viareggio-aziendaagricola-affittacamere-BB-suitelets.webp\",\"contentUrl\":\"https:\/\/www.granducatocollection.com\/wp-content\/uploads\/2025\/05\/chianti-base-borgunto-granducatogestioni-arezzo-firenze-toscana-viareggio-aziendaagricola-affittacamere-BB-suitelets.webp\",\"width\":700,\"height\":700,\"caption\":\"Chianti Riserva DOCG Vigna Vecchia vino rosso italiano pregiato produzione limitata\"},{\"@type\":\"BreadcrumbList\",\"@id\":\"https:\/\/www.granducatocollection.com\/prodotto\/chianti-riserva-docg-colli-aretini-borgunto\/#breadcrumb\",\"itemListElement\":[{\"@type\":\"ListItem\",\"position\":1,\"name\":\"Home\",\"item\":\"https:\/\/www.granducatocollection.com\/\"},{\"@type\":\"ListItem\",\"position\":2,\"name\":\"Shop\",\"item\":\"https:\/\/www.granducatocollection.com\/negozio\/\"},{\"@type\":\"ListItem\",\"position\":3,\"name\":\"Chianti Riserva Docg Colli Aretini Borgunto\"}]},{\"@type\":\"WebSite\",\"@id\":\"https:\/\/www.granducatocollection.com\/#website\",\"url\":\"https:\/\/www.granducatocollection.com\/\",\"name\":\"GranDucato Collection\",\"description\":\"Prenota la tua vacanza e vivi un&#039;esperienza unica\",\"potentialAction\":[{\"@type\":\"SearchAction\",\"target\":{\"@type\":\"EntryPoint\",\"urlTemplate\":\"https:\/\/www.granducatocollection.com\/?s={search_term_string}\"},\"query-input\":{\"@type\":\"PropertyValueSpecification\",\"valueRequired\":true,\"valueName\":\"search_term_string\"}}],\"inLanguage\":\"pl-PL\"}]}<\/script>\n<!-- \/ Yoast SEO plugin. -->","yoast_head_json":{"title":"B&B Arezzo - Chianti Riserva DOCG | Granducato Collection","description":"Chianti Riserva Colli Aretini. Scopri il nostro vino rosso DOCG, selezionato tra le migliori etichette toscane. Acquistalo ora su granducatocollection.com","robots":{"index":"index","follow":"follow","max-snippet":"max-snippet:-1","max-image-preview":"max-image-preview:large","max-video-preview":"max-video-preview:-1"},"canonical":"https:\/\/www.granducatocollection.com\/pl\/product\/chianti-riserva-docg-colli-aretini-borgunto\/","og_locale":"pl_PL","og_type":"article","og_title":"B&B Arezzo - Chianti Riserva DOCG | Granducato Collection","og_description":"Chianti Riserva Colli Aretini. Scopri il nostro vino rosso DOCG, selezionato tra le migliori etichette toscane. Acquistalo ora su granducatocollection.com","og_url":"https:\/\/www.granducatocollection.com\/pl\/product\/chianti-riserva-docg-colli-aretini-borgunto\/","og_site_name":"Granducato Collection","article_modified_time":"2026-04-20T23:00:50+00:00","og_image":[{"width":700,"height":700,"url":"https:\/\/www.granducatocollection.com\/wp-content\/uploads\/2025\/05\/chianti-base-borgunto-granducatogestioni-arezzo-firenze-toscana-viareggio-aziendaagricola-affittacamere-BB-suitelets.webp","type":"image\/webp"}],"twitter_card":"summary_large_image","twitter_misc":{"Szacowany czas czytania":"2 minuty"},"schema":{"@context":"https:\/\/schema.org","@graph":[{"@type":"WebPage","@id":"https:\/\/www.granducatocollection.com\/prodotto\/chianti-riserva-docg-colli-aretini-borgunto\/","url":"https:\/\/www.granducatocollection.com\/prodotto\/chianti-riserva-docg-colli-aretini-borgunto\/","name":"B&B Arezzo - Chianti Riserva DOCG | Granducato Collection","isPartOf":{"@id":"https:\/\/www.granducatocollection.com\/#website"},"primaryImageOfPage":{"@id":"https:\/\/www.granducatocollection.com\/prodotto\/chianti-riserva-docg-colli-aretini-borgunto\/#primaryimage"},"image":{"@id":"https:\/\/www.granducatocollection.com\/prodotto\/chianti-riserva-docg-colli-aretini-borgunto\/#primaryimage"},"thumbnailUrl":"https:\/\/www.granducatocollection.com\/wp-content\/uploads\/2025\/05\/chianti-base-borgunto-granducatogestioni-arezzo-firenze-toscana-viareggio-aziendaagricola-affittacamere-BB-suitelets.webp","datePublished":"2025-05-10T11:51:28+00:00","dateModified":"2026-04-20T23:00:50+00:00","description":"Chianti Riserva Colli Aretini. Scopri il nostro vino rosso DOCG, selezionato tra le migliori etichette toscane. Acquistalo ora su granducatocollection.com","breadcrumb":{"@id":"https:\/\/www.granducatocollection.com\/prodotto\/chianti-riserva-docg-colli-aretini-borgunto\/#breadcrumb"},"inLanguage":"pl-PL","potentialAction":[{"@type":"ReadAction","target":["https:\/\/www.granducatocollection.com\/prodotto\/chianti-riserva-docg-colli-aretini-borgunto\/"]}]},{"@type":"ImageObject","inLanguage":"pl-PL","@id":"https:\/\/www.granducatocollection.com\/prodotto\/chianti-riserva-docg-colli-aretini-borgunto\/#primaryimage","url":"https:\/\/www.granducatocollection.com\/wp-content\/uploads\/2025\/05\/chianti-base-borgunto-granducatogestioni-arezzo-firenze-toscana-viareggio-aziendaagricola-affittacamere-BB-suitelets.webp","contentUrl":"https:\/\/www.granducatocollection.com\/wp-content\/uploads\/2025\/05\/chianti-base-borgunto-granducatogestioni-arezzo-firenze-toscana-viareggio-aziendaagricola-affittacamere-BB-suitelets.webp","width":700,"height":700,"caption":"Chianti Riserva DOCG Vigna Vecchia vino rosso italiano pregiato produzione limitata"},{"@type":"BreadcrumbList","@id":"https:\/\/www.granducatocollection.com\/prodotto\/chianti-riserva-docg-colli-aretini-borgunto\/#breadcrumb","itemListElement":[{"@type":"ListItem","position":1,"name":"Home","item":"https:\/\/www.granducatocollection.com\/"},{"@type":"ListItem","position":2,"name":"Shop","item":"https:\/\/www.granducatocollection.com\/negozio\/"},{"@type":"ListItem","position":3,"name":"Chianti Riserva Docg Colli Aretini Borgunto"}]},{"@type":"WebSite","@id":"https:\/\/www.granducatocollection.com\/#website","url":"https:\/\/www.granducatocollection.com\/","name":"GranDucato Collection","description":"Prenota la tua vacanza e vivi un&#039;esperienza unica","potentialAction":[{"@type":"SearchAction","target":{"@type":"EntryPoint","urlTemplate":"https:\/\/www.granducatocollection.com\/?s={search_term_string}"},"query-input":{"@type":"PropertyValueSpecification","valueRequired":true,"valueName":"search_term_string"}}],"inLanguage":"pl-PL"}]}},"_links":{"self":[{"href":"https:\/\/www.granducatocollection.com\/pl\/wp-json\/wp\/v2\/product\/7092","targetHints":{"allow":["GET"]}}],"collection":[{"href":"https:\/\/www.granducatocollection.com\/pl\/wp-json\/wp\/v2\/product"}],"about":[{"href":"https:\/\/www.granducatocollection.com\/pl\/wp-json\/wp\/v2\/types\/product"}],"wp:featuredmedia":[{"embeddable":true,"href":"https:\/\/www.granducatocollection.com\/pl\/wp-json\/wp\/v2\/media\/7093"}],"wp:attachment":[{"href":"https:\/\/www.granducatocollection.com\/pl\/wp-json\/wp\/v2\/media?parent=7092"}],"wp:term":[{"taxonomy":"product_brand","embeddable":true,"href":"https:\/\/www.granducatocollection.com\/pl\/wp-json\/wp\/v2\/product_brand?post=7092"},{"taxonomy":"product_cat","embeddable":true,"href":"https:\/\/www.granducatocollection.com\/pl\/wp-json\/wp\/v2\/product_cat?post=7092"},{"taxonomy":"product_tag","embeddable":true,"href":"https:\/\/www.granducatocollection.com\/pl\/wp-json\/wp\/v2\/product_tag?post=7092"}],"curies":[{"name":"wp","href":"https:\/\/api.w.org\/{rel}","templated":true}]}}