{"id":7088,"date":"2025-05-10T11:33:41","date_gmt":"2025-05-10T11:33:41","guid":{"rendered":"https:\/\/www.granducatocollection.com\/?post_type=product&#038;p=7088"},"modified":"2026-04-20T22:36:32","modified_gmt":"2026-04-20T22:36:32","slug":"borgunto-ribollita-toscana","status":"publish","type":"product","link":"https:\/\/www.granducatocollection.com\/pl\/product\/borgunto-ribollita-toscana\/","title":{"rendered":"Toska\u0144ska Ribollita Borgunto"},"content":{"rendered":"<p><script type=\"application\/ld+json\">{\n    \"@context\": \"https:\\\/\\\/schema.org\",\n    \"@type\": \"Product\",\n    \"@id\": \"https:\\\/\\\/www.granducatocollection.com\\\/prodotto\\\/borgunto-ribollita-toscana\\\/\",\n    \"name\": \"Ribollita Toscana \\u2013 Zuppa Tradizionale Borgunto\",\n    \"image\": \"https:\\\/\\\/www.granducatocollection.com\\\/wp-content\\\/uploads\\\/2026\\\/01\\\/ribollita-toscana-borgunto.jpg\",\n    \"description\": \"Ribollita Toscana artigianale preparata ad Arezzo con fagioli bianchi, cavolo nero e pane toscano. Senza conservanti, pronta da scaldare. Perfetta come piatto tipico toscano o regalo gourmet italiano.\",\n    \"brand\": {\n        \"@type\": \"Organization\",\n        \"name\": \"Borgunto\"\n    },\n    \"offers\": {\n        \"@type\": \"Offer\",\n        \"url\": \"https:\\\/\\\/www.granducatocollection.com\\\/prodotto\\\/borgunto-ribollita-toscana\\\/\",\n        \"priceCurrency\": \"EUR\",\n        \"price\": \"14.00\",\n        \"itemCondition\": \"https:\\\/\\\/schema.org\\\/NewCondition\",\n        \"availability\": \"https:\\\/\\\/schema.org\\\/InStock\",\n        \"seller\": {\n            \"@type\": \"Organization\",\n            \"name\": \"Granducato Collection\"\n        }\n    },\n    \"sku\": \"RIBOLLITA-TOSCANA\"\n}<\/script><\/p>\n<h1>Toska\u0144ska Ribollita \u2013 tradycyjna zupa Borgunto<\/h1>\n<h2>Typowe dania toska\u0144skie: w\u0142oska kuchnia ch\u0142opska w ka\u017cdej \u0142y\u017cce<\/h2>\n<p class=\"translation-block\"><strong>Ribollita Toscana<\/strong> to dusza <strong>w\u0142oskiej kuchni wiejskiej<\/strong>, reinterpretowana przez <strong>Borgunto<\/strong> z szacunkiem i mistrzostwem. Przygotowywana w <strong>Arezzo<\/strong>, w <strong>Toskanii<\/strong>, z prostych, lecz autentycznych sk\u0142adnik\u00f3w \u2014 <strong>bia\u0142ych fasoli, czarnej kapusty, marchewki, cebuli i z\u017c\u00f3\u0142k\u0142ego chleba toska\u0144skiego<\/strong> \u2014 ta <strong>tradycyjna zupa toska\u0144ska<\/strong> powstaje dzi\u0119ki \u0434\u043b\u0438\u0442\u0435\u043b\u044c\u043demu gotowaniu, kt\u00f3re podkre\u015bla jej smaki i konsystencj\u0119.<\/p>\n<h3>Bez konserwant\u00f3w, gotowe do podgrzania: autentyczno\u015b\u0107 na wyci\u0105gni\u0119cie r\u0119ki<\/h3>\n<p class=\"translation-block\"><strong>Bez konserwant\u00f3w ani dodatk\u00f3w<\/strong>, Ribollita Borgunto to koncentrat tradycji, idealny na zimne dni, rodzinne kolacje lub chwile autentycznej, pocieszaj\u0105cej kuchni. Wystarczy delikatnie j\u0105 podgrza\u0107 i poda\u0107 z nitk\u0105 oliwy z oliwek: prawdziwe <strong>typowe danie toska\u0144skie<\/strong> w ci\u0105gu kilku minut.<\/p>\n<h3>Symbol kolekcji Wielkiego Ksi\u0119stwa: terytorium, pami\u0119\u0107 i smak<\/h3>\n<p class=\"translation-block\">To arcydzie\u0142o toska\u0144skiej kuchni wiejskiej uciele\u015bnia warto\u015bci kolekcji Granducato: rzemie\u015blnicz\u0105 produkcj\u0119, bezpo\u015bredni\u0105 kontrol\u0119 nad surowcami i g\u0142\u0119bok\u0105 wi\u0119\u017a z regionem Arezzo. Ribollita to r\u00f3wnie\u017c oryginalny w\u0142oski prezent dla smakoszy, kt\u00f3ry potrafi wyrazi\u0107 Toskani\u0119 poprzez jej najbardziej autentyczne smaki.<\/p>","protected":false},"excerpt":{"rendered":"<h1>Ribollita Toskania<\/h1>\n<p>To co\u015b wi\u0119cej ni\u017c tylko zupa; to prawdziwa podr\u00f3\u017c przez smaki i kulinarne tradycje Toskanii. To tradycyjne danie przygotowywane jest z prostych, ale wysokiej jako\u015bci sk\u0142adnik\u00f3w, takich jak autentyczny toska\u0144ski chleb, bia\u0142a fasola i wyb\u00f3r \u015bwie\u017cych warzyw, w tym jarmu\u017cu, marchewki i cebuli. Ka\u017cda \u0142y\u017cka Ribollity opowiada histori\u0119 kuchni ch\u0142opskiej, kt\u00f3ra ceni autentyczne i po\u017cywne jedzenie.<\/p>\n<p>Przygotowanie ribollity to sztuka wymagaj\u0105ca czasu i pasji: sk\u0142adniki s\u0105 gotowane powoli, aby wydoby\u0107 ich smaki i stworzy\u0107 idealn\u0105 r\u00f3wnowag\u0119. Toska\u0144ska ribollita to idealny posi\u0142ek dla os\u00f3b poszukuj\u0105cych zdrowego i syc\u0105cego posi\u0142ku, kt\u00f3ry rozgrzeje dusz\u0119 w ch\u0142odne zimowe dni lub b\u0119dzie lekkim daniem o ka\u017cdej porze roku.<\/p>\n<p>Ta gotowa do spo\u017cycia zupa to szybka i wygodna opcja dla mi\u0142o\u015bnik\u00f3w kuchni toska\u0144skiej, bez utraty jako\u015bci i autentyczno\u015bci. Delektuj si\u0119 toska\u0144sk\u0105 Ribollit\u0105 Borgunto i zanurz si\u0119 w toska\u0144skiej tradycji kulinarnej w zaciszu w\u0142asnego domu. Kulinarne doznanie, kt\u00f3rego nie zapomnisz!<\/p>\n<p><!-- === SOLO PULSANTI AMAZON &#038; EBAY === --><\/p>\n<div style=\"margin: 20px 0; padding: 15px 0;\">\n<div style=\"display: flex; flex-direction: column; gap: 12px;\">\n<p><!-- eBay Button --><br \/>\n<a href=\"https:\/\/www.ebay.it\/itm\/376807352105?itmmeta=01KNPQV40FKBD2F1B63NT396YQ&#038;hash=item57bb77e729:g:zisAAeSwANhpToQ9\" target=\"_blank\" rel=\"noopener noreferrer\" style=\"display: inline-flex; align-items: center; justify-content: flex-start; gap: 12px; padding: 14px 20px; border-radius: 8px; text-decoration: none !important; font-weight: 600; font-size: 15px; background: linear-gradient(135deg, #E53238 0%, #0064D2 50%, #F5AF02 100%); background-size: 200% 200%; color: white; box-shadow: 0 2px 6px rgba(0,0,0,0.1); transition: transform 0.2s; border: none; cursor: pointer;\"><br \/>\n<img decoding=\"async\" src=\"https:\/\/storage.googleapis.com\/msgsndr\/z6XdTU91SOnHw123nyir\/media\/67c87de08123744ce68ae3c9.webp\" alt=\"eBay\" style=\"width: 28px !important; height: 28px !important; min-width: 28px !important; min-height: 28px !important; max-width: 28px !important; max-height: 28px !important; object-fit: contain; display: block;\"><br \/>\n<span style=\"flex: 1;\">Acquista su eBay<\/span><br \/>\n<svg viewbox=\"0 0 24 24\" style=\"width: 20px !important; height: 20px !important; min-width: 20px !important; min-height: 20px !important; max-width: 20px !important; max-height: 20px !important; fill: currentColor; opacity: 0.9; flex-shrink: 0;\" xmlns=\"http:\/\/www.w3.org\/2000\/svg\">\n<path d=\"M16 11V7a4 4 0 00-8 0v4M5 9h14l1 12H4L5 9z\"\/>\n<\/svg><br \/>\n<\/a><\/p>\n<\/div>\n<\/div>\n<p><!-- === FINE PULSANTI === --><\/p>","protected":false},"featured_media":11208,"template":"","meta":{"_acf_changed":false},"product_brand":[764],"product_cat":[844],"product_tag":[808,262,266,269,807,268],"class_list":{"0":"post-7088","1":"product","2":"type-product","3":"status-publish","4":"has-post-thumbnail","6":"product_brand-granducato-collection","7":"product_cat-cucina-pronta","8":"product_tag-minestra-di-verdure","9":"product_tag-ribollita-toscana","10":"product_tag-ricetta-tradizionale","11":"product_tag-specialita-toscana","12":"product_tag-zuppa-toscana","13":"product_tag-zuppa-vegetale","15":"first","16":"instock","17":"shipping-taxable","18":"purchasable","19":"product-type-simple"},"acf":[],"yoast_head":"<!-- This site is optimized with the Yoast SEO plugin v26.7 - https:\/\/yoast.com\/wordpress\/plugins\/seo\/ -->\n<title>B&amp;B Arezzo - Ribollita Toscana Borgunto - Gran ducato Collection<\/title>\n<meta name=\"description\" content=\"Scopri la vera Ribollita Toscana tradizionale, un piatto povero ma ricco di sapore. Acquista su granducatocollection.com!\" \/>\n<meta name=\"robots\" content=\"index, follow, max-snippet:-1, max-image-preview:large, max-video-preview:-1\" \/>\n<link rel=\"canonical\" href=\"https:\/\/www.granducatocollection.com\/pl\/product\/borgunto-ribollita-toscana\/\" \/>\n<meta property=\"og:locale\" content=\"pl_PL\" \/>\n<meta property=\"og:type\" content=\"article\" \/>\n<meta property=\"og:title\" content=\"B&amp;B Arezzo - Ribollita Toscana Borgunto - Gran ducato Collection\" \/>\n<meta property=\"og:description\" content=\"Scopri la vera Ribollita Toscana tradizionale, un piatto povero ma ricco di sapore. Acquista su granducatocollection.com!\" \/>\n<meta property=\"og:url\" content=\"https:\/\/www.granducatocollection.com\/pl\/product\/borgunto-ribollita-toscana\/\" \/>\n<meta property=\"og:site_name\" content=\"Granducato Collection\" \/>\n<meta property=\"article:modified_time\" content=\"2026-04-20T22:36:32+00:00\" \/>\n<meta property=\"og:image\" content=\"https:\/\/www.granducatocollection.com\/wp-content\/uploads\/2025\/05\/ribollita-toscana-zuppa-tradizionale-artigianale-borgunto.webp\" \/>\n\t<meta property=\"og:image:width\" content=\"300\" \/>\n\t<meta property=\"og:image:height\" content=\"300\" \/>\n\t<meta property=\"og:image:type\" content=\"image\/webp\" \/>\n<meta name=\"twitter:card\" content=\"summary_large_image\" \/>\n<meta name=\"twitter:label1\" content=\"Szacowany czas czytania\" \/>\n\t<meta name=\"twitter:data1\" content=\"2 minuty\" \/>\n<script type=\"application\/ld+json\" class=\"yoast-schema-graph\">{\"@context\":\"https:\/\/schema.org\",\"@graph\":[{\"@type\":\"WebPage\",\"@id\":\"https:\/\/www.granducatocollection.com\/prodotto\/borgunto-ribollita-toscana\/\",\"url\":\"https:\/\/www.granducatocollection.com\/prodotto\/borgunto-ribollita-toscana\/\",\"name\":\"B&B Arezzo - Ribollita Toscana Borgunto - Gran ducato Collection\",\"isPartOf\":{\"@id\":\"https:\/\/www.granducatocollection.com\/#website\"},\"primaryImageOfPage\":{\"@id\":\"https:\/\/www.granducatocollection.com\/prodotto\/borgunto-ribollita-toscana\/#primaryimage\"},\"image\":{\"@id\":\"https:\/\/www.granducatocollection.com\/prodotto\/borgunto-ribollita-toscana\/#primaryimage\"},\"thumbnailUrl\":\"https:\/\/www.granducatocollection.com\/wp-content\/uploads\/2025\/05\/ribollita-toscana-zuppa-tradizionale-artigianale-borgunto.webp\",\"datePublished\":\"2025-05-10T11:33:41+00:00\",\"dateModified\":\"2026-04-20T22:36:32+00:00\",\"description\":\"Scopri la vera Ribollita Toscana tradizionale, un piatto povero ma ricco di sapore. Acquista su granducatocollection.com!\",\"breadcrumb\":{\"@id\":\"https:\/\/www.granducatocollection.com\/prodotto\/borgunto-ribollita-toscana\/#breadcrumb\"},\"inLanguage\":\"pl-PL\",\"potentialAction\":[{\"@type\":\"ReadAction\",\"target\":[\"https:\/\/www.granducatocollection.com\/prodotto\/borgunto-ribollita-toscana\/\"]}]},{\"@type\":\"ImageObject\",\"inLanguage\":\"pl-PL\",\"@id\":\"https:\/\/www.granducatocollection.com\/prodotto\/borgunto-ribollita-toscana\/#primaryimage\",\"url\":\"https:\/\/www.granducatocollection.com\/wp-content\/uploads\/2025\/05\/ribollita-toscana-zuppa-tradizionale-artigianale-borgunto.webp\",\"contentUrl\":\"https:\/\/www.granducatocollection.com\/wp-content\/uploads\/2025\/05\/ribollita-toscana-zuppa-tradizionale-artigianale-borgunto.webp\",\"width\":300,\"height\":300,\"caption\":\"Ribollita Toscana tradizionale zuppa artigianale ricetta tipica Borgunto\"},{\"@type\":\"BreadcrumbList\",\"@id\":\"https:\/\/www.granducatocollection.com\/prodotto\/borgunto-ribollita-toscana\/#breadcrumb\",\"itemListElement\":[{\"@type\":\"ListItem\",\"position\":1,\"name\":\"Home\",\"item\":\"https:\/\/www.granducatocollection.com\/\"},{\"@type\":\"ListItem\",\"position\":2,\"name\":\"Shop\",\"item\":\"https:\/\/www.granducatocollection.com\/negozio\/\"},{\"@type\":\"ListItem\",\"position\":3,\"name\":\"Ribollita Toscana Borgunto\"}]},{\"@type\":\"WebSite\",\"@id\":\"https:\/\/www.granducatocollection.com\/#website\",\"url\":\"https:\/\/www.granducatocollection.com\/\",\"name\":\"GranDucato Collection\",\"description\":\"Prenota la tua vacanza e vivi un&#039;esperienza unica\",\"potentialAction\":[{\"@type\":\"SearchAction\",\"target\":{\"@type\":\"EntryPoint\",\"urlTemplate\":\"https:\/\/www.granducatocollection.com\/?s={search_term_string}\"},\"query-input\":{\"@type\":\"PropertyValueSpecification\",\"valueRequired\":true,\"valueName\":\"search_term_string\"}}],\"inLanguage\":\"pl-PL\"}]}<\/script>\n<!-- \/ Yoast SEO plugin. -->","yoast_head_json":{"title":"B&B Arezzo - Ribollita Toscana Borgunto - Gran ducato Collection","description":"Scopri la vera Ribollita Toscana tradizionale, un piatto povero ma ricco di sapore. Acquista su granducatocollection.com!","robots":{"index":"index","follow":"follow","max-snippet":"max-snippet:-1","max-image-preview":"max-image-preview:large","max-video-preview":"max-video-preview:-1"},"canonical":"https:\/\/www.granducatocollection.com\/pl\/product\/borgunto-ribollita-toscana\/","og_locale":"pl_PL","og_type":"article","og_title":"B&B Arezzo - Ribollita Toscana Borgunto - Gran ducato Collection","og_description":"Scopri la vera Ribollita Toscana tradizionale, un piatto povero ma ricco di sapore. Acquista su granducatocollection.com!","og_url":"https:\/\/www.granducatocollection.com\/pl\/product\/borgunto-ribollita-toscana\/","og_site_name":"Granducato Collection","article_modified_time":"2026-04-20T22:36:32+00:00","og_image":[{"width":300,"height":300,"url":"https:\/\/www.granducatocollection.com\/wp-content\/uploads\/2025\/05\/ribollita-toscana-zuppa-tradizionale-artigianale-borgunto.webp","type":"image\/webp"}],"twitter_card":"summary_large_image","twitter_misc":{"Szacowany czas czytania":"2 minuty"},"schema":{"@context":"https:\/\/schema.org","@graph":[{"@type":"WebPage","@id":"https:\/\/www.granducatocollection.com\/prodotto\/borgunto-ribollita-toscana\/","url":"https:\/\/www.granducatocollection.com\/prodotto\/borgunto-ribollita-toscana\/","name":"B&B Arezzo - Ribollita Toscana Borgunto - Gran ducato Collection","isPartOf":{"@id":"https:\/\/www.granducatocollection.com\/#website"},"primaryImageOfPage":{"@id":"https:\/\/www.granducatocollection.com\/prodotto\/borgunto-ribollita-toscana\/#primaryimage"},"image":{"@id":"https:\/\/www.granducatocollection.com\/prodotto\/borgunto-ribollita-toscana\/#primaryimage"},"thumbnailUrl":"https:\/\/www.granducatocollection.com\/wp-content\/uploads\/2025\/05\/ribollita-toscana-zuppa-tradizionale-artigianale-borgunto.webp","datePublished":"2025-05-10T11:33:41+00:00","dateModified":"2026-04-20T22:36:32+00:00","description":"Scopri la vera Ribollita Toscana tradizionale, un piatto povero ma ricco di sapore. Acquista su granducatocollection.com!","breadcrumb":{"@id":"https:\/\/www.granducatocollection.com\/prodotto\/borgunto-ribollita-toscana\/#breadcrumb"},"inLanguage":"pl-PL","potentialAction":[{"@type":"ReadAction","target":["https:\/\/www.granducatocollection.com\/prodotto\/borgunto-ribollita-toscana\/"]}]},{"@type":"ImageObject","inLanguage":"pl-PL","@id":"https:\/\/www.granducatocollection.com\/prodotto\/borgunto-ribollita-toscana\/#primaryimage","url":"https:\/\/www.granducatocollection.com\/wp-content\/uploads\/2025\/05\/ribollita-toscana-zuppa-tradizionale-artigianale-borgunto.webp","contentUrl":"https:\/\/www.granducatocollection.com\/wp-content\/uploads\/2025\/05\/ribollita-toscana-zuppa-tradizionale-artigianale-borgunto.webp","width":300,"height":300,"caption":"Ribollita Toscana tradizionale zuppa artigianale ricetta tipica Borgunto"},{"@type":"BreadcrumbList","@id":"https:\/\/www.granducatocollection.com\/prodotto\/borgunto-ribollita-toscana\/#breadcrumb","itemListElement":[{"@type":"ListItem","position":1,"name":"Home","item":"https:\/\/www.granducatocollection.com\/"},{"@type":"ListItem","position":2,"name":"Shop","item":"https:\/\/www.granducatocollection.com\/negozio\/"},{"@type":"ListItem","position":3,"name":"Ribollita Toscana Borgunto"}]},{"@type":"WebSite","@id":"https:\/\/www.granducatocollection.com\/#website","url":"https:\/\/www.granducatocollection.com\/","name":"GranDucato Collection","description":"Prenota la tua vacanza e vivi un&#039;esperienza unica","potentialAction":[{"@type":"SearchAction","target":{"@type":"EntryPoint","urlTemplate":"https:\/\/www.granducatocollection.com\/?s={search_term_string}"},"query-input":{"@type":"PropertyValueSpecification","valueRequired":true,"valueName":"search_term_string"}}],"inLanguage":"pl-PL"}]}},"_links":{"self":[{"href":"https:\/\/www.granducatocollection.com\/pl\/wp-json\/wp\/v2\/product\/7088","targetHints":{"allow":["GET"]}}],"collection":[{"href":"https:\/\/www.granducatocollection.com\/pl\/wp-json\/wp\/v2\/product"}],"about":[{"href":"https:\/\/www.granducatocollection.com\/pl\/wp-json\/wp\/v2\/types\/product"}],"wp:featuredmedia":[{"embeddable":true,"href":"https:\/\/www.granducatocollection.com\/pl\/wp-json\/wp\/v2\/media\/11208"}],"wp:attachment":[{"href":"https:\/\/www.granducatocollection.com\/pl\/wp-json\/wp\/v2\/media?parent=7088"}],"wp:term":[{"taxonomy":"product_brand","embeddable":true,"href":"https:\/\/www.granducatocollection.com\/pl\/wp-json\/wp\/v2\/product_brand?post=7088"},{"taxonomy":"product_cat","embeddable":true,"href":"https:\/\/www.granducatocollection.com\/pl\/wp-json\/wp\/v2\/product_cat?post=7088"},{"taxonomy":"product_tag","embeddable":true,"href":"https:\/\/www.granducatocollection.com\/pl\/wp-json\/wp\/v2\/product_tag?post=7088"}],"curies":[{"name":"wp","href":"https:\/\/api.w.org\/{rel}","templated":true}]}}