{"id":7084,"date":"2025-05-10T11:10:04","date_gmt":"2025-05-10T11:10:04","guid":{"rendered":"https:\/\/www.granducatocollection.com\/?post_type=product&#038;p=7084"},"modified":"2026-04-22T15:42:19","modified_gmt":"2026-04-22T15:42:19","slug":"borgunto-nettare-di-pesche-mele-fragole-e-pera","status":"publish","type":"product","link":"https:\/\/www.granducatocollection.com\/pl\/product\/borgunto-nettare-di-pesche-mele-fragole-e-pera\/","title":{"rendered":"Borgunto Nektar z brzoskwi\u0144, jab\u0142ek, truskawek i gruszek"},"content":{"rendered":"<p><script type=\"application\/ld+json\">{\n    \"@context\": \"https:\\\/\\\/schema.org\",\n    \"@type\": \"Product\",\n    \"@id\": \"https:\\\/\\\/www.granducatocollection.com\\\/prodotto\\\/borgunto-nettare-di-pesche-mele-fragole-e-pera\\\/\",\n    \"name\": \"Nettare di Pesche, Mele, Fragole e Pera \\u2013 Succhi Biologici Borgunto\",\n    \"image\": \"https:\\\/\\\/www.granducatocollection.com\\\/wp-content\\\/uploads\\\/2026\\\/01\\\/nettare-frutta-borgunto.jpg\",\n    \"description\": \"Nettare di frutta artigianale da Agricoltura Biologica, realizzato ad Arezzo con pesche, mele, fragole della Valdichiana e pere. Estratto a freddo, senza conservanti. Perfetto come regalo gourmet salutare.\",\n    \"brand\": {\n        \"@type\": \"Organization\",\n        \"name\": \"Borgunto\"\n    },\n    \"offers\": {\n        \"@type\": \"Offer\",\n        \"url\": \"https:\\\/\\\/www.granducatocollection.com\\\/prodotto\\\/borgunto-nettare-di-pesche-mele-fragole-e-pera\\\/\",\n        \"priceCurrency\": \"EUR\",\n        \"price\": \"12.00\",\n        \"itemCondition\": \"https:\\\/\\\/schema.org\\\/NewCondition\",\n        \"availability\": \"https:\\\/\\\/schema.org\\\/InStock\",\n        \"seller\": {\n            \"@type\": \"Organization\",\n            \"name\": \"Granducato Collection\"\n        }\n    },\n    \"sku\": \"NETTARE-FRUTTA-BIO\"\n}<\/script><\/p>\n<h1>Nektar brzoskwiniowy, jab\u0142kowy, truskawkowy i gruszkowy \u2013 soki organiczne Borgunto<\/h1>\n<h2>Rzemie\u015blniczy nektar owocowy z upraw ekologicznych, produkowany w Arezzo<\/h2>\n<p class=\"translation-block\">Zanurz si\u0119 w autentycznej \u015bwie\u017co\u015bci <strong>Toskanii<\/strong> z tym <strong>rzemie\u015blniczym nektarem owocowym<\/strong> produkowanym przez <strong>Borgunto<\/strong> w <strong>Arezzo<\/strong>. Wytworzony z <strong>socznych brzoskwi\u0144, chrupi\u0105cych jab\u0142ek, poziomek z Valdichiana oraz s\u0142odkich gruszek<\/strong>, starannie wybranych w idealnym momencie dojrza\u0142o\u015bci, jest przetwarzany metod\u0105 <em>zimnego wyciskania<\/em> i delikatnie pasteryzowany, <strong>bez konserwant\u00f3w ani dodatk\u00f3w<\/strong>.<\/p>\n<h3>Koncentrat dobrego samopoczucia, idealny na ka\u017cd\u0105 por\u0119 dnia<\/h3>\n<p class=\"translation-block\">Idealnie smakowany na \u015bniadanie, jako podwieczorek lub po aktywno\u015bci fizycznej, ten nektar to eksplozja naturalnego smaku. Jego czysto\u015b\u0107 czyni go r\u00f3wnie\u017c <strong>zdrowym prezentem gastronomicznym<\/strong> dla tych, kt\u00f3rzy ceni\u0105 \u015bwiadom\u0105 i smaczn\u0105 styl \u017cycia.<\/p>\n<h3>Symbol kolekcji Granducato: natura, terytorium i kontrolowana jako\u015b\u0107<\/h3>\n<p class=\"translation-block\">Wyprodukowany w poszanowaniu rytm\u00f3w natury, ze <strong>owocami z Rolnictwa Ekologicznego<\/strong> i bezpo\u015bredni\u0105 kontrol\u0105 od ro\u015bliny do butelki, ten nektar wciela warto\u015bci <strong>Kolekcji Granducato<\/strong>: przejrzysto\u015b\u0107, zr\u00f3wnowa\u017cony rozw\u00f3j i mi\u0142o\u015b\u0107 do toska\u0144skiego terytorium. Ka\u017cdy \u0142yk opowiada o pi\u0119knie arety\u0144skiej campagni.<\/p>","protected":false},"excerpt":{"rendered":"<h1><strong>Rzemie\u015blnicze nektary owocowe<\/strong><\/h1>\n<p class=\"translation-block\">Wyprodukowany w <strong>Arezzo<\/strong> z <strong>brzoskwini, jab\u0142ek, truskawek z Valdichiana oraz gruszek<\/strong>. <em>Wyciskany na zimno, bez konserwant\u00f3w<\/em>, to koncentrat \u015bwie\u017co\u015bci i autentyczno\u015bci Toskanii. Idealny dla os\u00f3b szukaj\u0105cych dobrostanu lub <strong>eleganckiego, zdrowego prezentu gastronomicznego<\/strong> marki <strong>Borgunto<\/strong>.<\/p>\n<div style=\"margin: 20px 0; padding: 15px 0;\">\n<div style=\"display: flex; flex-direction: column; gap: 12px;\">\n<p><!-- Amazon Button --><br \/>\n<a href=\"https:\/\/www.amazon.it\/Borgunto%C2%AE-Nettare-Fragola-1x200ml-Conservanti\/dp\/B0DFKFV72R?ref_=ast_sto_dp&#038;th=1\" target=\"_blank\" rel=\"noopener noreferrer\" style=\"display: inline-flex; align-items: center; justify-content: flex-start; gap: 12px; padding: 14px 20px; border-radius: 8px; text-decoration: none !important; font-weight: 600; font-size: 15px; background: linear-gradient(135deg, #FF9900, #FFB14D); color: #232F3E; box-shadow: 0 2px 6px rgba(0,0,0,0.1); transition: transform 0.2s; border: none; cursor: pointer;\"><br \/>\n<img decoding=\"async\" src=\"https:\/\/cdn.iconscout.com\/icon\/free\/png-256\/free-amazon-logo-icon-svg-download-png-1583154.png?f=webp\" alt=\"Amazon\" style=\"width: 28px !important; height: 28px !important; min-width: 28px !important; min-height: 28px !important; max-width: 28px !important; max-height: 28px !important; object-fit: contain; display: block;\"><br \/>\n<span style=\"flex: 1;\">Acquista su Amazon<\/span><br \/>\n<svg viewbox=\"0 0 24 24\" style=\"width: 20px !important; height: 20px !important; min-width: 20px !important; min-height: 20px !important; max-width: 20px !important; max-height: 20px !important; fill: currentColor; opacity: 0.9; flex-shrink: 0;\" xmlns=\"http:\/\/www.w3.org\/2000\/svg\">\n<path d=\"M16 11V7a4 4 0 00-8 0v4M5 9h14l1 12H4L5 9z\"\/>\n<\/svg><br \/>\n<\/a><\/p>\n<\/div>\n<\/div>\n<p><!-- === FINE PULSANTI === --><\/p>","protected":false},"featured_media":7085,"template":"","meta":{"_acf_changed":false},"product_brand":[764],"product_cat":[845],"product_tag":[473,842,323,321,245,809],"class_list":{"0":"post-7084","1":"product","2":"type-product","3":"status-publish","4":"has-post-thumbnail","6":"product_brand-granducato-collection","7":"product_cat-confetture-e-specialita-gourmet","8":"product_tag-colazione","9":"product_tag-estratto-di-frutta","10":"product_tag-nettare-artigianale","11":"product_tag-nettare-di-frutta","12":"product_tag-prodotto-italiano","13":"product_tag-succo-di-frutta","15":"first","16":"instock","17":"shipping-taxable","18":"purchasable","19":"product-type-variable"},"acf":[],"yoast_head":"<!-- This site is optimized with the Yoast SEO plugin v26.7 - https:\/\/yoast.com\/wordpress\/plugins\/seo\/ -->\n<title>B&amp;B Arezzo - Nettare di Frutta Borgunto - Granducato Collection<\/title>\n<meta name=\"description\" content=\"Scopri il Nettare di Frutta Borgunto \u2013 a scelta tra pesca, fragola e pera. Gusto naturale, qualit\u00e0 artigianale. Acquista online su granducatocollection.com\" \/>\n<meta name=\"robots\" content=\"index, follow, max-snippet:-1, max-image-preview:large, max-video-preview:-1\" \/>\n<link rel=\"canonical\" href=\"https:\/\/www.granducatocollection.com\/pl\/product\/borgunto-nettare-di-pesche-mele-fragole-e-pera\/\" \/>\n<meta property=\"og:locale\" content=\"pl_PL\" \/>\n<meta property=\"og:type\" content=\"article\" \/>\n<meta property=\"og:title\" content=\"B&amp;B Arezzo - Nettare di Frutta Borgunto - Granducato Collection\" \/>\n<meta property=\"og:description\" content=\"Scopri il Nettare di Frutta Borgunto \u2013 a scelta tra pesca, fragola e pera. Gusto naturale, qualit\u00e0 artigianale. Acquista online su granducatocollection.com\" \/>\n<meta property=\"og:url\" content=\"https:\/\/www.granducatocollection.com\/pl\/product\/borgunto-nettare-di-pesche-mele-fragole-e-pera\/\" \/>\n<meta property=\"og:site_name\" content=\"Granducato Collection\" \/>\n<meta property=\"article:modified_time\" content=\"2026-04-22T15:42:19+00:00\" \/>\n<meta property=\"og:image\" content=\"https:\/\/www.granducatocollection.com\/wp-content\/uploads\/2025\/05\/nettare-di-FRAGOLA-borgunto-granducatogestioni-arezzo-firenze-toscana-viareggio-aziendaagricola-BB-affittacamere-suitelets.webp\" \/>\n\t<meta property=\"og:image:width\" content=\"1920\" \/>\n\t<meta property=\"og:image:height\" content=\"1920\" \/>\n\t<meta property=\"og:image:type\" content=\"image\/webp\" \/>\n<meta name=\"twitter:card\" content=\"summary_large_image\" \/>\n<meta name=\"twitter:label1\" content=\"Szacowany czas czytania\" \/>\n\t<meta name=\"twitter:data1\" content=\"2 minuty\" \/>\n<script type=\"application\/ld+json\" class=\"yoast-schema-graph\">{\"@context\":\"https:\/\/schema.org\",\"@graph\":[{\"@type\":\"WebPage\",\"@id\":\"https:\/\/www.granducatocollection.com\/prodotto\/borgunto-nettare-di-pesche-mele-fragole-e-pera\/\",\"url\":\"https:\/\/www.granducatocollection.com\/prodotto\/borgunto-nettare-di-pesche-mele-fragole-e-pera\/\",\"name\":\"B&B Arezzo - Nettare di Frutta Borgunto - Granducato Collection\",\"isPartOf\":{\"@id\":\"https:\/\/www.granducatocollection.com\/#website\"},\"primaryImageOfPage\":{\"@id\":\"https:\/\/www.granducatocollection.com\/prodotto\/borgunto-nettare-di-pesche-mele-fragole-e-pera\/#primaryimage\"},\"image\":{\"@id\":\"https:\/\/www.granducatocollection.com\/prodotto\/borgunto-nettare-di-pesche-mele-fragole-e-pera\/#primaryimage\"},\"thumbnailUrl\":\"https:\/\/www.granducatocollection.com\/wp-content\/uploads\/2025\/05\/nettare-di-FRAGOLA-borgunto-granducatogestioni-arezzo-firenze-toscana-viareggio-aziendaagricola-BB-affittacamere-suitelets.webp\",\"datePublished\":\"2025-05-10T11:10:04+00:00\",\"dateModified\":\"2026-04-22T15:42:19+00:00\",\"description\":\"Scopri il Nettare di Frutta Borgunto \u2013 a scelta tra pesca, fragola e pera. Gusto naturale, qualit\u00e0 artigianale. Acquista online su granducatocollection.com\",\"breadcrumb\":{\"@id\":\"https:\/\/www.granducatocollection.com\/prodotto\/borgunto-nettare-di-pesche-mele-fragole-e-pera\/#breadcrumb\"},\"inLanguage\":\"pl-PL\",\"potentialAction\":[{\"@type\":\"ReadAction\",\"target\":[\"https:\/\/www.granducatocollection.com\/prodotto\/borgunto-nettare-di-pesche-mele-fragole-e-pera\/\"]}]},{\"@type\":\"ImageObject\",\"inLanguage\":\"pl-PL\",\"@id\":\"https:\/\/www.granducatocollection.com\/prodotto\/borgunto-nettare-di-pesche-mele-fragole-e-pera\/#primaryimage\",\"url\":\"https:\/\/www.granducatocollection.com\/wp-content\/uploads\/2025\/05\/nettare-di-FRAGOLA-borgunto-granducatogestioni-arezzo-firenze-toscana-viareggio-aziendaagricola-BB-affittacamere-suitelets.webp\",\"contentUrl\":\"https:\/\/www.granducatocollection.com\/wp-content\/uploads\/2025\/05\/nettare-di-FRAGOLA-borgunto-granducatogestioni-arezzo-firenze-toscana-viareggio-aziendaagricola-BB-affittacamere-suitelets.webp\",\"width\":1920,\"height\":1920,\"caption\":\"nettare-borgunto-granducatogestioni-arezzo-firenze-toscana-succo-di-pera-mela-pesca-fragola\"},{\"@type\":\"BreadcrumbList\",\"@id\":\"https:\/\/www.granducatocollection.com\/prodotto\/borgunto-nettare-di-pesche-mele-fragole-e-pera\/#breadcrumb\",\"itemListElement\":[{\"@type\":\"ListItem\",\"position\":1,\"name\":\"Home\",\"item\":\"https:\/\/www.granducatocollection.com\/\"},{\"@type\":\"ListItem\",\"position\":2,\"name\":\"Shop\",\"item\":\"https:\/\/www.granducatocollection.com\/negozio\/\"},{\"@type\":\"ListItem\",\"position\":3,\"name\":\"Borgunto Nettare di pesche, mele, fragole e pera\"}]},{\"@type\":\"WebSite\",\"@id\":\"https:\/\/www.granducatocollection.com\/#website\",\"url\":\"https:\/\/www.granducatocollection.com\/\",\"name\":\"GranDucato Collection\",\"description\":\"Prenota la tua vacanza e vivi un&#039;esperienza unica\",\"potentialAction\":[{\"@type\":\"SearchAction\",\"target\":{\"@type\":\"EntryPoint\",\"urlTemplate\":\"https:\/\/www.granducatocollection.com\/?s={search_term_string}\"},\"query-input\":{\"@type\":\"PropertyValueSpecification\",\"valueRequired\":true,\"valueName\":\"search_term_string\"}}],\"inLanguage\":\"pl-PL\"}]}<\/script>\n<!-- \/ Yoast SEO plugin. -->","yoast_head_json":{"title":"B&B Arezzo - Nettare di Frutta Borgunto - Granducato Collection","description":"Scopri il Nettare di Frutta Borgunto \u2013 a scelta tra pesca, fragola e pera. Gusto naturale, qualit\u00e0 artigianale. Acquista online su granducatocollection.com","robots":{"index":"index","follow":"follow","max-snippet":"max-snippet:-1","max-image-preview":"max-image-preview:large","max-video-preview":"max-video-preview:-1"},"canonical":"https:\/\/www.granducatocollection.com\/pl\/product\/borgunto-nettare-di-pesche-mele-fragole-e-pera\/","og_locale":"pl_PL","og_type":"article","og_title":"B&B Arezzo - Nettare di Frutta Borgunto - Granducato Collection","og_description":"Scopri il Nettare di Frutta Borgunto \u2013 a scelta tra pesca, fragola e pera. Gusto naturale, qualit\u00e0 artigianale. Acquista online su granducatocollection.com","og_url":"https:\/\/www.granducatocollection.com\/pl\/product\/borgunto-nettare-di-pesche-mele-fragole-e-pera\/","og_site_name":"Granducato Collection","article_modified_time":"2026-04-22T15:42:19+00:00","og_image":[{"width":1920,"height":1920,"url":"https:\/\/www.granducatocollection.com\/wp-content\/uploads\/2025\/05\/nettare-di-FRAGOLA-borgunto-granducatogestioni-arezzo-firenze-toscana-viareggio-aziendaagricola-BB-affittacamere-suitelets.webp","type":"image\/webp"}],"twitter_card":"summary_large_image","twitter_misc":{"Szacowany czas czytania":"2 minuty"},"schema":{"@context":"https:\/\/schema.org","@graph":[{"@type":"WebPage","@id":"https:\/\/www.granducatocollection.com\/prodotto\/borgunto-nettare-di-pesche-mele-fragole-e-pera\/","url":"https:\/\/www.granducatocollection.com\/prodotto\/borgunto-nettare-di-pesche-mele-fragole-e-pera\/","name":"B&B Arezzo - Nettare di Frutta Borgunto - Granducato Collection","isPartOf":{"@id":"https:\/\/www.granducatocollection.com\/#website"},"primaryImageOfPage":{"@id":"https:\/\/www.granducatocollection.com\/prodotto\/borgunto-nettare-di-pesche-mele-fragole-e-pera\/#primaryimage"},"image":{"@id":"https:\/\/www.granducatocollection.com\/prodotto\/borgunto-nettare-di-pesche-mele-fragole-e-pera\/#primaryimage"},"thumbnailUrl":"https:\/\/www.granducatocollection.com\/wp-content\/uploads\/2025\/05\/nettare-di-FRAGOLA-borgunto-granducatogestioni-arezzo-firenze-toscana-viareggio-aziendaagricola-BB-affittacamere-suitelets.webp","datePublished":"2025-05-10T11:10:04+00:00","dateModified":"2026-04-22T15:42:19+00:00","description":"Scopri il Nettare di Frutta Borgunto \u2013 a scelta tra pesca, fragola e pera. Gusto naturale, qualit\u00e0 artigianale. Acquista online su granducatocollection.com","breadcrumb":{"@id":"https:\/\/www.granducatocollection.com\/prodotto\/borgunto-nettare-di-pesche-mele-fragole-e-pera\/#breadcrumb"},"inLanguage":"pl-PL","potentialAction":[{"@type":"ReadAction","target":["https:\/\/www.granducatocollection.com\/prodotto\/borgunto-nettare-di-pesche-mele-fragole-e-pera\/"]}]},{"@type":"ImageObject","inLanguage":"pl-PL","@id":"https:\/\/www.granducatocollection.com\/prodotto\/borgunto-nettare-di-pesche-mele-fragole-e-pera\/#primaryimage","url":"https:\/\/www.granducatocollection.com\/wp-content\/uploads\/2025\/05\/nettare-di-FRAGOLA-borgunto-granducatogestioni-arezzo-firenze-toscana-viareggio-aziendaagricola-BB-affittacamere-suitelets.webp","contentUrl":"https:\/\/www.granducatocollection.com\/wp-content\/uploads\/2025\/05\/nettare-di-FRAGOLA-borgunto-granducatogestioni-arezzo-firenze-toscana-viareggio-aziendaagricola-BB-affittacamere-suitelets.webp","width":1920,"height":1920,"caption":"nettare-borgunto-granducatogestioni-arezzo-firenze-toscana-succo-di-pera-mela-pesca-fragola"},{"@type":"BreadcrumbList","@id":"https:\/\/www.granducatocollection.com\/prodotto\/borgunto-nettare-di-pesche-mele-fragole-e-pera\/#breadcrumb","itemListElement":[{"@type":"ListItem","position":1,"name":"Home","item":"https:\/\/www.granducatocollection.com\/"},{"@type":"ListItem","position":2,"name":"Shop","item":"https:\/\/www.granducatocollection.com\/negozio\/"},{"@type":"ListItem","position":3,"name":"Borgunto Nettare di pesche, mele, fragole e pera"}]},{"@type":"WebSite","@id":"https:\/\/www.granducatocollection.com\/#website","url":"https:\/\/www.granducatocollection.com\/","name":"GranDucato Collection","description":"Prenota la tua vacanza e vivi un&#039;esperienza unica","potentialAction":[{"@type":"SearchAction","target":{"@type":"EntryPoint","urlTemplate":"https:\/\/www.granducatocollection.com\/?s={search_term_string}"},"query-input":{"@type":"PropertyValueSpecification","valueRequired":true,"valueName":"search_term_string"}}],"inLanguage":"pl-PL"}]}},"_links":{"self":[{"href":"https:\/\/www.granducatocollection.com\/pl\/wp-json\/wp\/v2\/product\/7084","targetHints":{"allow":["GET"]}}],"collection":[{"href":"https:\/\/www.granducatocollection.com\/pl\/wp-json\/wp\/v2\/product"}],"about":[{"href":"https:\/\/www.granducatocollection.com\/pl\/wp-json\/wp\/v2\/types\/product"}],"wp:featuredmedia":[{"embeddable":true,"href":"https:\/\/www.granducatocollection.com\/pl\/wp-json\/wp\/v2\/media\/7085"}],"wp:attachment":[{"href":"https:\/\/www.granducatocollection.com\/pl\/wp-json\/wp\/v2\/media?parent=7084"}],"wp:term":[{"taxonomy":"product_brand","embeddable":true,"href":"https:\/\/www.granducatocollection.com\/pl\/wp-json\/wp\/v2\/product_brand?post=7084"},{"taxonomy":"product_cat","embeddable":true,"href":"https:\/\/www.granducatocollection.com\/pl\/wp-json\/wp\/v2\/product_cat?post=7084"},{"taxonomy":"product_tag","embeddable":true,"href":"https:\/\/www.granducatocollection.com\/pl\/wp-json\/wp\/v2\/product_tag?post=7084"}],"curies":[{"name":"wp","href":"https:\/\/api.w.org\/{rel}","templated":true}]}}