{"id":6982,"date":"2025-05-02T12:23:10","date_gmt":"2025-05-02T12:23:10","guid":{"rendered":"https:\/\/www.granducatocollection.com\/?post_type=product&#038;p=6982"},"modified":"2026-01-31T10:41:24","modified_gmt":"2026-01-31T10:41:24","slug":"ragu-di-chianina-3-pezzi","status":"publish","type":"product","link":"https:\/\/www.granducatocollection.com\/pl\/product\/ragu-di-chianina-3-pezzi\/","title":{"rendered":"Chianina Rag\u00f9 3 kawa\u0142ki"},"content":{"rendered":"<p><script type=\"application\/ld+json\">{\n    \"@context\": \"https:\\\/\\\/schema.org\",\n    \"@type\": \"Product\",\n    \"@id\": \"https:\\\/\\\/www.granducatocollection.com\\\/prodotto\\\/ragu-di-chianina-3-pezzi\\\/\",\n    \"name\": \"Rag\\u00f9 di Chianina DOP \\u2013 Confezione da 3 Vasetti | Borgunto\",\n    \"image\": \"https:\\\/\\\/www.granducatocollection.com\\\/wp-content\\\/uploads\\\/2026\\\/01\\\/ragu-chianina-3-pezzi-borgunto.jpg\",\n    \"description\": \"Confezione da 3 vasetti di Rag\\u00f9 di Chianina DOP artigianale, preparato ad Arezzo in Toscana con carne della Val di Chiana. Senza conservanti, perfetto per tagliatelle o come regalo gastronomico.\",\n    \"brand\": {\n        \"@type\": \"Organization\",\n        \"name\": \"Borgunto\"\n    },\n    \"offers\": {\n        \"@type\": \"Offer\",\n        \"url\": \"https:\\\/\\\/www.granducatocollection.com\\\/prodotto\\\/ragu-di-chianina-3-pezzi\\\/\",\n        \"priceCurrency\": \"EUR\",\n        \"price\": \"45.00\",\n        \"itemCondition\": \"https:\\\/\\\/schema.org\\\/NewCondition\",\n        \"availability\": \"https:\\\/\\\/schema.org\\\/InStock\",\n        \"seller\": {\n            \"@type\": \"Organization\",\n            \"name\": \"Granducato Collection\"\n        }\n    },\n    \"sku\": \"RAGU-CHIANINA-3-PEZZI\"\n}<\/script><\/p>\n<h1>Chianina DOP Rag\u00f9 \u2013 opakowanie 3 s\u0142oik\u00f3w<\/h1>\n<h2>Produkt rzemie\u015blniczy toska\u0144ski z wo\u0142owin\u0105 DOP Chianina z Val di Chiana<\/h2>\n<p class=\"translation-block\"><strong>Rag\u00f9 z wo\u0142owiny Chianina DOP<\/strong> to ikona kuchni toska\u0144skiej, produkowana przez <strong>Borgunto<\/strong> w <strong>Arezzo<\/strong> z certyfikowanym mi\u0119sem presti\u017cowej rasy byd\u0142a <strong>Chianina DOP<\/strong>, hodowanej w <strong>Val di Chiana<\/strong>. Powoli gotowane na ma\u0142ym ogniu, bez konserwant\u00f3w i dodatk\u00f3w, to sos rzemie\u015blniczy o bogatym, autentycznym smaku, g\u0142\u0119boko zakorzenionym w terytorium.<\/p>\n<h3>Gotowe do u\u017cycia: idealne do tagliatelle, gnocchi lub jako prezent dla smakoszy<\/h3>\n<p class=\"translation-block\">Opakowanie 3 s\u0142oik\u00f3w oferuje wygod\u0119 i jako\u015b\u0107: wystarczy podgrza\u0107 w k\u0105pieli wodnej, na patelni lub w kuchence mikrofalowej, a przyprawa b\u0119dzie gotowa w kilka minut. Idealne do <strong>domowego tagliatelle, gnocchetti, ravioli<\/strong> czy toska\u0144skich crostini, a tak\u017ce stanowi <strong>wykwintny prezent<\/strong> dla mi\u0142o\u015bnik\u00f3w autentycznej kuchni w\u0142oskiej.<\/p>\n<h3>Symbol kolekcji Granducato: tradycja, identyfikowalno\u015b\u0107 i smak<\/h3>\n<p class=\"translation-block\">Ten <strong>gotowy sos gourmet<\/strong> uciele\u015bnia warto\u015bci kolekcji <strong>Granducato<\/strong>: bezpo\u015bredni\u0105 kontrol\u0119 nad surowcami, szacunek dla tradycji kulinarnej Arezzo i rzemie\u015blnicz\u0105 produkcj\u0119. Ka\u017cdy s\u0142oik opowiada histori\u0119 krainy \u2013 <strong>Toskanii<\/strong> \u2013 gdzie prostota staje si\u0119 doskona\u0142o\u015bci\u0105.<\/p>","protected":false},"excerpt":{"rendered":"<h1>Pude\u0142ko z rag\u00f9 wo\u0142owym Chianina<\/h1>\n<div><\/div>\n<div style=\"text-align: justify;\">Chianina to w\u0142oska rasa byd\u0142a z okolic Arezzo, niegdy\u015b wykorzystywana jako zwierz\u0119 hodowlane, a obecnie hodowana niemal wy\u0142\u0105cznie na mi\u0119so. Nazwa rasy pochodzi od doliny Val di Chiana i jest uwa\u017cana za ras\u0119 rodzim\u0105 dla \u015brodkowych W\u0142och, a konkretnie po\u0142udniowej Toskanii. Jest to rasa o staro\u017cytnym pochodzeniu, znana od ponad dw\u00f3ch tysi\u0119cy lat.<\/div>\n<div style=\"text-align: justify;\"><\/div>\n<div style=\"text-align: justify;\">Nasze rag\u00f9 Chianina to pyszny sos, idealny do wszystkich rodzaj\u00f3w makaron\u00f3w: gnocchi, ravioli, tagliatelle i wielu innych.<\/div>\n<div style=\"text-align: justify;\"><\/div>\n<p>W pude\u0142ku znajduj\u0105 si\u0119 3 gotowe do u\u017cycia elementy!<\/p>","protected":false},"featured_media":9601,"template":"","meta":{"_acf_changed":false},"product_brand":[764],"product_cat":[843],"product_tag":[344,339,341,337,340,343,247,254,338,342],"class_list":{"0":"post-6982","1":"product","2":"type-product","3":"status-publish","4":"has-post-thumbnail","6":"product_brand-granducato-collection","7":"product_cat-box-e-degustazioni","8":"product_tag-carne-bovina","9":"product_tag-carne-di-chianina","10":"product_tag-prodotto-toscano","11":"product_tag-ragu-di-chianina","12":"product_tag-ragu-italiano","13":"product_tag-ragu-premium","14":"product_tag-regalo-enogastronomico","15":"product_tag-specialita-italiana","16":"product_tag-sugo-artigianale","17":"product_tag-sugo-gourmet","19":"first","20":"instock","21":"shipping-taxable","22":"purchasable","23":"product-type-simple"},"acf":[],"yoast_head":"<!-- This site is optimized with the Yoast SEO plugin v26.7 - https:\/\/yoast.com\/wordpress\/plugins\/seo\/ -->\n<title>B&amp;B Arezzo - Rag\u00f9 di Chianina 3 pezzi - Gran ducato Collection<\/title>\n<meta name=\"description\" content=\"Scopri la Box con 3 Rag\u00f9 di Chianina su Granducato Collection: sapori autentici della Toscana direttamente a casa tua.Ordina Ora!\" \/>\n<meta name=\"robots\" content=\"index, follow, max-snippet:-1, max-image-preview:large, max-video-preview:-1\" \/>\n<link rel=\"canonical\" href=\"https:\/\/www.granducatocollection.com\/pl\/product\/ragu-di-chianina-3-pezzi\/\" \/>\n<meta property=\"og:locale\" content=\"pl_PL\" \/>\n<meta property=\"og:type\" content=\"article\" \/>\n<meta property=\"og:title\" content=\"B&amp;B Arezzo - Rag\u00f9 di Chianina 3 pezzi - Gran ducato Collection\" \/>\n<meta property=\"og:description\" content=\"Scopri la Box con 3 Rag\u00f9 di Chianina su Granducato Collection: sapori autentici della Toscana direttamente a casa tua.Ordina Ora!\" \/>\n<meta property=\"og:url\" content=\"https:\/\/www.granducatocollection.com\/pl\/product\/ragu-di-chianina-3-pezzi\/\" \/>\n<meta property=\"og:site_name\" content=\"Granducato Collection\" \/>\n<meta property=\"article:modified_time\" content=\"2026-01-31T10:41:24+00:00\" \/>\n<meta property=\"og:image\" content=\"https:\/\/www.granducatocollection.com\/wp-content\/uploads\/2025\/05\/ragudichianina3pezzi.png\" \/>\n\t<meta property=\"og:image:width\" content=\"300\" \/>\n\t<meta property=\"og:image:height\" content=\"300\" \/>\n\t<meta property=\"og:image:type\" content=\"image\/png\" \/>\n<meta name=\"twitter:card\" content=\"summary_large_image\" \/>\n<meta name=\"twitter:label1\" content=\"Szacowany czas czytania\" \/>\n\t<meta name=\"twitter:data1\" content=\"1 minuta\" \/>\n<script type=\"application\/ld+json\" class=\"yoast-schema-graph\">{\"@context\":\"https:\/\/schema.org\",\"@graph\":[{\"@type\":\"WebPage\",\"@id\":\"https:\/\/www.granducatocollection.com\/prodotto\/ragu-di-chianina-3-pezzi\/\",\"url\":\"https:\/\/www.granducatocollection.com\/prodotto\/ragu-di-chianina-3-pezzi\/\",\"name\":\"B&B Arezzo - Rag\u00f9 di Chianina 3 pezzi - Gran ducato Collection\",\"isPartOf\":{\"@id\":\"https:\/\/www.granducatocollection.com\/#website\"},\"primaryImageOfPage\":{\"@id\":\"https:\/\/www.granducatocollection.com\/prodotto\/ragu-di-chianina-3-pezzi\/#primaryimage\"},\"image\":{\"@id\":\"https:\/\/www.granducatocollection.com\/prodotto\/ragu-di-chianina-3-pezzi\/#primaryimage\"},\"thumbnailUrl\":\"https:\/\/www.granducatocollection.com\/wp-content\/uploads\/2025\/05\/ragudichianina3pezzi.png\",\"datePublished\":\"2025-05-02T12:23:10+00:00\",\"dateModified\":\"2026-01-31T10:41:24+00:00\",\"description\":\"Scopri la Box con 3 Rag\u00f9 di Chianina su Granducato Collection: sapori autentici della Toscana direttamente a casa tua.Ordina Ora!\",\"breadcrumb\":{\"@id\":\"https:\/\/www.granducatocollection.com\/prodotto\/ragu-di-chianina-3-pezzi\/#breadcrumb\"},\"inLanguage\":\"pl-PL\",\"potentialAction\":[{\"@type\":\"ReadAction\",\"target\":[\"https:\/\/www.granducatocollection.com\/prodotto\/ragu-di-chianina-3-pezzi\/\"]}]},{\"@type\":\"ImageObject\",\"inLanguage\":\"pl-PL\",\"@id\":\"https:\/\/www.granducatocollection.com\/prodotto\/ragu-di-chianina-3-pezzi\/#primaryimage\",\"url\":\"https:\/\/www.granducatocollection.com\/wp-content\/uploads\/2025\/05\/ragudichianina3pezzi.png\",\"contentUrl\":\"https:\/\/www.granducatocollection.com\/wp-content\/uploads\/2025\/05\/ragudichianina3pezzi.png\",\"width\":300,\"height\":300},{\"@type\":\"BreadcrumbList\",\"@id\":\"https:\/\/www.granducatocollection.com\/prodotto\/ragu-di-chianina-3-pezzi\/#breadcrumb\",\"itemListElement\":[{\"@type\":\"ListItem\",\"position\":1,\"name\":\"Home\",\"item\":\"https:\/\/www.granducatocollection.com\/\"},{\"@type\":\"ListItem\",\"position\":2,\"name\":\"Shop\",\"item\":\"https:\/\/www.granducatocollection.com\/negozio\/\"},{\"@type\":\"ListItem\",\"position\":3,\"name\":\"Rag\u00f9 di Chianina 3 pezzi\"}]},{\"@type\":\"WebSite\",\"@id\":\"https:\/\/www.granducatocollection.com\/#website\",\"url\":\"https:\/\/www.granducatocollection.com\/\",\"name\":\"GranDucato Collection\",\"description\":\"Prenota la tua vacanza e vivi un&#039;esperienza unica\",\"potentialAction\":[{\"@type\":\"SearchAction\",\"target\":{\"@type\":\"EntryPoint\",\"urlTemplate\":\"https:\/\/www.granducatocollection.com\/?s={search_term_string}\"},\"query-input\":{\"@type\":\"PropertyValueSpecification\",\"valueRequired\":true,\"valueName\":\"search_term_string\"}}],\"inLanguage\":\"pl-PL\"}]}<\/script>\n<!-- \/ Yoast SEO plugin. -->","yoast_head_json":{"title":"B&B Arezzo - Rag\u00f9 di Chianina 3 pezzi - Gran ducato Collection","description":"Scopri la Box con 3 Rag\u00f9 di Chianina su Granducato Collection: sapori autentici della Toscana direttamente a casa tua.Ordina Ora!","robots":{"index":"index","follow":"follow","max-snippet":"max-snippet:-1","max-image-preview":"max-image-preview:large","max-video-preview":"max-video-preview:-1"},"canonical":"https:\/\/www.granducatocollection.com\/pl\/product\/ragu-di-chianina-3-pezzi\/","og_locale":"pl_PL","og_type":"article","og_title":"B&B Arezzo - Rag\u00f9 di Chianina 3 pezzi - Gran ducato Collection","og_description":"Scopri la Box con 3 Rag\u00f9 di Chianina su Granducato Collection: sapori autentici della Toscana direttamente a casa tua.Ordina Ora!","og_url":"https:\/\/www.granducatocollection.com\/pl\/product\/ragu-di-chianina-3-pezzi\/","og_site_name":"Granducato Collection","article_modified_time":"2026-01-31T10:41:24+00:00","og_image":[{"width":300,"height":300,"url":"https:\/\/www.granducatocollection.com\/wp-content\/uploads\/2025\/05\/ragudichianina3pezzi.png","type":"image\/png"}],"twitter_card":"summary_large_image","twitter_misc":{"Szacowany czas czytania":"1 minuta"},"schema":{"@context":"https:\/\/schema.org","@graph":[{"@type":"WebPage","@id":"https:\/\/www.granducatocollection.com\/prodotto\/ragu-di-chianina-3-pezzi\/","url":"https:\/\/www.granducatocollection.com\/prodotto\/ragu-di-chianina-3-pezzi\/","name":"B&B Arezzo - Rag\u00f9 di Chianina 3 pezzi - Gran ducato Collection","isPartOf":{"@id":"https:\/\/www.granducatocollection.com\/#website"},"primaryImageOfPage":{"@id":"https:\/\/www.granducatocollection.com\/prodotto\/ragu-di-chianina-3-pezzi\/#primaryimage"},"image":{"@id":"https:\/\/www.granducatocollection.com\/prodotto\/ragu-di-chianina-3-pezzi\/#primaryimage"},"thumbnailUrl":"https:\/\/www.granducatocollection.com\/wp-content\/uploads\/2025\/05\/ragudichianina3pezzi.png","datePublished":"2025-05-02T12:23:10+00:00","dateModified":"2026-01-31T10:41:24+00:00","description":"Scopri la Box con 3 Rag\u00f9 di Chianina su Granducato Collection: sapori autentici della Toscana direttamente a casa tua.Ordina Ora!","breadcrumb":{"@id":"https:\/\/www.granducatocollection.com\/prodotto\/ragu-di-chianina-3-pezzi\/#breadcrumb"},"inLanguage":"pl-PL","potentialAction":[{"@type":"ReadAction","target":["https:\/\/www.granducatocollection.com\/prodotto\/ragu-di-chianina-3-pezzi\/"]}]},{"@type":"ImageObject","inLanguage":"pl-PL","@id":"https:\/\/www.granducatocollection.com\/prodotto\/ragu-di-chianina-3-pezzi\/#primaryimage","url":"https:\/\/www.granducatocollection.com\/wp-content\/uploads\/2025\/05\/ragudichianina3pezzi.png","contentUrl":"https:\/\/www.granducatocollection.com\/wp-content\/uploads\/2025\/05\/ragudichianina3pezzi.png","width":300,"height":300},{"@type":"BreadcrumbList","@id":"https:\/\/www.granducatocollection.com\/prodotto\/ragu-di-chianina-3-pezzi\/#breadcrumb","itemListElement":[{"@type":"ListItem","position":1,"name":"Home","item":"https:\/\/www.granducatocollection.com\/"},{"@type":"ListItem","position":2,"name":"Shop","item":"https:\/\/www.granducatocollection.com\/negozio\/"},{"@type":"ListItem","position":3,"name":"Rag\u00f9 di Chianina 3 pezzi"}]},{"@type":"WebSite","@id":"https:\/\/www.granducatocollection.com\/#website","url":"https:\/\/www.granducatocollection.com\/","name":"GranDucato Collection","description":"Prenota la tua vacanza e vivi un&#039;esperienza unica","potentialAction":[{"@type":"SearchAction","target":{"@type":"EntryPoint","urlTemplate":"https:\/\/www.granducatocollection.com\/?s={search_term_string}"},"query-input":{"@type":"PropertyValueSpecification","valueRequired":true,"valueName":"search_term_string"}}],"inLanguage":"pl-PL"}]}},"_links":{"self":[{"href":"https:\/\/www.granducatocollection.com\/pl\/wp-json\/wp\/v2\/product\/6982","targetHints":{"allow":["GET"]}}],"collection":[{"href":"https:\/\/www.granducatocollection.com\/pl\/wp-json\/wp\/v2\/product"}],"about":[{"href":"https:\/\/www.granducatocollection.com\/pl\/wp-json\/wp\/v2\/types\/product"}],"wp:featuredmedia":[{"embeddable":true,"href":"https:\/\/www.granducatocollection.com\/pl\/wp-json\/wp\/v2\/media\/9601"}],"wp:attachment":[{"href":"https:\/\/www.granducatocollection.com\/pl\/wp-json\/wp\/v2\/media?parent=6982"}],"wp:term":[{"taxonomy":"product_brand","embeddable":true,"href":"https:\/\/www.granducatocollection.com\/pl\/wp-json\/wp\/v2\/product_brand?post=6982"},{"taxonomy":"product_cat","embeddable":true,"href":"https:\/\/www.granducatocollection.com\/pl\/wp-json\/wp\/v2\/product_cat?post=6982"},{"taxonomy":"product_tag","embeddable":true,"href":"https:\/\/www.granducatocollection.com\/pl\/wp-json\/wp\/v2\/product_tag?post=6982"}],"curies":[{"name":"wp","href":"https:\/\/api.w.org\/{rel}","templated":true}]}}