{"id":6980,"date":"2025-05-02T11:59:52","date_gmt":"2025-05-02T11:59:52","guid":{"rendered":"https:\/\/www.granducatocollection.com\/?post_type=product&#038;p=6980"},"modified":"2026-04-06T09:29:34","modified_gmt":"2026-04-06T09:29:34","slug":"confettura-di-fragole-3-pezzi","status":"publish","type":"product","link":"https:\/\/www.granducatocollection.com\/pl\/product\/confettura-di-fragole-3-pezzi\/","title":{"rendered":"D\u017cem truskawkowy 3 sztuki"},"content":{"rendered":"<p><script type=\"application\/ld+json\">{\n    \"@context\": \"https:\\\/\\\/schema.org\",\n    \"@type\": \"Product\",\n    \"@id\": \"https:\\\/\\\/www.granducatocollection.com\\\/prodotto\\\/confettura-di-fragole-3-pezzi\\\/\",\n    \"name\": \"Confettura di Fragole Artigianale \\u2013 3 Vasetti Borgunto\",\n    \"image\": \"https:\\\/\\\/www.granducatocollection.com\\\/wp-content\\\/uploads\\\/2026\\\/01\\\/confettura-fragole-borgunto-3pz.jpg\",\n    \"description\": \"Confettura di fragole artigianale al 72% di frutta italiana, prodotta ad Arezzo in Toscana. Senza conservanti, perfetta per colazioni sane, dolci fatti in casa o come regalo gourmet della Granducato Collection.\",\n    \"brand\": {\n        \"@type\": \"Organization\",\n        \"name\": \"Borgunto\"\n    },\n    \"offers\": {\n        \"@type\": \"Offer\",\n        \"url\": \"https:\\\/\\\/www.granducatocollection.com\\\/prodotto\\\/confettura-di-fragole-3-pezzi\\\/\",\n        \"priceCurrency\": \"EUR\",\n        \"price\": \"24.00\",\n        \"itemCondition\": \"https:\\\/\\\/schema.org\\\/NewCondition\",\n        \"availability\": \"https:\\\/\\\/schema.org\\\/InStock\",\n        \"seller\": {\n            \"@type\": \"Organization\",\n            \"name\": \"Granducato Collection\"\n        }\n    },\n    \"sku\": \"CONFETTURA-FRAGOLE-3PZ\"\n}<\/script><\/p>\n<h1>Domowy D\u017cem Truskawkowy \u2013 3 S\u0142oiki Borgunto<\/h1>\n<h2>72% w\u0142oskich owoc\u00f3w, bez konserwant\u00f3w, wyprodukowano w Arezzo<\/h2>\n<p class=\"translation-block\">Rzemie\u015blniczy d\u017cem truskawkowy <strong>Borgunto<\/strong> wytwarzany jest w 72% z w\u0142oskich owoc\u00f3w, wyselekcjonowanych z najlepszych sad\u00f3w Toskanii. Wytwarzany w Arezzo tradycyjnymi metodami, zawiera wy\u0142\u0105cznie cukier, naturaln\u0105 pektyn\u0119 i kwas cytrynowy: bez konserwant\u00f3w, barwnik\u00f3w i dodatk\u00f3w. Rezultatem jest s\u0142oik o autentycznym letnim smaku, idealny dla os\u00f3b poszukuj\u0105cych jako\u015bci i przejrzysto\u015bci.<\/p>\n<h3>Idealne na zdrowe \u015bniadania, domowe desery lub jako prezent dla smakoszy<\/h3>\n<p class=\"translation-block\">Dzi\u0119ki jaskrawoczerwonemu kolorowi i intensywnemu aromatowi \u015bwie\u017cych truskawek, ten d\u017cem idealnie komponuje si\u0119 z greckim jogurtem, \u015bwie\u017cymi serami, tartami lub po prostu tostami. Zestaw 3 s\u0142oik\u00f3w sprawia, \u017ce \u200b\u200bjest to r\u00f3wnie\u017c wyrafinowany <strong>prezent dla smakoszy<\/strong> na Bo\u017ce Narodzenie, rocznice lub dla ka\u017cdego, kto kocha autentyczn\u0105 s\u0142odycz w\u0142oskiej wsi.<\/p>\n<h3>Symbol kolekcji Granducato: kunszt, terytorium i identyfikowalno\u015b\u0107<\/h3>\n<p class=\"translation-block\">Ka\u017cdy s\u0142oik uciele\u015bnia warto\u015bci kolekcji Granducato: bezpo\u015bredni\u0105 kontrol\u0119 nad surowcami, limitowan\u0105 produkcj\u0119 i szacunek dla toska\u0144skiej tradycji. D\u017cem, kt\u00f3ry nie tylko zachwyca podniebienie, ale tak\u017ce \u015bwiadczy o trosce o ziemi\u0119 \u2013 Toskani\u0119 \u2013 gdzie prostota staje si\u0119 doskona\u0142o\u015bci\u0105.<\/p>","protected":false},"excerpt":{"rendered":"<h1>Pude\u0142ko z d\u017cemem<\/h1>\n<div style=\"text-align: justify;\">U\u017cywamy wy\u0142\u0105cznie naturalnych, dojrza\u0142ych na s\u0142o\u0144cu truskawek, gotowanych z niewielk\u0105 ilo\u015bci\u0105 cukru i bez dodatku konserwant\u00f3w.<\/div>\n<div style=\"text-align: justify;\"><\/div>\n<div style=\"text-align: justify;\">\n<p>Nasz d\u017cem sk\u0142ada si\u0119 w 72% z owoc\u00f3w, 47% z cukru oraz niewielkiej ilo\u015bci pektyny i kwasu cytrynowego. Dzi\u0119ki swojemu autentycznemu i pysznemu smakowi doskonale nadaje si\u0119 do deser\u00f3w lub zdrowego \u015bniadania.<\/p>\n<p>Il cofanetto include 3 confetture.<\/p>\n<\/div>","protected":false},"featured_media":11377,"template":"","meta":{"_acf_changed":false},"product_brand":[764],"product_cat":[843],"product_tag":[350,345,347,349,324,346,348,245,247,254],"class_list":{"0":"post-6980","1":"product","2":"type-product","3":"status-publish","4":"has-post-thumbnail","6":"product_brand-granducato-collection","7":"product_cat-box-e-degustazioni","8":"product_tag-confettura-biologica","9":"product_tag-confettura-di-fragole","10":"product_tag-confettura-gourmet","11":"product_tag-confettura-senza-conservanti","12":"product_tag-frutta-fresca","13":"product_tag-marmellata-artigianale","14":"product_tag-marmellata-di-fragole","15":"product_tag-prodotto-italiano","16":"product_tag-regalo-enogastronomico","17":"product_tag-specialita-italiana","19":"first","20":"instock","21":"shipping-taxable","22":"purchasable","23":"product-type-simple"},"acf":[],"yoast_head":"<!-- This site is optimized with the Yoast SEO plugin v26.7 - https:\/\/yoast.com\/wordpress\/plugins\/seo\/ -->\n<title>Confettura di fragole 3 pezzi - Granducato Collection<\/title>\n<meta name=\"description\" content=\"Scopri la box con 3 confetture artigianali toscane di alta qualit\u00e0: sapori autentici per una colazione speciale o un regalo gourmet. Spedizione veloce.\" \/>\n<meta name=\"robots\" content=\"index, follow, max-snippet:-1, max-image-preview:large, max-video-preview:-1\" \/>\n<link rel=\"canonical\" href=\"https:\/\/www.granducatocollection.com\/pl\/product\/confettura-di-fragole-3-pezzi\/\" \/>\n<meta property=\"og:locale\" content=\"pl_PL\" \/>\n<meta property=\"og:type\" content=\"article\" \/>\n<meta property=\"og:title\" content=\"Confettura di fragole 3 pezzi - Granducato Collection\" \/>\n<meta property=\"og:description\" content=\"Scopri la box con 3 confetture artigianali toscane di alta qualit\u00e0: sapori autentici per una colazione speciale o un regalo gourmet. Spedizione veloce.\" \/>\n<meta property=\"og:url\" content=\"https:\/\/www.granducatocollection.com\/pl\/product\/confettura-di-fragole-3-pezzi\/\" \/>\n<meta property=\"og:site_name\" content=\"Granducato Collection\" \/>\n<meta property=\"article:modified_time\" content=\"2026-04-06T09:29:34+00:00\" \/>\n<meta property=\"og:image\" content=\"https:\/\/www.granducatocollection.com\/wp-content\/uploads\/2025\/05\/Confettura-fragola-3-pezzi.webp\" \/>\n\t<meta property=\"og:image:width\" content=\"300\" \/>\n\t<meta property=\"og:image:height\" content=\"300\" \/>\n\t<meta property=\"og:image:type\" content=\"image\/webp\" \/>\n<meta name=\"twitter:card\" content=\"summary_large_image\" \/>\n<meta name=\"twitter:label1\" content=\"Szacowany czas czytania\" \/>\n\t<meta name=\"twitter:data1\" content=\"2 minuty\" \/>\n<script type=\"application\/ld+json\" class=\"yoast-schema-graph\">{\"@context\":\"https:\/\/schema.org\",\"@graph\":[{\"@type\":\"WebPage\",\"@id\":\"https:\/\/www.granducatocollection.com\/prodotto\/confettura-di-fragole-3-pezzi\/\",\"url\":\"https:\/\/www.granducatocollection.com\/prodotto\/confettura-di-fragole-3-pezzi\/\",\"name\":\"Confettura di fragole 3 pezzi - Granducato Collection\",\"isPartOf\":{\"@id\":\"https:\/\/www.granducatocollection.com\/#website\"},\"primaryImageOfPage\":{\"@id\":\"https:\/\/www.granducatocollection.com\/prodotto\/confettura-di-fragole-3-pezzi\/#primaryimage\"},\"image\":{\"@id\":\"https:\/\/www.granducatocollection.com\/prodotto\/confettura-di-fragole-3-pezzi\/#primaryimage\"},\"thumbnailUrl\":\"https:\/\/www.granducatocollection.com\/wp-content\/uploads\/2025\/05\/Confettura-fragola-3-pezzi.webp\",\"datePublished\":\"2025-05-02T11:59:52+00:00\",\"dateModified\":\"2026-04-06T09:29:34+00:00\",\"description\":\"Scopri la box con 3 confetture artigianali toscane di alta qualit\u00e0: sapori autentici per una colazione speciale o un regalo gourmet. Spedizione veloce.\",\"breadcrumb\":{\"@id\":\"https:\/\/www.granducatocollection.com\/prodotto\/confettura-di-fragole-3-pezzi\/#breadcrumb\"},\"inLanguage\":\"pl-PL\",\"potentialAction\":[{\"@type\":\"ReadAction\",\"target\":[\"https:\/\/www.granducatocollection.com\/prodotto\/confettura-di-fragole-3-pezzi\/\"]}]},{\"@type\":\"ImageObject\",\"inLanguage\":\"pl-PL\",\"@id\":\"https:\/\/www.granducatocollection.com\/prodotto\/confettura-di-fragole-3-pezzi\/#primaryimage\",\"url\":\"https:\/\/www.granducatocollection.com\/wp-content\/uploads\/2025\/05\/Confettura-fragola-3-pezzi.webp\",\"contentUrl\":\"https:\/\/www.granducatocollection.com\/wp-content\/uploads\/2025\/05\/Confettura-fragola-3-pezzi.webp\",\"width\":300,\"height\":300,\"caption\":\"box confettura 3 pezzi borgunto e granducato\"},{\"@type\":\"BreadcrumbList\",\"@id\":\"https:\/\/www.granducatocollection.com\/prodotto\/confettura-di-fragole-3-pezzi\/#breadcrumb\",\"itemListElement\":[{\"@type\":\"ListItem\",\"position\":1,\"name\":\"Home\",\"item\":\"https:\/\/www.granducatocollection.com\/\"},{\"@type\":\"ListItem\",\"position\":2,\"name\":\"Shop\",\"item\":\"https:\/\/www.granducatocollection.com\/negozio\/\"},{\"@type\":\"ListItem\",\"position\":3,\"name\":\"Confettura di fragole 3 pezzi\"}]},{\"@type\":\"WebSite\",\"@id\":\"https:\/\/www.granducatocollection.com\/#website\",\"url\":\"https:\/\/www.granducatocollection.com\/\",\"name\":\"GranDucato Collection\",\"description\":\"Prenota la tua vacanza e vivi un&#039;esperienza unica\",\"potentialAction\":[{\"@type\":\"SearchAction\",\"target\":{\"@type\":\"EntryPoint\",\"urlTemplate\":\"https:\/\/www.granducatocollection.com\/?s={search_term_string}\"},\"query-input\":{\"@type\":\"PropertyValueSpecification\",\"valueRequired\":true,\"valueName\":\"search_term_string\"}}],\"inLanguage\":\"pl-PL\"}]}<\/script>\n<!-- \/ Yoast SEO plugin. -->","yoast_head_json":{"title":"Confettura di fragole 3 pezzi - Granducato Collection","description":"Scopri la box con 3 confetture artigianali toscane di alta qualit\u00e0: sapori autentici per una colazione speciale o un regalo gourmet. Spedizione veloce.","robots":{"index":"index","follow":"follow","max-snippet":"max-snippet:-1","max-image-preview":"max-image-preview:large","max-video-preview":"max-video-preview:-1"},"canonical":"https:\/\/www.granducatocollection.com\/pl\/product\/confettura-di-fragole-3-pezzi\/","og_locale":"pl_PL","og_type":"article","og_title":"Confettura di fragole 3 pezzi - Granducato Collection","og_description":"Scopri la box con 3 confetture artigianali toscane di alta qualit\u00e0: sapori autentici per una colazione speciale o un regalo gourmet. Spedizione veloce.","og_url":"https:\/\/www.granducatocollection.com\/pl\/product\/confettura-di-fragole-3-pezzi\/","og_site_name":"Granducato Collection","article_modified_time":"2026-04-06T09:29:34+00:00","og_image":[{"width":300,"height":300,"url":"https:\/\/www.granducatocollection.com\/wp-content\/uploads\/2025\/05\/Confettura-fragola-3-pezzi.webp","type":"image\/webp"}],"twitter_card":"summary_large_image","twitter_misc":{"Szacowany czas czytania":"2 minuty"},"schema":{"@context":"https:\/\/schema.org","@graph":[{"@type":"WebPage","@id":"https:\/\/www.granducatocollection.com\/prodotto\/confettura-di-fragole-3-pezzi\/","url":"https:\/\/www.granducatocollection.com\/prodotto\/confettura-di-fragole-3-pezzi\/","name":"Confettura di fragole 3 pezzi - Granducato Collection","isPartOf":{"@id":"https:\/\/www.granducatocollection.com\/#website"},"primaryImageOfPage":{"@id":"https:\/\/www.granducatocollection.com\/prodotto\/confettura-di-fragole-3-pezzi\/#primaryimage"},"image":{"@id":"https:\/\/www.granducatocollection.com\/prodotto\/confettura-di-fragole-3-pezzi\/#primaryimage"},"thumbnailUrl":"https:\/\/www.granducatocollection.com\/wp-content\/uploads\/2025\/05\/Confettura-fragola-3-pezzi.webp","datePublished":"2025-05-02T11:59:52+00:00","dateModified":"2026-04-06T09:29:34+00:00","description":"Scopri la box con 3 confetture artigianali toscane di alta qualit\u00e0: sapori autentici per una colazione speciale o un regalo gourmet. Spedizione veloce.","breadcrumb":{"@id":"https:\/\/www.granducatocollection.com\/prodotto\/confettura-di-fragole-3-pezzi\/#breadcrumb"},"inLanguage":"pl-PL","potentialAction":[{"@type":"ReadAction","target":["https:\/\/www.granducatocollection.com\/prodotto\/confettura-di-fragole-3-pezzi\/"]}]},{"@type":"ImageObject","inLanguage":"pl-PL","@id":"https:\/\/www.granducatocollection.com\/prodotto\/confettura-di-fragole-3-pezzi\/#primaryimage","url":"https:\/\/www.granducatocollection.com\/wp-content\/uploads\/2025\/05\/Confettura-fragola-3-pezzi.webp","contentUrl":"https:\/\/www.granducatocollection.com\/wp-content\/uploads\/2025\/05\/Confettura-fragola-3-pezzi.webp","width":300,"height":300,"caption":"box confettura 3 pezzi borgunto e granducato"},{"@type":"BreadcrumbList","@id":"https:\/\/www.granducatocollection.com\/prodotto\/confettura-di-fragole-3-pezzi\/#breadcrumb","itemListElement":[{"@type":"ListItem","position":1,"name":"Home","item":"https:\/\/www.granducatocollection.com\/"},{"@type":"ListItem","position":2,"name":"Shop","item":"https:\/\/www.granducatocollection.com\/negozio\/"},{"@type":"ListItem","position":3,"name":"Confettura di fragole 3 pezzi"}]},{"@type":"WebSite","@id":"https:\/\/www.granducatocollection.com\/#website","url":"https:\/\/www.granducatocollection.com\/","name":"GranDucato Collection","description":"Prenota la tua vacanza e vivi un&#039;esperienza unica","potentialAction":[{"@type":"SearchAction","target":{"@type":"EntryPoint","urlTemplate":"https:\/\/www.granducatocollection.com\/?s={search_term_string}"},"query-input":{"@type":"PropertyValueSpecification","valueRequired":true,"valueName":"search_term_string"}}],"inLanguage":"pl-PL"}]}},"_links":{"self":[{"href":"https:\/\/www.granducatocollection.com\/pl\/wp-json\/wp\/v2\/product\/6980","targetHints":{"allow":["GET"]}}],"collection":[{"href":"https:\/\/www.granducatocollection.com\/pl\/wp-json\/wp\/v2\/product"}],"about":[{"href":"https:\/\/www.granducatocollection.com\/pl\/wp-json\/wp\/v2\/types\/product"}],"wp:featuredmedia":[{"embeddable":true,"href":"https:\/\/www.granducatocollection.com\/pl\/wp-json\/wp\/v2\/media\/11377"}],"wp:attachment":[{"href":"https:\/\/www.granducatocollection.com\/pl\/wp-json\/wp\/v2\/media?parent=6980"}],"wp:term":[{"taxonomy":"product_brand","embeddable":true,"href":"https:\/\/www.granducatocollection.com\/pl\/wp-json\/wp\/v2\/product_brand?post=6980"},{"taxonomy":"product_cat","embeddable":true,"href":"https:\/\/www.granducatocollection.com\/pl\/wp-json\/wp\/v2\/product_cat?post=6980"},{"taxonomy":"product_tag","embeddable":true,"href":"https:\/\/www.granducatocollection.com\/pl\/wp-json\/wp\/v2\/product_tag?post=6980"}],"curies":[{"name":"wp","href":"https:\/\/api.w.org\/{rel}","templated":true}]}}