{"id":6979,"date":"2025-05-02T10:58:29","date_gmt":"2025-05-02T10:58:29","guid":{"rendered":"https:\/\/www.granducatocollection.com\/?post_type=product&#038;p=6979"},"modified":"2026-01-31T10:42:48","modified_gmt":"2026-01-31T10:42:48","slug":"special-box","status":"publish","type":"product","link":"https:\/\/www.granducatocollection.com\/pl\/product\/special-box\/","title":{"rendered":"Specjalne pude\u0142ko"},"content":{"rendered":"<p><script type=\"application\/ld+json\">{\n    \"@context\": \"https:\\\/\\\/schema.org\",\n    \"@type\": \"Product\",\n    \"@id\": \"https:\\\/\\\/www.granducatocollection.com\\\/prodotto\\\/special-box\\\/\",\n    \"name\": \"Special Box Borgunto \\u2013 Eccellenze Toscane da Arezzo\",\n    \"image\": \"https:\\\/\\\/www.granducatocollection.com\\\/wp-content\\\/uploads\\\/2026\\\/01\\\/special-box-borgunto-eccellenze-toscane.jpg\",\n    \"description\": \"Special Box gourmet con Chianti Riserva DOCG, olio extra vergine toscano, burro al tartufo e sughi artigianali. Perfetta come regalo di lusso o per una degustazione enogastronomica a casa. Spedizione gratuita inclusa.\",\n    \"brand\": {\n        \"@type\": \"Organization\",\n        \"name\": \"Borgunto\"\n    },\n    \"offers\": {\n        \"@type\": \"Offer\",\n        \"url\": \"https:\\\/\\\/www.granducatocollection.com\\\/prodotto\\\/special-box\\\/\",\n        \"priceCurrency\": \"EUR\",\n        \"price\": \"199.00\",\n        \"itemCondition\": \"https:\\\/\\\/schema.org\\\/NewCondition\",\n        \"availability\": \"https:\\\/\\\/schema.org\\\/InStock\",\n        \"seller\": {\n            \"@type\": \"Organization\",\n            \"name\": \"Granducato Collection\"\n        }\n    },\n    \"sku\": \"SPECIAL-BOX-BORGUNTO\"\n}<\/script><\/p>\n<h1>Borgunto Special Box \u2013 toska\u0144ska doskona\u0142o\u015b\u0107 z Arezzo<\/h1>\n<h2>Ekskluzywna selekcja typowych toska\u0144skich produkt\u00f3w rzemie\u015blniczych<\/h2>\n<p class=\"translation-block\"><strong>Borgunto Special Box<\/strong> to sensoryczna podr\u00f3\u017c przez <strong>toska\u0144sk\u0105 doskona\u0142o\u015b\u0107<\/strong>, przygotowana w <strong>Arezzo<\/strong> z rzemie\u015blnicz\u0105 pasj\u0105. Zawiera: <br>\n<strong>2 butelki Chianti Riserva DOCG<\/strong>, <br>\n<strong>2 Chianti Rosso Classico DOCG<\/strong>, <br>\n<strong>2 Chianti Rosato<\/strong>, <br>\n<strong>3 s\u0142oiki mas\u0142a truflowego<\/strong>, <br>\n<strong>4 popcorn truflowy<\/strong>, <br>\n<strong>4 rzemie\u015blnicze sosy do makaronu<\/strong> (Chianina, dzik, borowiki, pomidor) <br>\noraz <strong>2 butelki toska\u0144skiej oliwy z oliwek extra virgin<\/strong>. <br>\nKa\u017cdy produkt jest wytwarzany z surowc\u00f3w o kontrolowanym pochodzeniu, z poszanowaniem lokalnych tradycji kulinarnych i winiarskich.<\/p>\n<h3>Idealny prezent dla mi\u0142o\u015bnik\u00f3w kuchni toska\u0144skiej<\/h3>\n<p class=\"translation-block\">Zapakowany w eleganckie pude\u0142ko gotowe na prezent, ten zestaw idealnie sprawdzi si\u0119 jako <strong>luksusowy prezent<\/strong> na Bo\u017ce Narodzenie, rocznice, urodziny lub firmowe podzi\u0119kowania. Obejmuje <strong>darmow\u0105<\/strong> dostaw\u0119 na terenie W\u0142och i w ka\u017cdym detalu oddaje autentyczne pi\u0119kno <strong>kuchni toska\u0144skiej<\/strong>.<\/p>\n<h3>Symbol kolekcji Wielkiego Ksi\u0119stwa: terytorium, jako\u015b\u0107 i identyfikowalno\u015b\u0107<\/h3>\n<p class=\"translation-block\">Ta degustacja potraw i wina odzwierciedla warto\u015bci kolekcji Granducato: bezpo\u015bredni\u0105 kontrol\u0119 nad \u0142a\u0144cuchem dostaw, rzemie\u015blnicz\u0105 produkcj\u0119 w Arezzo i maksymaln\u0105 dba\u0142o\u015b\u0107 o klienta. Idealny wyb\u00f3r dla tych, kt\u00f3rzy szukaj\u0105 autentyczno\u015bci, jako\u015bci i kawa\u0142ka Toskanii do zabrania do domu.<\/p>","protected":false},"excerpt":{"rendered":"<h1>Specjalne pude\u0142ko Borgunto<\/h1>\n<p class=\"translation-block\"><strong>Specjalne Pude\u0142ko Borgunto<\/strong> \u0142\u0105czy w sobie <strong>toska\u0144skie doskona\u0142o\u015b\u0107 Arezzo<\/strong>: Chianti Riserva DOCG, oliw\u0119 z oliwek extra virgin, mas\u0142o truflowe, sosy rzemie\u015blnicze i wiele wi\u0119cej. Idealne jako <strong>prezent dla smakoszy<\/strong> lub na <strong>degustacj\u0119 jedzenia i wina<\/strong> w domu. W cenie <strong>bezp\u0142atna wysy\u0142ka<\/strong> i eleganckie opakowanie.<\/p>","protected":false},"featured_media":9599,"template":"","meta":{"_acf_changed":false},"product_brand":[764],"product_cat":[843],"product_tag":[353,351,358,357,359,356,247,355,352,354],"class_list":{"0":"post-6979","1":"product","2":"type-product","3":"status-publish","4":"has-post-thumbnail","6":"product_brand-granducato-collection","7":"product_cat-box-e-degustazioni","8":"product_tag-box-artigianale","9":"product_tag-box-gourmet","10":"product_tag-box-speciali","11":"product_tag-box-vini-e-formaggi","12":"product_tag-prodotti-tipici-italiani","13":"product_tag-regalo-compleanno","14":"product_tag-regalo-enogastronomico","15":"product_tag-regalo-natalizio","16":"product_tag-selezione-prodotti-italiani","17":"product_tag-set-gourmet","19":"first","20":"instock","21":"shipping-taxable","22":"purchasable","23":"product-type-simple"},"acf":[],"yoast_head":"<!-- This site is optimized with the Yoast SEO plugin v26.7 - https:\/\/yoast.com\/wordpress\/plugins\/seo\/ -->\n<title>B&amp;B Arezzo - Special Box Borgunto - Granducato Collection<\/title>\n<meta name=\"description\" content=\"Scopri la Special Box: vini Chianti, olio EVO, burro e popcorn al tartufo, sughi gourmet. Sapori autentici della Toscana. Spedizione inclusa!\" \/>\n<meta name=\"robots\" content=\"index, follow, max-snippet:-1, max-image-preview:large, max-video-preview:-1\" \/>\n<link rel=\"canonical\" href=\"https:\/\/www.granducatocollection.com\/pl\/product\/special-box\/\" \/>\n<meta property=\"og:locale\" content=\"pl_PL\" \/>\n<meta property=\"og:type\" content=\"article\" \/>\n<meta property=\"og:title\" content=\"B&amp;B Arezzo - Special Box Borgunto - Granducato Collection\" \/>\n<meta property=\"og:description\" content=\"Scopri la Special Box: vini Chianti, olio EVO, burro e popcorn al tartufo, sughi gourmet. Sapori autentici della Toscana. Spedizione inclusa!\" \/>\n<meta property=\"og:url\" content=\"https:\/\/www.granducatocollection.com\/pl\/product\/special-box\/\" \/>\n<meta property=\"og:site_name\" content=\"Granducato Collection\" \/>\n<meta property=\"article:modified_time\" content=\"2026-01-31T10:42:48+00:00\" \/>\n<meta property=\"og:image\" content=\"https:\/\/www.granducatocollection.com\/wp-content\/uploads\/2025\/05\/special-box.png\" \/>\n\t<meta property=\"og:image:width\" content=\"300\" \/>\n\t<meta property=\"og:image:height\" content=\"300\" \/>\n\t<meta property=\"og:image:type\" content=\"image\/png\" \/>\n<meta name=\"twitter:card\" content=\"summary_large_image\" \/>\n<meta name=\"twitter:label1\" content=\"Szacowany czas czytania\" \/>\n\t<meta name=\"twitter:data1\" content=\"2 minuty\" \/>\n<script type=\"application\/ld+json\" class=\"yoast-schema-graph\">{\"@context\":\"https:\/\/schema.org\",\"@graph\":[{\"@type\":\"WebPage\",\"@id\":\"https:\/\/www.granducatocollection.com\/prodotto\/special-box\/\",\"url\":\"https:\/\/www.granducatocollection.com\/prodotto\/special-box\/\",\"name\":\"B&B Arezzo - Special Box Borgunto - Granducato Collection\",\"isPartOf\":{\"@id\":\"https:\/\/www.granducatocollection.com\/#website\"},\"primaryImageOfPage\":{\"@id\":\"https:\/\/www.granducatocollection.com\/prodotto\/special-box\/#primaryimage\"},\"image\":{\"@id\":\"https:\/\/www.granducatocollection.com\/prodotto\/special-box\/#primaryimage\"},\"thumbnailUrl\":\"https:\/\/www.granducatocollection.com\/wp-content\/uploads\/2025\/05\/special-box.png\",\"datePublished\":\"2025-05-02T10:58:29+00:00\",\"dateModified\":\"2026-01-31T10:42:48+00:00\",\"description\":\"Scopri la Special Box: vini Chianti, olio EVO, burro e popcorn al tartufo, sughi gourmet. Sapori autentici della Toscana. Spedizione inclusa!\",\"breadcrumb\":{\"@id\":\"https:\/\/www.granducatocollection.com\/prodotto\/special-box\/#breadcrumb\"},\"inLanguage\":\"pl-PL\",\"potentialAction\":[{\"@type\":\"ReadAction\",\"target\":[\"https:\/\/www.granducatocollection.com\/prodotto\/special-box\/\"]}]},{\"@type\":\"ImageObject\",\"inLanguage\":\"pl-PL\",\"@id\":\"https:\/\/www.granducatocollection.com\/prodotto\/special-box\/#primaryimage\",\"url\":\"https:\/\/www.granducatocollection.com\/wp-content\/uploads\/2025\/05\/special-box.png\",\"contentUrl\":\"https:\/\/www.granducatocollection.com\/wp-content\/uploads\/2025\/05\/special-box.png\",\"width\":300,\"height\":300},{\"@type\":\"BreadcrumbList\",\"@id\":\"https:\/\/www.granducatocollection.com\/prodotto\/special-box\/#breadcrumb\",\"itemListElement\":[{\"@type\":\"ListItem\",\"position\":1,\"name\":\"Home\",\"item\":\"https:\/\/www.granducatocollection.com\/\"},{\"@type\":\"ListItem\",\"position\":2,\"name\":\"Shop\",\"item\":\"https:\/\/www.granducatocollection.com\/negozio\/\"},{\"@type\":\"ListItem\",\"position\":3,\"name\":\"Special Box\"}]},{\"@type\":\"WebSite\",\"@id\":\"https:\/\/www.granducatocollection.com\/#website\",\"url\":\"https:\/\/www.granducatocollection.com\/\",\"name\":\"GranDucato Collection\",\"description\":\"Prenota la tua vacanza e vivi un&#039;esperienza unica\",\"potentialAction\":[{\"@type\":\"SearchAction\",\"target\":{\"@type\":\"EntryPoint\",\"urlTemplate\":\"https:\/\/www.granducatocollection.com\/?s={search_term_string}\"},\"query-input\":{\"@type\":\"PropertyValueSpecification\",\"valueRequired\":true,\"valueName\":\"search_term_string\"}}],\"inLanguage\":\"pl-PL\"}]}<\/script>\n<!-- \/ Yoast SEO plugin. -->","yoast_head_json":{"title":"B&B Arezzo - Special Box Borgunto - Granducato Collection","description":"Scopri la Special Box: vini Chianti, olio EVO, burro e popcorn al tartufo, sughi gourmet. Sapori autentici della Toscana. Spedizione inclusa!","robots":{"index":"index","follow":"follow","max-snippet":"max-snippet:-1","max-image-preview":"max-image-preview:large","max-video-preview":"max-video-preview:-1"},"canonical":"https:\/\/www.granducatocollection.com\/pl\/product\/special-box\/","og_locale":"pl_PL","og_type":"article","og_title":"B&B Arezzo - Special Box Borgunto - Granducato Collection","og_description":"Scopri la Special Box: vini Chianti, olio EVO, burro e popcorn al tartufo, sughi gourmet. Sapori autentici della Toscana. Spedizione inclusa!","og_url":"https:\/\/www.granducatocollection.com\/pl\/product\/special-box\/","og_site_name":"Granducato Collection","article_modified_time":"2026-01-31T10:42:48+00:00","og_image":[{"width":300,"height":300,"url":"https:\/\/www.granducatocollection.com\/wp-content\/uploads\/2025\/05\/special-box.png","type":"image\/png"}],"twitter_card":"summary_large_image","twitter_misc":{"Szacowany czas czytania":"2 minuty"},"schema":{"@context":"https:\/\/schema.org","@graph":[{"@type":"WebPage","@id":"https:\/\/www.granducatocollection.com\/prodotto\/special-box\/","url":"https:\/\/www.granducatocollection.com\/prodotto\/special-box\/","name":"B&B Arezzo - Special Box Borgunto - Granducato Collection","isPartOf":{"@id":"https:\/\/www.granducatocollection.com\/#website"},"primaryImageOfPage":{"@id":"https:\/\/www.granducatocollection.com\/prodotto\/special-box\/#primaryimage"},"image":{"@id":"https:\/\/www.granducatocollection.com\/prodotto\/special-box\/#primaryimage"},"thumbnailUrl":"https:\/\/www.granducatocollection.com\/wp-content\/uploads\/2025\/05\/special-box.png","datePublished":"2025-05-02T10:58:29+00:00","dateModified":"2026-01-31T10:42:48+00:00","description":"Scopri la Special Box: vini Chianti, olio EVO, burro e popcorn al tartufo, sughi gourmet. Sapori autentici della Toscana. Spedizione inclusa!","breadcrumb":{"@id":"https:\/\/www.granducatocollection.com\/prodotto\/special-box\/#breadcrumb"},"inLanguage":"pl-PL","potentialAction":[{"@type":"ReadAction","target":["https:\/\/www.granducatocollection.com\/prodotto\/special-box\/"]}]},{"@type":"ImageObject","inLanguage":"pl-PL","@id":"https:\/\/www.granducatocollection.com\/prodotto\/special-box\/#primaryimage","url":"https:\/\/www.granducatocollection.com\/wp-content\/uploads\/2025\/05\/special-box.png","contentUrl":"https:\/\/www.granducatocollection.com\/wp-content\/uploads\/2025\/05\/special-box.png","width":300,"height":300},{"@type":"BreadcrumbList","@id":"https:\/\/www.granducatocollection.com\/prodotto\/special-box\/#breadcrumb","itemListElement":[{"@type":"ListItem","position":1,"name":"Home","item":"https:\/\/www.granducatocollection.com\/"},{"@type":"ListItem","position":2,"name":"Shop","item":"https:\/\/www.granducatocollection.com\/negozio\/"},{"@type":"ListItem","position":3,"name":"Special Box"}]},{"@type":"WebSite","@id":"https:\/\/www.granducatocollection.com\/#website","url":"https:\/\/www.granducatocollection.com\/","name":"GranDucato Collection","description":"Prenota la tua vacanza e vivi un&#039;esperienza unica","potentialAction":[{"@type":"SearchAction","target":{"@type":"EntryPoint","urlTemplate":"https:\/\/www.granducatocollection.com\/?s={search_term_string}"},"query-input":{"@type":"PropertyValueSpecification","valueRequired":true,"valueName":"search_term_string"}}],"inLanguage":"pl-PL"}]}},"_links":{"self":[{"href":"https:\/\/www.granducatocollection.com\/pl\/wp-json\/wp\/v2\/product\/6979","targetHints":{"allow":["GET"]}}],"collection":[{"href":"https:\/\/www.granducatocollection.com\/pl\/wp-json\/wp\/v2\/product"}],"about":[{"href":"https:\/\/www.granducatocollection.com\/pl\/wp-json\/wp\/v2\/types\/product"}],"wp:featuredmedia":[{"embeddable":true,"href":"https:\/\/www.granducatocollection.com\/pl\/wp-json\/wp\/v2\/media\/9599"}],"wp:attachment":[{"href":"https:\/\/www.granducatocollection.com\/pl\/wp-json\/wp\/v2\/media?parent=6979"}],"wp:term":[{"taxonomy":"product_brand","embeddable":true,"href":"https:\/\/www.granducatocollection.com\/pl\/wp-json\/wp\/v2\/product_brand?post=6979"},{"taxonomy":"product_cat","embeddable":true,"href":"https:\/\/www.granducatocollection.com\/pl\/wp-json\/wp\/v2\/product_cat?post=6979"},{"taxonomy":"product_tag","embeddable":true,"href":"https:\/\/www.granducatocollection.com\/pl\/wp-json\/wp\/v2\/product_tag?post=6979"}],"curies":[{"name":"wp","href":"https:\/\/api.w.org\/{rel}","templated":true}]}}