{"id":6976,"date":"2025-05-02T10:11:42","date_gmt":"2025-05-02T10:11:42","guid":{"rendered":"https:\/\/www.granducatocollection.com\/?post_type=product&#038;p=6976"},"modified":"2026-04-06T10:18:50","modified_gmt":"2026-04-06T10:18:50","slug":"pacchetto-bambino","status":"publish","type":"product","link":"https:\/\/www.granducatocollection.com\/pl\/product\/pacchetto-bambino\/","title":{"rendered":"Pakiet Dzieci\u0119cy"},"content":{"rendered":"<p><script type=\"application\/ld+json\">{\n    \"@context\": \"https:\\\/\\\/schema.org\",\n    \"@type\": \"Product\",\n    \"@id\": \"https:\\\/\\\/www.granducatocollection.com\\\/prodotto\\\/pacchetto-bambino\\\/\",\n    \"name\": \"Pacchetto Goloso per Bambini \\u2013 Borgunto\",\n    \"image\": \"https:\\\/\\\/www.granducatocollection.com\\\/wp-content\\\/uploads\\\/2026\\\/01\\\/pacchetto-bambino-granducato-collection.jpg\",\n    \"description\": \"Pacchetto bambini con prodotti naturali senza conservanti: nettari di frutta artigianali, confetture di fragola e pesca, olio extra vergine di oliva toscano. Perfetto per colazione, merenda o come regalo per famiglie.\",\n    \"brand\": {\n        \"@type\": \"Organization\",\n        \"name\": \"Borgunto\"\n    },\n    \"offers\": {\n        \"@type\": \"Offer\",\n        \"url\": \"https:\\\/\\\/www.granducatocollection.com\\\/prodotto\\\/pacchetto-bambino\\\/\",\n        \"priceCurrency\": \"EUR\",\n        \"price\": \"25.00\",\n        \"itemCondition\": \"https:\\\/\\\/schema.org\\\/NewCondition\",\n        \"availability\": \"https:\\\/\\\/schema.org\\\/InStock\",\n        \"seller\": {\n            \"@type\": \"Organization\",\n            \"name\": \"Granducato Collection\"\n        }\n    },\n    \"sku\": \"PACCHETTO-BAMBINO\"\n}<\/script><\/p>\n<h1>Pyszny pakiet dla dzieci \u2013 Borgunto<\/h1>\n<h2>Naturalne produkty bez konserwant\u00f3w na \u015bniadania i przek\u0105ski<\/h2>\n<p class=\"translation-block\">Il <strong>Pacchetto Goloso per Bambini<\/strong> \u00e8 pensato per accompagnare i pi\u00f9 piccoli con dolcezza e qualit\u00e0. Realizzato da <strong>Borgunto<\/strong> in <strong>Toscana<\/strong>, include una selezione di <strong>prodotti naturali senza conservanti<\/strong>: <strong>nettari di frutta artigianali<\/strong> (mela, pera, pesca e fragola), <strong>confetture di fragola e pesca<\/strong> preparate con cura, e un delicato <strong>olio extra vergine di oliva toscano<\/strong>, ideale anche per i primi gusti dei bambini.<\/p>\n<h3>Un regalo per famiglie che scelgono un\u2019alimentazione sana<\/h3>\n<p>Perfetto per la <strong>\u015bniadanie<\/strong> o la <strong>merenda<\/strong>, questo pacchetto unisce bont\u00e0 e benessere. \u00c8 anche un <strong>regalo per famiglie<\/strong> attente all\u2019alimentazione sana, alla tracciabilit\u00e0 e alla genuinit\u00e0 degli ingredienti. Ogni prodotto \u00e8 formulato per essere nutriente, digeribile e ricco di sapori autentici.<\/p>\n<h3>Simbolo della Granducato Collection: tradizione, cura e territorio<\/h3>\n<p>Questo <strong>pacchetto bambini<\/strong> incarna i valori della <strong>Granducato Collection<\/strong>: produzione artigianale, controllo diretto delle materie prime e rispetto per le esigenze dei pi\u00f9 piccoli. Un omaggio alla <strong>cultura gastronomica toscana<\/strong>, pensato per crescere con gusto, salute e allegria.<\/p>","protected":false},"excerpt":{"rendered":"<h1>Pyszny Pakiet dla Dzieci<\/h1>\n<p class=\"translation-block\">Wyb\u00f3r <strong>naturalnych produkt\u00f3w bez konserwant\u00f3w<\/strong>, idealnych na <strong>\u015bniadania i przek\u0105ski<\/strong>. W ofercie znajduj\u0105 si\u0119 <strong>rzemie\u015blnicze nektary owocowe<\/strong>, <strong>d\u017cemy truskawkowe i brzoskwiniowe<\/strong> oraz <strong>toska\u0144ska oliwa z oliwek extra virgin<\/strong>. Idealny na <strong>prezent<\/strong> dla rodzin<\/strong> poszukuj\u0105cych zdrowej i pe\u0142nowarto\u015bciowej diety dla swoich pociech.<\/p>","protected":false},"featured_media":11385,"template":"","meta":{"_acf_changed":false},"product_brand":[764],"product_cat":[843],"product_tag":[382,387,383,379,385,381,378,384,386,380],"class_list":{"0":"post-6976","1":"product","2":"type-product","3":"status-publish","4":"has-post-thumbnail","6":"product_brand-granducato-collection","7":"product_cat-box-e-degustazioni","8":"product_tag-assaggio-in-hotel","9":"product_tag-attivita-per-piccoli-avventurieri","10":"product_tag-degustazione-arezzo-per-bambini","11":"product_tag-degustazione-per-bambini","12":"product_tag-esperienza-per-bambini","13":"product_tag-gastronomia-per-bambini","14":"product_tag-pacchetto-bambino","15":"product_tag-pacchetto-famiglia","16":"product_tag-regalo-originale","17":"product_tag-regalo-per-bambini","19":"first","20":"instock","21":"shipping-taxable","22":"purchasable","23":"product-type-simple"},"acf":[],"yoast_head":"<!-- This site is optimized with the Yoast SEO plugin v26.7 - https:\/\/yoast.com\/wordpress\/plugins\/seo\/ -->\n<title>B&amp;B Arezzo - Pacchetto Bambino - Gran Ducato Gestioni<\/title>\n<meta name=\"description\" content=\"Scopri la nostra Box Bambino: una selezione curata di prodotti locali e genuini pensata per i pi\u00f9 piccoli. Perfetta per regalare un assaggio della Toscana!\" \/>\n<meta name=\"robots\" content=\"index, follow, max-snippet:-1, max-image-preview:large, max-video-preview:-1\" \/>\n<link rel=\"canonical\" href=\"https:\/\/www.granducatocollection.com\/pl\/product\/pacchetto-bambino\/\" \/>\n<meta property=\"og:locale\" content=\"pl_PL\" \/>\n<meta property=\"og:type\" content=\"article\" \/>\n<meta property=\"og:title\" content=\"B&amp;B Arezzo - Pacchetto Bambino - Gran Ducato Gestioni\" \/>\n<meta property=\"og:description\" content=\"Scopri la nostra Box Bambino: una selezione curata di prodotti locali e genuini pensata per i pi\u00f9 piccoli. Perfetta per regalare un assaggio della Toscana!\" \/>\n<meta property=\"og:url\" content=\"https:\/\/www.granducatocollection.com\/pl\/product\/pacchetto-bambino\/\" \/>\n<meta property=\"og:site_name\" content=\"Granducato Collection\" \/>\n<meta property=\"article:modified_time\" content=\"2026-04-06T10:18:50+00:00\" \/>\n<meta property=\"og:image\" content=\"https:\/\/www.granducatocollection.com\/wp-content\/uploads\/2025\/05\/pacchettobambino-300x300-1.webp\" \/>\n\t<meta property=\"og:image:width\" content=\"300\" \/>\n\t<meta property=\"og:image:height\" content=\"300\" \/>\n\t<meta property=\"og:image:type\" content=\"image\/webp\" \/>\n<meta name=\"twitter:card\" content=\"summary_large_image\" \/>\n<meta name=\"twitter:label1\" content=\"Szacowany czas czytania\" \/>\n\t<meta name=\"twitter:data1\" content=\"2 minuty\" \/>\n<script type=\"application\/ld+json\" class=\"yoast-schema-graph\">{\"@context\":\"https:\/\/schema.org\",\"@graph\":[{\"@type\":\"WebPage\",\"@id\":\"https:\/\/www.granducatocollection.com\/prodotto\/pacchetto-bambino\/\",\"url\":\"https:\/\/www.granducatocollection.com\/prodotto\/pacchetto-bambino\/\",\"name\":\"B&B Arezzo - Pacchetto Bambino - Gran Ducato Gestioni\",\"isPartOf\":{\"@id\":\"https:\/\/www.granducatocollection.com\/#website\"},\"primaryImageOfPage\":{\"@id\":\"https:\/\/www.granducatocollection.com\/prodotto\/pacchetto-bambino\/#primaryimage\"},\"image\":{\"@id\":\"https:\/\/www.granducatocollection.com\/prodotto\/pacchetto-bambino\/#primaryimage\"},\"thumbnailUrl\":\"https:\/\/www.granducatocollection.com\/wp-content\/uploads\/2025\/05\/pacchettobambino-300x300-1.webp\",\"datePublished\":\"2025-05-02T10:11:42+00:00\",\"dateModified\":\"2026-04-06T10:18:50+00:00\",\"description\":\"Scopri la nostra Box Bambino: una selezione curata di prodotti locali e genuini pensata per i pi\u00f9 piccoli. Perfetta per regalare un assaggio della Toscana!\",\"breadcrumb\":{\"@id\":\"https:\/\/www.granducatocollection.com\/prodotto\/pacchetto-bambino\/#breadcrumb\"},\"inLanguage\":\"pl-PL\",\"potentialAction\":[{\"@type\":\"ReadAction\",\"target\":[\"https:\/\/www.granducatocollection.com\/prodotto\/pacchetto-bambino\/\"]}]},{\"@type\":\"ImageObject\",\"inLanguage\":\"pl-PL\",\"@id\":\"https:\/\/www.granducatocollection.com\/prodotto\/pacchetto-bambino\/#primaryimage\",\"url\":\"https:\/\/www.granducatocollection.com\/wp-content\/uploads\/2025\/05\/pacchettobambino-300x300-1.webp\",\"contentUrl\":\"https:\/\/www.granducatocollection.com\/wp-content\/uploads\/2025\/05\/pacchettobambino-300x300-1.webp\",\"width\":300,\"height\":300,\"caption\":\"Box famiglia Pacchetto Bambino Borgunto con prodotti tipici toscani kid-friendly: succhi frutta biologici, merende e specialit\u00e0 per bambini\"},{\"@type\":\"BreadcrumbList\",\"@id\":\"https:\/\/www.granducatocollection.com\/prodotto\/pacchetto-bambino\/#breadcrumb\",\"itemListElement\":[{\"@type\":\"ListItem\",\"position\":1,\"name\":\"Home\",\"item\":\"https:\/\/www.granducatocollection.com\/\"},{\"@type\":\"ListItem\",\"position\":2,\"name\":\"Shop\",\"item\":\"https:\/\/www.granducatocollection.com\/negozio\/\"},{\"@type\":\"ListItem\",\"position\":3,\"name\":\"Pacchetto Bambino\"}]},{\"@type\":\"WebSite\",\"@id\":\"https:\/\/www.granducatocollection.com\/#website\",\"url\":\"https:\/\/www.granducatocollection.com\/\",\"name\":\"GranDucato Collection\",\"description\":\"Prenota la tua vacanza e vivi un&#039;esperienza unica\",\"potentialAction\":[{\"@type\":\"SearchAction\",\"target\":{\"@type\":\"EntryPoint\",\"urlTemplate\":\"https:\/\/www.granducatocollection.com\/?s={search_term_string}\"},\"query-input\":{\"@type\":\"PropertyValueSpecification\",\"valueRequired\":true,\"valueName\":\"search_term_string\"}}],\"inLanguage\":\"pl-PL\"}]}<\/script>\n<!-- \/ Yoast SEO plugin. -->","yoast_head_json":{"title":"B&B Arezzo - Pacchetto Bambino - Gran Ducato Gestioni","description":"Scopri la nostra Box Bambino: una selezione curata di prodotti locali e genuini pensata per i pi\u00f9 piccoli. Perfetta per regalare un assaggio della Toscana!","robots":{"index":"index","follow":"follow","max-snippet":"max-snippet:-1","max-image-preview":"max-image-preview:large","max-video-preview":"max-video-preview:-1"},"canonical":"https:\/\/www.granducatocollection.com\/pl\/product\/pacchetto-bambino\/","og_locale":"pl_PL","og_type":"article","og_title":"B&B Arezzo - Pacchetto Bambino - Gran Ducato Gestioni","og_description":"Scopri la nostra Box Bambino: una selezione curata di prodotti locali e genuini pensata per i pi\u00f9 piccoli. Perfetta per regalare un assaggio della Toscana!","og_url":"https:\/\/www.granducatocollection.com\/pl\/product\/pacchetto-bambino\/","og_site_name":"Granducato Collection","article_modified_time":"2026-04-06T10:18:50+00:00","og_image":[{"width":300,"height":300,"url":"https:\/\/www.granducatocollection.com\/wp-content\/uploads\/2025\/05\/pacchettobambino-300x300-1.webp","type":"image\/webp"}],"twitter_card":"summary_large_image","twitter_misc":{"Szacowany czas czytania":"2 minuty"},"schema":{"@context":"https:\/\/schema.org","@graph":[{"@type":"WebPage","@id":"https:\/\/www.granducatocollection.com\/prodotto\/pacchetto-bambino\/","url":"https:\/\/www.granducatocollection.com\/prodotto\/pacchetto-bambino\/","name":"B&B Arezzo - Pacchetto Bambino - Gran Ducato Gestioni","isPartOf":{"@id":"https:\/\/www.granducatocollection.com\/#website"},"primaryImageOfPage":{"@id":"https:\/\/www.granducatocollection.com\/prodotto\/pacchetto-bambino\/#primaryimage"},"image":{"@id":"https:\/\/www.granducatocollection.com\/prodotto\/pacchetto-bambino\/#primaryimage"},"thumbnailUrl":"https:\/\/www.granducatocollection.com\/wp-content\/uploads\/2025\/05\/pacchettobambino-300x300-1.webp","datePublished":"2025-05-02T10:11:42+00:00","dateModified":"2026-04-06T10:18:50+00:00","description":"Scopri la nostra Box Bambino: una selezione curata di prodotti locali e genuini pensata per i pi\u00f9 piccoli. Perfetta per regalare un assaggio della Toscana!","breadcrumb":{"@id":"https:\/\/www.granducatocollection.com\/prodotto\/pacchetto-bambino\/#breadcrumb"},"inLanguage":"pl-PL","potentialAction":[{"@type":"ReadAction","target":["https:\/\/www.granducatocollection.com\/prodotto\/pacchetto-bambino\/"]}]},{"@type":"ImageObject","inLanguage":"pl-PL","@id":"https:\/\/www.granducatocollection.com\/prodotto\/pacchetto-bambino\/#primaryimage","url":"https:\/\/www.granducatocollection.com\/wp-content\/uploads\/2025\/05\/pacchettobambino-300x300-1.webp","contentUrl":"https:\/\/www.granducatocollection.com\/wp-content\/uploads\/2025\/05\/pacchettobambino-300x300-1.webp","width":300,"height":300,"caption":"Box famiglia Pacchetto Bambino Borgunto con prodotti tipici toscani kid-friendly: succhi frutta biologici, merende e specialit\u00e0 per bambini"},{"@type":"BreadcrumbList","@id":"https:\/\/www.granducatocollection.com\/prodotto\/pacchetto-bambino\/#breadcrumb","itemListElement":[{"@type":"ListItem","position":1,"name":"Home","item":"https:\/\/www.granducatocollection.com\/"},{"@type":"ListItem","position":2,"name":"Shop","item":"https:\/\/www.granducatocollection.com\/negozio\/"},{"@type":"ListItem","position":3,"name":"Pacchetto Bambino"}]},{"@type":"WebSite","@id":"https:\/\/www.granducatocollection.com\/#website","url":"https:\/\/www.granducatocollection.com\/","name":"GranDucato Collection","description":"Prenota la tua vacanza e vivi un&#039;esperienza unica","potentialAction":[{"@type":"SearchAction","target":{"@type":"EntryPoint","urlTemplate":"https:\/\/www.granducatocollection.com\/?s={search_term_string}"},"query-input":{"@type":"PropertyValueSpecification","valueRequired":true,"valueName":"search_term_string"}}],"inLanguage":"pl-PL"}]}},"_links":{"self":[{"href":"https:\/\/www.granducatocollection.com\/pl\/wp-json\/wp\/v2\/product\/6976","targetHints":{"allow":["GET"]}}],"collection":[{"href":"https:\/\/www.granducatocollection.com\/pl\/wp-json\/wp\/v2\/product"}],"about":[{"href":"https:\/\/www.granducatocollection.com\/pl\/wp-json\/wp\/v2\/types\/product"}],"wp:featuredmedia":[{"embeddable":true,"href":"https:\/\/www.granducatocollection.com\/pl\/wp-json\/wp\/v2\/media\/11385"}],"wp:attachment":[{"href":"https:\/\/www.granducatocollection.com\/pl\/wp-json\/wp\/v2\/media?parent=6976"}],"wp:term":[{"taxonomy":"product_brand","embeddable":true,"href":"https:\/\/www.granducatocollection.com\/pl\/wp-json\/wp\/v2\/product_brand?post=6976"},{"taxonomy":"product_cat","embeddable":true,"href":"https:\/\/www.granducatocollection.com\/pl\/wp-json\/wp\/v2\/product_cat?post=6976"},{"taxonomy":"product_tag","embeddable":true,"href":"https:\/\/www.granducatocollection.com\/pl\/wp-json\/wp\/v2\/product_tag?post=6976"}],"curies":[{"name":"wp","href":"https:\/\/api.w.org\/{rel}","templated":true}]}}