{"id":6952,"date":"2025-04-30T10:56:33","date_gmt":"2025-04-30T10:56:33","guid":{"rendered":"https:\/\/www.granducatocollection.com\/?post_type=product&#038;p=6952"},"modified":"2026-02-27T15:35:29","modified_gmt":"2026-02-27T15:35:29","slug":"tramonto-aretino-2","status":"publish","type":"product","link":"https:\/\/www.granducatocollection.com\/pl\/product\/tramonto-aretino-2\/","title":{"rendered":"Soggiorno di 1 notte in suite room a Viareggio"},"content":{"rendered":"<div style=\"text-align: justify;\" class=\"translation-block\">Obiekt <strong>Allegra Viareggio<\/strong> po\u0142o\u017cony jest w zabytkowym centrum Viareggio, 700 metr\u00f3w od dworca kolejowego. Oferuje on bezp\u0142atne WiFi we wszystkich pomieszczeniach. <span style=\"text-align: left\">Wszystkie pokoje wyposa\u017cone s\u0105 w telewizor, minibar, cz\u0119\u015b\u0107 wypoczynkow\u0105 oraz prywatn\u0105 \u0142azienk\u0119 z prysznicem, suszark\u0105 do w\u0142os\u00f3w i bezp\u0142atnym zestawem kosmetyk\u00f3w.<\/span><\/div>\n<div style=\"text-align: justify;\"><\/div>\n<div style=\"text-align: justify;\">\n<p class=\"translation-block\">Jasny i przestronny apartament oferuje kuchni\u0119 z aneksem kuchennym, prywatn\u0105 \u0142azienk\u0119 oraz wann\u0119 z hydromasa\u017cem w otwartej przestrzeni. W pe\u0142ni wyposa\u017cona kuchnia pozwala na przygotowanie pysznych posi\u0142k\u00f3w, kt\u00f3rymi mo\u017cna delektowa\u0107 si\u0119 na panoramicznym tarasie, a przytulny salon jest idealnym miejscem na relaks po dniu sp\u0119dzonym na pla\u017cy.\n\n<br><\/p>\n<\/div>\n<div style=\"text-align: justify;\" class=\"translation-block\">Prawdziw\u0105 atrakcj\u0105 tego apartamentu jest jego lokalizacja. Zaledwie kilka krok\u00f3w dzieli Ci\u0119 od <strong>z\u0142otej pla\u017cy, gdzie mo\u017cesz cieszy\u0107 si\u0119 s\u0142o\u0144cem i krystalicznie czystym morzem<\/strong>: w samym centrum Viareggio, 700 metr\u00f3w od morza.<\/div>\n<div style=\"text-align: justify;\"><\/div>\n<div style=\"text-align: justify;\">\n<p><strong>Per voi 1 notte in suite room, in bassa stagione<br \/>\nPrenotazione infrasettimanale<strong>\u00a0GIO-DOM<\/strong><br \/>\n<\/strong><\/p>\n<div style=\"text-align: justify;\">\n<p>Inoltre vi sar\u00e0 recapitato a domicilio un pacco che comprende:<\/p>\n<p>- 1 bottiglia di vino rosato<br \/>\n-\u00a01 bottiglia di vino riserva<br \/>\n-\u00a01 bottiglia di vino rosso<br \/>\n- 1 bottiglia di olio<\/p>\n<\/div>\n<\/div>\n<p><strong><br \/>\nPrzydatne informacje:<br \/>\n<\/strong><\/p>\n<ul>\n<li>Aby uzyska\u0107 szczeg\u00f3\u0142owe informacje na temat okres\u00f3w wysokiego i niskiego sezonu, prosimy o kontakt z obiektem.<\/li>\n<li>Obiekt jest zarz\u0105dzany WY\u0141\u0104CZNIE w systemie samodzielnego zameldowania<\/li>\n<li><span style=\"text-align: justify;\">W momencie rezerwacji konieczne jest podanie numeru telefonu<\/span><\/li>\n<li><span style=\"text-align: justify;\">Maksymalna pojemno\u015b\u0107 pokoju: 3 osoby<\/span><\/li>\n<\/ul>\n<p><span style=\"color: white;\">hotel Viareggio<\/span><br \/>\n<span style=\"color: white;\">Affittacamere Viareggio<\/span><br \/>\n<span style=\"color: white;\">Casavacanze Viareggio<\/span><\/p>","protected":false},"excerpt":{"rendered":"<h1>Nocleg w pokoju typu suite w Viareggio<\/h1>\n<div><\/div>\n<div style=\"text-align: justify;\" class=\"translation-block\">Obiekt <strong>Allegra Viareggio<\/strong> po\u0142o\u017cony jest w zabytkowym centrum Viareggio, 700 metr\u00f3w od dworca kolejowego. Oferuje on bezp\u0142atne WiFi we wszystkich pomieszczeniach. <span style=\"text-align: left\">Wszystkie pokoje wyposa\u017cone s\u0105 w telewizor, minibar, cz\u0119\u015b\u0107 wypoczynkow\u0105 oraz prywatn\u0105 \u0142azienk\u0119 z prysznicem, suszark\u0105 do w\u0142os\u00f3w i bezp\u0142atnym zestawem kosmetyk\u00f3w.<\/span><\/div>\n<div style=\"text-align: justify;\"><\/div>\n<div style=\"text-align: justify;\">\n<p class=\"translation-block\">Jasny i przestronny apartament oferuje kuchni\u0119 z aneksem kuchennym, prywatn\u0105 \u0142azienk\u0119 oraz wann\u0119 z hydromasa\u017cem w otwartej przestrzeni. W pe\u0142ni wyposa\u017cona kuchnia pozwala na przygotowanie pysznych posi\u0142k\u00f3w, kt\u00f3rymi mo\u017cna delektowa\u0107 si\u0119 na panoramicznym tarasie, a przytulny salon jest idealnym miejscem na relaks po dniu sp\u0119dzonym na pla\u017cy.\n\n<br><\/p>\n<\/div>\n<div style=\"text-align: justify;\" class=\"translation-block\">Prawdziw\u0105 atrakcj\u0105 tego apartamentu jest jego lokalizacja. Zaledwie kilka krok\u00f3w dzieli Ci\u0119 od <strong>z\u0142otej pla\u017cy, gdzie mo\u017cesz cieszy\u0107 si\u0119 s\u0142o\u0144cem i krystalicznie czystym morzem<\/strong>: w samym centrum Viareggio, 700 metr\u00f3w od morza.<\/div>\n<div style=\"text-align: justify;\"><\/div>\n<div style=\"text-align: justify;\">\n<p><strong>Per voi 1 notte in suite room, in bassa stagione<br \/>\nPrenotazione infrasettimanale<strong>\u00a0GIO-DOM<\/strong><br \/>\n<\/strong><\/p>\n<div style=\"text-align: justify;\">\n<p>Inoltre vi sar\u00e0 recapitato a domicilio un pacco che comprende:<\/p>\n<p>- 1 bottiglia di vino rosato<br \/>\n-\u00a01 bottiglia di vino riserva<br \/>\n-\u00a01 bottiglia di vino rosso<br \/>\n- 1 bottiglia di olio<\/p>\n<\/div>\n<\/div>\n<p><strong><br \/>\nPrzydatne informacje:<br \/>\n<\/strong><\/p>\n<ul>\n<li>Aby uzyska\u0107 szczeg\u00f3\u0142owe informacje na temat okres\u00f3w wysokiego i niskiego sezonu, prosimy o kontakt z obiektem.<\/li>\n<li>Obiekt jest zarz\u0105dzany WY\u0141\u0104CZNIE w systemie samodzielnego zameldowania<\/li>\n<li><span style=\"text-align: justify;\">W momencie rezerwacji konieczne jest podanie numeru telefonu<\/span><\/li>\n<li><span style=\"text-align: justify;\">Maksymalna pojemno\u015b\u0107 pokoju: 3 osoby<\/span><\/li>\n<\/ul>\n<p style=\"box-sizing: border-box; border: 0px; font-size: 15px; margin: 0px 0px 1.6em; outline: 0px; padding: 0px; vertical-align: baseline; font-family: Montserrat, sans-serif; text-align: justify;\">\n<p><a style=\"text-decoration: none; display: inline-flex; align-items: center; color: #159c7f; font-weight: 600;\" href=\"https:\/\/wa.me\/3772539581\" target=\"_blank\" rel=\"noopener noreferrer\"><br \/>\n<img decoding=\"async\" style=\"width: 24px; height: 24px; margin-right: 8px;\" src=\"https:\/\/upload.wikimedia.org\/wikipedia\/commons\/6\/6b\/WhatsApp.svg\" alt=\"WhatsApp Icon\" \/><br \/>\nZarezerwuj bezpo\u015brednio na WhatsApp<br \/>\n<\/a><\/p>","protected":false},"featured_media":9609,"template":"","meta":{"_acf_changed":false},"product_brand":[764],"product_cat":[80],"product_tag":[517,846,160,520,510,522,516,521,509,507,227,519,523,501],"class_list":{"0":"post-6952","1":"product","2":"type-product","3":"status-publish","4":"has-post-thumbnail","6":"product_brand-granducato-collection","7":"product_cat-soggiorni-e-degustazioni","8":"product_tag-allegra-toscana","9":"product_tag-charme","10":"product_tag-colazione-inclusa","11":"product_tag-esperienza-toscana","12":"product_tag-fuga-romantica","13":"product_tag-hotel-boutique-toscana","14":"product_tag-notte-con-colazione","15":"product_tag-pernottamento-con-colazione","16":"product_tag-regalo-esperienziale","17":"product_tag-soggiorno-benessere","18":"product_tag-soggiorno-romantico","19":"product_tag-vacanza-coppia","20":"product_tag-vacanza-rilassante","21":"product_tag-weekend-in-toscana","23":"first","24":"instock","25":"shipping-taxable","26":"product-type-simple"},"acf":[],"yoast_head":"<!-- This site is optimized with the Yoast SEO plugin v26.7 - https:\/\/yoast.com\/wordpress\/plugins\/seo\/ -->\n<title>B&amp;B Arezzo - Pacchetto Soggiorno di 1 notte in suite room a Viareggio - Gran ducato Gestioni<\/title>\n<meta name=\"description\" content=\"Scopri Tramonti Aretini: una notte in suite con degustazione inclusa ad Arezzo, nel cuore della Toscana. Tutte le info su granducatocollection.com.\" \/>\n<meta name=\"robots\" content=\"index, follow, max-snippet:-1, max-image-preview:large, max-video-preview:-1\" \/>\n<link rel=\"canonical\" href=\"https:\/\/www.granducatocollection.com\/pl\/product\/tramonto-aretino-2\/\" \/>\n<meta property=\"og:locale\" content=\"pl_PL\" \/>\n<meta property=\"og:type\" content=\"article\" \/>\n<meta property=\"og:title\" content=\"B&amp;B Arezzo - Pacchetto Soggiorno di 1 notte in suite room a Viareggio - Gran ducato Gestioni\" \/>\n<meta property=\"og:description\" content=\"Scopri Tramonti Aretini: una notte in suite con degustazione inclusa ad Arezzo, nel cuore della Toscana. Tutte le info su granducatocollection.com.\" \/>\n<meta property=\"og:url\" content=\"https:\/\/www.granducatocollection.com\/pl\/product\/tramonto-aretino-2\/\" \/>\n<meta property=\"og:site_name\" content=\"Granducato Collection\" \/>\n<meta property=\"article:modified_time\" content=\"2026-02-27T15:35:29+00:00\" \/>\n<meta property=\"og:image\" content=\"https:\/\/www.granducatocollection.com\/wp-content\/uploads\/2025\/04\/suiteconvasca_bathtub_allegravia.jpg\" \/>\n\t<meta property=\"og:image:width\" content=\"300\" \/>\n\t<meta property=\"og:image:height\" content=\"300\" \/>\n\t<meta property=\"og:image:type\" content=\"image\/jpeg\" \/>\n<meta name=\"twitter:card\" content=\"summary_large_image\" \/>\n<meta name=\"twitter:label1\" content=\"Szacowany czas czytania\" \/>\n\t<meta name=\"twitter:data1\" content=\"2 minuty\" \/>\n<script type=\"application\/ld+json\" class=\"yoast-schema-graph\">{\"@context\":\"https:\/\/schema.org\",\"@graph\":[{\"@type\":\"WebPage\",\"@id\":\"https:\/\/www.granducatocollection.com\/prodotto\/tramonto-aretino-2\/\",\"url\":\"https:\/\/www.granducatocollection.com\/prodotto\/tramonto-aretino-2\/\",\"name\":\"B&B Arezzo - Pacchetto Soggiorno di 1 notte in suite room a Viareggio - Gran ducato Gestioni\",\"isPartOf\":{\"@id\":\"https:\/\/www.granducatocollection.com\/#website\"},\"primaryImageOfPage\":{\"@id\":\"https:\/\/www.granducatocollection.com\/prodotto\/tramonto-aretino-2\/#primaryimage\"},\"image\":{\"@id\":\"https:\/\/www.granducatocollection.com\/prodotto\/tramonto-aretino-2\/#primaryimage\"},\"thumbnailUrl\":\"https:\/\/www.granducatocollection.com\/wp-content\/uploads\/2025\/04\/soggiorno-di-1-notte-in-suite-room-a-viareggio.jpg\",\"datePublished\":\"2025-04-30T10:56:33+00:00\",\"dateModified\":\"2026-02-27T15:35:29+00:00\",\"description\":\"Scopri Tramonti Aretini: una notte in suite con degustazione inclusa ad Arezzo, nel cuore della Toscana. Tutte le info su granducatocollection.com.\",\"breadcrumb\":{\"@id\":\"https:\/\/www.granducatocollection.com\/prodotto\/tramonto-aretino-2\/#breadcrumb\"},\"inLanguage\":\"pl-PL\",\"potentialAction\":[{\"@type\":\"ReadAction\",\"target\":[\"https:\/\/www.granducatocollection.com\/prodotto\/tramonto-aretino-2\/\"]}]},{\"@type\":\"ImageObject\",\"inLanguage\":\"pl-PL\",\"@id\":\"https:\/\/www.granducatocollection.com\/prodotto\/tramonto-aretino-2\/#primaryimage\",\"url\":\"https:\/\/www.granducatocollection.com\/wp-content\/uploads\/2025\/04\/soggiorno-di-1-notte-in-suite-room-a-viareggio.jpg\",\"contentUrl\":\"https:\/\/www.granducatocollection.com\/wp-content\/uploads\/2025\/04\/soggiorno-di-1-notte-in-suite-room-a-viareggio.jpg\",\"width\":300,\"height\":300},{\"@type\":\"BreadcrumbList\",\"@id\":\"https:\/\/www.granducatocollection.com\/prodotto\/tramonto-aretino-2\/#breadcrumb\",\"itemListElement\":[{\"@type\":\"ListItem\",\"position\":1,\"name\":\"Home\",\"item\":\"https:\/\/www.granducatocollection.com\/\"},{\"@type\":\"ListItem\",\"position\":2,\"name\":\"Shop\",\"item\":\"https:\/\/www.granducatocollection.com\/negozio\/\"},{\"@type\":\"ListItem\",\"position\":3,\"name\":\"Soggiorno di 1 notte in suite room a Viareggio\"}]},{\"@type\":\"WebSite\",\"@id\":\"https:\/\/www.granducatocollection.com\/#website\",\"url\":\"https:\/\/www.granducatocollection.com\/\",\"name\":\"GranDucato Collection\",\"description\":\"Prenota la tua vacanza e vivi un&#039;esperienza unica\",\"potentialAction\":[{\"@type\":\"SearchAction\",\"target\":{\"@type\":\"EntryPoint\",\"urlTemplate\":\"https:\/\/www.granducatocollection.com\/?s={search_term_string}\"},\"query-input\":{\"@type\":\"PropertyValueSpecification\",\"valueRequired\":true,\"valueName\":\"search_term_string\"}}],\"inLanguage\":\"pl-PL\"}]}<\/script>\n<!-- \/ Yoast SEO plugin. -->","yoast_head_json":{"title":"B&B Arezzo - Pacchetto Soggiorno di 1 notte in suite room a Viareggio - Gran ducato Gestioni","description":"Scopri Tramonti Aretini: una notte in suite con degustazione inclusa ad Arezzo, nel cuore della Toscana. Tutte le info su granducatocollection.com.","robots":{"index":"index","follow":"follow","max-snippet":"max-snippet:-1","max-image-preview":"max-image-preview:large","max-video-preview":"max-video-preview:-1"},"canonical":"https:\/\/www.granducatocollection.com\/pl\/product\/tramonto-aretino-2\/","og_locale":"pl_PL","og_type":"article","og_title":"B&B Arezzo - Pacchetto Soggiorno di 1 notte in suite room a Viareggio - Gran ducato Gestioni","og_description":"Scopri Tramonti Aretini: una notte in suite con degustazione inclusa ad Arezzo, nel cuore della Toscana. Tutte le info su granducatocollection.com.","og_url":"https:\/\/www.granducatocollection.com\/pl\/product\/tramonto-aretino-2\/","og_site_name":"Granducato Collection","article_modified_time":"2026-02-27T15:35:29+00:00","og_image":[{"width":300,"height":300,"url":"https:\/\/www.granducatocollection.com\/wp-content\/uploads\/2025\/04\/suiteconvasca_bathtub_allegravia.jpg","type":"image\/jpeg"}],"twitter_card":"summary_large_image","twitter_misc":{"Szacowany czas czytania":"2 minuty"},"schema":{"@context":"https:\/\/schema.org","@graph":[{"@type":"WebPage","@id":"https:\/\/www.granducatocollection.com\/prodotto\/tramonto-aretino-2\/","url":"https:\/\/www.granducatocollection.com\/prodotto\/tramonto-aretino-2\/","name":"B&B Arezzo - Pacchetto Soggiorno di 1 notte in suite room a Viareggio - Gran ducato Gestioni","isPartOf":{"@id":"https:\/\/www.granducatocollection.com\/#website"},"primaryImageOfPage":{"@id":"https:\/\/www.granducatocollection.com\/prodotto\/tramonto-aretino-2\/#primaryimage"},"image":{"@id":"https:\/\/www.granducatocollection.com\/prodotto\/tramonto-aretino-2\/#primaryimage"},"thumbnailUrl":"https:\/\/www.granducatocollection.com\/wp-content\/uploads\/2025\/04\/soggiorno-di-1-notte-in-suite-room-a-viareggio.jpg","datePublished":"2025-04-30T10:56:33+00:00","dateModified":"2026-02-27T15:35:29+00:00","description":"Scopri Tramonti Aretini: una notte in suite con degustazione inclusa ad Arezzo, nel cuore della Toscana. Tutte le info su granducatocollection.com.","breadcrumb":{"@id":"https:\/\/www.granducatocollection.com\/prodotto\/tramonto-aretino-2\/#breadcrumb"},"inLanguage":"pl-PL","potentialAction":[{"@type":"ReadAction","target":["https:\/\/www.granducatocollection.com\/prodotto\/tramonto-aretino-2\/"]}]},{"@type":"ImageObject","inLanguage":"pl-PL","@id":"https:\/\/www.granducatocollection.com\/prodotto\/tramonto-aretino-2\/#primaryimage","url":"https:\/\/www.granducatocollection.com\/wp-content\/uploads\/2025\/04\/soggiorno-di-1-notte-in-suite-room-a-viareggio.jpg","contentUrl":"https:\/\/www.granducatocollection.com\/wp-content\/uploads\/2025\/04\/soggiorno-di-1-notte-in-suite-room-a-viareggio.jpg","width":300,"height":300},{"@type":"BreadcrumbList","@id":"https:\/\/www.granducatocollection.com\/prodotto\/tramonto-aretino-2\/#breadcrumb","itemListElement":[{"@type":"ListItem","position":1,"name":"Home","item":"https:\/\/www.granducatocollection.com\/"},{"@type":"ListItem","position":2,"name":"Shop","item":"https:\/\/www.granducatocollection.com\/negozio\/"},{"@type":"ListItem","position":3,"name":"Soggiorno di 1 notte in suite room a Viareggio"}]},{"@type":"WebSite","@id":"https:\/\/www.granducatocollection.com\/#website","url":"https:\/\/www.granducatocollection.com\/","name":"GranDucato Collection","description":"Prenota la tua vacanza e vivi un&#039;esperienza unica","potentialAction":[{"@type":"SearchAction","target":{"@type":"EntryPoint","urlTemplate":"https:\/\/www.granducatocollection.com\/?s={search_term_string}"},"query-input":{"@type":"PropertyValueSpecification","valueRequired":true,"valueName":"search_term_string"}}],"inLanguage":"pl-PL"}]}},"_links":{"self":[{"href":"https:\/\/www.granducatocollection.com\/pl\/wp-json\/wp\/v2\/product\/6952","targetHints":{"allow":["GET"]}}],"collection":[{"href":"https:\/\/www.granducatocollection.com\/pl\/wp-json\/wp\/v2\/product"}],"about":[{"href":"https:\/\/www.granducatocollection.com\/pl\/wp-json\/wp\/v2\/types\/product"}],"wp:featuredmedia":[{"embeddable":true,"href":"https:\/\/www.granducatocollection.com\/pl\/wp-json\/wp\/v2\/media\/9609"}],"wp:attachment":[{"href":"https:\/\/www.granducatocollection.com\/pl\/wp-json\/wp\/v2\/media?parent=6952"}],"wp:term":[{"taxonomy":"product_brand","embeddable":true,"href":"https:\/\/www.granducatocollection.com\/pl\/wp-json\/wp\/v2\/product_brand?post=6952"},{"taxonomy":"product_cat","embeddable":true,"href":"https:\/\/www.granducatocollection.com\/pl\/wp-json\/wp\/v2\/product_cat?post=6952"},{"taxonomy":"product_tag","embeddable":true,"href":"https:\/\/www.granducatocollection.com\/pl\/wp-json\/wp\/v2\/product_tag?post=6952"}],"curies":[{"name":"wp","href":"https:\/\/api.w.org\/{rel}","templated":true}]}}