{"id":6856,"date":"2025-04-25T14:03:54","date_gmt":"2025-04-25T14:03:54","guid":{"rendered":"https:\/\/www.granducatocollection.com\/?post_type=product&#038;p=6856"},"modified":"2026-02-27T14:33:45","modified_gmt":"2026-02-27T14:33:45","slug":"tracce-di-toscana","status":"publish","type":"product","link":"https:\/\/www.granducatocollection.com\/pl\/product\/tracce-di-toscana\/","title":{"rendered":"Pobyt w Toskanii ze \u015bniadaniem"},"content":{"rendered":"<p><script type=\"application\/ld+json\">{\n    \"@context\": \"https:\\\/\\\/schema.org\",\n    \"@type\": \"Product\",\n    \"@id\": \"https:\\\/\\\/www.granducatocollection.com\\\/prodotto\\\/tracce-di-toscana\\\/\",\n    \"name\": \"Tracce di Toscana \\u2013 Esperienza Romantica in Toscana\",\n    \"image\": \"https:\\\/\\\/www.granducatocollection.com\\\/wp-content\\\/uploads\\\/2026\\\/01\\\/tracce-di-toscana-experience.jpg\",\n    \"description\": \"Esperienza per 2 persone ad Arezzo: 1 notte con colazione inclusa e aperitivo di benvenuto. Un weekend romantico nel cuore della Toscana, firmato Granducato Collection.\",\n    \"brand\": {\n        \"@type\": \"Organization\",\n        \"name\": \"Granducato Collection\"\n    },\n    \"offers\": {\n        \"@type\": \"Offer\",\n        \"url\": \"https:\\\/\\\/www.granducatocollection.com\\\/prodotto\\\/tracce-di-toscana\\\/\",\n        \"priceCurrency\": \"EUR\",\n        \"price\": \"78.90\",\n        \"itemCondition\": \"https:\\\/\\\/schema.org\\\/NewCondition\",\n        \"availability\": \"https:\\\/\\\/schema.org\\\/InStock\",\n        \"seller\": {\n            \"@type\": \"Organization\",\n            \"name\": \"Granducato Collection\"\n        }\n    },\n    \"sku\": \"TRACCE-DI-TOSCANA-2PAX\"\n}<\/script><\/p>\n<h1>\u015alady Toskanii \u2013 romantyczny weekend w sercu Toskanii<\/h1>\n<h2>Ekskluzywna wycieczka dla dw\u00f3ch os\u00f3b w Arezzo, obejmuj\u0105ca \u015bniadanie i drinka powitalnego.<\/h2>\n<p class=\"translation-block\"><strong>Tracce di Toscana<\/strong> to do\u015bwiadczenie stworzone z my\u015bl\u0105 o osobach poszukuj\u0105cych intymno\u015bci, autentyczno\u015bci i pi\u0119kna. Oferujemy <strong>noc dla dwojga<\/strong> w jednym z naszych eleganckich dom\u00f3w w <strong>Arezzo<\/strong>, w sercu <strong>Toskanii<\/strong>, z <strong>rzemie\u015blniczym \u015bniadaniem<\/strong> w cenie i wykwintnym <strong>aperitifem<\/strong> powitalnym z lokalnych produkt\u00f3w.<\/p>\n<h3>Pobyt \u201eniewidoczny, ale obecny\u201d: dyskrecja, troska i toska\u0144ska go\u015bcinno\u015b\u0107<\/h3>\n<p class=\"translation-block\">Pobytowi towarzyszy dyskretna, ale zawsze dost\u0119pna obs\u0142uga: bez formalnego zameldowania, tylko ciep\u0142e i spersonalizowane powitanie. Idealne miejsce dla par poszukuj\u0105cych romansu, profesjonalist\u00f3w pracuj\u0105cych z domu lub turyst\u00f3w, kt\u00f3rzy chc\u0105 pozna\u0107 Toskani\u0119 bez kompromis\u00f3w.<\/p>\n<h3>Kolekcja Signature Granducato: gdzie go\u015bcinno\u015b\u0107 \u0142\u0105czy si\u0119 z terytorium<\/h3>\n<p class=\"translation-block\">To do\u015bwiadczenie jest cz\u0119\u015bci\u0105 <strong>Granducato Collection<\/strong>, projektu \u0142\u0105cz\u0105cego wyj\u0105tkow\u0105 go\u015bcinno\u015b\u0107, toska\u0144skie produkty rzemie\u015blnicze i mi\u0142o\u015b\u0107 do regionu Arezzo. Ka\u017cdy szczeg\u00f3\u0142 zosta\u0142 zaprojektowany tak, aby poczu\u0107 si\u0119 jak w domu \u2013 a jednocze\u015bnie z magi\u0105 Toskanii tu\u017c za oknem.<\/p>","protected":false},"excerpt":{"rendered":"<h1>Zosta\u0144 w Toskanii<\/h1>\n<p>2 osoby<br \/>\n1 noc<br \/>\n\u015bniadanie wliczone w cen\u0119<br \/>\nAperitif powitalny<br \/>\n<a style=\"text-decoration: none; display: inline-flex; align-items: center; color: #159c7f; font-weight: 600;\" href=\"https:\/\/wa.me\/3772539581\" target=\"_blank\" rel=\"noopener noreferrer\"><br \/>\n<img decoding=\"async\" style=\"width: 24px; height: 24px; margin-right: 8px;\" src=\"https:\/\/upload.wikimedia.org\/wikipedia\/commons\/6\/6b\/WhatsApp.svg\" alt=\"WhatsApp Icon\" \/><br \/>\nZarezerwuj bezpo\u015brednio na WhatsApp<br \/>\n<\/a><\/p>","protected":false},"featured_media":9626,"template":"","meta":{"_acf_changed":false},"product_brand":[764],"product_cat":[80],"product_tag":[517,846,160,520,510,522,516,521,509,507,227,519,523,501],"class_list":{"0":"post-6856","1":"product","2":"type-product","3":"status-publish","4":"has-post-thumbnail","6":"product_brand-granducato-collection","7":"product_cat-soggiorni-e-degustazioni","8":"product_tag-allegra-toscana","9":"product_tag-charme","10":"product_tag-colazione-inclusa","11":"product_tag-esperienza-toscana","12":"product_tag-fuga-romantica","13":"product_tag-hotel-boutique-toscana","14":"product_tag-notte-con-colazione","15":"product_tag-pernottamento-con-colazione","16":"product_tag-regalo-esperienziale","17":"product_tag-soggiorno-benessere","18":"product_tag-soggiorno-romantico","19":"product_tag-vacanza-coppia","20":"product_tag-vacanza-rilassante","21":"product_tag-weekend-in-toscana","23":"first","24":"instock","25":"shipping-taxable","26":"product-type-simple"},"acf":[],"yoast_head":"<!-- This site is optimized with the Yoast SEO plugin v26.7 - https:\/\/yoast.com\/wordpress\/plugins\/seo\/ -->\n<title>B&amp;B Arezzo - Box Soggiorno in Toscana con Colazione - Gran ducato Collection<\/title>\n<meta name=\"description\" content=\"Scopri la Box &#039;Tracce di Toscana&#039; della Granducato Collection: un viaggio sensoriale tra sapori, profumi e tradizioni della regione.\" \/>\n<meta name=\"robots\" content=\"index, follow, max-snippet:-1, max-image-preview:large, max-video-preview:-1\" \/>\n<link rel=\"canonical\" href=\"https:\/\/www.granducatocollection.com\/pl\/product\/tracce-di-toscana\/\" \/>\n<meta property=\"og:locale\" content=\"pl_PL\" \/>\n<meta property=\"og:type\" content=\"article\" \/>\n<meta property=\"og:title\" content=\"B&amp;B Arezzo - Box Soggiorno in Toscana con Colazione - Gran ducato Collection\" \/>\n<meta property=\"og:description\" content=\"Scopri la Box &#039;Tracce di Toscana&#039; della Granducato Collection: un viaggio sensoriale tra sapori, profumi e tradizioni della regione.\" \/>\n<meta property=\"og:url\" content=\"https:\/\/www.granducatocollection.com\/pl\/product\/tracce-di-toscana\/\" \/>\n<meta property=\"og:site_name\" content=\"Granducato Collection\" \/>\n<meta property=\"article:modified_time\" content=\"2026-02-27T14:33:45+00:00\" \/>\n<meta property=\"og:image\" content=\"https:\/\/www.granducatocollection.com\/wp-content\/uploads\/2025\/04\/549349489-1.jpg\" \/>\n\t<meta property=\"og:image:width\" content=\"1024\" \/>\n\t<meta property=\"og:image:height\" content=\"768\" \/>\n\t<meta property=\"og:image:type\" content=\"image\/jpeg\" \/>\n<meta name=\"twitter:card\" content=\"summary_large_image\" \/>\n<meta name=\"twitter:label1\" content=\"Szacowany czas czytania\" \/>\n\t<meta name=\"twitter:data1\" content=\"2 minuty\" \/>\n<script type=\"application\/ld+json\" class=\"yoast-schema-graph\">{\"@context\":\"https:\/\/schema.org\",\"@graph\":[{\"@type\":\"WebPage\",\"@id\":\"https:\/\/www.granducatocollection.com\/prodotto\/tracce-di-toscana\/\",\"url\":\"https:\/\/www.granducatocollection.com\/prodotto\/tracce-di-toscana\/\",\"name\":\"B&B Arezzo - Box Soggiorno in Toscana con Colazione - Gran ducato Collection\",\"isPartOf\":{\"@id\":\"https:\/\/www.granducatocollection.com\/#website\"},\"primaryImageOfPage\":{\"@id\":\"https:\/\/www.granducatocollection.com\/prodotto\/tracce-di-toscana\/#primaryimage\"},\"image\":{\"@id\":\"https:\/\/www.granducatocollection.com\/prodotto\/tracce-di-toscana\/#primaryimage\"},\"thumbnailUrl\":\"https:\/\/www.granducatocollection.com\/wp-content\/uploads\/2025\/04\/soggiorno-in-toscana-con-colazione.jpg\",\"datePublished\":\"2025-04-25T14:03:54+00:00\",\"dateModified\":\"2026-02-27T14:33:45+00:00\",\"description\":\"Scopri la Box 'Tracce di Toscana' della Granducato Collection: un viaggio sensoriale tra sapori, profumi e tradizioni della regione.\",\"breadcrumb\":{\"@id\":\"https:\/\/www.granducatocollection.com\/prodotto\/tracce-di-toscana\/#breadcrumb\"},\"inLanguage\":\"pl-PL\",\"potentialAction\":[{\"@type\":\"ReadAction\",\"target\":[\"https:\/\/www.granducatocollection.com\/prodotto\/tracce-di-toscana\/\"]}]},{\"@type\":\"ImageObject\",\"inLanguage\":\"pl-PL\",\"@id\":\"https:\/\/www.granducatocollection.com\/prodotto\/tracce-di-toscana\/#primaryimage\",\"url\":\"https:\/\/www.granducatocollection.com\/wp-content\/uploads\/2025\/04\/soggiorno-in-toscana-con-colazione.jpg\",\"contentUrl\":\"https:\/\/www.granducatocollection.com\/wp-content\/uploads\/2025\/04\/soggiorno-in-toscana-con-colazione.jpg\",\"width\":1024,\"height\":768},{\"@type\":\"BreadcrumbList\",\"@id\":\"https:\/\/www.granducatocollection.com\/prodotto\/tracce-di-toscana\/#breadcrumb\",\"itemListElement\":[{\"@type\":\"ListItem\",\"position\":1,\"name\":\"Home\",\"item\":\"https:\/\/www.granducatocollection.com\/\"},{\"@type\":\"ListItem\",\"position\":2,\"name\":\"Shop\",\"item\":\"https:\/\/www.granducatocollection.com\/negozio\/\"},{\"@type\":\"ListItem\",\"position\":3,\"name\":\"Soggiorno in Toscana con Colazione\"}]},{\"@type\":\"WebSite\",\"@id\":\"https:\/\/www.granducatocollection.com\/#website\",\"url\":\"https:\/\/www.granducatocollection.com\/\",\"name\":\"GranDucato Collection\",\"description\":\"Prenota la tua vacanza e vivi un&#039;esperienza unica\",\"potentialAction\":[{\"@type\":\"SearchAction\",\"target\":{\"@type\":\"EntryPoint\",\"urlTemplate\":\"https:\/\/www.granducatocollection.com\/?s={search_term_string}\"},\"query-input\":{\"@type\":\"PropertyValueSpecification\",\"valueRequired\":true,\"valueName\":\"search_term_string\"}}],\"inLanguage\":\"pl-PL\"}]}<\/script>\n<!-- \/ Yoast SEO plugin. -->","yoast_head_json":{"title":"B&B Arezzo - Box Soggiorno in Toscana con Colazione - Gran ducato Collection","description":"Scopri la Box 'Tracce di Toscana' della Granducato Collection: un viaggio sensoriale tra sapori, profumi e tradizioni della regione.","robots":{"index":"index","follow":"follow","max-snippet":"max-snippet:-1","max-image-preview":"max-image-preview:large","max-video-preview":"max-video-preview:-1"},"canonical":"https:\/\/www.granducatocollection.com\/pl\/product\/tracce-di-toscana\/","og_locale":"pl_PL","og_type":"article","og_title":"B&B Arezzo - Box Soggiorno in Toscana con Colazione - Gran ducato Collection","og_description":"Scopri la Box 'Tracce di Toscana' della Granducato Collection: un viaggio sensoriale tra sapori, profumi e tradizioni della regione.","og_url":"https:\/\/www.granducatocollection.com\/pl\/product\/tracce-di-toscana\/","og_site_name":"Granducato Collection","article_modified_time":"2026-02-27T14:33:45+00:00","og_image":[{"width":1024,"height":768,"url":"https:\/\/www.granducatocollection.com\/wp-content\/uploads\/2025\/04\/549349489-1.jpg","type":"image\/jpeg"}],"twitter_card":"summary_large_image","twitter_misc":{"Szacowany czas czytania":"2 minuty"},"schema":{"@context":"https:\/\/schema.org","@graph":[{"@type":"WebPage","@id":"https:\/\/www.granducatocollection.com\/prodotto\/tracce-di-toscana\/","url":"https:\/\/www.granducatocollection.com\/prodotto\/tracce-di-toscana\/","name":"B&B Arezzo - Box Soggiorno in Toscana con Colazione - Gran ducato Collection","isPartOf":{"@id":"https:\/\/www.granducatocollection.com\/#website"},"primaryImageOfPage":{"@id":"https:\/\/www.granducatocollection.com\/prodotto\/tracce-di-toscana\/#primaryimage"},"image":{"@id":"https:\/\/www.granducatocollection.com\/prodotto\/tracce-di-toscana\/#primaryimage"},"thumbnailUrl":"https:\/\/www.granducatocollection.com\/wp-content\/uploads\/2025\/04\/soggiorno-in-toscana-con-colazione.jpg","datePublished":"2025-04-25T14:03:54+00:00","dateModified":"2026-02-27T14:33:45+00:00","description":"Scopri la Box 'Tracce di Toscana' della Granducato Collection: un viaggio sensoriale tra sapori, profumi e tradizioni della regione.","breadcrumb":{"@id":"https:\/\/www.granducatocollection.com\/prodotto\/tracce-di-toscana\/#breadcrumb"},"inLanguage":"pl-PL","potentialAction":[{"@type":"ReadAction","target":["https:\/\/www.granducatocollection.com\/prodotto\/tracce-di-toscana\/"]}]},{"@type":"ImageObject","inLanguage":"pl-PL","@id":"https:\/\/www.granducatocollection.com\/prodotto\/tracce-di-toscana\/#primaryimage","url":"https:\/\/www.granducatocollection.com\/wp-content\/uploads\/2025\/04\/soggiorno-in-toscana-con-colazione.jpg","contentUrl":"https:\/\/www.granducatocollection.com\/wp-content\/uploads\/2025\/04\/soggiorno-in-toscana-con-colazione.jpg","width":1024,"height":768},{"@type":"BreadcrumbList","@id":"https:\/\/www.granducatocollection.com\/prodotto\/tracce-di-toscana\/#breadcrumb","itemListElement":[{"@type":"ListItem","position":1,"name":"Home","item":"https:\/\/www.granducatocollection.com\/"},{"@type":"ListItem","position":2,"name":"Shop","item":"https:\/\/www.granducatocollection.com\/negozio\/"},{"@type":"ListItem","position":3,"name":"Soggiorno in Toscana con Colazione"}]},{"@type":"WebSite","@id":"https:\/\/www.granducatocollection.com\/#website","url":"https:\/\/www.granducatocollection.com\/","name":"GranDucato Collection","description":"Prenota la tua vacanza e vivi un&#039;esperienza unica","potentialAction":[{"@type":"SearchAction","target":{"@type":"EntryPoint","urlTemplate":"https:\/\/www.granducatocollection.com\/?s={search_term_string}"},"query-input":{"@type":"PropertyValueSpecification","valueRequired":true,"valueName":"search_term_string"}}],"inLanguage":"pl-PL"}]}},"_links":{"self":[{"href":"https:\/\/www.granducatocollection.com\/pl\/wp-json\/wp\/v2\/product\/6856","targetHints":{"allow":["GET"]}}],"collection":[{"href":"https:\/\/www.granducatocollection.com\/pl\/wp-json\/wp\/v2\/product"}],"about":[{"href":"https:\/\/www.granducatocollection.com\/pl\/wp-json\/wp\/v2\/types\/product"}],"wp:featuredmedia":[{"embeddable":true,"href":"https:\/\/www.granducatocollection.com\/pl\/wp-json\/wp\/v2\/media\/9626"}],"wp:attachment":[{"href":"https:\/\/www.granducatocollection.com\/pl\/wp-json\/wp\/v2\/media?parent=6856"}],"wp:term":[{"taxonomy":"product_brand","embeddable":true,"href":"https:\/\/www.granducatocollection.com\/pl\/wp-json\/wp\/v2\/product_brand?post=6856"},{"taxonomy":"product_cat","embeddable":true,"href":"https:\/\/www.granducatocollection.com\/pl\/wp-json\/wp\/v2\/product_cat?post=6856"},{"taxonomy":"product_tag","embeddable":true,"href":"https:\/\/www.granducatocollection.com\/pl\/wp-json\/wp\/v2\/product_tag?post=6856"}],"curies":[{"name":"wp","href":"https:\/\/api.w.org\/{rel}","templated":true}]}}