{"id":6843,"date":"2025-04-25T11:37:16","date_gmt":"2025-04-25T11:37:16","guid":{"rendered":"https:\/\/www.granducatocollection.com\/?post_type=product&#038;p=6843"},"modified":"2026-02-27T15:34:02","modified_gmt":"2026-02-27T15:34:02","slug":"fuga-nel-borgo","status":"publish","type":"product","link":"https:\/\/www.granducatocollection.com\/pl\/product\/fuga-nel-borgo\/","title":{"rendered":"Jednonocleg ze \u015bniadaniem"},"content":{"rendered":"<p><script type=\"application\/ld+json\">{\n    \"@context\": \"https:\\\/\\\/schema.org\",\n    \"@type\": \"Product\",\n    \"@id\": \"https:\\\/\\\/www.granducatocollection.com\\\/prodotto\\\/fuga-nel-borgo\\\/\",\n    \"name\": \"Fuga nel Borgo \\u2013 Esperienza Romantica in Toscana | Granducato Collection\",\n    \"image\": \"https:\\\/\\\/www.granducatocollection.com\\\/wp-content\\\/uploads\\\/2026\\\/01\\\/fuga-nel-borgo-granducato.jpg\",\n    \"description\": \"Pacchetto esclusivo per 4 persone: 1 notte in elegante dimora toscana con colazione inclusa. Perfetto per weekend romantici o soggiorni tra i borghi di Arezzo.\",\n    \"brand\": {\n        \"@type\": \"Organization\",\n        \"name\": \"Granducato Collection\"\n    },\n    \"offers\": {\n        \"@type\": \"Offer\",\n        \"url\": \"https:\\\/\\\/www.granducatocollection.com\\\/prodotto\\\/fuga-nel-borgo\\\/\",\n        \"priceCurrency\": \"EUR\",\n        \"price\": \"95.00\",\n        \"itemCondition\": \"https:\\\/\\\/schema.org\\\/NewCondition\",\n        \"availability\": \"https:\\\/\\\/schema.org\\\/InStock\",\n        \"seller\": {\n            \"@type\": \"Organization\",\n            \"name\": \"Granducato Collection\"\n        }\n    },\n    \"sku\": \"FUGA-NEL-BORGO-2026\"\n}<\/script><\/p>\n<h1>Ucieczka na wie\u015b \u2013 romantyczne prze\u017cycie w toska\u0144skich wioskach<\/h1>\n<h2>Ekskluzywny weekend dla czterech os\u00f3b w Arezzo, sercu Toskanii.<\/h2>\n<p class=\"translation-block\">Odkryj <strong>Escape to the Village<\/strong>, ekskluzywny pakiet z kolekcji <strong>Granducato<\/strong>, stworzony dla os\u00f3b poszukuj\u0105cych autentycznego, relaksuj\u0105cego i czaruj\u0105cego do\u015bwiadczenia. Idealna dla par, przyjaci\u00f3\u0142 lub ma\u0142ych grup, oferta obejmuje <strong>1 noc dla 4 os\u00f3b<\/strong> w eleganckiej i dyskretnej rezydencji, zanurzonej w sugestywnych krajobrazach <strong>toska\u0144skich wiosek<\/strong>, z <strong>rzemie\u015blniczym \u015bniadaniem<\/strong> w cenie.<\/p>\n<h3>Idealne na romantyczne weekendy, pobyty kulturalne lub regeneruj\u0105ce wakacje<\/h3>\n<p class=\"translation-block\">Po\u0142o\u017cony zaledwie kilka minut od Arezzo \u2013 miasta bogatego w sztuk\u0119, histori\u0119, staro\u017cytne targi i renesansowe widoki \u2013 hotel oferuje \u0142atwy dost\u0119p do Florencji, Sieny i Cortony. \u201eNiewidoczna, a jednak obecna\u201d go\u015bcinno\u015b\u0107, typowa dla Granducato Collection, gwarantuje prywatno\u015b\u0107, komfort i spersonalizowane powitanie bez \u017cadnych ogranicze\u0144.<\/p>\n<h3>Pe\u0142ne do\u015bwiadczenie, gotowe do prze\u017cycia<\/h3>\n<p class=\"translation-block\">Zadbali\u015bmy o ka\u017cdy szczeg\u00f3\u0142, aby zaoferowa\u0107 Pa\u0144stwu to, co najlepsze w Toskanii: od eleganckich wn\u0119trz, przez panoramiczne widoki, po \u015bniadania z lokalnymi produktami. Zarezerwuj <strong>Ucieczk\u0119 na Wiosk\u0119<\/strong> i zmie\u0144 zwyk\u0142y weekend w niezapomniane wspomnienie.<\/p>","protected":false},"excerpt":{"rendered":"<h1>Jedna noc ze \u015bniadaniem<\/h1>\n<p>4 osoby<br \/>\n1 noc<br \/>\n\u015aniadanie wliczone w cen\u0119<br \/>\n<a style=\"text-decoration: none; display: inline-flex; align-items: center; color: #159c7f; font-weight: 600;\" href=\"https:\/\/wa.me\/3772539581\" target=\"_blank\" rel=\"noopener noreferrer\"><br \/>\n<img decoding=\"async\" style=\"width: 24px; height: 24px; margin-right: 8px;\" src=\"https:\/\/upload.wikimedia.org\/wikipedia\/commons\/6\/6b\/WhatsApp.svg\" alt=\"WhatsApp Icon\" \/><br \/>\nZarezerwuj bezpo\u015brednio na WhatsApp<br \/>\n<\/a><\/p>","protected":false},"featured_media":7775,"template":"","meta":{"_acf_changed":false},"product_brand":[764],"product_cat":[80],"product_tag":[517,846,160,520,510,522,516,521,509,507,227,519,523,501],"class_list":{"0":"post-6843","1":"product","2":"type-product","3":"status-publish","4":"has-post-thumbnail","6":"product_brand-granducato-collection","7":"product_cat-soggiorni-e-degustazioni","8":"product_tag-allegra-toscana","9":"product_tag-charme","10":"product_tag-colazione-inclusa","11":"product_tag-esperienza-toscana","12":"product_tag-fuga-romantica","13":"product_tag-hotel-boutique-toscana","14":"product_tag-notte-con-colazione","15":"product_tag-pernottamento-con-colazione","16":"product_tag-regalo-esperienziale","17":"product_tag-soggiorno-benessere","18":"product_tag-soggiorno-romantico","19":"product_tag-vacanza-coppia","20":"product_tag-vacanza-rilassante","21":"product_tag-weekend-in-toscana","23":"first","24":"instock","25":"shipping-taxable","26":"product-type-simple"},"acf":[],"yoast_head":"<!-- This site is optimized with the Yoast SEO plugin v26.7 - https:\/\/yoast.com\/wordpress\/plugins\/seo\/ -->\n<title>Soggiorno di una notte con colazione - Granducato Collection<\/title>\n<meta name=\"robots\" content=\"index, follow, max-snippet:-1, max-image-preview:large, max-video-preview:-1\" \/>\n<link rel=\"canonical\" href=\"https:\/\/www.granducatocollection.com\/pl\/product\/fuga-nel-borgo\/\" \/>\n<meta property=\"og:locale\" content=\"pl_PL\" \/>\n<meta property=\"og:type\" content=\"article\" \/>\n<meta property=\"og:title\" content=\"Soggiorno di una notte con colazione - Granducato Collection\" \/>\n<meta property=\"og:description\" content=\"Una Notte con Colazione 4 Persone 1 notte Colazione Inclusa   Prenota direttamente su WhatsApp\" \/>\n<meta property=\"og:url\" content=\"https:\/\/www.granducatocollection.com\/pl\/product\/fuga-nel-borgo\/\" \/>\n<meta property=\"og:site_name\" content=\"Granducato Collection\" \/>\n<meta property=\"article:modified_time\" content=\"2026-02-27T15:34:02+00:00\" \/>\n<meta property=\"og:image\" content=\"https:\/\/www.granducatocollection.com\/wp-content\/uploads\/2025\/06\/juniorsuite_arezzo_-5-scaled-2.jpg\" \/>\n\t<meta property=\"og:image:width\" content=\"2560\" \/>\n\t<meta property=\"og:image:height\" content=\"1707\" \/>\n\t<meta property=\"og:image:type\" content=\"image\/jpeg\" \/>\n<meta name=\"twitter:card\" content=\"summary_large_image\" \/>\n<meta name=\"twitter:label1\" content=\"Szacowany czas czytania\" \/>\n\t<meta name=\"twitter:data1\" content=\"2 minuty\" \/>\n<script type=\"application\/ld+json\" class=\"yoast-schema-graph\">{\"@context\":\"https:\/\/schema.org\",\"@graph\":[{\"@type\":\"WebPage\",\"@id\":\"https:\/\/www.granducatocollection.com\/prodotto\/fuga-nel-borgo\/\",\"url\":\"https:\/\/www.granducatocollection.com\/prodotto\/fuga-nel-borgo\/\",\"name\":\"Soggiorno di una notte con colazione - Granducato Collection\",\"isPartOf\":{\"@id\":\"https:\/\/www.granducatocollection.com\/#website\"},\"primaryImageOfPage\":{\"@id\":\"https:\/\/www.granducatocollection.com\/prodotto\/fuga-nel-borgo\/#primaryimage\"},\"image\":{\"@id\":\"https:\/\/www.granducatocollection.com\/prodotto\/fuga-nel-borgo\/#primaryimage\"},\"thumbnailUrl\":\"https:\/\/www.granducatocollection.com\/wp-content\/uploads\/2025\/06\/junior-suite-deluxela-corte-del-re-hotel-arezzo.jpg\",\"datePublished\":\"2025-04-25T11:37:16+00:00\",\"dateModified\":\"2026-02-27T15:34:02+00:00\",\"breadcrumb\":{\"@id\":\"https:\/\/www.granducatocollection.com\/prodotto\/fuga-nel-borgo\/#breadcrumb\"},\"inLanguage\":\"pl-PL\",\"potentialAction\":[{\"@type\":\"ReadAction\",\"target\":[\"https:\/\/www.granducatocollection.com\/prodotto\/fuga-nel-borgo\/\"]}]},{\"@type\":\"ImageObject\",\"inLanguage\":\"pl-PL\",\"@id\":\"https:\/\/www.granducatocollection.com\/prodotto\/fuga-nel-borgo\/#primaryimage\",\"url\":\"https:\/\/www.granducatocollection.com\/wp-content\/uploads\/2025\/06\/junior-suite-deluxela-corte-del-re-hotel-arezzo.jpg\",\"contentUrl\":\"https:\/\/www.granducatocollection.com\/wp-content\/uploads\/2025\/06\/junior-suite-deluxela-corte-del-re-hotel-arezzo.jpg\",\"width\":2560,\"height\":1707},{\"@type\":\"BreadcrumbList\",\"@id\":\"https:\/\/www.granducatocollection.com\/prodotto\/fuga-nel-borgo\/#breadcrumb\",\"itemListElement\":[{\"@type\":\"ListItem\",\"position\":1,\"name\":\"Home\",\"item\":\"https:\/\/www.granducatocollection.com\/\"},{\"@type\":\"ListItem\",\"position\":2,\"name\":\"Shop\",\"item\":\"https:\/\/www.granducatocollection.com\/negozio\/\"},{\"@type\":\"ListItem\",\"position\":3,\"name\":\"Soggiorno di una notte con colazione\"}]},{\"@type\":\"WebSite\",\"@id\":\"https:\/\/www.granducatocollection.com\/#website\",\"url\":\"https:\/\/www.granducatocollection.com\/\",\"name\":\"GranDucato Collection\",\"description\":\"Prenota la tua vacanza e vivi un&#039;esperienza unica\",\"potentialAction\":[{\"@type\":\"SearchAction\",\"target\":{\"@type\":\"EntryPoint\",\"urlTemplate\":\"https:\/\/www.granducatocollection.com\/?s={search_term_string}\"},\"query-input\":{\"@type\":\"PropertyValueSpecification\",\"valueRequired\":true,\"valueName\":\"search_term_string\"}}],\"inLanguage\":\"pl-PL\"}]}<\/script>\n<!-- \/ Yoast SEO plugin. -->","yoast_head_json":{"title":"Soggiorno di una notte con colazione - Granducato Collection","robots":{"index":"index","follow":"follow","max-snippet":"max-snippet:-1","max-image-preview":"max-image-preview:large","max-video-preview":"max-video-preview:-1"},"canonical":"https:\/\/www.granducatocollection.com\/pl\/product\/fuga-nel-borgo\/","og_locale":"pl_PL","og_type":"article","og_title":"Soggiorno di una notte con colazione - Granducato Collection","og_description":"Una Notte con Colazione 4 Persone 1 notte Colazione Inclusa   Prenota direttamente su WhatsApp","og_url":"https:\/\/www.granducatocollection.com\/pl\/product\/fuga-nel-borgo\/","og_site_name":"Granducato Collection","article_modified_time":"2026-02-27T15:34:02+00:00","og_image":[{"width":2560,"height":1707,"url":"https:\/\/www.granducatocollection.com\/wp-content\/uploads\/2025\/06\/juniorsuite_arezzo_-5-scaled-2.jpg","type":"image\/jpeg"}],"twitter_card":"summary_large_image","twitter_misc":{"Szacowany czas czytania":"2 minuty"},"schema":{"@context":"https:\/\/schema.org","@graph":[{"@type":"WebPage","@id":"https:\/\/www.granducatocollection.com\/prodotto\/fuga-nel-borgo\/","url":"https:\/\/www.granducatocollection.com\/prodotto\/fuga-nel-borgo\/","name":"Soggiorno di una notte con colazione - Granducato Collection","isPartOf":{"@id":"https:\/\/www.granducatocollection.com\/#website"},"primaryImageOfPage":{"@id":"https:\/\/www.granducatocollection.com\/prodotto\/fuga-nel-borgo\/#primaryimage"},"image":{"@id":"https:\/\/www.granducatocollection.com\/prodotto\/fuga-nel-borgo\/#primaryimage"},"thumbnailUrl":"https:\/\/www.granducatocollection.com\/wp-content\/uploads\/2025\/06\/junior-suite-deluxela-corte-del-re-hotel-arezzo.jpg","datePublished":"2025-04-25T11:37:16+00:00","dateModified":"2026-02-27T15:34:02+00:00","breadcrumb":{"@id":"https:\/\/www.granducatocollection.com\/prodotto\/fuga-nel-borgo\/#breadcrumb"},"inLanguage":"pl-PL","potentialAction":[{"@type":"ReadAction","target":["https:\/\/www.granducatocollection.com\/prodotto\/fuga-nel-borgo\/"]}]},{"@type":"ImageObject","inLanguage":"pl-PL","@id":"https:\/\/www.granducatocollection.com\/prodotto\/fuga-nel-borgo\/#primaryimage","url":"https:\/\/www.granducatocollection.com\/wp-content\/uploads\/2025\/06\/junior-suite-deluxela-corte-del-re-hotel-arezzo.jpg","contentUrl":"https:\/\/www.granducatocollection.com\/wp-content\/uploads\/2025\/06\/junior-suite-deluxela-corte-del-re-hotel-arezzo.jpg","width":2560,"height":1707},{"@type":"BreadcrumbList","@id":"https:\/\/www.granducatocollection.com\/prodotto\/fuga-nel-borgo\/#breadcrumb","itemListElement":[{"@type":"ListItem","position":1,"name":"Home","item":"https:\/\/www.granducatocollection.com\/"},{"@type":"ListItem","position":2,"name":"Shop","item":"https:\/\/www.granducatocollection.com\/negozio\/"},{"@type":"ListItem","position":3,"name":"Soggiorno di una notte con colazione"}]},{"@type":"WebSite","@id":"https:\/\/www.granducatocollection.com\/#website","url":"https:\/\/www.granducatocollection.com\/","name":"GranDucato Collection","description":"Prenota la tua vacanza e vivi un&#039;esperienza unica","potentialAction":[{"@type":"SearchAction","target":{"@type":"EntryPoint","urlTemplate":"https:\/\/www.granducatocollection.com\/?s={search_term_string}"},"query-input":{"@type":"PropertyValueSpecification","valueRequired":true,"valueName":"search_term_string"}}],"inLanguage":"pl-PL"}]}},"_links":{"self":[{"href":"https:\/\/www.granducatocollection.com\/pl\/wp-json\/wp\/v2\/product\/6843","targetHints":{"allow":["GET"]}}],"collection":[{"href":"https:\/\/www.granducatocollection.com\/pl\/wp-json\/wp\/v2\/product"}],"about":[{"href":"https:\/\/www.granducatocollection.com\/pl\/wp-json\/wp\/v2\/types\/product"}],"wp:featuredmedia":[{"embeddable":true,"href":"https:\/\/www.granducatocollection.com\/pl\/wp-json\/wp\/v2\/media\/7775"}],"wp:attachment":[{"href":"https:\/\/www.granducatocollection.com\/pl\/wp-json\/wp\/v2\/media?parent=6843"}],"wp:term":[{"taxonomy":"product_brand","embeddable":true,"href":"https:\/\/www.granducatocollection.com\/pl\/wp-json\/wp\/v2\/product_brand?post=6843"},{"taxonomy":"product_cat","embeddable":true,"href":"https:\/\/www.granducatocollection.com\/pl\/wp-json\/wp\/v2\/product_cat?post=6843"},{"taxonomy":"product_tag","embeddable":true,"href":"https:\/\/www.granducatocollection.com\/pl\/wp-json\/wp\/v2\/product_tag?post=6843"}],"curies":[{"name":"wp","href":"https:\/\/api.w.org\/{rel}","templated":true}]}}