{"id":6710,"date":"2025-04-18T12:42:42","date_gmt":"2025-04-18T12:42:42","guid":{"rendered":"https:\/\/www.granducatocollection.com\/?post_type=product&#038;p=6710"},"modified":"2026-04-06T11:02:29","modified_gmt":"2026-04-06T11:02:29","slug":"prodotti-borgunto-gourmet","status":"publish","type":"product","link":"https:\/\/www.granducatocollection.com\/pl\/product\/prodotti-borgunto-gourmet\/","title":{"rendered":"Produkty Borgunto (Gourmet)"},"content":{"rendered":"<p class=\"translation-block\" data-start=\"246\" data-end=\"1283\">\ud83c\udf77 1 butelka <strong data-start=\"295\" data-end=\"333\">Chianti Rosso \u201eColli Aretini\u201d DOCG<\/strong> 13% \u2013 wino o silnym i autentycznym charakterze, symbol toska\u0144skiej tradycji.<br data-start=\"414\" data-end=\"417\">\ud83c\udf5d 2 sosy domowej roboty \u2013 przygotowane ze \u015bwie\u017cych i naturalnych sk\u0142adnik\u00f3w, aby podkre\u015bli\u0107 smak ka\u017cdego dania.<br data-start=\"511\" data-end=\"514\">\ud83c\udf5d 2 opakowania <strong data-start=\"529\" data-end=\"556\">makaronu od rolnik\u00f3w<\/strong> (500 g) \u2013 makaron najwy\u017cszej jako\u015bci, produkowany przez naszych lokalnych rolnik\u00f3w.<br data-start=\"628\" data-end=\"631\" data-is-only-node=\"\">\ud83c\udf6f 1 s\u0142oik <strong data-start=\"647\" data-end=\"679\">miodu z letnim czarnym trufl\u0105<\/strong> \u2013 s\u0142odycz i wyrafinowanie, idealne do wzmocnienia smaku Twoich potraw.<br data-start=\"743\" data-end=\"746\">\ud83c\udf7f 1 opakowanie <strong data-start=\"765\" data-end=\"799\">popcornu z letnim czarnym trufl\u0105<\/strong> \u2013 gourmetowski przek\u0105ska o bogatym i wyj\u0105tkowym smaku.<br data-start=\"845\" data-end=\"848\">\ud83c\udf45 1 s\u0142oik <strong data-start=\"864\" data-end=\"885\">Pappa al Pomodoro<\/strong> \u2013 tradycyjne toska\u0144skie danie, proste i smaczne.<br data-start=\"939\" data-end=\"942\">\ud83c\udf72 1 s\u0142oik <strong data-start=\"958\" data-end=\"979\">Ribollita Toska\u0144ska<\/strong> \u2013 s\u0142ynna toska\u0144ska zupa, idealna w ka\u017cdej porze roku.<br data-start=\"1032\" data-end=\"1035\">\ud83c\udf51 1 s\u0142oik <strong data-start=\"1053\" data-end=\"1074\">brzoskwi\u0144 w syropie<\/strong> \u2013 s\u0142odycz i \u015bwie\u017co\u015b\u0107 w ka\u017cdej \u0142y\u017cce.<br data-start=\"1119\" data-end=\"1122\">\ud83c\udf6f 1 s\u0142oik <strong data-start=\"1138\" data-end=\"1152\">d\u017cemu<\/strong> \u2013 idealny na \u015bniadanie i przek\u0105ski.<br data-start=\"1189\" data-end=\"1192\">\ud83c\udf4a 1 butelka <strong data-start=\"1210\" data-end=\"1231\">nektaru owocowego<\/strong> (200 ml) \u2013 naturalny, \u015bwie\u017cy i orze\u017awiaj\u0105cy nap\u00f3j.<\/p>\n<p class=\"translation-block\" data-start=\"1285\" data-end=\"1322\">\ud83d\udce6 <strong data-start=\"336\" data-end=\"370\">Wysy\u0142ka wliczona w cen\u0119!<\/strong><\/p>","protected":false},"excerpt":{"rendered":"<h1>Borgunto (wykwintne)<\/h1>\n<p>Podr\u00f3\u017c przez autentyczne smaki Toskanii, z wyborem lokalnych przysmak\u00f3w, kt\u00f3rymi mo\u017cna si\u0119 delektowa\u0107 i dzieli\u0107.<\/p>","protected":false},"featured_media":11374,"template":"","meta":{"_acf_changed":false},"product_brand":[764],"product_cat":[843],"product_tag":[664,821,584,791],"class_list":{"0":"post-6710","1":"product","2":"type-product","3":"status-publish","4":"has-post-thumbnail","6":"product_brand-granducato-collection","7":"product_cat-box-e-degustazioni","8":"product_tag-cooking-box","9":"product_tag-prodotti-gourmet","10":"product_tag-prodotti-tipici","11":"product_tag-prodotti-toscani","13":"first","14":"instock","15":"shipping-taxable","16":"purchasable","17":"product-type-simple"},"acf":[],"yoast_head":"<!-- This site is optimized with the Yoast SEO plugin v26.7 - https:\/\/yoast.com\/wordpress\/plugins\/seo\/ -->\n<title>B&amp;B Arezzo - Prodotti Borgunto (Gourmet) - Gran Ducato Collection<\/title>\n<meta name=\"description\" content=\"L\u2019eccellenza dei Prodotti Borgunto (Gourmet): un&#039;accurata selezione di prelibatezze toscane, perfette per chi cerca il gusto raffinato.\" \/>\n<meta name=\"robots\" content=\"index, follow, max-snippet:-1, max-image-preview:large, max-video-preview:-1\" \/>\n<link rel=\"canonical\" href=\"https:\/\/www.granducatocollection.com\/pl\/product\/prodotti-borgunto-gourmet\/\" \/>\n<meta property=\"og:locale\" content=\"pl_PL\" \/>\n<meta property=\"og:type\" content=\"article\" \/>\n<meta property=\"og:title\" content=\"B&amp;B Arezzo - Prodotti Borgunto (Gourmet) - Gran Ducato Collection\" \/>\n<meta property=\"og:description\" content=\"L\u2019eccellenza dei Prodotti Borgunto (Gourmet): un&#039;accurata selezione di prelibatezze toscane, perfette per chi cerca il gusto raffinato.\" \/>\n<meta property=\"og:url\" content=\"https:\/\/www.granducatocollection.com\/pl\/product\/prodotti-borgunto-gourmet\/\" \/>\n<meta property=\"og:site_name\" content=\"Granducato Collection\" \/>\n<meta property=\"article:modified_time\" content=\"2026-04-06T11:02:29+00:00\" \/>\n<meta property=\"og:image\" content=\"https:\/\/www.granducatocollection.com\/wp-content\/uploads\/2025\/04\/tutti-i-prodotti-granducato.webp\" \/>\n\t<meta property=\"og:image:width\" content=\"300\" \/>\n\t<meta property=\"og:image:height\" content=\"200\" \/>\n\t<meta property=\"og:image:type\" content=\"image\/webp\" \/>\n<meta name=\"twitter:card\" content=\"summary_large_image\" \/>\n<meta name=\"twitter:label1\" content=\"Szacowany czas czytania\" \/>\n\t<meta name=\"twitter:data1\" content=\"2 minuty\" \/>\n<script type=\"application\/ld+json\" class=\"yoast-schema-graph\">{\"@context\":\"https:\/\/schema.org\",\"@graph\":[{\"@type\":\"WebPage\",\"@id\":\"https:\/\/www.granducatocollection.com\/prodotto\/prodotti-borgunto-gourmet\/\",\"url\":\"https:\/\/www.granducatocollection.com\/prodotto\/prodotti-borgunto-gourmet\/\",\"name\":\"B&B Arezzo - Prodotti Borgunto (Gourmet) - Gran Ducato Collection\",\"isPartOf\":{\"@id\":\"https:\/\/www.granducatocollection.com\/#website\"},\"primaryImageOfPage\":{\"@id\":\"https:\/\/www.granducatocollection.com\/prodotto\/prodotti-borgunto-gourmet\/#primaryimage\"},\"image\":{\"@id\":\"https:\/\/www.granducatocollection.com\/prodotto\/prodotti-borgunto-gourmet\/#primaryimage\"},\"thumbnailUrl\":\"https:\/\/www.granducatocollection.com\/wp-content\/uploads\/2025\/04\/tutti-i-prodotti-granducato.webp\",\"datePublished\":\"2025-04-18T12:42:42+00:00\",\"dateModified\":\"2026-04-06T11:02:29+00:00\",\"description\":\"L\u2019eccellenza dei Prodotti Borgunto (Gourmet): un'accurata selezione di prelibatezze toscane, perfette per chi cerca il gusto raffinato.\",\"breadcrumb\":{\"@id\":\"https:\/\/www.granducatocollection.com\/prodotto\/prodotti-borgunto-gourmet\/#breadcrumb\"},\"inLanguage\":\"pl-PL\",\"potentialAction\":[{\"@type\":\"ReadAction\",\"target\":[\"https:\/\/www.granducatocollection.com\/prodotto\/prodotti-borgunto-gourmet\/\"]}]},{\"@type\":\"ImageObject\",\"inLanguage\":\"pl-PL\",\"@id\":\"https:\/\/www.granducatocollection.com\/prodotto\/prodotti-borgunto-gourmet\/#primaryimage\",\"url\":\"https:\/\/www.granducatocollection.com\/wp-content\/uploads\/2025\/04\/tutti-i-prodotti-granducato.webp\",\"contentUrl\":\"https:\/\/www.granducatocollection.com\/wp-content\/uploads\/2025\/04\/tutti-i-prodotti-granducato.webp\",\"width\":300,\"height\":200,\"caption\":\"tutti i prodotti granducato collection borgunto\"},{\"@type\":\"BreadcrumbList\",\"@id\":\"https:\/\/www.granducatocollection.com\/prodotto\/prodotti-borgunto-gourmet\/#breadcrumb\",\"itemListElement\":[{\"@type\":\"ListItem\",\"position\":1,\"name\":\"Home\",\"item\":\"https:\/\/www.granducatocollection.com\/\"},{\"@type\":\"ListItem\",\"position\":2,\"name\":\"Shop\",\"item\":\"https:\/\/www.granducatocollection.com\/negozio\/\"},{\"@type\":\"ListItem\",\"position\":3,\"name\":\"Prodotti Borgunto (Gourmet)\"}]},{\"@type\":\"WebSite\",\"@id\":\"https:\/\/www.granducatocollection.com\/#website\",\"url\":\"https:\/\/www.granducatocollection.com\/\",\"name\":\"GranDucato Collection\",\"description\":\"Prenota la tua vacanza e vivi un&#039;esperienza unica\",\"potentialAction\":[{\"@type\":\"SearchAction\",\"target\":{\"@type\":\"EntryPoint\",\"urlTemplate\":\"https:\/\/www.granducatocollection.com\/?s={search_term_string}\"},\"query-input\":{\"@type\":\"PropertyValueSpecification\",\"valueRequired\":true,\"valueName\":\"search_term_string\"}}],\"inLanguage\":\"pl-PL\"}]}<\/script>\n<!-- \/ Yoast SEO plugin. -->","yoast_head_json":{"title":"B&B Arezzo - Prodotti Borgunto (Gourmet) - Gran Ducato Collection","description":"L\u2019eccellenza dei Prodotti Borgunto (Gourmet): un'accurata selezione di prelibatezze toscane, perfette per chi cerca il gusto raffinato.","robots":{"index":"index","follow":"follow","max-snippet":"max-snippet:-1","max-image-preview":"max-image-preview:large","max-video-preview":"max-video-preview:-1"},"canonical":"https:\/\/www.granducatocollection.com\/pl\/product\/prodotti-borgunto-gourmet\/","og_locale":"pl_PL","og_type":"article","og_title":"B&B Arezzo - Prodotti Borgunto (Gourmet) - Gran Ducato Collection","og_description":"L\u2019eccellenza dei Prodotti Borgunto (Gourmet): un'accurata selezione di prelibatezze toscane, perfette per chi cerca il gusto raffinato.","og_url":"https:\/\/www.granducatocollection.com\/pl\/product\/prodotti-borgunto-gourmet\/","og_site_name":"Granducato Collection","article_modified_time":"2026-04-06T11:02:29+00:00","og_image":[{"width":300,"height":200,"url":"https:\/\/www.granducatocollection.com\/wp-content\/uploads\/2025\/04\/tutti-i-prodotti-granducato.webp","type":"image\/webp"}],"twitter_card":"summary_large_image","twitter_misc":{"Szacowany czas czytania":"2 minuty"},"schema":{"@context":"https:\/\/schema.org","@graph":[{"@type":"WebPage","@id":"https:\/\/www.granducatocollection.com\/prodotto\/prodotti-borgunto-gourmet\/","url":"https:\/\/www.granducatocollection.com\/prodotto\/prodotti-borgunto-gourmet\/","name":"B&B Arezzo - Prodotti Borgunto (Gourmet) - Gran Ducato Collection","isPartOf":{"@id":"https:\/\/www.granducatocollection.com\/#website"},"primaryImageOfPage":{"@id":"https:\/\/www.granducatocollection.com\/prodotto\/prodotti-borgunto-gourmet\/#primaryimage"},"image":{"@id":"https:\/\/www.granducatocollection.com\/prodotto\/prodotti-borgunto-gourmet\/#primaryimage"},"thumbnailUrl":"https:\/\/www.granducatocollection.com\/wp-content\/uploads\/2025\/04\/tutti-i-prodotti-granducato.webp","datePublished":"2025-04-18T12:42:42+00:00","dateModified":"2026-04-06T11:02:29+00:00","description":"L\u2019eccellenza dei Prodotti Borgunto (Gourmet): un'accurata selezione di prelibatezze toscane, perfette per chi cerca il gusto raffinato.","breadcrumb":{"@id":"https:\/\/www.granducatocollection.com\/prodotto\/prodotti-borgunto-gourmet\/#breadcrumb"},"inLanguage":"pl-PL","potentialAction":[{"@type":"ReadAction","target":["https:\/\/www.granducatocollection.com\/prodotto\/prodotti-borgunto-gourmet\/"]}]},{"@type":"ImageObject","inLanguage":"pl-PL","@id":"https:\/\/www.granducatocollection.com\/prodotto\/prodotti-borgunto-gourmet\/#primaryimage","url":"https:\/\/www.granducatocollection.com\/wp-content\/uploads\/2025\/04\/tutti-i-prodotti-granducato.webp","contentUrl":"https:\/\/www.granducatocollection.com\/wp-content\/uploads\/2025\/04\/tutti-i-prodotti-granducato.webp","width":300,"height":200,"caption":"tutti i prodotti granducato collection borgunto"},{"@type":"BreadcrumbList","@id":"https:\/\/www.granducatocollection.com\/prodotto\/prodotti-borgunto-gourmet\/#breadcrumb","itemListElement":[{"@type":"ListItem","position":1,"name":"Home","item":"https:\/\/www.granducatocollection.com\/"},{"@type":"ListItem","position":2,"name":"Shop","item":"https:\/\/www.granducatocollection.com\/negozio\/"},{"@type":"ListItem","position":3,"name":"Prodotti Borgunto (Gourmet)"}]},{"@type":"WebSite","@id":"https:\/\/www.granducatocollection.com\/#website","url":"https:\/\/www.granducatocollection.com\/","name":"GranDucato Collection","description":"Prenota la tua vacanza e vivi un&#039;esperienza unica","potentialAction":[{"@type":"SearchAction","target":{"@type":"EntryPoint","urlTemplate":"https:\/\/www.granducatocollection.com\/?s={search_term_string}"},"query-input":{"@type":"PropertyValueSpecification","valueRequired":true,"valueName":"search_term_string"}}],"inLanguage":"pl-PL"}]}},"_links":{"self":[{"href":"https:\/\/www.granducatocollection.com\/pl\/wp-json\/wp\/v2\/product\/6710","targetHints":{"allow":["GET"]}}],"collection":[{"href":"https:\/\/www.granducatocollection.com\/pl\/wp-json\/wp\/v2\/product"}],"about":[{"href":"https:\/\/www.granducatocollection.com\/pl\/wp-json\/wp\/v2\/types\/product"}],"wp:featuredmedia":[{"embeddable":true,"href":"https:\/\/www.granducatocollection.com\/pl\/wp-json\/wp\/v2\/media\/11374"}],"wp:attachment":[{"href":"https:\/\/www.granducatocollection.com\/pl\/wp-json\/wp\/v2\/media?parent=6710"}],"wp:term":[{"taxonomy":"product_brand","embeddable":true,"href":"https:\/\/www.granducatocollection.com\/pl\/wp-json\/wp\/v2\/product_brand?post=6710"},{"taxonomy":"product_cat","embeddable":true,"href":"https:\/\/www.granducatocollection.com\/pl\/wp-json\/wp\/v2\/product_cat?post=6710"},{"taxonomy":"product_tag","embeddable":true,"href":"https:\/\/www.granducatocollection.com\/pl\/wp-json\/wp\/v2\/product_tag?post=6710"}],"curies":[{"name":"wp","href":"https:\/\/api.w.org\/{rel}","templated":true}]}}