{"id":6706,"date":"2025-04-18T12:14:58","date_gmt":"2025-04-18T12:14:58","guid":{"rendered":"https:\/\/www.granducatocollection.com\/?post_type=product&#038;p=6706"},"modified":"2026-04-06T11:03:29","modified_gmt":"2026-04-06T11:03:29","slug":"prodotti-borgunto","status":"publish","type":"product","link":"https:\/\/www.granducatocollection.com\/pl\/product\/prodotti-borgunto\/","title":{"rendered":"Produkty Borgunto"},"content":{"rendered":"<p class=\"translation-block\" data-start=\"79\" data-end=\"477\"><strong data-start=\"79\" data-end=\"130\">Zawarto\u015b\u0107 pakietu \u201eSmaki Toskanii\u201d:<\/strong><br data-start=\"130\" data-end=\"133\">\ud83c\udf45 1 s\u0142oik <strong data-start=\"149\" data-end=\"170\">Pappa al Pomodoro<\/strong> \u2013 autentyczny smak toska\u0144skiej tradycji<br data-start=\"216\" data-end=\"219\">\ud83c\udf72 1 s\u0142oik <strong data-start=\"235\" data-end=\"256\">Ribollita Toscana<\/strong> \u2013 bogata i rustykalna zupa, idealna na ka\u017cd\u0105 por\u0119 roku<br data-start=\"311\" data-end=\"314\">\ud83c\udf51 1 s\u0142oik <strong data-start=\"332\" data-end=\"353\">Brzoskwi\u0144 w syropie<\/strong> \u2013 s\u0142odycz i \u015bwie\u017co\u015b\u0107 w ka\u017cdym k\u0119sie<br data-start=\"391\" data-end=\"394\">\ud83e\uded2 1 butelka <strong data-start=\"412\" data-end=\"443\">oliwy z oliwek extra virgin<\/strong> 500 ml \u2013 prawdziwej toska\u0144skiej oliwy EVO<\/p>\n<p class=\"translation-block\" data-start=\"479\" data-end=\"516\">\ud83d\udce6 <strong data-start=\"336\" data-end=\"370\">Wysy\u0142ka wliczona w cen\u0119!<\/strong><\/p>\n<p><span style=\"color: white;\">Produkty Borgunto<\/span><\/p>","protected":false},"excerpt":{"rendered":"<h1>Produkty Borgunto<\/h1>\n<p class=\"translation-block\"><strong data-start=\"79\" data-end=\"130\">Zawarto\u015b\u0107 Pakietu \"Smaki Toskanii\":<\/strong><br data-start=\"130\" data-end=\"133\">\ud83c\udf45 1 s\u0142oik <strong data-start=\"149\" data-end=\"170\">Pappa al Pomodoro<\/strong> \u2013 autentyczny smak toska\u0144skiej tradycji<br data-start=\"216\" data-end=\"219\">\ud83c\udf72 1 s\u0142oik <strong data-start=\"235\" data-end=\"256\">Ribollita Toska\u0144ska<\/strong> \u2013 bogata i rustykalna zupa, idealna w ka\u017cdej porze roku<br data-start=\"311\" data-end=\"314\">\ud83c\udf51 1 s\u0142oik <strong data-start=\"332\" data-end=\"353\">Peaches in Syrup<\/strong> \u2013 s\u0142odycz i \u015bwie\u017co\u015b\u0107 w ka\u017cdym k\u0119sie<br data-start=\"391\" data-end=\"394\">\ud83e\uded2 1 butelka <strong data-start=\"412\" data-end=\"443\">Extra Virgin Olive Oil<\/strong> 500 ml \u2013 prawdziwe toska\u0144skie EVO<\/p>","protected":false},"featured_media":11371,"template":"","meta":{"_acf_changed":false},"product_brand":[764],"product_cat":[843],"product_tag":[664,820,821,791],"class_list":{"0":"post-6706","1":"product","2":"type-product","3":"status-publish","4":"has-post-thumbnail","6":"product_brand-granducato-collection","7":"product_cat-box-e-degustazioni","8":"product_tag-cooking-box","9":"product_tag-cooking-box-borgunto","10":"product_tag-prodotti-gourmet","11":"product_tag-prodotti-toscani","13":"first","14":"instock","15":"shipping-taxable","16":"purchasable","17":"product-type-simple"},"acf":[],"yoast_head":"<!-- This site is optimized with the Yoast SEO plugin v26.7 - https:\/\/yoast.com\/wordpress\/plugins\/seo\/ -->\n<title>B&amp;B Arezzo - Prodotti Borgunto - Granducato Collection<\/title>\n<meta name=\"description\" content=\"Un viaggio nei sapori pi\u00f9 autentici della Toscana, direttamente a casa tua. Ideale per chi ama la cucina tradizionale e i prodotti di qualit\u00e0!\" \/>\n<meta name=\"robots\" content=\"index, follow, max-snippet:-1, max-image-preview:large, max-video-preview:-1\" \/>\n<link rel=\"canonical\" href=\"https:\/\/www.granducatocollection.com\/pl\/product\/prodotti-borgunto\/\" \/>\n<meta property=\"og:locale\" content=\"pl_PL\" \/>\n<meta property=\"og:type\" content=\"article\" \/>\n<meta property=\"og:title\" content=\"B&amp;B Arezzo - Prodotti Borgunto - Granducato Collection\" \/>\n<meta property=\"og:description\" content=\"Un viaggio nei sapori pi\u00f9 autentici della Toscana, direttamente a casa tua. Ideale per chi ama la cucina tradizionale e i prodotti di qualit\u00e0!\" \/>\n<meta property=\"og:url\" content=\"https:\/\/www.granducatocollection.com\/pl\/product\/prodotti-borgunto\/\" \/>\n<meta property=\"og:site_name\" content=\"Granducato Collection\" \/>\n<meta property=\"article:modified_time\" content=\"2026-04-06T11:03:29+00:00\" \/>\n<meta property=\"og:image\" content=\"https:\/\/www.granducatocollection.com\/wp-content\/uploads\/2025\/04\/cookingbox-granducatogestioni-borgunto-prodotti-olio-vino-pasta-confettura-chianti-arezzo-toscana-viar.webp\" \/>\n\t<meta property=\"og:image:width\" content=\"2560\" \/>\n\t<meta property=\"og:image:height\" content=\"1920\" \/>\n\t<meta property=\"og:image:type\" content=\"image\/webp\" \/>\n<meta name=\"twitter:card\" content=\"summary_large_image\" \/>\n<meta name=\"twitter:label1\" content=\"Szacowany czas czytania\" \/>\n\t<meta name=\"twitter:data1\" content=\"1 minuta\" \/>\n<script type=\"application\/ld+json\" class=\"yoast-schema-graph\">{\"@context\":\"https:\/\/schema.org\",\"@graph\":[{\"@type\":\"WebPage\",\"@id\":\"https:\/\/www.granducatocollection.com\/prodotto\/prodotti-borgunto\/\",\"url\":\"https:\/\/www.granducatocollection.com\/prodotto\/prodotti-borgunto\/\",\"name\":\"B&B Arezzo - Prodotti Borgunto - Granducato Collection\",\"isPartOf\":{\"@id\":\"https:\/\/www.granducatocollection.com\/#website\"},\"primaryImageOfPage\":{\"@id\":\"https:\/\/www.granducatocollection.com\/prodotto\/prodotti-borgunto\/#primaryimage\"},\"image\":{\"@id\":\"https:\/\/www.granducatocollection.com\/prodotto\/prodotti-borgunto\/#primaryimage\"},\"thumbnailUrl\":\"https:\/\/www.granducatocollection.com\/wp-content\/uploads\/2025\/04\/cookingbox-granducatogestioni-borgunto-prodotti-olio-vino-pasta-confettura-chianti-arezzo-toscana-viar.webp\",\"datePublished\":\"2025-04-18T12:14:58+00:00\",\"dateModified\":\"2026-04-06T11:03:29+00:00\",\"description\":\"Un viaggio nei sapori pi\u00f9 autentici della Toscana, direttamente a casa tua. Ideale per chi ama la cucina tradizionale e i prodotti di qualit\u00e0!\",\"breadcrumb\":{\"@id\":\"https:\/\/www.granducatocollection.com\/prodotto\/prodotti-borgunto\/#breadcrumb\"},\"inLanguage\":\"pl-PL\",\"potentialAction\":[{\"@type\":\"ReadAction\",\"target\":[\"https:\/\/www.granducatocollection.com\/prodotto\/prodotti-borgunto\/\"]}]},{\"@type\":\"ImageObject\",\"inLanguage\":\"pl-PL\",\"@id\":\"https:\/\/www.granducatocollection.com\/prodotto\/prodotti-borgunto\/#primaryimage\",\"url\":\"https:\/\/www.granducatocollection.com\/wp-content\/uploads\/2025\/04\/cookingbox-granducatogestioni-borgunto-prodotti-olio-vino-pasta-confettura-chianti-arezzo-toscana-viar.webp\",\"contentUrl\":\"https:\/\/www.granducatocollection.com\/wp-content\/uploads\/2025\/04\/cookingbox-granducatogestioni-borgunto-prodotti-olio-vino-pasta-confettura-chianti-arezzo-toscana-viar.webp\",\"width\":2560,\"height\":1920,\"caption\":\"borgunto box granducato collection\"},{\"@type\":\"BreadcrumbList\",\"@id\":\"https:\/\/www.granducatocollection.com\/prodotto\/prodotti-borgunto\/#breadcrumb\",\"itemListElement\":[{\"@type\":\"ListItem\",\"position\":1,\"name\":\"Home\",\"item\":\"https:\/\/www.granducatocollection.com\/\"},{\"@type\":\"ListItem\",\"position\":2,\"name\":\"Shop\",\"item\":\"https:\/\/www.granducatocollection.com\/negozio\/\"},{\"@type\":\"ListItem\",\"position\":3,\"name\":\"Prodotti Borgunto\"}]},{\"@type\":\"WebSite\",\"@id\":\"https:\/\/www.granducatocollection.com\/#website\",\"url\":\"https:\/\/www.granducatocollection.com\/\",\"name\":\"GranDucato Collection\",\"description\":\"Prenota la tua vacanza e vivi un&#039;esperienza unica\",\"potentialAction\":[{\"@type\":\"SearchAction\",\"target\":{\"@type\":\"EntryPoint\",\"urlTemplate\":\"https:\/\/www.granducatocollection.com\/?s={search_term_string}\"},\"query-input\":{\"@type\":\"PropertyValueSpecification\",\"valueRequired\":true,\"valueName\":\"search_term_string\"}}],\"inLanguage\":\"pl-PL\"}]}<\/script>\n<!-- \/ Yoast SEO plugin. -->","yoast_head_json":{"title":"B&B Arezzo - Prodotti Borgunto - Granducato Collection","description":"Un viaggio nei sapori pi\u00f9 autentici della Toscana, direttamente a casa tua. Ideale per chi ama la cucina tradizionale e i prodotti di qualit\u00e0!","robots":{"index":"index","follow":"follow","max-snippet":"max-snippet:-1","max-image-preview":"max-image-preview:large","max-video-preview":"max-video-preview:-1"},"canonical":"https:\/\/www.granducatocollection.com\/pl\/product\/prodotti-borgunto\/","og_locale":"pl_PL","og_type":"article","og_title":"B&B Arezzo - Prodotti Borgunto - Granducato Collection","og_description":"Un viaggio nei sapori pi\u00f9 autentici della Toscana, direttamente a casa tua. Ideale per chi ama la cucina tradizionale e i prodotti di qualit\u00e0!","og_url":"https:\/\/www.granducatocollection.com\/pl\/product\/prodotti-borgunto\/","og_site_name":"Granducato Collection","article_modified_time":"2026-04-06T11:03:29+00:00","og_image":[{"width":2560,"height":1920,"url":"https:\/\/www.granducatocollection.com\/wp-content\/uploads\/2025\/04\/cookingbox-granducatogestioni-borgunto-prodotti-olio-vino-pasta-confettura-chianti-arezzo-toscana-viar.webp","type":"image\/webp"}],"twitter_card":"summary_large_image","twitter_misc":{"Szacowany czas czytania":"1 minuta"},"schema":{"@context":"https:\/\/schema.org","@graph":[{"@type":"WebPage","@id":"https:\/\/www.granducatocollection.com\/prodotto\/prodotti-borgunto\/","url":"https:\/\/www.granducatocollection.com\/prodotto\/prodotti-borgunto\/","name":"B&B Arezzo - Prodotti Borgunto - Granducato Collection","isPartOf":{"@id":"https:\/\/www.granducatocollection.com\/#website"},"primaryImageOfPage":{"@id":"https:\/\/www.granducatocollection.com\/prodotto\/prodotti-borgunto\/#primaryimage"},"image":{"@id":"https:\/\/www.granducatocollection.com\/prodotto\/prodotti-borgunto\/#primaryimage"},"thumbnailUrl":"https:\/\/www.granducatocollection.com\/wp-content\/uploads\/2025\/04\/cookingbox-granducatogestioni-borgunto-prodotti-olio-vino-pasta-confettura-chianti-arezzo-toscana-viar.webp","datePublished":"2025-04-18T12:14:58+00:00","dateModified":"2026-04-06T11:03:29+00:00","description":"Un viaggio nei sapori pi\u00f9 autentici della Toscana, direttamente a casa tua. Ideale per chi ama la cucina tradizionale e i prodotti di qualit\u00e0!","breadcrumb":{"@id":"https:\/\/www.granducatocollection.com\/prodotto\/prodotti-borgunto\/#breadcrumb"},"inLanguage":"pl-PL","potentialAction":[{"@type":"ReadAction","target":["https:\/\/www.granducatocollection.com\/prodotto\/prodotti-borgunto\/"]}]},{"@type":"ImageObject","inLanguage":"pl-PL","@id":"https:\/\/www.granducatocollection.com\/prodotto\/prodotti-borgunto\/#primaryimage","url":"https:\/\/www.granducatocollection.com\/wp-content\/uploads\/2025\/04\/cookingbox-granducatogestioni-borgunto-prodotti-olio-vino-pasta-confettura-chianti-arezzo-toscana-viar.webp","contentUrl":"https:\/\/www.granducatocollection.com\/wp-content\/uploads\/2025\/04\/cookingbox-granducatogestioni-borgunto-prodotti-olio-vino-pasta-confettura-chianti-arezzo-toscana-viar.webp","width":2560,"height":1920,"caption":"borgunto box granducato collection"},{"@type":"BreadcrumbList","@id":"https:\/\/www.granducatocollection.com\/prodotto\/prodotti-borgunto\/#breadcrumb","itemListElement":[{"@type":"ListItem","position":1,"name":"Home","item":"https:\/\/www.granducatocollection.com\/"},{"@type":"ListItem","position":2,"name":"Shop","item":"https:\/\/www.granducatocollection.com\/negozio\/"},{"@type":"ListItem","position":3,"name":"Prodotti Borgunto"}]},{"@type":"WebSite","@id":"https:\/\/www.granducatocollection.com\/#website","url":"https:\/\/www.granducatocollection.com\/","name":"GranDucato Collection","description":"Prenota la tua vacanza e vivi un&#039;esperienza unica","potentialAction":[{"@type":"SearchAction","target":{"@type":"EntryPoint","urlTemplate":"https:\/\/www.granducatocollection.com\/?s={search_term_string}"},"query-input":{"@type":"PropertyValueSpecification","valueRequired":true,"valueName":"search_term_string"}}],"inLanguage":"pl-PL"}]}},"_links":{"self":[{"href":"https:\/\/www.granducatocollection.com\/pl\/wp-json\/wp\/v2\/product\/6706","targetHints":{"allow":["GET"]}}],"collection":[{"href":"https:\/\/www.granducatocollection.com\/pl\/wp-json\/wp\/v2\/product"}],"about":[{"href":"https:\/\/www.granducatocollection.com\/pl\/wp-json\/wp\/v2\/types\/product"}],"wp:featuredmedia":[{"embeddable":true,"href":"https:\/\/www.granducatocollection.com\/pl\/wp-json\/wp\/v2\/media\/11371"}],"wp:attachment":[{"href":"https:\/\/www.granducatocollection.com\/pl\/wp-json\/wp\/v2\/media?parent=6706"}],"wp:term":[{"taxonomy":"product_brand","embeddable":true,"href":"https:\/\/www.granducatocollection.com\/pl\/wp-json\/wp\/v2\/product_brand?post=6706"},{"taxonomy":"product_cat","embeddable":true,"href":"https:\/\/www.granducatocollection.com\/pl\/wp-json\/wp\/v2\/product_cat?post=6706"},{"taxonomy":"product_tag","embeddable":true,"href":"https:\/\/www.granducatocollection.com\/pl\/wp-json\/wp\/v2\/product_tag?post=6706"}],"curies":[{"name":"wp","href":"https:\/\/api.w.org\/{rel}","templated":true}]}}