{"id":6693,"date":"2025-04-18T09:15:09","date_gmt":"2025-04-18T09:15:09","guid":{"rendered":"https:\/\/www.granducatocollection.com\/?post_type=product&#038;p=6693"},"modified":"2026-02-03T13:47:13","modified_gmt":"2026-02-03T13:47:13","slug":"prodotti-allegra-toscana-gourmet","status":"publish","type":"product","link":"https:\/\/www.granducatocollection.com\/pl\/product\/prodotti-allegra-toscana-gourmet\/","title":{"rendered":"Produkty Allegra Toscana (Gourmet)"},"content":{"rendered":"<p><script type=\"application\/ld+json\">{\n    \"@context\": \"https:\\\/\\\/schema.org\",\n    \"@type\": \"Product\",\n    \"@id\": \"https:\\\/\\\/www.granducatocollection.com\\\/prodotto\\\/prodotti-allegra-toscana-gourmet\\\/\",\n    \"name\": \"Box Regalo Gourmet Toscana \\u2013 Allegra Toscana by Borgunto\",\n    \"image\": \"https:\\\/\\\/www.granducatocollection.com\\\/wp-content\\\/uploads\\\/2026\\\/01\\\/box-regalo-allegra-toscana-borgunto.jpg\",\n    \"description\": \"Box regalo gourmet toscano con Chianti DOCG Colli Aretini, Chianti Riserva DOCG, olio EVO Borgunto, sughi artigianali, confetture e burro al tartufo. Spedizione inclusa. Perfetto come confezione regalo Arezzo.\",\n    \"brand\": {\n        \"@type\": \"Organization\",\n        \"name\": \"Borgunto\"\n    },\n    \"offers\": {\n        \"@type\": \"Offer\",\n        \"url\": \"https:\\\/\\\/www.granducatocollection.com\\\/prodotto\\\/prodotti-allegra-toscana-gourmet\\\/\",\n        \"priceCurrency\": \"EUR\",\n        \"price\": \"89.00\",\n        \"itemCondition\": \"https:\\\/\\\/schema.org\\\/NewCondition\",\n        \"availability\": \"https:\\\/\\\/schema.org\\\/InStock\",\n        \"seller\": {\n            \"@type\": \"Organization\",\n            \"name\": \"Granducato Collection\"\n        }\n    },\n    \"sku\": \"BOX-ALLEGRA-TOSCANA-GOURMET\"\n}<\/script><\/p>\n<h1>Pude\u0142ko prezentowe Gourmet Tuscany \u2013 Allegra Toscana od Borgunto<\/h1>\n<h2>Pe\u0142ne doznania kulinarne i winiarskie z typowymi toska\u0144skimi produktami<\/h2>\n<p class=\"translation-block\">Odkryj autentyczn\u0105 esencj\u0119 Toskanii dzi\u0119ki zestawowi upominkowemu \u201eAllegra Toscana\u201d \u2013 ekskluzywnemu wyborowi typowych toska\u0144skich produkt\u00f3w, starannie dobranym przez Borgunto. Ka\u017cdy zestaw zawiera to, co najlepsze w regionie: wykwintne wina, oliw\u0119 z oliwek extra virgin, specja\u0142y z trufli, rzemie\u015blnicze sosy i autentyczne d\u017cemy, wszystkie wytwarzane w Arezzo z pasj\u0105 i szacunkiem dla tradycji.<\/p>\n<h3>Co zawiera pude\u0142ko \u201eAllegra Toscana\u201d (Gourmet)<\/h3>\n<ul>\n<li class=\"translation-block\">1 butelka <strong>Chianti DOCG Colli Aretini<\/strong> \u2013 13% obj.<\/li>\n<li class=\"translation-block\">1 butelka <strong>Chianti Riserva DOCG<\/strong> \u2013 14% obj.<\/li>\n<li class=\"translation-block\">1 butelka 500 ml oliwy z oliwek extra virgin <strong>Borgunto<\/strong><\/li>\n<li>2 autorskie sosy toska\u0144skie (np. Chianina rag\u00f9, sos truflowy)<\/li>\n<li>2 oryginalne d\u017cemy (np. d\u017cem figowy, d\u017cem wi\u015bniowy)<\/li>\n<li class=\"translation-block\">1 s\u0142oik <strong>Bia\u0142ej Trufli i Mas\u0142a Bianchetto<\/strong><\/li>\n<\/ul>\n<p>Idealnie wywa\u017cone po\u0142\u0105czenie wina, oliwy i przetwor\u00f3w, to pude\u0142ko \u015bwietnie nadaje si\u0119 na wyj\u0105tkow\u0105 kolacj\u0119, prezent firmowy lub wyrafinowany prezent dla mi\u0142o\u015bnik\u00f3w dobrego jedzenia.<\/p>\n<h3>Idealne pude\u0142ko prezentowe Arezzo \u2013 z wliczon\u0105 wysy\u0142k\u0105<\/h3>\n<p class=\"translation-block\">Pude\u0142ko \u201eAllegra Toscana\u201d w eleganckim opakowaniu gotowym na prezent to zestaw upominkowy z Arezzo, kt\u00f3ry z pewno\u015bci\u0105 doceni\u0105 mi\u0142o\u015bnicy w\u0142oskiego stylu Made in Italy. Nale\u017c\u0105ce do kolekcji Granducato, to zmys\u0142owa podr\u00f3\u017c przez toska\u0144sk\u0105 wie\u015b, od winnicy po gaj oliwny. Wysy\u0142ka na terenie ca\u0142ych W\u0142och jest wliczona w cen\u0119.<\/p>","protected":false},"excerpt":{"rendered":"<h1>Pude\u0142ko delikatesowe Allegra Toscana<\/h1>\n<p>Autentyczne toska\u0144skie doznania w jednym pakiecie: wykwintne wina, wysokiej jako\u015bci oliwa z oliwek extra virgin, lokalne specja\u0142y i niepowtarzalny smak trufli. Idealne na prezent lub do delektowania si\u0119 z przyjaci\u00f3\u0142mi.<\/p>","protected":false},"featured_media":9966,"template":"","meta":{"_acf_changed":false},"product_brand":[764],"product_cat":[843],"product_tag":[664,819,584,791],"class_list":{"0":"post-6693","1":"product","2":"type-product","3":"status-publish","4":"has-post-thumbnail","6":"product_brand-granducato-collection","7":"product_cat-box-e-degustazioni","8":"product_tag-cooking-box","9":"product_tag-cooking-box-arezzo","10":"product_tag-prodotti-tipici","11":"product_tag-prodotti-toscani","13":"first","14":"instock","15":"shipping-taxable","16":"purchasable","17":"product-type-simple"},"acf":[],"yoast_head":"<!-- This site is optimized with the Yoast SEO plugin v26.7 - https:\/\/yoast.com\/wordpress\/plugins\/seo\/ -->\n<title>Prodotti Allegra Toscana (Gourmet) - Granducato Collection<\/title>\n<meta name=\"robots\" content=\"index, follow, max-snippet:-1, max-image-preview:large, max-video-preview:-1\" \/>\n<link rel=\"canonical\" href=\"https:\/\/www.granducatocollection.com\/pl\/product\/prodotti-allegra-toscana-gourmet\/\" \/>\n<meta property=\"og:locale\" content=\"pl_PL\" \/>\n<meta property=\"og:type\" content=\"article\" \/>\n<meta property=\"og:title\" content=\"Prodotti Allegra Toscana (Gourmet) - Granducato Collection\" \/>\n<meta property=\"og:description\" content=\"Box Allegra Toscana Gourmet Un\u2019autentica esperienza toscana in un\u2019unica confezione: vini pregiati, olio EVO di qualit\u00e0, specialit\u00e0 locali e il gusto unico del tartufo. Perfetto da regalare o da gustare in compagnia.\" \/>\n<meta property=\"og:url\" content=\"https:\/\/www.granducatocollection.com\/pl\/product\/prodotti-allegra-toscana-gourmet\/\" \/>\n<meta property=\"og:site_name\" content=\"Granducato Collection\" \/>\n<meta property=\"article:modified_time\" content=\"2026-02-03T13:47:13+00:00\" \/>\n<meta property=\"og:image\" content=\"https:\/\/www.granducatocollection.com\/wp-content\/uploads\/2025\/04\/image00006-scaled.jpeg\" \/>\n\t<meta property=\"og:image:width\" content=\"2560\" \/>\n\t<meta property=\"og:image:height\" content=\"1920\" \/>\n\t<meta property=\"og:image:type\" content=\"image\/jpeg\" \/>\n<meta name=\"twitter:card\" content=\"summary_large_image\" \/>\n<meta name=\"twitter:label1\" content=\"Szacowany czas czytania\" \/>\n\t<meta name=\"twitter:data1\" content=\"2 minuty\" \/>\n<script type=\"application\/ld+json\" class=\"yoast-schema-graph\">{\"@context\":\"https:\/\/schema.org\",\"@graph\":[{\"@type\":\"WebPage\",\"@id\":\"https:\/\/www.granducatocollection.com\/prodotto\/prodotti-allegra-toscana-gourmet\/\",\"url\":\"https:\/\/www.granducatocollection.com\/prodotto\/prodotti-allegra-toscana-gourmet\/\",\"name\":\"Prodotti Allegra Toscana (Gourmet) - Granducato Collection\",\"isPartOf\":{\"@id\":\"https:\/\/www.granducatocollection.com\/#website\"},\"primaryImageOfPage\":{\"@id\":\"https:\/\/www.granducatocollection.com\/prodotto\/prodotti-allegra-toscana-gourmet\/#primaryimage\"},\"image\":{\"@id\":\"https:\/\/www.granducatocollection.com\/prodotto\/prodotti-allegra-toscana-gourmet\/#primaryimage\"},\"thumbnailUrl\":\"https:\/\/www.granducatocollection.com\/wp-content\/uploads\/2025\/04\/image00006-scaled.jpeg\",\"datePublished\":\"2025-04-18T09:15:09+00:00\",\"dateModified\":\"2026-02-03T13:47:13+00:00\",\"breadcrumb\":{\"@id\":\"https:\/\/www.granducatocollection.com\/prodotto\/prodotti-allegra-toscana-gourmet\/#breadcrumb\"},\"inLanguage\":\"pl-PL\",\"potentialAction\":[{\"@type\":\"ReadAction\",\"target\":[\"https:\/\/www.granducatocollection.com\/prodotto\/prodotti-allegra-toscana-gourmet\/\"]}]},{\"@type\":\"ImageObject\",\"inLanguage\":\"pl-PL\",\"@id\":\"https:\/\/www.granducatocollection.com\/prodotto\/prodotti-allegra-toscana-gourmet\/#primaryimage\",\"url\":\"https:\/\/www.granducatocollection.com\/wp-content\/uploads\/2025\/04\/image00006-scaled.jpeg\",\"contentUrl\":\"https:\/\/www.granducatocollection.com\/wp-content\/uploads\/2025\/04\/image00006-scaled.jpeg\",\"width\":2560,\"height\":1920},{\"@type\":\"BreadcrumbList\",\"@id\":\"https:\/\/www.granducatocollection.com\/prodotto\/prodotti-allegra-toscana-gourmet\/#breadcrumb\",\"itemListElement\":[{\"@type\":\"ListItem\",\"position\":1,\"name\":\"Home\",\"item\":\"https:\/\/www.granducatocollection.com\/\"},{\"@type\":\"ListItem\",\"position\":2,\"name\":\"Shop\",\"item\":\"https:\/\/www.granducatocollection.com\/negozio\/\"},{\"@type\":\"ListItem\",\"position\":3,\"name\":\"Prodotti Allegra Toscana (Gourmet)\"}]},{\"@type\":\"WebSite\",\"@id\":\"https:\/\/www.granducatocollection.com\/#website\",\"url\":\"https:\/\/www.granducatocollection.com\/\",\"name\":\"GranDucato Collection\",\"description\":\"Prenota la tua vacanza e vivi un&#039;esperienza unica\",\"potentialAction\":[{\"@type\":\"SearchAction\",\"target\":{\"@type\":\"EntryPoint\",\"urlTemplate\":\"https:\/\/www.granducatocollection.com\/?s={search_term_string}\"},\"query-input\":{\"@type\":\"PropertyValueSpecification\",\"valueRequired\":true,\"valueName\":\"search_term_string\"}}],\"inLanguage\":\"pl-PL\"}]}<\/script>\n<!-- \/ Yoast SEO plugin. -->","yoast_head_json":{"title":"Prodotti Allegra Toscana (Gourmet) - Granducato Collection","robots":{"index":"index","follow":"follow","max-snippet":"max-snippet:-1","max-image-preview":"max-image-preview:large","max-video-preview":"max-video-preview:-1"},"canonical":"https:\/\/www.granducatocollection.com\/pl\/product\/prodotti-allegra-toscana-gourmet\/","og_locale":"pl_PL","og_type":"article","og_title":"Prodotti Allegra Toscana (Gourmet) - Granducato Collection","og_description":"Box Allegra Toscana Gourmet Un\u2019autentica esperienza toscana in un\u2019unica confezione: vini pregiati, olio EVO di qualit\u00e0, specialit\u00e0 locali e il gusto unico del tartufo. Perfetto da regalare o da gustare in compagnia.","og_url":"https:\/\/www.granducatocollection.com\/pl\/product\/prodotti-allegra-toscana-gourmet\/","og_site_name":"Granducato Collection","article_modified_time":"2026-02-03T13:47:13+00:00","og_image":[{"width":2560,"height":1920,"url":"https:\/\/www.granducatocollection.com\/wp-content\/uploads\/2025\/04\/image00006-scaled.jpeg","type":"image\/jpeg"}],"twitter_card":"summary_large_image","twitter_misc":{"Szacowany czas czytania":"2 minuty"},"schema":{"@context":"https:\/\/schema.org","@graph":[{"@type":"WebPage","@id":"https:\/\/www.granducatocollection.com\/prodotto\/prodotti-allegra-toscana-gourmet\/","url":"https:\/\/www.granducatocollection.com\/prodotto\/prodotti-allegra-toscana-gourmet\/","name":"Prodotti Allegra Toscana (Gourmet) - Granducato Collection","isPartOf":{"@id":"https:\/\/www.granducatocollection.com\/#website"},"primaryImageOfPage":{"@id":"https:\/\/www.granducatocollection.com\/prodotto\/prodotti-allegra-toscana-gourmet\/#primaryimage"},"image":{"@id":"https:\/\/www.granducatocollection.com\/prodotto\/prodotti-allegra-toscana-gourmet\/#primaryimage"},"thumbnailUrl":"https:\/\/www.granducatocollection.com\/wp-content\/uploads\/2025\/04\/image00006-scaled.jpeg","datePublished":"2025-04-18T09:15:09+00:00","dateModified":"2026-02-03T13:47:13+00:00","breadcrumb":{"@id":"https:\/\/www.granducatocollection.com\/prodotto\/prodotti-allegra-toscana-gourmet\/#breadcrumb"},"inLanguage":"pl-PL","potentialAction":[{"@type":"ReadAction","target":["https:\/\/www.granducatocollection.com\/prodotto\/prodotti-allegra-toscana-gourmet\/"]}]},{"@type":"ImageObject","inLanguage":"pl-PL","@id":"https:\/\/www.granducatocollection.com\/prodotto\/prodotti-allegra-toscana-gourmet\/#primaryimage","url":"https:\/\/www.granducatocollection.com\/wp-content\/uploads\/2025\/04\/image00006-scaled.jpeg","contentUrl":"https:\/\/www.granducatocollection.com\/wp-content\/uploads\/2025\/04\/image00006-scaled.jpeg","width":2560,"height":1920},{"@type":"BreadcrumbList","@id":"https:\/\/www.granducatocollection.com\/prodotto\/prodotti-allegra-toscana-gourmet\/#breadcrumb","itemListElement":[{"@type":"ListItem","position":1,"name":"Home","item":"https:\/\/www.granducatocollection.com\/"},{"@type":"ListItem","position":2,"name":"Shop","item":"https:\/\/www.granducatocollection.com\/negozio\/"},{"@type":"ListItem","position":3,"name":"Prodotti Allegra Toscana (Gourmet)"}]},{"@type":"WebSite","@id":"https:\/\/www.granducatocollection.com\/#website","url":"https:\/\/www.granducatocollection.com\/","name":"GranDucato Collection","description":"Prenota la tua vacanza e vivi un&#039;esperienza unica","potentialAction":[{"@type":"SearchAction","target":{"@type":"EntryPoint","urlTemplate":"https:\/\/www.granducatocollection.com\/?s={search_term_string}"},"query-input":{"@type":"PropertyValueSpecification","valueRequired":true,"valueName":"search_term_string"}}],"inLanguage":"pl-PL"}]}},"_links":{"self":[{"href":"https:\/\/www.granducatocollection.com\/pl\/wp-json\/wp\/v2\/product\/6693","targetHints":{"allow":["GET"]}}],"collection":[{"href":"https:\/\/www.granducatocollection.com\/pl\/wp-json\/wp\/v2\/product"}],"about":[{"href":"https:\/\/www.granducatocollection.com\/pl\/wp-json\/wp\/v2\/types\/product"}],"wp:featuredmedia":[{"embeddable":true,"href":"https:\/\/www.granducatocollection.com\/pl\/wp-json\/wp\/v2\/media\/9966"}],"wp:attachment":[{"href":"https:\/\/www.granducatocollection.com\/pl\/wp-json\/wp\/v2\/media?parent=6693"}],"wp:term":[{"taxonomy":"product_brand","embeddable":true,"href":"https:\/\/www.granducatocollection.com\/pl\/wp-json\/wp\/v2\/product_brand?post=6693"},{"taxonomy":"product_cat","embeddable":true,"href":"https:\/\/www.granducatocollection.com\/pl\/wp-json\/wp\/v2\/product_cat?post=6693"},{"taxonomy":"product_tag","embeddable":true,"href":"https:\/\/www.granducatocollection.com\/pl\/wp-json\/wp\/v2\/product_tag?post=6693"}],"curies":[{"name":"wp","href":"https:\/\/api.w.org\/{rel}","templated":true}]}}