{"id":6692,"date":"2025-04-18T09:06:50","date_gmt":"2025-04-18T09:06:50","guid":{"rendered":"https:\/\/www.granducatocollection.com\/?post_type=product&#038;p=6692"},"modified":"2026-02-16T12:22:40","modified_gmt":"2026-02-16T12:22:40","slug":"prodotti-allegra-toscana-completo","status":"publish","type":"product","link":"https:\/\/www.granducatocollection.com\/pl\/product\/prodotti-allegra-toscana-completo\/","title":{"rendered":"Produkty Allegra Toscana (kompletne)"},"content":{"rendered":"<p><script type=\"application\/ld+json\">{\n    \"@context\": \"https:\\\/\\\/schema.org\",\n    \"@type\": \"Product\",\n    \"@id\": \"https:\\\/\\\/www.granducatocollection.com\\\/prodotto\\\/prodotti-allegra-toscana-completo\\\/\",\n    \"name\": \"Box Regalo Allegra Toscana \\u2013 Pacchetto Enogastronomico Toscano\",\n    \"image\": \"https:\\\/\\\/www.granducatocollection.com\\\/wp-content\\\/uploads\\\/2026\\\/01\\\/box-allegra-toscana-completo.jpg\",\n    \"description\": \"Box regalo toscano con Chianti Colli Aretini DOCG, Chianti Riserva DOCG e Olio Extra Vergine di Oliva Borgunto. Prodotto artigianale da Arezzo, perfetto come regalo esperienziale in Toscana. Spedizione inclusa.\",\n    \"brand\": {\n        \"@type\": \"Organization\",\n        \"name\": \"Borgunto\"\n    },\n    \"offers\": {\n        \"@type\": \"Offer\",\n        \"url\": \"https:\\\/\\\/www.granducatocollection.com\\\/prodotto\\\/prodotti-allegra-toscana-completo\\\/\",\n        \"priceCurrency\": \"EUR\",\n        \"price\": \"59.00\",\n        \"itemCondition\": \"https:\\\/\\\/schema.org\\\/NewCondition\",\n        \"availability\": \"https:\\\/\\\/schema.org\\\/InStock\",\n        \"seller\": {\n            \"@type\": \"Organization\",\n            \"name\": \"Granducato Collection\"\n        }\n    },\n    \"sku\": \"BOX-ALLEGRA-TOSCANA-COMPLETO\"\n}<\/script><\/p>\n<h1>Pude\u0142ko prezentowe \u201eAllegra Toscana\u201d \u2013 pakiet z toska\u0144skim jedzeniem i winem<\/h1>\n<h2>Autentyczne toska\u0144skie do\u015bwiadczenie w Arezzo<\/h2>\n<p class=\"translation-block\">Zestaw prezentowy \u201eAllegra Toscana\u201d to ekskluzywny pakiet jedzenia i wina, przygotowany przez <strong>Borgunto<\/strong> w sercu <strong>Arezzo<\/strong>. \u0141\u0105czy on w sobie trzy rzemie\u015blnicze doskona\u0142o\u015bci: butelk\u0119 <strong>Chianti Colli Aretini DOCG<\/strong>, butelk\u0119 <strong>Chianti Riserva DOCG<\/strong> oraz butelk\u0119 500 ml <strong>oliwy z oliwek extra virgin Borgunto<\/strong>. Ka\u017cdy produkt wyra\u017ca pasj\u0119 do regionu, tradycji i bezkompromisowej jako\u015bci.<\/p>\n<h3>Idealny prezent-prze\u017cycie dla mi\u0142o\u015bnik\u00f3w Toskanii<\/h3>\n<p class=\"translation-block\">Idealny na Bo\u017ce Narodzenie, rocznice, urodziny lub proste gesty czu\u0142o\u015bci, ten zestaw to prezent, kt\u00f3ry pozwoli Ci do\u015bwiadczy\u0107 toska\u0144skiej kuchni i wina we w\u0142asnym domu. Idealny dla os\u00f3b poszukuj\u0105cych autentyczno\u015bci, elegancji i smaku w\u0142oskiego \u017cycia.<\/p>\n<h3>Symbol kolekcji Granducato: kunszt wykonania, identyfikowalno\u015b\u0107, wysy\u0142ka wliczona w cen\u0119<\/h3>\n<p class=\"translation-block\">Zestaw, przygotowany przez <strong>Granducato Collection<\/strong>, zawiera wy\u0142\u0105cznie <strong>produkty rzemie\u015blnicze z Arezzo<\/strong>, pochodz\u0105ce z kontrolowanego \u0142a\u0144cucha dostaw od pola do sto\u0142u. <strong>Cena obejmuje wysy\u0142k\u0119<\/strong>, dzi\u0119ki czemu toska\u0144ska doskona\u0142o\u015b\u0107 mo\u017ce by\u0107 dostarczona bezpo\u015brednio do Twojego domu, na terenie ca\u0142ych W\u0142och.<\/p>","protected":false},"excerpt":{"rendered":"<h1 data-start=\"102\" data-end=\"331\"><strong data-start=\"102\" data-end=\"148\">Pakiet Allegra Toskania<\/strong><\/h1>\n<p class=\"translation-block\" data-start=\"102\" data-end=\"331\"><strong data-start=\"102\" data-end=\"148\">Zawarto\u015b\u0107 zestawu \u201eAllegra Toscana\u201d:<\/strong><br data-start=\"148\" data-end=\"151\">\ud83c\udf77 1 butelka Chianti <em data-start=\"177\" data-end=\"192\">Colli Aretini<\/em> DOCG \u2013 13% obj.<br data-start=\"208\" data-end=\"211\">\ud83c\udf77 1 butelka Chianti <em data-start=\"237\" data-end=\"246\">Riserva<\/em> DOCG \u2013 14% obj.<br data-start=\"262\" data-end=\"265\">\ud83e\uded2 1 butelka oliwy z oliwek extra vergine o pojemno\u015bci 500 ml marki <em data-start=\"321\" data-end=\"331\">Borgunto<\/em><\/p>\n<p class=\"translation-block\" data-start=\"333\" data-end=\"370\">\ud83d\udce6 <strong data-start=\"336\" data-end=\"370\">Wysy\u0142ka wliczona w cen\u0119!<\/strong><\/p>","protected":false},"featured_media":8100,"template":"","meta":{"_acf_changed":false},"product_brand":[764],"product_cat":[843],"product_tag":[664,819,584,791],"class_list":{"0":"post-6692","1":"product","2":"type-product","3":"status-publish","4":"has-post-thumbnail","6":"product_brand-granducato-collection","7":"product_cat-box-e-degustazioni","8":"product_tag-cooking-box","9":"product_tag-cooking-box-arezzo","10":"product_tag-prodotti-tipici","11":"product_tag-prodotti-toscani","13":"first","14":"instock","15":"shipping-taxable","16":"purchasable","17":"product-type-simple"},"acf":[],"yoast_head":"<!-- This site is optimized with the Yoast SEO plugin v26.7 - https:\/\/yoast.com\/wordpress\/plugins\/seo\/ -->\n<title>Prodotti Allegra Toscana (Completo) - Granducato Collection<\/title>\n<meta name=\"robots\" content=\"index, follow, max-snippet:-1, max-image-preview:large, max-video-preview:-1\" \/>\n<link rel=\"canonical\" href=\"https:\/\/www.granducatocollection.com\/pl\/product\/prodotti-allegra-toscana-completo\/\" \/>\n<meta property=\"og:locale\" content=\"pl_PL\" \/>\n<meta property=\"og:type\" content=\"article\" \/>\n<meta property=\"og:title\" content=\"Prodotti Allegra Toscana (Completo) - Granducato Collection\" \/>\n<meta property=\"og:description\" content=\"Pacchetto Allegra Toscana Contenuto del Pacchetto &quot;Allegra Toscana&quot;:\ud83c\udf77 1 bottiglia di Chianti Colli Aretini DOCG \u2013 13% vol.\ud83c\udf77 1 bottiglia di Chianti Riserva DOCG \u2013 14% vol.\ud83e\uded2 1 bottiglia da 500 ml di Olio Extra Vergine di Oliva Borgunto \ud83d\udce6 Spedizione inclusa nel prezzo!\" \/>\n<meta property=\"og:url\" content=\"https:\/\/www.granducatocollection.com\/pl\/product\/prodotti-allegra-toscana-completo\/\" \/>\n<meta property=\"og:site_name\" content=\"Granducato Collection\" \/>\n<meta property=\"article:modified_time\" content=\"2026-02-16T12:22:40+00:00\" \/>\n<meta property=\"og:image\" content=\"https:\/\/www.granducatocollection.com\/wp-content\/uploads\/2025\/07\/Senzanome3.webp\" \/>\n\t<meta property=\"og:image:width\" content=\"280\" \/>\n\t<meta property=\"og:image:height\" content=\"232\" \/>\n\t<meta property=\"og:image:type\" content=\"image\/webp\" \/>\n<meta name=\"twitter:card\" content=\"summary_large_image\" \/>\n<meta name=\"twitter:label1\" content=\"Szacowany czas czytania\" \/>\n\t<meta name=\"twitter:data1\" content=\"2 minuty\" \/>\n<script type=\"application\/ld+json\" class=\"yoast-schema-graph\">{\"@context\":\"https:\/\/schema.org\",\"@graph\":[{\"@type\":\"WebPage\",\"@id\":\"https:\/\/www.granducatocollection.com\/prodotto\/prodotti-allegra-toscana-completo\/\",\"url\":\"https:\/\/www.granducatocollection.com\/prodotto\/prodotti-allegra-toscana-completo\/\",\"name\":\"Prodotti Allegra Toscana (Completo) - Granducato Collection\",\"isPartOf\":{\"@id\":\"https:\/\/www.granducatocollection.com\/#website\"},\"primaryImageOfPage\":{\"@id\":\"https:\/\/www.granducatocollection.com\/prodotto\/prodotti-allegra-toscana-completo\/#primaryimage\"},\"image\":{\"@id\":\"https:\/\/www.granducatocollection.com\/prodotto\/prodotti-allegra-toscana-completo\/#primaryimage\"},\"thumbnailUrl\":\"https:\/\/www.granducatocollection.com\/wp-content\/uploads\/2025\/07\/Senzanome3.webp\",\"datePublished\":\"2025-04-18T09:06:50+00:00\",\"dateModified\":\"2026-02-16T12:22:40+00:00\",\"breadcrumb\":{\"@id\":\"https:\/\/www.granducatocollection.com\/prodotto\/prodotti-allegra-toscana-completo\/#breadcrumb\"},\"inLanguage\":\"pl-PL\",\"potentialAction\":[{\"@type\":\"ReadAction\",\"target\":[\"https:\/\/www.granducatocollection.com\/prodotto\/prodotti-allegra-toscana-completo\/\"]}]},{\"@type\":\"ImageObject\",\"inLanguage\":\"pl-PL\",\"@id\":\"https:\/\/www.granducatocollection.com\/prodotto\/prodotti-allegra-toscana-completo\/#primaryimage\",\"url\":\"https:\/\/www.granducatocollection.com\/wp-content\/uploads\/2025\/07\/Senzanome3.webp\",\"contentUrl\":\"https:\/\/www.granducatocollection.com\/wp-content\/uploads\/2025\/07\/Senzanome3.webp\",\"width\":280,\"height\":232},{\"@type\":\"BreadcrumbList\",\"@id\":\"https:\/\/www.granducatocollection.com\/prodotto\/prodotti-allegra-toscana-completo\/#breadcrumb\",\"itemListElement\":[{\"@type\":\"ListItem\",\"position\":1,\"name\":\"Home\",\"item\":\"https:\/\/www.granducatocollection.com\/\"},{\"@type\":\"ListItem\",\"position\":2,\"name\":\"Shop\",\"item\":\"https:\/\/www.granducatocollection.com\/negozio\/\"},{\"@type\":\"ListItem\",\"position\":3,\"name\":\"Prodotti Allegra Toscana (Completo)\"}]},{\"@type\":\"WebSite\",\"@id\":\"https:\/\/www.granducatocollection.com\/#website\",\"url\":\"https:\/\/www.granducatocollection.com\/\",\"name\":\"GranDucato Collection\",\"description\":\"Prenota la tua vacanza e vivi un&#039;esperienza unica\",\"potentialAction\":[{\"@type\":\"SearchAction\",\"target\":{\"@type\":\"EntryPoint\",\"urlTemplate\":\"https:\/\/www.granducatocollection.com\/?s={search_term_string}\"},\"query-input\":{\"@type\":\"PropertyValueSpecification\",\"valueRequired\":true,\"valueName\":\"search_term_string\"}}],\"inLanguage\":\"pl-PL\"}]}<\/script>\n<!-- \/ Yoast SEO plugin. -->","yoast_head_json":{"title":"Prodotti Allegra Toscana (Completo) - Granducato Collection","robots":{"index":"index","follow":"follow","max-snippet":"max-snippet:-1","max-image-preview":"max-image-preview:large","max-video-preview":"max-video-preview:-1"},"canonical":"https:\/\/www.granducatocollection.com\/pl\/product\/prodotti-allegra-toscana-completo\/","og_locale":"pl_PL","og_type":"article","og_title":"Prodotti Allegra Toscana (Completo) - Granducato Collection","og_description":"Pacchetto Allegra Toscana Contenuto del Pacchetto \"Allegra Toscana\":\ud83c\udf77 1 bottiglia di Chianti Colli Aretini DOCG \u2013 13% vol.\ud83c\udf77 1 bottiglia di Chianti Riserva DOCG \u2013 14% vol.\ud83e\uded2 1 bottiglia da 500 ml di Olio Extra Vergine di Oliva Borgunto \ud83d\udce6 Spedizione inclusa nel prezzo!","og_url":"https:\/\/www.granducatocollection.com\/pl\/product\/prodotti-allegra-toscana-completo\/","og_site_name":"Granducato Collection","article_modified_time":"2026-02-16T12:22:40+00:00","og_image":[{"width":280,"height":232,"url":"https:\/\/www.granducatocollection.com\/wp-content\/uploads\/2025\/07\/Senzanome3.webp","type":"image\/webp"}],"twitter_card":"summary_large_image","twitter_misc":{"Szacowany czas czytania":"2 minuty"},"schema":{"@context":"https:\/\/schema.org","@graph":[{"@type":"WebPage","@id":"https:\/\/www.granducatocollection.com\/prodotto\/prodotti-allegra-toscana-completo\/","url":"https:\/\/www.granducatocollection.com\/prodotto\/prodotti-allegra-toscana-completo\/","name":"Prodotti Allegra Toscana (Completo) - Granducato Collection","isPartOf":{"@id":"https:\/\/www.granducatocollection.com\/#website"},"primaryImageOfPage":{"@id":"https:\/\/www.granducatocollection.com\/prodotto\/prodotti-allegra-toscana-completo\/#primaryimage"},"image":{"@id":"https:\/\/www.granducatocollection.com\/prodotto\/prodotti-allegra-toscana-completo\/#primaryimage"},"thumbnailUrl":"https:\/\/www.granducatocollection.com\/wp-content\/uploads\/2025\/07\/Senzanome3.webp","datePublished":"2025-04-18T09:06:50+00:00","dateModified":"2026-02-16T12:22:40+00:00","breadcrumb":{"@id":"https:\/\/www.granducatocollection.com\/prodotto\/prodotti-allegra-toscana-completo\/#breadcrumb"},"inLanguage":"pl-PL","potentialAction":[{"@type":"ReadAction","target":["https:\/\/www.granducatocollection.com\/prodotto\/prodotti-allegra-toscana-completo\/"]}]},{"@type":"ImageObject","inLanguage":"pl-PL","@id":"https:\/\/www.granducatocollection.com\/prodotto\/prodotti-allegra-toscana-completo\/#primaryimage","url":"https:\/\/www.granducatocollection.com\/wp-content\/uploads\/2025\/07\/Senzanome3.webp","contentUrl":"https:\/\/www.granducatocollection.com\/wp-content\/uploads\/2025\/07\/Senzanome3.webp","width":280,"height":232},{"@type":"BreadcrumbList","@id":"https:\/\/www.granducatocollection.com\/prodotto\/prodotti-allegra-toscana-completo\/#breadcrumb","itemListElement":[{"@type":"ListItem","position":1,"name":"Home","item":"https:\/\/www.granducatocollection.com\/"},{"@type":"ListItem","position":2,"name":"Shop","item":"https:\/\/www.granducatocollection.com\/negozio\/"},{"@type":"ListItem","position":3,"name":"Prodotti Allegra Toscana (Completo)"}]},{"@type":"WebSite","@id":"https:\/\/www.granducatocollection.com\/#website","url":"https:\/\/www.granducatocollection.com\/","name":"GranDucato Collection","description":"Prenota la tua vacanza e vivi un&#039;esperienza unica","potentialAction":[{"@type":"SearchAction","target":{"@type":"EntryPoint","urlTemplate":"https:\/\/www.granducatocollection.com\/?s={search_term_string}"},"query-input":{"@type":"PropertyValueSpecification","valueRequired":true,"valueName":"search_term_string"}}],"inLanguage":"pl-PL"}]}},"_links":{"self":[{"href":"https:\/\/www.granducatocollection.com\/pl\/wp-json\/wp\/v2\/product\/6692","targetHints":{"allow":["GET"]}}],"collection":[{"href":"https:\/\/www.granducatocollection.com\/pl\/wp-json\/wp\/v2\/product"}],"about":[{"href":"https:\/\/www.granducatocollection.com\/pl\/wp-json\/wp\/v2\/types\/product"}],"wp:featuredmedia":[{"embeddable":true,"href":"https:\/\/www.granducatocollection.com\/pl\/wp-json\/wp\/v2\/media\/8100"}],"wp:attachment":[{"href":"https:\/\/www.granducatocollection.com\/pl\/wp-json\/wp\/v2\/media?parent=6692"}],"wp:term":[{"taxonomy":"product_brand","embeddable":true,"href":"https:\/\/www.granducatocollection.com\/pl\/wp-json\/wp\/v2\/product_brand?post=6692"},{"taxonomy":"product_cat","embeddable":true,"href":"https:\/\/www.granducatocollection.com\/pl\/wp-json\/wp\/v2\/product_cat?post=6692"},{"taxonomy":"product_tag","embeddable":true,"href":"https:\/\/www.granducatocollection.com\/pl\/wp-json\/wp\/v2\/product_tag?post=6692"}],"curies":[{"name":"wp","href":"https:\/\/api.w.org\/{rel}","templated":true}]}}