{"id":6689,"date":"2025-04-18T08:43:39","date_gmt":"2025-04-18T08:43:39","guid":{"rendered":"https:\/\/www.granducatocollection.com\/?post_type=product&#038;p=6689"},"modified":"2026-02-03T13:38:03","modified_gmt":"2026-02-03T13:38:03","slug":"prodotti-allegra-toscana","status":"publish","type":"product","link":"https:\/\/www.granducatocollection.com\/pl\/product\/prodotti-allegra-toscana\/","title":{"rendered":"Produkty Allegra Toscana"},"content":{"rendered":"<p><script type=\"application\/ld+json\">{\n    \"@context\": \"https:\\\/\\\/schema.org\",\n    \"@type\": \"Product\",\n    \"@id\": \"https:\\\/\\\/www.granducatocollection.com\\\/prodotto\\\/prodotti-allegra-toscana\\\/\",\n    \"name\": \"Pacchetto Enologico Allegra Toscana \\u2013 Borgunto\",\n    \"image\": \"https:\\\/\\\/www.granducatocollection.com\\\/wp-content\\\/uploads\\\/2026\\\/01\\\/pacchetto-allegra-toscana-borgunto.jpg\",\n    \"description\": \"Pacchetto enologico con Chianti Colli Aretini DOCG e Chianti Riserva DOCG, prodotti artigianali da Borgunto ad Arezzo. Perfetto come regalo enologico toscano. Spedizione inclusa.\",\n    \"brand\": {\n        \"@type\": \"Organization\",\n        \"name\": \"Borgunto\"\n    },\n    \"offers\": {\n        \"@type\": \"Offer\",\n        \"url\": \"https:\\\/\\\/www.granducatocollection.com\\\/prodotto\\\/prodotti-allegra-toscana\\\/\",\n        \"priceCurrency\": \"EUR\",\n        \"price\": \"45.00\",\n        \"itemCondition\": \"https:\\\/\\\/schema.org\\\/NewCondition\",\n        \"availability\": \"https:\\\/\\\/schema.org\\\/InStock\",\n        \"seller\": {\n            \"@type\": \"Organization\",\n            \"name\": \"Granducato Collection\"\n        }\n    },\n    \"sku\": \"PACCHETTO-ALLEGRA-TOSCANA\"\n}<\/script><\/p>\n<h1>Pakiet Wina Allegra Toscana \u2013 Borgunto<\/h1>\n<h2>Dwa rzemie\u015blnicze wina Chianti DOCG z Arezzo, serca Toskanii.<\/h2>\n<p class=\"translation-block\">Pakiet win <strong>Allegra Toscana<\/strong> zawiera dwa autentyczne wina z regionu Arezzo: butelk\u0119 <strong>Chianti Colli Aretini DOCG<\/strong> (13% obj.) i jedn\u0105 butelk\u0119 <strong>Chianti Riserva DOCG<\/strong> (14% obj.). Oba wina produkowane s\u0105 przez <strong>Borgunto<\/strong> w <strong>Arezzo<\/strong> z wyselekcjonowanych winogron Sangiovese i winifikowane metod\u0105 rzemie\u015blnicz\u0105, z poszanowaniem toska\u0144skiej tradycji winiarskiej.<\/p>\n<h3>Doskona\u0142y toska\u0144ski prezent w postaci wina, wysy\u0142ka wliczona w cen\u0119.<\/h3>\n<p class=\"translation-block\">Idealny dla mi\u0142o\u015bnik\u00f3w w\u0142oskiego wina, ten pakiet to wyrafinowany i niezapomniany prezent z toska\u0144skiego wina. Idealny na rocznice, wyj\u0105tkowe kolacje lub po prostu, aby zafundowa\u0107 sobie autentyczne doznania kulinarne i winne. Koszt wysy\u0142ki jest wliczony w cen\u0119 \u2013 elegancja i wygoda w jednym.<\/p>\n<h3>Symbol kolekcji Granducato: jako\u015b\u0107, terytorium i rzemie\u015blnicza dba\u0142o\u015b\u0107<\/h3>\n<p class=\"translation-block\">Ka\u017cda butelka uciele\u015bnia warto\u015bci kolekcji Granducato: bezpo\u015bredni\u0105 kontrol\u0119 nad winnic\u0105, r\u0119czne zbiory i dojrzewanie z poszanowaniem naturalnego rytmu. Pakiet Allegra Toscana to co\u015b wi\u0119cej ni\u017c tylko duet win \u2013 to zaproszenie do odkrywania Toskanii, kieliszek po kieliszku.<\/p>","protected":false},"excerpt":{"rendered":"<h1>Produkty Allegra Toscana<\/h1>\n<p class=\"translation-block\">Dwa wspania\u0142e wyrazy Chianti w jednej ofercie: autentyczny smak Toskanii dostarczany bezpo\u015brednio do Twojego domu.<\/p>","protected":false},"featured_media":9965,"template":"","meta":{"_acf_changed":false},"product_brand":[764],"product_cat":[843],"product_tag":[818,816,817,800,814,784,782],"class_list":{"0":"post-6689","1":"product","2":"type-product","3":"status-publish","4":"has-post-thumbnail","6":"product_brand-granducato-collection","7":"product_cat-box-e-degustazioni","8":"product_tag-affittibrevi-arezzo","9":"product_tag-cookingbox","10":"product_tag-dormire-arezzo","11":"product_tag-pernottamento-arezzo","12":"product_tag-suitelets-arezzo","13":"product_tag-vacanza-arezzo","14":"product_tag-visitare-arezzo","16":"first","17":"instock","18":"shipping-taxable","19":"purchasable","20":"product-type-simple"},"acf":[],"yoast_head":"<!-- This site is optimized with the Yoast SEO plugin v26.7 - https:\/\/yoast.com\/wordpress\/plugins\/seo\/ -->\n<title>B&amp;B Arezzo - Prodotti Allegra Toscana - Gran Ducato Collection<\/title>\n<meta name=\"description\" content=\"Scopri il gusto autentico della Toscana con il cofanetto &quot;Prodotti Allegra Toscana&quot;: due vini Chianti DOCG selezionati con spedizione inclusa.\" \/>\n<meta name=\"robots\" content=\"index, follow, max-snippet:-1, max-image-preview:large, max-video-preview:-1\" \/>\n<link rel=\"canonical\" href=\"https:\/\/www.granducatocollection.com\/pl\/product\/prodotti-allegra-toscana\/\" \/>\n<meta property=\"og:locale\" content=\"pl_PL\" \/>\n<meta property=\"og:type\" content=\"article\" \/>\n<meta property=\"og:title\" content=\"B&amp;B Arezzo - Prodotti Allegra Toscana - Gran Ducato Collection\" \/>\n<meta property=\"og:description\" content=\"Scopri il gusto autentico della Toscana con il cofanetto &quot;Prodotti Allegra Toscana&quot;: due vini Chianti DOCG selezionati con spedizione inclusa.\" \/>\n<meta property=\"og:url\" content=\"https:\/\/www.granducatocollection.com\/pl\/product\/prodotti-allegra-toscana\/\" \/>\n<meta property=\"og:site_name\" content=\"Granducato Collection\" \/>\n<meta property=\"article:modified_time\" content=\"2026-02-03T13:38:03+00:00\" \/>\n<meta property=\"og:image\" content=\"https:\/\/www.granducatocollection.com\/wp-content\/uploads\/2025\/04\/image00001-scaled.jpeg\" \/>\n\t<meta property=\"og:image:width\" content=\"2560\" \/>\n\t<meta property=\"og:image:height\" content=\"1920\" \/>\n\t<meta property=\"og:image:type\" content=\"image\/jpeg\" \/>\n<meta name=\"twitter:card\" content=\"summary_large_image\" \/>\n<meta name=\"twitter:label1\" content=\"Szacowany czas czytania\" \/>\n\t<meta name=\"twitter:data1\" content=\"2 minuty\" \/>\n<script type=\"application\/ld+json\" class=\"yoast-schema-graph\">{\"@context\":\"https:\/\/schema.org\",\"@graph\":[{\"@type\":\"WebPage\",\"@id\":\"https:\/\/www.granducatocollection.com\/prodotto\/prodotti-allegra-toscana\/\",\"url\":\"https:\/\/www.granducatocollection.com\/prodotto\/prodotti-allegra-toscana\/\",\"name\":\"B&B Arezzo - Prodotti Allegra Toscana - Gran Ducato Collection\",\"isPartOf\":{\"@id\":\"https:\/\/www.granducatocollection.com\/#website\"},\"primaryImageOfPage\":{\"@id\":\"https:\/\/www.granducatocollection.com\/prodotto\/prodotti-allegra-toscana\/#primaryimage\"},\"image\":{\"@id\":\"https:\/\/www.granducatocollection.com\/prodotto\/prodotti-allegra-toscana\/#primaryimage\"},\"thumbnailUrl\":\"https:\/\/www.granducatocollection.com\/wp-content\/uploads\/2025\/04\/image00001-scaled.jpeg\",\"datePublished\":\"2025-04-18T08:43:39+00:00\",\"dateModified\":\"2026-02-03T13:38:03+00:00\",\"description\":\"Scopri il gusto autentico della Toscana con il cofanetto \\\"Prodotti Allegra Toscana\\\": due vini Chianti DOCG selezionati con spedizione inclusa.\",\"breadcrumb\":{\"@id\":\"https:\/\/www.granducatocollection.com\/prodotto\/prodotti-allegra-toscana\/#breadcrumb\"},\"inLanguage\":\"pl-PL\",\"potentialAction\":[{\"@type\":\"ReadAction\",\"target\":[\"https:\/\/www.granducatocollection.com\/prodotto\/prodotti-allegra-toscana\/\"]}]},{\"@type\":\"ImageObject\",\"inLanguage\":\"pl-PL\",\"@id\":\"https:\/\/www.granducatocollection.com\/prodotto\/prodotti-allegra-toscana\/#primaryimage\",\"url\":\"https:\/\/www.granducatocollection.com\/wp-content\/uploads\/2025\/04\/image00001-scaled.jpeg\",\"contentUrl\":\"https:\/\/www.granducatocollection.com\/wp-content\/uploads\/2025\/04\/image00001-scaled.jpeg\",\"width\":2560,\"height\":1920},{\"@type\":\"BreadcrumbList\",\"@id\":\"https:\/\/www.granducatocollection.com\/prodotto\/prodotti-allegra-toscana\/#breadcrumb\",\"itemListElement\":[{\"@type\":\"ListItem\",\"position\":1,\"name\":\"Home\",\"item\":\"https:\/\/www.granducatocollection.com\/\"},{\"@type\":\"ListItem\",\"position\":2,\"name\":\"Shop\",\"item\":\"https:\/\/www.granducatocollection.com\/negozio\/\"},{\"@type\":\"ListItem\",\"position\":3,\"name\":\"Prodotti Allegra Toscana\"}]},{\"@type\":\"WebSite\",\"@id\":\"https:\/\/www.granducatocollection.com\/#website\",\"url\":\"https:\/\/www.granducatocollection.com\/\",\"name\":\"GranDucato Collection\",\"description\":\"Prenota la tua vacanza e vivi un&#039;esperienza unica\",\"potentialAction\":[{\"@type\":\"SearchAction\",\"target\":{\"@type\":\"EntryPoint\",\"urlTemplate\":\"https:\/\/www.granducatocollection.com\/?s={search_term_string}\"},\"query-input\":{\"@type\":\"PropertyValueSpecification\",\"valueRequired\":true,\"valueName\":\"search_term_string\"}}],\"inLanguage\":\"pl-PL\"}]}<\/script>\n<!-- \/ Yoast SEO plugin. -->","yoast_head_json":{"title":"B&B Arezzo - Prodotti Allegra Toscana - Gran Ducato Collection","description":"Scopri il gusto autentico della Toscana con il cofanetto \"Prodotti Allegra Toscana\": due vini Chianti DOCG selezionati con spedizione inclusa.","robots":{"index":"index","follow":"follow","max-snippet":"max-snippet:-1","max-image-preview":"max-image-preview:large","max-video-preview":"max-video-preview:-1"},"canonical":"https:\/\/www.granducatocollection.com\/pl\/product\/prodotti-allegra-toscana\/","og_locale":"pl_PL","og_type":"article","og_title":"B&B Arezzo - Prodotti Allegra Toscana - Gran Ducato Collection","og_description":"Scopri il gusto autentico della Toscana con il cofanetto \"Prodotti Allegra Toscana\": due vini Chianti DOCG selezionati con spedizione inclusa.","og_url":"https:\/\/www.granducatocollection.com\/pl\/product\/prodotti-allegra-toscana\/","og_site_name":"Granducato Collection","article_modified_time":"2026-02-03T13:38:03+00:00","og_image":[{"width":2560,"height":1920,"url":"https:\/\/www.granducatocollection.com\/wp-content\/uploads\/2025\/04\/image00001-scaled.jpeg","type":"image\/jpeg"}],"twitter_card":"summary_large_image","twitter_misc":{"Szacowany czas czytania":"2 minuty"},"schema":{"@context":"https:\/\/schema.org","@graph":[{"@type":"WebPage","@id":"https:\/\/www.granducatocollection.com\/prodotto\/prodotti-allegra-toscana\/","url":"https:\/\/www.granducatocollection.com\/prodotto\/prodotti-allegra-toscana\/","name":"B&B Arezzo - Prodotti Allegra Toscana - Gran Ducato Collection","isPartOf":{"@id":"https:\/\/www.granducatocollection.com\/#website"},"primaryImageOfPage":{"@id":"https:\/\/www.granducatocollection.com\/prodotto\/prodotti-allegra-toscana\/#primaryimage"},"image":{"@id":"https:\/\/www.granducatocollection.com\/prodotto\/prodotti-allegra-toscana\/#primaryimage"},"thumbnailUrl":"https:\/\/www.granducatocollection.com\/wp-content\/uploads\/2025\/04\/image00001-scaled.jpeg","datePublished":"2025-04-18T08:43:39+00:00","dateModified":"2026-02-03T13:38:03+00:00","description":"Scopri il gusto autentico della Toscana con il cofanetto \"Prodotti Allegra Toscana\": due vini Chianti DOCG selezionati con spedizione inclusa.","breadcrumb":{"@id":"https:\/\/www.granducatocollection.com\/prodotto\/prodotti-allegra-toscana\/#breadcrumb"},"inLanguage":"pl-PL","potentialAction":[{"@type":"ReadAction","target":["https:\/\/www.granducatocollection.com\/prodotto\/prodotti-allegra-toscana\/"]}]},{"@type":"ImageObject","inLanguage":"pl-PL","@id":"https:\/\/www.granducatocollection.com\/prodotto\/prodotti-allegra-toscana\/#primaryimage","url":"https:\/\/www.granducatocollection.com\/wp-content\/uploads\/2025\/04\/image00001-scaled.jpeg","contentUrl":"https:\/\/www.granducatocollection.com\/wp-content\/uploads\/2025\/04\/image00001-scaled.jpeg","width":2560,"height":1920},{"@type":"BreadcrumbList","@id":"https:\/\/www.granducatocollection.com\/prodotto\/prodotti-allegra-toscana\/#breadcrumb","itemListElement":[{"@type":"ListItem","position":1,"name":"Home","item":"https:\/\/www.granducatocollection.com\/"},{"@type":"ListItem","position":2,"name":"Shop","item":"https:\/\/www.granducatocollection.com\/negozio\/"},{"@type":"ListItem","position":3,"name":"Prodotti Allegra Toscana"}]},{"@type":"WebSite","@id":"https:\/\/www.granducatocollection.com\/#website","url":"https:\/\/www.granducatocollection.com\/","name":"GranDucato Collection","description":"Prenota la tua vacanza e vivi un&#039;esperienza unica","potentialAction":[{"@type":"SearchAction","target":{"@type":"EntryPoint","urlTemplate":"https:\/\/www.granducatocollection.com\/?s={search_term_string}"},"query-input":{"@type":"PropertyValueSpecification","valueRequired":true,"valueName":"search_term_string"}}],"inLanguage":"pl-PL"}]}},"_links":{"self":[{"href":"https:\/\/www.granducatocollection.com\/pl\/wp-json\/wp\/v2\/product\/6689","targetHints":{"allow":["GET"]}}],"collection":[{"href":"https:\/\/www.granducatocollection.com\/pl\/wp-json\/wp\/v2\/product"}],"about":[{"href":"https:\/\/www.granducatocollection.com\/pl\/wp-json\/wp\/v2\/types\/product"}],"wp:featuredmedia":[{"embeddable":true,"href":"https:\/\/www.granducatocollection.com\/pl\/wp-json\/wp\/v2\/media\/9965"}],"wp:attachment":[{"href":"https:\/\/www.granducatocollection.com\/pl\/wp-json\/wp\/v2\/media?parent=6689"}],"wp:term":[{"taxonomy":"product_brand","embeddable":true,"href":"https:\/\/www.granducatocollection.com\/pl\/wp-json\/wp\/v2\/product_brand?post=6689"},{"taxonomy":"product_cat","embeddable":true,"href":"https:\/\/www.granducatocollection.com\/pl\/wp-json\/wp\/v2\/product_cat?post=6689"},{"taxonomy":"product_tag","embeddable":true,"href":"https:\/\/www.granducatocollection.com\/pl\/wp-json\/wp\/v2\/product_tag?post=6689"}],"curies":[{"name":"wp","href":"https:\/\/api.w.org\/{rel}","templated":true}]}}