{"id":6514,"date":"2025-04-11T11:37:38","date_gmt":"2025-04-11T11:37:38","guid":{"rendered":"https:\/\/www.granducatocollection.com\/?post_type=product&#038;p=6514"},"modified":"2026-02-27T14:06:28","modified_gmt":"2026-02-27T14:06:28","slug":"suite-deluxe-corso-italia-108","status":"publish","type":"product","link":"https:\/\/www.granducatocollection.com\/pl\/product\/suite-deluxe-corso-italia-108\/","title":{"rendered":"Apartament Deluxe z jacuzzi \u2013 Corso Italia 108, Arezzo | Kolekcja Granducato"},"content":{"rendered":"<p><script type=\"application\/ld+json\">{\n    \"@context\": \"https:\\\/\\\/schema.org\",\n    \"@type\": \"Product\",\n    \"name\": \"Suite Deluxe \\u2013 Corso Italia 108, Arezzo\",\n    \"description\": \"Suite Deluxe nel cuore di Arezzo, Toscana. Elegante, silenziosa e dotata di ogni comfort: Wi-Fi gratuito, TV satellitare, bagno privato con vasca idromassaggio e colazione con prodotti tipici toscani.\",\n    \"brand\": {\n        \"@type\": \"Organization\",\n        \"name\": \"Granducato Collection\"\n    },\n    \"offers\": {\n        \"@type\": \"Offer\",\n        \"url\": \"https:\\\/\\\/www.granducatocollection.com\\\/prodotto\\\/suite-deluxe-corso-italia-108\\\/\",\n        \"priceCurrency\": \"EUR\",\n        \"price\": \"149.00\",\n        \"priceValidUntil\": \"2026-12-31\",\n        \"itemCondition\": \"https:\\\/\\\/schema.org\\\/NewCondition\",\n        \"availability\": \"https:\\\/\\\/schema.org\\\/InStock\",\n        \"seller\": {\n            \"@type\": \"Organization\",\n            \"name\": \"Granducato Collection\"\n        }\n    },\n    \"sku\": \"SUITE-DELUXE-CORSO-ITALIA-108\"\n}<\/script><\/p>\n<h1>Apartament Deluxe \u2013 Corso Italia 108, Arezzo<\/h1>\n<h2>Dyskretna elegancja w sercu Toskanii<\/h2>\n<p class=\"translation-block\"><strong>Apartament Deluxe przy Corso Italia 108<\/strong> to wyrafinowany azyl w historycznym centrum Arezzo, idealny dla os\u00f3b poszukuj\u0105cych bezkompromisowo wysokiej jako\u015bci pobytu. Starannie zaprojektowany przez <strong>Granducato Collection<\/strong>, ten apartament \u0142\u0105czy w sobie stonowany design, nowoczesny komfort i dba\u0142o\u015b\u0107 o detale, dzi\u0119ki czemu ka\u017cda chwila staje si\u0119 niezapomniana.<\/p>\n<h3>Komfort i us\u0142ugi dla idealnego pobytu<\/h3>\n<p class=\"translation-block\">Ka\u017cdy szczeg\u00f3\u0142 zosta\u0142 zaprojektowany z my\u015bl\u0105 o Twoim dobrym samopoczuciu: <br>\n\u2705 <strong>Bezp\u0142atne Wi-Fi<\/strong> i <strong>telewizja satelitarna<\/strong>, aby pozosta\u0107 w kontakcie<br>\n\u2705 <strong>Minibar na \u017cyczenie<\/strong> i przytulny salon<br>\n\u2705 <strong>Prywatna \u0142azienka<\/strong> z prysznicem lub <strong>wann\u0105 z hydromasa\u017cem<\/strong>, bezp\u0142atnymi kosmetykami i suszark\u0105 do w\u0142os\u00f3w<br>\n\u2705 Mo\u017cliwo\u015b\u0107 zam\u00f3wienia <strong>\u015bniadania w restauracji poza obiektem<\/strong> z <strong>typowymi toska\u0144skimi produktami<\/strong><\/p>\n<h3>Strategiczna lokalizacja, autentyczne do\u015bwiadczenie<\/h3>\n<p class=\"translation-block\">Apartament Deluxe, po\u0142o\u017cony zaledwie kilka krok\u00f3w od Piazza Grande, katedry i warsztat\u00f3w rzemie\u015blniczych, pozwoli Ci poczu\u0107 si\u0119 jak prawdziwy mieszkaniec Arezzo. Idealny dla par, os\u00f3b pracuj\u0105cych zdalnie lub os\u00f3b ceni\u0105cych sobie kultur\u0119, ten obiekt odzwierciedla filozofi\u0119 Granducato Collection: \u201eniewidoczny, ale obecny\u201d: absolutna dyskrecja, z ca\u0142odobow\u0105, spersonalizowan\u0105 opiek\u0105.<\/p>","protected":false},"excerpt":{"rendered":"<h1 data-start=\"796\" data-end=\"859\" data-fontsize=\"24\" data-lineheight=\"26.64px\">Apartament typu Deluxe z jacuzzi<\/h1>\n<h3 class=\"fusion-responsive-typography-calculated\" data-start=\"796\" data-end=\"859\" data-fontsize=\"24\" data-lineheight=\"26.64px\"><strong data-start=\"800\" data-end=\"857\">Komfort i us\u0142ugi na idealny pobyt w Arezzo<\/strong><\/h3>\n<p data-start=\"860\" data-end=\"1156\" class=\"translation-block\">Nasze przyjazne i starannie zaprojektowane pokoje oferuj\u0105:<br data-start=\"921\" data-end=\"924\">\u2705\u00a0<strong data-start=\"926\" data-end=\"944\">Bezp\u0142atne Wi-Fi<\/strong>\u00a0i\u00a0<strong data-start=\"947\" data-end=\"965\">telewizj\u0119 satelitarn\u0105<\/strong>\u00a0dla maksymalnej \u0142\u0105czno\u015bci<br data-start=\"999\" data-end=\"1002\">\u2705\u00a0<strong data-start=\"1004\" data-end=\"1028\">Minibar na \u017cyczenie<\/strong>\u00a0oraz cz\u0119\u015b\u0107 wypoczynkow\u0105 do relaksu<br data-start=\"1065\" data-end=\"1068\">\u2705\u00a0<strong data-start=\"1070\" data-end=\"1120\">Prywatn\u0105 \u0142azienk\u0119 z prysznicem lub wann\u0105 z hydromasa\u017cem<\/strong>, bezp\u0142atnymi przyborami toaletowymi i suszark\u0105 do w\u0142os\u00f3w<\/p>\n<p data-start=\"1158\" data-end=\"1278\" class=\"translation-block\">Aby dobrze rozpocz\u0105\u0107 dzie\u0144, mo\u017cesz zarezerwowa\u0107 \u015bniadanie w zewn\u0119trznej restauracji, serwuj\u0105cej typowe toska\u0144skie produkty.<\/p>\n<p><a style=\"text-decoration: none; display: inline-flex; align-items: center; color: #159c7f; font-weight: 600;\" href=\"https:\/\/wa.me\/3772539581\" target=\"_blank\" rel=\"noopener noreferrer\"><br \/>\n<img decoding=\"async\" style=\"width: 24px; height: 24px; margin-right: 8px;\" src=\"https:\/\/upload.wikimedia.org\/wikipedia\/commons\/6\/6b\/WhatsApp.svg\" alt=\"WhatsApp Icon\" \/><br \/>\nZarezerwuj bezpo\u015brednio na WhatsApp<br \/>\n<\/a><\/p>","protected":false},"featured_media":6515,"template":"","meta":{"_acf_changed":false},"product_brand":[764],"product_cat":[80],"product_tag":[623,637,634,620,630,632,640,578,160,449,633,638,635,377,631,176,639,641,177,636],"class_list":{"0":"post-6514","1":"product","2":"type-product","3":"status-publish","4":"has-post-thumbnail","6":"product_brand-granducato-collection","7":"product_cat-soggiorni-e-degustazioni","8":"product_tag-adatto-a-coppie","9":"product_tag-aria-condizionata","10":"product_tag-arredi-di-pregio","11":"product_tag-bagno-privato","12":"product_tag-camera-di-lusso","13":"product_tag-centro-citta","14":"product_tag-check-in-veloce","15":"product_tag-check-out-flessibile","16":"product_tag-colazione-inclusa","17":"product_tag-corso-italia-108","18":"product_tag-design-moderno","19":"product_tag-doccia-idromassaggio","20":"product_tag-servizio-concierge","21":"product_tag-soggiorno-business","22":"product_tag-soggiorno-elegante","23":"product_tag-suite-deluxe","24":"product_tag-terrazza-privata","25":"product_tag-viaggio-romantico","26":"product_tag-vista-panoramica","27":"product_tag-wi-fi-gratuito","29":"first","30":"instock","31":"shipping-taxable","32":"product-type-simple"},"acf":[],"yoast_head":"<!-- This site is optimized with the Yoast SEO plugin v26.7 - https:\/\/yoast.com\/wordpress\/plugins\/seo\/ -->\n<title>Suite Deluxe con Jacuzzi \u2013 Corso Italia 108, Arezzo | Granducato Collection - Granducato Collection<\/title>\n<meta name=\"robots\" content=\"index, follow, max-snippet:-1, max-image-preview:large, max-video-preview:-1\" \/>\n<link rel=\"canonical\" href=\"https:\/\/www.granducatocollection.com\/pl\/product\/suite-deluxe-corso-italia-108\/\" \/>\n<meta property=\"og:locale\" content=\"pl_PL\" \/>\n<meta property=\"og:type\" content=\"article\" \/>\n<meta property=\"og:title\" content=\"Suite Deluxe con Jacuzzi \u2013 Corso Italia 108, Arezzo | Granducato Collection - Granducato Collection\" \/>\n<meta property=\"og:description\" content=\"Suite Deluxe con Jacuzzi Comfort e Servizi per un Soggiorno Perfetto ad Arezzo Le nostre camere, accoglienti e curate nei dettagli, offrono:\u2705\u00a0Wi-Fi gratuito\u00a0e\u00a0TV satellitare\u00a0per il massimo della connettivit\u00e0\u2705\u00a0Minibar su richiesta\u00a0e un angolo soggiorno per rilassarti\u2705\u00a0Bagno privato con doccia o vasca idromassaggio, set di cortesia e asciugacapelli Per iniziare la giornata al meglio, puoi prenotare la\u00a0colazione in un locale esterno, con prodotti tipici toscani.   Prenota direttamente su WhatsApp\" \/>\n<meta property=\"og:url\" content=\"https:\/\/www.granducatocollection.com\/pl\/product\/suite-deluxe-corso-italia-108\/\" \/>\n<meta property=\"og:site_name\" content=\"Granducato Collection\" \/>\n<meta property=\"article:modified_time\" content=\"2026-02-27T14:06:28+00:00\" \/>\n<meta property=\"og:image\" content=\"https:\/\/www.granducatocollection.com\/wp-content\/uploads\/2025\/04\/Suite_Deluxe_Corso_Italia_108_granducatogestioni_arezzo_firenze_toscana_4.jpg\" \/>\n\t<meta property=\"og:image:width\" content=\"600\" \/>\n\t<meta property=\"og:image:height\" content=\"450\" \/>\n\t<meta property=\"og:image:type\" content=\"image\/jpeg\" \/>\n<meta name=\"twitter:card\" content=\"summary_large_image\" \/>\n<meta name=\"twitter:label1\" content=\"Szacowany czas czytania\" \/>\n\t<meta name=\"twitter:data1\" content=\"2 minuty\" \/>\n<script type=\"application\/ld+json\" class=\"yoast-schema-graph\">{\"@context\":\"https:\/\/schema.org\",\"@graph\":[{\"@type\":\"WebPage\",\"@id\":\"https:\/\/www.granducatocollection.com\/prodotto\/suite-deluxe-corso-italia-108\/\",\"url\":\"https:\/\/www.granducatocollection.com\/prodotto\/suite-deluxe-corso-italia-108\/\",\"name\":\"Suite Deluxe con Jacuzzi \u2013 Corso Italia 108, Arezzo | Granducato Collection - Granducato Collection\",\"isPartOf\":{\"@id\":\"https:\/\/www.granducatocollection.com\/#website\"},\"primaryImageOfPage\":{\"@id\":\"https:\/\/www.granducatocollection.com\/prodotto\/suite-deluxe-corso-italia-108\/#primaryimage\"},\"image\":{\"@id\":\"https:\/\/www.granducatocollection.com\/prodotto\/suite-deluxe-corso-italia-108\/#primaryimage\"},\"thumbnailUrl\":\"https:\/\/www.granducatocollection.com\/wp-content\/uploads\/2025\/04\/Suite_Deluxe_Corso_Italia_108_granducatogestioni_arezzo_firenze_toscana_4.jpg\",\"datePublished\":\"2025-04-11T11:37:38+00:00\",\"dateModified\":\"2026-02-27T14:06:28+00:00\",\"breadcrumb\":{\"@id\":\"https:\/\/www.granducatocollection.com\/prodotto\/suite-deluxe-corso-italia-108\/#breadcrumb\"},\"inLanguage\":\"pl-PL\",\"potentialAction\":[{\"@type\":\"ReadAction\",\"target\":[\"https:\/\/www.granducatocollection.com\/prodotto\/suite-deluxe-corso-italia-108\/\"]}]},{\"@type\":\"ImageObject\",\"inLanguage\":\"pl-PL\",\"@id\":\"https:\/\/www.granducatocollection.com\/prodotto\/suite-deluxe-corso-italia-108\/#primaryimage\",\"url\":\"https:\/\/www.granducatocollection.com\/wp-content\/uploads\/2025\/04\/Suite_Deluxe_Corso_Italia_108_granducatogestioni_arezzo_firenze_toscana_4.jpg\",\"contentUrl\":\"https:\/\/www.granducatocollection.com\/wp-content\/uploads\/2025\/04\/Suite_Deluxe_Corso_Italia_108_granducatogestioni_arezzo_firenze_toscana_4.jpg\",\"width\":600,\"height\":450},{\"@type\":\"BreadcrumbList\",\"@id\":\"https:\/\/www.granducatocollection.com\/prodotto\/suite-deluxe-corso-italia-108\/#breadcrumb\",\"itemListElement\":[{\"@type\":\"ListItem\",\"position\":1,\"name\":\"Home\",\"item\":\"https:\/\/www.granducatocollection.com\/\"},{\"@type\":\"ListItem\",\"position\":2,\"name\":\"Shop\",\"item\":\"https:\/\/www.granducatocollection.com\/negozio\/\"},{\"@type\":\"ListItem\",\"position\":3,\"name\":\"Suite Deluxe con Jacuzzi \u2013 Corso Italia 108, Arezzo | Granducato Collection\"}]},{\"@type\":\"WebSite\",\"@id\":\"https:\/\/www.granducatocollection.com\/#website\",\"url\":\"https:\/\/www.granducatocollection.com\/\",\"name\":\"GranDucato Collection\",\"description\":\"Prenota la tua vacanza e vivi un&#039;esperienza unica\",\"potentialAction\":[{\"@type\":\"SearchAction\",\"target\":{\"@type\":\"EntryPoint\",\"urlTemplate\":\"https:\/\/www.granducatocollection.com\/?s={search_term_string}\"},\"query-input\":{\"@type\":\"PropertyValueSpecification\",\"valueRequired\":true,\"valueName\":\"search_term_string\"}}],\"inLanguage\":\"pl-PL\"}]}<\/script>\n<!-- \/ Yoast SEO plugin. -->","yoast_head_json":{"title":"Suite Deluxe con Jacuzzi \u2013 Corso Italia 108, Arezzo | Granducato Collection - Granducato Collection","robots":{"index":"index","follow":"follow","max-snippet":"max-snippet:-1","max-image-preview":"max-image-preview:large","max-video-preview":"max-video-preview:-1"},"canonical":"https:\/\/www.granducatocollection.com\/pl\/product\/suite-deluxe-corso-italia-108\/","og_locale":"pl_PL","og_type":"article","og_title":"Suite Deluxe con Jacuzzi \u2013 Corso Italia 108, Arezzo | Granducato Collection - Granducato Collection","og_description":"Suite Deluxe con Jacuzzi Comfort e Servizi per un Soggiorno Perfetto ad Arezzo Le nostre camere, accoglienti e curate nei dettagli, offrono:\u2705\u00a0Wi-Fi gratuito\u00a0e\u00a0TV satellitare\u00a0per il massimo della connettivit\u00e0\u2705\u00a0Minibar su richiesta\u00a0e un angolo soggiorno per rilassarti\u2705\u00a0Bagno privato con doccia o vasca idromassaggio, set di cortesia e asciugacapelli Per iniziare la giornata al meglio, puoi prenotare la\u00a0colazione in un locale esterno, con prodotti tipici toscani.   Prenota direttamente su WhatsApp","og_url":"https:\/\/www.granducatocollection.com\/pl\/product\/suite-deluxe-corso-italia-108\/","og_site_name":"Granducato Collection","article_modified_time":"2026-02-27T14:06:28+00:00","og_image":[{"width":600,"height":450,"url":"https:\/\/www.granducatocollection.com\/wp-content\/uploads\/2025\/04\/Suite_Deluxe_Corso_Italia_108_granducatogestioni_arezzo_firenze_toscana_4.jpg","type":"image\/jpeg"}],"twitter_card":"summary_large_image","twitter_misc":{"Szacowany czas czytania":"2 minuty"},"schema":{"@context":"https:\/\/schema.org","@graph":[{"@type":"WebPage","@id":"https:\/\/www.granducatocollection.com\/prodotto\/suite-deluxe-corso-italia-108\/","url":"https:\/\/www.granducatocollection.com\/prodotto\/suite-deluxe-corso-italia-108\/","name":"Suite Deluxe con Jacuzzi \u2013 Corso Italia 108, Arezzo | Granducato Collection - Granducato Collection","isPartOf":{"@id":"https:\/\/www.granducatocollection.com\/#website"},"primaryImageOfPage":{"@id":"https:\/\/www.granducatocollection.com\/prodotto\/suite-deluxe-corso-italia-108\/#primaryimage"},"image":{"@id":"https:\/\/www.granducatocollection.com\/prodotto\/suite-deluxe-corso-italia-108\/#primaryimage"},"thumbnailUrl":"https:\/\/www.granducatocollection.com\/wp-content\/uploads\/2025\/04\/Suite_Deluxe_Corso_Italia_108_granducatogestioni_arezzo_firenze_toscana_4.jpg","datePublished":"2025-04-11T11:37:38+00:00","dateModified":"2026-02-27T14:06:28+00:00","breadcrumb":{"@id":"https:\/\/www.granducatocollection.com\/prodotto\/suite-deluxe-corso-italia-108\/#breadcrumb"},"inLanguage":"pl-PL","potentialAction":[{"@type":"ReadAction","target":["https:\/\/www.granducatocollection.com\/prodotto\/suite-deluxe-corso-italia-108\/"]}]},{"@type":"ImageObject","inLanguage":"pl-PL","@id":"https:\/\/www.granducatocollection.com\/prodotto\/suite-deluxe-corso-italia-108\/#primaryimage","url":"https:\/\/www.granducatocollection.com\/wp-content\/uploads\/2025\/04\/Suite_Deluxe_Corso_Italia_108_granducatogestioni_arezzo_firenze_toscana_4.jpg","contentUrl":"https:\/\/www.granducatocollection.com\/wp-content\/uploads\/2025\/04\/Suite_Deluxe_Corso_Italia_108_granducatogestioni_arezzo_firenze_toscana_4.jpg","width":600,"height":450},{"@type":"BreadcrumbList","@id":"https:\/\/www.granducatocollection.com\/prodotto\/suite-deluxe-corso-italia-108\/#breadcrumb","itemListElement":[{"@type":"ListItem","position":1,"name":"Home","item":"https:\/\/www.granducatocollection.com\/"},{"@type":"ListItem","position":2,"name":"Shop","item":"https:\/\/www.granducatocollection.com\/negozio\/"},{"@type":"ListItem","position":3,"name":"Suite Deluxe con Jacuzzi \u2013 Corso Italia 108, Arezzo | Granducato Collection"}]},{"@type":"WebSite","@id":"https:\/\/www.granducatocollection.com\/#website","url":"https:\/\/www.granducatocollection.com\/","name":"GranDucato Collection","description":"Prenota la tua vacanza e vivi un&#039;esperienza unica","potentialAction":[{"@type":"SearchAction","target":{"@type":"EntryPoint","urlTemplate":"https:\/\/www.granducatocollection.com\/?s={search_term_string}"},"query-input":{"@type":"PropertyValueSpecification","valueRequired":true,"valueName":"search_term_string"}}],"inLanguage":"pl-PL"}]}},"_links":{"self":[{"href":"https:\/\/www.granducatocollection.com\/pl\/wp-json\/wp\/v2\/product\/6514","targetHints":{"allow":["GET"]}}],"collection":[{"href":"https:\/\/www.granducatocollection.com\/pl\/wp-json\/wp\/v2\/product"}],"about":[{"href":"https:\/\/www.granducatocollection.com\/pl\/wp-json\/wp\/v2\/types\/product"}],"wp:featuredmedia":[{"embeddable":true,"href":"https:\/\/www.granducatocollection.com\/pl\/wp-json\/wp\/v2\/media\/6515"}],"wp:attachment":[{"href":"https:\/\/www.granducatocollection.com\/pl\/wp-json\/wp\/v2\/media?parent=6514"}],"wp:term":[{"taxonomy":"product_brand","embeddable":true,"href":"https:\/\/www.granducatocollection.com\/pl\/wp-json\/wp\/v2\/product_brand?post=6514"},{"taxonomy":"product_cat","embeddable":true,"href":"https:\/\/www.granducatocollection.com\/pl\/wp-json\/wp\/v2\/product_cat?post=6514"},{"taxonomy":"product_tag","embeddable":true,"href":"https:\/\/www.granducatocollection.com\/pl\/wp-json\/wp\/v2\/product_tag?post=6514"}],"curies":[{"name":"wp","href":"https:\/\/api.w.org\/{rel}","templated":true}]}}