{"id":6476,"date":"2025-04-10T10:41:19","date_gmt":"2025-04-10T10:41:19","guid":{"rendered":"https:\/\/www.granducatocollection.com\/?post_type=product&#038;p=6476"},"modified":"2026-04-06T09:31:34","modified_gmt":"2026-04-06T09:31:34","slug":"cooking-box-tutti-i-prodotti-borgunto","status":"publish","type":"product","link":"https:\/\/www.granducatocollection.com\/pl\/product\/cooking-box-tutti-i-prodotti-borgunto\/","title":{"rendered":"Borgunto Cooking Box \u2013 Typowe toska\u0144skie produkty rzemie\u015blnicze | Chianti DOCG, oliwa z oliwek extra virgin, trufle"},"content":{"rendered":"<p><script type=\"application\/ld+json\">{\n    \"@context\": \"https:\\\/\\\/schema.org\",\n    \"@type\": \"Product\",\n    \"@id\": \"https:\\\/\\\/www.granducatocollection.com\\\/prodotto\\\/cooking-box-tutti-i-prodotti-borgunto\\\/\",\n    \"name\": \"Cooking Box Borgunto \\u2013 Esperienza Enogastronomica Toscana\",\n    \"image\": \"https:\\\/\\\/www.granducatocollection.com\\\/wp-content\\\/uploads\\\/2026\\\/01\\\/cooking-box-borgunto-granducato-collection.jpg\",\n    \"description\": \"Box regalo food italiano con prodotti tipici toscani a km 0, realizzati artigianalmente nell\\u2019azienda agricola di Arezzo. Perfetta come regalo gourmet Toscana o per un\\u2019esperienza enogastronomica italiana autentica.\",\n    \"brand\": {\n        \"@type\": \"Organization\",\n        \"name\": \"Borgunto\"\n    },\n    \"offers\": {\n        \"@type\": \"Offer\",\n        \"url\": \"https:\\\/\\\/www.granducatocollection.com\\\/prodotto\\\/cooking-box-tutti-i-prodotti-borgunto\\\/\",\n        \"priceCurrency\": \"EUR\",\n        \"price\": \"120.00\",\n        \"itemCondition\": \"https:\\\/\\\/schema.org\\\/NewCondition\",\n        \"availability\": \"https:\\\/\\\/schema.org\\\/InStock\",\n        \"seller\": {\n            \"@type\": \"Organization\",\n            \"name\": \"Granducato Collection\"\n        }\n    },\n    \"sku\": \"COOKING-BOX-TUTTI-PRODOTTI-BORGUNTO\"\n}<\/script><\/p>\n<h1>Borgunto Cooking Box \u2013 toska\u0144skie do\u015bwiadczenie kulinarne i winne<\/h1>\n<h2>Pude\u0142ko prezentowe z w\u0142oskim jedzeniem i typowymi toska\u0144skimi produktami w odleg\u0142o\u015bci 0 km<\/h2>\n<p class=\"translation-block\"><strong>Borgunto Cooking Box<\/strong> to zmys\u0142owa podr\u00f3\u017c do autentycznej kuchni toska\u0144skiej, przygotowana przez <strong>Granducato Collection<\/strong>. Wyprodukowana na farmie <strong>Arezzo<\/strong>, w sercu <strong>Chianti Aretino<\/strong>, ta ekskluzywna kolekcja \u0142\u0105czy w sobie najlepsze <strong>typowe toska\u0144skie produkty w promieniu 0 km<\/strong>: wina DOCG, oliw\u0119 z oliwek extra virgin, sosy rzemie\u015blnicze, d\u017cemy, specja\u0142y z trufli i tradycyjne, wiejskie dania gotowe.<\/p>\n<h3>Wykwintny toska\u0144ski prezent dla prawdziwych koneser\u00f3w<\/h3>\n<p class=\"translation-block\">Zapakowany z dba\u0142o\u015bci\u0105 i stylem, Cooking Box to idealny toska\u0144ski prezent dla smakoszy na Bo\u017ce Narodzenie, rocznice lub specjalne okazje. Ka\u017cdy sk\u0142adnik opowiada histori\u0119 regionu, pasji i rzemios\u0142a \u2013 idealny dla tych, kt\u00f3rzy pragn\u0105 do\u015bwiadczy\u0107 autentycznego w\u0142oskiego jedzenia i wina w zaciszu w\u0142asnego domu.<\/p>\n<h3>Produkty toska\u0144skich rzemie\u015blnik\u00f3w z kolekcji Granducato<\/h3>\n<p>Tutti i prodotti sono realizzati con metodi sostenibili, senza conservanti e nel rispetto della tradizione contadina. La <strong>Pude\u0142ko do gotowania Borgunto<\/strong> non \u00e8 solo una selezione di eccellenze: \u00e8 un omaggio alla biodiversit\u00e0 della Toscana, firmato da un brand che unisce <strong>artigianalit\u00e0 toscana<\/strong>, tracciabilit\u00e0 e amore per il territorio.<\/p>","protected":false},"excerpt":{"rendered":"<h1>Pude\u0142ko do gotowania Borgunto<\/h1>\n<p class=\"translation-block\"><strong>Borgunto Cooking Box<\/strong> to kompletne kulinarne i winne do\u015bwiadczenie: wyb\u00f3r <strong>typowych toska\u0144skich produkt\u00f3w w odleg\u0142o\u015bci 0 km<\/strong>, r\u0119cznie wytwarzanych na farmie <strong>Arezzo<\/strong>. Idealny jako <strong>toska\u0144ski prezent dla smakoszy<\/strong> lub do delektowania si\u0119 autentyczn\u0105 kuchni\u0105 <strong>Arezzo Chianti<\/strong> bezpo\u015brednio w domu.<\/p>","protected":false},"featured_media":11378,"template":"","meta":{"_acf_changed":false},"product_brand":[764],"product_cat":[843],"product_tag":[311,673,351,422,666,664,138,670,590,668,591,667,560,587,672,233,584,669,671,665],"class_list":{"0":"post-6476","1":"product","2":"type-product","3":"status-publish","4":"has-post-thumbnail","6":"product_brand-granducato-collection","7":"product_cat-box-e-degustazioni","8":"product_tag-borgunto","9":"product_tag-box-esperienziale","10":"product_tag-box-gourmet","11":"product_tag-box-regalo","12":"product_tag-cibo-di-qualita","13":"product_tag-cooking-box","14":"product_tag-cucina-italiana","15":"product_tag-cucina-tradizionale","16":"product_tag-eccellenze-italiane","17":"product_tag-esperienza-culinaria","18":"product_tag-gourmet","19":"product_tag-ingredienti-selezionati","20":"product_tag-made-in-italy","21":"product_tag-prodotti-artigianali","22":"product_tag-prodotti-dop","23":"product_tag-prodotti-italiani","24":"product_tag-prodotti-tipici","25":"product_tag-regalo-food","26":"product_tag-sapori-autentici","27":"product_tag-specialita-regionali","29":"first","30":"instock","31":"shipping-taxable","32":"purchasable","33":"product-type-simple"},"acf":[],"yoast_head":"<!-- This site is optimized with the Yoast SEO plugin v26.7 - https:\/\/yoast.com\/wordpress\/plugins\/seo\/ -->\n<title>B&amp;B Arezzo - Cooking Box Borgunto - Gran ducato Collection<\/title>\n<meta name=\"description\" content=\"Cooking Box Borgunto \u2013 Gusto autentico in un unico cofanetto.Perfetto per portare il sapore della tradizione a casa tua. Ordina online ora!\" \/>\n<meta name=\"robots\" content=\"index, follow, max-snippet:-1, max-image-preview:large, max-video-preview:-1\" \/>\n<link rel=\"canonical\" href=\"https:\/\/www.granducatocollection.com\/pl\/product\/cooking-box-tutti-i-prodotti-borgunto\/\" \/>\n<meta property=\"og:locale\" content=\"pl_PL\" \/>\n<meta property=\"og:type\" content=\"article\" \/>\n<meta property=\"og:title\" content=\"B&amp;B Arezzo - Cooking Box Borgunto - Gran ducato Collection\" \/>\n<meta property=\"og:description\" content=\"Cooking Box Borgunto \u2013 Gusto autentico in un unico cofanetto.Perfetto per portare il sapore della tradizione a casa tua. Ordina online ora!\" \/>\n<meta property=\"og:url\" content=\"https:\/\/www.granducatocollection.com\/pl\/product\/cooking-box-tutti-i-prodotti-borgunto\/\" \/>\n<meta property=\"og:site_name\" content=\"Granducato Collection\" \/>\n<meta property=\"article:modified_time\" content=\"2026-04-06T09:31:34+00:00\" \/>\n<meta property=\"og:image\" content=\"https:\/\/www.granducatocollection.com\/wp-content\/uploads\/2025\/04\/cookingbox_borgunto_granducatogestioni_arezzo_viareggio_toscana_alloggi_bb-300x200-1.webp\" \/>\n\t<meta property=\"og:image:width\" content=\"300\" \/>\n\t<meta property=\"og:image:height\" content=\"200\" \/>\n\t<meta property=\"og:image:type\" content=\"image\/webp\" \/>\n<meta name=\"twitter:card\" content=\"summary_large_image\" \/>\n<meta name=\"twitter:label1\" content=\"Szacowany czas czytania\" \/>\n\t<meta name=\"twitter:data1\" content=\"2 minuty\" \/>\n<script type=\"application\/ld+json\" class=\"yoast-schema-graph\">{\"@context\":\"https:\/\/schema.org\",\"@graph\":[{\"@type\":\"WebPage\",\"@id\":\"https:\/\/www.granducatocollection.com\/prodotto\/cooking-box-tutti-i-prodotti-borgunto\/\",\"url\":\"https:\/\/www.granducatocollection.com\/prodotto\/cooking-box-tutti-i-prodotti-borgunto\/\",\"name\":\"B&B Arezzo - Cooking Box Borgunto - Gran ducato Collection\",\"isPartOf\":{\"@id\":\"https:\/\/www.granducatocollection.com\/#website\"},\"primaryImageOfPage\":{\"@id\":\"https:\/\/www.granducatocollection.com\/prodotto\/cooking-box-tutti-i-prodotti-borgunto\/#primaryimage\"},\"image\":{\"@id\":\"https:\/\/www.granducatocollection.com\/prodotto\/cooking-box-tutti-i-prodotti-borgunto\/#primaryimage\"},\"thumbnailUrl\":\"https:\/\/www.granducatocollection.com\/wp-content\/uploads\/2025\/04\/cookingbox_borgunto_granducatogestioni_arezzo_viareggio_toscana_alloggi_bb-300x200-1.webp\",\"datePublished\":\"2025-04-10T10:41:19+00:00\",\"dateModified\":\"2026-04-06T09:31:34+00:00\",\"description\":\"Cooking Box Borgunto \u2013 Gusto autentico in un unico cofanetto.Perfetto per portare il sapore della tradizione a casa tua. Ordina online ora!\",\"breadcrumb\":{\"@id\":\"https:\/\/www.granducatocollection.com\/prodotto\/cooking-box-tutti-i-prodotti-borgunto\/#breadcrumb\"},\"inLanguage\":\"pl-PL\",\"potentialAction\":[{\"@type\":\"ReadAction\",\"target\":[\"https:\/\/www.granducatocollection.com\/prodotto\/cooking-box-tutti-i-prodotti-borgunto\/\"]}]},{\"@type\":\"ImageObject\",\"inLanguage\":\"pl-PL\",\"@id\":\"https:\/\/www.granducatocollection.com\/prodotto\/cooking-box-tutti-i-prodotti-borgunto\/#primaryimage\",\"url\":\"https:\/\/www.granducatocollection.com\/wp-content\/uploads\/2025\/04\/cookingbox_borgunto_granducatogestioni_arezzo_viareggio_toscana_alloggi_bb-300x200-1.webp\",\"contentUrl\":\"https:\/\/www.granducatocollection.com\/wp-content\/uploads\/2025\/04\/cookingbox_borgunto_granducatogestioni_arezzo_viareggio_toscana_alloggi_bb-300x200-1.webp\",\"width\":300,\"height\":200,\"caption\":\"box ragu di chianina granducato collection borgunto\"},{\"@type\":\"BreadcrumbList\",\"@id\":\"https:\/\/www.granducatocollection.com\/prodotto\/cooking-box-tutti-i-prodotti-borgunto\/#breadcrumb\",\"itemListElement\":[{\"@type\":\"ListItem\",\"position\":1,\"name\":\"Home\",\"item\":\"https:\/\/www.granducatocollection.com\/\"},{\"@type\":\"ListItem\",\"position\":2,\"name\":\"Shop\",\"item\":\"https:\/\/www.granducatocollection.com\/negozio\/\"},{\"@type\":\"ListItem\",\"position\":3,\"name\":\"Cooking Box Borgunto \u2013 Prodotti Tipici Toscani Artigianali | Chianti DOCG, Olio EVO, Tartufo\"}]},{\"@type\":\"WebSite\",\"@id\":\"https:\/\/www.granducatocollection.com\/#website\",\"url\":\"https:\/\/www.granducatocollection.com\/\",\"name\":\"GranDucato Collection\",\"description\":\"Prenota la tua vacanza e vivi un&#039;esperienza unica\",\"potentialAction\":[{\"@type\":\"SearchAction\",\"target\":{\"@type\":\"EntryPoint\",\"urlTemplate\":\"https:\/\/www.granducatocollection.com\/?s={search_term_string}\"},\"query-input\":{\"@type\":\"PropertyValueSpecification\",\"valueRequired\":true,\"valueName\":\"search_term_string\"}}],\"inLanguage\":\"pl-PL\"}]}<\/script>\n<!-- \/ Yoast SEO plugin. -->","yoast_head_json":{"title":"B&B Arezzo - Cooking Box Borgunto - Gran ducato Collection","description":"Cooking Box Borgunto \u2013 Gusto autentico in un unico cofanetto.Perfetto per portare il sapore della tradizione a casa tua. Ordina online ora!","robots":{"index":"index","follow":"follow","max-snippet":"max-snippet:-1","max-image-preview":"max-image-preview:large","max-video-preview":"max-video-preview:-1"},"canonical":"https:\/\/www.granducatocollection.com\/pl\/product\/cooking-box-tutti-i-prodotti-borgunto\/","og_locale":"pl_PL","og_type":"article","og_title":"B&B Arezzo - Cooking Box Borgunto - Gran ducato Collection","og_description":"Cooking Box Borgunto \u2013 Gusto autentico in un unico cofanetto.Perfetto per portare il sapore della tradizione a casa tua. Ordina online ora!","og_url":"https:\/\/www.granducatocollection.com\/pl\/product\/cooking-box-tutti-i-prodotti-borgunto\/","og_site_name":"Granducato Collection","article_modified_time":"2026-04-06T09:31:34+00:00","og_image":[{"width":300,"height":200,"url":"https:\/\/www.granducatocollection.com\/wp-content\/uploads\/2025\/04\/cookingbox_borgunto_granducatogestioni_arezzo_viareggio_toscana_alloggi_bb-300x200-1.webp","type":"image\/webp"}],"twitter_card":"summary_large_image","twitter_misc":{"Szacowany czas czytania":"2 minuty"},"schema":{"@context":"https:\/\/schema.org","@graph":[{"@type":"WebPage","@id":"https:\/\/www.granducatocollection.com\/prodotto\/cooking-box-tutti-i-prodotti-borgunto\/","url":"https:\/\/www.granducatocollection.com\/prodotto\/cooking-box-tutti-i-prodotti-borgunto\/","name":"B&B Arezzo - Cooking Box Borgunto - Gran ducato Collection","isPartOf":{"@id":"https:\/\/www.granducatocollection.com\/#website"},"primaryImageOfPage":{"@id":"https:\/\/www.granducatocollection.com\/prodotto\/cooking-box-tutti-i-prodotti-borgunto\/#primaryimage"},"image":{"@id":"https:\/\/www.granducatocollection.com\/prodotto\/cooking-box-tutti-i-prodotti-borgunto\/#primaryimage"},"thumbnailUrl":"https:\/\/www.granducatocollection.com\/wp-content\/uploads\/2025\/04\/cookingbox_borgunto_granducatogestioni_arezzo_viareggio_toscana_alloggi_bb-300x200-1.webp","datePublished":"2025-04-10T10:41:19+00:00","dateModified":"2026-04-06T09:31:34+00:00","description":"Cooking Box Borgunto \u2013 Gusto autentico in un unico cofanetto.Perfetto per portare il sapore della tradizione a casa tua. Ordina online ora!","breadcrumb":{"@id":"https:\/\/www.granducatocollection.com\/prodotto\/cooking-box-tutti-i-prodotti-borgunto\/#breadcrumb"},"inLanguage":"pl-PL","potentialAction":[{"@type":"ReadAction","target":["https:\/\/www.granducatocollection.com\/prodotto\/cooking-box-tutti-i-prodotti-borgunto\/"]}]},{"@type":"ImageObject","inLanguage":"pl-PL","@id":"https:\/\/www.granducatocollection.com\/prodotto\/cooking-box-tutti-i-prodotti-borgunto\/#primaryimage","url":"https:\/\/www.granducatocollection.com\/wp-content\/uploads\/2025\/04\/cookingbox_borgunto_granducatogestioni_arezzo_viareggio_toscana_alloggi_bb-300x200-1.webp","contentUrl":"https:\/\/www.granducatocollection.com\/wp-content\/uploads\/2025\/04\/cookingbox_borgunto_granducatogestioni_arezzo_viareggio_toscana_alloggi_bb-300x200-1.webp","width":300,"height":200,"caption":"box ragu di chianina granducato collection borgunto"},{"@type":"BreadcrumbList","@id":"https:\/\/www.granducatocollection.com\/prodotto\/cooking-box-tutti-i-prodotti-borgunto\/#breadcrumb","itemListElement":[{"@type":"ListItem","position":1,"name":"Home","item":"https:\/\/www.granducatocollection.com\/"},{"@type":"ListItem","position":2,"name":"Shop","item":"https:\/\/www.granducatocollection.com\/negozio\/"},{"@type":"ListItem","position":3,"name":"Cooking Box Borgunto \u2013 Prodotti Tipici Toscani Artigianali | Chianti DOCG, Olio EVO, Tartufo"}]},{"@type":"WebSite","@id":"https:\/\/www.granducatocollection.com\/#website","url":"https:\/\/www.granducatocollection.com\/","name":"GranDucato Collection","description":"Prenota la tua vacanza e vivi un&#039;esperienza unica","potentialAction":[{"@type":"SearchAction","target":{"@type":"EntryPoint","urlTemplate":"https:\/\/www.granducatocollection.com\/?s={search_term_string}"},"query-input":{"@type":"PropertyValueSpecification","valueRequired":true,"valueName":"search_term_string"}}],"inLanguage":"pl-PL"}]}},"_links":{"self":[{"href":"https:\/\/www.granducatocollection.com\/pl\/wp-json\/wp\/v2\/product\/6476","targetHints":{"allow":["GET"]}}],"collection":[{"href":"https:\/\/www.granducatocollection.com\/pl\/wp-json\/wp\/v2\/product"}],"about":[{"href":"https:\/\/www.granducatocollection.com\/pl\/wp-json\/wp\/v2\/types\/product"}],"wp:featuredmedia":[{"embeddable":true,"href":"https:\/\/www.granducatocollection.com\/pl\/wp-json\/wp\/v2\/media\/11378"}],"wp:attachment":[{"href":"https:\/\/www.granducatocollection.com\/pl\/wp-json\/wp\/v2\/media?parent=6476"}],"wp:term":[{"taxonomy":"product_brand","embeddable":true,"href":"https:\/\/www.granducatocollection.com\/pl\/wp-json\/wp\/v2\/product_brand?post=6476"},{"taxonomy":"product_cat","embeddable":true,"href":"https:\/\/www.granducatocollection.com\/pl\/wp-json\/wp\/v2\/product_cat?post=6476"},{"taxonomy":"product_tag","embeddable":true,"href":"https:\/\/www.granducatocollection.com\/pl\/wp-json\/wp\/v2\/product_tag?post=6476"}],"curies":[{"name":"wp","href":"https:\/\/api.w.org\/{rel}","templated":true}]}}