{"id":6470,"date":"2025-04-10T10:16:38","date_gmt":"2025-04-10T10:16:38","guid":{"rendered":"https:\/\/www.granducatocollection.com\/?post_type=product&#038;p=6470"},"modified":"2026-04-22T16:35:32","modified_gmt":"2026-04-22T16:35:32","slug":"confetture-di-fragola-e-pesca","status":"publish","type":"product","link":"https:\/\/www.granducatocollection.com\/pl\/product\/confetture-di-fragola-e-pesca\/","title":{"rendered":"Domowy d\u017cem truskawkowo-brzoskwiniowy \u2013 2 s\u0142oiki po 200 g | Borgunto"},"content":{"rendered":"<p><script type=\"application\/ld+json\">{\n    \"@context\": \"https:\\\/\\\/schema.org\",\n    \"@type\": \"Product\",\n    \"@id\": \"https:\\\/\\\/www.granducatocollection.com\\\/prodotto\\\/confetture-di-fragola-e-pesca\\\/\",\n    \"name\": \"Confettura Artigianale Fragola e Pesca \\u2013 Borgunto\",\n    \"image\": \"https:\\\/\\\/www.granducatocollection.com\\\/wp-content\\\/uploads\\\/2026\\\/01\\\/confettura-fragola-pesca-borgunto.jpg\",\n    \"description\": \"Confettura artigianale toscana con 72% frutta, senza conservanti, prodotta ad Arezzo. Perfetta per colazioni sane, dolci fatti in casa o come regalo gourmet italiano.\",\n    \"brand\": {\n        \"@type\": \"Organization\",\n        \"name\": \"Borgunto\"\n    },\n    \"offers\": {\n        \"@type\": \"Offer\",\n        \"url\": \"https:\\\/\\\/www.granducatocollection.com\\\/prodotto\\\/confetture-di-fragola-e-pesca\\\/\",\n        \"priceCurrency\": \"EUR\",\n        \"price\": \"7.00\",\n        \"itemCondition\": \"https:\\\/\\\/schema.org\\\/NewCondition\",\n        \"availability\": \"https:\\\/\\\/schema.org\\\/InStock\",\n        \"seller\": {\n            \"@type\": \"Organization\",\n            \"name\": \"Granducato Collection\"\n        }\n    },\n    \"sku\": \"CONFETTURA-FRAGOLA-PESCA-2X200G\"\n}<\/script><\/p>\n<h1>Domowy d\u017cem truskawkowo-brzoskwiniowy \u2013 Borgunto<\/h1>\n<h2>Opakowanie 2 s\u0142oik\u00f3w: autentyczny smak toska\u0144skiej wsi<\/h2>\n<p class=\"translation-block\">Ten <strong>rzemie\u015blniczy toska\u0144ski d\u017cem truskawkowo-brzoskwiniowy<\/strong> to ho\u0142d z\u0142o\u017cony s\u0142odyczy natury, produkowany przez <strong>Borgunto<\/strong> w <strong>Arezzo<\/strong> z <strong>dojrzewaj\u0105cych w s\u0142o\u0144cu owoc\u00f3w<\/strong>, cukru i naturalnej pektyny. Ka\u017cdy s\u0142oik zawiera a\u017c <strong>72% owoc\u00f3w<\/strong> i jest wolny od <strong>konserwant\u00f3w i barwnik\u00f3w<\/strong>, co zapewnia czysty, intensywny smak, szanuj\u0105cy tradycj\u0119.<\/p>\n<h3>Na zdrowe \u015bniadania, domowe desery lub jako dodatek do ser\u00f3w<\/h3>\n<p>Idealmente spalmata su pane tostato, mescolata nello yogurt o utilizzata come farcitura per crostate, questa confettura si rivela anche un <strong>accompagnamento raffinato per formaggi stagionati<\/strong>. La sua freschezza fruttata esalta sia i sapori semplici della colazione che quelli complessi della tavola gourmet.<\/p>\n<h3>W\u0142oski prezent dla smakoszy z kolekcji Granducato<\/h3>\n<p class=\"translation-block\">Zapakowany w dwa eleganckie 200-gramowe s\u0142oiki (truskawkowy i brzoskwiniowy), ten specja\u0142 idealnie nadaje si\u0119 na <strong>w\u0142oski prezent dla smakoszy<\/strong> dla mi\u0142o\u015bnik\u00f3w autentycznej kuchni. Jest cz\u0119\u015bci\u0105 <strong>Kolekcji Granducato<\/strong>, projektu, kt\u00f3ry celebruje toska\u0144sk\u0105 doskona\u0142o\u015b\u0107 rolno-spo\u017cywcz\u0105 poprzez rzemie\u015blnicze, identyfikowalne produkty zwi\u0105zane z tym regionem.<\/p>","protected":false},"excerpt":{"rendered":"<h1>Domowy d\u017cem truskawkowo-brzoskwiniowy<\/h1>\n<p class=\"translation-block\"><strong>Rzemie\u015blniczy toska\u0144ski d\u017cem truskawkowo-brzoskwiniowy<\/strong>, produkowany przez <strong>Borgunto<\/strong> w <strong>Arezzo<\/strong>. Wyprodukowany z <strong>owoc\u00f3w dojrzewaj\u0105cych w s\u0142o\u0144cu<\/strong>, <strong>w 72% z owoc\u00f3w<\/strong> i <strong>bez konserwant\u00f3w<\/strong>. Idealny na <strong>zdrowe \u015bniadania<\/strong>, domowe desery lub jako <strong>serowy dodatek<\/strong>. Opakowanie zawiera dwa s\u0142oiki po 200 g.<\/p>\n<p><!-- === PULSANTI CIRCOLARI AMAZON &#038; EBAY === --><\/p>\n<div style=\"margin: 20px 0; padding: 15px 0; display: flex; gap: 16px; justify-content: flex-start; flex-wrap: wrap;\">\n<p>  <!-- Amazon Circular Button --><br \/>\n  <a href=\"https:\/\/www.amazon.it\/Borgunto%C2%AE-Confettura-Fragole-Selezione-Territorio\/dp\/B0CL5CWKWN?ref_=ast_sto_dp&#038;th=1\" \n     target=\"_blank\" \n     rel=\"noopener noreferrer\" \n     style=\"display: flex; align-items: center; justify-content: center; width: 60px; height: 60px; border-radius: 50%; text-decoration: none !important; background: linear-gradient(135deg, #FF9900, #FFB14D); color: #232F3E; box-shadow: 0 4px 12px rgba(0,0,0,0.15); transition: all 0.3s ease; position: relative; border: 2px solid transparent;\"\n     onmouseover=\"this.style.transform='scale(1.08)'; this.style.boxShadow='0 6px 20px rgba(0,0,0,0.25)';\"\n     onmouseout=\"this.style.transform='scale(1)'; this.style.boxShadow='0 4px 12px rgba(0,0,0,0.15)';\"><br \/>\n    <img decoding=\"async\" src=\"https:\/\/cdn.iconscout.com\/icon\/free\/png-256\/free-amazon-logo-icon-svg-download-png-1583154.png?f=webp\" \n         alt=\"Amazon\" \n         style=\"width: 32px !important; height: 32px !important; object-fit: contain; display: block;\"><br \/>\n    <span style=\"position: absolute; bottom: -35px; left: 50%; transform: translateX(-50%); white-space: nowrap; font-size: 12px; font-weight: 600; color: #333; opacity: 0; transition: opacity 0.2s; pointer-events: none;\">Acquista su Amazon<\/span><br \/>\n  <\/a><\/p>\n<p>  <!-- eBay Circular Button --><br \/>\n  <a href=\"https:\/\/www.ebay.it\/itm\/376801152055?itmmeta=01KNME3GH112JJBCKJ82DFCAY9&#038;hash=item57bb194c37:g:~fEAAeSwQLZpS~3g\" \n     target=\"_blank\" \n     rel=\"noopener noreferrer\" \n     style=\"display: flex; align-items: center; justify-content: center; width: 60px; height: 60px; border-radius: 50%; text-decoration: none !important; background: linear-gradient(135deg, #E53238 0%, #0064D2 50%, #F5AF02 100%); background-size: 200% 200%; color: white; box-shadow: 0 4px 12px rgba(0,0,0,0.15); transition: all 0.3s ease; position: relative; border: 2px solid transparent;\"\n     onmouseover=\"this.style.transform='scale(1.08)'; this.style.boxShadow='0 6px 20px rgba(0,0,0,0.25)'; this.style.backgroundPosition='right center';\"\n     onmouseout=\"this.style.transform='scale(1)'; this.style.boxShadow='0 4px 12px rgba(0,0,0,0.15)'; this.style.backgroundPosition='left center';\"><br \/>\n    <img decoding=\"async\" src=\"https:\/\/storage.googleapis.com\/msgsndr\/z6XdTU91SOnHw123nyir\/media\/67c87de08123744ce68ae3c9.webp\" \n         alt=\"eBay\" \n         style=\"width: 32px !important; height: 32px !important; object-fit: contain; display: block;\"><br \/>\n    <span style=\"position: absolute; bottom: -35px; left: 50%; transform: translateX(-50%); white-space: nowrap; font-size: 12px; font-weight: 600; color: #333; opacity: 0; transition: opacity 0.2s; pointer-events: none;\">Acquista su eBay<\/span><br \/>\n  <\/a><\/p>\n<\/div>\n<p><!-- === FINE PULSANTI CIRCOLARI === --><\/p>","protected":false},"featured_media":11487,"template":"","meta":{"_acf_changed":false},"product_brand":[764],"product_cat":[845],"product_tag":[464,480,466,479,465,147,471,467,468,265,130],"class_list":{"0":"post-6470","1":"product","2":"type-product","3":"status-publish","4":"has-post-thumbnail","6":"product_brand-granducato-collection","7":"product_cat-confetture-e-specialita-gourmet","8":"product_tag-confettura","9":"product_tag-confettura-casalinga","10":"product_tag-confettura-di-fragola","11":"product_tag-confetture","12":"product_tag-fragola","13":"product_tag-fragole","14":"product_tag-gusto-classico","15":"product_tag-marmellata","16":"product_tag-marmellata-di-fragola","17":"product_tag-prodotto-artigianale","18":"product_tag-senza-conservanti","20":"first","21":"instock","22":"shipping-taxable","23":"purchasable","24":"product-type-simple"},"acf":[],"yoast_head":"<!-- This site is optimized with the Yoast SEO plugin v26.7 - https:\/\/yoast.com\/wordpress\/plugins\/seo\/ -->\n<title>B&amp;B Arezzo - Confettura Artigianale Fragola e Pesca \u2013 2 Vasetti da 200g | Borgunto - Granducato Gestioni<\/title>\n<meta name=\"description\" content=\"Acquista online su Granducato Collection la deliziosa Confettura di Pesche, perfetto per colazioni e merende golose. Scopri il gusto della tradizione!\" \/>\n<meta name=\"robots\" content=\"index, follow, max-snippet:-1, max-image-preview:large, max-video-preview:-1\" \/>\n<link rel=\"canonical\" href=\"https:\/\/www.granducatocollection.com\/pl\/product\/confetture-di-fragola-e-pesca\/\" \/>\n<meta property=\"og:locale\" content=\"pl_PL\" \/>\n<meta property=\"og:type\" content=\"article\" \/>\n<meta property=\"og:title\" content=\"B&amp;B Arezzo - Confettura Artigianale Fragola e Pesca \u2013 2 Vasetti da 200g | Borgunto - Granducato Gestioni\" \/>\n<meta property=\"og:description\" content=\"Acquista online su Granducato Collection la deliziosa Confettura di Pesche, perfetto per colazioni e merende golose. Scopri il gusto della tradizione!\" \/>\n<meta property=\"og:url\" content=\"https:\/\/www.granducatocollection.com\/pl\/product\/confetture-di-fragola-e-pesca\/\" \/>\n<meta property=\"og:site_name\" content=\"Granducato Collection\" \/>\n<meta property=\"article:modified_time\" content=\"2026-04-22T16:35:32+00:00\" \/>\n<meta property=\"og:image\" content=\"https:\/\/www.granducatocollection.com\/wp-content\/uploads\/2025\/04\/confettura_fragola.jpg\" \/>\n\t<meta property=\"og:image:width\" content=\"1297\" \/>\n\t<meta property=\"og:image:height\" content=\"1297\" \/>\n\t<meta property=\"og:image:type\" content=\"image\/jpeg\" \/>\n<meta name=\"twitter:card\" content=\"summary_large_image\" \/>\n<meta name=\"twitter:label1\" content=\"Szacowany czas czytania\" \/>\n\t<meta name=\"twitter:data1\" content=\"2 minuty\" \/>\n<script type=\"application\/ld+json\" class=\"yoast-schema-graph\">{\"@context\":\"https:\/\/schema.org\",\"@graph\":[{\"@type\":\"WebPage\",\"@id\":\"https:\/\/www.granducatocollection.com\/prodotto\/confetture-di-fragola-e-pesca\/\",\"url\":\"https:\/\/www.granducatocollection.com\/prodotto\/confetture-di-fragola-e-pesca\/\",\"name\":\"B&B Arezzo - Confettura Artigianale Fragola e Pesca \u2013 2 Vasetti da 200g | Borgunto - Granducato Gestioni\",\"isPartOf\":{\"@id\":\"https:\/\/www.granducatocollection.com\/#website\"},\"primaryImageOfPage\":{\"@id\":\"https:\/\/www.granducatocollection.com\/prodotto\/confetture-di-fragola-e-pesca\/#primaryimage\"},\"image\":{\"@id\":\"https:\/\/www.granducatocollection.com\/prodotto\/confetture-di-fragola-e-pesca\/#primaryimage\"},\"thumbnailUrl\":\"https:\/\/www.granducatocollection.com\/wp-content\/uploads\/2025\/04\/confettura_fragola.jpg\",\"datePublished\":\"2025-04-10T10:16:38+00:00\",\"dateModified\":\"2026-04-22T16:35:32+00:00\",\"description\":\"Acquista online su Granducato Collection la deliziosa Confettura di Pesche, perfetto per colazioni e merende golose. Scopri il gusto della tradizione!\",\"breadcrumb\":{\"@id\":\"https:\/\/www.granducatocollection.com\/prodotto\/confetture-di-fragola-e-pesca\/#breadcrumb\"},\"inLanguage\":\"pl-PL\",\"potentialAction\":[{\"@type\":\"ReadAction\",\"target\":[\"https:\/\/www.granducatocollection.com\/prodotto\/confetture-di-fragola-e-pesca\/\"]}]},{\"@type\":\"ImageObject\",\"inLanguage\":\"pl-PL\",\"@id\":\"https:\/\/www.granducatocollection.com\/prodotto\/confetture-di-fragola-e-pesca\/#primaryimage\",\"url\":\"https:\/\/www.granducatocollection.com\/wp-content\/uploads\/2025\/04\/confettura_fragola.jpg\",\"contentUrl\":\"https:\/\/www.granducatocollection.com\/wp-content\/uploads\/2025\/04\/confettura_fragola.jpg\",\"width\":1297,\"height\":1297},{\"@type\":\"BreadcrumbList\",\"@id\":\"https:\/\/www.granducatocollection.com\/prodotto\/confetture-di-fragola-e-pesca\/#breadcrumb\",\"itemListElement\":[{\"@type\":\"ListItem\",\"position\":1,\"name\":\"Home\",\"item\":\"https:\/\/www.granducatocollection.com\/\"},{\"@type\":\"ListItem\",\"position\":2,\"name\":\"Shop\",\"item\":\"https:\/\/www.granducatocollection.com\/negozio\/\"},{\"@type\":\"ListItem\",\"position\":3,\"name\":\"Confettura Artigianale Fragola e Pesca \u2013 2 Vasetti da 200g | Borgunto\"}]},{\"@type\":\"WebSite\",\"@id\":\"https:\/\/www.granducatocollection.com\/#website\",\"url\":\"https:\/\/www.granducatocollection.com\/\",\"name\":\"GranDucato Collection\",\"description\":\"Prenota la tua vacanza e vivi un&#039;esperienza unica\",\"potentialAction\":[{\"@type\":\"SearchAction\",\"target\":{\"@type\":\"EntryPoint\",\"urlTemplate\":\"https:\/\/www.granducatocollection.com\/?s={search_term_string}\"},\"query-input\":{\"@type\":\"PropertyValueSpecification\",\"valueRequired\":true,\"valueName\":\"search_term_string\"}}],\"inLanguage\":\"pl-PL\"}]}<\/script>\n<!-- \/ Yoast SEO plugin. -->","yoast_head_json":{"title":"B&B Arezzo - Confettura Artigianale Fragola e Pesca \u2013 2 Vasetti da 200g | Borgunto - Granducato Gestioni","description":"Acquista online su Granducato Collection la deliziosa Confettura di Pesche, perfetto per colazioni e merende golose. Scopri il gusto della tradizione!","robots":{"index":"index","follow":"follow","max-snippet":"max-snippet:-1","max-image-preview":"max-image-preview:large","max-video-preview":"max-video-preview:-1"},"canonical":"https:\/\/www.granducatocollection.com\/pl\/product\/confetture-di-fragola-e-pesca\/","og_locale":"pl_PL","og_type":"article","og_title":"B&B Arezzo - Confettura Artigianale Fragola e Pesca \u2013 2 Vasetti da 200g | Borgunto - Granducato Gestioni","og_description":"Acquista online su Granducato Collection la deliziosa Confettura di Pesche, perfetto per colazioni e merende golose. Scopri il gusto della tradizione!","og_url":"https:\/\/www.granducatocollection.com\/pl\/product\/confetture-di-fragola-e-pesca\/","og_site_name":"Granducato Collection","article_modified_time":"2026-04-22T16:35:32+00:00","og_image":[{"width":1297,"height":1297,"url":"https:\/\/www.granducatocollection.com\/wp-content\/uploads\/2025\/04\/confettura_fragola.jpg","type":"image\/jpeg"}],"twitter_card":"summary_large_image","twitter_misc":{"Szacowany czas czytania":"2 minuty"},"schema":{"@context":"https:\/\/schema.org","@graph":[{"@type":"WebPage","@id":"https:\/\/www.granducatocollection.com\/prodotto\/confetture-di-fragola-e-pesca\/","url":"https:\/\/www.granducatocollection.com\/prodotto\/confetture-di-fragola-e-pesca\/","name":"B&B Arezzo - Confettura Artigianale Fragola e Pesca \u2013 2 Vasetti da 200g | Borgunto - Granducato Gestioni","isPartOf":{"@id":"https:\/\/www.granducatocollection.com\/#website"},"primaryImageOfPage":{"@id":"https:\/\/www.granducatocollection.com\/prodotto\/confetture-di-fragola-e-pesca\/#primaryimage"},"image":{"@id":"https:\/\/www.granducatocollection.com\/prodotto\/confetture-di-fragola-e-pesca\/#primaryimage"},"thumbnailUrl":"https:\/\/www.granducatocollection.com\/wp-content\/uploads\/2025\/04\/confettura_fragola.jpg","datePublished":"2025-04-10T10:16:38+00:00","dateModified":"2026-04-22T16:35:32+00:00","description":"Acquista online su Granducato Collection la deliziosa Confettura di Pesche, perfetto per colazioni e merende golose. Scopri il gusto della tradizione!","breadcrumb":{"@id":"https:\/\/www.granducatocollection.com\/prodotto\/confetture-di-fragola-e-pesca\/#breadcrumb"},"inLanguage":"pl-PL","potentialAction":[{"@type":"ReadAction","target":["https:\/\/www.granducatocollection.com\/prodotto\/confetture-di-fragola-e-pesca\/"]}]},{"@type":"ImageObject","inLanguage":"pl-PL","@id":"https:\/\/www.granducatocollection.com\/prodotto\/confetture-di-fragola-e-pesca\/#primaryimage","url":"https:\/\/www.granducatocollection.com\/wp-content\/uploads\/2025\/04\/confettura_fragola.jpg","contentUrl":"https:\/\/www.granducatocollection.com\/wp-content\/uploads\/2025\/04\/confettura_fragola.jpg","width":1297,"height":1297},{"@type":"BreadcrumbList","@id":"https:\/\/www.granducatocollection.com\/prodotto\/confetture-di-fragola-e-pesca\/#breadcrumb","itemListElement":[{"@type":"ListItem","position":1,"name":"Home","item":"https:\/\/www.granducatocollection.com\/"},{"@type":"ListItem","position":2,"name":"Shop","item":"https:\/\/www.granducatocollection.com\/negozio\/"},{"@type":"ListItem","position":3,"name":"Confettura Artigianale Fragola e Pesca \u2013 2 Vasetti da 200g | Borgunto"}]},{"@type":"WebSite","@id":"https:\/\/www.granducatocollection.com\/#website","url":"https:\/\/www.granducatocollection.com\/","name":"GranDucato Collection","description":"Prenota la tua vacanza e vivi un&#039;esperienza unica","potentialAction":[{"@type":"SearchAction","target":{"@type":"EntryPoint","urlTemplate":"https:\/\/www.granducatocollection.com\/?s={search_term_string}"},"query-input":{"@type":"PropertyValueSpecification","valueRequired":true,"valueName":"search_term_string"}}],"inLanguage":"pl-PL"}]}},"_links":{"self":[{"href":"https:\/\/www.granducatocollection.com\/pl\/wp-json\/wp\/v2\/product\/6470","targetHints":{"allow":["GET"]}}],"collection":[{"href":"https:\/\/www.granducatocollection.com\/pl\/wp-json\/wp\/v2\/product"}],"about":[{"href":"https:\/\/www.granducatocollection.com\/pl\/wp-json\/wp\/v2\/types\/product"}],"wp:featuredmedia":[{"embeddable":true,"href":"https:\/\/www.granducatocollection.com\/pl\/wp-json\/wp\/v2\/media\/11487"}],"wp:attachment":[{"href":"https:\/\/www.granducatocollection.com\/pl\/wp-json\/wp\/v2\/media?parent=6470"}],"wp:term":[{"taxonomy":"product_brand","embeddable":true,"href":"https:\/\/www.granducatocollection.com\/pl\/wp-json\/wp\/v2\/product_brand?post=6470"},{"taxonomy":"product_cat","embeddable":true,"href":"https:\/\/www.granducatocollection.com\/pl\/wp-json\/wp\/v2\/product_cat?post=6470"},{"taxonomy":"product_tag","embeddable":true,"href":"https:\/\/www.granducatocollection.com\/pl\/wp-json\/wp\/v2\/product_tag?post=6470"}],"curies":[{"name":"wp","href":"https:\/\/api.w.org\/{rel}","templated":true}]}}