{"id":6461,"date":"2025-04-10T08:46:14","date_gmt":"2025-04-10T08:46:14","guid":{"rendered":"https:\/\/www.granducatocollection.com\/?post_type=product&#038;p=6461"},"modified":"2026-04-06T09:10:17","modified_gmt":"2026-04-06T09:10:17","slug":"offerta-prodotti-del-chianti","status":"publish","type":"product","link":"https:\/\/www.granducatocollection.com\/pl\/product\/offerta-prodotti-del-chianti\/","title":{"rendered":"Zestaw degustacyjny Chianti DOCG \u2013 wino, oliwa z oliwek extra virgin i d\u017cemy rzemie\u015blnicze | Borgunto"},"content":{"rendered":"<p><script type=\"application\/ld+json\">{\n    \"@context\": \"https:\\\/\\\/schema.org\",\n    \"@type\": \"Product\",\n    \"@id\": \"https:\\\/\\\/www.granducatocollection.com\\\/prodotto\\\/offerta-prodotti-del-chianti\\\/\",\n    \"name\": \"Offerta Prodotti del Chianti \\u2013 Borgunto\",\n    \"image\": \"https:\\\/\\\/www.granducatocollection.com\\\/wp-content\\\/uploads\\\/2026\\\/01\\\/offerta-prodotti-del-chianti-borgunto.jpg\",\n    \"description\": \"Offerta enogastronomica con Chianti DOCG e olio extravergine d\\u2019oliva toscano, prodotti artigianali di Borgunto ad Arezzo. Perfetta come regalo enogastronomico Toscana, con confezione regalo e spedizione in 24\\u201348h.\",\n    \"brand\": {\n        \"@type\": \"Organization\",\n        \"name\": \"Borgunto\"\n    },\n    \"offers\": {\n        \"@type\": \"Offer\",\n        \"url\": \"https:\\\/\\\/www.granducatocollection.com\\\/prodotto\\\/offerta-prodotti-del-chianti\\\/\",\n        \"priceCurrency\": \"EUR\",\n        \"price\": \"45.00\",\n        \"itemCondition\": \"https:\\\/\\\/schema.org\\\/NewCondition\",\n        \"availability\": \"https:\\\/\\\/schema.org\\\/InStock\",\n        \"seller\": {\n            \"@type\": \"Organization\",\n            \"name\": \"Granducato Collection\"\n        }\n    },\n    \"sku\": \"OFFERTA-PRODOTTI-DEL-CHIANTI\"\n}<\/script><\/p>\n<h1>Oferta produkt\u00f3w Chianti \u2013 Borgunto<\/h1>\n<h2>Podr\u00f3\u017c kulinarna i winna przez autentyczn\u0105 Toskani\u0119 z Arezzo<\/h2>\n<p class=\"translation-block\">Ta <strong>Oferta Produkt\u00f3w z Chianti<\/strong> jest ho\u0142dem dla najbardziej autentycznych smak\u00f3w <strong>Toskanii<\/strong>. Starannie przygotowana przez <strong>Borgunto<\/strong> w <strong>Arezzo<\/strong> i b\u0119d\u0105ca cz\u0119\u015bci\u0105 kolekcji <strong>Granducato Collection<\/strong>, zawiera selekcj\u0119 <strong>typowych produkt\u00f3w toska\u0144skich<\/strong>: butelk\u0119 <strong>Chianti DOCG<\/strong> oraz wyborny <strong>toska\u0144ski oliw\u0119 z oliwek z pierwszego t\u0142oczenia<\/strong>, oba wykonane tradycyjnymi metodami z surowcami pochodz\u0105cymi z kontrolowanego pochodzenia.<\/p>\n<h3>Idealny wyb\u00f3r na prezent w postaci toska\u0144skiego jedzenia i wina<\/h3>\n<p class=\"translation-block\">Elegancki, kompletny i gotowy do wr\u0119czenia, ten zestaw idealnie sprawdzi si\u0119 jako prezent z toska\u0144skim jedzeniem i winem na specjalne okazje, Bo\u017ce Narodzenie lub po prostu jako mi\u0142y gest. Ka\u017cdy pakiet jest r\u0119cznie sk\u0142adany i prezentowany w eleganckim pude\u0142ku prezentowym, gotowym zaskoczy\u0107 ka\u017cdego mi\u0142o\u015bnika wykwintnej w\u0142oskiej kuchni.<\/p>\n<h3>Szybka wysy\u0142ka i dba\u0142o\u015b\u0107 o ka\u017cdy szczeg\u00f3\u0142<\/h3>\n<p class=\"translation-block\">Zam\u00f3w ju\u017c dzi\u015b i odbierz paczk\u0119 w ci\u0105gu zaledwie 24\u201348 godzin. Szybka wysy\u0142ka w po\u0142\u0105czeniu z rzemie\u015blnicz\u0105 jako\u015bci\u0105 ka\u017cdego produktu gwarantuj\u0105 perfekcyjne zakupy. Prosty spos\u00f3b, aby zago\u015bci\u0107 w Toskanii na swoim stole lub stole bliskiej osoby.<\/p>","protected":false},"excerpt":{"rendered":"<h1>Oferta produkt\u00f3w Chianti<\/h1>\n<h2>Co obejmuje oferta Chianti Products?<\/h2>\n<p>Nasza oferta produkt\u00f3w Chianti przeznaczona jest dla mi\u0142o\u015bnik\u00f3w autentycznych smak\u00f3w Toskanii...<\/p>\n<h2>Idealny na prezent lub na spotkanie z jedzeniem i winem<\/h2>\n<p>W pakiecie znajduje si\u0119 butelka Chianti DOCG, toska\u0144skiej oliwy z oliwek extra virgin...<\/p>\n<h2>Szybka wysy\u0142ka i pakowanie na prezent<\/h2>\n<p>Zam\u00f3w ofert\u0119 produkt\u00f3w Chianti ju\u017c dzi\u015b i odbierz j\u0105 w ci\u0105gu 24\u201348 godzin...<\/p>","protected":false},"featured_media":11373,"template":"","meta":{"_acf_changed":false},"product_brand":[764],"product_cat":[843],"product_tag":[728,724,589,723,725,560,346,722,729,726,496,421,427,727,679],"class_list":{"0":"post-6461","1":"product","2":"type-product","3":"status-publish","4":"has-post-thumbnail","6":"product_brand-granducato-collection","7":"product_cat-box-e-degustazioni","8":"product_tag-assaggio-vino-olio-marmellata","9":"product_tag-box-assaggio","10":"product_tag-confezione-regalo","11":"product_tag-degustazione-chianti","12":"product_tag-enogastronomia-toscana","13":"product_tag-made-in-italy","14":"product_tag-marmellata-artigianale","15":"product_tag-olio-extravergine-di-oliva","16":"product_tag-prodotti-artigianali-toscani","17":"product_tag-prodotti-deccellenza","18":"product_tag-prodotti-locali","19":"product_tag-prodotti-tipici-toscani","20":"product_tag-regalo-gourmet","21":"product_tag-specialita-chianti","22":"product_tag-vino-chianti","24":"first","25":"instock","26":"shipping-taxable","27":"purchasable","28":"product-type-simple"},"acf":[],"yoast_head":"<!-- This site is optimized with the Yoast SEO plugin v26.7 - https:\/\/yoast.com\/wordpress\/plugins\/seo\/ -->\n<title>B&amp;B Arezzo - Offerta Prodotti del Chianti \u2013 Granducato Collection<\/title>\n<meta name=\"description\" content=\"Assapora la Toscana con l&#039;Assaggio del Chianti: vino rosso, olio EVO e marmellata artigianale direttamente da Arezzo. Spedizione inclusa, gusto autentico.\" \/>\n<meta name=\"robots\" content=\"index, follow, max-snippet:-1, max-image-preview:large, max-video-preview:-1\" \/>\n<link rel=\"canonical\" href=\"https:\/\/www.granducatocollection.com\/pl\/product\/offerta-prodotti-del-chianti\/\" \/>\n<meta property=\"og:locale\" content=\"pl_PL\" \/>\n<meta property=\"og:type\" content=\"article\" \/>\n<meta property=\"og:title\" content=\"B&amp;B Arezzo - Offerta Prodotti del Chianti \u2013 Granducato Collection\" \/>\n<meta property=\"og:description\" content=\"Assapora la Toscana con l&#039;Assaggio del Chianti: vino rosso, olio EVO e marmellata artigianale direttamente da Arezzo. Spedizione inclusa, gusto autentico.\" \/>\n<meta property=\"og:url\" content=\"https:\/\/www.granducatocollection.com\/pl\/product\/offerta-prodotti-del-chianti\/\" \/>\n<meta property=\"og:site_name\" content=\"Granducato Collection\" \/>\n<meta property=\"article:modified_time\" content=\"2026-04-06T09:10:17+00:00\" \/>\n<meta property=\"og:image\" content=\"https:\/\/www.granducatocollection.com\/wp-content\/uploads\/2025\/04\/Offerta-prodotti-chianti-granducatogestioni-borgunto-arezzo-firenze-toscana-beb-alloggi-300x300-1.webp\" \/>\n\t<meta property=\"og:image:width\" content=\"300\" \/>\n\t<meta property=\"og:image:height\" content=\"300\" \/>\n\t<meta property=\"og:image:type\" content=\"image\/webp\" \/>\n<meta name=\"twitter:card\" content=\"summary_large_image\" \/>\n<meta name=\"twitter:label1\" content=\"Szacowany czas czytania\" \/>\n\t<meta name=\"twitter:data1\" content=\"2 minuty\" \/>\n<script type=\"application\/ld+json\" class=\"yoast-schema-graph\">{\"@context\":\"https:\/\/schema.org\",\"@graph\":[{\"@type\":\"WebPage\",\"@id\":\"https:\/\/www.granducatocollection.com\/prodotto\/offerta-prodotti-del-chianti\/\",\"url\":\"https:\/\/www.granducatocollection.com\/prodotto\/offerta-prodotti-del-chianti\/\",\"name\":\"B&B Arezzo - Offerta Prodotti del Chianti \u2013 Granducato Collection\",\"isPartOf\":{\"@id\":\"https:\/\/www.granducatocollection.com\/#website\"},\"primaryImageOfPage\":{\"@id\":\"https:\/\/www.granducatocollection.com\/prodotto\/offerta-prodotti-del-chianti\/#primaryimage\"},\"image\":{\"@id\":\"https:\/\/www.granducatocollection.com\/prodotto\/offerta-prodotti-del-chianti\/#primaryimage\"},\"thumbnailUrl\":\"https:\/\/www.granducatocollection.com\/wp-content\/uploads\/2025\/04\/offerta-prodotti-chianti-granducatogestioni-borgunto-arezzo-firenze-toscana-beb-alloggi-300x300-1.webp\",\"datePublished\":\"2025-04-10T08:46:14+00:00\",\"dateModified\":\"2026-04-06T09:10:17+00:00\",\"description\":\"Assapora la Toscana con l'Assaggio del Chianti: vino rosso, olio EVO e marmellata artigianale direttamente da Arezzo. Spedizione inclusa, gusto autentico.\",\"breadcrumb\":{\"@id\":\"https:\/\/www.granducatocollection.com\/prodotto\/offerta-prodotti-del-chianti\/#breadcrumb\"},\"inLanguage\":\"pl-PL\",\"potentialAction\":[{\"@type\":\"ReadAction\",\"target\":[\"https:\/\/www.granducatocollection.com\/prodotto\/offerta-prodotti-del-chianti\/\"]}]},{\"@type\":\"ImageObject\",\"inLanguage\":\"pl-PL\",\"@id\":\"https:\/\/www.granducatocollection.com\/prodotto\/offerta-prodotti-del-chianti\/#primaryimage\",\"url\":\"https:\/\/www.granducatocollection.com\/wp-content\/uploads\/2025\/04\/offerta-prodotti-chianti-granducatogestioni-borgunto-arezzo-firenze-toscana-beb-alloggi-300x300-1.webp\",\"contentUrl\":\"https:\/\/www.granducatocollection.com\/wp-content\/uploads\/2025\/04\/offerta-prodotti-chianti-granducatogestioni-borgunto-arezzo-firenze-toscana-beb-alloggi-300x300-1.webp\",\"width\":300,\"height\":300,\"caption\":\"Offerta Prodotti del Chianti Granducato Collection\"},{\"@type\":\"BreadcrumbList\",\"@id\":\"https:\/\/www.granducatocollection.com\/prodotto\/offerta-prodotti-del-chianti\/#breadcrumb\",\"itemListElement\":[{\"@type\":\"ListItem\",\"position\":1,\"name\":\"Home\",\"item\":\"https:\/\/www.granducatocollection.com\/\"},{\"@type\":\"ListItem\",\"position\":2,\"name\":\"Shop\",\"item\":\"https:\/\/www.granducatocollection.com\/negozio\/\"},{\"@type\":\"ListItem\",\"position\":3,\"name\":\"Box Assaggio Chianti DOCG \u2013 Vino, Olio EVO e Marmellate Artigianali | Borgunto\"}]},{\"@type\":\"WebSite\",\"@id\":\"https:\/\/www.granducatocollection.com\/#website\",\"url\":\"https:\/\/www.granducatocollection.com\/\",\"name\":\"GranDucato Collection\",\"description\":\"Prenota la tua vacanza e vivi un&#039;esperienza unica\",\"potentialAction\":[{\"@type\":\"SearchAction\",\"target\":{\"@type\":\"EntryPoint\",\"urlTemplate\":\"https:\/\/www.granducatocollection.com\/?s={search_term_string}\"},\"query-input\":{\"@type\":\"PropertyValueSpecification\",\"valueRequired\":true,\"valueName\":\"search_term_string\"}}],\"inLanguage\":\"pl-PL\"}]}<\/script>\n<!-- \/ Yoast SEO plugin. -->","yoast_head_json":{"title":"B&B Arezzo - Offerta Prodotti del Chianti \u2013 Granducato Collection","description":"Assapora la Toscana con l'Assaggio del Chianti: vino rosso, olio EVO e marmellata artigianale direttamente da Arezzo. Spedizione inclusa, gusto autentico.","robots":{"index":"index","follow":"follow","max-snippet":"max-snippet:-1","max-image-preview":"max-image-preview:large","max-video-preview":"max-video-preview:-1"},"canonical":"https:\/\/www.granducatocollection.com\/pl\/product\/offerta-prodotti-del-chianti\/","og_locale":"pl_PL","og_type":"article","og_title":"B&B Arezzo - Offerta Prodotti del Chianti \u2013 Granducato Collection","og_description":"Assapora la Toscana con l'Assaggio del Chianti: vino rosso, olio EVO e marmellata artigianale direttamente da Arezzo. Spedizione inclusa, gusto autentico.","og_url":"https:\/\/www.granducatocollection.com\/pl\/product\/offerta-prodotti-del-chianti\/","og_site_name":"Granducato Collection","article_modified_time":"2026-04-06T09:10:17+00:00","og_image":[{"width":300,"height":300,"url":"https:\/\/www.granducatocollection.com\/wp-content\/uploads\/2025\/04\/Offerta-prodotti-chianti-granducatogestioni-borgunto-arezzo-firenze-toscana-beb-alloggi-300x300-1.webp","type":"image\/webp"}],"twitter_card":"summary_large_image","twitter_misc":{"Szacowany czas czytania":"2 minuty"},"schema":{"@context":"https:\/\/schema.org","@graph":[{"@type":"WebPage","@id":"https:\/\/www.granducatocollection.com\/prodotto\/offerta-prodotti-del-chianti\/","url":"https:\/\/www.granducatocollection.com\/prodotto\/offerta-prodotti-del-chianti\/","name":"B&B Arezzo - Offerta Prodotti del Chianti \u2013 Granducato Collection","isPartOf":{"@id":"https:\/\/www.granducatocollection.com\/#website"},"primaryImageOfPage":{"@id":"https:\/\/www.granducatocollection.com\/prodotto\/offerta-prodotti-del-chianti\/#primaryimage"},"image":{"@id":"https:\/\/www.granducatocollection.com\/prodotto\/offerta-prodotti-del-chianti\/#primaryimage"},"thumbnailUrl":"https:\/\/www.granducatocollection.com\/wp-content\/uploads\/2025\/04\/offerta-prodotti-chianti-granducatogestioni-borgunto-arezzo-firenze-toscana-beb-alloggi-300x300-1.webp","datePublished":"2025-04-10T08:46:14+00:00","dateModified":"2026-04-06T09:10:17+00:00","description":"Assapora la Toscana con l'Assaggio del Chianti: vino rosso, olio EVO e marmellata artigianale direttamente da Arezzo. Spedizione inclusa, gusto autentico.","breadcrumb":{"@id":"https:\/\/www.granducatocollection.com\/prodotto\/offerta-prodotti-del-chianti\/#breadcrumb"},"inLanguage":"pl-PL","potentialAction":[{"@type":"ReadAction","target":["https:\/\/www.granducatocollection.com\/prodotto\/offerta-prodotti-del-chianti\/"]}]},{"@type":"ImageObject","inLanguage":"pl-PL","@id":"https:\/\/www.granducatocollection.com\/prodotto\/offerta-prodotti-del-chianti\/#primaryimage","url":"https:\/\/www.granducatocollection.com\/wp-content\/uploads\/2025\/04\/offerta-prodotti-chianti-granducatogestioni-borgunto-arezzo-firenze-toscana-beb-alloggi-300x300-1.webp","contentUrl":"https:\/\/www.granducatocollection.com\/wp-content\/uploads\/2025\/04\/offerta-prodotti-chianti-granducatogestioni-borgunto-arezzo-firenze-toscana-beb-alloggi-300x300-1.webp","width":300,"height":300,"caption":"Offerta Prodotti del Chianti Granducato Collection"},{"@type":"BreadcrumbList","@id":"https:\/\/www.granducatocollection.com\/prodotto\/offerta-prodotti-del-chianti\/#breadcrumb","itemListElement":[{"@type":"ListItem","position":1,"name":"Home","item":"https:\/\/www.granducatocollection.com\/"},{"@type":"ListItem","position":2,"name":"Shop","item":"https:\/\/www.granducatocollection.com\/negozio\/"},{"@type":"ListItem","position":3,"name":"Box Assaggio Chianti DOCG \u2013 Vino, Olio EVO e Marmellate Artigianali | Borgunto"}]},{"@type":"WebSite","@id":"https:\/\/www.granducatocollection.com\/#website","url":"https:\/\/www.granducatocollection.com\/","name":"GranDucato Collection","description":"Prenota la tua vacanza e vivi un&#039;esperienza unica","potentialAction":[{"@type":"SearchAction","target":{"@type":"EntryPoint","urlTemplate":"https:\/\/www.granducatocollection.com\/?s={search_term_string}"},"query-input":{"@type":"PropertyValueSpecification","valueRequired":true,"valueName":"search_term_string"}}],"inLanguage":"pl-PL"}]}},"_links":{"self":[{"href":"https:\/\/www.granducatocollection.com\/pl\/wp-json\/wp\/v2\/product\/6461","targetHints":{"allow":["GET"]}}],"collection":[{"href":"https:\/\/www.granducatocollection.com\/pl\/wp-json\/wp\/v2\/product"}],"about":[{"href":"https:\/\/www.granducatocollection.com\/pl\/wp-json\/wp\/v2\/types\/product"}],"wp:featuredmedia":[{"embeddable":true,"href":"https:\/\/www.granducatocollection.com\/pl\/wp-json\/wp\/v2\/media\/11373"}],"wp:attachment":[{"href":"https:\/\/www.granducatocollection.com\/pl\/wp-json\/wp\/v2\/media?parent=6461"}],"wp:term":[{"taxonomy":"product_brand","embeddable":true,"href":"https:\/\/www.granducatocollection.com\/pl\/wp-json\/wp\/v2\/product_brand?post=6461"},{"taxonomy":"product_cat","embeddable":true,"href":"https:\/\/www.granducatocollection.com\/pl\/wp-json\/wp\/v2\/product_cat?post=6461"},{"taxonomy":"product_tag","embeddable":true,"href":"https:\/\/www.granducatocollection.com\/pl\/wp-json\/wp\/v2\/product_tag?post=6461"}],"curies":[{"name":"wp","href":"https:\/\/api.w.org\/{rel}","templated":true}]}}