{"id":6569,"date":"2025-04-14T09:40:32","date_gmt":"2025-04-14T09:40:32","guid":{"rendered":"https:\/\/www.granducatocollection.com\/?page_id=6569"},"modified":"2025-10-16T10:53:37","modified_gmt":"2025-10-16T10:53:37","slug":"black-car-granducato-navetta-privata-toscana","status":"publish","type":"page","link":"https:\/\/www.granducatocollection.com\/pl\/black-car-granducato-navetta-privata-toscana\/","title":{"rendered":"Transfery"},"content":{"rendered":"<h1 class=\"\" data-start=\"503\" data-end=\"583\">Prywatny autobus Toskania \u2013 Czarny samoch\u00f3d Granducato<\/h1>\n<p><center><img decoding=\"async\" class=\"lazyload alignnone size-full wp-image-6572\" src=\"data:image\/svg+xml,%3Csvg%20xmlns%3D%27http%3A%2F%2Fwww.w3.org%2F2000%2Fsvg%27%20width%3D%27400%27%20height%3D%27351%27%20viewBox%3D%270%200%20400%20351%27%3E%3Crect%20width%3D%27400%27%20height%3D%27351%27%20fill-opacity%3D%220%22%2F%3E%3C%2Fsvg%3E\" data-orig-src=\"https:\/\/www.granducatocollection.com\/wp-content\/uploads\/2025\/04\/black-car-granducato-arezzo-toscana-viareggio-affittacamere-bb.jpg\" alt=\"\" width=\"400\" height=\"351\" \/><\/center><\/p>\n<p>Szukasz prywatnego busa w Toskanii? Black Car Granducato oferuje eleganckie, szyte na miar\u0119 transfery z Arezzo, Florencji, Sieny i innych toska\u0144skich miast do Rzymu, Mediolanu i Turynu.<\/p>\n<p class=\"translation-block\" data-start=\"585\" data-end=\"1013\">Je\u015bli pragniesz podr\u00f3\u017cowa\u0107 z klas\u0105, komfortem i punktualno\u015bci\u0105, us\u0142uga <strong data-start=\"653\" data-end=\"677\">Transfer<\/strong> to idealny wyb\u00f3r. Oferowana przez <strong data-start=\"709\" data-end=\"732\">Granducato Gestioni<\/strong>, ta ekskluzywna us\u0142uga transportu jest przeznaczona do dalekobie\u017cnych przejazd\u00f3w do g\u0142\u00f3wnych w\u0142oskich miast, takich jak <strong data-start=\"853\" data-end=\"878\">Rzym, Mediolan i Turyn<\/strong>, z wyjazdem z najbardziej urokliwych miejscowo\u015bci <strong data-start=\"931\" data-end=\"942\">Toskanii<\/strong>, w tym <strong data-start=\"952\" data-end=\"1012\">Arezzo, Florencji, Viareggio, Sieny, Lukki i Montepulciano<\/strong>.<\/p>\n<p class=\"translation-block\" data-start=\"1015\" data-end=\"1245\">Dzi\u0119ki <strong data-start=\"1028\" data-end=\"1074\">przejrzystej taryfie w wysoko\u015bci 2,20 \u20ac za kilometr<\/strong> oraz mo\u017cliwo\u015bci <strong data-start=\"1097\" data-end=\"1138\">prostej i szybkiej rezerwacji online<\/strong>, Black Car Granducato jest idealne dla tych, kt\u00f3rzy chc\u0105 skorzysta\u0107 z prywatnej, bezpiecznej i profesjonalnej us\u0142ugi.<\/p>\n<hr class=\"\" data-start=\"1247\" data-end=\"1250\" \/>\n<h3 class=\"\" data-start=\"1252\" data-end=\"1299\"><strong data-start=\"1256\" data-end=\"1299\">Komfort i dyskrecja w ka\u017cdym calu<\/strong><\/h3>\n<p class=\"\" data-start=\"1301\" data-end=\"1524\">Naszym priorytetem jest komfort pasa\u017cer\u00f3w. Niezale\u017cnie od tego, czy jeste\u015b turyst\u0105, biznesmenem, czy wymagaj\u0105cym podr\u00f3\u017cnikiem, Black Car Granducato gwarantuje idealne wra\u017cenia, dopasowane do Twoich potrzeb.<\/p>\n<p class=\"translation-block\" data-start=\"1526\" data-end=\"1747\">Wielu go\u015bci <strong data-start=\"1559\" data-end=\"1593\">B&amp;B i pensjonat\u00f3w w Toskanii<\/strong> wybiera wygod\u0119 naszych us\u0142ug, polegaj\u0105c na jako\u015bci i poufno\u015bci, kt\u00f3re zawsze charakteryzowa\u0142y ofert\u0119 <strong data-start=\"1723\" data-end=\"1746\">Granducato Gestioni<\/strong>.<\/p>\n<hr class=\"\" data-start=\"1749\" data-end=\"1752\" \/>\n<h3 class=\"\" data-start=\"1754\" data-end=\"1797\"><strong data-start=\"1758\" data-end=\"1797\">Zasi\u0119g i g\u0142\u00f3wne kierunki<\/strong><\/h3>\n<p class=\"translation-block\" data-start=\"1799\" data-end=\"1850\">Oferujemy bezpo\u015brednie po\u0142\u0105czenia, po dokonaniu rezerwacji, z <strong data-start=\"1854\" data-end=\"1864\">Arezzo<\/strong>, serca autentycznej Toskanii<\/p>\n<p class=\"\" data-start=\"2144\" data-end=\"2168\">Do miejsc docelowych takich jak:<\/p>\n<ul data-start=\"2170\" data-end=\"2343\">\n<li class=\"\" data-start=\"2170\" data-end=\"2220\">\n<p class=\"translation-block\" data-start=\"2172\" data-end=\"2220\"><strong data-start=\"2172\" data-end=\"2180\">Rzym<\/strong>, dla os\u00f3b podr\u00f3\u017cuj\u0105cych s\u0142u\u017cbowo lub turystycznie<\/p>\n<\/li>\n<li class=\"\" data-start=\"2221\" data-end=\"2286\">\n<p class=\"translation-block\" data-start=\"2223\" data-end=\"2286\"><strong data-start=\"2223\" data-end=\"2233\">Mediolan<\/strong>, stolica mody i wydarze\u0144 mi\u0119dzynarodowych<\/p>\n<\/li>\n<li class=\"\" data-start=\"2287\" data-end=\"2343\">\n<p class=\"translation-block\" data-start=\"2289\" data-end=\"2343\"><strong data-start=\"2289\" data-end=\"2299\">Turyn<\/strong>, eleganckie miasto o silnym europejskim charakterze<\/p>\n<\/li>\n<\/ul>\n<hr class=\"\" data-start=\"2345\" data-end=\"2348\" \/>\n<h3 class=\"\" data-start=\"2350\" data-end=\"2370\"><strong data-start=\"2354\" data-end=\"2370\">Rezerwacje<\/strong><\/h3>\n<p class=\"translation-block\" data-start=\"2372\" data-end=\"2615\">Us\u0142uga jest dost\u0119pna <strong data-start=\"2398\" data-end=\"2417\">po uprzedniej rezerwacji<\/strong>, o ka\u017cdej porze dnia. Mo\u017cesz <strong data-start=\"2461\" data-end=\"2504\">zapyta\u0107 o spersonalizowan\u0105 wycen\u0119<\/strong> lub dokona\u0107 rezerwacji bezpo\u015brednio za pomoc\u0105 dedykowanego formularza na dole tej strony.<\/p>\n<hr class=\"\" data-start=\"2617\" data-end=\"2620\" \/>\n<h3 class=\"\" data-start=\"2622\" data-end=\"2667\"><strong data-start=\"2626\" data-end=\"2667\">Dlaczego warto wybra\u0107 Black Car Granducato<\/strong><\/h3>\n<ul data-start=\"2669\" data-end=\"2966\">\n<li class=\"\" data-start=\"2669\" data-end=\"2715\">\n<p class=\"\" data-start=\"2671\" data-end=\"2715\">Us\u0142uga szyta na miar\u0119, prywatna i komfortowa<\/p>\n<\/li>\n<li class=\"\" data-start=\"2716\" data-end=\"2752\">\n<p class=\"translation-block\" data-start=\"2718\" data-end=\"2752\">Wyjazdy z ca\u0142ej <strong data-start=\"2739\" data-end=\"2750\">Toskanii<\/strong><\/p>\n<\/li>\n<li class=\"\" data-start=\"2753\" data-end=\"2801\">\n<p class=\"translation-block\" data-start=\"2755\" data-end=\"2801\">Idealne dla go\u015bci <strong data-start=\"2776\" data-end=\"2799\">pensjonat\u00f3w i pensjonat\u00f3w<\/strong><\/p>\n<\/li>\n<li class=\"\" data-start=\"2802\" data-end=\"2866\">\n<p class=\"translation-block\" data-start=\"2804\" data-end=\"2866\">Zarz\u0105dzane przez <strong data-start=\"2815\" data-end=\"2838\">Granducato Gestioni<\/strong>, gwarancja niezawodno\u015bci<\/p>\n<\/li>\n<li class=\"\" data-start=\"2867\" data-end=\"2913\">\n<p class=\"\" data-start=\"2869\" data-end=\"2913\">Ci\u0105g\u0142a pomoc i gwarantowana punktualno\u015b\u0107<\/p>\n<\/li>\n<li class=\"\" data-start=\"2914\" data-end=\"2966\">\n<p class=\"\" data-start=\"2916\" data-end=\"2966\">Szybka i \u0142atwa rezerwacja poprzez formularz online<\/p>\n<\/li>\n<\/ul>","protected":false},"excerpt":{"rendered":"<p>Navetta Privata Toscana \u2013 Black Car Granducato Cerchi una navetta privata in Toscana? Il servizio Black Car Granducato offre transfer eleganti e su misura da Arezzo, Firenze, Siena e altre citt\u00e0 toscane verso Roma, Milano e Torino. Se desideri viaggiare [...]<\/p>\n","protected":false},"author":1,"featured_media":0,"parent":0,"menu_order":0,"comment_status":"closed","ping_status":"closed","template":"","meta":{"_acf_changed":false,"footnotes":""},"class_list":["post-6569","page","type-page","status-publish","hentry"],"acf":[],"yoast_head":"<!-- This site is optimized with the Yoast SEO plugin v26.7 - https:\/\/yoast.com\/wordpress\/plugins\/seo\/ -->\n<title>B&amp;B Arezzo - Navetta Privata Toscana | Granducato Collection<\/title>\n<meta name=\"description\" content=\"Transfer privato da Arezzo e Toscana verso Roma, Milano, Torino. Tariffa trasparente. Prenota online la tua navetta elegante e su misura\" \/>\n<meta name=\"robots\" content=\"index, follow, max-snippet:-1, max-image-preview:large, max-video-preview:-1\" \/>\n<link rel=\"canonical\" href=\"https:\/\/www.granducatocollection.com\/pl\/black-car-granducato-navetta-privata-toscana\/\" \/>\n<meta property=\"og:locale\" content=\"pl_PL\" \/>\n<meta property=\"og:type\" content=\"article\" \/>\n<meta property=\"og:title\" content=\"B&amp;B Arezzo - Navetta Privata Toscana | Granducato Collection\" \/>\n<meta property=\"og:description\" content=\"Transfer privato da Arezzo e Toscana verso Roma, Milano, Torino. Tariffa trasparente. Prenota online la tua navetta elegante e su misura\" \/>\n<meta property=\"og:url\" content=\"https:\/\/www.granducatocollection.com\/pl\/black-car-granducato-navetta-privata-toscana\/\" \/>\n<meta property=\"og:site_name\" content=\"Granducato Collection\" \/>\n<meta property=\"article:modified_time\" content=\"2025-10-16T10:53:37+00:00\" \/>\n<meta property=\"og:image\" content=\"https:\/\/www.granducatocollection.com\/wp-content\/uploads\/2025\/04\/black-car-granducato-arezzo-toscana-viareggio-affittacamere-bb.jpg\" \/>\n<meta name=\"twitter:card\" content=\"summary_large_image\" \/>\n<meta name=\"twitter:label1\" content=\"Szacowany czas czytania\" \/>\n\t<meta name=\"twitter:data1\" content=\"2 minuty\" \/>\n<script type=\"application\/ld+json\" class=\"yoast-schema-graph\">{\"@context\":\"https:\/\/schema.org\",\"@graph\":[{\"@type\":\"WebPage\",\"@id\":\"https:\/\/www.granducatocollection.com\/black-car-granducato-navetta-privata-toscana\/\",\"url\":\"https:\/\/www.granducatocollection.com\/black-car-granducato-navetta-privata-toscana\/\",\"name\":\"B&B Arezzo - Navetta Privata Toscana | Granducato Collection\",\"isPartOf\":{\"@id\":\"https:\/\/www.granducatocollection.com\/#website\"},\"primaryImageOfPage\":{\"@id\":\"https:\/\/www.granducatocollection.com\/black-car-granducato-navetta-privata-toscana\/#primaryimage\"},\"image\":{\"@id\":\"https:\/\/www.granducatocollection.com\/black-car-granducato-navetta-privata-toscana\/#primaryimage\"},\"thumbnailUrl\":\"https:\/\/www.granducatocollection.com\/wp-content\/uploads\/2025\/04\/black-car-granducato-arezzo-toscana-viareggio-affittacamere-bb.jpg\",\"datePublished\":\"2025-04-14T09:40:32+00:00\",\"dateModified\":\"2025-10-16T10:53:37+00:00\",\"description\":\"Transfer privato da Arezzo e Toscana verso Roma, Milano, Torino. Tariffa trasparente. Prenota online la tua navetta elegante e su misura\",\"breadcrumb\":{\"@id\":\"https:\/\/www.granducatocollection.com\/black-car-granducato-navetta-privata-toscana\/#breadcrumb\"},\"inLanguage\":\"pl-PL\",\"potentialAction\":[{\"@type\":\"ReadAction\",\"target\":[\"https:\/\/www.granducatocollection.com\/black-car-granducato-navetta-privata-toscana\/\"]}]},{\"@type\":\"ImageObject\",\"inLanguage\":\"pl-PL\",\"@id\":\"https:\/\/www.granducatocollection.com\/black-car-granducato-navetta-privata-toscana\/#primaryimage\",\"url\":\"https:\/\/www.granducatocollection.com\/wp-content\/uploads\/2025\/04\/black-car-granducato-arezzo-toscana-viareggio-affittacamere-bb.jpg\",\"contentUrl\":\"https:\/\/www.granducatocollection.com\/wp-content\/uploads\/2025\/04\/black-car-granducato-arezzo-toscana-viareggio-affittacamere-bb.jpg\"},{\"@type\":\"BreadcrumbList\",\"@id\":\"https:\/\/www.granducatocollection.com\/black-car-granducato-navetta-privata-toscana\/#breadcrumb\",\"itemListElement\":[{\"@type\":\"ListItem\",\"position\":1,\"name\":\"Home\",\"item\":\"https:\/\/www.granducatocollection.com\/\"},{\"@type\":\"ListItem\",\"position\":2,\"name\":\"Transfer\"}]},{\"@type\":\"WebSite\",\"@id\":\"https:\/\/www.granducatocollection.com\/#website\",\"url\":\"https:\/\/www.granducatocollection.com\/\",\"name\":\"GranDucato Collection\",\"description\":\"Prenota la tua vacanza e vivi un&#039;esperienza unica\",\"potentialAction\":[{\"@type\":\"SearchAction\",\"target\":{\"@type\":\"EntryPoint\",\"urlTemplate\":\"https:\/\/www.granducatocollection.com\/?s={search_term_string}\"},\"query-input\":{\"@type\":\"PropertyValueSpecification\",\"valueRequired\":true,\"valueName\":\"search_term_string\"}}],\"inLanguage\":\"pl-PL\"}]}<\/script>\n<!-- \/ Yoast SEO plugin. -->","yoast_head_json":{"title":"B&B Arezzo - Navetta Privata Toscana | Granducato Collection","description":"Transfer privato da Arezzo e Toscana verso Roma, Milano, Torino. Tariffa trasparente. Prenota online la tua navetta elegante e su misura","robots":{"index":"index","follow":"follow","max-snippet":"max-snippet:-1","max-image-preview":"max-image-preview:large","max-video-preview":"max-video-preview:-1"},"canonical":"https:\/\/www.granducatocollection.com\/pl\/black-car-granducato-navetta-privata-toscana\/","og_locale":"pl_PL","og_type":"article","og_title":"B&B Arezzo - Navetta Privata Toscana | Granducato Collection","og_description":"Transfer privato da Arezzo e Toscana verso Roma, Milano, Torino. Tariffa trasparente. Prenota online la tua navetta elegante e su misura","og_url":"https:\/\/www.granducatocollection.com\/pl\/black-car-granducato-navetta-privata-toscana\/","og_site_name":"Granducato Collection","article_modified_time":"2025-10-16T10:53:37+00:00","og_image":[{"url":"https:\/\/www.granducatocollection.com\/wp-content\/uploads\/2025\/04\/black-car-granducato-arezzo-toscana-viareggio-affittacamere-bb.jpg","type":"","width":"","height":""}],"twitter_card":"summary_large_image","twitter_misc":{"Szacowany czas czytania":"2 minuty"},"schema":{"@context":"https:\/\/schema.org","@graph":[{"@type":"WebPage","@id":"https:\/\/www.granducatocollection.com\/black-car-granducato-navetta-privata-toscana\/","url":"https:\/\/www.granducatocollection.com\/black-car-granducato-navetta-privata-toscana\/","name":"B&B Arezzo - Navetta Privata Toscana | Granducato Collection","isPartOf":{"@id":"https:\/\/www.granducatocollection.com\/#website"},"primaryImageOfPage":{"@id":"https:\/\/www.granducatocollection.com\/black-car-granducato-navetta-privata-toscana\/#primaryimage"},"image":{"@id":"https:\/\/www.granducatocollection.com\/black-car-granducato-navetta-privata-toscana\/#primaryimage"},"thumbnailUrl":"https:\/\/www.granducatocollection.com\/wp-content\/uploads\/2025\/04\/black-car-granducato-arezzo-toscana-viareggio-affittacamere-bb.jpg","datePublished":"2025-04-14T09:40:32+00:00","dateModified":"2025-10-16T10:53:37+00:00","description":"Transfer privato da Arezzo e Toscana verso Roma, Milano, Torino. Tariffa trasparente. Prenota online la tua navetta elegante e su misura","breadcrumb":{"@id":"https:\/\/www.granducatocollection.com\/black-car-granducato-navetta-privata-toscana\/#breadcrumb"},"inLanguage":"pl-PL","potentialAction":[{"@type":"ReadAction","target":["https:\/\/www.granducatocollection.com\/black-car-granducato-navetta-privata-toscana\/"]}]},{"@type":"ImageObject","inLanguage":"pl-PL","@id":"https:\/\/www.granducatocollection.com\/black-car-granducato-navetta-privata-toscana\/#primaryimage","url":"https:\/\/www.granducatocollection.com\/wp-content\/uploads\/2025\/04\/black-car-granducato-arezzo-toscana-viareggio-affittacamere-bb.jpg","contentUrl":"https:\/\/www.granducatocollection.com\/wp-content\/uploads\/2025\/04\/black-car-granducato-arezzo-toscana-viareggio-affittacamere-bb.jpg"},{"@type":"BreadcrumbList","@id":"https:\/\/www.granducatocollection.com\/black-car-granducato-navetta-privata-toscana\/#breadcrumb","itemListElement":[{"@type":"ListItem","position":1,"name":"Home","item":"https:\/\/www.granducatocollection.com\/"},{"@type":"ListItem","position":2,"name":"Transfer"}]},{"@type":"WebSite","@id":"https:\/\/www.granducatocollection.com\/#website","url":"https:\/\/www.granducatocollection.com\/","name":"GranDucato Collection","description":"Prenota la tua vacanza e vivi un&#039;esperienza unica","potentialAction":[{"@type":"SearchAction","target":{"@type":"EntryPoint","urlTemplate":"https:\/\/www.granducatocollection.com\/?s={search_term_string}"},"query-input":{"@type":"PropertyValueSpecification","valueRequired":true,"valueName":"search_term_string"}}],"inLanguage":"pl-PL"}]}},"_links":{"self":[{"href":"https:\/\/www.granducatocollection.com\/pl\/wp-json\/wp\/v2\/pages\/6569","targetHints":{"allow":["GET"]}}],"collection":[{"href":"https:\/\/www.granducatocollection.com\/pl\/wp-json\/wp\/v2\/pages"}],"about":[{"href":"https:\/\/www.granducatocollection.com\/pl\/wp-json\/wp\/v2\/types\/page"}],"author":[{"embeddable":true,"href":"https:\/\/www.granducatocollection.com\/pl\/wp-json\/wp\/v2\/users\/1"}],"replies":[{"embeddable":true,"href":"https:\/\/www.granducatocollection.com\/pl\/wp-json\/wp\/v2\/comments?post=6569"}],"version-history":[{"count":9,"href":"https:\/\/www.granducatocollection.com\/pl\/wp-json\/wp\/v2\/pages\/6569\/revisions"}],"predecessor-version":[{"id":8927,"href":"https:\/\/www.granducatocollection.com\/pl\/wp-json\/wp\/v2\/pages\/6569\/revisions\/8927"}],"wp:attachment":[{"href":"https:\/\/www.granducatocollection.com\/pl\/wp-json\/wp\/v2\/media?parent=6569"}],"curies":[{"name":"wp","href":"https:\/\/api.w.org\/{rel}","templated":true}]}}