{"id":5422,"date":"2025-02-18T14:32:30","date_gmt":"2025-02-18T14:32:30","guid":{"rendered":"https:\/\/www.granducatocollection.com\/?page_id=5422"},"modified":"2025-10-16T10:35:09","modified_gmt":"2025-10-16T10:35:09","slug":"domande-frequenti-bb-arezzo","status":"publish","type":"page","link":"https:\/\/www.granducatocollection.com\/pl\/domande-frequenti-bb-arezzo\/","title":{"rendered":"FAQ"},"content":{"rendered":"<h1>Najcz\u0119\u015bciej zadawane pytania \u2013 B&amp;B Granducato Collection w Arezzo<\/h1>\n<h2>Le domande pi\u00f9 frequenti sui nostri B&amp;B ad Arezzo<\/h2>\n<p class=\"translation-block\">Masz jakie\u015b pytania przed zarezerwowaniem pobytu w naszych <strong>B&amp;B w Arezzo<\/strong>?<br>\nTutaj znajdziesz <strong>najcz\u0119\u015bciej zadawane pytania<\/strong> od naszych go\u015bci, wraz ze wszystkimi przydatnymi informacjami na temat zameldowania, zwierz\u0105t domowych, parkingu, \u015bniadania i us\u0142ug wliczonych w cen\u0119.<\/p>\n<h2>Jakie us\u0142ugi s\u0105 wliczone w pobyt w Pa\u0144stwa obiektach typu B&amp;B?<\/h2>\n<p>Nocleg.<\/p>\n<h2>Czy w obiektach noclegowych jest Wi-Fi i klimatyzacja?<\/h2>\n<p>Tak, obie us\u0142ugi s\u0105 wliczone w cen\u0119 wszystkich naszych apartament\u00f3w.<\/p>\n<h2>Jakie s\u0105 godziny zameldowania i wymeldowania?<\/h2>\n<p>Zameldowanie od 15:00 do 19:30, wymeldowanie do 10:00.<\/p>\n<h2>Czy jest mo\u017cliwo\u015b\u0107 zameldowania si\u0119 poza standardowymi godzinami?<\/h2>\n<p>Tak, po wcze\u015bniejszym powiadomieniu.<\/p>\n<h2>Czy w Waszych pensjonatach B&amp;B oferujecie \u015bniadania?<\/h2>\n<p>Tak, za 10 euro od osoby. S\u0142odkie \u015bniadanie obejmuje:<\/p>\n<ul>\n<li>Sucharki<\/li>\n<li>D\u017cem brzoskwiniowo-truskawkowy<\/li>\n<li>Mas\u0142o<\/li>\n<li>Krem kawowy<\/li>\n<li>Kapsu\u0142ki z kaw\u0105 i herbat\u0105<\/li>\n<li>Nektar owocowy do wyboru: gruszkowy, brzoskwiniowy, jab\u0142kowy lub truskawkowy<\/li>\n<\/ul>\n<h2>Jaka jest polityka anulowania rezerwacji?<\/h2>\n<p>Mo\u017cesz bezp\u0142atnie anulowa\u0107 rezerwacj\u0119 w ci\u0105gu 48 godzin od przyjazdu. Po up\u0142ywie tego terminu zostanie naliczona kara r\u00f3wna pe\u0142nemu kosztowi pobytu.<\/p>\n<h2>Czy w waszych pensjonatach akceptowane s\u0105 zwierz\u0119ta?<\/h2>\n<p>Tak, akceptujemy zwierz\u0119ta za dodatkow\u0105 op\u0142at\u0105 w wysoko\u015bci 25 euro za pobyt.<\/p>\n<h2>Czy jest dost\u0119pny parking dla go\u015bci?<\/h2>\n<p>Tak, ale nie na miejscu. Oto zalecane opcje parkowania:<\/p>\n<ul>\n<li class=\"translation-block\"><strong>Parking Sant\u2019Agostino<\/strong> \u2013 Strze\u017cony parking w gara\u017cu w specjalnych cenach przy Via Pietro Aretino 9.<br>\nKoszt: 15 \u20ac za 24 godziny.<br>\nGodziny otwarcia: 6:00\u20130:00.<br>\n<em>Rezerwacje nie s\u0105 akceptowane.<\/em><\/li>\n<li class=\"translation-block\"><strong>Bezp\u0142atny parking dla turyst\u00f3w<\/strong> \u2013 Ostatni odcinek Via Giuseppe Pietri, Arezzo.<br>\nW po\u0142owie parkingu znajduj\u0105 si\u0119 schody ruchome, kt\u00f3re umo\u017cliwiaj\u0105 \u0142atwy powr\u00f3t do historycznego centrum.<\/li>\n<\/ul>\n<p class=\"translation-block\">Oba parkingi znajduj\u0105 si\u0119 oko\u0142o <strong>10 minut spacerem<\/strong> od naszych obiekt\u00f3w.<br>  \n<strong>Uwaga:<\/strong> Stare Miasto w Arezzo jest ca\u0142kowicie <strong>zamkni\u0119te dla ruchu<\/strong>, dlatego konieczne jest pozostawienie samochodu przed wjazdem i dotarcie do nas pieszo.<\/p>\n<h2>Jak mog\u0119 si\u0119 z Pa\u0144stwem skontaktowa\u0107 w celu uzyskania pomocy podczas mojego pobytu?<\/h2>\n<p>Mo\u017cna si\u0119 z nami skontaktowa\u0107, korzystaj\u0105c z danych kontaktowych podanych podczas dokonywania rezerwacji lub odwiedzaj\u0105c obiekt bezpo\u015brednio.<br \/>\n<br \/>Scopri ora il fascino e il comfort delle nostre strutture firmate <a href=\"https:\/\/www.granducatocollection.com\/pl\/\">Granducato Collection<\/a><\/p>","protected":false},"excerpt":{"rendered":"<p>Domande Frequenti \u2013 B&amp;B Granducato Collection ad Arezzo Le domande pi\u00f9 frequenti sui nostri B&amp;B ad Arezzo Hai dubbi prima di prenotare il tuo soggiorno nei nostri B&amp;B ad Arezzo? Qui trovi le domande frequenti dei nostri ospiti, con tutte [...]<\/p>\n","protected":false},"author":1,"featured_media":0,"parent":0,"menu_order":0,"comment_status":"closed","ping_status":"closed","template":"","meta":{"_acf_changed":false,"footnotes":""},"class_list":["post-5422","page","type-page","status-publish","hentry"],"acf":[],"yoast_head":"<!-- This site is optimized with the Yoast SEO plugin v26.7 - https:\/\/yoast.com\/wordpress\/plugins\/seo\/ -->\n<title>Domande Frequenti B&amp;B Arezzo | Granducato Collection<\/title>\n<meta name=\"description\" content=\"Hai dubbi sul tuo soggiorno nei B&amp;B ad Arezzo? Scopri le risposte su check-in, parcheggio, colazione, animali e cancellazione.\" \/>\n<meta name=\"robots\" content=\"index, follow, max-snippet:-1, max-image-preview:large, max-video-preview:-1\" \/>\n<link rel=\"canonical\" href=\"https:\/\/www.granducatocollection.com\/pl\/domande-frequenti-bb-arezzo\/\" \/>\n<meta property=\"og:locale\" content=\"pl_PL\" \/>\n<meta property=\"og:type\" content=\"article\" \/>\n<meta property=\"og:title\" content=\"Domande Frequenti B&amp;B Arezzo | Granducato Collection\" \/>\n<meta property=\"og:description\" content=\"Hai dubbi sul tuo soggiorno nei B&amp;B ad Arezzo? Scopri le risposte su check-in, parcheggio, colazione, animali e cancellazione.\" \/>\n<meta property=\"og:url\" content=\"https:\/\/www.granducatocollection.com\/pl\/domande-frequenti-bb-arezzo\/\" \/>\n<meta property=\"og:site_name\" content=\"Granducato Collection\" \/>\n<meta property=\"article:modified_time\" content=\"2025-10-16T10:35:09+00:00\" \/>\n<meta name=\"twitter:card\" content=\"summary_large_image\" \/>\n<meta name=\"twitter:label1\" content=\"Szacowany czas czytania\" \/>\n\t<meta name=\"twitter:data1\" content=\"2 minuty\" \/>\n<script type=\"application\/ld+json\" class=\"yoast-schema-graph\">{\"@context\":\"https:\/\/schema.org\",\"@graph\":[{\"@type\":\"WebPage\",\"@id\":\"https:\/\/www.granducatocollection.com\/domande-frequenti-bb-arezzo\/\",\"url\":\"https:\/\/www.granducatocollection.com\/domande-frequenti-bb-arezzo\/\",\"name\":\"Domande Frequenti B&B Arezzo | Granducato Collection\",\"isPartOf\":{\"@id\":\"https:\/\/www.granducatocollection.com\/#website\"},\"datePublished\":\"2025-02-18T14:32:30+00:00\",\"dateModified\":\"2025-10-16T10:35:09+00:00\",\"description\":\"Hai dubbi sul tuo soggiorno nei B&B ad Arezzo? Scopri le risposte su check-in, parcheggio, colazione, animali e cancellazione.\",\"breadcrumb\":{\"@id\":\"https:\/\/www.granducatocollection.com\/domande-frequenti-bb-arezzo\/#breadcrumb\"},\"inLanguage\":\"pl-PL\",\"potentialAction\":[{\"@type\":\"ReadAction\",\"target\":[\"https:\/\/www.granducatocollection.com\/domande-frequenti-bb-arezzo\/\"]}]},{\"@type\":\"BreadcrumbList\",\"@id\":\"https:\/\/www.granducatocollection.com\/domande-frequenti-bb-arezzo\/#breadcrumb\",\"itemListElement\":[{\"@type\":\"ListItem\",\"position\":1,\"name\":\"Home\",\"item\":\"https:\/\/www.granducatocollection.com\/\"},{\"@type\":\"ListItem\",\"position\":2,\"name\":\"FAQ\"}]},{\"@type\":\"WebSite\",\"@id\":\"https:\/\/www.granducatocollection.com\/#website\",\"url\":\"https:\/\/www.granducatocollection.com\/\",\"name\":\"GranDucato Collection\",\"description\":\"Prenota la tua vacanza e vivi un&#039;esperienza unica\",\"potentialAction\":[{\"@type\":\"SearchAction\",\"target\":{\"@type\":\"EntryPoint\",\"urlTemplate\":\"https:\/\/www.granducatocollection.com\/?s={search_term_string}\"},\"query-input\":{\"@type\":\"PropertyValueSpecification\",\"valueRequired\":true,\"valueName\":\"search_term_string\"}}],\"inLanguage\":\"pl-PL\"}]}<\/script>\n<!-- \/ Yoast SEO plugin. -->","yoast_head_json":{"title":"Domande Frequenti B&B Arezzo | Granducato Collection","description":"Hai dubbi sul tuo soggiorno nei B&B ad Arezzo? Scopri le risposte su check-in, parcheggio, colazione, animali e cancellazione.","robots":{"index":"index","follow":"follow","max-snippet":"max-snippet:-1","max-image-preview":"max-image-preview:large","max-video-preview":"max-video-preview:-1"},"canonical":"https:\/\/www.granducatocollection.com\/pl\/domande-frequenti-bb-arezzo\/","og_locale":"pl_PL","og_type":"article","og_title":"Domande Frequenti B&B Arezzo | Granducato Collection","og_description":"Hai dubbi sul tuo soggiorno nei B&B ad Arezzo? Scopri le risposte su check-in, parcheggio, colazione, animali e cancellazione.","og_url":"https:\/\/www.granducatocollection.com\/pl\/domande-frequenti-bb-arezzo\/","og_site_name":"Granducato Collection","article_modified_time":"2025-10-16T10:35:09+00:00","twitter_card":"summary_large_image","twitter_misc":{"Szacowany czas czytania":"2 minuty"},"schema":{"@context":"https:\/\/schema.org","@graph":[{"@type":"WebPage","@id":"https:\/\/www.granducatocollection.com\/domande-frequenti-bb-arezzo\/","url":"https:\/\/www.granducatocollection.com\/domande-frequenti-bb-arezzo\/","name":"Domande Frequenti B&B Arezzo | Granducato Collection","isPartOf":{"@id":"https:\/\/www.granducatocollection.com\/#website"},"datePublished":"2025-02-18T14:32:30+00:00","dateModified":"2025-10-16T10:35:09+00:00","description":"Hai dubbi sul tuo soggiorno nei B&B ad Arezzo? Scopri le risposte su check-in, parcheggio, colazione, animali e cancellazione.","breadcrumb":{"@id":"https:\/\/www.granducatocollection.com\/domande-frequenti-bb-arezzo\/#breadcrumb"},"inLanguage":"pl-PL","potentialAction":[{"@type":"ReadAction","target":["https:\/\/www.granducatocollection.com\/domande-frequenti-bb-arezzo\/"]}]},{"@type":"BreadcrumbList","@id":"https:\/\/www.granducatocollection.com\/domande-frequenti-bb-arezzo\/#breadcrumb","itemListElement":[{"@type":"ListItem","position":1,"name":"Home","item":"https:\/\/www.granducatocollection.com\/"},{"@type":"ListItem","position":2,"name":"FAQ"}]},{"@type":"WebSite","@id":"https:\/\/www.granducatocollection.com\/#website","url":"https:\/\/www.granducatocollection.com\/","name":"GranDucato Collection","description":"Prenota la tua vacanza e vivi un&#039;esperienza unica","potentialAction":[{"@type":"SearchAction","target":{"@type":"EntryPoint","urlTemplate":"https:\/\/www.granducatocollection.com\/?s={search_term_string}"},"query-input":{"@type":"PropertyValueSpecification","valueRequired":true,"valueName":"search_term_string"}}],"inLanguage":"pl-PL"}]}},"_links":{"self":[{"href":"https:\/\/www.granducatocollection.com\/pl\/wp-json\/wp\/v2\/pages\/5422","targetHints":{"allow":["GET"]}}],"collection":[{"href":"https:\/\/www.granducatocollection.com\/pl\/wp-json\/wp\/v2\/pages"}],"about":[{"href":"https:\/\/www.granducatocollection.com\/pl\/wp-json\/wp\/v2\/types\/page"}],"author":[{"embeddable":true,"href":"https:\/\/www.granducatocollection.com\/pl\/wp-json\/wp\/v2\/users\/1"}],"replies":[{"embeddable":true,"href":"https:\/\/www.granducatocollection.com\/pl\/wp-json\/wp\/v2\/comments?post=5422"}],"version-history":[{"count":12,"href":"https:\/\/www.granducatocollection.com\/pl\/wp-json\/wp\/v2\/pages\/5422\/revisions"}],"predecessor-version":[{"id":8923,"href":"https:\/\/www.granducatocollection.com\/pl\/wp-json\/wp\/v2\/pages\/5422\/revisions\/8923"}],"wp:attachment":[{"href":"https:\/\/www.granducatocollection.com\/pl\/wp-json\/wp\/v2\/media?parent=5422"}],"curies":[{"name":"wp","href":"https:\/\/api.w.org\/{rel}","templated":true}]}}