{"id":4276,"date":"2024-08-02T09:53:36","date_gmt":"2024-08-02T09:53:36","guid":{"rendered":"https:\/\/www.granducatocollection.com\/?page_id=4276"},"modified":"2024-08-02T12:16:53","modified_gmt":"2024-08-02T12:16:53","slug":"privacy-policy","status":"publish","type":"page","link":"https:\/\/www.granducatocollection.com\/pl\/privacy-policy\/","title":{"rendered":"Privacy Policy"},"content":{"rendered":"<div class=\"fusion-fullwidth fullwidth-box fusion-builder-row-1 fusion-flex-container has-pattern-background has-mask-background nonhundred-percent-fullwidth non-hundred-percent-height-scrolling\" style=\"--awb-border-radius-top-left:0px;--awb-border-radius-top-right:0px;--awb-border-radius-bottom-right:0px;--awb-border-radius-bottom-left:0px;--awb-margin-top:30px;--awb-flex-wrap:wrap;\" ><div class=\"fusion-builder-row fusion-row fusion-flex-align-items-flex-start fusion-flex-content-wrap\" style=\"max-width:1216.8px;margin-left: calc(-4% \/ 2 );margin-right: calc(-4% \/ 2 );\"><div class=\"fusion-layout-column fusion_builder_column fusion-builder-column-0 fusion_builder_column_1_1 1_1 fusion-flex-column\" style=\"--awb-bg-size:cover;--awb-width-large:100%;--awb-margin-top-large:0px;--awb-spacing-right-large:1.92%;--awb-margin-bottom-large:20px;--awb-spacing-left-large:1.92%;--awb-width-medium:100%;--awb-order-medium:0;--awb-spacing-right-medium:1.92%;--awb-spacing-left-medium:1.92%;--awb-width-small:100%;--awb-order-small:0;--awb-spacing-right-small:1.92%;--awb-spacing-left-small:1.92%;\"><div class=\"fusion-column-wrapper fusion-column-has-shadow fusion-flex-justify-content-flex-start fusion-content-layout-column\"><div class=\"fusion-text fusion-text-1\"><p class=\"translation-block\">O\u015bwiadczenie o ochronie danych<br>\nAktualizacja: 08\/2024<br>\nNiniejsze o\u015bwiadczenie o ochronie danych przedstawia ramy przetwarzania Pa\u0144stwa danych<br>\nw Granducato Gestioni srl, Granducato Natura Sarl oraz Granducato di Toscana srls<br>\nw\u0142a\u015bcicielach marek Allegra Toscana, Villa al Castello, La Corte del Re, Granducato<br>\nCollection, Allegra Toscana Viareggio, Vio VIllas, Granducato Natura, Granducato<br>\nGestioni, Borgunto, L'Oro di Borgunto, Libercredit oraz ka\u017cdej marki obecnej na<br>\nwww.granducatocollection.com. Niniejsze o\u015bwiadczenie dotyczy wszystkich stron internetowych, aplikacji, innych<br>\nus\u0142ug i \u015bwiadcze\u0144 oferowanych przez sp\u00f3\u0142ki i osoby z grupy.<br>\nW sprawach zwi\u0105zanych z niniejszym o\u015bwiadczeniem o przetwarzaniu danych lub z<br>\nprzetwarzaniem danych przez Granducato Gestioni srl, Granducato Natura sarl oraz<br>\nGranducato di Toscana srls, prosimy o kontakt z Inspektorem Ochrony Danych tych sp\u00f3\u0142ek<br>\npod adresem granducatogestioni@gmail.com. Je\u015bli chc\u0105 Pa\u0144stwo skorzysta\u0107 ze swojego prawa<br>\ndo informacji lub do bycia zapomnianym, w tym odwo\u0142a\u0107 zgod\u0119 na cele marketingowe,<br>\nwypisa\u0107 si\u0119 z newslettera itp., prosimy o kontakt mailowy z Inspektorem Ochrony<br>\nDanych. Wi\u0119cej informacji znajd\u0105 Pa\u0144stwo w sekcjach kontaktowych naszej strony internetowej.<br>\nOferujemy alternatywne sposoby zapoznania si\u0119 z niniejszym o\u015bwiadczeniem o przetwarzaniu danych<br>\nosobowych. W tej sekcji znajd\u0105 Pa\u0144stwo przede wszystkim kilka podstawowych informacji. Nast\u0119pnie<br>\npodzielili\u015bmy niniejsze o\u015bwiadczenie o ochronie danych na rozdzia\u0142y zgodnie z tematami, kt\u00f3re<br>\nuznali\u015bmy za interesuj\u0105ce dla Pa\u0144stwa.<br>\nWyb\u00f3r rozdzia\u0142\u00f3w<br>\nKa\u017cdy rozdzia\u0142 poprzedzony jest kr\u00f3tkim tekstem wprowadzaj\u0105cym, w kt\u00f3rym zwi\u0119\u017ale podsumowujemy<br>\nzawarto\u015b\u0107 rozdzia\u0142u. Je\u015bli chc\u0105 Pa\u0144stwo uzyska\u0107 pe\u0142ny przegl\u0105d wszystkich proces\u00f3w przetwarzania danych,<br>\nzalecamy przeczytanie tekst\u00f3w wprowadzaj\u0105cych. Je\u015bli chc\u0105 Pa\u0144stwo pozna\u0107 szczeg\u00f3\u0142y, mog\u0105 klikn\u0105\u0107<br>\n\u201ewi\u0119cej\" pod ka\u017cdym odpowiednim tekstem wprowadzaj\u0105cym. Zostanie wy\u015bwietlona pe\u0142na tre\u015b\u0107<br>\nomawianego rozdzia\u0142u.<br>\nDla jakich ofert i us\u0142ug obowi\u0105zuje niniejsze o\u015bwiadczenie o ochronie danych:<br>\nRodzaj i spos\u00f3b przetwarzania danych realizowany przez Granducato s\u0105 jednolite dla<br>\nwi\u0119kszo\u015bci naszych ofert. Dlatego niniejsze o\u015bwiadczenie o przetwarzaniu danych obowi\u0105zuje<br>\nwe wszystkich us\u0142ugach i \u015bwiadczeniach, kt\u00f3re oferujemy naszym klientom w Europie. Dotyczy to<br>\nniezale\u017cnie od platformy, na kt\u00f3rej \u015bwiadczymy us\u0142ug\u0119: strona internetowa, aplikacja, punkty<br>\nsprzeda\u017cy, telefon, wydarzenia lub za po\u015brednictwem sieci spo\u0142eczno\u015bciowych.<br>\nIstniej\u0105 jednak r\u00f3wnie\u017c us\u0142ugi, w przypadku kt\u00f3rych przetwarzamy Pa\u0144stwa dane w inny spos\u00f3b lub w innych celach.<br>\nMo\u017ce to zale\u017ce\u0107 od rodzaju us\u0142ugi lub od wymog\u00f3w wynikaj\u0105cych z kraju u\u017cytkowania.<br>\nKiedy odnosimy si\u0119 do tych przypadk\u00f3w, odst\u0119pstw od przypadku normalnego, m\u00f3wimy o \u201especyfice<br>\nus\u0142ugi\" lub \u201especyfice kraju\".<br>\nGranducato Collection to nie jedno przedsi\u0119biorstwo. Granducato Gestioni to grupa, a<br>\nwi\u0119c sk\u0142ada si\u0119 z przedsi\u0119biorstw Granducato Gestioni srl, Granducato Natura sarl oraz<br>\nGranducato di Toscana srls. Dla uproszczenia, w dalszej cz\u0119\u015bci wymienione s\u0105 tylko te przedsi\u0119biorstwa z<br>\ngrupy Granducato Collection, kt\u00f3re faktycznie maj\u0105 do czynienia z przetwarzaniem<br>\nPa\u0144stwa danych. Je\u015bli w dalszej cz\u0119\u015bci m\u00f3wimy o \u201eGranducato\" lub o \u201emy\", mamy na my\u015bli firmy<br>\nodpowiedzialne za grup\u0119 Granducato Collection.<br>\nKonkretnie odnosi si\u0119 to do nast\u0119puj\u0105cych sp\u00f3\u0142ek Granducato.<\/p>\n<p class=\"translation-block\">Co dowiadujecie si\u0119 z niniejszej deklaracji dotycz\u0105cej przetwarzania danych:<br>\nJakie dane s\u0105 przechowywane przez Granducato.<br>\nCo robimy z tymi danymi i do czego s\u0105 niezb\u0119dne.<br>\nJakie prawa ochrony danych i jakie mo\u017cliwo\u015bci wyboru macie Pa\u0144stwo do dyspozycji.<br>\nJakie technologie i jakie dane wykorzystujemy do personalizacji i dostosowywania<br>\nnaszych us\u0142ug i tre\u015bci, aby zapewni\u0107 Pa\u0144stwu bezpieczne, proste,<br>\nbez zak\u0142\u00f3ce\u0144 i indywidualne do\u015bwiadczenia zakupowe.<br>\nJakie technologie i jakie dane wykorzystujemy do reklamy, w tym technologie<br>\n\u015bledzenia (tracking).<br>\n1. Jakie dane s\u0105 przetwarzane przez Granducato?<br>\nGranducato oferuje r\u00f3\u017cne us\u0142ugi, z kt\u00f3rych mo\u017cecie Pa\u0144stwo korzysta\u0107 na r\u00f3\u017cne sposoby. W zale\u017cno\u015bci od tego, czy kontaktujecie si\u0119 Pa\u0144stwo z nami online, telefonicznie, osobi\u015bcie lub w inny spos\u00f3b, wykorzystywane s\u0105 r\u00f3\u017cne dane z r\u00f3\u017cnych \u017ar\u00f3de\u0142. Wiele danych, kt\u00f3re przetwarzamy, jest nam przekazywanych bezpo\u015brednio przez Pa\u0144stwa podczas korzystania z naszych us\u0142ug, na przyk\u0142ad gdy kontaktujecie si\u0119 Pa\u0144stwo z nami i rejestrujecie si\u0119, podaj\u0105c swoje imi\u0119 i nazwisko, adres e-mail lub adres. Otrzymujemy jednak r\u00f3wnie\u017c dane techniczne dotycz\u0105ce urz\u0105dze\u0144 i dost\u0119pu, kt\u00f3re s\u0105 zbierane automatycznie podczas interakcji z naszymi us\u0142ugami i odwiedzin. Mog\u0105 one dotyczy\u0107 typu urz\u0105dzenia, z kt\u00f3rego korzystacie. Gromadzimy dodatkowe dane na podstawie analiz, kt\u00f3re przeprowadzamy (na przyk\u0142ad w ramach bada\u0144 rynkowych lub oceny klient\u00f3w). Ewentualnie otrzymujemy r\u00f3wnie\u017c dane od os\u00f3b trzecich na Wasz temat, na przyk\u0142ad od us\u0142ug informacyjnych o sytuacji gospodarczej lub agencji us\u0142ug p\u0142atniczych.<br>\n2. W jakim celu Granducato wykorzystuje dane?<br>\nGranducato przetwarza Pa\u0144stwa dane zgodnie ze wszystkimi obowi\u0105zuj\u0105cymi przepisami prawa ochrony danych. W tym celu odwo\u0142ujemy si\u0119 do zasad prawa ochrony danych dotycz\u0105cych przetwarzania danych osobowych. Zatem co do zasady przetwarzamy Pa\u0144stwa dane wy\u0142\u0105cznie w celach wyja\u015bnionych w niniejszej deklaracji dotycz\u0105cej przetwarzania danych i zadeklarowanych w momencie ich zbierania. S\u0105 to przede wszystkim realizacja zakupu i udost\u0119pnianie,<br>\npersonalizacja oraz rozw\u00f3j, jak r\u00f3wnie\u017c bezpiecze\u0144stwo naszej us\u0142ugi. Ponadto wykorzystujemy Pa\u0144stwa dane w ramach surowych norm niemieckiego i unijnego prawa ochrony danych, ale r\u00f3wnie\u017c w innych celach, takich jak rozw\u00f3j produkt\u00f3w, badania naukowe (w szczeg\u00f3lno\u015bci w dziedzinach uczenia maszynowego, sztucznej inteligencji i uczenia g\u0142\u0119bokiego) oraz badania rynkowe w celu optymalizacji proces\u00f3w biznesowych, dostosowania naszych us\u0142ug do potrzeb, jak r\u00f3wnie\u017c spersonalizowanej reklamy i og\u0142osze\u0144 Google.<br>\n3. Us\u0142ugi spersonalizowane<br>\nRozw\u00f3j i udost\u0119pnianie spersonalizowanych funkcji i us\u0142ug ma dla nas najwy\u017cszy priorytet. Niezale\u017cnie od miejsca, godziny i typu u\u017cywanego urz\u0105dzenia oferujemy Pa\u0144stwu indywidualne do\u015bwiadczenia zakupowe i ofert\u0119 zdefiniowan\u0105 na podstawie Pa\u0144stwa indywidualnych zainteresowa\u0144. Przetwarzanie Pa\u0144stwa danych w celu personalizacji naszych us\u0142ug w Granducato jest integraln\u0105 cz\u0119\u015bci\u0105 us\u0142ug.<br>\n4. Informacje o stronach internetowych i aplikacjach<br>\nWykorzystujemy Pa\u0144stwa dane do udost\u0119pniania stron internetowych i aplikacji Granducato. Opr\u00f3cz danych dotycz\u0105cych urz\u0105dze\u0144 i dost\u0119pu, kt\u00f3re powstaj\u0105 podczas ka\u017cdego korzystania z tych us\u0142ug, rodzaj przetwarzanych danych i cel przetwarzania zale\u017c\u0105 w szczeg\u00f3lno\u015bci od tego, w jaki spos\u00f3b korzystacie Pa\u0144stwo z funkcji i us\u0142ug udost\u0119pnianych za po\u015brednictwem naszych us\u0142ug. Ponadto wykorzystujemy dane powstaj\u0105ce podczas korzystania z naszych us\u0142ug, aby zrozumie\u0107, w jaki spos\u00f3b wykorzystywana jest nasza oferta online. Takie informacje wykorzystujemy mi\u0119dzy innymi w ramach<\/p>\n<p class=\"translation-block\">personalizacji w celu ulepszenia naszych us\u0142ug, a tak\u017ce dla reklam<br>\nspersonalizowanych.<br>\n5. Informacje na temat fanpage'y w mediach spo\u0142eczno\u015bciowych<br>\nGranducato jest w\u0142a\u015bcicielem profili w mediach spo\u0142eczno\u015bciowych na sieciach Facebook i<br>\nInstagram. Na naszych fanpage'ach regularnie publikujemy i udost\u0119pniamy tre\u015bci,<br>\noferty i porady. Operatorzy sieci spo\u0142eczno\u015bciowych rejestruj\u0105 Twoje zwyk\u0142e zachowania<br>\nza pomoc\u0105 plik\u00f3w cookies i podobnych technologii przy ka\u017cdej interakcji z naszymi fanpage'ami lub<br>\nna innych stronach Facebooka lub Instagrama. Operatorzy fanpage'y mog\u0105 przegl\u0105da\u0107<br>\nog\u00f3lne statystyki dotycz\u0105ce zainteresowa\u0144 i cech demograficznych (np. wiek, p\u0142e\u0107,<br>\nregion) odwiedzaj\u0105cych te strony. Podczas korzystania z sieci spo\u0142eczno\u015bciowych, charakter,<br>\nzakres i cele przetwarzania danych s\u0105 okre\u015blane g\u0142\u00f3wnie przez ich administrator\u00f3w.<br>\n6. Newsletter<br>\nOferujemy r\u00f3\u017cne us\u0142ugi newslettera, kt\u00f3re obejmuj\u0105 nasze us\u0142ugi. Zapisuj\u0105c si\u0119 do<br>\nnewslettera, mo\u017cna otrzymywa\u0107 niekt\u00f3re z us\u0142ug newslettera, jak wskazano powy\u017cej (w<br>\noparciu o cel zapisu). Istniej\u0105 r\u00f3wnie\u017c newslettery specyficzne dla danej us\u0142ugi,<br>\nkt\u00f3re s\u0105 integraln\u0105 cz\u0119\u015bci\u0105 konkretnej us\u0142ugi.<br>\n7. Rekomendacje produkt\u00f3w poprzez e-mail i top service<br>\nW zwi\u0105zku z naszymi us\u0142ugami, prezentujemy Pa\u0144stwu informacje i oferty Granducato zgodnie<br>\nz Pa\u0144stwa zainteresowaniami. Mog\u0105 Pa\u0144stwo otrzyma\u0107 ograniczon\u0105 liczb\u0119 indywidualnych rekomendacji<br>\ndotycz\u0105cych produkt\u00f3w, ankiet, pr\u00f3\u015bb o recenzj\u0119 produktu od nas,<br>\nniezale\u017cnie od tego, czy s\u0105 Pa\u0144stwo zapisani do newslettera, czy nie. Zgodnie z<br>\nprzepisami prawa, w preferencyjny spos\u00f3b wykorzystujemy dane dotycz\u0105ce wcze\u015bniejszych zam\u00f3wie\u0144 do<br>\nwyboru indywidualnych rekomendacji produkt\u00f3w.<br>\n8. Vouchery zakupowe<br>\nWykorzystujemy dane przekazane w ramach zam\u00f3wienia voucher\u00f3w Granducato do weryfikacji i<br>\nrealizacji zam\u00f3wienia, a tak\u017ce do wysy\u0142ki i wykupu vouchera. Obejmuje to<br>\nr\u00f3wnie\u017c przetwarzanie danych zwi\u0105zanych z wykorzystaniem vouchera, w szczeg\u00f3lno\u015bci w<br>\ncelu zapobiegania oszustwom i nadu\u017cyciom.<br>\n9. W jaki spos\u00f3b Granducato wykorzystuje moje dane do cel\u00f3w reklamowych?<br>\nMy i nasi partnerzy reklamowi wykorzystujemy Pa\u0144stwa dane do reklam spersonalizowanych, kt\u00f3re<br>\ns\u0105 Pa\u0144stwu wy\u015bwietlane w us\u0142ugach Granducato oraz na stronach internetowych i w aplikacjach innych oferent\u00f3w. W tym<br>\ncelu my i nasi partnerzy reklamowi wykorzystujemy powszechnie stosowane na rynku technologie internetowe.<br>\nDzi\u0119ki temu mo\u017cemy reklamowa\u0107 si\u0119 z wi\u0119ksz\u0105 precyzj\u0105 i prezentowa\u0107 Pa\u0144stwu, w miar\u0119 mo\u017cliwo\u015bci, wy\u0142\u0105cznie reklamy i oferty dla Pa\u0144stwa istotne. Pozwala to lepiej odpowiada\u0107<br>\nna potrzeby personalizacji i poszukiwania nowych produkt\u00f3w naszych u\u017cytkownik\u00f3w,<br>\na tak\u017ce d\u0142ugoterminowo zainteresowa\u0107 ich naszymi us\u0142ugami poprzez osobiste<br>\ndo\u015bwiadczenia zakupowe.<br>\n10. Komu s\u0105 przekazywane moje dane?<br>\nGranducato przekazuje dane wy\u0142\u0105cznie wtedy, gdy jest to dozwolone przez w\u0142oskie lub<br>\nunijne prawo ochrony danych. Nawi\u0105zujemy szczeg\u00f3lnie \u015bcis\u0142\u0105 wsp\u00f3\u0142prac\u0119 z niekt\u00f3rymi firmami<br>\nus\u0142ugowymi, na przyk\u0142ad w zakresie obs\u0142ugi klienta, z firmami technicznymi lub firmami logistycznymi.<\/p>\n<p class=\"translation-block\">(np. kurierzy tacy jak Poste). Z zasady firmy te mog\u0105 przetwarza\u0107 Pa\u0144stwa dane<br>\nwy\u0142\u0105cznie na szczeg\u00f3lnych warunkach i na nasze zlecenie. W zakresie, w jakim wykorzystujemy<br>\ntakie firmy jako podmioty przetwarzaj\u0105ce na zlecenie, firmy us\u0142ugowe otrzymuj\u0105<br>\ndost\u0119p do Pa\u0144stwa danych tylko w zakresie i na czas niezb\u0119dny<br>\ndo \u015bwiadczenia danej us\u0142ugi. Je\u015bli dokonuj\u0105 Pa\u0144stwo zakupu u partnera Granducato,<br>\nPrzekazujemy okre\u015blone Pa\u0144stwa dane zakupowe partnerowi Granducato, aby partner Granducato<br>\nm\u00f3g\u0142 dostarczy\u0107 Pa\u0144stwu zam\u00f3wiony towar.<br>\n11. Jakie prawa ochrony danych mog\u0119 dochodzi\u0107?<br>\nOdniesienia do ochrony danych: prawo do informacji (artyku\u0142 15 RODO), prawo do<br>\nusuni\u0119cia (artyku\u0142 17 RODO), prawo do sprostowania (artyku\u0142 16 RODO), prawo do<br>\nograniczenia przetwarzania (artyku\u0142 18 RODO), prawo do przenoszenia danych (artyku\u0142 20<br>\nRODO), prawo do wniesienia skargi do organu nadzorczego (artyku\u0142 77 RODO),<br>\nprawo do cofni\u0119cia zgody (artyku\u0142 7 ust. 3 RODO) oraz prawo do<br>\nsprzeciwu wobec okre\u015blonych dzia\u0142a\u0144 zwi\u0105zanych z przetwarzaniem danych (artyku\u0142 21 RODO). Je\u015bli<br>\nchc\u0105 Pa\u0144stwo skorzysta\u0107 ze swoich praw dotycz\u0105cych przetwarzania danych, mog\u0105 Pa\u0144stwo skontaktowa\u0107 si\u0119 w<br>\ndowolnym momencie z Administratorem danych<br>\npod adresem granducatogestioni@gmail.com. Dodatkowe informacje s\u0105 dost\u0119pne w<br>\nsekcji Kontakty na stronie.<br>\n12. Kiedy moje dane zostan\u0105 usuni\u0119te?<br>\nPrzechowujemy Pa\u0144stwa dane osobowe tak d\u0142ugo, jak s\u0105 one niezb\u0119dne do cel\u00f3w okre\u015blonych w niniejszej<br>\ndeklaracji przetwarzania danych, w szczeg\u00f3lno\u015bci do wype\u0142nienia obowi\u0105zk\u00f3w<br>\nprawnych i umownych. Okazjonalnie b\u0119dziemy przechowywa\u0107 Pa\u0144stwa dane osobowe r\u00f3wnie\u017c do<br>\ninnych cel\u00f3w, je\u015bli i tak d\u0142ugo, jak prawo pozwala nam na dalsze przechowywanie do<br>\nokre\u015blonych cel\u00f3w, w tym do obrony przed roszczeniami prawnymi.<br>\n13. W jaki spos\u00f3b Granducato chroni moje dane?<br>\nPa\u0144stwa dane osobowe s\u0105 przekazywane w spos\u00f3b bezpieczny poprzez szyfrowanie. Dotyczy to<br>\nr\u00f3wnie\u017c Pa\u0144stwa zam\u00f3wienia i logowania klienta. W tym celu wykorzystujemy system<br>\nkodowania SSL (Secure Socket Layer). Ponadto chronimy nasze strony internetowe i inne<br>\nsystemy za pomoc\u0105 \u015brodk\u00f3w zapobiegawczych przed utrat\u0105, zniszczeniem, dost\u0119pem,<br>\nmanipulacj\u0105 lub udost\u0119pnieniem Pa\u0144stwa danych osobom nieuprawnionym.<br>\n14. Zmiany niniejszej deklaracji przetwarzania danych<br>\nW zwi\u0105zku z rozwojem naszych stron internetowych i aplikacji oraz wdra\u017caniem<br>\nnowych technologii w celu ulepszenia naszych us\u0142ug dla Pa\u0144stwa, mog\u0105 by\u0107 konieczne<br>\nzmiany w niniejszych informacjach o ochronie danych. Dlatego zalecamy regularne zapoznavanie si\u0119 z<br>\nniniejsz\u0105 deklaracj\u0105 przetwarzania danych.<br>\n15. Kontakty<br>\nMog\u0105 Pa\u0144stwo skontaktowa\u0107 si\u0119 z granducatogestioni@gmail.com w dowolnym momencie, nasz zesp\u00f3\u0142<br>\nds. ochrony danych w sprawach og\u00f3lnych lub w celu skorzystania ze swoich praw.<br>\n16. Informacje szczeg\u00f3\u0142owe dotycz\u0105ce us\u0142ugi<br>\nPrzetwarzanie danych przez nas mo\u017ce si\u0119 r\u00f3\u017cni\u0107 w zale\u017cno\u015bci od us\u0142ugi. Tutaj mog\u0105 si\u0119 Pa\u0144stwo<br>\nzapozna\u0107 ze szczeg\u00f3\u0142owymi r\u00f3\u017cnicami.<\/p>\n<p class=\"translation-block\">17. Informacje dotycz\u0105ce poszczeg\u00f3lnych kraj\u00f3w<br>\nNasze przetwarzanie danych mo\u017ce si\u0119 r\u00f3\u017cni\u0107 w zale\u017cno\u015bci od kraju. Informacje o r\u00f3\u017cnicach w poszczeg\u00f3lnych krajach mo\u017cna znale\u017a\u0107 tutaj.<br>\n18. Powiadomienia o plikach cookie<br>\nMy i wybrane podmioty zewn\u0119trzne u\u017cywamy plik\u00f3w cookie lub podobnych technologii do cel\u00f3w technicznych, a<br>\nza Twoj\u0105 zgod\u0105, r\u00f3wnie\u017c do innych cel\u00f3w okre\u015blonych w konkretnej polityce dotycz\u0105cej plik\u00f3w cookie.<br>\nOdmowa zgody mo\u017ce spowodowa\u0107, \u017ce odpowiednie funkcje witryny b\u0119d\u0105 niedost\u0119pne.<br>\nW odniesieniu do reklam, my i wybrane podmioty zewn\u0119trzne mo\u017cemy wykorzystywa\u0107 precyzyjne dane geolokalizacyjne i identyfikacj\u0119 poprzez skanowanie urz\u0105dze\u0144 do przechowywania i\/lub uzyskiwania dost\u0119pu do informacji na urz\u0105dzeniu oraz przetwarzania danych osobowych, takich jak<br>\ndane dotycz\u0105ce u\u017cytkowania, do nast\u0119puj\u0105cych cel\u00f3w reklamowych: spersonalizowane reklamy i tre\u015bci, pomiar reklam i tre\u015bci, sprzeda\u017c, analiza odbiorc\u00f3w oraz rozw\u00f3j innowacyjnych produkt\u00f3w. Nowo\u015b\u0107.<br>\nMo\u017cesz swobodnie wyrazi\u0107, odm\u00f3wi\u0107 lub wycofa\u0107 swoj\u0105 zgod\u0119 w dowolnym momencie,<br>\nuzyskuj\u0105c dost\u0119p do panelu preferencji.<br>\nTutaj mo\u017cesz dowiedzie\u0107 si\u0119 wi\u0119cej o plikach cookie, kt\u00f3rych u\u017cywamy.<br>\nAby uzyska\u0107 dost\u0119p do przegl\u0105du wszystkich plik\u00f3w cookie, odwied\u017a stron\u0119 www.granducatogestioni.com\/privacy lub<br>\nwypisz si\u0119 z formularza kontaktowego witryny.<\/p>\n<\/div><\/div><\/div><\/div><\/div>","protected":false},"excerpt":{"rendered":"","protected":false},"author":1,"featured_media":0,"parent":0,"menu_order":0,"comment_status":"open","ping_status":"closed","template":"100-width.php","meta":{"_acf_changed":false,"footnotes":""},"class_list":["post-4276","page","type-page","status-publish","hentry"],"acf":[],"yoast_head":"<!-- This site is optimized with the Yoast SEO plugin v26.7 - https:\/\/yoast.com\/wordpress\/plugins\/seo\/ -->\n<title>Privacy Policy - Granducato Collection<\/title>\n<meta name=\"robots\" content=\"index, follow, max-snippet:-1, max-image-preview:large, max-video-preview:-1\" \/>\n<link rel=\"canonical\" href=\"https:\/\/www.granducatocollection.com\/pl\/privacy-policy\/\" \/>\n<meta property=\"og:locale\" content=\"pl_PL\" \/>\n<meta property=\"og:type\" content=\"article\" \/>\n<meta property=\"og:title\" content=\"Privacy Policy - Granducato Collection\" \/>\n<meta property=\"og:url\" content=\"https:\/\/www.granducatocollection.com\/pl\/privacy-policy\/\" \/>\n<meta property=\"og:site_name\" content=\"Granducato Collection\" \/>\n<meta property=\"article:modified_time\" content=\"2024-08-02T12:16:53+00:00\" \/>\n<meta name=\"twitter:card\" content=\"summary_large_image\" \/>\n<meta name=\"twitter:label1\" content=\"Szacowany czas czytania\" \/>\n\t<meta name=\"twitter:data1\" content=\"23 minuty\" \/>\n<script type=\"application\/ld+json\" class=\"yoast-schema-graph\">{\"@context\":\"https:\/\/schema.org\",\"@graph\":[{\"@type\":\"WebPage\",\"@id\":\"https:\/\/www.granducatocollection.com\/privacy-policy\/\",\"url\":\"https:\/\/www.granducatocollection.com\/privacy-policy\/\",\"name\":\"Privacy Policy - Granducato Collection\",\"isPartOf\":{\"@id\":\"https:\/\/www.granducatocollection.com\/#website\"},\"datePublished\":\"2024-08-02T09:53:36+00:00\",\"dateModified\":\"2024-08-02T12:16:53+00:00\",\"breadcrumb\":{\"@id\":\"https:\/\/www.granducatocollection.com\/privacy-policy\/#breadcrumb\"},\"inLanguage\":\"pl-PL\",\"potentialAction\":[{\"@type\":\"ReadAction\",\"target\":[\"https:\/\/www.granducatocollection.com\/privacy-policy\/\"]}]},{\"@type\":\"BreadcrumbList\",\"@id\":\"https:\/\/www.granducatocollection.com\/privacy-policy\/#breadcrumb\",\"itemListElement\":[{\"@type\":\"ListItem\",\"position\":1,\"name\":\"Home\",\"item\":\"https:\/\/www.granducatocollection.com\/\"},{\"@type\":\"ListItem\",\"position\":2,\"name\":\"Privacy Policy\"}]},{\"@type\":\"WebSite\",\"@id\":\"https:\/\/www.granducatocollection.com\/#website\",\"url\":\"https:\/\/www.granducatocollection.com\/\",\"name\":\"GranDucato Collection\",\"description\":\"Prenota la tua vacanza e vivi un&#039;esperienza unica\",\"potentialAction\":[{\"@type\":\"SearchAction\",\"target\":{\"@type\":\"EntryPoint\",\"urlTemplate\":\"https:\/\/www.granducatocollection.com\/?s={search_term_string}\"},\"query-input\":{\"@type\":\"PropertyValueSpecification\",\"valueRequired\":true,\"valueName\":\"search_term_string\"}}],\"inLanguage\":\"pl-PL\"}]}<\/script>\n<!-- \/ Yoast SEO plugin. -->","yoast_head_json":{"title":"Privacy Policy - Granducato Collection","robots":{"index":"index","follow":"follow","max-snippet":"max-snippet:-1","max-image-preview":"max-image-preview:large","max-video-preview":"max-video-preview:-1"},"canonical":"https:\/\/www.granducatocollection.com\/pl\/privacy-policy\/","og_locale":"pl_PL","og_type":"article","og_title":"Privacy Policy - Granducato Collection","og_url":"https:\/\/www.granducatocollection.com\/pl\/privacy-policy\/","og_site_name":"Granducato Collection","article_modified_time":"2024-08-02T12:16:53+00:00","twitter_card":"summary_large_image","twitter_misc":{"Szacowany czas czytania":"23 minuty"},"schema":{"@context":"https:\/\/schema.org","@graph":[{"@type":"WebPage","@id":"https:\/\/www.granducatocollection.com\/privacy-policy\/","url":"https:\/\/www.granducatocollection.com\/privacy-policy\/","name":"Privacy Policy - Granducato Collection","isPartOf":{"@id":"https:\/\/www.granducatocollection.com\/#website"},"datePublished":"2024-08-02T09:53:36+00:00","dateModified":"2024-08-02T12:16:53+00:00","breadcrumb":{"@id":"https:\/\/www.granducatocollection.com\/privacy-policy\/#breadcrumb"},"inLanguage":"pl-PL","potentialAction":[{"@type":"ReadAction","target":["https:\/\/www.granducatocollection.com\/privacy-policy\/"]}]},{"@type":"BreadcrumbList","@id":"https:\/\/www.granducatocollection.com\/privacy-policy\/#breadcrumb","itemListElement":[{"@type":"ListItem","position":1,"name":"Home","item":"https:\/\/www.granducatocollection.com\/"},{"@type":"ListItem","position":2,"name":"Privacy Policy"}]},{"@type":"WebSite","@id":"https:\/\/www.granducatocollection.com\/#website","url":"https:\/\/www.granducatocollection.com\/","name":"GranDucato Collection","description":"Prenota la tua vacanza e vivi un&#039;esperienza unica","potentialAction":[{"@type":"SearchAction","target":{"@type":"EntryPoint","urlTemplate":"https:\/\/www.granducatocollection.com\/?s={search_term_string}"},"query-input":{"@type":"PropertyValueSpecification","valueRequired":true,"valueName":"search_term_string"}}],"inLanguage":"pl-PL"}]}},"_links":{"self":[{"href":"https:\/\/www.granducatocollection.com\/pl\/wp-json\/wp\/v2\/pages\/4276","targetHints":{"allow":["GET"]}}],"collection":[{"href":"https:\/\/www.granducatocollection.com\/pl\/wp-json\/wp\/v2\/pages"}],"about":[{"href":"https:\/\/www.granducatocollection.com\/pl\/wp-json\/wp\/v2\/types\/page"}],"author":[{"embeddable":true,"href":"https:\/\/www.granducatocollection.com\/pl\/wp-json\/wp\/v2\/users\/1"}],"replies":[{"embeddable":true,"href":"https:\/\/www.granducatocollection.com\/pl\/wp-json\/wp\/v2\/comments?post=4276"}],"version-history":[{"count":4,"href":"https:\/\/www.granducatocollection.com\/pl\/wp-json\/wp\/v2\/pages\/4276\/revisions"}],"predecessor-version":[{"id":5175,"href":"https:\/\/www.granducatocollection.com\/pl\/wp-json\/wp\/v2\/pages\/4276\/revisions\/5175"}],"wp:attachment":[{"href":"https:\/\/www.granducatocollection.com\/pl\/wp-json\/wp\/v2\/media?parent=4276"}],"curies":[{"name":"wp","href":"https:\/\/api.w.org\/{rel}","templated":true}]}}