{"id":4143,"date":"2024-08-02T07:48:06","date_gmt":"2024-08-02T07:48:06","guid":{"rendered":"https:\/\/www.granducatocollection.com\/?page_id=4143"},"modified":"2025-08-07T17:17:00","modified_gmt":"2025-08-07T17:17:00","slug":"pacchetti-in-offerta","status":"publish","type":"page","link":"https:\/\/www.granducatocollection.com\/pl\/pacchetti-in-offerta\/","title":{"rendered":"Pacchetti in offerta"},"content":{"rendered":"<div class=\"fusion-fullwidth fullwidth-box fusion-builder-row-1 fusion-flex-container has-pattern-background has-mask-background nonhundred-percent-fullwidth non-hundred-percent-height-scrolling\" style=\"--awb-background-position:left top;--awb-border-sizes-top:0px;--awb-border-sizes-bottom:0px;--awb-border-sizes-left:0px;--awb-border-sizes-right:0px;--awb-border-radius-top-left:0px;--awb-border-radius-top-right:0px;--awb-border-radius-bottom-right:0px;--awb-border-radius-bottom-left:0px;--awb-padding-top:0px;--awb-padding-bottom:140px;--awb-padding-top-medium:0px;--awb-padding-bottom-medium:100px;--awb-padding-top-small:0px;--awb-padding-bottom-small:80px;--awb-flex-wrap:wrap;\" ><div class=\"fusion-builder-row fusion-row fusion-flex-align-items-flex-start fusion-flex-content-wrap\" style=\"max-width:calc( 1170px + 0px );margin-left: calc(-0px \/ 2 );margin-right: calc(-0px \/ 2 );\"><div class=\"fusion-layout-column fusion_builder_column fusion-builder-column-0 fusion_builder_column_1_1 1_1 fusion-flex-column fusion-flex-align-self-flex-start fusion-column-no-min-height\" style=\"--awb-bg-blend:overlay;--awb-bg-size:cover;--awb-width-large:100%;--awb-margin-top-large:0px;--awb-spacing-right-large:0px;--awb-margin-bottom-large:0px;--awb-spacing-left-large:0px;--awb-width-medium:100%;--awb-spacing-right-medium:0px;--awb-spacing-left-medium:0px;--awb-width-small:100%;--awb-spacing-right-small:0px;--awb-spacing-left-small:0px;\"><div class=\"fusion-column-wrapper fusion-flex-justify-content-flex-start fusion-content-layout-column\"><div class=\"fusion-title title fusion-title-1 fusion-title-center fusion-title-text fusion-title-size-one\"><div class=\"title-sep-container title-sep-container-left\"><div class=\"title-sep sep- sep-solid\" style=\"border-color:var(--awb-color3);\"><\/div><\/div><span class=\"awb-title-spacer\"><\/span><h1 class=\"fusion-title-heading title-heading-center fusion-responsive-typography-calculated\" style=\"margin:0;--fontSize:48;line-height:var(--awb-typography1-line-height);\">Nasze pakiety w promocji<\/h1><span class=\"awb-title-spacer\"><\/span><div class=\"title-sep-container title-sep-container-right\"><div class=\"title-sep sep- sep-solid\" style=\"border-color:var(--awb-color3);\"><\/div><\/div><\/div><div class=\"fusion-text fusion-text-1\"><p class=\"translation-block\">Witamy w sekcji Ofertowych Pakiet\u00f3w Grand Ducato Collection: wyj\u0105tkowa okazja, by prze\u017cy\u0107 najautentyczniejsz\u0105 Toskani\u0119 z nut\u0105 elegancji i komfortu.<br>\nOdkryj starannie dobrane do\u015bwiadczenia, zaprojektowane, by obdarzy\u0107 Ci\u0119 niezapomnianymi chwilami w\u015br\u00f3d toska\u0144skich wzg\u00f3rz, lokalnych smak\u00f3w i relaksu naszych apartament\u00f3w.<\/p>\n<p>Wszystkie nasze oferty s\u0105 ekskluzywne i dost\u0119pne tylko na rezerwacj\u0119: \u015bpiesz si\u0119, ilo\u015b\u0107 miejsc jest ograniczona!<\/center><\/p>\n<\/div><a class=\"fusion-modal-text-link\" href=\"#\">\n<div id=\"my-store-38313044\"><\/div>\n<div><script data-cfasync=\"false\" type=\"text\/javascript\" src=\"https:\/\/app.ecwid.com\/script.js?38313044&data_platform=code&data_date=2025-02-15\" charset=\"utf-8\"><\/script><script type=\"text\/javascript\"> xProductBrowser(\"categoriesPerRow=3\",\"views=grid(20,3) list(60) table(60)\",\"categoryView=grid\",\"searchView=list\",\"id=my-store-38313044\");<\/script><\/div>\n<\/a><\/div><\/div><\/div><\/div>","protected":false},"excerpt":{"rendered":"","protected":false},"author":1,"featured_media":0,"parent":0,"menu_order":0,"comment_status":"open","ping_status":"closed","template":"100-width.php","meta":{"_acf_changed":false,"footnotes":""},"class_list":["post-4143","page","type-page","status-publish","hentry"],"acf":[],"yoast_head":"<!-- This site is optimized with the Yoast SEO plugin v26.7 - https:\/\/yoast.com\/wordpress\/plugins\/seo\/ -->\n<title>B&amp;B Arezzo - Pacchetti in offerta - Gran Ducato Collection<\/title>\n<meta name=\"description\" content=\"Scopri i nostri pacchetti in offerta esclusivi: risparmia fino al 30% con promozioni limitate, combinazioni vantaggiose e sconti incrementali.\" \/>\n<meta name=\"robots\" content=\"index, follow, max-snippet:-1, max-image-preview:large, max-video-preview:-1\" \/>\n<link rel=\"canonical\" href=\"https:\/\/www.granducatocollection.com\/pl\/pacchetti-in-offerta\/#!\/Chianti-Borgunto-Riserva-Colli-Aretini\/p\/250783263\/category=0\" \/>\n<meta property=\"og:locale\" content=\"pl_PL\" \/>\n<meta property=\"og:type\" content=\"article\" \/>\n<meta property=\"og:title\" content=\"B&amp;B Arezzo - Pacchetti in offerta - Gran Ducato Collection\" \/>\n<meta property=\"og:description\" content=\"Scopri i nostri pacchetti in offerta esclusivi: risparmia fino al 30% con promozioni limitate, combinazioni vantaggiose e sconti incrementali.\" \/>\n<meta property=\"og:url\" content=\"https:\/\/www.granducatocollection.com\/pl\/pacchetti-in-offerta\/#!\/Chianti-Borgunto-Riserva-Colli-Aretini\/p\/250783263\/category=0\" \/>\n<meta property=\"og:site_name\" content=\"Granducato Collection\" \/>\n<meta property=\"article:modified_time\" content=\"2025-08-07T17:17:00+00:00\" \/>\n<meta name=\"twitter:card\" content=\"summary_large_image\" \/>\n<meta name=\"twitter:label1\" content=\"Szacowany czas czytania\" \/>\n\t<meta name=\"twitter:data1\" content=\"1 minuta\" \/>\n<script type=\"application\/ld+json\" class=\"yoast-schema-graph\">{\"@context\":\"https:\/\/schema.org\",\"@graph\":[{\"@type\":\"WebPage\",\"@id\":\"https:\/\/www.granducatocollection.com\/pacchetti-in-offerta\/\",\"url\":\"https:\/\/www.granducatocollection.com\/pacchetti-in-offerta\/#%21%2fChianti-Borgunto-Riserva-Colli-Aretini%2fp%2f250783263%2fcategory%3d0\",\"name\":\"B&B Arezzo - Pacchetti in offerta - Gran Ducato Collection\",\"isPartOf\":{\"@id\":\"https:\/\/www.granducatocollection.com\/#website\"},\"datePublished\":\"2024-08-02T07:48:06+00:00\",\"dateModified\":\"2025-08-07T17:17:00+00:00\",\"description\":\"Scopri i nostri pacchetti in offerta esclusivi: risparmia fino al 30% con promozioni limitate, combinazioni vantaggiose e sconti incrementali.\",\"breadcrumb\":{\"@id\":\"https:\/\/www.granducatocollection.com\/pacchetti-in-offerta\/#%21%2fChianti-Borgunto-Riserva-Colli-Aretini%2fp%2f250783263%2fcategory%3d0#breadcrumb\"},\"inLanguage\":\"pl-PL\",\"potentialAction\":[{\"@type\":\"ReadAction\",\"target\":[\"https:\/\/www.granducatocollection.com\/pacchetti-in-offerta\/#%21%2fChianti-Borgunto-Riserva-Colli-Aretini%2fp%2f250783263%2fcategory%3d0\"]}]},{\"@type\":\"BreadcrumbList\",\"@id\":\"https:\/\/www.granducatocollection.com\/pacchetti-in-offerta\/#%21%2fChianti-Borgunto-Riserva-Colli-Aretini%2fp%2f250783263%2fcategory%3d0#breadcrumb\",\"itemListElement\":[{\"@type\":\"ListItem\",\"position\":1,\"name\":\"Home\",\"item\":\"https:\/\/www.granducatocollection.com\/\"},{\"@type\":\"ListItem\",\"position\":2,\"name\":\"Pacchetti in offerta\"}]},{\"@type\":\"WebSite\",\"@id\":\"https:\/\/www.granducatocollection.com\/#website\",\"url\":\"https:\/\/www.granducatocollection.com\/\",\"name\":\"GranDucato Collection\",\"description\":\"Prenota la tua vacanza e vivi un&#039;esperienza unica\",\"potentialAction\":[{\"@type\":\"SearchAction\",\"target\":{\"@type\":\"EntryPoint\",\"urlTemplate\":\"https:\/\/www.granducatocollection.com\/?s={search_term_string}\"},\"query-input\":{\"@type\":\"PropertyValueSpecification\",\"valueRequired\":true,\"valueName\":\"search_term_string\"}}],\"inLanguage\":\"pl-PL\"}]}<\/script>\n<!-- \/ Yoast SEO plugin. -->","yoast_head_json":{"title":"B&B Arezzo - Pacchetti in offerta - Gran Ducato Collection","description":"Scopri i nostri pacchetti in offerta esclusivi: risparmia fino al 30% con promozioni limitate, combinazioni vantaggiose e sconti incrementali.","robots":{"index":"index","follow":"follow","max-snippet":"max-snippet:-1","max-image-preview":"max-image-preview:large","max-video-preview":"max-video-preview:-1"},"canonical":"https:\/\/www.granducatocollection.com\/pl\/pacchetti-in-offerta\/#!\/Chianti-Borgunto-Riserva-Colli-Aretini\/p\/250783263\/category=0","og_locale":"pl_PL","og_type":"article","og_title":"B&B Arezzo - Pacchetti in offerta - Gran Ducato Collection","og_description":"Scopri i nostri pacchetti in offerta esclusivi: risparmia fino al 30% con promozioni limitate, combinazioni vantaggiose e sconti incrementali.","og_url":"https:\/\/www.granducatocollection.com\/pl\/pacchetti-in-offerta\/#!\/Chianti-Borgunto-Riserva-Colli-Aretini\/p\/250783263\/category=0","og_site_name":"Granducato Collection","article_modified_time":"2025-08-07T17:17:00+00:00","twitter_card":"summary_large_image","twitter_misc":{"Szacowany czas czytania":"1 minuta"},"schema":{"@context":"https:\/\/schema.org","@graph":[{"@type":"WebPage","@id":"https:\/\/www.granducatocollection.com\/pacchetti-in-offerta\/","url":"https:\/\/www.granducatocollection.com\/pacchetti-in-offerta\/#%21%2fChianti-Borgunto-Riserva-Colli-Aretini%2fp%2f250783263%2fcategory%3d0","name":"B&B Arezzo - Pacchetti in offerta - Gran Ducato Collection","isPartOf":{"@id":"https:\/\/www.granducatocollection.com\/#website"},"datePublished":"2024-08-02T07:48:06+00:00","dateModified":"2025-08-07T17:17:00+00:00","description":"Scopri i nostri pacchetti in offerta esclusivi: risparmia fino al 30% con promozioni limitate, combinazioni vantaggiose e sconti incrementali.","breadcrumb":{"@id":"https:\/\/www.granducatocollection.com\/pacchetti-in-offerta\/#%21%2fChianti-Borgunto-Riserva-Colli-Aretini%2fp%2f250783263%2fcategory%3d0#breadcrumb"},"inLanguage":"pl-PL","potentialAction":[{"@type":"ReadAction","target":["https:\/\/www.granducatocollection.com\/pacchetti-in-offerta\/#%21%2fChianti-Borgunto-Riserva-Colli-Aretini%2fp%2f250783263%2fcategory%3d0"]}]},{"@type":"BreadcrumbList","@id":"https:\/\/www.granducatocollection.com\/pacchetti-in-offerta\/#%21%2fChianti-Borgunto-Riserva-Colli-Aretini%2fp%2f250783263%2fcategory%3d0#breadcrumb","itemListElement":[{"@type":"ListItem","position":1,"name":"Home","item":"https:\/\/www.granducatocollection.com\/"},{"@type":"ListItem","position":2,"name":"Pacchetti in offerta"}]},{"@type":"WebSite","@id":"https:\/\/www.granducatocollection.com\/#website","url":"https:\/\/www.granducatocollection.com\/","name":"GranDucato Collection","description":"Prenota la tua vacanza e vivi un&#039;esperienza unica","potentialAction":[{"@type":"SearchAction","target":{"@type":"EntryPoint","urlTemplate":"https:\/\/www.granducatocollection.com\/?s={search_term_string}"},"query-input":{"@type":"PropertyValueSpecification","valueRequired":true,"valueName":"search_term_string"}}],"inLanguage":"pl-PL"}]}},"_links":{"self":[{"href":"https:\/\/www.granducatocollection.com\/pl\/wp-json\/wp\/v2\/pages\/4143","targetHints":{"allow":["GET"]}}],"collection":[{"href":"https:\/\/www.granducatocollection.com\/pl\/wp-json\/wp\/v2\/pages"}],"about":[{"href":"https:\/\/www.granducatocollection.com\/pl\/wp-json\/wp\/v2\/types\/page"}],"author":[{"embeddable":true,"href":"https:\/\/www.granducatocollection.com\/pl\/wp-json\/wp\/v2\/users\/1"}],"replies":[{"embeddable":true,"href":"https:\/\/www.granducatocollection.com\/pl\/wp-json\/wp\/v2\/comments?post=4143"}],"version-history":[{"count":13,"href":"https:\/\/www.granducatocollection.com\/pl\/wp-json\/wp\/v2\/pages\/4143\/revisions"}],"predecessor-version":[{"id":8362,"href":"https:\/\/www.granducatocollection.com\/pl\/wp-json\/wp\/v2\/pages\/4143\/revisions\/8362"}],"wp:attachment":[{"href":"https:\/\/www.granducatocollection.com\/pl\/wp-json\/wp\/v2\/media?parent=4143"}],"curies":[{"name":"wp","href":"https:\/\/api.w.org\/{rel}","templated":true}]}}