{"id":8375,"date":"2025-08-08T11:24:46","date_gmt":"2025-08-08T11:24:46","guid":{"rendered":"https:\/\/www.granducatocollection.com\/?post_type=product&#038;p=8375"},"modified":"2026-04-04T21:22:16","modified_gmt":"2026-04-04T21:22:16","slug":"prodotto-deposito-bagagli","status":"publish","type":"product","link":"https:\/\/www.granducatocollection.com\/de\/product\/prodotto-deposito-bagagli\/","title":{"rendered":"Sichere Gep\u00e4ckaufbewahrung \u2013 Stadtzentrum von Arezzo | Granducato-Sammlung"},"content":{"rendered":"<p><script type=\"application\/ld+json\">{\n    \"@context\": \"https:\\\/\\\/schema.org\",\n    \"@type\": \"Service\",\n    \"serviceType\": \"Deposito Bagagli Sicuro\",\n    \"provider\": {\n        \"@type\": \"LocalBusiness\",\n        \"name\": \"Granducato Collection\",\n        \"address\": {\n            \"@type\": \"PostalAddress\",\n            \"streetAddress\": \"Via dei Servi\",\n            \"addressLocality\": \"Arezzo\",\n            \"postalCode\": \"52100\",\n            \"addressCountry\": \"IT\"\n        },\n        \"telephone\": \"+393772539581\",\n        \"url\": \"https:\\\/\\\/www.granducatocollection.com\"\n    },\n    \"areaServed\": \"Arezzo, Toscana\",\n    \"description\": \"Deposito bagagli sicuro ad Arezzo, aperto tutti i giorni vicino a Piazza Grande. Servizio videosorvegliato per turisti, viaggiatori business e crocieristi in Toscana.\",\n    \"offers\": {\n        \"@type\": \"Offer\",\n        \"url\": \"https:\\\/\\\/www.granducatocollection.com\\\/prodotto\\\/prodotto-deposito-bagagli\\\/\",\n        \"priceCurrency\": \"EUR\",\n        \"price\": \"8.00\",\n        \"availability\": \"https:\\\/\\\/schema.org\\\/InStock\"\n    }\n}<\/script><\/p>\n<h1>Sichere Gep\u00e4ckaufbewahrung in Arezzo \u2013 Granducato Collection<\/h1>\n<h2>Zentrale Gep\u00e4ckaufbewahrung, 7 Tage die Woche ge\u00f6ffnet<\/h2>\n<p class=\"translation-block\">Die sichere Gep\u00e4ckaufbewahrung in Arezzo, betrieben von der Granducato Collection, erm\u00f6glicht es Ihnen, die Altstadt unbeschwert zu erkunden. Sie ist t\u00e4glich von 10:00 bis 19:30 Uhr ge\u00f6ffnet und befindet sich in unmittelbarer N\u00e4he der Piazza Grande, mitten im Herzen der Stadt.<\/p>\n<h3>Ideal f\u00fcr Touristen, Gesch\u00e4ftsreisende und Kreuzfahrtpassagiere in der Toskana<\/h3>\n<p class=\"translation-block\">Unser Service wurde speziell f\u00fcr Tagesausfl\u00fcgler, Gesch\u00e4ftsreisende auf der Durchreise oder Kreuzfahrtpassagiere auf Ausfl\u00fcgen in der Toskana entwickelt und bietet schnellen, unkomplizierten Zugang, 24-Stunden-Video\u00fcberwachung und Zugangskontrolle. Lassen Sie Ihr Gep\u00e4ck sicher zur\u00fcck und genie\u00dfen Sie Arezzo in vollen Z\u00fcgen.<\/p>\n<h3>Ein diskreter Empfang, ein zuverl\u00e4ssiger Service<\/h3>\n<p class=\"translation-block\">Getreu der Philosophie der Granducato Collection \u2013 \u201eunsichtbar, aber pr\u00e4sent\u201c \u2013 vereint die Gep\u00e4ckaufbewahrung Effizienz, Sicherheit und toskanische Gastfreundschaft. Ein unverzichtbarer Service f\u00fcr alle, die Arezzo als Zwischenstopp auf ihrer Italienreise w\u00e4hlen.<\/p>","protected":false},"excerpt":{"rendered":"<h1>Gep\u00e4ckaufbewahrung Arezzo<\/h1>\n<p class=\"translation-block\">Planst du einen Besuch in Arezzo, m\u00f6chtest aber nicht mit deinem Gep\u00e4ck herumlaufen? Bei Granducato Collection kannst du den sicheren und bequemen Gep\u00e4ckaufbewahrungsservice erwerben \u2013 ideal f\u00fcr Touristen und Reisende. Hinterlege dein Gep\u00e4ck ganz unbesorgt und erkunde die Stadt ohne Ballast. Der Service ist t\u00e4glich von 10:00 bis 19:30 Uhr verf\u00fcgbar, auch \u00fcber die Suitelets zug\u00e4nglich. Buche jetzt unter granducatocollection.com!<br>  \n<a style=\"text-decoration: none;align-items: center;color: #159c7f;font-weight: 600\" href=\"https:\/\/wa.me\/3772539581\" target=\"_blank\" class=\"fusion-no-lightbox\"><br>  \n<img style=\"width: 24px;height: 24px;margin-right: 8px\" src=\"https:\/\/upload.wikimedia.org\/wikipedia\/commons\/6\/6b\/WhatsApp.svg\" alt=\"WhatsApp Icon\"><br>  \nSchreib uns auf WhatsApp<br>  \n<\/a><\/p>","protected":false},"featured_media":8377,"template":"","meta":{"_acf_changed":false},"product_brand":[764],"product_cat":[93],"product_tag":[113,108,769,771,772,114,110,115,111,112],"class_list":{"0":"post-8375","1":"product","2":"type-product","3":"status-publish","4":"has-post-thumbnail","6":"product_brand-granducato-collection","7":"product_cat-servizi","8":"product_tag-bagaglio","9":"product_tag-deposito-bagagli","10":"product_tag-deposito-bagagli-arezzo","11":"product_tag-deposito-bagagli-piazza-grande","12":"product_tag-deposito-bagagli-piazza-grande-arezzo","13":"product_tag-sicurezza","14":"product_tag-toscana","15":"product_tag-trasporto","16":"product_tag-turismo","17":"product_tag-viaggio","19":"first","20":"instock","21":"shipping-taxable","22":"purchasable","23":"product-type-simple"},"acf":[],"yoast_head":"<!-- This site is optimized with the Yoast SEO plugin v26.7 - https:\/\/yoast.com\/wordpress\/plugins\/seo\/ -->\n<title>B&amp;B Arezzo - Servizio di Deposito Bagagli - Granducato Collection<\/title>\n<meta name=\"description\" content=\"Lascia i tuoi bagagli in sicurezza nel cuore di Arezzo. Deposito sorvegliato, aperto 7 giorni su 7. Prenota online e visita la citt\u00e0 liberi da ingombri.\" \/>\n<meta name=\"robots\" content=\"index, follow, max-snippet:-1, max-image-preview:large, max-video-preview:-1\" \/>\n<link rel=\"canonical\" href=\"https:\/\/www.granducatocollection.com\/de\/product\/prodotto-deposito-bagagli\/\" \/>\n<meta property=\"og:locale\" content=\"de_DE\" \/>\n<meta property=\"og:type\" content=\"article\" \/>\n<meta property=\"og:title\" content=\"B&amp;B Arezzo - Servizio di Deposito Bagagli - Granducato Collection\" \/>\n<meta property=\"og:description\" content=\"Lascia i tuoi bagagli in sicurezza nel cuore di Arezzo. Deposito sorvegliato, aperto 7 giorni su 7. Prenota online e visita la citt\u00e0 liberi da ingombri.\" \/>\n<meta property=\"og:url\" content=\"https:\/\/www.granducatocollection.com\/de\/product\/prodotto-deposito-bagagli\/\" \/>\n<meta property=\"og:site_name\" content=\"Granducato Collection\" \/>\n<meta property=\"article:modified_time\" content=\"2026-04-04T21:22:16+00:00\" \/>\n<meta property=\"og:image\" content=\"https:\/\/www.granducatocollection.com\/wp-content\/uploads\/2025\/08\/luggage-storage-deposito-bagagli-arezzo-lock-your-luggage-granducatogestioni-via-borgunto-7-arezzo-firenze-toscana.jpg\" \/>\n\t<meta property=\"og:image:width\" content=\"450\" \/>\n\t<meta property=\"og:image:height\" content=\"300\" \/>\n\t<meta property=\"og:image:type\" content=\"image\/jpeg\" \/>\n<meta name=\"twitter:card\" content=\"summary_large_image\" \/>\n<meta name=\"twitter:label1\" content=\"Gesch\u00e4tzte Lesezeit\" \/>\n\t<meta name=\"twitter:data1\" content=\"2\u00a0Minuten\" \/>\n<script type=\"application\/ld+json\" class=\"yoast-schema-graph\">{\"@context\":\"https:\/\/schema.org\",\"@graph\":[{\"@type\":\"WebPage\",\"@id\":\"https:\/\/www.granducatocollection.com\/prodotto\/prodotto-deposito-bagagli\/\",\"url\":\"https:\/\/www.granducatocollection.com\/prodotto\/prodotto-deposito-bagagli\/\",\"name\":\"B&B Arezzo - Servizio di Deposito Bagagli - Granducato Collection\",\"isPartOf\":{\"@id\":\"https:\/\/www.granducatocollection.com\/#website\"},\"primaryImageOfPage\":{\"@id\":\"https:\/\/www.granducatocollection.com\/prodotto\/prodotto-deposito-bagagli\/#primaryimage\"},\"image\":{\"@id\":\"https:\/\/www.granducatocollection.com\/prodotto\/prodotto-deposito-bagagli\/#primaryimage\"},\"thumbnailUrl\":\"https:\/\/www.granducatocollection.com\/wp-content\/uploads\/2025\/08\/luggage-storage-deposito-bagagli-arezzo-lock-your-luggage-granducatogestioni-via-borgunto-7-arezzo-firenze-toscana.jpg\",\"datePublished\":\"2025-08-08T11:24:46+00:00\",\"dateModified\":\"2026-04-04T21:22:16+00:00\",\"description\":\"Lascia i tuoi bagagli in sicurezza nel cuore di Arezzo. Deposito sorvegliato, aperto 7 giorni su 7. Prenota online e visita la citt\u00e0 liberi da ingombri.\",\"breadcrumb\":{\"@id\":\"https:\/\/www.granducatocollection.com\/prodotto\/prodotto-deposito-bagagli\/#breadcrumb\"},\"inLanguage\":\"de\",\"potentialAction\":[{\"@type\":\"ReadAction\",\"target\":[\"https:\/\/www.granducatocollection.com\/prodotto\/prodotto-deposito-bagagli\/\"]}]},{\"@type\":\"ImageObject\",\"inLanguage\":\"de\",\"@id\":\"https:\/\/www.granducatocollection.com\/prodotto\/prodotto-deposito-bagagli\/#primaryimage\",\"url\":\"https:\/\/www.granducatocollection.com\/wp-content\/uploads\/2025\/08\/luggage-storage-deposito-bagagli-arezzo-lock-your-luggage-granducatogestioni-via-borgunto-7-arezzo-firenze-toscana.jpg\",\"contentUrl\":\"https:\/\/www.granducatocollection.com\/wp-content\/uploads\/2025\/08\/luggage-storage-deposito-bagagli-arezzo-lock-your-luggage-granducatogestioni-via-borgunto-7-arezzo-firenze-toscana.jpg\",\"width\":450,\"height\":300,\"caption\":\"Servizio deposito bagagli sicuro nel centro storico di Arezzo - custodia vigilata per turisti e viaggiatori Granducato Collection\"},{\"@type\":\"BreadcrumbList\",\"@id\":\"https:\/\/www.granducatocollection.com\/prodotto\/prodotto-deposito-bagagli\/#breadcrumb\",\"itemListElement\":[{\"@type\":\"ListItem\",\"position\":1,\"name\":\"Home\",\"item\":\"https:\/\/www.granducatocollection.com\/\"},{\"@type\":\"ListItem\",\"position\":2,\"name\":\"Shop\",\"item\":\"https:\/\/www.granducatocollection.com\/negozio\/\"},{\"@type\":\"ListItem\",\"position\":3,\"name\":\"Deposito Bagagli Sicuro \u2013 Centro di Arezzo | Granducato Collection\"}]},{\"@type\":\"WebSite\",\"@id\":\"https:\/\/www.granducatocollection.com\/#website\",\"url\":\"https:\/\/www.granducatocollection.com\/\",\"name\":\"GranDucato Collection\",\"description\":\"Prenota la tua vacanza e vivi un&#039;esperienza unica\",\"potentialAction\":[{\"@type\":\"SearchAction\",\"target\":{\"@type\":\"EntryPoint\",\"urlTemplate\":\"https:\/\/www.granducatocollection.com\/?s={search_term_string}\"},\"query-input\":{\"@type\":\"PropertyValueSpecification\",\"valueRequired\":true,\"valueName\":\"search_term_string\"}}],\"inLanguage\":\"de\"}]}<\/script>\n<!-- \/ Yoast SEO plugin. -->","yoast_head_json":{"title":"B&B Arezzo - Servizio di Deposito Bagagli - Granducato Collection","description":"Lascia i tuoi bagagli in sicurezza nel cuore di Arezzo. Deposito sorvegliato, aperto 7 giorni su 7. Prenota online e visita la citt\u00e0 liberi da ingombri.","robots":{"index":"index","follow":"follow","max-snippet":"max-snippet:-1","max-image-preview":"max-image-preview:large","max-video-preview":"max-video-preview:-1"},"canonical":"https:\/\/www.granducatocollection.com\/de\/product\/prodotto-deposito-bagagli\/","og_locale":"de_DE","og_type":"article","og_title":"B&B Arezzo - Servizio di Deposito Bagagli - Granducato Collection","og_description":"Lascia i tuoi bagagli in sicurezza nel cuore di Arezzo. Deposito sorvegliato, aperto 7 giorni su 7. Prenota online e visita la citt\u00e0 liberi da ingombri.","og_url":"https:\/\/www.granducatocollection.com\/de\/product\/prodotto-deposito-bagagli\/","og_site_name":"Granducato Collection","article_modified_time":"2026-04-04T21:22:16+00:00","og_image":[{"width":450,"height":300,"url":"https:\/\/www.granducatocollection.com\/wp-content\/uploads\/2025\/08\/luggage-storage-deposito-bagagli-arezzo-lock-your-luggage-granducatogestioni-via-borgunto-7-arezzo-firenze-toscana.jpg","type":"image\/jpeg"}],"twitter_card":"summary_large_image","twitter_misc":{"Gesch\u00e4tzte Lesezeit":"2\u00a0Minuten"},"schema":{"@context":"https:\/\/schema.org","@graph":[{"@type":"WebPage","@id":"https:\/\/www.granducatocollection.com\/prodotto\/prodotto-deposito-bagagli\/","url":"https:\/\/www.granducatocollection.com\/prodotto\/prodotto-deposito-bagagli\/","name":"B&B Arezzo - Servizio di Deposito Bagagli - Granducato Collection","isPartOf":{"@id":"https:\/\/www.granducatocollection.com\/#website"},"primaryImageOfPage":{"@id":"https:\/\/www.granducatocollection.com\/prodotto\/prodotto-deposito-bagagli\/#primaryimage"},"image":{"@id":"https:\/\/www.granducatocollection.com\/prodotto\/prodotto-deposito-bagagli\/#primaryimage"},"thumbnailUrl":"https:\/\/www.granducatocollection.com\/wp-content\/uploads\/2025\/08\/luggage-storage-deposito-bagagli-arezzo-lock-your-luggage-granducatogestioni-via-borgunto-7-arezzo-firenze-toscana.jpg","datePublished":"2025-08-08T11:24:46+00:00","dateModified":"2026-04-04T21:22:16+00:00","description":"Lascia i tuoi bagagli in sicurezza nel cuore di Arezzo. Deposito sorvegliato, aperto 7 giorni su 7. Prenota online e visita la citt\u00e0 liberi da ingombri.","breadcrumb":{"@id":"https:\/\/www.granducatocollection.com\/prodotto\/prodotto-deposito-bagagli\/#breadcrumb"},"inLanguage":"de","potentialAction":[{"@type":"ReadAction","target":["https:\/\/www.granducatocollection.com\/prodotto\/prodotto-deposito-bagagli\/"]}]},{"@type":"ImageObject","inLanguage":"de","@id":"https:\/\/www.granducatocollection.com\/prodotto\/prodotto-deposito-bagagli\/#primaryimage","url":"https:\/\/www.granducatocollection.com\/wp-content\/uploads\/2025\/08\/luggage-storage-deposito-bagagli-arezzo-lock-your-luggage-granducatogestioni-via-borgunto-7-arezzo-firenze-toscana.jpg","contentUrl":"https:\/\/www.granducatocollection.com\/wp-content\/uploads\/2025\/08\/luggage-storage-deposito-bagagli-arezzo-lock-your-luggage-granducatogestioni-via-borgunto-7-arezzo-firenze-toscana.jpg","width":450,"height":300,"caption":"Servizio deposito bagagli sicuro nel centro storico di Arezzo - custodia vigilata per turisti e viaggiatori Granducato Collection"},{"@type":"BreadcrumbList","@id":"https:\/\/www.granducatocollection.com\/prodotto\/prodotto-deposito-bagagli\/#breadcrumb","itemListElement":[{"@type":"ListItem","position":1,"name":"Home","item":"https:\/\/www.granducatocollection.com\/"},{"@type":"ListItem","position":2,"name":"Shop","item":"https:\/\/www.granducatocollection.com\/negozio\/"},{"@type":"ListItem","position":3,"name":"Deposito Bagagli Sicuro \u2013 Centro di Arezzo | Granducato Collection"}]},{"@type":"WebSite","@id":"https:\/\/www.granducatocollection.com\/#website","url":"https:\/\/www.granducatocollection.com\/","name":"GranDucato Collection","description":"Prenota la tua vacanza e vivi un&#039;esperienza unica","potentialAction":[{"@type":"SearchAction","target":{"@type":"EntryPoint","urlTemplate":"https:\/\/www.granducatocollection.com\/?s={search_term_string}"},"query-input":{"@type":"PropertyValueSpecification","valueRequired":true,"valueName":"search_term_string"}}],"inLanguage":"de"}]}},"_links":{"self":[{"href":"https:\/\/www.granducatocollection.com\/de\/wp-json\/wp\/v2\/product\/8375","targetHints":{"allow":["GET"]}}],"collection":[{"href":"https:\/\/www.granducatocollection.com\/de\/wp-json\/wp\/v2\/product"}],"about":[{"href":"https:\/\/www.granducatocollection.com\/de\/wp-json\/wp\/v2\/types\/product"}],"wp:featuredmedia":[{"embeddable":true,"href":"https:\/\/www.granducatocollection.com\/de\/wp-json\/wp\/v2\/media\/8377"}],"wp:attachment":[{"href":"https:\/\/www.granducatocollection.com\/de\/wp-json\/wp\/v2\/media?parent=8375"}],"wp:term":[{"taxonomy":"product_brand","embeddable":true,"href":"https:\/\/www.granducatocollection.com\/de\/wp-json\/wp\/v2\/product_brand?post=8375"},{"taxonomy":"product_cat","embeddable":true,"href":"https:\/\/www.granducatocollection.com\/de\/wp-json\/wp\/v2\/product_cat?post=8375"},{"taxonomy":"product_tag","embeddable":true,"href":"https:\/\/www.granducatocollection.com\/de\/wp-json\/wp\/v2\/product_tag?post=8375"}],"curies":[{"name":"wp","href":"https:\/\/api.w.org\/{rel}","templated":true}]}}