{"id":8154,"date":"2025-07-20T23:35:38","date_gmt":"2025-07-20T23:35:38","guid":{"rendered":"https:\/\/www.granducatocollection.com\/?post_type=product&#038;p=8154"},"modified":"2026-03-20T19:17:42","modified_gmt":"2026-03-20T19:17:42","slug":"maionese-tartufo-estivo","status":"publish","type":"product","link":"https:\/\/www.granducatocollection.com\/de\/product\/maionese-tartufo-estivo\/","title":{"rendered":"Sommertr\u00fcffelmayonnaise \u2013 Toskanisches Handwerksprodukt | Borgunto"},"content":{"rendered":"<p><script type=\"application\/ld+json\">{\n    \"@context\": \"https:\\\/\\\/schema.org\",\n    \"@type\": \"Product\",\n    \"@id\": \"https:\\\/\\\/www.granducatocollection.com\\\/prodotto\\\/maionese-tartufo-estivo\\\/\",\n    \"name\": \"Maionese al Tartufo Estivo \\u2013 Condimento Gourmet Borgunto\",\n    \"image\": \"https:\\\/\\\/www.granducatocollection.com\\\/wp-content\\\/uploads\\\/2026\\\/01\\\/maionese-tartufo-estivo-borgunto.jpg\",\n    \"description\": \"Maionese al tartufo estivo artigianale, realizzata ad Arezzo in Toscana. Condimento gourmet perfetto per panini gourmet, carni bianche o come regalo gourmet raffinato.\",\n    \"brand\": {\n        \"@type\": \"Organization\",\n        \"name\": \"Borgunto\"\n    },\n    \"offers\": {\n        \"@type\": \"Offer\",\n        \"url\": \"https:\\\/\\\/www.granducatocollection.com\\\/prodotto\\\/maionese-tartufo-estivo\\\/\",\n        \"priceCurrency\": \"EUR\",\n        \"price\": \"12.00\",\n        \"itemCondition\": \"https:\\\/\\\/schema.org\\\/NewCondition\",\n        \"availability\": \"https:\\\/\\\/schema.org\\\/InStock\",\n        \"seller\": {\n            \"@type\": \"Organization\",\n            \"name\": \"Granducato Collection\"\n        }\n    },\n    \"sku\": \"MAIONESE-TARTUFO-ESTIVO\"\n}<\/script><\/p>\n<h1>Sommertr\u00fcffelmayonnaise \u2013 Borgunto Gourmet Dressing<\/h1>\n<h2>Toskanisches Handwerksprodukt mit Sommertr\u00fcffel<\/h2>\n<p class=\"translation-block\">Die <strong>Sommertr\u00fcffel-Mayonnaise<\/strong> ist eine gourmethafte Innovation aus <strong>Arezzo<\/strong> in der <strong>Toskana<\/strong>, kreiert von <strong>Borgunto<\/strong>. Handwerklich hergestellt mit sorgf\u00e4ltig ausgew\u00e4hlten Zutaten und dem intensiven Aroma des edlen <strong>Sommertr\u00fcffels<\/strong> (summer truffle), verbindet sie die klassische Cremigkeit der Mayonnaise mit einer tiefgr\u00fcndig <strong>toskanischen<\/strong> Seele. Ohne Konservierungsstoffe ist sie die perfekte letzte Note, um einfache Aromen elegant hervorzuheben.<\/p>\n<h3>Vielseitig in der K\u00fcche: von Gourmet-Sandwiches bis hin zu raffinierten Gerichten<\/h3>\n<p class=\"translation-block\">Diese Mayonnaise eignet sich ideal f\u00fcr Gourmet-Sandwiches, helles Fleisch, hartgekochte Eier, gegrilltes Gem\u00fcse oder als Basis f\u00fcr Crostini und ist ein vielseitiger Helfer in der K\u00fcche. Ihr feines und dennoch unverwechselbares Aroma verleiht jedem Gericht eine raffinierte Note, ohne die anderen Zutaten zu \u00fcberdecken.<\/p>\n<h3>Symbol der Granducato-Kollektion: Italienische Handwerkskunst und Geschmack<\/h3>\n<p class=\"translation-block\">Dieses <strong>Gourmet-W\u00fcrzmittel<\/strong> verk\u00f6rpert die Werte der <strong>Granducato Collection<\/strong>: kontrollierte Produktion, Respekt vor der italienischen Gastronomietradition und Liebe zum Detail. Abgef\u00fcllt in einem eleganten Glas, ist es auch ein <strong>edles Gourmet-Geschenk<\/strong> f\u00fcr alle Liebhaber der authentischen italienischen K\u00fcche.<\/p>","protected":false},"excerpt":{"rendered":"<h1 class=\"translation-block\">Tr\u00fcffelmayonnaise<\/h1>\n<p class=\"translation-block\"><strong>Sommertr\u00fcffel-Mayonnaise<\/strong> handwerklich hergestellt in <strong>Tos<strong>Handgemachte Tr\u00fcffelmayonnaise<\/strong> aus der <strong>Toskana<\/strong>, hergestellt mit ausgew\u00e4hlten Zutaten. Eine <strong>gourmet W\u00fcrzso\u00dfe<\/strong>, perfekt f\u00fcr <strong>Gourmet-Sandwiches<\/strong>, <strong>Gefl\u00fcgel<\/strong>, Eier oder Gem\u00fcse. Exklusives Produkt der <strong>Granducato Collection<\/strong>, ideal auch als <strong>raffiniertes Gourmet-Geschenk<\/strong>.<\/p>","protected":false},"featured_media":8155,"template":"","meta":{"_acf_changed":false},"product_brand":[764],"product_cat":[845],"product_tag":[132,129,133,128,134,131,125,130,126,110],"class_list":{"0":"post-8154","1":"product","2":"type-product","3":"status-publish","4":"has-post-thumbnail","6":"product_brand-granducato-collection","7":"product_cat-confetture-e-specialita-gourmet","8":"product_tag-antipasto","9":"product_tag-artigianale","10":"product_tag-carne","11":"product_tag-condimento","12":"product_tag-formaggio","13":"product_tag-insalata","14":"product_tag-maionese","15":"product_tag-senza-conservanti","16":"product_tag-tartufo","17":"product_tag-toscana","19":"first","20":"instock","21":"shipping-taxable","22":"purchasable","23":"product-type-simple"},"acf":[],"yoast_head":"<!-- This site is optimized with the Yoast SEO plugin v26.7 - https:\/\/yoast.com\/wordpress\/plugins\/seo\/ -->\n<title>B&amp;B Arezzo - Maionese di Tartufo Estivo | Granducato Collection<\/title>\n<meta name=\"description\" content=\"Scopri la maionese di tartufo estivo Granduca Collection: cremosa, profumata e perfetta per piatti gourmet. Spedizione veloce in tutta Italia.\" \/>\n<meta name=\"robots\" content=\"index, follow, max-snippet:-1, max-image-preview:large, max-video-preview:-1\" \/>\n<link rel=\"canonical\" href=\"https:\/\/www.granducatocollection.com\/de\/product\/maionese-di-tartufo-estivo\/\" \/>\n<meta property=\"og:locale\" content=\"de_DE\" \/>\n<meta property=\"og:type\" content=\"article\" \/>\n<meta property=\"og:title\" content=\"B&amp;B Arezzo - Maionese di Tartufo Estivo | Granducato Collection\" \/>\n<meta property=\"og:description\" content=\"Scopri la maionese di tartufo estivo Granduca Collection: cremosa, profumata e perfetta per piatti gourmet. Spedizione veloce in tutta Italia.\" \/>\n<meta property=\"og:url\" content=\"https:\/\/www.granducatocollection.com\/de\/product\/maionese-di-tartufo-estivo\/\" \/>\n<meta property=\"og:site_name\" content=\"Granducato Collection\" \/>\n<meta property=\"article:modified_time\" content=\"2026-03-20T19:17:42+00:00\" \/>\n<meta property=\"og:image\" content=\"https:\/\/www.granducatocollection.com\/wp-content\/uploads\/2025\/07\/maionese_-700x700-1.webp\" \/>\n\t<meta property=\"og:image:width\" content=\"700\" \/>\n\t<meta property=\"og:image:height\" content=\"700\" \/>\n\t<meta property=\"og:image:type\" content=\"image\/webp\" \/>\n<meta name=\"twitter:card\" content=\"summary_large_image\" \/>\n<meta name=\"twitter:label1\" content=\"Gesch\u00e4tzte Lesezeit\" \/>\n\t<meta name=\"twitter:data1\" content=\"2\u00a0Minuten\" \/>\n<script type=\"application\/ld+json\" class=\"yoast-schema-graph\">{\"@context\":\"https:\/\/schema.org\",\"@graph\":[{\"@type\":\"WebPage\",\"@id\":\"https:\/\/www.granducatocollection.com\/prodotto\/maionese-tartufo-estivo\/\",\"url\":\"https:\/\/www.granducatocollection.com\/prodotto\/maionese-di-tartufo-estivo\/\",\"name\":\"B&B Arezzo - Maionese di Tartufo Estivo | Granducato Collection\",\"isPartOf\":{\"@id\":\"https:\/\/www.granducatocollection.com\/#website\"},\"primaryImageOfPage\":{\"@id\":\"https:\/\/www.granducatocollection.com\/prodotto\/maionese-di-tartufo-estivo\/#primaryimage\"},\"image\":{\"@id\":\"https:\/\/www.granducatocollection.com\/prodotto\/maionese-di-tartufo-estivo\/#primaryimage\"},\"thumbnailUrl\":\"https:\/\/www.granducatocollection.com\/wp-content\/uploads\/2025\/07\/maionese_-700x700-1.webp\",\"datePublished\":\"2025-07-20T23:35:38+00:00\",\"dateModified\":\"2026-03-20T19:17:42+00:00\",\"description\":\"Scopri la maionese di tartufo estivo Granduca Collection: cremosa, profumata e perfetta per piatti gourmet. Spedizione veloce in tutta Italia.\",\"breadcrumb\":{\"@id\":\"https:\/\/www.granducatocollection.com\/prodotto\/maionese-di-tartufo-estivo\/#breadcrumb\"},\"inLanguage\":\"de\",\"potentialAction\":[{\"@type\":\"ReadAction\",\"target\":[\"https:\/\/www.granducatocollection.com\/prodotto\/maionese-di-tartufo-estivo\/\"]}]},{\"@type\":\"ImageObject\",\"inLanguage\":\"de\",\"@id\":\"https:\/\/www.granducatocollection.com\/prodotto\/maionese-di-tartufo-estivo\/#primaryimage\",\"url\":\"https:\/\/www.granducatocollection.com\/wp-content\/uploads\/2025\/07\/maionese_-700x700-1.webp\",\"contentUrl\":\"https:\/\/www.granducatocollection.com\/wp-content\/uploads\/2025\/07\/maionese_-700x700-1.webp\",\"width\":700,\"height\":700,\"caption\":\"maionese di tartufo estivo\"},{\"@type\":\"BreadcrumbList\",\"@id\":\"https:\/\/www.granducatocollection.com\/prodotto\/maionese-di-tartufo-estivo\/#breadcrumb\",\"itemListElement\":[{\"@type\":\"ListItem\",\"position\":1,\"name\":\"Home\",\"item\":\"https:\/\/www.granducatocollection.com\/\"},{\"@type\":\"ListItem\",\"position\":2,\"name\":\"Shop\",\"item\":\"https:\/\/www.granducatocollection.com\/negozio\/\"},{\"@type\":\"ListItem\",\"position\":3,\"name\":\"Maionese di Tartufo Estivo &#8211; Prodotto Artigianale Toscano | Borgunto\"}]},{\"@type\":\"WebSite\",\"@id\":\"https:\/\/www.granducatocollection.com\/#website\",\"url\":\"https:\/\/www.granducatocollection.com\/\",\"name\":\"GranDucato Collection\",\"description\":\"Prenota la tua vacanza e vivi un&#039;esperienza unica\",\"potentialAction\":[{\"@type\":\"SearchAction\",\"target\":{\"@type\":\"EntryPoint\",\"urlTemplate\":\"https:\/\/www.granducatocollection.com\/?s={search_term_string}\"},\"query-input\":{\"@type\":\"PropertyValueSpecification\",\"valueRequired\":true,\"valueName\":\"search_term_string\"}}],\"inLanguage\":\"de\"}]}<\/script>\n<!-- \/ Yoast SEO plugin. -->","yoast_head_json":{"title":"B&B Arezzo - Maionese di Tartufo Estivo | Granducato Collection","description":"Scopri la maionese di tartufo estivo Granduca Collection: cremosa, profumata e perfetta per piatti gourmet. Spedizione veloce in tutta Italia.","robots":{"index":"index","follow":"follow","max-snippet":"max-snippet:-1","max-image-preview":"max-image-preview:large","max-video-preview":"max-video-preview:-1"},"canonical":"https:\/\/www.granducatocollection.com\/de\/product\/maionese-di-tartufo-estivo\/","og_locale":"de_DE","og_type":"article","og_title":"B&B Arezzo - Maionese di Tartufo Estivo | Granducato Collection","og_description":"Scopri la maionese di tartufo estivo Granduca Collection: cremosa, profumata e perfetta per piatti gourmet. Spedizione veloce in tutta Italia.","og_url":"https:\/\/www.granducatocollection.com\/de\/product\/maionese-di-tartufo-estivo\/","og_site_name":"Granducato Collection","article_modified_time":"2026-03-20T19:17:42+00:00","og_image":[{"width":700,"height":700,"url":"https:\/\/www.granducatocollection.com\/wp-content\/uploads\/2025\/07\/maionese_-700x700-1.webp","type":"image\/webp"}],"twitter_card":"summary_large_image","twitter_misc":{"Gesch\u00e4tzte Lesezeit":"2\u00a0Minuten"},"schema":{"@context":"https:\/\/schema.org","@graph":[{"@type":"WebPage","@id":"https:\/\/www.granducatocollection.com\/prodotto\/maionese-tartufo-estivo\/","url":"https:\/\/www.granducatocollection.com\/prodotto\/maionese-di-tartufo-estivo\/","name":"B&B Arezzo - Maionese di Tartufo Estivo | Granducato Collection","isPartOf":{"@id":"https:\/\/www.granducatocollection.com\/#website"},"primaryImageOfPage":{"@id":"https:\/\/www.granducatocollection.com\/prodotto\/maionese-di-tartufo-estivo\/#primaryimage"},"image":{"@id":"https:\/\/www.granducatocollection.com\/prodotto\/maionese-di-tartufo-estivo\/#primaryimage"},"thumbnailUrl":"https:\/\/www.granducatocollection.com\/wp-content\/uploads\/2025\/07\/maionese_-700x700-1.webp","datePublished":"2025-07-20T23:35:38+00:00","dateModified":"2026-03-20T19:17:42+00:00","description":"Scopri la maionese di tartufo estivo Granduca Collection: cremosa, profumata e perfetta per piatti gourmet. Spedizione veloce in tutta Italia.","breadcrumb":{"@id":"https:\/\/www.granducatocollection.com\/prodotto\/maionese-di-tartufo-estivo\/#breadcrumb"},"inLanguage":"de","potentialAction":[{"@type":"ReadAction","target":["https:\/\/www.granducatocollection.com\/prodotto\/maionese-di-tartufo-estivo\/"]}]},{"@type":"ImageObject","inLanguage":"de","@id":"https:\/\/www.granducatocollection.com\/prodotto\/maionese-di-tartufo-estivo\/#primaryimage","url":"https:\/\/www.granducatocollection.com\/wp-content\/uploads\/2025\/07\/maionese_-700x700-1.webp","contentUrl":"https:\/\/www.granducatocollection.com\/wp-content\/uploads\/2025\/07\/maionese_-700x700-1.webp","width":700,"height":700,"caption":"maionese di tartufo estivo"},{"@type":"BreadcrumbList","@id":"https:\/\/www.granducatocollection.com\/prodotto\/maionese-di-tartufo-estivo\/#breadcrumb","itemListElement":[{"@type":"ListItem","position":1,"name":"Home","item":"https:\/\/www.granducatocollection.com\/"},{"@type":"ListItem","position":2,"name":"Shop","item":"https:\/\/www.granducatocollection.com\/negozio\/"},{"@type":"ListItem","position":3,"name":"Maionese di Tartufo Estivo &#8211; Prodotto Artigianale Toscano | Borgunto"}]},{"@type":"WebSite","@id":"https:\/\/www.granducatocollection.com\/#website","url":"https:\/\/www.granducatocollection.com\/","name":"GranDucato Collection","description":"Prenota la tua vacanza e vivi un&#039;esperienza unica","potentialAction":[{"@type":"SearchAction","target":{"@type":"EntryPoint","urlTemplate":"https:\/\/www.granducatocollection.com\/?s={search_term_string}"},"query-input":{"@type":"PropertyValueSpecification","valueRequired":true,"valueName":"search_term_string"}}],"inLanguage":"de"}]}},"_links":{"self":[{"href":"https:\/\/www.granducatocollection.com\/de\/wp-json\/wp\/v2\/product\/8154","targetHints":{"allow":["GET"]}}],"collection":[{"href":"https:\/\/www.granducatocollection.com\/de\/wp-json\/wp\/v2\/product"}],"about":[{"href":"https:\/\/www.granducatocollection.com\/de\/wp-json\/wp\/v2\/types\/product"}],"wp:featuredmedia":[{"embeddable":true,"href":"https:\/\/www.granducatocollection.com\/de\/wp-json\/wp\/v2\/media\/8155"}],"wp:attachment":[{"href":"https:\/\/www.granducatocollection.com\/de\/wp-json\/wp\/v2\/media?parent=8154"}],"wp:term":[{"taxonomy":"product_brand","embeddable":true,"href":"https:\/\/www.granducatocollection.com\/de\/wp-json\/wp\/v2\/product_brand?post=8154"},{"taxonomy":"product_cat","embeddable":true,"href":"https:\/\/www.granducatocollection.com\/de\/wp-json\/wp\/v2\/product_cat?post=8154"},{"taxonomy":"product_tag","embeddable":true,"href":"https:\/\/www.granducatocollection.com\/de\/wp-json\/wp\/v2\/product_tag?post=8154"}],"curies":[{"name":"wp","href":"https:\/\/api.w.org\/{rel}","templated":true}]}}