{"id":8150,"date":"2025-07-20T23:06:52","date_gmt":"2025-07-20T23:06:52","guid":{"rendered":"https:\/\/www.granducatocollection.com\/?post_type=product&#038;p=8150"},"modified":"2026-04-20T22:53:04","modified_gmt":"2026-04-20T22:53:04","slug":"sugo-allaglione","status":"publish","type":"product","link":"https:\/\/www.granducatocollection.com\/de\/product\/sugo-allaglione\/","title":{"rendered":"Toskanische Knoblauchsauce \u2013 handwerklich hergestelltes Produkt | Borgunto"},"content":{"rendered":"<p><script type=\"application\/ld+json\">{\n    \"@context\": \"https:\\\/\\\/schema.org\",\n    \"@type\": \"Product\",\n    \"@id\": \"https:\\\/\\\/www.granducatocollection.com\\\/prodotto\\\/sugo-allaglione\\\/\",\n    \"name\": \"Sugo all'Aglione Toscano \\u2013 Borgunto\",\n    \"image\": \"https:\\\/\\\/www.granducatocollection.com\\\/wp-content\\\/uploads\\\/2026\\\/01\\\/sugo-all-aglione-borgunto.jpg\",\n    \"description\": \"Sugo all'aglione toscano artigianale con aglione delle colline aretine e pomodori maturi. Senza conservanti, perfetto per pasta fresca o crostini toscani. Prodotto da Borgunto in Toscana.\",\n    \"brand\": {\n        \"@type\": \"Brand\",\n        \"name\": \"Borgunto\"\n    },\n    \"offers\": {\n        \"@type\": \"Offer\",\n        \"url\": \"https:\\\/\\\/www.granducatocollection.com\\\/prodotto\\\/sugo-allaglione\\\/\",\n        \"priceCurrency\": \"EUR\",\n        \"price\": \"8.00\",\n        \"itemCondition\": \"https:\\\/\\\/schema.org\\\/NewCondition\",\n        \"availability\": \"https:\\\/\\\/schema.org\\\/InStock\",\n        \"seller\": {\n            \"@type\": \"Organization\",\n            \"name\": \"Granducato Collection\"\n        },\n        \"hasMerchantReturnPolicy\": {\n            \"@type\": \"MerchantReturnPolicy\",\n            \"returnPolicyCategory\": \"https:\\\/\\\/schema.org\\\/MerchantReturnFiniteReturnWindow\",\n            \"merchantReturnDays\": 14,\n            \"returnMethod\": \"https:\\\/\\\/schema.org\\\/ReturnByMail\",\n            \"returnFees\": \"https:\\\/\\\/schema.org\\\/FreeReturn\"\n        }\n    },\n    \"sku\": \"SUGO-AGLIONE-TOSCANO\"\n}<\/script><\/p>\n<h1>Toskanische Knoblauchsauce \u2013 Borgunto<\/h1>\n<h2>Toskanisches Handwerksprodukt mit Knoblauch aus den H\u00fcgeln von Arezzo<\/h2>\n<p class=\"translation-block\">Der <strong>Sugo all'Aglione Toscano<\/strong> ist eine Hommage an die <strong>toskanische Bauernk\u00fcche<\/strong>, hergestellt von <strong>Borgunto<\/strong> in <strong>Arezzo<\/strong>. Zubereitet mit <strong>Aglione aus den H\u00fcgeln von Arezzo<\/strong> \u2013 einer lokalen, milden und aromatischen Knoblauchsorte \u2013 und <strong>ausgew\u00e4hlten reifen Tomaten<\/strong>, folgt diese Sauce einem <strong>traditionellen Rezept<\/strong>, das seit Generationen weitergegeben wird. Langsam gekocht und <strong>ohne Konservierungsstoffe oder Farbstoffe<\/strong>, betont sie in jedem L\u00f6ffel den authentischen Geschmack der toskanischen Landschaft.<\/p>\n<h3>Perfekt f\u00fcr frische Pasta, Pici oder toskanische Crostini<\/h3>\n<p class=\"translation-block\">Die Aglione-Sauce passt ideal zu frischer Pasta, handgemachten Pici oder einfachen toskanischen Crostini. Sie ist in wenigen Minuten zubereitet und bietet ein tiefgr\u00fcndiges und authentisches Geschmackserlebnis. Die perfekte W\u00fcrze f\u00fcr alle, die Wert auf Einfachheit, Qualit\u00e4t und Tradition legen.<\/p>\n<h3>Symbol der Granducato-Kollektion: Herkunft, R\u00fcckverfolgbarkeit und Handwerkskunst<\/h3>\n<p class=\"translation-block\">Dieses in der Toskana handgefertigte Produkt verk\u00f6rpert die Werte der Granducato Collection: direkte Kontrolle der Rohstoffe, limitierte Produktion und h\u00f6chste Liebe zum Detail. Jedes Glas erz\u00e4hlt die Geschichte einer Region, in der Knoblauch nicht nur eine Zutat, sondern ein Symbol kulinarischer Identit\u00e4t ist.<\/p>","protected":false},"excerpt":{"rendered":"<h1>Toskanische Knoblauchsauce<\/h1>\n<p>Hergestellt mit lokalem Aglione aus den H\u00fcgeln von Arezzo und ausgew\u00e4hlten, reifen Tomaten. Ein traditionelles Rezept ohne Konservierungs- oder Farbstoffe, ideal zum Verfeinern von frischer Pasta oder Crostini. Handwerklich hergestellt in der Toskana, in wenigen Minuten zubereitet und mit dem authentischen Geschmack der toskanischen Landk\u00fcche.<br \/>\n<span style=\"color: white;\">sugo di pomodoro<\/span><br \/>\n<span style=\"color: white;\">pomodoro<\/span><br \/>\n<span style=\"color: white;\">pomarola<\/span><br \/>\n<span style=\"color: white;\">sugo toscano<\/span><\/p>","protected":false},"featured_media":11486,"template":"","meta":{"_acf_changed":false},"product_brand":[764],"product_cat":[844],"product_tag":[136,129,128,138,130,135,805,110],"class_list":{"0":"post-8150","1":"product","2":"type-product","3":"status-publish","4":"has-post-thumbnail","6":"product_brand-granducato-collection","7":"product_cat-cucina-pronta","8":"product_tag-aglione","9":"product_tag-artigianale","10":"product_tag-condimento","11":"product_tag-cucina-italiana","12":"product_tag-senza-conservanti","13":"product_tag-sugo","14":"product_tag-sugo-al-pomodoro","15":"product_tag-toscana","17":"first","18":"instock","19":"shipping-taxable","20":"purchasable","21":"product-type-simple"},"acf":[],"yoast_head":"<!-- This site is optimized with the Yoast SEO plugin v26.7 - https:\/\/yoast.com\/wordpress\/plugins\/seo\/ -->\n<title>B&amp;B Arezzo - Sugo all&#039;Aglione Toscano - Granducato Collection<\/title>\n<meta name=\"description\" content=\"Sugo all&#039;aglione artigianale toscano 200g | Gusto intenso e autentico della tradizione Toscana | Senza conservanti | Made in Italy | Acquista ora!\" \/>\n<meta name=\"robots\" content=\"index, follow, max-snippet:-1, max-image-preview:large, max-video-preview:-1\" \/>\n<link rel=\"canonical\" href=\"https:\/\/www.granducatocollection.com\/de\/product\/sugo-allaglione\/\" \/>\n<meta property=\"og:locale\" content=\"de_DE\" \/>\n<meta property=\"og:type\" content=\"article\" \/>\n<meta property=\"og:title\" content=\"B&amp;B Arezzo - Sugo all&#039;Aglione Toscano - Granducato Collection\" \/>\n<meta property=\"og:description\" content=\"Sugo all&#039;aglione artigianale toscano 200g | Gusto intenso e autentico della tradizione Toscana | Senza conservanti | Made in Italy | Acquista ora!\" \/>\n<meta property=\"og:url\" content=\"https:\/\/www.granducatocollection.com\/de\/product\/sugo-allaglione\/\" \/>\n<meta property=\"og:site_name\" content=\"Granducato Collection\" \/>\n<meta property=\"article:modified_time\" content=\"2026-04-20T22:53:04+00:00\" \/>\n<meta property=\"og:image\" content=\"https:\/\/www.granducatocollection.com\/wp-content\/uploads\/2025\/07\/sugo-allaglione-toscano-prodotto-artigianale-borgunto.png\" \/>\n\t<meta property=\"og:image:width\" content=\"500\" \/>\n\t<meta property=\"og:image:height\" content=\"500\" \/>\n\t<meta property=\"og:image:type\" content=\"image\/png\" \/>\n<meta name=\"twitter:card\" content=\"summary_large_image\" \/>\n<meta name=\"twitter:label1\" content=\"Gesch\u00e4tzte Lesezeit\" \/>\n\t<meta name=\"twitter:data1\" content=\"2\u00a0Minuten\" \/>\n<script type=\"application\/ld+json\" class=\"yoast-schema-graph\">{\"@context\":\"https:\/\/schema.org\",\"@graph\":[{\"@type\":\"WebPage\",\"@id\":\"https:\/\/www.granducatocollection.com\/prodotto\/sugo-allaglione\/\",\"url\":\"https:\/\/www.granducatocollection.com\/prodotto\/sugo-allaglione\/\",\"name\":\"B&B Arezzo - Sugo all'Aglione Toscano - Granducato Collection\",\"isPartOf\":{\"@id\":\"https:\/\/www.granducatocollection.com\/#website\"},\"primaryImageOfPage\":{\"@id\":\"https:\/\/www.granducatocollection.com\/prodotto\/sugo-allaglione\/#primaryimage\"},\"image\":{\"@id\":\"https:\/\/www.granducatocollection.com\/prodotto\/sugo-allaglione\/#primaryimage\"},\"thumbnailUrl\":\"https:\/\/www.granducatocollection.com\/wp-content\/uploads\/2025\/07\/sugo-allaglione-toscano-prodotto-artigianale-borgunto.png\",\"datePublished\":\"2025-07-20T23:06:52+00:00\",\"dateModified\":\"2026-04-20T22:53:04+00:00\",\"description\":\"Sugo all'aglione artigianale toscano 200g | Gusto intenso e autentico della tradizione Toscana | Senza conservanti | Made in Italy | Acquista ora!\",\"breadcrumb\":{\"@id\":\"https:\/\/www.granducatocollection.com\/prodotto\/sugo-allaglione\/#breadcrumb\"},\"inLanguage\":\"de\",\"potentialAction\":[{\"@type\":\"ReadAction\",\"target\":[\"https:\/\/www.granducatocollection.com\/prodotto\/sugo-allaglione\/\"]}]},{\"@type\":\"ImageObject\",\"inLanguage\":\"de\",\"@id\":\"https:\/\/www.granducatocollection.com\/prodotto\/sugo-allaglione\/#primaryimage\",\"url\":\"https:\/\/www.granducatocollection.com\/wp-content\/uploads\/2025\/07\/sugo-allaglione-toscano-prodotto-artigianale-borgunto.png\",\"contentUrl\":\"https:\/\/www.granducatocollection.com\/wp-content\/uploads\/2025\/07\/sugo-allaglione-toscano-prodotto-artigianale-borgunto.png\",\"width\":500,\"height\":500},{\"@type\":\"BreadcrumbList\",\"@id\":\"https:\/\/www.granducatocollection.com\/prodotto\/sugo-allaglione\/#breadcrumb\",\"itemListElement\":[{\"@type\":\"ListItem\",\"position\":1,\"name\":\"Home\",\"item\":\"https:\/\/www.granducatocollection.com\/\"},{\"@type\":\"ListItem\",\"position\":2,\"name\":\"Shop\",\"item\":\"https:\/\/www.granducatocollection.com\/negozio\/\"},{\"@type\":\"ListItem\",\"position\":3,\"name\":\"Sugo all\u2019Aglione Toscano &#8211; Prodotto Artigianale | Borgunto\"}]},{\"@type\":\"WebSite\",\"@id\":\"https:\/\/www.granducatocollection.com\/#website\",\"url\":\"https:\/\/www.granducatocollection.com\/\",\"name\":\"GranDucato Collection\",\"description\":\"Prenota la tua vacanza e vivi un&#039;esperienza unica\",\"potentialAction\":[{\"@type\":\"SearchAction\",\"target\":{\"@type\":\"EntryPoint\",\"urlTemplate\":\"https:\/\/www.granducatocollection.com\/?s={search_term_string}\"},\"query-input\":{\"@type\":\"PropertyValueSpecification\",\"valueRequired\":true,\"valueName\":\"search_term_string\"}}],\"inLanguage\":\"de\"}]}<\/script>\n<!-- \/ Yoast SEO plugin. -->","yoast_head_json":{"title":"B&B Arezzo - Sugo all'Aglione Toscano - Granducato Collection","description":"Sugo all'aglione artigianale toscano 200g | Gusto intenso e autentico della tradizione Toscana | Senza conservanti | Made in Italy | Acquista ora!","robots":{"index":"index","follow":"follow","max-snippet":"max-snippet:-1","max-image-preview":"max-image-preview:large","max-video-preview":"max-video-preview:-1"},"canonical":"https:\/\/www.granducatocollection.com\/de\/product\/sugo-allaglione\/","og_locale":"de_DE","og_type":"article","og_title":"B&B Arezzo - Sugo all'Aglione Toscano - Granducato Collection","og_description":"Sugo all'aglione artigianale toscano 200g | Gusto intenso e autentico della tradizione Toscana | Senza conservanti | Made in Italy | Acquista ora!","og_url":"https:\/\/www.granducatocollection.com\/de\/product\/sugo-allaglione\/","og_site_name":"Granducato Collection","article_modified_time":"2026-04-20T22:53:04+00:00","og_image":[{"width":500,"height":500,"url":"https:\/\/www.granducatocollection.com\/wp-content\/uploads\/2025\/07\/sugo-allaglione-toscano-prodotto-artigianale-borgunto.png","type":"image\/png"}],"twitter_card":"summary_large_image","twitter_misc":{"Gesch\u00e4tzte Lesezeit":"2\u00a0Minuten"},"schema":{"@context":"https:\/\/schema.org","@graph":[{"@type":"WebPage","@id":"https:\/\/www.granducatocollection.com\/prodotto\/sugo-allaglione\/","url":"https:\/\/www.granducatocollection.com\/prodotto\/sugo-allaglione\/","name":"B&B Arezzo - Sugo all'Aglione Toscano - Granducato Collection","isPartOf":{"@id":"https:\/\/www.granducatocollection.com\/#website"},"primaryImageOfPage":{"@id":"https:\/\/www.granducatocollection.com\/prodotto\/sugo-allaglione\/#primaryimage"},"image":{"@id":"https:\/\/www.granducatocollection.com\/prodotto\/sugo-allaglione\/#primaryimage"},"thumbnailUrl":"https:\/\/www.granducatocollection.com\/wp-content\/uploads\/2025\/07\/sugo-allaglione-toscano-prodotto-artigianale-borgunto.png","datePublished":"2025-07-20T23:06:52+00:00","dateModified":"2026-04-20T22:53:04+00:00","description":"Sugo all'aglione artigianale toscano 200g | Gusto intenso e autentico della tradizione Toscana | Senza conservanti | Made in Italy | Acquista ora!","breadcrumb":{"@id":"https:\/\/www.granducatocollection.com\/prodotto\/sugo-allaglione\/#breadcrumb"},"inLanguage":"de","potentialAction":[{"@type":"ReadAction","target":["https:\/\/www.granducatocollection.com\/prodotto\/sugo-allaglione\/"]}]},{"@type":"ImageObject","inLanguage":"de","@id":"https:\/\/www.granducatocollection.com\/prodotto\/sugo-allaglione\/#primaryimage","url":"https:\/\/www.granducatocollection.com\/wp-content\/uploads\/2025\/07\/sugo-allaglione-toscano-prodotto-artigianale-borgunto.png","contentUrl":"https:\/\/www.granducatocollection.com\/wp-content\/uploads\/2025\/07\/sugo-allaglione-toscano-prodotto-artigianale-borgunto.png","width":500,"height":500},{"@type":"BreadcrumbList","@id":"https:\/\/www.granducatocollection.com\/prodotto\/sugo-allaglione\/#breadcrumb","itemListElement":[{"@type":"ListItem","position":1,"name":"Home","item":"https:\/\/www.granducatocollection.com\/"},{"@type":"ListItem","position":2,"name":"Shop","item":"https:\/\/www.granducatocollection.com\/negozio\/"},{"@type":"ListItem","position":3,"name":"Sugo all\u2019Aglione Toscano &#8211; Prodotto Artigianale | Borgunto"}]},{"@type":"WebSite","@id":"https:\/\/www.granducatocollection.com\/#website","url":"https:\/\/www.granducatocollection.com\/","name":"GranDucato Collection","description":"Prenota la tua vacanza e vivi un&#039;esperienza unica","potentialAction":[{"@type":"SearchAction","target":{"@type":"EntryPoint","urlTemplate":"https:\/\/www.granducatocollection.com\/?s={search_term_string}"},"query-input":{"@type":"PropertyValueSpecification","valueRequired":true,"valueName":"search_term_string"}}],"inLanguage":"de"}]}},"_links":{"self":[{"href":"https:\/\/www.granducatocollection.com\/de\/wp-json\/wp\/v2\/product\/8150","targetHints":{"allow":["GET"]}}],"collection":[{"href":"https:\/\/www.granducatocollection.com\/de\/wp-json\/wp\/v2\/product"}],"about":[{"href":"https:\/\/www.granducatocollection.com\/de\/wp-json\/wp\/v2\/types\/product"}],"wp:featuredmedia":[{"embeddable":true,"href":"https:\/\/www.granducatocollection.com\/de\/wp-json\/wp\/v2\/media\/11486"}],"wp:attachment":[{"href":"https:\/\/www.granducatocollection.com\/de\/wp-json\/wp\/v2\/media?parent=8150"}],"wp:term":[{"taxonomy":"product_brand","embeddable":true,"href":"https:\/\/www.granducatocollection.com\/de\/wp-json\/wp\/v2\/product_brand?post=8150"},{"taxonomy":"product_cat","embeddable":true,"href":"https:\/\/www.granducatocollection.com\/de\/wp-json\/wp\/v2\/product_cat?post=8150"},{"taxonomy":"product_tag","embeddable":true,"href":"https:\/\/www.granducatocollection.com\/de\/wp-json\/wp\/v2\/product_tag?post=8150"}],"curies":[{"name":"wp","href":"https:\/\/api.w.org\/{rel}","templated":true}]}}