{"id":8147,"date":"2025-07-20T22:55:16","date_gmt":"2025-07-20T22:55:16","guid":{"rendered":"https:\/\/www.granducatocollection.com\/?post_type=product&#038;p=8147"},"modified":"2026-04-22T17:06:23","modified_gmt":"2026-04-22T17:06:23","slug":"ragu-di-chianina","status":"publish","type":"product","link":"https:\/\/www.granducatocollection.com\/de\/product\/ragu-di-chianina\/","title":{"rendered":"Chianina DOP Rag\u00f9 - Hochwertiges Fleisch | Borgunto"},"content":{"rendered":"<p><script type=\"application\/ld+json\">{\n    \"@context\": \"https:\\\/\\\/schema.org\",\n    \"@type\": \"Product\",\n    \"@id\": \"https:\\\/\\\/www.granducatocollection.com\\\/prodotto\\\/ragu-di-chianina\\\/\",\n    \"name\": \"Rag\\u00f9 di Chianina DOP \\u2013 Sughi Artigianali Borgunto\",\n    \"image\": \"https:\\\/\\\/www.granducatocollection.com\\\/wp-content\\\/uploads\\\/2026\\\/01\\\/ragu-di-chianina-dop-borgunto.jpg\",\n    \"description\": \"Rag\\u00f9 di Chianina DOP artigianale, preparato ad Arezzo in Toscana con carne della Val di Chiana. Senza conservanti, perfetto per pappardelle fatte in casa o come regalo gourmet italiano.\",\n    \"brand\": {\n        \"@type\": \"Organization\",\n        \"name\": \"Borgunto\"\n    },\n    \"offers\": {\n        \"@type\": \"Offer\",\n        \"url\": \"https:\\\/\\\/www.granducatocollection.com\\\/prodotto\\\/ragu-di-chianina\\\/\",\n        \"priceCurrency\": \"EUR\",\n        \"price\": \"16.00\",\n        \"itemCondition\": \"https:\\\/\\\/schema.org\\\/NewCondition\",\n        \"availability\": \"https:\\\/\\\/schema.org\\\/InStock\",\n        \"seller\": {\n            \"@type\": \"Organization\",\n            \"name\": \"Granducato Collection\"\n        }\n    },\n    \"sku\": \"RAGU-CHIANINA-DOP\"\n}<\/script><\/p>\n<h1>Chianina DOP Rinderragout \u2013 handgemachte Borgunto-Saucen<\/h1>\n<h2>Handwerklich hergestelltes toskanisches Produkt mit DOP Chianina-Rindfleisch aus dem Val di Chiana<\/h2>\n<p class=\"translation-block\">Der <strong>Rag\u00f9 di Chianina DOP<\/strong> ist eine Ikone der toskanischen K\u00fcche, hergestellt von <strong>Borgunto<\/strong> in <strong>Arezzo<\/strong> aus zertifiziertem Fleisch der renommierten Rinderrasse <strong>Chianina DOP<\/strong>, die im <strong>Val di Chiana<\/strong> aufgezogen wird. Langsam bei sanfter Hitze gekocht, ohne Konservierungsstoffe oder Zusatzstoffe, entfaltet diese handwerklich hergestellte Sauce einen reichen, authentischen Geschmack, der tief mit dem Territorium verwurzelt ist.<\/p>\n<h3>Perfekt zu hausgemachten Pappardelle oder als italienisches Feinschmeckergeschenk<\/h3>\n<p class=\"translation-block\">Das Chianina Rag\u00f9 passt hervorragend zu hausgemachten Pappardelle, Gnudi oder toskanischen Crostini und ist auch ein exquisites italienisches Gourmet-Geschenk. Dank seiner eleganten Verpackung eignet es sich perfekt f\u00fcr Weihnachten, Jubil\u00e4en oder um jemanden zu \u00fcberraschen, der die authentische italienische K\u00fcche liebt.<\/p>\n<h3>Symbol der Granducato-Kollektion: Tradition, R\u00fcckverfolgbarkeit und Qualit\u00e4t<\/h3>\n<p class=\"translation-block\">Diese <strong>handgemachte toskanische Sauce<\/strong> verk\u00f6rpert die Werte der <strong>Granducato Collection<\/strong>: direkte Kontrolle der Rohstoffe, Respekt vor der kulinarischen Tradition aus Arezzo und limitierte Produktion. Jedes Glas erz\u00e4hlt die Geschichte eines Landes \u2013 der Toskana \u2013, in dem Einfachheit zur Exzellenz wird.<\/p>","protected":false},"excerpt":{"rendered":"<h1>Chianina D.O.P. Rag\u00f9<\/h1>\n<p class=\"translation-block\">Zubereitet mit Fleisch der renommierten Rinderrasse <strong>Chianina<\/strong>, dem Symbol der <strong>Val di Chiana<\/strong> in der <strong>Toskana<\/strong>.<br>\n<em>Langsame, handwerkliche Zubereitung ohne Konservierungsstoffe<\/em> f\u00fcr eine reichhaltige, aromatische und authentische Sauce.<br>\nPerfekt zu <strong>hausgemachten Pappardelle<\/strong> oder f\u00fcr traditionelle toskanische Rezepte.<br>\nExklusives Produkt von <strong>Borgunto<\/strong>, verpackt im Glas \u00e0 290 g.<\/p>\n<div style=\"margin: 20px 0; padding: 15px 0;\">\n<div style=\"display: flex; flex-direction: column; gap: 12px;\">\n<p>     <!-- === PULSANTI CIRCOLARI AMAZON &#038; EBAY === --><\/p>\n<div style=\"margin: 20px 0; padding: 15px 0; display: flex; gap: 16px; justify-content: flex-start; flex-wrap: wrap;\">\n<p>  <!-- Amazon Circular Button --><br \/>\n  <a href=\"https:\/\/www.amazon.it\/Borgunto%C2%AE-Chianina-Pomodoro-Italiano-200gr\/dp\/B0CL5CH1ZW?ref_=ast_sto_dp&#038;th=1&#038;psc=1\" \n     target=\"_blank\" \n     rel=\"noopener noreferrer\" \n     style=\"display: flex; align-items: center; justify-content: center; width: 60px; height: 60px; border-radius: 50%; text-decoration: none !important; background: linear-gradient(135deg, #FF9900, #FFB14D); color: #232F3E; box-shadow: 0 4px 12px rgba(0,0,0,0.15); transition: all 0.3s ease; position: relative; border: 2px solid transparent;\"\n     onmouseover=\"this.style.transform='scale(1.08)'; this.style.boxShadow='0 6px 20px rgba(0,0,0,0.25)';\"\n     onmouseout=\"this.style.transform='scale(1)'; this.style.boxShadow='0 4px 12px rgba(0,0,0,0.15)';\"><br \/>\n    <img decoding=\"async\" src=\"https:\/\/cdn.iconscout.com\/icon\/free\/png-256\/free-amazon-logo-icon-svg-download-png-1583154.png?f=webp\" \n         alt=\"Amazon\" \n         style=\"width: 32px !important; height: 32px !important; object-fit: contain; display: block;\"><br \/>\n    <span style=\"position: absolute; bottom: -35px; left: 50%; transform: translateX(-50%); white-space: nowrap; font-size: 12px; font-weight: 600; color: #333; opacity: 0; transition: opacity 0.2s; pointer-events: none;\">Acquista su Amazon<\/span><br \/>\n  <\/a><\/p>\n<p>  <!-- eBay Circular Button --><br \/>\n  <a href=\"https:\/\/www.ebay.it\/itm\/376801152055?itmmeta=01KNME3GH112JJBCKJ82DFCAY9&#038;hash=item57bb194c37:g:~fEAAeSwQLZpS~3g\" \n     target=\"_blank\" \n     rel=\"noopener noreferrer\" \n     style=\"display: flex; align-items: center; justify-content: center; width: 60px; height: 60px; border-radius: 50%; text-decoration: none !important; background: linear-gradient(135deg, #E53238 0%, #0064D2 50%, #F5AF02 100%); background-size: 200% 200%; color: white; box-shadow: 0 4px 12px rgba(0,0,0,0.15); transition: all 0.3s ease; position: relative; border: 2px solid transparent;\"\n     onmouseover=\"this.style.transform='scale(1.08)'; this.style.boxShadow='0 6px 20px rgba(0,0,0,0.25)'; this.style.backgroundPosition='right center';\"\n     onmouseout=\"this.style.transform='scale(1)'; this.style.boxShadow='0 4px 12px rgba(0,0,0,0.15)'; this.style.backgroundPosition='left center';\"><br \/>\n    <img decoding=\"async\" src=\"https:\/\/storage.googleapis.com\/msgsndr\/z6XdTU91SOnHw123nyir\/media\/67c87de08123744ce68ae3c9.webp\" \n         alt=\"eBay\" \n         style=\"width: 32px !important; height: 32px !important; object-fit: contain; display: block;\"><br \/>\n    <span style=\"position: absolute; bottom: -35px; left: 50%; transform: translateX(-50%); white-space: nowrap; font-size: 12px; font-weight: 600; color: #333; opacity: 0; transition: opacity 0.2s; pointer-events: none;\">Acquista su eBay<\/span><br \/>\n  <\/a><\/p>\n<\/div>\n<p><!-- === FINE PULSANTI CIRCOLARI === --><\/p>","protected":false},"featured_media":8148,"template":"","meta":{"_acf_changed":false},"product_brand":[764],"product_cat":[844],"product_tag":[140,128,137,142,139,130,804],"class_list":{"0":"post-8147","1":"product","2":"type-product","3":"status-publish","4":"has-post-thumbnail","6":"product_brand-granducato-collection","7":"product_cat-cucina-pronta","8":"product_tag-chianina","9":"product_tag-condimento","10":"product_tag-pasta","11":"product_tag-polenta","12":"product_tag-ragu","13":"product_tag-senza-conservanti","14":"product_tag-sugo-di-carne","16":"first","17":"instock","18":"shipping-taxable","19":"purchasable","20":"product-type-simple"},"acf":[],"yoast_head":"<!-- This site is optimized with the Yoast SEO plugin v26.7 - https:\/\/yoast.com\/wordpress\/plugins\/seo\/ -->\n<title>B&amp;B Arezzo - Rag\u00f9 di Chianina Toscana - Granducato Collection<\/title>\n<meta name=\"description\" content=\"Scopri il nostro esclusivo Rag\u00f9 di Chianina IGP, preparato con carne di razza Chianina allevata in Toscana. Ricetta tradizionale, senza conservanti.\" \/>\n<meta name=\"robots\" content=\"index, follow, max-snippet:-1, max-image-preview:large, max-video-preview:-1\" \/>\n<link rel=\"canonical\" href=\"https:\/\/www.granducatocollection.com\/de\/product\/ragu-di-chianina\/\" \/>\n<meta property=\"og:locale\" content=\"de_DE\" \/>\n<meta property=\"og:type\" content=\"article\" \/>\n<meta property=\"og:title\" content=\"B&amp;B Arezzo - Rag\u00f9 di Chianina Toscana - Granducato Collection\" \/>\n<meta property=\"og:description\" content=\"Scopri il nostro esclusivo Rag\u00f9 di Chianina IGP, preparato con carne di razza Chianina allevata in Toscana. Ricetta tradizionale, senza conservanti.\" \/>\n<meta property=\"og:url\" content=\"https:\/\/www.granducatocollection.com\/de\/product\/ragu-di-chianina\/\" \/>\n<meta property=\"og:site_name\" content=\"Granducato Collection\" \/>\n<meta property=\"article:modified_time\" content=\"2026-04-22T17:06:23+00:00\" \/>\n<meta property=\"og:image\" content=\"https:\/\/www.granducatocollection.com\/wp-content\/uploads\/2025\/07\/ragu-di-chianina-prodotto-borgunto.webp.webp\" \/>\n\t<meta property=\"og:image:width\" content=\"1920\" \/>\n\t<meta property=\"og:image:height\" content=\"1920\" \/>\n\t<meta property=\"og:image:type\" content=\"image\/webp\" \/>\n<meta name=\"twitter:card\" content=\"summary_large_image\" \/>\n<meta name=\"twitter:label1\" content=\"Gesch\u00e4tzte Lesezeit\" \/>\n\t<meta name=\"twitter:data1\" content=\"2\u00a0Minuten\" \/>\n<script type=\"application\/ld+json\" class=\"yoast-schema-graph\">{\"@context\":\"https:\/\/schema.org\",\"@graph\":[{\"@type\":\"WebPage\",\"@id\":\"https:\/\/www.granducatocollection.com\/prodotto\/ragu-di-chianina\/\",\"url\":\"https:\/\/www.granducatocollection.com\/prodotto\/ragu-di-chianina\/\",\"name\":\"B&B Arezzo - Rag\u00f9 di Chianina Toscana - Granducato Collection\",\"isPartOf\":{\"@id\":\"https:\/\/www.granducatocollection.com\/#website\"},\"primaryImageOfPage\":{\"@id\":\"https:\/\/www.granducatocollection.com\/prodotto\/ragu-di-chianina\/#primaryimage\"},\"image\":{\"@id\":\"https:\/\/www.granducatocollection.com\/prodotto\/ragu-di-chianina\/#primaryimage\"},\"thumbnailUrl\":\"https:\/\/www.granducatocollection.com\/wp-content\/uploads\/2025\/07\/ragu-di-chianina-prodotto-borgunto.webp.webp\",\"datePublished\":\"2025-07-20T22:55:16+00:00\",\"dateModified\":\"2026-04-22T17:06:23+00:00\",\"description\":\"Scopri il nostro esclusivo Rag\u00f9 di Chianina IGP, preparato con carne di razza Chianina allevata in Toscana. Ricetta tradizionale, senza conservanti.\",\"breadcrumb\":{\"@id\":\"https:\/\/www.granducatocollection.com\/prodotto\/ragu-di-chianina\/#breadcrumb\"},\"inLanguage\":\"de\",\"potentialAction\":[{\"@type\":\"ReadAction\",\"target\":[\"https:\/\/www.granducatocollection.com\/prodotto\/ragu-di-chianina\/\"]}]},{\"@type\":\"ImageObject\",\"inLanguage\":\"de\",\"@id\":\"https:\/\/www.granducatocollection.com\/prodotto\/ragu-di-chianina\/#primaryimage\",\"url\":\"https:\/\/www.granducatocollection.com\/wp-content\/uploads\/2025\/07\/ragu-di-chianina-prodotto-borgunto.webp.webp\",\"contentUrl\":\"https:\/\/www.granducatocollection.com\/wp-content\/uploads\/2025\/07\/ragu-di-chianina-prodotto-borgunto.webp.webp\",\"width\":1920,\"height\":1920,\"caption\":\"Rag\u00f9 di Chianina DOP carne alta qualit\u00e0 sugo artigianale toscano\"},{\"@type\":\"BreadcrumbList\",\"@id\":\"https:\/\/www.granducatocollection.com\/prodotto\/ragu-di-chianina\/#breadcrumb\",\"itemListElement\":[{\"@type\":\"ListItem\",\"position\":1,\"name\":\"Home\",\"item\":\"https:\/\/www.granducatocollection.com\/\"},{\"@type\":\"ListItem\",\"position\":2,\"name\":\"Shop\",\"item\":\"https:\/\/www.granducatocollection.com\/negozio\/\"},{\"@type\":\"ListItem\",\"position\":3,\"name\":\"Rag\u00f9 di Chianina DOP &#8211; Carne di Alta Qualit\u00e0 | Borgunto\"}]},{\"@type\":\"WebSite\",\"@id\":\"https:\/\/www.granducatocollection.com\/#website\",\"url\":\"https:\/\/www.granducatocollection.com\/\",\"name\":\"GranDucato Collection\",\"description\":\"Prenota la tua vacanza e vivi un&#039;esperienza unica\",\"potentialAction\":[{\"@type\":\"SearchAction\",\"target\":{\"@type\":\"EntryPoint\",\"urlTemplate\":\"https:\/\/www.granducatocollection.com\/?s={search_term_string}\"},\"query-input\":{\"@type\":\"PropertyValueSpecification\",\"valueRequired\":true,\"valueName\":\"search_term_string\"}}],\"inLanguage\":\"de\"}]}<\/script>\n<!-- \/ Yoast SEO plugin. -->","yoast_head_json":{"title":"B&B Arezzo - Rag\u00f9 di Chianina Toscana - Granducato Collection","description":"Scopri il nostro esclusivo Rag\u00f9 di Chianina IGP, preparato con carne di razza Chianina allevata in Toscana. Ricetta tradizionale, senza conservanti.","robots":{"index":"index","follow":"follow","max-snippet":"max-snippet:-1","max-image-preview":"max-image-preview:large","max-video-preview":"max-video-preview:-1"},"canonical":"https:\/\/www.granducatocollection.com\/de\/product\/ragu-di-chianina\/","og_locale":"de_DE","og_type":"article","og_title":"B&B Arezzo - Rag\u00f9 di Chianina Toscana - Granducato Collection","og_description":"Scopri il nostro esclusivo Rag\u00f9 di Chianina IGP, preparato con carne di razza Chianina allevata in Toscana. Ricetta tradizionale, senza conservanti.","og_url":"https:\/\/www.granducatocollection.com\/de\/product\/ragu-di-chianina\/","og_site_name":"Granducato Collection","article_modified_time":"2026-04-22T17:06:23+00:00","og_image":[{"width":1920,"height":1920,"url":"https:\/\/www.granducatocollection.com\/wp-content\/uploads\/2025\/07\/ragu-di-chianina-prodotto-borgunto.webp.webp","type":"image\/webp"}],"twitter_card":"summary_large_image","twitter_misc":{"Gesch\u00e4tzte Lesezeit":"2\u00a0Minuten"},"schema":{"@context":"https:\/\/schema.org","@graph":[{"@type":"WebPage","@id":"https:\/\/www.granducatocollection.com\/prodotto\/ragu-di-chianina\/","url":"https:\/\/www.granducatocollection.com\/prodotto\/ragu-di-chianina\/","name":"B&B Arezzo - Rag\u00f9 di Chianina Toscana - Granducato Collection","isPartOf":{"@id":"https:\/\/www.granducatocollection.com\/#website"},"primaryImageOfPage":{"@id":"https:\/\/www.granducatocollection.com\/prodotto\/ragu-di-chianina\/#primaryimage"},"image":{"@id":"https:\/\/www.granducatocollection.com\/prodotto\/ragu-di-chianina\/#primaryimage"},"thumbnailUrl":"https:\/\/www.granducatocollection.com\/wp-content\/uploads\/2025\/07\/ragu-di-chianina-prodotto-borgunto.webp.webp","datePublished":"2025-07-20T22:55:16+00:00","dateModified":"2026-04-22T17:06:23+00:00","description":"Scopri il nostro esclusivo Rag\u00f9 di Chianina IGP, preparato con carne di razza Chianina allevata in Toscana. Ricetta tradizionale, senza conservanti.","breadcrumb":{"@id":"https:\/\/www.granducatocollection.com\/prodotto\/ragu-di-chianina\/#breadcrumb"},"inLanguage":"de","potentialAction":[{"@type":"ReadAction","target":["https:\/\/www.granducatocollection.com\/prodotto\/ragu-di-chianina\/"]}]},{"@type":"ImageObject","inLanguage":"de","@id":"https:\/\/www.granducatocollection.com\/prodotto\/ragu-di-chianina\/#primaryimage","url":"https:\/\/www.granducatocollection.com\/wp-content\/uploads\/2025\/07\/ragu-di-chianina-prodotto-borgunto.webp.webp","contentUrl":"https:\/\/www.granducatocollection.com\/wp-content\/uploads\/2025\/07\/ragu-di-chianina-prodotto-borgunto.webp.webp","width":1920,"height":1920,"caption":"Rag\u00f9 di Chianina DOP carne alta qualit\u00e0 sugo artigianale toscano"},{"@type":"BreadcrumbList","@id":"https:\/\/www.granducatocollection.com\/prodotto\/ragu-di-chianina\/#breadcrumb","itemListElement":[{"@type":"ListItem","position":1,"name":"Home","item":"https:\/\/www.granducatocollection.com\/"},{"@type":"ListItem","position":2,"name":"Shop","item":"https:\/\/www.granducatocollection.com\/negozio\/"},{"@type":"ListItem","position":3,"name":"Rag\u00f9 di Chianina DOP &#8211; Carne di Alta Qualit\u00e0 | Borgunto"}]},{"@type":"WebSite","@id":"https:\/\/www.granducatocollection.com\/#website","url":"https:\/\/www.granducatocollection.com\/","name":"GranDucato Collection","description":"Prenota la tua vacanza e vivi un&#039;esperienza unica","potentialAction":[{"@type":"SearchAction","target":{"@type":"EntryPoint","urlTemplate":"https:\/\/www.granducatocollection.com\/?s={search_term_string}"},"query-input":{"@type":"PropertyValueSpecification","valueRequired":true,"valueName":"search_term_string"}}],"inLanguage":"de"}]}},"_links":{"self":[{"href":"https:\/\/www.granducatocollection.com\/de\/wp-json\/wp\/v2\/product\/8147","targetHints":{"allow":["GET"]}}],"collection":[{"href":"https:\/\/www.granducatocollection.com\/de\/wp-json\/wp\/v2\/product"}],"about":[{"href":"https:\/\/www.granducatocollection.com\/de\/wp-json\/wp\/v2\/types\/product"}],"wp:featuredmedia":[{"embeddable":true,"href":"https:\/\/www.granducatocollection.com\/de\/wp-json\/wp\/v2\/media\/8148"}],"wp:attachment":[{"href":"https:\/\/www.granducatocollection.com\/de\/wp-json\/wp\/v2\/media?parent=8147"}],"wp:term":[{"taxonomy":"product_brand","embeddable":true,"href":"https:\/\/www.granducatocollection.com\/de\/wp-json\/wp\/v2\/product_brand?post=8147"},{"taxonomy":"product_cat","embeddable":true,"href":"https:\/\/www.granducatocollection.com\/de\/wp-json\/wp\/v2\/product_cat?post=8147"},{"taxonomy":"product_tag","embeddable":true,"href":"https:\/\/www.granducatocollection.com\/de\/wp-json\/wp\/v2\/product_tag?post=8147"}],"curies":[{"name":"wp","href":"https:\/\/api.w.org\/{rel}","templated":true}]}}