{"id":7965,"date":"2025-07-07T16:05:00","date_gmt":"2025-07-07T16:05:00","guid":{"rendered":"https:\/\/www.granducatocollection.com\/?post_type=product&#038;p=7965"},"modified":"2026-04-06T10:07:00","modified_gmt":"2026-04-06T10:07:00","slug":"borgunto-nettare-di-pesche-mele-fragole-e-pera-frutta","status":"publish","type":"product","link":"https:\/\/www.granducatocollection.com\/de\/product\/borgunto-nettare-di-pesche-mele-fragole-e-pera-frutta\/","title":{"rendered":"Nettare di Fragola Biologico Borgunto \u2013 100% Frutta Toscana | Succhi Naturali"},"content":{"rendered":"<h1>Nettare di Pesca Biologico Prodotto in Toscana<\/h1>\n<h2>Agricoltura Sostenibile e Origine Valdichiana<\/h2>\n<p>Realizzato con pesche selezionate della Valdichiana, il nostro nettare \u00e8 simbolo di agricoltura sostenibile toscana. Ogni frutto \u00e8 scelto per garantire la massima qualit\u00e0 e rispetto per il territorio.<\/p>\n<h3>Lavorazione Artigianale Senza Conservanti<\/h3>\n<p>Il nettare viene estratto a freddo e pastorizzato senza conservanti, preservando le propriet\u00e0 naturali. \u00c8 arricchito solo con acqua e zucchero di canna per un risultato puro e trasparente.<\/p>\n<h2>Gusto Vellutato per il Tuo Benessere<\/h2>\n<p>Offre un gusto dolce, fresco e vellutato, pensato per chi cerca genuinit\u00e0 e benessere in ogni sorso. Un prodotto biologico che unisce tradizione e salute.<\/p>\n<h3>Ideale per Colazione e Smoothie Naturali<\/h3>\n<p>Perfetto per colazione, merenda o come base per smoothie naturali. La confezione da 200 ml \u00e8 pratica e ideale per portare con s\u00e9 il gusto della Toscana ovunque.<\/p>","protected":false},"excerpt":{"rendered":"<h1>Bio-Pfirsichnektar<\/h1>\n<p>Bio-Pfirsichnektar aus nachhaltiger Landwirtschaft in der Toskana. Hergestellt aus ausgew\u00e4hlten Valdichiana-Pfirsichen, kaltgepresst und pasteurisiert ohne Konservierungsstoffe. Nur mit Wasser und Rohrzucker angereichert, bietet er einen s\u00fc\u00dfen, frischen und samtigen Geschmack. Perfekt zum Fr\u00fchst\u00fcck, als Snack oder als Basis f\u00fcr nat\u00fcrliche Smoothies. Die 200-ml-Flasche ist ideal f\u00fcr alle, die Authentizit\u00e4t und Wohlbefinden bei jedem Schluck suchen.<\/p>","protected":false},"featured_media":7967,"template":"","meta":{"_acf_changed":false},"product_brand":[764],"product_cat":[843],"product_tag":[129,149,147,144,146,151,143,148,145,130],"class_list":{"0":"post-7965","1":"product","2":"type-product","3":"status-publish","4":"has-post-thumbnail","6":"product_brand-granducato-collection","7":"product_cat-box-e-degustazioni","8":"product_tag-artigianale","9":"product_tag-bevanda","10":"product_tag-fragole","11":"product_tag-frutta","12":"product_tag-mele","13":"product_tag-naturale","14":"product_tag-nettare","15":"product_tag-pera","16":"product_tag-pesche","17":"product_tag-senza-conservanti","19":"first","20":"instock","21":"shipping-taxable","22":"purchasable","23":"product-type-simple"},"acf":[],"yoast_head":"<!-- This site is optimized with the Yoast SEO plugin v26.7 - https:\/\/yoast.com\/wordpress\/plugins\/seo\/ -->\n<title>B&amp;B Arezzo - I nostri Nettari di Frutta - Granducato Collection<\/title>\n<meta name=\"description\" content=\"Scopri Borgunto Nettare: il mix naturale di pesche, mele e fragole della campagna toscana. Fresco, genuino e disponibile online su granducatocollection.com\" \/>\n<meta name=\"robots\" content=\"index, follow, max-snippet:-1, max-image-preview:large, max-video-preview:-1\" \/>\n<link rel=\"canonical\" href=\"https:\/\/www.granducatocollection.com\/de\/product\/borgunto-nettare-di-pesche-mele-fragole-e-pera-frutta\/\" \/>\n<meta property=\"og:locale\" content=\"de_DE\" \/>\n<meta property=\"og:type\" content=\"article\" \/>\n<meta property=\"og:title\" content=\"B&amp;B Arezzo - I nostri Nettari di Frutta - Granducato Collection\" \/>\n<meta property=\"og:description\" content=\"Scopri Borgunto Nettare: il mix naturale di pesche, mele e fragole della campagna toscana. Fresco, genuino e disponibile online su granducatocollection.com\" \/>\n<meta property=\"og:url\" content=\"https:\/\/www.granducatocollection.com\/de\/product\/borgunto-nettare-di-pesche-mele-fragole-e-pera-frutta\/\" \/>\n<meta property=\"og:site_name\" content=\"Granducato Collection\" \/>\n<meta property=\"article:modified_time\" content=\"2026-04-06T10:07:00+00:00\" \/>\n<meta property=\"og:image\" content=\"https:\/\/www.granducatocollection.com\/wp-content\/uploads\/2025\/07\/nettare-di-FRAGOLA-150x150-2.webp\" \/>\n\t<meta property=\"og:image:width\" content=\"200\" \/>\n\t<meta property=\"og:image:height\" content=\"200\" \/>\n\t<meta property=\"og:image:type\" content=\"image\/webp\" \/>\n<meta name=\"twitter:card\" content=\"summary_large_image\" \/>\n<meta name=\"twitter:label1\" content=\"Gesch\u00e4tzte Lesezeit\" \/>\n\t<meta name=\"twitter:data1\" content=\"1\u00a0Minute\" \/>\n<script type=\"application\/ld+json\" class=\"yoast-schema-graph\">{\"@context\":\"https:\/\/schema.org\",\"@graph\":[{\"@type\":\"WebPage\",\"@id\":\"https:\/\/www.granducatocollection.com\/prodotto\/borgunto-nettare-di-pesche-mele-fragole-e-pera-frutta\/\",\"url\":\"https:\/\/www.granducatocollection.com\/prodotto\/borgunto-nettare-di-pesche-mele-fragole-e-pera-frutta\/\",\"name\":\"B&B Arezzo - I nostri Nettari di Frutta - Granducato Collection\",\"isPartOf\":{\"@id\":\"https:\/\/www.granducatocollection.com\/#website\"},\"primaryImageOfPage\":{\"@id\":\"https:\/\/www.granducatocollection.com\/prodotto\/borgunto-nettare-di-pesche-mele-fragole-e-pera-frutta\/#primaryimage\"},\"image\":{\"@id\":\"https:\/\/www.granducatocollection.com\/prodotto\/borgunto-nettare-di-pesche-mele-fragole-e-pera-frutta\/#primaryimage\"},\"thumbnailUrl\":\"https:\/\/www.granducatocollection.com\/wp-content\/uploads\/2025\/07\/nettare-di-FRAGOLA-150x150-2.webp\",\"datePublished\":\"2025-07-07T16:05:00+00:00\",\"dateModified\":\"2026-04-06T10:07:00+00:00\",\"description\":\"Scopri Borgunto Nettare: il mix naturale di pesche, mele e fragole della campagna toscana. Fresco, genuino e disponibile online su granducatocollection.com\",\"breadcrumb\":{\"@id\":\"https:\/\/www.granducatocollection.com\/prodotto\/borgunto-nettare-di-pesche-mele-fragole-e-pera-frutta\/#breadcrumb\"},\"inLanguage\":\"de\",\"potentialAction\":[{\"@type\":\"ReadAction\",\"target\":[\"https:\/\/www.granducatocollection.com\/prodotto\/borgunto-nettare-di-pesche-mele-fragole-e-pera-frutta\/\"]}]},{\"@type\":\"ImageObject\",\"inLanguage\":\"de\",\"@id\":\"https:\/\/www.granducatocollection.com\/prodotto\/borgunto-nettare-di-pesche-mele-fragole-e-pera-frutta\/#primaryimage\",\"url\":\"https:\/\/www.granducatocollection.com\/wp-content\/uploads\/2025\/07\/nettare-di-FRAGOLA-150x150-2.webp\",\"contentUrl\":\"https:\/\/www.granducatocollection.com\/wp-content\/uploads\/2025\/07\/nettare-di-FRAGOLA-150x150-2.webp\",\"width\":200,\"height\":200,\"caption\":\"Box regalo Allegra Toscana con selezione prodotti tipici: vino Chianti, olio EVO e specialit\u00e0 artigianali del territorio aretino\"},{\"@type\":\"BreadcrumbList\",\"@id\":\"https:\/\/www.granducatocollection.com\/prodotto\/borgunto-nettare-di-pesche-mele-fragole-e-pera-frutta\/#breadcrumb\",\"itemListElement\":[{\"@type\":\"ListItem\",\"position\":1,\"name\":\"Home\",\"item\":\"https:\/\/www.granducatocollection.com\/\"},{\"@type\":\"ListItem\",\"position\":2,\"name\":\"Shop\",\"item\":\"https:\/\/www.granducatocollection.com\/negozio\/\"},{\"@type\":\"ListItem\",\"position\":3,\"name\":\"Nettare di Fragola Biologico Borgunto \u2013 100% Frutta Toscana | Succhi Naturali\"}]},{\"@type\":\"WebSite\",\"@id\":\"https:\/\/www.granducatocollection.com\/#website\",\"url\":\"https:\/\/www.granducatocollection.com\/\",\"name\":\"GranDucato Collection\",\"description\":\"Prenota la tua vacanza e vivi un&#039;esperienza unica\",\"potentialAction\":[{\"@type\":\"SearchAction\",\"target\":{\"@type\":\"EntryPoint\",\"urlTemplate\":\"https:\/\/www.granducatocollection.com\/?s={search_term_string}\"},\"query-input\":{\"@type\":\"PropertyValueSpecification\",\"valueRequired\":true,\"valueName\":\"search_term_string\"}}],\"inLanguage\":\"de\"}]}<\/script>\n<!-- \/ Yoast SEO plugin. -->","yoast_head_json":{"title":"B&B Arezzo - I nostri Nettari di Frutta - Granducato Collection","description":"Scopri Borgunto Nettare: il mix naturale di pesche, mele e fragole della campagna toscana. Fresco, genuino e disponibile online su granducatocollection.com","robots":{"index":"index","follow":"follow","max-snippet":"max-snippet:-1","max-image-preview":"max-image-preview:large","max-video-preview":"max-video-preview:-1"},"canonical":"https:\/\/www.granducatocollection.com\/de\/product\/borgunto-nettare-di-pesche-mele-fragole-e-pera-frutta\/","og_locale":"de_DE","og_type":"article","og_title":"B&B Arezzo - I nostri Nettari di Frutta - Granducato Collection","og_description":"Scopri Borgunto Nettare: il mix naturale di pesche, mele e fragole della campagna toscana. Fresco, genuino e disponibile online su granducatocollection.com","og_url":"https:\/\/www.granducatocollection.com\/de\/product\/borgunto-nettare-di-pesche-mele-fragole-e-pera-frutta\/","og_site_name":"Granducato Collection","article_modified_time":"2026-04-06T10:07:00+00:00","og_image":[{"width":200,"height":200,"url":"https:\/\/www.granducatocollection.com\/wp-content\/uploads\/2025\/07\/nettare-di-FRAGOLA-150x150-2.webp","type":"image\/webp"}],"twitter_card":"summary_large_image","twitter_misc":{"Gesch\u00e4tzte Lesezeit":"1\u00a0Minute"},"schema":{"@context":"https:\/\/schema.org","@graph":[{"@type":"WebPage","@id":"https:\/\/www.granducatocollection.com\/prodotto\/borgunto-nettare-di-pesche-mele-fragole-e-pera-frutta\/","url":"https:\/\/www.granducatocollection.com\/prodotto\/borgunto-nettare-di-pesche-mele-fragole-e-pera-frutta\/","name":"B&B Arezzo - I nostri Nettari di Frutta - Granducato Collection","isPartOf":{"@id":"https:\/\/www.granducatocollection.com\/#website"},"primaryImageOfPage":{"@id":"https:\/\/www.granducatocollection.com\/prodotto\/borgunto-nettare-di-pesche-mele-fragole-e-pera-frutta\/#primaryimage"},"image":{"@id":"https:\/\/www.granducatocollection.com\/prodotto\/borgunto-nettare-di-pesche-mele-fragole-e-pera-frutta\/#primaryimage"},"thumbnailUrl":"https:\/\/www.granducatocollection.com\/wp-content\/uploads\/2025\/07\/nettare-di-FRAGOLA-150x150-2.webp","datePublished":"2025-07-07T16:05:00+00:00","dateModified":"2026-04-06T10:07:00+00:00","description":"Scopri Borgunto Nettare: il mix naturale di pesche, mele e fragole della campagna toscana. Fresco, genuino e disponibile online su granducatocollection.com","breadcrumb":{"@id":"https:\/\/www.granducatocollection.com\/prodotto\/borgunto-nettare-di-pesche-mele-fragole-e-pera-frutta\/#breadcrumb"},"inLanguage":"de","potentialAction":[{"@type":"ReadAction","target":["https:\/\/www.granducatocollection.com\/prodotto\/borgunto-nettare-di-pesche-mele-fragole-e-pera-frutta\/"]}]},{"@type":"ImageObject","inLanguage":"de","@id":"https:\/\/www.granducatocollection.com\/prodotto\/borgunto-nettare-di-pesche-mele-fragole-e-pera-frutta\/#primaryimage","url":"https:\/\/www.granducatocollection.com\/wp-content\/uploads\/2025\/07\/nettare-di-FRAGOLA-150x150-2.webp","contentUrl":"https:\/\/www.granducatocollection.com\/wp-content\/uploads\/2025\/07\/nettare-di-FRAGOLA-150x150-2.webp","width":200,"height":200,"caption":"Box regalo Allegra Toscana con selezione prodotti tipici: vino Chianti, olio EVO e specialit\u00e0 artigianali del territorio aretino"},{"@type":"BreadcrumbList","@id":"https:\/\/www.granducatocollection.com\/prodotto\/borgunto-nettare-di-pesche-mele-fragole-e-pera-frutta\/#breadcrumb","itemListElement":[{"@type":"ListItem","position":1,"name":"Home","item":"https:\/\/www.granducatocollection.com\/"},{"@type":"ListItem","position":2,"name":"Shop","item":"https:\/\/www.granducatocollection.com\/negozio\/"},{"@type":"ListItem","position":3,"name":"Nettare di Fragola Biologico Borgunto \u2013 100% Frutta Toscana | Succhi Naturali"}]},{"@type":"WebSite","@id":"https:\/\/www.granducatocollection.com\/#website","url":"https:\/\/www.granducatocollection.com\/","name":"GranDucato Collection","description":"Prenota la tua vacanza e vivi un&#039;esperienza unica","potentialAction":[{"@type":"SearchAction","target":{"@type":"EntryPoint","urlTemplate":"https:\/\/www.granducatocollection.com\/?s={search_term_string}"},"query-input":{"@type":"PropertyValueSpecification","valueRequired":true,"valueName":"search_term_string"}}],"inLanguage":"de"}]}},"_links":{"self":[{"href":"https:\/\/www.granducatocollection.com\/de\/wp-json\/wp\/v2\/product\/7965","targetHints":{"allow":["GET"]}}],"collection":[{"href":"https:\/\/www.granducatocollection.com\/de\/wp-json\/wp\/v2\/product"}],"about":[{"href":"https:\/\/www.granducatocollection.com\/de\/wp-json\/wp\/v2\/types\/product"}],"wp:featuredmedia":[{"embeddable":true,"href":"https:\/\/www.granducatocollection.com\/de\/wp-json\/wp\/v2\/media\/7967"}],"wp:attachment":[{"href":"https:\/\/www.granducatocollection.com\/de\/wp-json\/wp\/v2\/media?parent=7965"}],"wp:term":[{"taxonomy":"product_brand","embeddable":true,"href":"https:\/\/www.granducatocollection.com\/de\/wp-json\/wp\/v2\/product_brand?post=7965"},{"taxonomy":"product_cat","embeddable":true,"href":"https:\/\/www.granducatocollection.com\/de\/wp-json\/wp\/v2\/product_cat?post=7965"},{"taxonomy":"product_tag","embeddable":true,"href":"https:\/\/www.granducatocollection.com\/de\/wp-json\/wp\/v2\/product_tag?post=7965"}],"curies":[{"name":"wp","href":"https:\/\/api.w.org\/{rel}","templated":true}]}}