{"id":7703,"date":"2025-06-27T09:36:09","date_gmt":"2025-06-27T09:36:09","guid":{"rendered":"https:\/\/www.granducatocollection.com\/?post_type=product&#038;p=7703"},"modified":"2026-03-18T12:38:17","modified_gmt":"2026-03-18T12:38:17","slug":"suite-deluxe-corso-italia-108-2","status":"publish","type":"product","link":"https:\/\/www.granducatocollection.com\/de\/product\/suite-deluxe-corso-italia-108-2\/","title":{"rendered":"Deluxe Suite \u2013 Corso Italia 108, Arezzo | Granducato-Sammlung"},"content":{"rendered":"<h1>Deluxe Suite mit Whirlpool in der Corso Italia 108, im Herzen der Altstadt von Arezzo.<\/h1>\n<h2>Diese Suite, die zum Allegra Toscana geh\u00f6rt, bietet ein luxuri\u00f6ses Erlebnis in der Toskana und eignet sich perfekt f\u00fcr romantische Wochenenden oder kulturelle Ausfl\u00fcge.<\/h2>\n<h3>Nur wenige Schritte von der Piazza Grande und dem Bahnhof entfernt, vereint es Eleganz, Komfort und eine g\u00fcnstige Lage. Es verf\u00fcgt \u00fcber einen Wohnbereich, ein eigenes Badezimmer mit Whirlpool, kostenfreies WLAN und Sat-TV.<\/h3>","protected":false},"excerpt":{"rendered":"<p><!-- H1 visibile e forte per SEO e utenti --><\/p>\n<h1 class=\"fusion-responsive-typography-calculated\" style=\"margin-bottom: 24px; font-weight: 600;\" data-fontsize=\"32\" data-lineheight=\"36px\">Suite Deluxe con Jacuzzi \u2013 Corso Italia 108, Arezzo | Granducato Collection<\/h1>\n<p><!-- Schema JSON-LD conforme a schema.org --><br \/>\n<script type=\"application\/ld+json\">\n{\n  \"@context\": \"https:\/\/schema.org\",\n  \"@type\": \"Hotel\",\n  \"name\": \"Allegra Toscana\",\n  \"description\": \"Suite Deluxe con jacuzzi nel centro di Arezzo. Servizi: Wi-Fi gratuito, TV satellitare, bagno privato con vasca idromassaggio, colazione con prodotti tipici, reception virtuale 24\/7, deposito bagagli in Via Borgunto 7.\",\n  \"address\": {\n    \"@type\": \"PostalAddress\",\n    \"streetAddress\": \"Corso Italia 108\",\n    \"addressLocality\": \"Arezzo\",\n    \"postalCode\": \"52100\",\n    \"addressCountry\": \"IT\"\n  },\n  \"geo\": {\n    \"@type\": \"GeoCoordinates\",\n    \"latitude\": 43.4628,\n    \"longitude\": 11.8789\n  },\n  \"url\": \"https:\/\/www.granducatocollection.com\/prodotto\/suite-deluxe-jacuzzi-arezzo\/\",\n  \"telephone\": \"+393772539581\",\n  \"amenityFeature\": [\n    { \"@type\": \"LocationFeatureSpecification\", \"name\": \"Wi-Fi gratuito\", \"value\": true },\n    { \"@type\": \"LocationFeatureSpecification\", \"name\": \"TV satellitare\", \"value\": true },\n    { \"@type\": \"LocationFeatureSpecification\", \"name\": \"Minibar su richiesta\", \"value\": true },\n    { \"@type\": \"LocationFeatureSpecification\", \"name\": \"Bagno privato con vasca idromassaggio\", \"value\": true },\n    { \"@type\": \"LocationFeatureSpecification\", \"name\": \"Colazione con prodotti tipici toscani\", \"value\": true },\n    { \"@type\": \"LocationFeatureSpecification\", \"name\": \"Reception virtuale 24\/7\", \"value\": true },\n    { \"@type\": \"LocationFeatureSpecification\", \"name\": \"Assistenza in presenza 10:00\u201319:30\", \"value\": true },\n    { \"@type\": \"LocationFeatureSpecification\", \"name\": \"Deposito bagagli\", \"value\": true }\n  ],\n  \"offers\": {\n    \"@type\": \"Offer\",\n    \"url\": \"https:\/\/www.granducatocollection.com\/prodotto\/suite-deluxe-jacuzzi-arezzo\/\",\n    \"priceCurrency\": \"EUR\",\n    \"availability\": \"https:\/\/schema.org\/InStock\"\n  },\n  \"image\": \"https:\/\/www.granducatocollection.com\/wp-content\/uploads\/2025\/01\/suite-deluxe-jacuzzi-arezzo.jpg\",\n  \"petsAllowed\": false\n}\n<\/script><\/p>\n<p><!-- Testo originale (completamente invariato, sicuro per TranslatePress) --><\/p>\n<h3 class=\"fusion-responsive-typography-calculated\" data-start=\"796\" data-end=\"859\" data-fontsize=\"24\" data-lineheight=\"26.64px\"><strong data-start=\"800\" data-end=\"857\">Comfort e Servizi per un Soggiorno Perfetto ad Arezzo<\/strong><\/h3>\n<p data-start=\"860\" data-end=\"1156\">Le nostre camere, accoglienti e curate nei dettagli, offrono:<br data-start=\"921\" data-end=\"924\" \/>\u2705\u00a0<strong data-start=\"926\" data-end=\"944\">Wi-Fi gratuito<\/strong>\u00a0e\u00a0<strong data-start=\"947\" data-end=\"965\">TV satellitare<\/strong>\u00a0per il massimo della connettivit\u00e0<br data-start=\"999\" data-end=\"1002\" \/>\u2705\u00a0<strong data-start=\"1004\" data-end=\"1028\">Minibar su richiesta<\/strong>\u00a0e un angolo soggiorno per rilassarti<br data-start=\"1065\" data-end=\"1068\" \/>\u2705\u00a0<strong data-start=\"1070\" data-end=\"1120\">Bagno privato con doccia o vasca idromassaggio<\/strong>, set di cortesia e asciugacapelli<\/p>\n<p data-start=\"1158\" data-end=\"1278\">Per iniziare la giornata al meglio, puoi prenotare la\u00a0<strong data-start=\"1212\" data-end=\"1246\">colazione in un locale esterno<\/strong>, con prodotti tipici toscani.<\/p>\n<h3 class=\"fusion-responsive-typography-calculated\" data-start=\"1280\" data-end=\"1323\" data-fontsize=\"24\" data-lineheight=\"26.64px\"><strong data-start=\"1284\" data-end=\"1321\">Check-in Smart e Deposito Bagagli<\/strong><\/h3>\n<ul data-start=\"1324\" data-end=\"1512\">\n<li data-start=\"1324\" data-end=\"1370\"><strong data-start=\"1326\" data-end=\"1368\">Reception virtuale attiva 24 ore su 24<\/strong><\/li>\n<li data-start=\"1371\" data-end=\"1424\"><strong data-start=\"1373\" data-end=\"1399\">Assistenza in presenza<\/strong>\u00a0dalle 10:00 alle 19:30<\/li>\n<li data-start=\"1425\" data-end=\"1512\"><strong data-start=\"1427\" data-end=\"1466\">Deposito bagagli in Via Borgunto N7<\/strong>, ideale per esplorare Arezzo senza ingombri<\/li>\n<\/ul>\n<h3 class=\"fusion-responsive-typography-calculated\" data-start=\"1514\" data-end=\"1557\" data-fontsize=\"24\" data-lineheight=\"26.64px\"><strong data-start=\"1518\" data-end=\"1555\">Perch\u00e9 Scegliere Allegra Toscana?<\/strong><\/h3>\n<p data-start=\"1558\" data-end=\"1768\">\ud83c\udf1f\u00a0<strong data-start=\"1561\" data-end=\"1593\">Posizione centrale ad Arezzo<\/strong>\u00a0per visitare la citt\u00e0 a piedi<br data-start=\"1623\" data-end=\"1626\" \/>\ud83c\udf1f\u00a0<strong data-start=\"1629\" data-end=\"1695\">Soluzione perfetta per coppie, famiglie e viaggiatori business<\/strong><br data-start=\"1695\" data-end=\"1698\" \/>\ud83c\udf1f\u00a0<strong data-start=\"1701\" data-end=\"1766\">Facile accesso ai principali luoghi d\u2019interesse della Toscana<\/strong><\/p>\n<p data-start=\"1770\" data-end=\"1891\">\ud83d\udd39\u00a0<strong data-start=\"1773\" data-end=\"1816\">Prenota ora il tuo soggiorno ad Arezzo!<\/strong>\u00a0Scopri la magia della\u00a0<strong data-start=\"1839\" data-end=\"1850\">Toscana<\/strong>\u00a0con il comfort di\u00a0<strong data-start=\"1869\" data-end=\"1888\">Allegra Toscana<\/strong>.<\/p>\n<p><center>Prenota Ora<\/center><br \/>\n<a style=\"text-decoration: none; display: inline-flex; align-items: center; color: #159c7f; font-weight: 600;\" href=\"https:\/\/wa.me\/3772539581\" target=\"_blank\" rel=\"noopener noreferrer\"><br \/>\n<img decoding=\"async\" style=\"width: 24px; height: 24px; margin-right: 8px;\" src=\"https:\/\/upload.wikimedia.org\/wikipedia\/commons\/6\/6b\/WhatsApp.svg\" alt=\"WhatsApp Icon\" \/><br \/>\nPrenota direttamente su WhatsApp<br \/>\n<\/a><\/p>\n","protected":false},"featured_media":7704,"template":"","meta":{"_acf_changed":false},"product_brand":[764],"product_cat":[91],"product_tag":[831,832,186,833,178,829,164,179,830,834,168,176,177],"class_list":{"0":"post-7703","1":"product","2":"type-product","3":"status-publish","4":"has-post-thumbnail","6":"product_brand-granducato-collection","7":"product_cat-camere","8":"product_tag-affitti-brevi","9":"product_tag-affitti-transitori","10":"product_tag-alloggio-premium","11":"product_tag-bedandbreakfastarezzo","12":"product_tag-camera-con-servizi-esclusivi","13":"product_tag-guest-house","14":"product_tag-hotel","15":"product_tag-lusso","16":"product_tag-shortlets","17":"product_tag-stazione-arezzo","18":"product_tag-suite","19":"product_tag-suite-deluxe","20":"product_tag-vista-panoramica","22":"first","23":"instock","24":"shipping-taxable","25":"product-type-simple"},"acf":[],"yoast_head":"<!-- This site is optimized with the Yoast SEO plugin v26.7 - https:\/\/yoast.com\/wordpress\/plugins\/seo\/ -->\n<title>B&amp;B Arezzo - Suite Deluxe \u2013 Corso Italia 108, Arezzo | Granducato Collection - Granducato Collection<\/title>\n<meta name=\"description\" content=\"Scopri la Suite Deluxe al 108 Corso Italia ad Arezzo. Posizione centrale nel cuore della citt\u00e0. Prenota un soggiorno di lusso nella splendida Toscana.\" \/>\n<meta name=\"robots\" content=\"index, follow, max-snippet:-1, max-image-preview:large, max-video-preview:-1\" \/>\n<link rel=\"canonical\" href=\"https:\/\/www.granducatocollection.com\/de\/product\/suite-deluxe-corso-italia-108-2\/\" \/>\n<meta property=\"og:locale\" content=\"de_DE\" \/>\n<meta property=\"og:type\" content=\"article\" \/>\n<meta property=\"og:title\" content=\"B&amp;B Arezzo - Suite Deluxe \u2013 Corso Italia 108, Arezzo | Granducato Collection - Granducato Collection\" \/>\n<meta property=\"og:description\" content=\"Scopri la Suite Deluxe al 108 Corso Italia ad Arezzo. Posizione centrale nel cuore della citt\u00e0. Prenota un soggiorno di lusso nella splendida Toscana.\" \/>\n<meta property=\"og:url\" content=\"https:\/\/www.granducatocollection.com\/de\/product\/suite-deluxe-corso-italia-108-2\/\" \/>\n<meta property=\"og:site_name\" content=\"Granducato Collection\" \/>\n<meta property=\"article:modified_time\" content=\"2026-03-18T12:38:17+00:00\" \/>\n<meta property=\"og:image\" content=\"https:\/\/www.granducatocollection.com\/wp-content\/uploads\/2025\/06\/Hostel_Arezzo-5.jpg\" \/>\n\t<meta property=\"og:image:width\" content=\"1920\" \/>\n\t<meta property=\"og:image:height\" content=\"1920\" \/>\n\t<meta property=\"og:image:type\" content=\"image\/jpeg\" \/>\n<meta name=\"twitter:card\" content=\"summary_large_image\" \/>\n<meta name=\"twitter:label1\" content=\"Gesch\u00e4tzte Lesezeit\" \/>\n\t<meta name=\"twitter:data1\" content=\"1\u00a0Minute\" \/>\n<script type=\"application\/ld+json\" class=\"yoast-schema-graph\">{\"@context\":\"https:\/\/schema.org\",\"@graph\":[{\"@type\":\"WebPage\",\"@id\":\"https:\/\/www.granducatocollection.com\/prodotto\/suite-deluxe-corso-italia-108-2\/\",\"url\":\"https:\/\/www.granducatocollection.com\/prodotto\/suite-deluxe-corso-italia-108-2\/\",\"name\":\"B&B Arezzo - Suite Deluxe \u2013 Corso Italia 108, Arezzo | Granducato Collection - Granducato Collection\",\"isPartOf\":{\"@id\":\"https:\/\/www.granducatocollection.com\/#website\"},\"primaryImageOfPage\":{\"@id\":\"https:\/\/www.granducatocollection.com\/prodotto\/suite-deluxe-corso-italia-108-2\/#primaryimage\"},\"image\":{\"@id\":\"https:\/\/www.granducatocollection.com\/prodotto\/suite-deluxe-corso-italia-108-2\/#primaryimage\"},\"thumbnailUrl\":\"https:\/\/www.granducatocollection.com\/wp-content\/uploads\/2025\/06\/Hostel_Arezzo-5.jpg\",\"datePublished\":\"2025-06-27T09:36:09+00:00\",\"dateModified\":\"2026-03-18T12:38:17+00:00\",\"description\":\"Scopri la Suite Deluxe al 108 Corso Italia ad Arezzo. Posizione centrale nel cuore della citt\u00e0. Prenota un soggiorno di lusso nella splendida Toscana.\",\"breadcrumb\":{\"@id\":\"https:\/\/www.granducatocollection.com\/prodotto\/suite-deluxe-corso-italia-108-2\/#breadcrumb\"},\"inLanguage\":\"de\",\"potentialAction\":[{\"@type\":\"ReadAction\",\"target\":[\"https:\/\/www.granducatocollection.com\/prodotto\/suite-deluxe-corso-italia-108-2\/\"]}]},{\"@type\":\"ImageObject\",\"inLanguage\":\"de\",\"@id\":\"https:\/\/www.granducatocollection.com\/prodotto\/suite-deluxe-corso-italia-108-2\/#primaryimage\",\"url\":\"https:\/\/www.granducatocollection.com\/wp-content\/uploads\/2025\/06\/Hostel_Arezzo-5.jpg\",\"contentUrl\":\"https:\/\/www.granducatocollection.com\/wp-content\/uploads\/2025\/06\/Hostel_Arezzo-5.jpg\",\"width\":1920,\"height\":1920,\"caption\":\"Suite Deluxe con vasca idromassaggio privata Corso Italia 114 Arezzo, bagno luxury con jacuzzi, accappatoi e set cortesia, atmosfera relax e benessere\"},{\"@type\":\"BreadcrumbList\",\"@id\":\"https:\/\/www.granducatocollection.com\/prodotto\/suite-deluxe-corso-italia-108-2\/#breadcrumb\",\"itemListElement\":[{\"@type\":\"ListItem\",\"position\":1,\"name\":\"Home\",\"item\":\"https:\/\/www.granducatocollection.com\/\"},{\"@type\":\"ListItem\",\"position\":2,\"name\":\"Shop\",\"item\":\"https:\/\/www.granducatocollection.com\/negozio\/\"},{\"@type\":\"ListItem\",\"position\":3,\"name\":\"Suite Deluxe \u2013 Corso Italia 108, Arezzo | Granducato Collection\"}]},{\"@type\":\"WebSite\",\"@id\":\"https:\/\/www.granducatocollection.com\/#website\",\"url\":\"https:\/\/www.granducatocollection.com\/\",\"name\":\"GranDucato Collection\",\"description\":\"Prenota la tua vacanza e vivi un&#039;esperienza unica\",\"potentialAction\":[{\"@type\":\"SearchAction\",\"target\":{\"@type\":\"EntryPoint\",\"urlTemplate\":\"https:\/\/www.granducatocollection.com\/?s={search_term_string}\"},\"query-input\":{\"@type\":\"PropertyValueSpecification\",\"valueRequired\":true,\"valueName\":\"search_term_string\"}}],\"inLanguage\":\"de\"}]}<\/script>\n<!-- \/ Yoast SEO plugin. -->","yoast_head_json":{"title":"B&B Arezzo - Suite Deluxe \u2013 Corso Italia 108, Arezzo | Granducato Collection - Granducato Collection","description":"Scopri la Suite Deluxe al 108 Corso Italia ad Arezzo. Posizione centrale nel cuore della citt\u00e0. Prenota un soggiorno di lusso nella splendida Toscana.","robots":{"index":"index","follow":"follow","max-snippet":"max-snippet:-1","max-image-preview":"max-image-preview:large","max-video-preview":"max-video-preview:-1"},"canonical":"https:\/\/www.granducatocollection.com\/de\/product\/suite-deluxe-corso-italia-108-2\/","og_locale":"de_DE","og_type":"article","og_title":"B&B Arezzo - Suite Deluxe \u2013 Corso Italia 108, Arezzo | Granducato Collection - Granducato Collection","og_description":"Scopri la Suite Deluxe al 108 Corso Italia ad Arezzo. Posizione centrale nel cuore della citt\u00e0. Prenota un soggiorno di lusso nella splendida Toscana.","og_url":"https:\/\/www.granducatocollection.com\/de\/product\/suite-deluxe-corso-italia-108-2\/","og_site_name":"Granducato Collection","article_modified_time":"2026-03-18T12:38:17+00:00","og_image":[{"width":1920,"height":1920,"url":"https:\/\/www.granducatocollection.com\/wp-content\/uploads\/2025\/06\/Hostel_Arezzo-5.jpg","type":"image\/jpeg"}],"twitter_card":"summary_large_image","twitter_misc":{"Gesch\u00e4tzte Lesezeit":"1\u00a0Minute"},"schema":{"@context":"https:\/\/schema.org","@graph":[{"@type":"WebPage","@id":"https:\/\/www.granducatocollection.com\/prodotto\/suite-deluxe-corso-italia-108-2\/","url":"https:\/\/www.granducatocollection.com\/prodotto\/suite-deluxe-corso-italia-108-2\/","name":"B&B Arezzo - Suite Deluxe \u2013 Corso Italia 108, Arezzo | Granducato Collection - Granducato Collection","isPartOf":{"@id":"https:\/\/www.granducatocollection.com\/#website"},"primaryImageOfPage":{"@id":"https:\/\/www.granducatocollection.com\/prodotto\/suite-deluxe-corso-italia-108-2\/#primaryimage"},"image":{"@id":"https:\/\/www.granducatocollection.com\/prodotto\/suite-deluxe-corso-italia-108-2\/#primaryimage"},"thumbnailUrl":"https:\/\/www.granducatocollection.com\/wp-content\/uploads\/2025\/06\/Hostel_Arezzo-5.jpg","datePublished":"2025-06-27T09:36:09+00:00","dateModified":"2026-03-18T12:38:17+00:00","description":"Scopri la Suite Deluxe al 108 Corso Italia ad Arezzo. Posizione centrale nel cuore della citt\u00e0. Prenota un soggiorno di lusso nella splendida Toscana.","breadcrumb":{"@id":"https:\/\/www.granducatocollection.com\/prodotto\/suite-deluxe-corso-italia-108-2\/#breadcrumb"},"inLanguage":"de","potentialAction":[{"@type":"ReadAction","target":["https:\/\/www.granducatocollection.com\/prodotto\/suite-deluxe-corso-italia-108-2\/"]}]},{"@type":"ImageObject","inLanguage":"de","@id":"https:\/\/www.granducatocollection.com\/prodotto\/suite-deluxe-corso-italia-108-2\/#primaryimage","url":"https:\/\/www.granducatocollection.com\/wp-content\/uploads\/2025\/06\/Hostel_Arezzo-5.jpg","contentUrl":"https:\/\/www.granducatocollection.com\/wp-content\/uploads\/2025\/06\/Hostel_Arezzo-5.jpg","width":1920,"height":1920,"caption":"Suite Deluxe con vasca idromassaggio privata Corso Italia 114 Arezzo, bagno luxury con jacuzzi, accappatoi e set cortesia, atmosfera relax e benessere"},{"@type":"BreadcrumbList","@id":"https:\/\/www.granducatocollection.com\/prodotto\/suite-deluxe-corso-italia-108-2\/#breadcrumb","itemListElement":[{"@type":"ListItem","position":1,"name":"Home","item":"https:\/\/www.granducatocollection.com\/"},{"@type":"ListItem","position":2,"name":"Shop","item":"https:\/\/www.granducatocollection.com\/negozio\/"},{"@type":"ListItem","position":3,"name":"Suite Deluxe \u2013 Corso Italia 108, Arezzo | Granducato Collection"}]},{"@type":"WebSite","@id":"https:\/\/www.granducatocollection.com\/#website","url":"https:\/\/www.granducatocollection.com\/","name":"GranDucato Collection","description":"Prenota la tua vacanza e vivi un&#039;esperienza unica","potentialAction":[{"@type":"SearchAction","target":{"@type":"EntryPoint","urlTemplate":"https:\/\/www.granducatocollection.com\/?s={search_term_string}"},"query-input":{"@type":"PropertyValueSpecification","valueRequired":true,"valueName":"search_term_string"}}],"inLanguage":"de"}]}},"_links":{"self":[{"href":"https:\/\/www.granducatocollection.com\/de\/wp-json\/wp\/v2\/product\/7703","targetHints":{"allow":["GET"]}}],"collection":[{"href":"https:\/\/www.granducatocollection.com\/de\/wp-json\/wp\/v2\/product"}],"about":[{"href":"https:\/\/www.granducatocollection.com\/de\/wp-json\/wp\/v2\/types\/product"}],"wp:featuredmedia":[{"embeddable":true,"href":"https:\/\/www.granducatocollection.com\/de\/wp-json\/wp\/v2\/media\/7704"}],"wp:attachment":[{"href":"https:\/\/www.granducatocollection.com\/de\/wp-json\/wp\/v2\/media?parent=7703"}],"wp:term":[{"taxonomy":"product_brand","embeddable":true,"href":"https:\/\/www.granducatocollection.com\/de\/wp-json\/wp\/v2\/product_brand?post=7703"},{"taxonomy":"product_cat","embeddable":true,"href":"https:\/\/www.granducatocollection.com\/de\/wp-json\/wp\/v2\/product_cat?post=7703"},{"taxonomy":"product_tag","embeddable":true,"href":"https:\/\/www.granducatocollection.com\/de\/wp-json\/wp\/v2\/product_tag?post=7703"}],"curies":[{"name":"wp","href":"https:\/\/api.w.org\/{rel}","templated":true}]}}