{"id":7423,"date":"2025-06-08T12:54:45","date_gmt":"2025-06-08T12:54:45","guid":{"rendered":"https:\/\/www.granducatocollection.com\/?post_type=product&#038;p=7423"},"modified":"2026-04-08T16:16:31","modified_gmt":"2026-04-08T16:16:31","slug":"olio-extravergine-di-oliva-italiano-100-olive-toscane-estratto-a-freddo","status":"publish","type":"product","link":"https:\/\/www.granducatocollection.com\/de\/product\/olio-extravergine-di-oliva-italiano-100-olive-toscane-estratto-a-freddo\/","title":{"rendered":"Italienisches natives Oliven\u00f6l extra \u2013 100 % italienische Oliven, kaltgepresst"},"content":{"rendered":"<section>\n<header>\n<h1>Kontinuierlich und kaltgepresstes natives Oliven\u00f6l extra<\/h1>\n<\/header>\n<p class=\"translation-block\">Der <strong>Verarbeitungsprozess in der \u00d6lm\u00fchle<\/strong> erfolgt in <strong>kontinuierlichem Betrieb<\/strong>, stets <strong>kalt<\/strong>, um die <strong>organoleptischen Eigenschaften<\/strong> und die <strong>Geschmacksqualit\u00e4t des italienischen nativen Oliven\u00f6ls<\/strong> bestm\u00f6glich zu bewahren. Mit einer <strong>leuchtend gr\u00fcn-goldenen Farbe<\/strong> zeichnet sich dieses \u00d6l durch ein <strong>grasiges Aroma<\/strong> aus, das eine leichte Sch\u00e4rfe aufweist und einen zarten Nachgeschmack von Artischocke hinterl\u00e4sst.<\/p>\n<p class=\"translation-block\"><strong>100% italienisches \u00d6l<\/strong>, dieses \u00d6l stellt den h\u00f6chsten Ausdruck der Kunst der Herstellung von <strong>nativem Oliven\u00f6l extra in Italien<\/strong> dar.<\/p>\n<article>\n<h2>Leccino \u2013 Fruchtiges und intensives \u00d6l<\/h2>\n<p class=\"translation-block\">Diese <strong>Leccino-Olive<\/strong> reift in k\u00fcrzester Zeit und schenkt uns ein Oliven\u00f6l mit <strong>intensiv fruchtigem Geschmack<\/strong> und <strong>Olivenaromen<\/strong>, die an den Sommer erinnern. In jedem Schluck sp\u00fcrt man <strong>pflanzliche Duftnoten<\/strong> sowie eine leichte <strong>herbe und pfeffrige Note<\/strong>, die es zu einem <strong>eindeutig einzigartigen \u00d6l<\/strong> machen.<\/p>\n<\/article>\n<article>\n<h2>Frantoiano \u2013 Hochwertiges \u00d6l<\/h2>\n<p class=\"translation-block\">Die Frantoiano-Olive zeichnet sich durch ihre hohe Produktivit\u00e4t und Klimaresistenz aus. Die Pflanze ist anpassungsf\u00e4hig und liefert konstant hochwertiges natives Oliven\u00f6l extra. Ihre gr\u00fcne Farbe und der mittelintensive, fruchtige Geschmack sind nur einige ihrer Vorz\u00fcge. Mit jedem Schluck entfalten sich pflanzliche Noten von Distel und Artischocke sowie ein Hauch von frischem Gras.<\/p>\n<\/article>\n<article>\n<h2>Moraiolo \u2013 \u00d6l reich an Polyphenolen und bl\u00e4ttrigen Aromen<\/h2>\n<p class=\"translation-block\">Die <strong>Oliven\u00adsorte Moraiolo<\/strong> liebt <strong>h\u00fcgelige B\u00f6den<\/strong> und widersteht Umweltbelastungen gut. Ihre \u2013 wenn auch kleinen \u2013 Fr\u00fcchte sind kraftvoll: Sie ergeben ein <strong>intensiv gr\u00fcnes natives Oliven\u00f6l extra<\/strong> mit einem <strong>deutlich fruchtigen Geschmack<\/strong> und Aromen von <strong>Bl\u00e4ttern und Holz<\/strong>. Dank seines <strong>hohen Polyphenolgehalts<\/strong> gilt dieses \u00d6l als edles, gesundes und begehrtes Produkt.<\/p>\n<\/article>\n<article>\n<h2>Pendolino \u2013 Zartes \u00d6l mit Mandelduft<\/h2>\n<p class=\"translation-block\">Die Pendolino-Olive, bekannt als zuverl\u00e4ssiger und ertragreicher Best\u00e4uber, liefert ein feines natives Oliven\u00f6l extra mit einzigartigen organoleptischen Eigenschaften. Ihr Mandelaroma und ihr ausgewogener Geschmack machen es ideal f\u00fcr alle, die ein leichtes und dennoch aromatisches \u00d6l suchen.<\/p>\n<\/article>\n<\/section>","protected":false},"excerpt":{"rendered":"<h1>Olio Extravergine di Oliva Italiano 100%<\/h1>\n<h2>Il Gusto Autentico dell\u2019Italia in Ogni Goccia<\/h2>\n<p>Scopri il <strong>vero sapore dell\u2019Italia<\/strong> con il nostro <strong>olio extravergine di oliva 100% italiano<\/strong>, prodotto esclusivamente da <strong>olive italiane selezionate<\/strong> e <strong>estratto a freddo<\/strong> per preservare aroma, qualit\u00e0 e propriet\u00e0 nutritive.<\/p>\n<p>Con <strong>acidit\u00e0 bassa<\/strong> e un profilo aromatico <strong>fruttato medio<\/strong>, questo olio EVO \u00e8 perfetto per:<\/p>\n<ul>\n<li>Insalate fresche e condimenti a crudo<\/li>\n<li>Bruschette e crostini artigianali<\/li>\n<li>Grigliate di carne e pesce<\/li>\n<li>Piatti gourmet e cucina mediterranea<\/li>\n<\/ul>\n<p><em>Autentico, tracciabile e 100% Made in Italy<\/em> \u2014 un olio extravergine che racconta la tradizione olivicola italiana in ogni goccia.<\/p>\n<p><!-- Schema.org JSON-LD - Product --><br \/>\n<script type=\"application\/ld+json\">\n{\n  \"@context\": \"https:\/\/schema.org\/\",\n  \"@type\": \"Product\",\n  \"name\": \"Olio Extravergine di Oliva Italiano 100% \u2013 Estratto a Freddo\",\n  \"image\": \"https:\/\/www.granducatocollection.com\/wp-content\/uploads\/olio-extravergine-borgunto-05l.jpg\",\n  \"description\": \"Olio extravergine di oliva 100% italiano, prodotto da olive italiane selezionate e spremute a freddo. Acidit\u00e0 bassa, profilo aromatico fruttato medio. Bottiglia da 0,5 litri. Sconti fino al 36% sugli ordini all\u2019ingrosso.\",\n  \"brand\": {\n    \"@type\": \"Brand\",\n    \"name\": \"Granducato Collection\"\n  },\n  \"offers\": {\n    \"@type\": \"AggregateOffer\",\n    \"lowPrice\": \"7.68\",\n    \"highPrice\": \"12.00\",\n    \"priceCurrency\": \"EUR\",\n    \"offerCount\": 7,\n    \"offers\": [\n      {\n        \"@type\": \"Offer\",\n        \"price\": \"11.64\",\n        \"priceCurrency\": \"EUR\",\n        \"eligibleQuantity\": { \"@type\": \"QuantitativeValue\", \"minValue\": 3, \"maxValue\": 5 }\n      },\n      {\n        \"@type\": \"Offer\",\n        \"price\": \"11.28\",\n        \"priceCurrency\": \"EUR\",\n        \"eligibleQuantity\": { \"@type\": \"QuantitativeValue\", \"minValue\": 6, \"maxValue\": 11 }\n      },\n      {\n        \"@type\": \"Offer\",\n        \"price\": \"10.56\",\n        \"priceCurrency\": \"EUR\",\n        \"eligibleQuantity\": { \"@type\": \"QuantitativeValue\", \"minValue\": 12, \"maxValue\": 17 }\n      },\n      {\n        \"@type\": \"Offer\",\n        \"price\": \"9.84\",\n        \"priceCurrency\": \"EUR\",\n        \"eligibleQuantity\": { \"@type\": \"QuantitativeValue\", \"minValue\": 18, \"maxValue\": 23 }\n      },\n      {\n        \"@type\": \"Offer\",\n        \"price\": \"9.12\",\n        \"priceCurrency\": \"EUR\",\n        \"eligibleQuantity\": { \"@type\": \"QuantitativeValue\", \"minValue\": 24, \"maxValue\": 29 }\n      },\n      {\n        \"@type\": \"Offer\",\n        \"price\": \"8.40\",\n        \"priceCurrency\": \"EUR\",\n        \"eligibleQuantity\": { \"@type\": \"QuantitativeValue\", \"minValue\": 30, \"maxValue\": 35 }\n      },\n      {\n        \"@type\": \"Offer\",\n        \"price\": \"7.68\",\n        \"priceCurrency\": \"EUR\",\n        \"eligibleQuantity\": { \"@type\": \"QuantitativeValue\", \"minValue\": 36 }\n      }\n    ],\n    \"availability\": \"https:\/\/schema.org\/InStock\",\n    \"url\": \"https:\/\/www.granducatocollection.com\/prodotto\/olio-extravergine-di-oliva-italiano-100-olive-toscane-estratto-a-freddo\/\"\n  },\n  \"sku\": \"OLIO-EVO-ITALIA-05L\",\n  \"mpn\": \"BORGUNTO-05L\",\n  \"category\": \"Alimentari > Oli e Condimenti > Olio Extravergine di Oliva\"\n}\n<\/script><br \/>\n<!-- === SOLO PULSANTI AMAZON &#038; EBAY === --><\/p>\n<div style=\"margin: 20px 0; padding: 15px 0;\">\n<div style=\"display: flex; flex-direction: column; gap: 12px;\">\n<p><!-- Amazon Button --><br \/>\n<a href=\"https:\/\/www.amazon.it\/BORGUNTO-Extravergine-Italiano-retrogusto-insaporire\/dp\/B0GSKVF7QZ?ref_=ast_sto_dp&#038;th=1&#038;psc=1\" target=\"_blank\" rel=\"noopener noreferrer\" style=\"display: inline-flex; align-items: center; justify-content: flex-start; gap: 12px; padding: 14px 20px; border-radius: 8px; text-decoration: none !important; font-weight: 600; font-size: 15px; background: linear-gradient(135deg, #FF9900, #FFB14D); color: #232F3E; box-shadow: 0 2px 6px rgba(0,0,0,0.1); transition: transform 0.2s; border: none; cursor: pointer;\"><br \/>\n<img decoding=\"async\" src=\"https:\/\/cdn.iconscout.com\/icon\/free\/png-256\/free-amazon-logo-icon-svg-download-png-1583154.png?f=webp\" alt=\"Amazon\" style=\"width: 28px !important; height: 28px !important; min-width: 28px !important; min-height: 28px !important; max-width: 28px !important; max-height: 28px !important; object-fit: contain; display: block;\"><br \/>\n<span style=\"flex: 1;\">Acquista su Amazon<\/span><br \/>\n<svg viewBox=\"0 0 24 24\" style=\"width: 20px !important; height: 20px !important; min-width: 20px !important; min-height: 20px !important; max-width: 20px !important; max-height: 20px !important; fill: currentColor; opacity: 0.9; flex-shrink: 0;\" xmlns=\"http:\/\/www.w3.org\/2000\/svg\">\n<path d=\"M16 11V7a4 4 0 00-8 0v4M5 9h14l1 12H4L5 9z\"\/>\n<\/svg><br \/>\n<\/a><\/p>\n<p><!-- eBay Button --><br \/>\n<a href=\"https:\/\/www.ebay.it\/itm\/376798948227?itmmeta=01KNPME572FD6ETR1971HN7AP8&#038;hash=item57baf7ab83:g:EFcAAeSwU2NpStZp\" target=\"_blank\" rel=\"noopener noreferrer\" style=\"display: inline-flex; align-items: center; justify-content: flex-start; gap: 12px; padding: 14px 20px; border-radius: 8px; text-decoration: none !important; font-weight: 600; font-size: 15px; background: linear-gradient(135deg, #E53238 0%, #0064D2 50%, #F5AF02 100%); background-size: 200% 200%; color: white; box-shadow: 0 2px 6px rgba(0,0,0,0.1); transition: transform 0.2s; border: none; cursor: pointer;\"><br \/>\n<img decoding=\"async\" src=\"https:\/\/storage.googleapis.com\/msgsndr\/z6XdTU91SOnHw123nyir\/media\/67c87de08123744ce68ae3c9.webp\" alt=\"eBay\" style=\"width: 28px !important; height: 28px !important; min-width: 28px !important; min-height: 28px !important; max-width: 28px !important; max-height: 28px !important; object-fit: contain; display: block;\"><br \/>\n<span style=\"flex: 1;\">Acquista su eBay<\/span><br \/>\n<svg viewBox=\"0 0 24 24\" style=\"width: 20px !important; height: 20px !important; min-width: 20px !important; min-height: 20px !important; max-width: 20px !important; max-height: 20px !important; fill: currentColor; opacity: 0.9; flex-shrink: 0;\" xmlns=\"http:\/\/www.w3.org\/2000\/svg\">\n<path d=\"M16 11V7a4 4 0 00-8 0v4M5 9h14l1 12H4L5 9z\"\/>\n<\/svg><br \/>\n<\/a><\/p>\n<\/div>\n<\/div>\n<p><!-- === FINE PULSANTI === --><br \/>\n<span style=\"color: white;\">Olio EVO<\/span><br \/>\n<span style=\"color: white;\">Olio extravergine<\/span><br \/>\n<span style=\"color: white;\">Olio homemade<\/span><\/p>\n","protected":false},"featured_media":9264,"template":"","meta":{"_acf_changed":false},"product_brand":[764],"product_cat":[77],"product_tag":[242,243,244,241,245],"class_list":{"0":"post-7423","1":"product","2":"type-product","3":"status-publish","4":"has-post-thumbnail","6":"product_brand-granducato-collection","7":"product_cat-olio","8":"product_tag-olio-biologico","9":"product_tag-olio-da-cucina","10":"product_tag-olio-extra-vergine","11":"product_tag-olio-italiano","12":"product_tag-prodotto-italiano","14":"first","15":"instock","16":"shipping-taxable","17":"purchasable","18":"product-type-simple"},"acf":[],"yoast_head":"<!-- This site is optimized with the Yoast SEO plugin v26.7 - https:\/\/yoast.com\/wordpress\/plugins\/seo\/ -->\n<title>B&amp;B Arezzo - Olio Extravergine di Oliva Italiano Borgunto 500ml Granducato Collection<\/title>\n<meta name=\"description\" content=\"Olio EVO 100% italiano, estratto a freddo, in bottiglia da 0,5L. Sconti fino al 36% all\u2019ingrosso. Spedizione rapida. Acquista online!\" \/>\n<meta name=\"robots\" content=\"index, follow, max-snippet:-1, max-image-preview:large, max-video-preview:-1\" \/>\n<link rel=\"canonical\" href=\"https:\/\/www.granducatocollection.com\/de\/product\/olio-extravergine-di-oliva-italiano-100-olive-toscane-estratto-a-freddo\/\" \/>\n<meta property=\"og:locale\" content=\"de_DE\" \/>\n<meta property=\"og:type\" content=\"article\" \/>\n<meta property=\"og:title\" content=\"B&amp;B Arezzo - Olio Extravergine di Oliva Italiano Borgunto 500ml Granducato Collection\" \/>\n<meta property=\"og:description\" content=\"Olio EVO 100% italiano, estratto a freddo, in bottiglia da 0,5L. Sconti fino al 36% all\u2019ingrosso. Spedizione rapida. Acquista online!\" \/>\n<meta property=\"og:url\" content=\"https:\/\/www.granducatocollection.com\/de\/product\/olio-extravergine-di-oliva-italiano-100-olive-toscane-estratto-a-freddo\/\" \/>\n<meta property=\"og:site_name\" content=\"Granducato Collection\" \/>\n<meta property=\"article:modified_time\" content=\"2026-04-08T16:16:31+00:00\" \/>\n<meta property=\"og:image\" content=\"https:\/\/www.granducatocollection.com\/wp-content\/uploads\/2025\/06\/olio-extra-430x430-1.webp\" \/>\n\t<meta property=\"og:image:width\" content=\"430\" \/>\n\t<meta property=\"og:image:height\" content=\"430\" \/>\n\t<meta property=\"og:image:type\" content=\"image\/webp\" \/>\n<meta name=\"twitter:card\" content=\"summary_large_image\" \/>\n<meta name=\"twitter:label1\" content=\"Gesch\u00e4tzte Lesezeit\" \/>\n\t<meta name=\"twitter:data1\" content=\"2\u00a0Minuten\" \/>\n<script type=\"application\/ld+json\" class=\"yoast-schema-graph\">{\"@context\":\"https:\/\/schema.org\",\"@graph\":[{\"@type\":\"WebPage\",\"@id\":\"https:\/\/www.granducatocollection.com\/prodotto\/olio-extravergine-di-oliva-italiano-100-olive-toscane-estratto-a-freddo\/\",\"url\":\"https:\/\/www.granducatocollection.com\/prodotto\/olio-extravergine-di-oliva-italiano-100-olive-toscane-estratto-a-freddo\/\",\"name\":\"B&B Arezzo - Olio Extravergine di Oliva Italiano Borgunto 500ml Granducato Collection\",\"isPartOf\":{\"@id\":\"https:\/\/www.granducatocollection.com\/#website\"},\"primaryImageOfPage\":{\"@id\":\"https:\/\/www.granducatocollection.com\/prodotto\/olio-extravergine-di-oliva-italiano-100-olive-toscane-estratto-a-freddo\/#primaryimage\"},\"image\":{\"@id\":\"https:\/\/www.granducatocollection.com\/prodotto\/olio-extravergine-di-oliva-italiano-100-olive-toscane-estratto-a-freddo\/#primaryimage\"},\"thumbnailUrl\":\"https:\/\/www.granducatocollection.com\/wp-content\/uploads\/2025\/06\/olio-extra-430x430-1.webp\",\"datePublished\":\"2025-06-08T12:54:45+00:00\",\"dateModified\":\"2026-04-08T16:16:31+00:00\",\"description\":\"Olio EVO 100% italiano, estratto a freddo, in bottiglia da 0,5L. Sconti fino al 36% all\u2019ingrosso. Spedizione rapida. Acquista online!\",\"breadcrumb\":{\"@id\":\"https:\/\/www.granducatocollection.com\/prodotto\/olio-extravergine-di-oliva-italiano-100-olive-toscane-estratto-a-freddo\/#breadcrumb\"},\"inLanguage\":\"de\",\"potentialAction\":[{\"@type\":\"ReadAction\",\"target\":[\"https:\/\/www.granducatocollection.com\/prodotto\/olio-extravergine-di-oliva-italiano-100-olive-toscane-estratto-a-freddo\/\"]}]},{\"@type\":\"ImageObject\",\"inLanguage\":\"de\",\"@id\":\"https:\/\/www.granducatocollection.com\/prodotto\/olio-extravergine-di-oliva-italiano-100-olive-toscane-estratto-a-freddo\/#primaryimage\",\"url\":\"https:\/\/www.granducatocollection.com\/wp-content\/uploads\/2025\/06\/olio-extra-430x430-1.webp\",\"contentUrl\":\"https:\/\/www.granducatocollection.com\/wp-content\/uploads\/2025\/06\/olio-extra-430x430-1.webp\",\"width\":430,\"height\":430,\"caption\":\"Olio Extravergine di Oliva Italiano 100% olive italiane estratto a freddo\"},{\"@type\":\"BreadcrumbList\",\"@id\":\"https:\/\/www.granducatocollection.com\/prodotto\/olio-extravergine-di-oliva-italiano-100-olive-toscane-estratto-a-freddo\/#breadcrumb\",\"itemListElement\":[{\"@type\":\"ListItem\",\"position\":1,\"name\":\"Home\",\"item\":\"https:\/\/www.granducatocollection.com\/\"},{\"@type\":\"ListItem\",\"position\":2,\"name\":\"Shop\",\"item\":\"https:\/\/www.granducatocollection.com\/negozio\/\"},{\"@type\":\"ListItem\",\"position\":3,\"name\":\"Olio Extravergine di oliva italiano \u2013 100% Olive Italiane, Estratto a Freddo\"}]},{\"@type\":\"WebSite\",\"@id\":\"https:\/\/www.granducatocollection.com\/#website\",\"url\":\"https:\/\/www.granducatocollection.com\/\",\"name\":\"GranDucato Collection\",\"description\":\"Prenota la tua vacanza e vivi un&#039;esperienza unica\",\"potentialAction\":[{\"@type\":\"SearchAction\",\"target\":{\"@type\":\"EntryPoint\",\"urlTemplate\":\"https:\/\/www.granducatocollection.com\/?s={search_term_string}\"},\"query-input\":{\"@type\":\"PropertyValueSpecification\",\"valueRequired\":true,\"valueName\":\"search_term_string\"}}],\"inLanguage\":\"de\"}]}<\/script>\n<!-- \/ Yoast SEO plugin. -->","yoast_head_json":{"title":"B&B Arezzo - Olio Extravergine di Oliva Italiano Borgunto 500ml Granducato Collection","description":"Olio EVO 100% italiano, estratto a freddo, in bottiglia da 0,5L. Sconti fino al 36% all\u2019ingrosso. Spedizione rapida. Acquista online!","robots":{"index":"index","follow":"follow","max-snippet":"max-snippet:-1","max-image-preview":"max-image-preview:large","max-video-preview":"max-video-preview:-1"},"canonical":"https:\/\/www.granducatocollection.com\/de\/product\/olio-extravergine-di-oliva-italiano-100-olive-toscane-estratto-a-freddo\/","og_locale":"de_DE","og_type":"article","og_title":"B&B Arezzo - Olio Extravergine di Oliva Italiano Borgunto 500ml Granducato Collection","og_description":"Olio EVO 100% italiano, estratto a freddo, in bottiglia da 0,5L. Sconti fino al 36% all\u2019ingrosso. Spedizione rapida. Acquista online!","og_url":"https:\/\/www.granducatocollection.com\/de\/product\/olio-extravergine-di-oliva-italiano-100-olive-toscane-estratto-a-freddo\/","og_site_name":"Granducato Collection","article_modified_time":"2026-04-08T16:16:31+00:00","og_image":[{"width":430,"height":430,"url":"https:\/\/www.granducatocollection.com\/wp-content\/uploads\/2025\/06\/olio-extra-430x430-1.webp","type":"image\/webp"}],"twitter_card":"summary_large_image","twitter_misc":{"Gesch\u00e4tzte Lesezeit":"2\u00a0Minuten"},"schema":{"@context":"https:\/\/schema.org","@graph":[{"@type":"WebPage","@id":"https:\/\/www.granducatocollection.com\/prodotto\/olio-extravergine-di-oliva-italiano-100-olive-toscane-estratto-a-freddo\/","url":"https:\/\/www.granducatocollection.com\/prodotto\/olio-extravergine-di-oliva-italiano-100-olive-toscane-estratto-a-freddo\/","name":"B&B Arezzo - Olio Extravergine di Oliva Italiano Borgunto 500ml Granducato Collection","isPartOf":{"@id":"https:\/\/www.granducatocollection.com\/#website"},"primaryImageOfPage":{"@id":"https:\/\/www.granducatocollection.com\/prodotto\/olio-extravergine-di-oliva-italiano-100-olive-toscane-estratto-a-freddo\/#primaryimage"},"image":{"@id":"https:\/\/www.granducatocollection.com\/prodotto\/olio-extravergine-di-oliva-italiano-100-olive-toscane-estratto-a-freddo\/#primaryimage"},"thumbnailUrl":"https:\/\/www.granducatocollection.com\/wp-content\/uploads\/2025\/06\/olio-extra-430x430-1.webp","datePublished":"2025-06-08T12:54:45+00:00","dateModified":"2026-04-08T16:16:31+00:00","description":"Olio EVO 100% italiano, estratto a freddo, in bottiglia da 0,5L. Sconti fino al 36% all\u2019ingrosso. Spedizione rapida. Acquista online!","breadcrumb":{"@id":"https:\/\/www.granducatocollection.com\/prodotto\/olio-extravergine-di-oliva-italiano-100-olive-toscane-estratto-a-freddo\/#breadcrumb"},"inLanguage":"de","potentialAction":[{"@type":"ReadAction","target":["https:\/\/www.granducatocollection.com\/prodotto\/olio-extravergine-di-oliva-italiano-100-olive-toscane-estratto-a-freddo\/"]}]},{"@type":"ImageObject","inLanguage":"de","@id":"https:\/\/www.granducatocollection.com\/prodotto\/olio-extravergine-di-oliva-italiano-100-olive-toscane-estratto-a-freddo\/#primaryimage","url":"https:\/\/www.granducatocollection.com\/wp-content\/uploads\/2025\/06\/olio-extra-430x430-1.webp","contentUrl":"https:\/\/www.granducatocollection.com\/wp-content\/uploads\/2025\/06\/olio-extra-430x430-1.webp","width":430,"height":430,"caption":"Olio Extravergine di Oliva Italiano 100% olive italiane estratto a freddo"},{"@type":"BreadcrumbList","@id":"https:\/\/www.granducatocollection.com\/prodotto\/olio-extravergine-di-oliva-italiano-100-olive-toscane-estratto-a-freddo\/#breadcrumb","itemListElement":[{"@type":"ListItem","position":1,"name":"Home","item":"https:\/\/www.granducatocollection.com\/"},{"@type":"ListItem","position":2,"name":"Shop","item":"https:\/\/www.granducatocollection.com\/negozio\/"},{"@type":"ListItem","position":3,"name":"Olio Extravergine di oliva italiano \u2013 100% Olive Italiane, Estratto a Freddo"}]},{"@type":"WebSite","@id":"https:\/\/www.granducatocollection.com\/#website","url":"https:\/\/www.granducatocollection.com\/","name":"GranDucato Collection","description":"Prenota la tua vacanza e vivi un&#039;esperienza unica","potentialAction":[{"@type":"SearchAction","target":{"@type":"EntryPoint","urlTemplate":"https:\/\/www.granducatocollection.com\/?s={search_term_string}"},"query-input":{"@type":"PropertyValueSpecification","valueRequired":true,"valueName":"search_term_string"}}],"inLanguage":"de"}]}},"_links":{"self":[{"href":"https:\/\/www.granducatocollection.com\/de\/wp-json\/wp\/v2\/product\/7423","targetHints":{"allow":["GET"]}}],"collection":[{"href":"https:\/\/www.granducatocollection.com\/de\/wp-json\/wp\/v2\/product"}],"about":[{"href":"https:\/\/www.granducatocollection.com\/de\/wp-json\/wp\/v2\/types\/product"}],"wp:featuredmedia":[{"embeddable":true,"href":"https:\/\/www.granducatocollection.com\/de\/wp-json\/wp\/v2\/media\/9264"}],"wp:attachment":[{"href":"https:\/\/www.granducatocollection.com\/de\/wp-json\/wp\/v2\/media?parent=7423"}],"wp:term":[{"taxonomy":"product_brand","embeddable":true,"href":"https:\/\/www.granducatocollection.com\/de\/wp-json\/wp\/v2\/product_brand?post=7423"},{"taxonomy":"product_cat","embeddable":true,"href":"https:\/\/www.granducatocollection.com\/de\/wp-json\/wp\/v2\/product_cat?post=7423"},{"taxonomy":"product_tag","embeddable":true,"href":"https:\/\/www.granducatocollection.com\/de\/wp-json\/wp\/v2\/product_tag?post=7423"}],"curies":[{"name":"wp","href":"https:\/\/api.w.org\/{rel}","templated":true}]}}