{"id":7185,"date":"2025-05-14T16:17:48","date_gmt":"2025-05-14T16:17:48","guid":{"rendered":"https:\/\/www.granducatocollection.com\/?post_type=product&#038;p=7185"},"modified":"2026-04-08T16:24:03","modified_gmt":"2026-04-08T16:24:03","slug":"olio-extravergine-di-oliva-italiano","status":"publish","type":"product","link":"https:\/\/www.granducatocollection.com\/de\/product\/olio-extravergine-di-oliva-italiano\/","title":{"rendered":"Italienisches natives Oliven\u00f6l extra 5L \u2013 100% italienische Oliven, kaltgepresst"},"content":{"rendered":"<section class=\"scheda-olio\">\n<header class=\"intestazione\">\n<h1>100% italienisches natives Oliven\u00f6l extra<\/h1>\n<p><em>Der h\u00f6chste Ausdruck italienischer Oliven\u00f6lkunst<\/em><\/p>\n<\/header>\n<p><!-- Processo di lavorazione --><\/p>\n<div class=\"lavorazione\">\n<p class=\"translation-block\">Der Produktionsprozess in der \u00d6lm\u00fchle findet in einem kontinuierlichen, stets kalten Kreislauf statt, um die organoleptischen und geschmacklichen Eigenschaften des italienischen nativen Oliven\u00f6ls extra bestm\u00f6glich zu erhalten.<\/p>\n<p class=\"translation-block\">Mit seiner leuchtend goldgr\u00fcnen Farbe verstr\u00f6mt dieses \u00d6l ein kr\u00e4uterartiges Aroma, eine leicht w\u00fcrzige Note und einen dezenten Artischocken-Nachgeschmack. Es ist zu 100 % italienisch und repr\u00e4sentiert die Spitze der italienischen Oliven\u00f6lproduktion.<\/p>\n<\/div>\n<p><!-- Variet\u00e0 di oliva --><\/p>\n<section class=\"cultivar\">\n<h2>Unsere Oliven<\/h2>\n<article class=\"variet\u00e0\">\n<h3>Leccino<\/h3>\n<p class=\"translation-block\">Diese Olivensorte reift sehr schnell und ergibt ein \u00d6l mit einem fruchtig-intensiven Geschmack, dessen Olivennoten an den Sommer erinnern. Bei jedem Schluck lassen sich pflanzliche Aromen und eine leicht bittere und w\u00fcrzige Note entdecken \u2013 ein einzigartiges \u00d6l.<\/p>\n<\/article>\n<article class=\"variet\u00e0\">\n<h3>Frantoiano<\/h3>\n<p class=\"translation-block\">Anerkannt f\u00fcr seine <strong>Produktivit\u00e4t<\/strong> und <strong>klimatische Widerstandsf\u00e4higkeit<\/strong>, passt sich diese Olivensorte allen Bedingungen an und liefert stets ein hochwertiges Oliven\u00f6l. Die Farbe ist <strong>dunkelgr\u00fcn<\/strong>, der Geschmack <strong>fruchtig mit mittlerer Intensit\u00e4t<\/strong>, mit pflanzlichen Noten von Distel und Artischocke und einem explosiven Aroma frischen Grases.<\/p>\n<\/article>\n<article class=\"variet\u00e0\">\n<h3>Moraiolo<\/h3>\n<p class=\"translation-block\">Er liebt h\u00fcgelige B\u00f6den und scheut keine Herausforderungen. Seine kleinen, aber kraftvollen Fr\u00fcchte liefern ein Oliven\u00f6l von <strong>intensiv gr\u00fcner<\/strong> Farbe und <strong>fruchtigem<\/strong> Geschmack mit einem Hauch von Blatt. Holzige Noten und ein <strong>hoher Polyphenolgehalt<\/strong> machen es zu einem begehrten und gesunden Produkt.<\/p>\n<\/article>\n<article class=\"variet\u00e0\">\n<h3>Wahad\u0142o<\/h3>\n<p class=\"translation-block\">Als zuverl\u00e4ssige und ertragreiche Best\u00e4ubersorte liefert sie ein \u00d6l mit einem <strong>feinen<\/strong> Geschmack und einer angenehmen <strong>Mandel<\/strong> Note, das von Liebhabern milder Aromen sehr gesch\u00e4tzt wird.<\/p>\n<\/article>\n<\/section>\n<p><!-- Specifiche tecniche --><\/p>\n<section class=\"specifiche\">\n<h2>Technische Eigenschaften<\/h2>\n<ul>\n<li><strong>Gebiet:<\/strong> Italia<\/li>\n<li><strong>H\u00f6he:<\/strong> 300 m s.l.m.<\/li>\n<li class=\"translation-block\">Produktion: 30 hl<\/li>\n<li><strong>S\u00e4ure:<\/strong> 0,16%<\/li>\n<li class=\"translation-block\"><strong>Polyphenole:<\/strong> \u00fcber 500 mg\/kg (starke Antioxidantien)<\/li>\n<li class=\"translation-block\"><strong>Tocopherole:<\/strong> 261 mg\/kg (reich an Vitamin E)<\/li>\n<\/ul>\n<\/section>\n<p><!-- Note di degustazione --><\/p>\n<section class=\"degustazione\">\n<h2>Verkostungsnotizen<\/h2>\n<p class=\"translation-block\"><strong>Olivensorten:<\/strong> 40 % Leccino, 40 % Frantoiano, 20 % Moraiolo, Pendolino<\/p>\n<h3>Sammlung<\/h3>\n<p class=\"translation-block\"><strong>Manuell<\/strong>, in den ersten Novembertagen.<\/p>\n<h3>Produktionsbereich<\/h3>\n<p>Firmeneigene Olivenhaine.<\/p>\n<h3>Zerquetschen<\/h3>\n<p class=\"translation-block\">Durchgef\u00fchrt <strong>innerhalb von 6 Stunden nach der Ernte<\/strong>, mit einem Hammerm\u00fchlenbrecher, im kontinuierlichen und chargenweisen Verfahren.<\/p>\n<h3>Verarbeitung in der M\u00fchle<\/h3>\n<p>Kontinuierlicher Kreislauf, kalt.<\/p>\n<h3>Organoleptische Eigenschaften<\/h3>\n<ul>\n<li class=\"translation-block\"><strong>Farbe:<\/strong> gr\u00fcn mit gelben Nuancen<\/li>\n<li class=\"translation-block\"><strong>Duft:<\/strong> fruchtig, gr\u00fcn, mit einem Hauch von Blatt<\/li>\n<li class=\"translation-block\"><strong>Geschmack:<\/strong> Bitter und w\u00fcrzig mit Ankl\u00e4ngen von Artischocke und Mandel<\/li>\n<\/ul>\n<\/section>\n<p><!-- Abbinamenti --><\/p>\n<section class=\"abbinamenti\">\n<h2>Empfohlene Paarungen<\/h2>\n<p>Ideal zur Hervorhebung der authentischen Aromen der italienischen K\u00fcche:<\/p>\n<ul>\n<li>Braten und Grillfleisch<\/li>\n<li>Suppen (wie zum Beispiel Ribollita)<\/li>\n<li>Gekochte H\u00fclsenfr\u00fcchte<\/li>\n<li>Frische Salate und knackiges Gem\u00fcse<\/li>\n<li>K\u00f6stlich auf ger\u00f6stetem Brot, auch pur.<\/li>\n<\/ul>\n<\/section>\n<\/section>","protected":false},"excerpt":{"rendered":"<div class=\"lavorazione\">\n<h1>Natives Oliven\u00f6l extra 5 Liter.<\/h1>\n<p class=\"translation-block\">Der Produktionsprozess in der \u00d6lm\u00fchle findet in einem kontinuierlichen, stets kalten Kreislauf statt, um die organoleptischen und geschmacklichen Eigenschaften des italienischen nativen Oliven\u00f6ls extra bestm\u00f6glich zu erhalten.<\/p>\n<p class=\"translation-block\">Dieses \u00d6l besticht durch seine leuchtend goldgelbe Farbe mit gr\u00fcnen Reflexen, ein kr\u00e4uterartiges Aroma, eine leichte W\u00fcrze und einen dezenten Artischocken-Nachgeschmack. Als 100% toskanisches Oliven\u00f6l repr\u00e4sentiert es die Spitze der regionalen Oliven\u00f6lproduktion.<\/p>\n<\/div>\n<p><!-- === SOLO PULSANTI AMAZON &#038; EBAY === --><\/p>\n<div style=\"margin: 20px 0; padding: 15px 0;\">\n<div style=\"display: flex; flex-direction: column; gap: 12px;\">\n<p><!-- Amazon Button --><br \/>\n<a href=\"https:\/\/www.amazon.it\/BORGUNTO-Extravergine-Italiano-retrogusto-insaporire\/dp\/B0GSL72CGY?ref_=ast_sto_dp&#038;th=1\" target=\"_blank\" rel=\"noopener noreferrer\" style=\"display: inline-flex; align-items: center; justify-content: flex-start; gap: 12px; padding: 14px 20px; border-radius: 8px; text-decoration: none !important; font-weight: 600; font-size: 15px; background: linear-gradient(135deg, #FF9900, #FFB14D); color: #232F3E; box-shadow: 0 2px 6px rgba(0,0,0,0.1); transition: transform 0.2s; border: none; cursor: pointer;\"><br \/>\n<img decoding=\"async\" src=\"https:\/\/cdn.iconscout.com\/icon\/free\/png-256\/free-amazon-logo-icon-svg-download-png-1583154.png?f=webp\" alt=\"Amazon\" style=\"width: 28px !important; height: 28px !important; min-width: 28px !important; min-height: 28px !important; max-width: 28px !important; max-height: 28px !important; object-fit: contain; display: block;\"><br \/>\n<span style=\"flex: 1;\">Acquista su Amazon<\/span><br \/>\n<svg viewbox=\"0 0 24 24\" style=\"width: 20px !important; height: 20px !important; min-width: 20px !important; min-height: 20px !important; max-width: 20px !important; max-height: 20px !important; fill: currentColor; opacity: 0.9; flex-shrink: 0;\" xmlns=\"http:\/\/www.w3.org\/2000\/svg\">\n<path d=\"M16 11V7a4 4 0 00-8 0v4M5 9h14l1 12H4L5 9z\"\/>\n<\/svg><br \/>\n<\/a>\n<\/div>\n<\/div>\n<p><!-- === FINE PULSANTI === --><\/p>","protected":false},"featured_media":7186,"template":"","meta":{"_acf_changed":false},"product_brand":[764],"product_cat":[77],"product_tag":[234,248,242,243,238,241,245],"class_list":{"0":"post-7185","1":"product","2":"type-product","3":"status-publish","4":"has-post-thumbnail","6":"product_brand-granducato-collection","7":"product_cat-olio","8":"product_tag-condimento-gourmet","9":"product_tag-olio-5-litri","10":"product_tag-olio-biologico","11":"product_tag-olio-da-cucina","12":"product_tag-olio-extravergine","13":"product_tag-olio-italiano","14":"product_tag-prodotto-italiano","16":"first","17":"instock","18":"shipping-taxable","19":"purchasable","20":"product-type-simple"},"acf":[],"yoast_head":"<!-- This site is optimized with the Yoast SEO plugin v26.7 - https:\/\/yoast.com\/wordpress\/plugins\/seo\/ -->\n<title>B&amp;B Arezzo - Olio EVO 5 Litri Borgunto | Granducato Collection<\/title>\n<meta name=\"description\" content=\"Acquista Olio EVO 100% italiano in lattina da 5 litri su Granducato Collection. Gusto autentico, qualit\u00e0 superiore, acquista ora sul nostro sito\" \/>\n<meta name=\"robots\" content=\"index, follow, max-snippet:-1, max-image-preview:large, max-video-preview:-1\" \/>\n<link rel=\"canonical\" href=\"https:\/\/www.granducatocollection.com\/de\/product\/olio-extravergine-di-oliva-italiano\/\" \/>\n<meta property=\"og:locale\" content=\"de_DE\" \/>\n<meta property=\"og:type\" content=\"article\" \/>\n<meta property=\"og:title\" content=\"B&amp;B Arezzo - Olio EVO 5 Litri Borgunto | Granducato Collection\" \/>\n<meta property=\"og:description\" content=\"Acquista Olio EVO 100% italiano in lattina da 5 litri su Granducato Collection. Gusto autentico, qualit\u00e0 superiore, acquista ora sul nostro sito\" \/>\n<meta property=\"og:url\" content=\"https:\/\/www.granducatocollection.com\/de\/product\/olio-extravergine-di-oliva-italiano\/\" \/>\n<meta property=\"og:site_name\" content=\"Granducato Collection\" \/>\n<meta property=\"article:modified_time\" content=\"2026-04-08T16:24:03+00:00\" \/>\n<meta property=\"og:image\" content=\"https:\/\/www.granducatocollection.com\/wp-content\/uploads\/2025\/05\/olio-5litri-borgunto-granducatogestioni-arezzo-viareggio-firenze-toscana-BB-affittacamere-suitelets-oliodop-oliodocg.webp\" \/>\n\t<meta property=\"og:image:width\" content=\"2560\" \/>\n\t<meta property=\"og:image:height\" content=\"2560\" \/>\n\t<meta property=\"og:image:type\" content=\"image\/webp\" \/>\n<meta name=\"twitter:card\" content=\"summary_large_image\" \/>\n<meta name=\"twitter:label1\" content=\"Gesch\u00e4tzte Lesezeit\" \/>\n\t<meta name=\"twitter:data1\" content=\"3\u00a0Minuten\" \/>\n<script type=\"application\/ld+json\" class=\"yoast-schema-graph\">{\"@context\":\"https:\/\/schema.org\",\"@graph\":[{\"@type\":\"WebPage\",\"@id\":\"https:\/\/www.granducatocollection.com\/prodotto\/olio-extravergine-di-oliva-italiano\/\",\"url\":\"https:\/\/www.granducatocollection.com\/prodotto\/olio-extravergine-di-oliva-italiano\/\",\"name\":\"B&B Arezzo - Olio EVO 5 Litri Borgunto | Granducato Collection\",\"isPartOf\":{\"@id\":\"https:\/\/www.granducatocollection.com\/#website\"},\"primaryImageOfPage\":{\"@id\":\"https:\/\/www.granducatocollection.com\/prodotto\/olio-extravergine-di-oliva-italiano\/#primaryimage\"},\"image\":{\"@id\":\"https:\/\/www.granducatocollection.com\/prodotto\/olio-extravergine-di-oliva-italiano\/#primaryimage\"},\"thumbnailUrl\":\"https:\/\/www.granducatocollection.com\/wp-content\/uploads\/2025\/05\/olio-5litri-borgunto-granducatogestioni-arezzo-viareggio-firenze-toscana-BB-affittacamere-suitelets-oliodop-oliodocg.webp\",\"datePublished\":\"2025-05-14T16:17:48+00:00\",\"dateModified\":\"2026-04-08T16:24:03+00:00\",\"description\":\"Acquista Olio EVO 100% italiano in lattina da 5 litri su Granducato Collection. Gusto autentico, qualit\u00e0 superiore, acquista ora sul nostro sito\",\"breadcrumb\":{\"@id\":\"https:\/\/www.granducatocollection.com\/prodotto\/olio-extravergine-di-oliva-italiano\/#breadcrumb\"},\"inLanguage\":\"de\",\"potentialAction\":[{\"@type\":\"ReadAction\",\"target\":[\"https:\/\/www.granducatocollection.com\/prodotto\/olio-extravergine-di-oliva-italiano\/\"]}]},{\"@type\":\"ImageObject\",\"inLanguage\":\"de\",\"@id\":\"https:\/\/www.granducatocollection.com\/prodotto\/olio-extravergine-di-oliva-italiano\/#primaryimage\",\"url\":\"https:\/\/www.granducatocollection.com\/wp-content\/uploads\/2025\/05\/olio-5litri-borgunto-granducatogestioni-arezzo-viareggio-firenze-toscana-BB-affittacamere-suitelets-oliodop-oliodocg.webp\",\"contentUrl\":\"https:\/\/www.granducatocollection.com\/wp-content\/uploads\/2025\/05\/olio-5litri-borgunto-granducatogestioni-arezzo-viareggio-firenze-toscana-BB-affittacamere-suitelets-oliodop-oliodocg.webp\",\"width\":2560,\"height\":2560,\"caption\":\"Olio Extravergine di Oliva Italiano 5 Litri 100% olive italiane estratto a freddo formato famiglia\"},{\"@type\":\"BreadcrumbList\",\"@id\":\"https:\/\/www.granducatocollection.com\/prodotto\/olio-extravergine-di-oliva-italiano\/#breadcrumb\",\"itemListElement\":[{\"@type\":\"ListItem\",\"position\":1,\"name\":\"Home\",\"item\":\"https:\/\/www.granducatocollection.com\/\"},{\"@type\":\"ListItem\",\"position\":2,\"name\":\"Shop\",\"item\":\"https:\/\/www.granducatocollection.com\/negozio\/\"},{\"@type\":\"ListItem\",\"position\":3,\"name\":\"Olio Extravergine di oliva italiano 5L. \u2013 100% Olive Italiane, Estratto a Freddo\"}]},{\"@type\":\"WebSite\",\"@id\":\"https:\/\/www.granducatocollection.com\/#website\",\"url\":\"https:\/\/www.granducatocollection.com\/\",\"name\":\"GranDucato Collection\",\"description\":\"Prenota la tua vacanza e vivi un&#039;esperienza unica\",\"potentialAction\":[{\"@type\":\"SearchAction\",\"target\":{\"@type\":\"EntryPoint\",\"urlTemplate\":\"https:\/\/www.granducatocollection.com\/?s={search_term_string}\"},\"query-input\":{\"@type\":\"PropertyValueSpecification\",\"valueRequired\":true,\"valueName\":\"search_term_string\"}}],\"inLanguage\":\"de\"}]}<\/script>\n<!-- \/ Yoast SEO plugin. -->","yoast_head_json":{"title":"B&B Arezzo - Olio EVO 5 Litri Borgunto | Granducato Collection","description":"Acquista Olio EVO 100% italiano in lattina da 5 litri su Granducato Collection. Gusto autentico, qualit\u00e0 superiore, acquista ora sul nostro sito","robots":{"index":"index","follow":"follow","max-snippet":"max-snippet:-1","max-image-preview":"max-image-preview:large","max-video-preview":"max-video-preview:-1"},"canonical":"https:\/\/www.granducatocollection.com\/de\/product\/olio-extravergine-di-oliva-italiano\/","og_locale":"de_DE","og_type":"article","og_title":"B&B Arezzo - Olio EVO 5 Litri Borgunto | Granducato Collection","og_description":"Acquista Olio EVO 100% italiano in lattina da 5 litri su Granducato Collection. Gusto autentico, qualit\u00e0 superiore, acquista ora sul nostro sito","og_url":"https:\/\/www.granducatocollection.com\/de\/product\/olio-extravergine-di-oliva-italiano\/","og_site_name":"Granducato Collection","article_modified_time":"2026-04-08T16:24:03+00:00","og_image":[{"width":2560,"height":2560,"url":"https:\/\/www.granducatocollection.com\/wp-content\/uploads\/2025\/05\/olio-5litri-borgunto-granducatogestioni-arezzo-viareggio-firenze-toscana-BB-affittacamere-suitelets-oliodop-oliodocg.webp","type":"image\/webp"}],"twitter_card":"summary_large_image","twitter_misc":{"Gesch\u00e4tzte Lesezeit":"3\u00a0Minuten"},"schema":{"@context":"https:\/\/schema.org","@graph":[{"@type":"WebPage","@id":"https:\/\/www.granducatocollection.com\/prodotto\/olio-extravergine-di-oliva-italiano\/","url":"https:\/\/www.granducatocollection.com\/prodotto\/olio-extravergine-di-oliva-italiano\/","name":"B&B Arezzo - Olio EVO 5 Litri Borgunto | Granducato Collection","isPartOf":{"@id":"https:\/\/www.granducatocollection.com\/#website"},"primaryImageOfPage":{"@id":"https:\/\/www.granducatocollection.com\/prodotto\/olio-extravergine-di-oliva-italiano\/#primaryimage"},"image":{"@id":"https:\/\/www.granducatocollection.com\/prodotto\/olio-extravergine-di-oliva-italiano\/#primaryimage"},"thumbnailUrl":"https:\/\/www.granducatocollection.com\/wp-content\/uploads\/2025\/05\/olio-5litri-borgunto-granducatogestioni-arezzo-viareggio-firenze-toscana-BB-affittacamere-suitelets-oliodop-oliodocg.webp","datePublished":"2025-05-14T16:17:48+00:00","dateModified":"2026-04-08T16:24:03+00:00","description":"Acquista Olio EVO 100% italiano in lattina da 5 litri su Granducato Collection. Gusto autentico, qualit\u00e0 superiore, acquista ora sul nostro sito","breadcrumb":{"@id":"https:\/\/www.granducatocollection.com\/prodotto\/olio-extravergine-di-oliva-italiano\/#breadcrumb"},"inLanguage":"de","potentialAction":[{"@type":"ReadAction","target":["https:\/\/www.granducatocollection.com\/prodotto\/olio-extravergine-di-oliva-italiano\/"]}]},{"@type":"ImageObject","inLanguage":"de","@id":"https:\/\/www.granducatocollection.com\/prodotto\/olio-extravergine-di-oliva-italiano\/#primaryimage","url":"https:\/\/www.granducatocollection.com\/wp-content\/uploads\/2025\/05\/olio-5litri-borgunto-granducatogestioni-arezzo-viareggio-firenze-toscana-BB-affittacamere-suitelets-oliodop-oliodocg.webp","contentUrl":"https:\/\/www.granducatocollection.com\/wp-content\/uploads\/2025\/05\/olio-5litri-borgunto-granducatogestioni-arezzo-viareggio-firenze-toscana-BB-affittacamere-suitelets-oliodop-oliodocg.webp","width":2560,"height":2560,"caption":"Olio Extravergine di Oliva Italiano 5 Litri 100% olive italiane estratto a freddo formato famiglia"},{"@type":"BreadcrumbList","@id":"https:\/\/www.granducatocollection.com\/prodotto\/olio-extravergine-di-oliva-italiano\/#breadcrumb","itemListElement":[{"@type":"ListItem","position":1,"name":"Home","item":"https:\/\/www.granducatocollection.com\/"},{"@type":"ListItem","position":2,"name":"Shop","item":"https:\/\/www.granducatocollection.com\/negozio\/"},{"@type":"ListItem","position":3,"name":"Olio Extravergine di oliva italiano 5L. \u2013 100% Olive Italiane, Estratto a Freddo"}]},{"@type":"WebSite","@id":"https:\/\/www.granducatocollection.com\/#website","url":"https:\/\/www.granducatocollection.com\/","name":"GranDucato Collection","description":"Prenota la tua vacanza e vivi un&#039;esperienza unica","potentialAction":[{"@type":"SearchAction","target":{"@type":"EntryPoint","urlTemplate":"https:\/\/www.granducatocollection.com\/?s={search_term_string}"},"query-input":{"@type":"PropertyValueSpecification","valueRequired":true,"valueName":"search_term_string"}}],"inLanguage":"de"}]}},"_links":{"self":[{"href":"https:\/\/www.granducatocollection.com\/de\/wp-json\/wp\/v2\/product\/7185","targetHints":{"allow":["GET"]}}],"collection":[{"href":"https:\/\/www.granducatocollection.com\/de\/wp-json\/wp\/v2\/product"}],"about":[{"href":"https:\/\/www.granducatocollection.com\/de\/wp-json\/wp\/v2\/types\/product"}],"wp:featuredmedia":[{"embeddable":true,"href":"https:\/\/www.granducatocollection.com\/de\/wp-json\/wp\/v2\/media\/7186"}],"wp:attachment":[{"href":"https:\/\/www.granducatocollection.com\/de\/wp-json\/wp\/v2\/media?parent=7185"}],"wp:term":[{"taxonomy":"product_brand","embeddable":true,"href":"https:\/\/www.granducatocollection.com\/de\/wp-json\/wp\/v2\/product_brand?post=7185"},{"taxonomy":"product_cat","embeddable":true,"href":"https:\/\/www.granducatocollection.com\/de\/wp-json\/wp\/v2\/product_cat?post=7185"},{"taxonomy":"product_tag","embeddable":true,"href":"https:\/\/www.granducatocollection.com\/de\/wp-json\/wp\/v2\/product_tag?post=7185"}],"curies":[{"name":"wp","href":"https:\/\/api.w.org\/{rel}","templated":true}]}}