{"id":7176,"date":"2025-05-14T11:51:10","date_gmt":"2025-05-14T11:51:10","guid":{"rendered":"https:\/\/www.granducatocollection.com\/?post_type=product&#038;p=7176"},"modified":"2026-04-06T10:05:41","modified_gmt":"2026-04-06T10:05:41","slug":"miele-al-tartufo-3-pezzi","status":"publish","type":"product","link":"https:\/\/www.granducatocollection.com\/de\/product\/miele-al-tartufo-3-pezzi\/","title":{"rendered":"Tr\u00fcffelhonig 3 St\u00fcck"},"content":{"rendered":"<p><script type=\"application\/ld+json\">{\n    \"@context\": \"https:\\\/\\\/schema.org\",\n    \"@type\": \"Product\",\n    \"@id\": \"https:\\\/\\\/www.granducatocollection.com\\\/prodotto\\\/miele-al-tartufo-3-pezzi\\\/\",\n    \"name\": \"Miele al Tartufo \\u2013 Prelibatezza Gourmet Borgunto (Confezione da 3 vasetti)\",\n    \"image\": \"https:\\\/\\\/www.granducatocollection.com\\\/wp-content\\\/uploads\\\/2026\\\/01\\\/miele-al-tartufo-borgunto-3pz.jpg\",\n    \"description\": \"Miele al tartufo artigianale con aroma terroso del tartufo nero, prodotto ad Arezzo in Toscana. Perfetto per formaggi stagionati, carni o come regalo gourmet raffinato.\",\n    \"brand\": {\n        \"@type\": \"Organization\",\n        \"name\": \"Borgunto\"\n    },\n    \"offers\": {\n        \"@type\": \"Offer\",\n        \"url\": \"https:\\\/\\\/www.granducatocollection.com\\\/prodotto\\\/miele-al-tartufo-3-pezzi\\\/\",\n        \"priceCurrency\": \"EUR\",\n        \"price\": \"45.00\",\n        \"itemCondition\": \"https:\\\/\\\/schema.org\\\/NewCondition\",\n        \"availability\": \"https:\\\/\\\/schema.org\\\/InStock\",\n        \"seller\": {\n            \"@type\": \"Organization\",\n            \"name\": \"Granducato Collection\"\n        }\n    },\n    \"sku\": \"MIELE-TARTUFO-3PZ\"\n}<\/script><\/p>\n<h1>Tr\u00fcffelhonig \u2013 Gourmet-Delikatesse aus Borgunto<\/h1>\n<h2>Toskanisches Handwerksprodukt mit dem erdigen Aroma von schwarzem Tr\u00fcffel<\/h2>\n<p class=\"translation-block\">Tr\u00fcffelhonig ist die perfekte Harmonie zwischen der nat\u00fcrlichen S\u00fc\u00dfe feinsten Bienennektars und dem intensiven, erdigen Aroma schwarzer Tr\u00fcffel. Hergestellt in Arezzo in der Toskana von Borgunto, ist dieses Produkt das Ergebnis eines handwerklichen Prozesses, der Traditionen respektiert und jede Zutat hervorhebt. Seine cremige Konsistenz und sein einzigartiges Aromaprofil machen ihn zu einem wahren Meisterwerk der italienischen Gastronomie.<\/p>\n<h3>Ideal f\u00fcr gereiften K\u00e4se, feine Fleischsorten oder als edles Gourmet-Geschenk<\/h3>\n<p class=\"translation-block\">Verfeinern Sie gereiften Pecorino, rohen Schinken oder gegrilltes Fleisch mit ein paar Tropfen f\u00fcr ein unvergessliches Geschmackserlebnis. Die 3er-Packung eignet sich auch hervorragend als edles Gourmet-Geschenk \u2013 perfekt f\u00fcr Weihnachten, Jubil\u00e4en oder um Liebhaber der italienischen K\u00fcche zu \u00fcberraschen.<\/p>\n<h3>Symbol der Granducato-Kollektion: Herkunft, Handwerkskunst und R\u00fcckverfolgbarkeit<\/h3>\n<p class=\"translation-block\">Diese gastronomische K\u00f6stlichkeit verk\u00f6rpert die Werte der Granducato Collection: kontrollierte Produktion, zertifizierte Rohstoffe und eine tiefe Verbundenheit mit der Toskana. Jedes Gef\u00e4\u00df zeugt von der Leidenschaft f\u00fcr Authentizit\u00e4t und Exzellenz, die Borgunto seit jeher auszeichnet.<\/p>","protected":false},"excerpt":{"rendered":"<h1 style=\"text-align: justify;\">Tr\u00fcffel-Honig-Box<\/h1>\n<p class=\"translation-block\">Tr\u00fcffelhonig, die perfekte Begleitung zu Vorspeisen und Snacks. Geeignet f\u00fcr alle K\u00e4sesorten, von Weichk\u00e4se \u00fcber gereiften K\u00e4se bis hin zu Frischk\u00e4se.<\/p>\n<div style=\"text-align: justify;\"><\/div>\n<div style=\"text-align: justify;\">Mit einem raffinierten und unverwechselbaren Geschmack.<\/div>\n<div style=\"text-align: justify;\"><\/div>\n<div style=\"text-align: justify;\">Die Box enth\u00e4lt 3 Teile.<\/div>","protected":false},"featured_media":9603,"template":"","meta":{"_acf_changed":false},"product_brand":[764],"product_cat":[843],"product_tag":[234,259,255,256,258,257,245,247,254,229],"class_list":{"0":"post-7176","1":"product","2":"type-product","3":"status-publish","4":"has-post-thumbnail","6":"product_brand-granducato-collection","7":"product_cat-box-e-degustazioni","8":"product_tag-condimento-gourmet","9":"product_tag-dolce-gourmet","10":"product_tag-miele-al-tartufo","11":"product_tag-miele-artigianale","12":"product_tag-miele-con-tartufo","13":"product_tag-miele-premium","14":"product_tag-prodotto-italiano","15":"product_tag-regalo-enogastronomico","16":"product_tag-specialita-italiana","17":"product_tag-tartufo-bianco","19":"first","20":"instock","21":"shipping-taxable","22":"purchasable","23":"product-type-simple"},"acf":[],"yoast_head":"<!-- This site is optimized with the Yoast SEO plugin v26.7 - https:\/\/yoast.com\/wordpress\/plugins\/seo\/ -->\n<title>B&amp;B Arezzo - Miele al Tartufo 3 pezzi - Gran ducato Gestioni<\/title>\n<meta name=\"description\" content=\"Scopri il Miele al Tartufo Box 3 Pezzi su Granducato Collection: un connubio unico tra dolcezza e sapore toscano.Acquista online.\" \/>\n<meta name=\"robots\" content=\"index, follow, max-snippet:-1, max-image-preview:large, max-video-preview:-1\" \/>\n<link rel=\"canonical\" href=\"https:\/\/www.granducatocollection.com\/de\/product\/miele-al-tartufo-3-pezzi\/\" \/>\n<meta property=\"og:locale\" content=\"de_DE\" \/>\n<meta property=\"og:type\" content=\"article\" \/>\n<meta property=\"og:title\" content=\"B&amp;B Arezzo - Miele al Tartufo 3 pezzi - Gran ducato Gestioni\" \/>\n<meta property=\"og:description\" content=\"Scopri il Miele al Tartufo Box 3 Pezzi su Granducato Collection: un connubio unico tra dolcezza e sapore toscano.Acquista online.\" \/>\n<meta property=\"og:url\" content=\"https:\/\/www.granducatocollection.com\/de\/product\/miele-al-tartufo-3-pezzi\/\" \/>\n<meta property=\"og:site_name\" content=\"Granducato Collection\" \/>\n<meta property=\"article:modified_time\" content=\"2026-04-06T10:05:41+00:00\" \/>\n<meta property=\"og:image\" content=\"https:\/\/www.granducatocollection.com\/wp-content\/uploads\/2025\/05\/maionesealtartufo3pezzi.png\" \/>\n\t<meta property=\"og:image:width\" content=\"300\" \/>\n\t<meta property=\"og:image:height\" content=\"300\" \/>\n\t<meta property=\"og:image:type\" content=\"image\/png\" \/>\n<meta name=\"twitter:card\" content=\"summary_large_image\" \/>\n<meta name=\"twitter:label1\" content=\"Gesch\u00e4tzte Lesezeit\" \/>\n\t<meta name=\"twitter:data1\" content=\"2\u00a0Minuten\" \/>\n<script type=\"application\/ld+json\" class=\"yoast-schema-graph\">{\"@context\":\"https:\/\/schema.org\",\"@graph\":[{\"@type\":\"WebPage\",\"@id\":\"https:\/\/www.granducatocollection.com\/prodotto\/miele-al-tartufo-3-pezzi\/\",\"url\":\"https:\/\/www.granducatocollection.com\/prodotto\/miele-al-tartufo-3-pezzi\/\",\"name\":\"B&B Arezzo - Miele al Tartufo 3 pezzi - Gran ducato Gestioni\",\"isPartOf\":{\"@id\":\"https:\/\/www.granducatocollection.com\/#website\"},\"primaryImageOfPage\":{\"@id\":\"https:\/\/www.granducatocollection.com\/prodotto\/miele-al-tartufo-3-pezzi\/#primaryimage\"},\"image\":{\"@id\":\"https:\/\/www.granducatocollection.com\/prodotto\/miele-al-tartufo-3-pezzi\/#primaryimage\"},\"thumbnailUrl\":\"https:\/\/www.granducatocollection.com\/wp-content\/uploads\/2025\/05\/maionesealtartufo3pezzi.png\",\"datePublished\":\"2025-05-14T11:51:10+00:00\",\"dateModified\":\"2026-04-06T10:05:41+00:00\",\"description\":\"Scopri il Miele al Tartufo Box 3 Pezzi su Granducato Collection: un connubio unico tra dolcezza e sapore toscano.Acquista online.\",\"breadcrumb\":{\"@id\":\"https:\/\/www.granducatocollection.com\/prodotto\/miele-al-tartufo-3-pezzi\/#breadcrumb\"},\"inLanguage\":\"de\",\"potentialAction\":[{\"@type\":\"ReadAction\",\"target\":[\"https:\/\/www.granducatocollection.com\/prodotto\/miele-al-tartufo-3-pezzi\/\"]}]},{\"@type\":\"ImageObject\",\"inLanguage\":\"de\",\"@id\":\"https:\/\/www.granducatocollection.com\/prodotto\/miele-al-tartufo-3-pezzi\/#primaryimage\",\"url\":\"https:\/\/www.granducatocollection.com\/wp-content\/uploads\/2025\/05\/maionesealtartufo3pezzi.png\",\"contentUrl\":\"https:\/\/www.granducatocollection.com\/wp-content\/uploads\/2025\/05\/maionesealtartufo3pezzi.png\",\"width\":300,\"height\":300,\"caption\":\"Confezione 3 vasetti miele al tartufo nero Borgunto - abbinamento dolce-salato tipico della gastronomia toscana artigianale\"},{\"@type\":\"BreadcrumbList\",\"@id\":\"https:\/\/www.granducatocollection.com\/prodotto\/miele-al-tartufo-3-pezzi\/#breadcrumb\",\"itemListElement\":[{\"@type\":\"ListItem\",\"position\":1,\"name\":\"Home\",\"item\":\"https:\/\/www.granducatocollection.com\/\"},{\"@type\":\"ListItem\",\"position\":2,\"name\":\"Shop\",\"item\":\"https:\/\/www.granducatocollection.com\/negozio\/\"},{\"@type\":\"ListItem\",\"position\":3,\"name\":\"Miele al Tartufo 3 pezzi\"}]},{\"@type\":\"WebSite\",\"@id\":\"https:\/\/www.granducatocollection.com\/#website\",\"url\":\"https:\/\/www.granducatocollection.com\/\",\"name\":\"GranDucato Collection\",\"description\":\"Prenota la tua vacanza e vivi un&#039;esperienza unica\",\"potentialAction\":[{\"@type\":\"SearchAction\",\"target\":{\"@type\":\"EntryPoint\",\"urlTemplate\":\"https:\/\/www.granducatocollection.com\/?s={search_term_string}\"},\"query-input\":{\"@type\":\"PropertyValueSpecification\",\"valueRequired\":true,\"valueName\":\"search_term_string\"}}],\"inLanguage\":\"de\"}]}<\/script>\n<!-- \/ Yoast SEO plugin. -->","yoast_head_json":{"title":"B&B Arezzo - Miele al Tartufo 3 pezzi - Gran ducato Gestioni","description":"Scopri il Miele al Tartufo Box 3 Pezzi su Granducato Collection: un connubio unico tra dolcezza e sapore toscano.Acquista online.","robots":{"index":"index","follow":"follow","max-snippet":"max-snippet:-1","max-image-preview":"max-image-preview:large","max-video-preview":"max-video-preview:-1"},"canonical":"https:\/\/www.granducatocollection.com\/de\/product\/miele-al-tartufo-3-pezzi\/","og_locale":"de_DE","og_type":"article","og_title":"B&B Arezzo - Miele al Tartufo 3 pezzi - Gran ducato Gestioni","og_description":"Scopri il Miele al Tartufo Box 3 Pezzi su Granducato Collection: un connubio unico tra dolcezza e sapore toscano.Acquista online.","og_url":"https:\/\/www.granducatocollection.com\/de\/product\/miele-al-tartufo-3-pezzi\/","og_site_name":"Granducato Collection","article_modified_time":"2026-04-06T10:05:41+00:00","og_image":[{"width":300,"height":300,"url":"https:\/\/www.granducatocollection.com\/wp-content\/uploads\/2025\/05\/maionesealtartufo3pezzi.png","type":"image\/png"}],"twitter_card":"summary_large_image","twitter_misc":{"Gesch\u00e4tzte Lesezeit":"2\u00a0Minuten"},"schema":{"@context":"https:\/\/schema.org","@graph":[{"@type":"WebPage","@id":"https:\/\/www.granducatocollection.com\/prodotto\/miele-al-tartufo-3-pezzi\/","url":"https:\/\/www.granducatocollection.com\/prodotto\/miele-al-tartufo-3-pezzi\/","name":"B&B Arezzo - Miele al Tartufo 3 pezzi - Gran ducato Gestioni","isPartOf":{"@id":"https:\/\/www.granducatocollection.com\/#website"},"primaryImageOfPage":{"@id":"https:\/\/www.granducatocollection.com\/prodotto\/miele-al-tartufo-3-pezzi\/#primaryimage"},"image":{"@id":"https:\/\/www.granducatocollection.com\/prodotto\/miele-al-tartufo-3-pezzi\/#primaryimage"},"thumbnailUrl":"https:\/\/www.granducatocollection.com\/wp-content\/uploads\/2025\/05\/maionesealtartufo3pezzi.png","datePublished":"2025-05-14T11:51:10+00:00","dateModified":"2026-04-06T10:05:41+00:00","description":"Scopri il Miele al Tartufo Box 3 Pezzi su Granducato Collection: un connubio unico tra dolcezza e sapore toscano.Acquista online.","breadcrumb":{"@id":"https:\/\/www.granducatocollection.com\/prodotto\/miele-al-tartufo-3-pezzi\/#breadcrumb"},"inLanguage":"de","potentialAction":[{"@type":"ReadAction","target":["https:\/\/www.granducatocollection.com\/prodotto\/miele-al-tartufo-3-pezzi\/"]}]},{"@type":"ImageObject","inLanguage":"de","@id":"https:\/\/www.granducatocollection.com\/prodotto\/miele-al-tartufo-3-pezzi\/#primaryimage","url":"https:\/\/www.granducatocollection.com\/wp-content\/uploads\/2025\/05\/maionesealtartufo3pezzi.png","contentUrl":"https:\/\/www.granducatocollection.com\/wp-content\/uploads\/2025\/05\/maionesealtartufo3pezzi.png","width":300,"height":300,"caption":"Confezione 3 vasetti miele al tartufo nero Borgunto - abbinamento dolce-salato tipico della gastronomia toscana artigianale"},{"@type":"BreadcrumbList","@id":"https:\/\/www.granducatocollection.com\/prodotto\/miele-al-tartufo-3-pezzi\/#breadcrumb","itemListElement":[{"@type":"ListItem","position":1,"name":"Home","item":"https:\/\/www.granducatocollection.com\/"},{"@type":"ListItem","position":2,"name":"Shop","item":"https:\/\/www.granducatocollection.com\/negozio\/"},{"@type":"ListItem","position":3,"name":"Miele al Tartufo 3 pezzi"}]},{"@type":"WebSite","@id":"https:\/\/www.granducatocollection.com\/#website","url":"https:\/\/www.granducatocollection.com\/","name":"GranDucato Collection","description":"Prenota la tua vacanza e vivi un&#039;esperienza unica","potentialAction":[{"@type":"SearchAction","target":{"@type":"EntryPoint","urlTemplate":"https:\/\/www.granducatocollection.com\/?s={search_term_string}"},"query-input":{"@type":"PropertyValueSpecification","valueRequired":true,"valueName":"search_term_string"}}],"inLanguage":"de"}]}},"_links":{"self":[{"href":"https:\/\/www.granducatocollection.com\/de\/wp-json\/wp\/v2\/product\/7176","targetHints":{"allow":["GET"]}}],"collection":[{"href":"https:\/\/www.granducatocollection.com\/de\/wp-json\/wp\/v2\/product"}],"about":[{"href":"https:\/\/www.granducatocollection.com\/de\/wp-json\/wp\/v2\/types\/product"}],"wp:featuredmedia":[{"embeddable":true,"href":"https:\/\/www.granducatocollection.com\/de\/wp-json\/wp\/v2\/media\/9603"}],"wp:attachment":[{"href":"https:\/\/www.granducatocollection.com\/de\/wp-json\/wp\/v2\/media?parent=7176"}],"wp:term":[{"taxonomy":"product_brand","embeddable":true,"href":"https:\/\/www.granducatocollection.com\/de\/wp-json\/wp\/v2\/product_brand?post=7176"},{"taxonomy":"product_cat","embeddable":true,"href":"https:\/\/www.granducatocollection.com\/de\/wp-json\/wp\/v2\/product_cat?post=7176"},{"taxonomy":"product_tag","embeddable":true,"href":"https:\/\/www.granducatocollection.com\/de\/wp-json\/wp\/v2\/product_tag?post=7176"}],"curies":[{"name":"wp","href":"https:\/\/api.w.org\/{rel}","templated":true}]}}