{"id":7174,"date":"2025-05-14T11:15:11","date_gmt":"2025-05-14T11:15:11","guid":{"rendered":"https:\/\/www.granducatocollection.com\/?post_type=product&#038;p=7174"},"modified":"2026-04-06T09:27:11","modified_gmt":"2026-04-06T09:27:11","slug":"burro-al-tartufo-3-pezzi","status":"publish","type":"product","link":"https:\/\/www.granducatocollection.com\/de\/product\/burro-al-tartufo-3-pezzi\/","title":{"rendered":"Tr\u00fcffelbutter 3 St\u00fcck"},"content":{"rendered":"<p><script type=\"application\/ld+json\">{\n    \"@context\": \"https:\\\/\\\/schema.org\",\n    \"@type\": \"Product\",\n    \"@id\": \"https:\\\/\\\/www.granducatocollection.com\\\/prodotto\\\/burro-al-tartufo-3-pezzi\\\/\",\n    \"name\": \"Burro al Tartufo Bianco \\u2013 Box da 3 Vasetti | Borgunto\",\n    \"image\": \"https:\\\/\\\/www.granducatocollection.com\\\/wp-content\\\/uploads\\\/2026\\\/01\\\/burro-al-tartufo-3-pezzi-borgunto.jpg\",\n    \"description\": \"Box da 3 vasetti di burro al tartufo bianco artigianale, prodotto ad Arezzo in Toscana. Specialit\\u00e0 gourmet perfetta come regalo enogastronomico o condimento premium per piatti raffinati.\",\n    \"brand\": {\n        \"@type\": \"Organization\",\n        \"name\": \"Borgunto\"\n    },\n    \"offers\": {\n        \"@type\": \"Offer\",\n        \"url\": \"https:\\\/\\\/www.granducatocollection.com\\\/prodotto\\\/burro-al-tartufo-3-pezzi\\\/\",\n        \"priceCurrency\": \"EUR\",\n        \"price\": \"36.00\",\n        \"itemCondition\": \"https:\\\/\\\/schema.org\\\/NewCondition\",\n        \"availability\": \"https:\\\/\\\/schema.org\\\/InStock\",\n        \"seller\": {\n            \"@type\": \"Organization\",\n            \"name\": \"Granducato Collection\"\n        }\n    },\n    \"sku\": \"BB-TB-3P\"\n}<\/script><\/p>\n<h1>Wei\u00dfe Tr\u00fcffelbutter \u2013 3-Glas-Box | Borgunto<\/h1>\n<h2>Italienische Spezialit\u00e4ten aus der Toskana mit wei\u00dfem Tr\u00fcffel \u2013 handwerklich hergestellt<\/h2>\n<p class=\"translation-block\">Diese exklusive 3er-Packung verk\u00f6rpert den Luxus der italienischen K\u00fcche: eine handwerklich hergestellte wei\u00dfe Tr\u00fcffelbutter, produziert in Arezzo von Borgunto aus zertifizierten Rohstoffen. Die samtige Cremigkeit der Butter verbindet sich mit dem intensiven und raffinierten Duft des wei\u00dfen Tr\u00fcffels und ergibt so ein Gourmet-W\u00fcrzmittel, das jedes Gericht zu einem unvergesslichen Erlebnis macht.<\/p>\n<h3>Ein edles Geschenk f\u00fcr wahre Feinschmecker und Weinliebhaber.<\/h3>\n<p class=\"translation-block\">Dieses Set besticht durch seine elegante Pr\u00e4sentation und seinen raffinierten Geschmack und ist das perfekte Geschenk f\u00fcr Feinschmecker und Weinliebhaber zu Weihnachten, Jubil\u00e4en oder anderen besonderen Anl\u00e4ssen. Die Premium-Butter von Borgunto passt ideal zu Crostini, Pasta, Eiern oder hellem Fleisch und wird alle begeistern, die authentische italienische Spezialit\u00e4ten lieben, die mit Leidenschaft und Respekt vor der Tradition zubereitet werden.<\/p>\n<h3>Symbol der Granducato-Kollektion: Toskanische Handwerkskunst und R\u00fcckverfolgbarkeit<\/h3>\n<p class=\"translation-block\">Jedes Glas dieser handwerklich hergestellten Butter verk\u00f6rpert die Werte der Granducato Collection: limitierte Produktion, direkte Kontrolle der Rohstoffe und tiefe Verwurzelung in der Toskana. Eine Hommage an die Region Arezzo, wo Einfachheit und Qualit\u00e4t zu Exzellenz f\u00fchren.<\/p>","protected":false},"excerpt":{"rendered":"<h1>Tr\u00fcffel-Butter-Box<\/h1>\n<div style=\"text-align: justify;\">Luxus im Glas: Die Buttercreme mit Bianchetto-Tr\u00fcffel und wei\u00dfem Tr\u00fcffel, hergestellt aus Rohstoffen kontrollierter Herkunft, eignet sich ideal zum Verfeinern Ihrer Gerichte oder als edles Geschenk.<\/div>\n<div style=\"text-align: justify;\"><\/div>\n<div style=\"text-align: justify;\">Die Box enth\u00e4lt 3 Teile.<\/div>","protected":false},"featured_media":11376,"template":"","meta":{"_acf_changed":false},"product_brand":[764],"product_cat":[843],"product_tag":[228,230,236,261,260,234,245,247,254,229],"class_list":{"0":"post-7174","1":"product","2":"type-product","3":"status-publish","4":"has-post-thumbnail","6":"product_brand-granducato-collection","7":"product_cat-box-e-degustazioni","8":"product_tag-burro-al-tartufo","9":"product_tag-burro-aromatizzato","10":"product_tag-burro-artigianale","11":"product_tag-burro-con-tartufo","12":"product_tag-burro-premium","13":"product_tag-condimento-gourmet","14":"product_tag-prodotto-italiano","15":"product_tag-regalo-enogastronomico","16":"product_tag-specialita-italiana","17":"product_tag-tartufo-bianco","19":"first","20":"instock","21":"shipping-taxable","22":"purchasable","23":"product-type-simple"},"acf":[],"yoast_head":"<!-- This site is optimized with the Yoast SEO plugin v26.7 - https:\/\/yoast.com\/wordpress\/plugins\/seo\/ -->\n<title>B&amp;B Arezzo - Burro al Tartufo 3 pezzi - Gran ducato Gestioni<\/title>\n<meta name=\"description\" content=\"Scopri il Burro al Tartufo 3 Pezzi su Granducato Collection: un mix di sapori autentici toscani, perfetto per primi piatti e bruschette. Acquista online ora\" \/>\n<meta name=\"robots\" content=\"index, follow, max-snippet:-1, max-image-preview:large, max-video-preview:-1\" \/>\n<link rel=\"canonical\" href=\"https:\/\/www.granducatocollection.com\/de\/product\/burro-al-tartufo-3-pezzi\/\" \/>\n<meta property=\"og:locale\" content=\"de_DE\" \/>\n<meta property=\"og:type\" content=\"article\" \/>\n<meta property=\"og:title\" content=\"B&amp;B Arezzo - Burro al Tartufo 3 pezzi - Gran ducato Gestioni\" \/>\n<meta property=\"og:description\" content=\"Scopri il Burro al Tartufo 3 Pezzi su Granducato Collection: un mix di sapori autentici toscani, perfetto per primi piatti e bruschette. Acquista online ora\" \/>\n<meta property=\"og:url\" content=\"https:\/\/www.granducatocollection.com\/de\/product\/burro-al-tartufo-3-pezzi\/\" \/>\n<meta property=\"og:site_name\" content=\"Granducato Collection\" \/>\n<meta property=\"article:modified_time\" content=\"2026-04-06T09:27:11+00:00\" \/>\n<meta property=\"og:image\" content=\"https:\/\/www.granducatocollection.com\/wp-content\/uploads\/2025\/05\/box-burro-tartufo-bianco-3-pezzi-borgunto.webp\" \/>\n\t<meta property=\"og:image:width\" content=\"300\" \/>\n\t<meta property=\"og:image:height\" content=\"300\" \/>\n\t<meta property=\"og:image:type\" content=\"image\/webp\" \/>\n<meta name=\"twitter:card\" content=\"summary_large_image\" \/>\n<meta name=\"twitter:label1\" content=\"Gesch\u00e4tzte Lesezeit\" \/>\n\t<meta name=\"twitter:data1\" content=\"2\u00a0Minuten\" \/>\n<script type=\"application\/ld+json\" class=\"yoast-schema-graph\">{\"@context\":\"https:\/\/schema.org\",\"@graph\":[{\"@type\":\"WebPage\",\"@id\":\"https:\/\/www.granducatocollection.com\/prodotto\/burro-al-tartufo-3-pezzi\/\",\"url\":\"https:\/\/www.granducatocollection.com\/prodotto\/burro-al-tartufo-3-pezzi\/\",\"name\":\"B&B Arezzo - Burro al Tartufo 3 pezzi - Gran ducato Gestioni\",\"isPartOf\":{\"@id\":\"https:\/\/www.granducatocollection.com\/#website\"},\"primaryImageOfPage\":{\"@id\":\"https:\/\/www.granducatocollection.com\/prodotto\/burro-al-tartufo-3-pezzi\/#primaryimage\"},\"image\":{\"@id\":\"https:\/\/www.granducatocollection.com\/prodotto\/burro-al-tartufo-3-pezzi\/#primaryimage\"},\"thumbnailUrl\":\"https:\/\/www.granducatocollection.com\/wp-content\/uploads\/2025\/05\/box-burro-tartufo-bianco-3-pezzi-borgunto.webp\",\"datePublished\":\"2025-05-14T11:15:11+00:00\",\"dateModified\":\"2026-04-06T09:27:11+00:00\",\"description\":\"Scopri il Burro al Tartufo 3 Pezzi su Granducato Collection: un mix di sapori autentici toscani, perfetto per primi piatti e bruschette. Acquista online ora\",\"breadcrumb\":{\"@id\":\"https:\/\/www.granducatocollection.com\/prodotto\/burro-al-tartufo-3-pezzi\/#breadcrumb\"},\"inLanguage\":\"de\",\"potentialAction\":[{\"@type\":\"ReadAction\",\"target\":[\"https:\/\/www.granducatocollection.com\/prodotto\/burro-al-tartufo-3-pezzi\/\"]}]},{\"@type\":\"ImageObject\",\"inLanguage\":\"de\",\"@id\":\"https:\/\/www.granducatocollection.com\/prodotto\/burro-al-tartufo-3-pezzi\/#primaryimage\",\"url\":\"https:\/\/www.granducatocollection.com\/wp-content\/uploads\/2025\/05\/box-burro-tartufo-bianco-3-pezzi-borgunto.webp\",\"contentUrl\":\"https:\/\/www.granducatocollection.com\/wp-content\/uploads\/2025\/05\/box-burro-tartufo-bianco-3-pezzi-borgunto.webp\",\"width\":300,\"height\":300,\"caption\":\"Confezione 3 vasetti burro artigianale al tartufo nero Borgunto\"},{\"@type\":\"BreadcrumbList\",\"@id\":\"https:\/\/www.granducatocollection.com\/prodotto\/burro-al-tartufo-3-pezzi\/#breadcrumb\",\"itemListElement\":[{\"@type\":\"ListItem\",\"position\":1,\"name\":\"Home\",\"item\":\"https:\/\/www.granducatocollection.com\/\"},{\"@type\":\"ListItem\",\"position\":2,\"name\":\"Shop\",\"item\":\"https:\/\/www.granducatocollection.com\/negozio\/\"},{\"@type\":\"ListItem\",\"position\":3,\"name\":\"Burro al Tartufo 3 pezzi\"}]},{\"@type\":\"WebSite\",\"@id\":\"https:\/\/www.granducatocollection.com\/#website\",\"url\":\"https:\/\/www.granducatocollection.com\/\",\"name\":\"GranDucato Collection\",\"description\":\"Prenota la tua vacanza e vivi un&#039;esperienza unica\",\"potentialAction\":[{\"@type\":\"SearchAction\",\"target\":{\"@type\":\"EntryPoint\",\"urlTemplate\":\"https:\/\/www.granducatocollection.com\/?s={search_term_string}\"},\"query-input\":{\"@type\":\"PropertyValueSpecification\",\"valueRequired\":true,\"valueName\":\"search_term_string\"}}],\"inLanguage\":\"de\"}]}<\/script>\n<!-- \/ Yoast SEO plugin. -->","yoast_head_json":{"title":"B&B Arezzo - Burro al Tartufo 3 pezzi - Gran ducato Gestioni","description":"Scopri il Burro al Tartufo 3 Pezzi su Granducato Collection: un mix di sapori autentici toscani, perfetto per primi piatti e bruschette. Acquista online ora","robots":{"index":"index","follow":"follow","max-snippet":"max-snippet:-1","max-image-preview":"max-image-preview:large","max-video-preview":"max-video-preview:-1"},"canonical":"https:\/\/www.granducatocollection.com\/de\/product\/burro-al-tartufo-3-pezzi\/","og_locale":"de_DE","og_type":"article","og_title":"B&B Arezzo - Burro al Tartufo 3 pezzi - Gran ducato Gestioni","og_description":"Scopri il Burro al Tartufo 3 Pezzi su Granducato Collection: un mix di sapori autentici toscani, perfetto per primi piatti e bruschette. Acquista online ora","og_url":"https:\/\/www.granducatocollection.com\/de\/product\/burro-al-tartufo-3-pezzi\/","og_site_name":"Granducato Collection","article_modified_time":"2026-04-06T09:27:11+00:00","og_image":[{"width":300,"height":300,"url":"https:\/\/www.granducatocollection.com\/wp-content\/uploads\/2025\/05\/box-burro-tartufo-bianco-3-pezzi-borgunto.webp","type":"image\/webp"}],"twitter_card":"summary_large_image","twitter_misc":{"Gesch\u00e4tzte Lesezeit":"2\u00a0Minuten"},"schema":{"@context":"https:\/\/schema.org","@graph":[{"@type":"WebPage","@id":"https:\/\/www.granducatocollection.com\/prodotto\/burro-al-tartufo-3-pezzi\/","url":"https:\/\/www.granducatocollection.com\/prodotto\/burro-al-tartufo-3-pezzi\/","name":"B&B Arezzo - Burro al Tartufo 3 pezzi - Gran ducato Gestioni","isPartOf":{"@id":"https:\/\/www.granducatocollection.com\/#website"},"primaryImageOfPage":{"@id":"https:\/\/www.granducatocollection.com\/prodotto\/burro-al-tartufo-3-pezzi\/#primaryimage"},"image":{"@id":"https:\/\/www.granducatocollection.com\/prodotto\/burro-al-tartufo-3-pezzi\/#primaryimage"},"thumbnailUrl":"https:\/\/www.granducatocollection.com\/wp-content\/uploads\/2025\/05\/box-burro-tartufo-bianco-3-pezzi-borgunto.webp","datePublished":"2025-05-14T11:15:11+00:00","dateModified":"2026-04-06T09:27:11+00:00","description":"Scopri il Burro al Tartufo 3 Pezzi su Granducato Collection: un mix di sapori autentici toscani, perfetto per primi piatti e bruschette. Acquista online ora","breadcrumb":{"@id":"https:\/\/www.granducatocollection.com\/prodotto\/burro-al-tartufo-3-pezzi\/#breadcrumb"},"inLanguage":"de","potentialAction":[{"@type":"ReadAction","target":["https:\/\/www.granducatocollection.com\/prodotto\/burro-al-tartufo-3-pezzi\/"]}]},{"@type":"ImageObject","inLanguage":"de","@id":"https:\/\/www.granducatocollection.com\/prodotto\/burro-al-tartufo-3-pezzi\/#primaryimage","url":"https:\/\/www.granducatocollection.com\/wp-content\/uploads\/2025\/05\/box-burro-tartufo-bianco-3-pezzi-borgunto.webp","contentUrl":"https:\/\/www.granducatocollection.com\/wp-content\/uploads\/2025\/05\/box-burro-tartufo-bianco-3-pezzi-borgunto.webp","width":300,"height":300,"caption":"Confezione 3 vasetti burro artigianale al tartufo nero Borgunto"},{"@type":"BreadcrumbList","@id":"https:\/\/www.granducatocollection.com\/prodotto\/burro-al-tartufo-3-pezzi\/#breadcrumb","itemListElement":[{"@type":"ListItem","position":1,"name":"Home","item":"https:\/\/www.granducatocollection.com\/"},{"@type":"ListItem","position":2,"name":"Shop","item":"https:\/\/www.granducatocollection.com\/negozio\/"},{"@type":"ListItem","position":3,"name":"Burro al Tartufo 3 pezzi"}]},{"@type":"WebSite","@id":"https:\/\/www.granducatocollection.com\/#website","url":"https:\/\/www.granducatocollection.com\/","name":"GranDucato Collection","description":"Prenota la tua vacanza e vivi un&#039;esperienza unica","potentialAction":[{"@type":"SearchAction","target":{"@type":"EntryPoint","urlTemplate":"https:\/\/www.granducatocollection.com\/?s={search_term_string}"},"query-input":{"@type":"PropertyValueSpecification","valueRequired":true,"valueName":"search_term_string"}}],"inLanguage":"de"}]}},"_links":{"self":[{"href":"https:\/\/www.granducatocollection.com\/de\/wp-json\/wp\/v2\/product\/7174","targetHints":{"allow":["GET"]}}],"collection":[{"href":"https:\/\/www.granducatocollection.com\/de\/wp-json\/wp\/v2\/product"}],"about":[{"href":"https:\/\/www.granducatocollection.com\/de\/wp-json\/wp\/v2\/types\/product"}],"wp:featuredmedia":[{"embeddable":true,"href":"https:\/\/www.granducatocollection.com\/de\/wp-json\/wp\/v2\/media\/11376"}],"wp:attachment":[{"href":"https:\/\/www.granducatocollection.com\/de\/wp-json\/wp\/v2\/media?parent=7174"}],"wp:term":[{"taxonomy":"product_brand","embeddable":true,"href":"https:\/\/www.granducatocollection.com\/de\/wp-json\/wp\/v2\/product_brand?post=7174"},{"taxonomy":"product_cat","embeddable":true,"href":"https:\/\/www.granducatocollection.com\/de\/wp-json\/wp\/v2\/product_cat?post=7174"},{"taxonomy":"product_tag","embeddable":true,"href":"https:\/\/www.granducatocollection.com\/de\/wp-json\/wp\/v2\/product_tag?post=7174"}],"curies":[{"name":"wp","href":"https:\/\/api.w.org\/{rel}","templated":true}]}}