{"id":7172,"date":"2025-05-14T10:47:59","date_gmt":"2025-05-14T10:47:59","guid":{"rendered":"https:\/\/www.granducatocollection.com\/?post_type=product&#038;p=7172"},"modified":"2026-01-31T10:42:07","modified_gmt":"2026-01-31T10:42:07","slug":"ribollita-toscana-3-pezzi","status":"publish","type":"product","link":"https:\/\/www.granducatocollection.com\/de\/product\/ribollita-toscana-3-pezzi\/","title":{"rendered":"Toskanische Ribollita 3 St\u00fcck"},"content":{"rendered":"<p><script type=\"application\/ld+json\">{\n    \"@context\": \"https:\\\/\\\/schema.org\",\n    \"@type\": \"Product\",\n    \"@id\": \"https:\\\/\\\/www.granducatocollection.com\\\/prodotto\\\/ribollita-toscana-3-pezzi\\\/\",\n    \"name\": \"Ribollita Toscana \\u2013 Box 3 Porzioni Gourmet Borgunto\",\n    \"image\": \"https:\\\/\\\/www.granducatocollection.com\\\/wp-content\\\/uploads\\\/2026\\\/01\\\/ribollita-toscana-borgunto-box.jpg\",\n    \"description\": \"Ribollita Toscana artigianale, preparata ad Arezzo secondo la ricetta autentica della cucina povera toscana. Senza conservanti, in comodo box da 3 porzioni. Prodotto gourmet pronto da scaldare.\",\n    \"brand\": {\n        \"@type\": \"Organization\",\n        \"name\": \"Borgunto\"\n    },\n    \"offers\": {\n        \"@type\": \"Offer\",\n        \"url\": \"https:\\\/\\\/www.granducatocollection.com\\\/prodotto\\\/ribollita-toscana-3-pezzi\\\/\",\n        \"priceCurrency\": \"EUR\",\n        \"price\": \"24.00\",\n        \"itemCondition\": \"https:\\\/\\\/schema.org\\\/NewCondition\",\n        \"availability\": \"https:\\\/\\\/schema.org\\\/InStock\",\n        \"seller\": {\n            \"@type\": \"Organization\",\n            \"name\": \"Granducato Collection\"\n        }\n    },\n    \"sku\": \"RIBOLLITA-TOSCANA-3PZ\"\n}<\/script><\/p>\n<h1>Toskanische Ribollita \u2013 Gourmetbox mit 3 Portionen Borgunto<\/h1>\n<h2>Handwerklich hergestelltes Produkt aus Arezzo, inspiriert von der toskanischen Bauernk\u00fcche<\/h2>\n<p class=\"translation-block\">Die toskanische Ribollita ist ein Klassiker der florentinischen und Arezzor K\u00fcche, von Borgunto neu interpretiert und mit einer raffinierten Note versehen. Zubereitet in Arezzo mit einfachen, aber hochwertigen Zutaten \u2013 Schwarzkohl, Cannellinibohnen, altbackenem toskanischem Brot und saisonalem Gem\u00fcse \u2013 respektiert diese Suppe das authentische Rezept der toskanischen Bauernk\u00fcche mit ihrem Ritual des \u201eRibollitura\u201c (erneutes Aufkochen), das Geschmack und Textur intensiviert.<\/p>\n<h3>Gourmet-Fertiggerichte: praktisch, authentisch und kompromisslos.<\/h3>\n<p class=\"translation-block\">Ribollita, praktisch verpackt in einer 3-Portionen-Box, ist ein fertiges Gourmetgericht, ideal f\u00fcr alle, die authentische toskanische K\u00fcche genie\u00dfen m\u00f6chten, ohne viel Zeit zu investieren. Ohne Konservierungsstoffe oder k\u00fcnstliche Farbstoffe \u2013 einfach erhitzen und mit etwas toskanischem nativem Oliven\u00f6l extra betr\u00e4ufeln, f\u00fcr ein unvergessliches Geschmackserlebnis.<\/p>\n<h3>Symbol der Granducato-Kollektion: Tradition, Heimat und handwerkliche Sorgfalt<\/h3>\n<p class=\"translation-block\">Jedes Gef\u00e4\u00df erz\u00e4hlt die Geschichte eines gro\u00dfz\u00fcgigen Landes \u2013 der Toskana \u2013 und verk\u00f6rpert die Werte der Granducato Collection: limitierte, handwerkliche Produktion, direkte Kontrolle der Rohstoffe und Respekt vor \u00fcberlieferten Rezepten. Eine Hommage an die l\u00e4ndliche Kultur, kreiert f\u00fcr den modernen Gaumen.<\/p>","protected":false},"excerpt":{"rendered":"<div style=\"text-align: justify;\">\n<h1>Toskanische Ribollita-Box<\/h1>\n<p>F\u00fcr Sie: 3 Packungen Toskanische Ribollita \u2013 ein traditionelles toskanisches Bauerngericht. Die Toskanische Ribollita z\u00e4hlt zu den bekanntesten Suppen der traditionellen toskanischen K\u00fcche. Sie ist ein einfaches und rustikales Gericht, reich an Geschmack und Geschichte.<\/p>\n<p>Ribollita war urspr\u00fcnglich ein Resteverwertungsgericht aus altem Brot und saisonalem Gem\u00fcse wie Schwarzkohl, Bohnen, Karotten und Tomaten. Sp\u00e4ter wurde es zu einem festen Bestandteil der toskanischen K\u00fcche! Perfekt f\u00fcr kalte Wintertage.<\/p>\n<\/div>","protected":false},"featured_media":8940,"template":"","meta":{"_acf_changed":false},"product_brand":[764],"product_cat":[843],"product_tag":[270,264,265,247,267,262,266,269,263,268],"class_list":{"0":"post-7172","1":"product","2":"type-product","3":"status-publish","4":"has-post-thumbnail","6":"product_brand-granducato-collection","7":"product_cat-box-e-degustazioni","8":"product_tag-alimenti-italiani","9":"product_tag-pasta-e-legumi","10":"product_tag-prodotto-artigianale","11":"product_tag-regalo-enogastronomico","12":"product_tag-ribollita-con-verdure","13":"product_tag-ribollita-toscana","14":"product_tag-ricetta-tradizionale","15":"product_tag-specialita-toscana","16":"product_tag-zuppa-italiana","17":"product_tag-zuppa-vegetale","19":"first","20":"instock","21":"shipping-taxable","22":"purchasable","23":"product-type-simple"},"acf":[],"yoast_head":"<!-- This site is optimized with the Yoast SEO plugin v26.7 - https:\/\/yoast.com\/wordpress\/plugins\/seo\/ -->\n<title>B&amp;B Arezzo - Ribollita toscana 3 pezzi - Gran ducato Collection<\/title>\n<meta name=\"description\" content=\"Scopri il Box Ribollita Tosca 3 Pezzi su Granducato Collection: tradizione e gusto autentico pronti da gustare. Acquista online ora.\" \/>\n<meta name=\"robots\" content=\"index, follow, max-snippet:-1, max-image-preview:large, max-video-preview:-1\" \/>\n<link rel=\"canonical\" href=\"https:\/\/www.granducatocollection.com\/de\/product\/ribollita-toscana-3-pezzi\/\" \/>\n<meta property=\"og:locale\" content=\"de_DE\" \/>\n<meta property=\"og:type\" content=\"article\" \/>\n<meta property=\"og:title\" content=\"B&amp;B Arezzo - Ribollita toscana 3 pezzi - Gran ducato Collection\" \/>\n<meta property=\"og:description\" content=\"Scopri il Box Ribollita Tosca 3 Pezzi su Granducato Collection: tradizione e gusto autentico pronti da gustare. Acquista online ora.\" \/>\n<meta property=\"og:url\" content=\"https:\/\/www.granducatocollection.com\/de\/product\/ribollita-toscana-3-pezzi\/\" \/>\n<meta property=\"og:site_name\" content=\"Granducato Collection\" \/>\n<meta property=\"article:modified_time\" content=\"2026-01-31T10:42:07+00:00\" \/>\n<meta property=\"og:image\" content=\"https:\/\/www.granducatocollection.com\/wp-content\/uploads\/2025\/05\/pappa_al_pomodoro-ribollita_toscana_pesche_sciroppate_granducatocollection_borgunto_arezzo_toscana_viareggio_alloggi_bb.jpg\" \/>\n\t<meta property=\"og:image:width\" content=\"1600\" \/>\n\t<meta property=\"og:image:height\" content=\"1067\" \/>\n\t<meta property=\"og:image:type\" content=\"image\/jpeg\" \/>\n<meta name=\"twitter:card\" content=\"summary_large_image\" \/>\n<meta name=\"twitter:label1\" content=\"Gesch\u00e4tzte Lesezeit\" \/>\n\t<meta name=\"twitter:data1\" content=\"2\u00a0Minuten\" \/>\n<script type=\"application\/ld+json\" class=\"yoast-schema-graph\">{\"@context\":\"https:\/\/schema.org\",\"@graph\":[{\"@type\":\"WebPage\",\"@id\":\"https:\/\/www.granducatocollection.com\/prodotto\/ribollita-toscana-3-pezzi\/\",\"url\":\"https:\/\/www.granducatocollection.com\/prodotto\/ribollita-toscana-3-pezzi\/\",\"name\":\"B&B Arezzo - Ribollita toscana 3 pezzi - Gran ducato Collection\",\"isPartOf\":{\"@id\":\"https:\/\/www.granducatocollection.com\/#website\"},\"primaryImageOfPage\":{\"@id\":\"https:\/\/www.granducatocollection.com\/prodotto\/ribollita-toscana-3-pezzi\/#primaryimage\"},\"image\":{\"@id\":\"https:\/\/www.granducatocollection.com\/prodotto\/ribollita-toscana-3-pezzi\/#primaryimage\"},\"thumbnailUrl\":\"https:\/\/www.granducatocollection.com\/wp-content\/uploads\/2025\/05\/pappa_al_pomodoro-ribollita_toscana_pesche_sciroppate_granducatocollection_borgunto_arezzo_toscana_viareggio_alloggi_bb.jpg\",\"datePublished\":\"2025-05-14T10:47:59+00:00\",\"dateModified\":\"2026-01-31T10:42:07+00:00\",\"description\":\"Scopri il Box Ribollita Tosca 3 Pezzi su Granducato Collection: tradizione e gusto autentico pronti da gustare. Acquista online ora.\",\"breadcrumb\":{\"@id\":\"https:\/\/www.granducatocollection.com\/prodotto\/ribollita-toscana-3-pezzi\/#breadcrumb\"},\"inLanguage\":\"de\",\"potentialAction\":[{\"@type\":\"ReadAction\",\"target\":[\"https:\/\/www.granducatocollection.com\/prodotto\/ribollita-toscana-3-pezzi\/\"]}]},{\"@type\":\"ImageObject\",\"inLanguage\":\"de\",\"@id\":\"https:\/\/www.granducatocollection.com\/prodotto\/ribollita-toscana-3-pezzi\/#primaryimage\",\"url\":\"https:\/\/www.granducatocollection.com\/wp-content\/uploads\/2025\/05\/pappa_al_pomodoro-ribollita_toscana_pesche_sciroppate_granducatocollection_borgunto_arezzo_toscana_viareggio_alloggi_bb.jpg\",\"contentUrl\":\"https:\/\/www.granducatocollection.com\/wp-content\/uploads\/2025\/05\/pappa_al_pomodoro-ribollita_toscana_pesche_sciroppate_granducatocollection_borgunto_arezzo_toscana_viareggio_alloggi_bb.jpg\",\"width\":1600,\"height\":1067},{\"@type\":\"BreadcrumbList\",\"@id\":\"https:\/\/www.granducatocollection.com\/prodotto\/ribollita-toscana-3-pezzi\/#breadcrumb\",\"itemListElement\":[{\"@type\":\"ListItem\",\"position\":1,\"name\":\"Home\",\"item\":\"https:\/\/www.granducatocollection.com\/\"},{\"@type\":\"ListItem\",\"position\":2,\"name\":\"Shop\",\"item\":\"https:\/\/www.granducatocollection.com\/negozio\/\"},{\"@type\":\"ListItem\",\"position\":3,\"name\":\"Ribollita toscana 3 pezzi\"}]},{\"@type\":\"WebSite\",\"@id\":\"https:\/\/www.granducatocollection.com\/#website\",\"url\":\"https:\/\/www.granducatocollection.com\/\",\"name\":\"GranDucato Collection\",\"description\":\"Prenota la tua vacanza e vivi un&#039;esperienza unica\",\"potentialAction\":[{\"@type\":\"SearchAction\",\"target\":{\"@type\":\"EntryPoint\",\"urlTemplate\":\"https:\/\/www.granducatocollection.com\/?s={search_term_string}\"},\"query-input\":{\"@type\":\"PropertyValueSpecification\",\"valueRequired\":true,\"valueName\":\"search_term_string\"}}],\"inLanguage\":\"de\"}]}<\/script>\n<!-- \/ Yoast SEO plugin. -->","yoast_head_json":{"title":"B&B Arezzo - Ribollita toscana 3 pezzi - Gran ducato Collection","description":"Scopri il Box Ribollita Tosca 3 Pezzi su Granducato Collection: tradizione e gusto autentico pronti da gustare. Acquista online ora.","robots":{"index":"index","follow":"follow","max-snippet":"max-snippet:-1","max-image-preview":"max-image-preview:large","max-video-preview":"max-video-preview:-1"},"canonical":"https:\/\/www.granducatocollection.com\/de\/product\/ribollita-toscana-3-pezzi\/","og_locale":"de_DE","og_type":"article","og_title":"B&B Arezzo - Ribollita toscana 3 pezzi - Gran ducato Collection","og_description":"Scopri il Box Ribollita Tosca 3 Pezzi su Granducato Collection: tradizione e gusto autentico pronti da gustare. Acquista online ora.","og_url":"https:\/\/www.granducatocollection.com\/de\/product\/ribollita-toscana-3-pezzi\/","og_site_name":"Granducato Collection","article_modified_time":"2026-01-31T10:42:07+00:00","og_image":[{"width":1600,"height":1067,"url":"https:\/\/www.granducatocollection.com\/wp-content\/uploads\/2025\/05\/pappa_al_pomodoro-ribollita_toscana_pesche_sciroppate_granducatocollection_borgunto_arezzo_toscana_viareggio_alloggi_bb.jpg","type":"image\/jpeg"}],"twitter_card":"summary_large_image","twitter_misc":{"Gesch\u00e4tzte Lesezeit":"2\u00a0Minuten"},"schema":{"@context":"https:\/\/schema.org","@graph":[{"@type":"WebPage","@id":"https:\/\/www.granducatocollection.com\/prodotto\/ribollita-toscana-3-pezzi\/","url":"https:\/\/www.granducatocollection.com\/prodotto\/ribollita-toscana-3-pezzi\/","name":"B&B Arezzo - Ribollita toscana 3 pezzi - Gran ducato Collection","isPartOf":{"@id":"https:\/\/www.granducatocollection.com\/#website"},"primaryImageOfPage":{"@id":"https:\/\/www.granducatocollection.com\/prodotto\/ribollita-toscana-3-pezzi\/#primaryimage"},"image":{"@id":"https:\/\/www.granducatocollection.com\/prodotto\/ribollita-toscana-3-pezzi\/#primaryimage"},"thumbnailUrl":"https:\/\/www.granducatocollection.com\/wp-content\/uploads\/2025\/05\/pappa_al_pomodoro-ribollita_toscana_pesche_sciroppate_granducatocollection_borgunto_arezzo_toscana_viareggio_alloggi_bb.jpg","datePublished":"2025-05-14T10:47:59+00:00","dateModified":"2026-01-31T10:42:07+00:00","description":"Scopri il Box Ribollita Tosca 3 Pezzi su Granducato Collection: tradizione e gusto autentico pronti da gustare. Acquista online ora.","breadcrumb":{"@id":"https:\/\/www.granducatocollection.com\/prodotto\/ribollita-toscana-3-pezzi\/#breadcrumb"},"inLanguage":"de","potentialAction":[{"@type":"ReadAction","target":["https:\/\/www.granducatocollection.com\/prodotto\/ribollita-toscana-3-pezzi\/"]}]},{"@type":"ImageObject","inLanguage":"de","@id":"https:\/\/www.granducatocollection.com\/prodotto\/ribollita-toscana-3-pezzi\/#primaryimage","url":"https:\/\/www.granducatocollection.com\/wp-content\/uploads\/2025\/05\/pappa_al_pomodoro-ribollita_toscana_pesche_sciroppate_granducatocollection_borgunto_arezzo_toscana_viareggio_alloggi_bb.jpg","contentUrl":"https:\/\/www.granducatocollection.com\/wp-content\/uploads\/2025\/05\/pappa_al_pomodoro-ribollita_toscana_pesche_sciroppate_granducatocollection_borgunto_arezzo_toscana_viareggio_alloggi_bb.jpg","width":1600,"height":1067},{"@type":"BreadcrumbList","@id":"https:\/\/www.granducatocollection.com\/prodotto\/ribollita-toscana-3-pezzi\/#breadcrumb","itemListElement":[{"@type":"ListItem","position":1,"name":"Home","item":"https:\/\/www.granducatocollection.com\/"},{"@type":"ListItem","position":2,"name":"Shop","item":"https:\/\/www.granducatocollection.com\/negozio\/"},{"@type":"ListItem","position":3,"name":"Ribollita toscana 3 pezzi"}]},{"@type":"WebSite","@id":"https:\/\/www.granducatocollection.com\/#website","url":"https:\/\/www.granducatocollection.com\/","name":"GranDucato Collection","description":"Prenota la tua vacanza e vivi un&#039;esperienza unica","potentialAction":[{"@type":"SearchAction","target":{"@type":"EntryPoint","urlTemplate":"https:\/\/www.granducatocollection.com\/?s={search_term_string}"},"query-input":{"@type":"PropertyValueSpecification","valueRequired":true,"valueName":"search_term_string"}}],"inLanguage":"de"}]}},"_links":{"self":[{"href":"https:\/\/www.granducatocollection.com\/de\/wp-json\/wp\/v2\/product\/7172","targetHints":{"allow":["GET"]}}],"collection":[{"href":"https:\/\/www.granducatocollection.com\/de\/wp-json\/wp\/v2\/product"}],"about":[{"href":"https:\/\/www.granducatocollection.com\/de\/wp-json\/wp\/v2\/types\/product"}],"wp:featuredmedia":[{"embeddable":true,"href":"https:\/\/www.granducatocollection.com\/de\/wp-json\/wp\/v2\/media\/8940"}],"wp:attachment":[{"href":"https:\/\/www.granducatocollection.com\/de\/wp-json\/wp\/v2\/media?parent=7172"}],"wp:term":[{"taxonomy":"product_brand","embeddable":true,"href":"https:\/\/www.granducatocollection.com\/de\/wp-json\/wp\/v2\/product_brand?post=7172"},{"taxonomy":"product_cat","embeddable":true,"href":"https:\/\/www.granducatocollection.com\/de\/wp-json\/wp\/v2\/product_cat?post=7172"},{"taxonomy":"product_tag","embeddable":true,"href":"https:\/\/www.granducatocollection.com\/de\/wp-json\/wp\/v2\/product_tag?post=7172"}],"curies":[{"name":"wp","href":"https:\/\/api.w.org\/{rel}","templated":true}]}}