{"id":7171,"date":"2025-05-14T10:39:26","date_gmt":"2025-05-14T10:39:26","guid":{"rendered":"https:\/\/www.granducatocollection.com\/?post_type=product&#038;p=7171"},"modified":"2026-04-06T09:25:13","modified_gmt":"2026-04-06T09:25:13","slug":"box-vini-borgunto","status":"publish","type":"product","link":"https:\/\/www.granducatocollection.com\/de\/product\/box-vini-borgunto\/","title":{"rendered":"Borgunto Weinkiste 15 St\u00fcck"},"content":{"rendered":"<p><script type=\"application\/ld+json\">{\n    \"@context\": \"https:\\\/\\\/schema.org\",\n    \"@type\": \"Product\",\n    \"@id\": \"https:\\\/\\\/www.granducatocollection.com\\\/prodotto\\\/box-vini-borgunto\\\/\",\n    \"name\": \"Box Vini Borgunto \\u2013 Selezione di 15 Bottiglie Toscane\",\n    \"image\": \"https:\\\/\\\/www.granducatocollection.com\\\/wp-content\\\/uploads\\\/2026\\\/01\\\/box-vini-borgunto-granducato-collection.jpg\",\n    \"description\": \"Box regalo con 15 bottiglie di vini toscani artigianali: Chianti DOCG, Rosato Borgunto e altre etichette pregiate. Prodotto ad Arezzo da Borgunto, perfetto come regalo enologico o per degustazioni in Toscana.\",\n    \"brand\": {\n        \"@type\": \"Organization\",\n        \"name\": \"Borgunto\"\n    },\n    \"offers\": {\n        \"@type\": \"Offer\",\n        \"url\": \"https:\\\/\\\/www.granducatocollection.com\\\/prodotto\\\/box-vini-borgunto\\\/\",\n        \"priceCurrency\": \"EUR\",\n        \"price\": \"195.00\",\n        \"itemCondition\": \"https:\\\/\\\/schema.org\\\/NewCondition\",\n        \"availability\": \"https:\\\/\\\/schema.org\\\/InStock\",\n        \"seller\": {\n            \"@type\": \"Organization\",\n            \"name\": \"Granducato Collection\"\n        }\n    },\n    \"sku\": \"BOX-VINI-BORGUNTO-15\"\n}<\/script><\/p>\n<h1>Borgunto Weinbox \u2013 Auswahl von 15 toskanischen Flaschen<\/h1>\n<h2>Ein komplettes Weinerlebnis, entstanden in Arezzo<\/h2>\n<p class=\"translation-block\">Die Borgunto-Weinbox vereint die Exzellenz des toskanischen Weinbaus in einer exklusiven Auswahl von 15 handwerklich hergestellten Weinen, darunter der prestigetr\u00e4chtige Chianti DOCG, der edle Rosato Borgunto Edizione Speciale und weitere erlesene Borgunto-Weine. Jeder Wein wird in Arezzo, im Herzen der Toskana, produziert und spiegelt die jeweilige Region, ihre Tradition und die Liebe zum Detail wider.<\/p>\n<h3>Das elegante Weingeschenk f\u00fcr wahre Kenner<\/h3>\n<p class=\"translation-block\">Pr\u00e4sentiert in einer mit viel Liebe zum Detail gestalteten Weingeschenkbox, ist diese Box ideal als elegantes Weingeschenk f\u00fcr besondere Anl\u00e4sse, Weihnachten, Jubil\u00e4en oder Gesch\u00e4ftspartner. Sie eignet sich auch perfekt, um eine Weinprobe im toskanischen Stil zu Hause mit Freunden zu organisieren oder w\u00e4hrend der Arbeit im Homeoffice kulinarische Gen\u00fcsse zu erleben.<\/p>\n<h3>Symbol der Granducato-Kollektion: Kunst, Territorium und Qualit\u00e4t<\/h3>\n<p class=\"translation-block\">Diese Auswahl verk\u00f6rpert die Werte der Granducato Collection: direkte Kontrolle des Weinbergs, handwerkliche Herstellung, R\u00fcckverfolgbarkeit und Respekt vor dem Terroir. Jede Flasche ist eine Einladung, die Toskana durch das Glas zu entdecken \u2013 authentisch, raffiniert und unvergesslich.<\/p>","protected":false},"excerpt":{"rendered":"<h1>Chianti-Wein-Box<\/h1>\n<p class=\"translation-block\">Entdecken Sie die Exzellenz toskanischer Weine mit der Borgunto-Weinbox: eine exklusive Auswahl von 15 Flaschen, darunter Chianti, Ros\u00e9 und edle Borgunto-Weine. Ein sinnliches Erlebnis, das das Herz der Toskana einf\u00e4ngt \u2013 ideal f\u00fcr Weinliebhaber, Sammler oder als elegantes Geschenk. Jede Flasche ist ein authentischer Ausdruck des Terroirs, mit viel Liebe zum Detail hergestellt, um Qualit\u00e4t, Geschmack und Tradition zu gew\u00e4hrleisten.<\/p>\n<p class=\"translation-block\">\u2705 Elegante Verpackung<br>\n\ud83c\udf77 15 ausgew\u00e4hlte Flaschen<br>\n\ud83c\udf81 Ideal f\u00fcr Verkostungen oder als Firmengeschenk<br>\n\ud83c\uddee\ud83c\uddf9 100 % toskanische Produktion<\/p>","protected":false},"featured_media":11375,"template":"","meta":{"_acf_changed":false},"product_brand":[764],"product_cat":[843],"product_tag":[271,275,279,247,273,278,274,276,277,272],"class_list":{"0":"post-7171","1":"product","2":"type-product","3":"status-publish","4":"has-post-thumbnail","6":"product_brand-granducato-collection","7":"product_cat-box-e-degustazioni","8":"product_tag-box-vini","9":"product_tag-box-vini-premium","10":"product_tag-offerta-vini","11":"product_tag-regalo-enogastronomico","12":"product_tag-selezione-vini","13":"product_tag-set-vini","14":"product_tag-vini-toscani","15":"product_tag-vino-borgunto","16":"product_tag-vino-da-collezione","17":"product_tag-vino-rosso-italiano","19":"first","20":"instock","21":"shipping-taxable","22":"purchasable","23":"product-type-simple"},"acf":[],"yoast_head":"<!-- This site is optimized with the Yoast SEO plugin v26.7 - https:\/\/yoast.com\/wordpress\/plugins\/seo\/ -->\n<title>B&amp;B Arezzo - Box vini Borgunto 15 pezzi - Gran ducato Collection<\/title>\n<meta name=\"description\" content=\"Scopri il Box 15 Vini Borgunto su Granducato Collection: una selezione esclusiva di vini toscani pregiati. Acquista online e ricevi comodamente a casa tua.\" \/>\n<meta name=\"robots\" content=\"index, follow, max-snippet:-1, max-image-preview:large, max-video-preview:-1\" \/>\n<link rel=\"canonical\" href=\"https:\/\/www.granducatocollection.com\/de\/product\/box-vini-borgunto-15-pezzi\/\" \/>\n<meta property=\"og:locale\" content=\"de_DE\" \/>\n<meta property=\"og:type\" content=\"article\" \/>\n<meta property=\"og:title\" content=\"B&amp;B Arezzo - Box vini Borgunto 15 pezzi - Gran ducato Collection\" \/>\n<meta property=\"og:description\" content=\"Scopri il Box 15 Vini Borgunto su Granducato Collection: una selezione esclusiva di vini toscani pregiati. Acquista online e ricevi comodamente a casa tua.\" \/>\n<meta property=\"og:url\" content=\"https:\/\/www.granducatocollection.com\/de\/product\/box-vini-borgunto-15-pezzi\/\" \/>\n<meta property=\"og:site_name\" content=\"Granducato Collection\" \/>\n<meta property=\"article:modified_time\" content=\"2026-04-06T09:25:13+00:00\" \/>\n<meta property=\"og:image\" content=\"https:\/\/www.granducatocollection.com\/wp-content\/uploads\/2025\/05\/chianti-docg-borgunto-granducatogestioni-arezzo-firenze-toscana-viareggio-aziendaagricola-affittacamere-BB-suitelets-300x300-1.webp\" \/>\n\t<meta property=\"og:image:width\" content=\"300\" \/>\n\t<meta property=\"og:image:height\" content=\"300\" \/>\n\t<meta property=\"og:image:type\" content=\"image\/webp\" \/>\n<meta name=\"twitter:card\" content=\"summary_large_image\" \/>\n<meta name=\"twitter:label1\" content=\"Gesch\u00e4tzte Lesezeit\" \/>\n\t<meta name=\"twitter:data1\" content=\"2\u00a0Minuten\" \/>\n<script type=\"application\/ld+json\" class=\"yoast-schema-graph\">{\"@context\":\"https:\/\/schema.org\",\"@graph\":[{\"@type\":\"WebPage\",\"@id\":\"https:\/\/www.granducatocollection.com\/prodotto\/box-vini-borgunto\/\",\"url\":\"https:\/\/www.granducatocollection.com\/prodotto\/box-vini-borgunto-15-pezzi\/\",\"name\":\"B&B Arezzo - Box vini Borgunto 15 pezzi - Gran ducato Collection\",\"isPartOf\":{\"@id\":\"https:\/\/www.granducatocollection.com\/#website\"},\"primaryImageOfPage\":{\"@id\":\"https:\/\/www.granducatocollection.com\/prodotto\/box-vini-borgunto-15-pezzi\/#primaryimage\"},\"image\":{\"@id\":\"https:\/\/www.granducatocollection.com\/prodotto\/box-vini-borgunto-15-pezzi\/#primaryimage\"},\"thumbnailUrl\":\"https:\/\/www.granducatocollection.com\/wp-content\/uploads\/2025\/05\/chianti-docg-borgunto-granducatogestioni-arezzo-firenze-toscana-viareggio-aziendaagricola-affittacamere-BB-suitelets-300x300-1.webp\",\"datePublished\":\"2025-05-14T10:39:26+00:00\",\"dateModified\":\"2026-04-06T09:25:13+00:00\",\"description\":\"Scopri il Box 15 Vini Borgunto su Granducato Collection: una selezione esclusiva di vini toscani pregiati. Acquista online e ricevi comodamente a casa tua.\",\"breadcrumb\":{\"@id\":\"https:\/\/www.granducatocollection.com\/prodotto\/box-vini-borgunto-15-pezzi\/#breadcrumb\"},\"inLanguage\":\"de\",\"potentialAction\":[{\"@type\":\"ReadAction\",\"target\":[\"https:\/\/www.granducatocollection.com\/prodotto\/box-vini-borgunto-15-pezzi\/\"]}]},{\"@type\":\"ImageObject\",\"inLanguage\":\"de\",\"@id\":\"https:\/\/www.granducatocollection.com\/prodotto\/box-vini-borgunto-15-pezzi\/#primaryimage\",\"url\":\"https:\/\/www.granducatocollection.com\/wp-content\/uploads\/2025\/05\/chianti-docg-borgunto-granducatogestioni-arezzo-firenze-toscana-viareggio-aziendaagricola-affittacamere-BB-suitelets-300x300-1.webp\",\"contentUrl\":\"https:\/\/www.granducatocollection.com\/wp-content\/uploads\/2025\/05\/chianti-docg-borgunto-granducatogestioni-arezzo-firenze-toscana-viareggio-aziendaagricola-affittacamere-BB-suitelets-300x300-1.webp\",\"width\":300,\"height\":300,\"caption\":\"chianti box granducato collection e borgunto arezzo\"},{\"@type\":\"BreadcrumbList\",\"@id\":\"https:\/\/www.granducatocollection.com\/prodotto\/box-vini-borgunto-15-pezzi\/#breadcrumb\",\"itemListElement\":[{\"@type\":\"ListItem\",\"position\":1,\"name\":\"Home\",\"item\":\"https:\/\/www.granducatocollection.com\/\"},{\"@type\":\"ListItem\",\"position\":2,\"name\":\"Shop\",\"item\":\"https:\/\/www.granducatocollection.com\/negozio\/\"},{\"@type\":\"ListItem\",\"position\":3,\"name\":\"Box vini Borgunto 15 pezzi\"}]},{\"@type\":\"WebSite\",\"@id\":\"https:\/\/www.granducatocollection.com\/#website\",\"url\":\"https:\/\/www.granducatocollection.com\/\",\"name\":\"GranDucato Collection\",\"description\":\"Prenota la tua vacanza e vivi un&#039;esperienza unica\",\"potentialAction\":[{\"@type\":\"SearchAction\",\"target\":{\"@type\":\"EntryPoint\",\"urlTemplate\":\"https:\/\/www.granducatocollection.com\/?s={search_term_string}\"},\"query-input\":{\"@type\":\"PropertyValueSpecification\",\"valueRequired\":true,\"valueName\":\"search_term_string\"}}],\"inLanguage\":\"de\"}]}<\/script>\n<!-- \/ Yoast SEO plugin. -->","yoast_head_json":{"title":"B&B Arezzo - Box vini Borgunto 15 pezzi - Gran ducato Collection","description":"Scopri il Box 15 Vini Borgunto su Granducato Collection: una selezione esclusiva di vini toscani pregiati. Acquista online e ricevi comodamente a casa tua.","robots":{"index":"index","follow":"follow","max-snippet":"max-snippet:-1","max-image-preview":"max-image-preview:large","max-video-preview":"max-video-preview:-1"},"canonical":"https:\/\/www.granducatocollection.com\/de\/product\/box-vini-borgunto-15-pezzi\/","og_locale":"de_DE","og_type":"article","og_title":"B&B Arezzo - Box vini Borgunto 15 pezzi - Gran ducato Collection","og_description":"Scopri il Box 15 Vini Borgunto su Granducato Collection: una selezione esclusiva di vini toscani pregiati. Acquista online e ricevi comodamente a casa tua.","og_url":"https:\/\/www.granducatocollection.com\/de\/product\/box-vini-borgunto-15-pezzi\/","og_site_name":"Granducato Collection","article_modified_time":"2026-04-06T09:25:13+00:00","og_image":[{"width":300,"height":300,"url":"https:\/\/www.granducatocollection.com\/wp-content\/uploads\/2025\/05\/chianti-docg-borgunto-granducatogestioni-arezzo-firenze-toscana-viareggio-aziendaagricola-affittacamere-BB-suitelets-300x300-1.webp","type":"image\/webp"}],"twitter_card":"summary_large_image","twitter_misc":{"Gesch\u00e4tzte Lesezeit":"2\u00a0Minuten"},"schema":{"@context":"https:\/\/schema.org","@graph":[{"@type":"WebPage","@id":"https:\/\/www.granducatocollection.com\/prodotto\/box-vini-borgunto\/","url":"https:\/\/www.granducatocollection.com\/prodotto\/box-vini-borgunto-15-pezzi\/","name":"B&B Arezzo - Box vini Borgunto 15 pezzi - Gran ducato Collection","isPartOf":{"@id":"https:\/\/www.granducatocollection.com\/#website"},"primaryImageOfPage":{"@id":"https:\/\/www.granducatocollection.com\/prodotto\/box-vini-borgunto-15-pezzi\/#primaryimage"},"image":{"@id":"https:\/\/www.granducatocollection.com\/prodotto\/box-vini-borgunto-15-pezzi\/#primaryimage"},"thumbnailUrl":"https:\/\/www.granducatocollection.com\/wp-content\/uploads\/2025\/05\/chianti-docg-borgunto-granducatogestioni-arezzo-firenze-toscana-viareggio-aziendaagricola-affittacamere-BB-suitelets-300x300-1.webp","datePublished":"2025-05-14T10:39:26+00:00","dateModified":"2026-04-06T09:25:13+00:00","description":"Scopri il Box 15 Vini Borgunto su Granducato Collection: una selezione esclusiva di vini toscani pregiati. Acquista online e ricevi comodamente a casa tua.","breadcrumb":{"@id":"https:\/\/www.granducatocollection.com\/prodotto\/box-vini-borgunto-15-pezzi\/#breadcrumb"},"inLanguage":"de","potentialAction":[{"@type":"ReadAction","target":["https:\/\/www.granducatocollection.com\/prodotto\/box-vini-borgunto-15-pezzi\/"]}]},{"@type":"ImageObject","inLanguage":"de","@id":"https:\/\/www.granducatocollection.com\/prodotto\/box-vini-borgunto-15-pezzi\/#primaryimage","url":"https:\/\/www.granducatocollection.com\/wp-content\/uploads\/2025\/05\/chianti-docg-borgunto-granducatogestioni-arezzo-firenze-toscana-viareggio-aziendaagricola-affittacamere-BB-suitelets-300x300-1.webp","contentUrl":"https:\/\/www.granducatocollection.com\/wp-content\/uploads\/2025\/05\/chianti-docg-borgunto-granducatogestioni-arezzo-firenze-toscana-viareggio-aziendaagricola-affittacamere-BB-suitelets-300x300-1.webp","width":300,"height":300,"caption":"chianti box granducato collection e borgunto arezzo"},{"@type":"BreadcrumbList","@id":"https:\/\/www.granducatocollection.com\/prodotto\/box-vini-borgunto-15-pezzi\/#breadcrumb","itemListElement":[{"@type":"ListItem","position":1,"name":"Home","item":"https:\/\/www.granducatocollection.com\/"},{"@type":"ListItem","position":2,"name":"Shop","item":"https:\/\/www.granducatocollection.com\/negozio\/"},{"@type":"ListItem","position":3,"name":"Box vini Borgunto 15 pezzi"}]},{"@type":"WebSite","@id":"https:\/\/www.granducatocollection.com\/#website","url":"https:\/\/www.granducatocollection.com\/","name":"GranDucato Collection","description":"Prenota la tua vacanza e vivi un&#039;esperienza unica","potentialAction":[{"@type":"SearchAction","target":{"@type":"EntryPoint","urlTemplate":"https:\/\/www.granducatocollection.com\/?s={search_term_string}"},"query-input":{"@type":"PropertyValueSpecification","valueRequired":true,"valueName":"search_term_string"}}],"inLanguage":"de"}]}},"_links":{"self":[{"href":"https:\/\/www.granducatocollection.com\/de\/wp-json\/wp\/v2\/product\/7171","targetHints":{"allow":["GET"]}}],"collection":[{"href":"https:\/\/www.granducatocollection.com\/de\/wp-json\/wp\/v2\/product"}],"about":[{"href":"https:\/\/www.granducatocollection.com\/de\/wp-json\/wp\/v2\/types\/product"}],"wp:featuredmedia":[{"embeddable":true,"href":"https:\/\/www.granducatocollection.com\/de\/wp-json\/wp\/v2\/media\/11375"}],"wp:attachment":[{"href":"https:\/\/www.granducatocollection.com\/de\/wp-json\/wp\/v2\/media?parent=7171"}],"wp:term":[{"taxonomy":"product_brand","embeddable":true,"href":"https:\/\/www.granducatocollection.com\/de\/wp-json\/wp\/v2\/product_brand?post=7171"},{"taxonomy":"product_cat","embeddable":true,"href":"https:\/\/www.granducatocollection.com\/de\/wp-json\/wp\/v2\/product_cat?post=7171"},{"taxonomy":"product_tag","embeddable":true,"href":"https:\/\/www.granducatocollection.com\/de\/wp-json\/wp\/v2\/product_tag?post=7171"}],"curies":[{"name":"wp","href":"https:\/\/api.w.org\/{rel}","templated":true}]}}