{"id":7098,"date":"2025-05-10T12:23:32","date_gmt":"2025-05-10T12:23:32","guid":{"rendered":"https:\/\/www.granducatocollection.com\/?post_type=product&#038;p=7098"},"modified":"2026-04-16T12:42:49","modified_gmt":"2026-04-16T12:42:49","slug":"chianti-rosso-docg-colli-aretino-borgunto","status":"publish","type":"product","link":"https:\/\/www.granducatocollection.com\/de\/product\/chianti-rosso-docg-colli-aretino-borgunto\/","title":{"rendered":"Chianti Rosso DOCG Colli Aretini Borgunto"},"content":{"rendered":"<p><script type=\"application\/ld+json\">{\n    \"@context\": \"https:\\\/\\\/schema.org\",\n    \"@type\": \"Product\",\n    \"@id\": \"https:\\\/\\\/www.granducatocollection.com\\\/prodotto\\\/chianti-rosso-docg-colli-aretino-borgunto\\\/\",\n    \"name\": \"Chianti Rosso DOCG Colli Aretini \\u2013 Borgunto\",\n    \"image\": \"https:\\\/\\\/www.granducatocollection.com\\\/wp-content\\\/uploads\\\/2026\\\/01\\\/chianti-rosso-docg-colli-aretini-borgunto.jpg\",\n    \"description\": \"Chianti Rosso DOCG artigianale da Arezzo, Toscana. Prodotto da Borgunto con uve Sangiovese dei Colli Aretini. Perfetto per cene conviviali o come regalo enologico toscano.\",\n    \"brand\": {\n        \"@type\": \"Organization\",\n        \"name\": \"Borgunto\"\n    },\n    \"offers\": {\n        \"@type\": \"Offer\",\n        \"url\": \"https:\\\/\\\/www.granducatocollection.com\\\/prodotto\\\/chianti-rosso-docg-colli-aretino-borgunto\\\/\",\n        \"priceCurrency\": \"EUR\",\n        \"price\": \"15.00\",\n        \"itemCondition\": \"https:\\\/\\\/schema.org\\\/NewCondition\",\n        \"availability\": \"https:\\\/\\\/schema.org\\\/InStock\",\n        \"seller\": {\n            \"@type\": \"Organization\",\n            \"name\": \"Granducato Collection\"\n        },\n        \"hasMerchantReturnPolicy\": {\n            \"@type\": \"MerchantReturnPolicy\",\n            \"returnPolicyCategory\": \"https:\\\/\\\/schema.org\\\/MerchantReturnFiniteReturnWindow\",\n            \"merchantReturnDays\": 14,\n            \"returnMethod\": \"https:\\\/\\\/schema.org\\\/ReturnByMail\",\n            \"returnFees\": \"https:\\\/\\\/schema.org\\\/FreeReturn\"\n        },\n        \"shippingDetails\": {\n            \"@type\": \"OfferShippingDetails\",\n            \"shippingRate\": {\n                \"@type\": \"MonetaryAmount\",\n                \"value\": \"0.00\",\n                \"currency\": \"EUR\"\n            },\n            \"shippingDestination\": {\n                \"@type\": \"DefinedRegion\",\n                \"addressCountry\": \"IT\"\n            },\n            \"deliveryTime\": {\n                \"@type\": \"ShippingDeliveryTime\",\n                \"handlingTime\": {\n                    \"@type\": \"QuantitativeValue\",\n                    \"minValue\": 1,\n                    \"maxValue\": 2,\n                    \"unitCode\": \"DAY\"\n                },\n                \"transitTime\": {\n                    \"@type\": \"QuantitativeValue\",\n                    \"minValue\": 2,\n                    \"maxValue\": 5,\n                    \"unitCode\": \"DAY\"\n                }\n            }\n        }\n    },\n    \"sku\": \"CHIANTI-ROSSO-DOCG-COLLI-ARETINI\"\n}<\/script><br \/>\n<\/script><\/p>\n<h1>Chianti Rosso DOCG Colli Aretini \u2013 Borgunto<\/h1>\n<h2>Handwerklich hergestellter toskanischer Rotwein aus Arezzo, ein authentischer Ausdruck der Region.<\/h2>\n<p class=\"translation-block\">Der <strong>Chianti Rosso DOCG Colli Aretini<\/strong> ist eine Hommage an die italienische Weinbautradition und wird mit Leidenschaft von <strong>Borgunto<\/strong> im Herzen von <strong>Arezzo<\/strong> erzeugt. Hergestellt haupts\u00e4chlich aus <strong>Sangiovese<\/strong>-Trauben, erg\u00e4nzt durch kleine Anteile Canaiolo Nero, Trebbiano Toscano und Malvasia, entsteht dieser <strong>rotwein aus der Toskana<\/strong> auf h\u00fcgeligen B\u00f6den mit perfekter S\u00fcdausrichtung, wo Sonne, Boden und Klima harmonisch zusammenwirken, um einen charaktervollen Wein hervorzubringen.<\/p>\n<h3>Ein Chianti DOCG f\u00fcr gesellige Abendessen und unvergessliche Momente<\/h3>\n<p class=\"translation-block\">Mit seiner intensiv rubinroten Farbe, den einh\u00fcllenden Aromen von Kirsche, Veilchen und zarten Gew\u00fcrzen sowie einem ausgewogenen und lang anhaltenden Geschmack ist der Chianti Rosso DOCG der ideale Begleiter f\u00fcr <strong>gesellige Abendessen<\/strong>, Braten, toskanische erste G\u00e4nge oder einfach, um die Kunst des guten Lebens zu zelebrieren. Seine Eleganz macht ihn zudem zu einem <strong>raffinierten Wein-Geschenk<\/strong>, das in jedem Glas die Sch\u00f6nheit der toskanischen Landschaft erz\u00e4hlt.<\/p>\n<h3>Symbol der Granducato-Kollektion: handwerklicher Weinbau und Respekt vor dem Territorium<\/h3>\n<p class=\"translation-block\">Dieser Chianti, hergestellt von einem traditionsreichen Weingut in Arezzo mit tiefen Wurzeln in den Colli Aretini, verk\u00f6rpert die Werte der Granducato Collection: direkte Kontrolle des Weinbergs, Handlese, traditionelle Weinherstellung und h\u00f6chste Liebe zum Detail. Ein Wein, der nicht nur die DOCG-Bezeichnung respektiert, sondern auch deren authentischsten Charakter zum Ausdruck bringt.<\/p>","protected":false},"excerpt":{"rendered":"<h1>Chianti Rosso Colli Aretini DOCG<\/h1>\n<p class=\"translation-block\">Wein <strong>Chianti Rosso DOCG<\/strong> handwerklich aus <strong>Arezzo<\/strong>, hergestellt von <strong>Borgunto<\/strong> mit Trauben der Sorte <strong>Sangiovese<\/strong> aus den <strong>Colli Aretini<\/strong>. Ein <strong>toskanischer Rotwein<\/strong> perfekt f\u00fcr gesellige Abendessen oder als <strong>Weingeschenk<\/strong>, das die italienische Weinbautradition feiert.<\/p>","protected":false},"featured_media":7154,"template":"","meta":{"_acf_changed":false},"product_brand":[764],"product_cat":[92],"product_tag":[311,306,304,308,277,312,309,307,310,305],"class_list":{"0":"post-7098","1":"product","2":"type-product","3":"status-publish","4":"has-post-thumbnail","6":"product_brand-granducato-collection","7":"product_cat-i-nostri-formati-speciali","8":"product_tag-borgunto","9":"product_tag-chianti-docg","10":"product_tag-chianti-rosso","11":"product_tag-colli-aretini","12":"product_tag-vino-da-collezione","13":"product_tag-vino-da-pranzo","14":"product_tag-vino-da-regalo","15":"product_tag-vino-italiano","16":"product_tag-vino-rosso-premium","17":"product_tag-vino-rosso-toscano","19":"first","20":"instock","21":"shipping-taxable","22":"purchasable","23":"product-type-simple"},"acf":[],"yoast_head":"<!-- This site is optimized with the Yoast SEO plugin v26.7 - https:\/\/yoast.com\/wordpress\/plugins\/seo\/ -->\n<title>B&amp;B Arezzo - Chianti Rosso Colli Aretini - Granducato Collection<\/title>\n<meta name=\"description\" content=\"Chianti Rosso Colli Aretini DOCG \u2013 un vino rosso toscano di alta qualit\u00e0, prodotto con uve selezionate. Acquistalo online su granducatocollection.com\" \/>\n<meta name=\"robots\" content=\"index, follow, max-snippet:-1, max-image-preview:large, max-video-preview:-1\" \/>\n<link rel=\"canonical\" href=\"https:\/\/www.granducatocollection.com\/de\/product\/chianti-rosso-docg-colli-aretino-borgunto\/\" \/>\n<meta property=\"og:locale\" content=\"de_DE\" \/>\n<meta property=\"og:type\" content=\"article\" \/>\n<meta property=\"og:title\" content=\"B&amp;B Arezzo - Chianti Rosso Colli Aretini - Granducato Collection\" \/>\n<meta property=\"og:description\" content=\"Chianti Rosso Colli Aretini DOCG \u2013 un vino rosso toscano di alta qualit\u00e0, prodotto con uve selezionate. Acquistalo online su granducatocollection.com\" \/>\n<meta property=\"og:url\" content=\"https:\/\/www.granducatocollection.com\/de\/product\/chianti-rosso-docg-colli-aretino-borgunto\/\" \/>\n<meta property=\"og:site_name\" content=\"Granducato Collection\" \/>\n<meta property=\"article:modified_time\" content=\"2026-04-16T12:42:49+00:00\" \/>\n<meta property=\"og:image\" content=\"https:\/\/www.granducatocollection.com\/wp-content\/uploads\/2025\/05\/chianti-docg-borgunto-granducatogestioni-arezzo-firenze-toscana-viareggio-aziendaagricola-affittacamere-BB-suitelets.jpg\" \/>\n\t<meta property=\"og:image:width\" content=\"350\" \/>\n\t<meta property=\"og:image:height\" content=\"350\" \/>\n\t<meta property=\"og:image:type\" content=\"image\/jpeg\" \/>\n<meta name=\"twitter:card\" content=\"summary_large_image\" \/>\n<meta name=\"twitter:label1\" content=\"Gesch\u00e4tzte Lesezeit\" \/>\n\t<meta name=\"twitter:data1\" content=\"2\u00a0Minuten\" \/>\n<script type=\"application\/ld+json\" class=\"yoast-schema-graph\">{\"@context\":\"https:\/\/schema.org\",\"@graph\":[{\"@type\":\"WebPage\",\"@id\":\"https:\/\/www.granducatocollection.com\/prodotto\/chianti-rosso-docg-colli-aretino-borgunto\/\",\"url\":\"https:\/\/www.granducatocollection.com\/prodotto\/chianti-rosso-docg-colli-aretino-borgunto\/\",\"name\":\"B&B Arezzo - Chianti Rosso Colli Aretini - Granducato Collection\",\"isPartOf\":{\"@id\":\"https:\/\/www.granducatocollection.com\/#website\"},\"primaryImageOfPage\":{\"@id\":\"https:\/\/www.granducatocollection.com\/prodotto\/chianti-rosso-docg-colli-aretino-borgunto\/#primaryimage\"},\"image\":{\"@id\":\"https:\/\/www.granducatocollection.com\/prodotto\/chianti-rosso-docg-colli-aretino-borgunto\/#primaryimage\"},\"thumbnailUrl\":\"https:\/\/www.granducatocollection.com\/wp-content\/uploads\/2025\/05\/chianti-docg-borgunto-granducatogestioni-arezzo-firenze-toscana-viareggio-aziendaagricola-affittacamere-BB-suitelets.jpg\",\"datePublished\":\"2025-05-10T12:23:32+00:00\",\"dateModified\":\"2026-04-16T12:42:49+00:00\",\"description\":\"Chianti Rosso Colli Aretini DOCG \u2013 un vino rosso toscano di alta qualit\u00e0, prodotto con uve selezionate. Acquistalo online su granducatocollection.com\",\"breadcrumb\":{\"@id\":\"https:\/\/www.granducatocollection.com\/prodotto\/chianti-rosso-docg-colli-aretino-borgunto\/#breadcrumb\"},\"inLanguage\":\"de\",\"potentialAction\":[{\"@type\":\"ReadAction\",\"target\":[\"https:\/\/www.granducatocollection.com\/prodotto\/chianti-rosso-docg-colli-aretino-borgunto\/\"]}]},{\"@type\":\"ImageObject\",\"inLanguage\":\"de\",\"@id\":\"https:\/\/www.granducatocollection.com\/prodotto\/chianti-rosso-docg-colli-aretino-borgunto\/#primaryimage\",\"url\":\"https:\/\/www.granducatocollection.com\/wp-content\/uploads\/2025\/05\/chianti-docg-borgunto-granducatogestioni-arezzo-firenze-toscana-viareggio-aziendaagricola-affittacamere-BB-suitelets.jpg\",\"contentUrl\":\"https:\/\/www.granducatocollection.com\/wp-content\/uploads\/2025\/05\/chianti-docg-borgunto-granducatogestioni-arezzo-firenze-toscana-viareggio-aziendaagricola-affittacamere-BB-suitelets.jpg\",\"width\":350,\"height\":350},{\"@type\":\"BreadcrumbList\",\"@id\":\"https:\/\/www.granducatocollection.com\/prodotto\/chianti-rosso-docg-colli-aretino-borgunto\/#breadcrumb\",\"itemListElement\":[{\"@type\":\"ListItem\",\"position\":1,\"name\":\"Home\",\"item\":\"https:\/\/www.granducatocollection.com\/\"},{\"@type\":\"ListItem\",\"position\":2,\"name\":\"Shop\",\"item\":\"https:\/\/www.granducatocollection.com\/negozio\/\"},{\"@type\":\"ListItem\",\"position\":3,\"name\":\"Chianti Rosso Docg Colli Aretini Borgunto\"}]},{\"@type\":\"WebSite\",\"@id\":\"https:\/\/www.granducatocollection.com\/#website\",\"url\":\"https:\/\/www.granducatocollection.com\/\",\"name\":\"GranDucato Collection\",\"description\":\"Prenota la tua vacanza e vivi un&#039;esperienza unica\",\"potentialAction\":[{\"@type\":\"SearchAction\",\"target\":{\"@type\":\"EntryPoint\",\"urlTemplate\":\"https:\/\/www.granducatocollection.com\/?s={search_term_string}\"},\"query-input\":{\"@type\":\"PropertyValueSpecification\",\"valueRequired\":true,\"valueName\":\"search_term_string\"}}],\"inLanguage\":\"de\"}]}<\/script>\n<!-- \/ Yoast SEO plugin. -->","yoast_head_json":{"title":"B&B Arezzo - Chianti Rosso Colli Aretini - Granducato Collection","description":"Chianti Rosso Colli Aretini DOCG \u2013 un vino rosso toscano di alta qualit\u00e0, prodotto con uve selezionate. Acquistalo online su granducatocollection.com","robots":{"index":"index","follow":"follow","max-snippet":"max-snippet:-1","max-image-preview":"max-image-preview:large","max-video-preview":"max-video-preview:-1"},"canonical":"https:\/\/www.granducatocollection.com\/de\/product\/chianti-rosso-docg-colli-aretino-borgunto\/","og_locale":"de_DE","og_type":"article","og_title":"B&B Arezzo - Chianti Rosso Colli Aretini - Granducato Collection","og_description":"Chianti Rosso Colli Aretini DOCG \u2013 un vino rosso toscano di alta qualit\u00e0, prodotto con uve selezionate. Acquistalo online su granducatocollection.com","og_url":"https:\/\/www.granducatocollection.com\/de\/product\/chianti-rosso-docg-colli-aretino-borgunto\/","og_site_name":"Granducato Collection","article_modified_time":"2026-04-16T12:42:49+00:00","og_image":[{"width":350,"height":350,"url":"https:\/\/www.granducatocollection.com\/wp-content\/uploads\/2025\/05\/chianti-docg-borgunto-granducatogestioni-arezzo-firenze-toscana-viareggio-aziendaagricola-affittacamere-BB-suitelets.jpg","type":"image\/jpeg"}],"twitter_card":"summary_large_image","twitter_misc":{"Gesch\u00e4tzte Lesezeit":"2\u00a0Minuten"},"schema":{"@context":"https:\/\/schema.org","@graph":[{"@type":"WebPage","@id":"https:\/\/www.granducatocollection.com\/prodotto\/chianti-rosso-docg-colli-aretino-borgunto\/","url":"https:\/\/www.granducatocollection.com\/prodotto\/chianti-rosso-docg-colli-aretino-borgunto\/","name":"B&B Arezzo - Chianti Rosso Colli Aretini - Granducato Collection","isPartOf":{"@id":"https:\/\/www.granducatocollection.com\/#website"},"primaryImageOfPage":{"@id":"https:\/\/www.granducatocollection.com\/prodotto\/chianti-rosso-docg-colli-aretino-borgunto\/#primaryimage"},"image":{"@id":"https:\/\/www.granducatocollection.com\/prodotto\/chianti-rosso-docg-colli-aretino-borgunto\/#primaryimage"},"thumbnailUrl":"https:\/\/www.granducatocollection.com\/wp-content\/uploads\/2025\/05\/chianti-docg-borgunto-granducatogestioni-arezzo-firenze-toscana-viareggio-aziendaagricola-affittacamere-BB-suitelets.jpg","datePublished":"2025-05-10T12:23:32+00:00","dateModified":"2026-04-16T12:42:49+00:00","description":"Chianti Rosso Colli Aretini DOCG \u2013 un vino rosso toscano di alta qualit\u00e0, prodotto con uve selezionate. Acquistalo online su granducatocollection.com","breadcrumb":{"@id":"https:\/\/www.granducatocollection.com\/prodotto\/chianti-rosso-docg-colli-aretino-borgunto\/#breadcrumb"},"inLanguage":"de","potentialAction":[{"@type":"ReadAction","target":["https:\/\/www.granducatocollection.com\/prodotto\/chianti-rosso-docg-colli-aretino-borgunto\/"]}]},{"@type":"ImageObject","inLanguage":"de","@id":"https:\/\/www.granducatocollection.com\/prodotto\/chianti-rosso-docg-colli-aretino-borgunto\/#primaryimage","url":"https:\/\/www.granducatocollection.com\/wp-content\/uploads\/2025\/05\/chianti-docg-borgunto-granducatogestioni-arezzo-firenze-toscana-viareggio-aziendaagricola-affittacamere-BB-suitelets.jpg","contentUrl":"https:\/\/www.granducatocollection.com\/wp-content\/uploads\/2025\/05\/chianti-docg-borgunto-granducatogestioni-arezzo-firenze-toscana-viareggio-aziendaagricola-affittacamere-BB-suitelets.jpg","width":350,"height":350},{"@type":"BreadcrumbList","@id":"https:\/\/www.granducatocollection.com\/prodotto\/chianti-rosso-docg-colli-aretino-borgunto\/#breadcrumb","itemListElement":[{"@type":"ListItem","position":1,"name":"Home","item":"https:\/\/www.granducatocollection.com\/"},{"@type":"ListItem","position":2,"name":"Shop","item":"https:\/\/www.granducatocollection.com\/negozio\/"},{"@type":"ListItem","position":3,"name":"Chianti Rosso Docg Colli Aretini Borgunto"}]},{"@type":"WebSite","@id":"https:\/\/www.granducatocollection.com\/#website","url":"https:\/\/www.granducatocollection.com\/","name":"GranDucato Collection","description":"Prenota la tua vacanza e vivi un&#039;esperienza unica","potentialAction":[{"@type":"SearchAction","target":{"@type":"EntryPoint","urlTemplate":"https:\/\/www.granducatocollection.com\/?s={search_term_string}"},"query-input":{"@type":"PropertyValueSpecification","valueRequired":true,"valueName":"search_term_string"}}],"inLanguage":"de"}]}},"_links":{"self":[{"href":"https:\/\/www.granducatocollection.com\/de\/wp-json\/wp\/v2\/product\/7098","targetHints":{"allow":["GET"]}}],"collection":[{"href":"https:\/\/www.granducatocollection.com\/de\/wp-json\/wp\/v2\/product"}],"about":[{"href":"https:\/\/www.granducatocollection.com\/de\/wp-json\/wp\/v2\/types\/product"}],"wp:featuredmedia":[{"embeddable":true,"href":"https:\/\/www.granducatocollection.com\/de\/wp-json\/wp\/v2\/media\/7154"}],"wp:attachment":[{"href":"https:\/\/www.granducatocollection.com\/de\/wp-json\/wp\/v2\/media?parent=7098"}],"wp:term":[{"taxonomy":"product_brand","embeddable":true,"href":"https:\/\/www.granducatocollection.com\/de\/wp-json\/wp\/v2\/product_brand?post=7098"},{"taxonomy":"product_cat","embeddable":true,"href":"https:\/\/www.granducatocollection.com\/de\/wp-json\/wp\/v2\/product_cat?post=7098"},{"taxonomy":"product_tag","embeddable":true,"href":"https:\/\/www.granducatocollection.com\/de\/wp-json\/wp\/v2\/product_tag?post=7098"}],"curies":[{"name":"wp","href":"https:\/\/api.w.org\/{rel}","templated":true}]}}