{"id":7088,"date":"2025-05-10T11:33:41","date_gmt":"2025-05-10T11:33:41","guid":{"rendered":"https:\/\/www.granducatocollection.com\/?post_type=product&#038;p=7088"},"modified":"2026-04-08T16:51:27","modified_gmt":"2026-04-08T16:51:27","slug":"borgunto-ribollita-toscana","status":"publish","type":"product","link":"https:\/\/www.granducatocollection.com\/de\/product\/borgunto-ribollita-toscana\/","title":{"rendered":"Toskanische Ribollita Borgunto"},"content":{"rendered":"<p><script type=\"application\/ld+json\">{\n    \"@context\": \"https:\\\/\\\/schema.org\",\n    \"@type\": \"Product\",\n    \"@id\": \"https:\\\/\\\/www.granducatocollection.com\\\/prodotto\\\/borgunto-ribollita-toscana\\\/\",\n    \"name\": \"Ribollita Toscana \\u2013 Zuppa Tradizionale Borgunto\",\n    \"image\": \"https:\\\/\\\/www.granducatocollection.com\\\/wp-content\\\/uploads\\\/2026\\\/01\\\/ribollita-toscana-borgunto.jpg\",\n    \"description\": \"Ribollita Toscana artigianale preparata ad Arezzo con fagioli bianchi, cavolo nero e pane toscano. Senza conservanti, pronta da scaldare. Perfetta come piatto tipico toscano o regalo gourmet italiano.\",\n    \"brand\": {\n        \"@type\": \"Organization\",\n        \"name\": \"Borgunto\"\n    },\n    \"offers\": {\n        \"@type\": \"Offer\",\n        \"url\": \"https:\\\/\\\/www.granducatocollection.com\\\/prodotto\\\/borgunto-ribollita-toscana\\\/\",\n        \"priceCurrency\": \"EUR\",\n        \"price\": \"14.00\",\n        \"itemCondition\": \"https:\\\/\\\/schema.org\\\/NewCondition\",\n        \"availability\": \"https:\\\/\\\/schema.org\\\/InStock\",\n        \"seller\": {\n            \"@type\": \"Organization\",\n            \"name\": \"Granducato Collection\"\n        }\n    },\n    \"sku\": \"RIBOLLITA-TOSCANA\"\n}<\/script><\/p>\n<h1>Toskanische Ribollita \u2013 Traditionelle Borgunto-Suppe<\/h1>\n<h2>Typische toskanische Gerichte: Italienische Bauernk\u00fcche in jedem L\u00f6ffel<\/h2>\n<p class=\"translation-block\">Die <strong>Ribollita Toscana<\/strong> ist die Seele der <strong>italienischen Bauernk\u00fcche<\/strong>, respektvoll und meisterhaft neu interpretiert von <strong>Borgunto<\/strong>. In <strong>Arezzo<\/strong>, in der <strong>Toskana<\/strong>, zubereitet, mit einfachen, aber authentischen Zutaten \u2013 <strong>wei\u00dfen Bohnen, Schwarzem Kohl, Karotten, Zwiebeln und altbackenem toskanischem Brot<\/strong> \u2013 entsteht diese <strong>traditionelle toskanische Suppe<\/strong> durch ein langsames Garen, das ihren Geschmack und ihre Konsistenz besonders hervorhebt.<\/p>\n<h3>Ohne Konservierungsstoffe, sofort erhitzbar: Authentizit\u00e4t zum Greifen nah.<\/h3>\n<p class=\"translation-block\"><strong>Ohne Konservierungsstoffe und Zusatzstoffe<\/strong> ist die Ribollita Borgunto ein wahrer Ausdruck der Tradition \u2013 perfekt f\u00fcr kalte Tage, Familienabende oder Momente echten Comfort Foods. Einfach sanft erw\u00e4rmen und mit einem Schuss natives Oliven\u00f6l extra servieren: ein echtes <strong>typisch toskanisches Gericht<\/strong> in nur wenigen Minuten.<\/p>\n<h3>Symbol der Kollektion des Gro\u00dfherzogtums: Territorium, Erinnerung und Geschmack<\/h3>\n<p class=\"translation-block\">Dieses Meisterwerk der toskanischen Bauernk\u00fcche verk\u00f6rpert die Werte der Granducato Collection: handwerkliche Herstellung, direkte Kontrolle der Rohstoffe und eine tiefe Verbundenheit mit der Region Arezzo. Ribollita ist zudem ein originelles italienisches Feinschmeckergeschenk, das die Toskana mit ihren authentischsten Aromen zum Ausdruck bringt.<\/p>","protected":false},"excerpt":{"rendered":"<h1>Ribollita Toskana<\/h1>\n<p>Es ist weit mehr als nur eine Suppe; es ist eine wahre Reise durch die Aromen und kulinarischen Traditionen der Toskana. Dieses traditionelle Gericht wird mit einfachen, aber hochwertigen Zutaten zubereitet, wie zum Beispiel authentischem toskanischem Brot, wei\u00dfen Bohnen und einer Auswahl an frischem Gem\u00fcse, darunter Schwarzkohl, Karotten und Zwiebeln. Jeder L\u00f6ffel Ribollita erz\u00e4hlt eine Geschichte \u2013 die Geschichte einer b\u00e4uerlichen K\u00fcche, die Wert auf authentische und nahrhafte Lebensmittel legt.<\/p>\n<p>Die Zubereitung von Ribollita ist eine Kunst, die Zeit und Leidenschaft erfordert: Die Zutaten werden langsam gegart, um ihr Aroma zu entfalten und eine perfekte Balance zu erzielen. Toskanische Ribollita ist ideal f\u00fcr alle, die eine gesunde und herzhafte Mahlzeit suchen \u2013 perfekt, um sich an kalten Wintertagen von der Seele zu w\u00e4rmen oder als leichtes Gericht zu jeder Jahreszeit.<\/p>\n<p>Diese fertig zubereitete Suppe ist die ideale Wahl f\u00fcr alle Liebhaber der toskanischen K\u00fcche \u2013 schnell, unkompliziert und ohne Kompromisse bei Qualit\u00e4t und Authentizit\u00e4t. Genie\u00dfen Sie Borgunto Tuscan Ribollita und tauchen Sie ein in die kulinarische Tradition der Toskana, ganz bequem von zu Hause aus. Ein unvergessliches Geschmackserlebnis!<\/p>\n<p><!-- === SOLO PULSANTI AMAZON &#038; EBAY === --><\/p>\n<div style=\"margin: 20px 0; padding: 15px 0;\">\n<div style=\"display: flex; flex-direction: column; gap: 12px;\">\n<p><!-- eBay Button --><br \/>\n<a href=\"https:\/\/www.ebay.it\/itm\/376807352105?itmmeta=01KNPQV40FKBD2F1B63NT396YQ&#038;hash=item57bb77e729:g:zisAAeSwANhpToQ9\" target=\"_blank\" rel=\"noopener noreferrer\" style=\"display: inline-flex; align-items: center; justify-content: flex-start; gap: 12px; padding: 14px 20px; border-radius: 8px; text-decoration: none !important; font-weight: 600; font-size: 15px; background: linear-gradient(135deg, #E53238 0%, #0064D2 50%, #F5AF02 100%); background-size: 200% 200%; color: white; box-shadow: 0 2px 6px rgba(0,0,0,0.1); transition: transform 0.2s; border: none; cursor: pointer;\"><br \/>\n<img decoding=\"async\" src=\"https:\/\/storage.googleapis.com\/msgsndr\/z6XdTU91SOnHw123nyir\/media\/67c87de08123744ce68ae3c9.webp\" alt=\"eBay\" style=\"width: 28px !important; height: 28px !important; min-width: 28px !important; min-height: 28px !important; max-width: 28px !important; max-height: 28px !important; object-fit: contain; display: block;\"><br \/>\n<span style=\"flex: 1;\">Acquista su eBay<\/span><br \/>\n<svg viewbox=\"0 0 24 24\" style=\"width: 20px !important; height: 20px !important; min-width: 20px !important; min-height: 20px !important; max-width: 20px !important; max-height: 20px !important; fill: currentColor; opacity: 0.9; flex-shrink: 0;\" xmlns=\"http:\/\/www.w3.org\/2000\/svg\">\n<path d=\"M16 11V7a4 4 0 00-8 0v4M5 9h14l1 12H4L5 9z\"\/>\n<\/svg><br \/>\n<\/a><\/p>\n<\/div>\n<\/div>\n<p><!-- === FINE PULSANTI === --><\/p>","protected":false},"featured_media":11208,"template":"","meta":{"_acf_changed":false},"product_brand":[764],"product_cat":[844],"product_tag":[808,262,266,269,807,268],"class_list":{"0":"post-7088","1":"product","2":"type-product","3":"status-publish","4":"has-post-thumbnail","6":"product_brand-granducato-collection","7":"product_cat-cucina-pronta","8":"product_tag-minestra-di-verdure","9":"product_tag-ribollita-toscana","10":"product_tag-ricetta-tradizionale","11":"product_tag-specialita-toscana","12":"product_tag-zuppa-toscana","13":"product_tag-zuppa-vegetale","15":"first","16":"instock","17":"shipping-taxable","18":"purchasable","19":"product-type-simple"},"acf":[],"yoast_head":"<!-- This site is optimized with the Yoast SEO plugin v26.7 - https:\/\/yoast.com\/wordpress\/plugins\/seo\/ -->\n<title>B&amp;B Arezzo - Ribollita Toscana Borgunto - Gran ducato Collection<\/title>\n<meta name=\"description\" content=\"Scopri la vera Ribollita Toscana tradizionale, un piatto povero ma ricco di sapore. Acquista su granducatocollection.com!\" \/>\n<meta name=\"robots\" content=\"index, follow, max-snippet:-1, max-image-preview:large, max-video-preview:-1\" \/>\n<link rel=\"canonical\" href=\"https:\/\/www.granducatocollection.com\/de\/product\/borgunto-ribollita-toscana\/\" \/>\n<meta property=\"og:locale\" content=\"de_DE\" \/>\n<meta property=\"og:type\" content=\"article\" \/>\n<meta property=\"og:title\" content=\"B&amp;B Arezzo - Ribollita Toscana Borgunto - Gran ducato Collection\" \/>\n<meta property=\"og:description\" content=\"Scopri la vera Ribollita Toscana tradizionale, un piatto povero ma ricco di sapore. Acquista su granducatocollection.com!\" \/>\n<meta property=\"og:url\" content=\"https:\/\/www.granducatocollection.com\/de\/product\/borgunto-ribollita-toscana\/\" \/>\n<meta property=\"og:site_name\" content=\"Granducato Collection\" \/>\n<meta property=\"article:modified_time\" content=\"2026-04-08T16:51:27+00:00\" \/>\n<meta property=\"og:image\" content=\"https:\/\/www.granducatocollection.com\/wp-content\/uploads\/2025\/05\/ribollita-toscana-borgunto-zuppa-tradizionale.webp\" \/>\n\t<meta property=\"og:image:width\" content=\"300\" \/>\n\t<meta property=\"og:image:height\" content=\"300\" \/>\n\t<meta property=\"og:image:type\" content=\"image\/webp\" \/>\n<meta name=\"twitter:card\" content=\"summary_large_image\" \/>\n<meta name=\"twitter:label1\" content=\"Gesch\u00e4tzte Lesezeit\" \/>\n\t<meta name=\"twitter:data1\" content=\"2\u00a0Minuten\" \/>\n<script type=\"application\/ld+json\" class=\"yoast-schema-graph\">{\"@context\":\"https:\/\/schema.org\",\"@graph\":[{\"@type\":\"WebPage\",\"@id\":\"https:\/\/www.granducatocollection.com\/prodotto\/borgunto-ribollita-toscana\/\",\"url\":\"https:\/\/www.granducatocollection.com\/prodotto\/borgunto-ribollita-toscana\/\",\"name\":\"B&B Arezzo - Ribollita Toscana Borgunto - Gran ducato Collection\",\"isPartOf\":{\"@id\":\"https:\/\/www.granducatocollection.com\/#website\"},\"primaryImageOfPage\":{\"@id\":\"https:\/\/www.granducatocollection.com\/prodotto\/borgunto-ribollita-toscana\/#primaryimage\"},\"image\":{\"@id\":\"https:\/\/www.granducatocollection.com\/prodotto\/borgunto-ribollita-toscana\/#primaryimage\"},\"thumbnailUrl\":\"https:\/\/www.granducatocollection.com\/wp-content\/uploads\/2025\/05\/ribollita-toscana-zuppa-tradizionale-artigianale-borgunto.webp\",\"datePublished\":\"2025-05-10T11:33:41+00:00\",\"dateModified\":\"2026-04-08T16:51:27+00:00\",\"description\":\"Scopri la vera Ribollita Toscana tradizionale, un piatto povero ma ricco di sapore. Acquista su granducatocollection.com!\",\"breadcrumb\":{\"@id\":\"https:\/\/www.granducatocollection.com\/prodotto\/borgunto-ribollita-toscana\/#breadcrumb\"},\"inLanguage\":\"de\",\"potentialAction\":[{\"@type\":\"ReadAction\",\"target\":[\"https:\/\/www.granducatocollection.com\/prodotto\/borgunto-ribollita-toscana\/\"]}]},{\"@type\":\"ImageObject\",\"inLanguage\":\"de\",\"@id\":\"https:\/\/www.granducatocollection.com\/prodotto\/borgunto-ribollita-toscana\/#primaryimage\",\"url\":\"https:\/\/www.granducatocollection.com\/wp-content\/uploads\/2025\/05\/ribollita-toscana-zuppa-tradizionale-artigianale-borgunto.webp\",\"contentUrl\":\"https:\/\/www.granducatocollection.com\/wp-content\/uploads\/2025\/05\/ribollita-toscana-zuppa-tradizionale-artigianale-borgunto.webp\",\"width\":300,\"height\":300,\"caption\":\"Ribollita Toscana tradizionale zuppa artigianale ricetta tipica Borgunto\"},{\"@type\":\"BreadcrumbList\",\"@id\":\"https:\/\/www.granducatocollection.com\/prodotto\/borgunto-ribollita-toscana\/#breadcrumb\",\"itemListElement\":[{\"@type\":\"ListItem\",\"position\":1,\"name\":\"Home\",\"item\":\"https:\/\/www.granducatocollection.com\/\"},{\"@type\":\"ListItem\",\"position\":2,\"name\":\"Shop\",\"item\":\"https:\/\/www.granducatocollection.com\/negozio\/\"},{\"@type\":\"ListItem\",\"position\":3,\"name\":\"Ribollita Toscana Borgunto\"}]},{\"@type\":\"WebSite\",\"@id\":\"https:\/\/www.granducatocollection.com\/#website\",\"url\":\"https:\/\/www.granducatocollection.com\/\",\"name\":\"GranDucato Collection\",\"description\":\"Prenota la tua vacanza e vivi un&#039;esperienza unica\",\"potentialAction\":[{\"@type\":\"SearchAction\",\"target\":{\"@type\":\"EntryPoint\",\"urlTemplate\":\"https:\/\/www.granducatocollection.com\/?s={search_term_string}\"},\"query-input\":{\"@type\":\"PropertyValueSpecification\",\"valueRequired\":true,\"valueName\":\"search_term_string\"}}],\"inLanguage\":\"de\"}]}<\/script>\n<!-- \/ Yoast SEO plugin. -->","yoast_head_json":{"title":"B&B Arezzo - Ribollita Toscana Borgunto - Gran ducato Collection","description":"Scopri la vera Ribollita Toscana tradizionale, un piatto povero ma ricco di sapore. Acquista su granducatocollection.com!","robots":{"index":"index","follow":"follow","max-snippet":"max-snippet:-1","max-image-preview":"max-image-preview:large","max-video-preview":"max-video-preview:-1"},"canonical":"https:\/\/www.granducatocollection.com\/de\/product\/borgunto-ribollita-toscana\/","og_locale":"de_DE","og_type":"article","og_title":"B&B Arezzo - Ribollita Toscana Borgunto - Gran ducato Collection","og_description":"Scopri la vera Ribollita Toscana tradizionale, un piatto povero ma ricco di sapore. Acquista su granducatocollection.com!","og_url":"https:\/\/www.granducatocollection.com\/de\/product\/borgunto-ribollita-toscana\/","og_site_name":"Granducato Collection","article_modified_time":"2026-04-08T16:51:27+00:00","og_image":[{"width":300,"height":300,"url":"https:\/\/www.granducatocollection.com\/wp-content\/uploads\/2025\/05\/ribollita-toscana-borgunto-zuppa-tradizionale.webp","type":"image\/webp"}],"twitter_card":"summary_large_image","twitter_misc":{"Gesch\u00e4tzte Lesezeit":"2\u00a0Minuten"},"schema":{"@context":"https:\/\/schema.org","@graph":[{"@type":"WebPage","@id":"https:\/\/www.granducatocollection.com\/prodotto\/borgunto-ribollita-toscana\/","url":"https:\/\/www.granducatocollection.com\/prodotto\/borgunto-ribollita-toscana\/","name":"B&B Arezzo - Ribollita Toscana Borgunto - Gran ducato Collection","isPartOf":{"@id":"https:\/\/www.granducatocollection.com\/#website"},"primaryImageOfPage":{"@id":"https:\/\/www.granducatocollection.com\/prodotto\/borgunto-ribollita-toscana\/#primaryimage"},"image":{"@id":"https:\/\/www.granducatocollection.com\/prodotto\/borgunto-ribollita-toscana\/#primaryimage"},"thumbnailUrl":"https:\/\/www.granducatocollection.com\/wp-content\/uploads\/2025\/05\/ribollita-toscana-zuppa-tradizionale-artigianale-borgunto.webp","datePublished":"2025-05-10T11:33:41+00:00","dateModified":"2026-04-08T16:51:27+00:00","description":"Scopri la vera Ribollita Toscana tradizionale, un piatto povero ma ricco di sapore. Acquista su granducatocollection.com!","breadcrumb":{"@id":"https:\/\/www.granducatocollection.com\/prodotto\/borgunto-ribollita-toscana\/#breadcrumb"},"inLanguage":"de","potentialAction":[{"@type":"ReadAction","target":["https:\/\/www.granducatocollection.com\/prodotto\/borgunto-ribollita-toscana\/"]}]},{"@type":"ImageObject","inLanguage":"de","@id":"https:\/\/www.granducatocollection.com\/prodotto\/borgunto-ribollita-toscana\/#primaryimage","url":"https:\/\/www.granducatocollection.com\/wp-content\/uploads\/2025\/05\/ribollita-toscana-zuppa-tradizionale-artigianale-borgunto.webp","contentUrl":"https:\/\/www.granducatocollection.com\/wp-content\/uploads\/2025\/05\/ribollita-toscana-zuppa-tradizionale-artigianale-borgunto.webp","width":300,"height":300,"caption":"Ribollita Toscana tradizionale zuppa artigianale ricetta tipica Borgunto"},{"@type":"BreadcrumbList","@id":"https:\/\/www.granducatocollection.com\/prodotto\/borgunto-ribollita-toscana\/#breadcrumb","itemListElement":[{"@type":"ListItem","position":1,"name":"Home","item":"https:\/\/www.granducatocollection.com\/"},{"@type":"ListItem","position":2,"name":"Shop","item":"https:\/\/www.granducatocollection.com\/negozio\/"},{"@type":"ListItem","position":3,"name":"Ribollita Toscana Borgunto"}]},{"@type":"WebSite","@id":"https:\/\/www.granducatocollection.com\/#website","url":"https:\/\/www.granducatocollection.com\/","name":"GranDucato Collection","description":"Prenota la tua vacanza e vivi un&#039;esperienza unica","potentialAction":[{"@type":"SearchAction","target":{"@type":"EntryPoint","urlTemplate":"https:\/\/www.granducatocollection.com\/?s={search_term_string}"},"query-input":{"@type":"PropertyValueSpecification","valueRequired":true,"valueName":"search_term_string"}}],"inLanguage":"de"}]}},"_links":{"self":[{"href":"https:\/\/www.granducatocollection.com\/de\/wp-json\/wp\/v2\/product\/7088","targetHints":{"allow":["GET"]}}],"collection":[{"href":"https:\/\/www.granducatocollection.com\/de\/wp-json\/wp\/v2\/product"}],"about":[{"href":"https:\/\/www.granducatocollection.com\/de\/wp-json\/wp\/v2\/types\/product"}],"wp:featuredmedia":[{"embeddable":true,"href":"https:\/\/www.granducatocollection.com\/de\/wp-json\/wp\/v2\/media\/11208"}],"wp:attachment":[{"href":"https:\/\/www.granducatocollection.com\/de\/wp-json\/wp\/v2\/media?parent=7088"}],"wp:term":[{"taxonomy":"product_brand","embeddable":true,"href":"https:\/\/www.granducatocollection.com\/de\/wp-json\/wp\/v2\/product_brand?post=7088"},{"taxonomy":"product_cat","embeddable":true,"href":"https:\/\/www.granducatocollection.com\/de\/wp-json\/wp\/v2\/product_cat?post=7088"},{"taxonomy":"product_tag","embeddable":true,"href":"https:\/\/www.granducatocollection.com\/de\/wp-json\/wp\/v2\/product_tag?post=7088"}],"curies":[{"name":"wp","href":"https:\/\/api.w.org\/{rel}","templated":true}]}}