{"id":7081,"date":"2025-05-10T11:00:41","date_gmt":"2025-05-10T11:00:41","guid":{"rendered":"https:\/\/www.granducatocollection.com\/?post_type=product&#038;p=7081"},"modified":"2026-04-20T22:30:11","modified_gmt":"2026-04-20T22:30:11","slug":"borgunto-la-pasta-dei-coltivatori-toscani","status":"publish","type":"product","link":"https:\/\/www.granducatocollection.com\/de\/product\/borgunto-la-pasta-dei-coltivatori-toscani\/","title":{"rendered":"Borgunto, die Pasta der toskanischen Bauern"},"content":{"rendered":"<p><script type=\"application\/ld+json\">{\n    \"@context\": \"https:\\\/\\\/schema.org\",\n    \"@type\": \"Product\",\n    \"@id\": \"https:\\\/\\\/www.granducatocollection.com\\\/prodotto\\\/borgunto-la-pasta-dei-coltivatori-toscani\\\/\",\n    \"name\": \"La Pasta dei Coltivatori Toscani \\u2013 Borgunto\",\n    \"image\": \"https:\\\/\\\/www.granducatocollection.com\\\/wp-content\\\/uploads\\\/2026\\\/01\\\/pasta-coltivatori-toscani-borgunto.jpg\",\n    \"description\": \"Pasta artigianale toscana realizzata ad Arezzo con semola di grano duro italiano. Prodotto Borgunto con tracciabilit\\u00e0 dal campo alla tavola, senza additivi. Perfetta per regali gourmet o uso quotidiano.\",\n    \"brand\": {\n        \"@type\": \"Brand\",\n        \"name\": \"Borgunto\"\n    },\n    \"offers\": {\n        \"@type\": \"Offer\",\n        \"url\": \"https:\\\/\\\/www.granducatocollection.com\\\/prodotto\\\/borgunto-la-pasta-dei-coltivatori-toscani\\\/\",\n        \"priceCurrency\": \"EUR\",\n        \"price\": \"5.50\",\n        \"itemCondition\": \"https:\\\/\\\/schema.org\\\/NewCondition\",\n        \"availability\": \"https:\\\/\\\/schema.org\\\/InStock\",\n        \"seller\": {\n            \"@type\": \"Organization\",\n            \"name\": \"Granducato Collection\"\n        },\n        \"hasMerchantReturnPolicy\": {\n            \"@type\": \"MerchantReturnPolicy\",\n            \"returnPolicyCategory\": \"https:\\\/\\\/schema.org\\\/MerchantReturnFiniteReturnWindow\",\n            \"merchantReturnDays\": 14,\n            \"returnMethod\": \"https:\\\/\\\/schema.org\\\/ReturnByMail\",\n            \"returnFees\": \"https:\\\/\\\/schema.org\\\/FreeReturn\"\n        }\n    },\n    \"sku\": \"PASTA-COLTI-TOSCANI\"\n}<\/script><br \/>\n<\/script><\/p>\n<h1>Toskanische Bauernnudeln \u2013 Borgunto<\/h1>\n<h2>Handgemachte toskanische Pasta aus italienischem Hartweizengrie\u00df, hergestellt in Arezzo<\/h2>\n<p class=\"translation-block\">Die Pasta dei Coltivatori Toscani ist eine Hommage an die italienische Tradition und wird von Borgunto im Herzen von Arezzo hergestellt. Ausschlie\u00dflich aus italienischem Hartweizengrie\u00df und Quellwasser zubereitet, entsteht diese handwerklich hergestellte toskanische Pasta aus der direkten Beziehung zwischen dem Landwirt und der Pastamanufaktur. Dies garantiert h\u00f6chste Qualit\u00e4t und l\u00fcckenlose R\u00fcckverfolgbarkeit vom Feld bis zum Teller.<\/p>\n<h3>Ohne Zusatzstoffe, perfekt f\u00fcr die t\u00e4gliche K\u00fcche oder als Gourmet-Geschenk<\/h3>\n<p class=\"translation-block\">Bei niedriger Temperatur verarbeitet und in Bronzeformen gezogen, beh\u00e4lt sie die ideale Porosit\u00e4t f\u00fcr die Aufnahme von Saucen. Ohne Zusatz- oder Konservierungsstoffe ist sie perfekt f\u00fcr Familien, die Wert auf Authentizit\u00e4t legen \u2013 aber auch ein feines Geschenk f\u00fcr alle, die echte italienische Pasta zu sch\u00e4tzen wissen.<\/p>\n<h3>Symbol der Kollektion des Gro\u00dfherzogtums: Territorium, Transparenz und Tradition<\/h3>\n<p class=\"translation-block\">Dieses Produkt verk\u00f6rpert die Werte der <strong>Granducato Collection<\/strong>: Respekt vor der toskanischen Region, direkte Kontrolle der Lieferkette und die Wertsch\u00e4tzung der <strong>italienischen Pasta-Tradition<\/strong>. Jede 500-g-Packung erz\u00e4hlt die Geschichte derer, die Pasta anbauen, herstellen und lieben \u2013 so wie sie einst zubereitet wurde.<\/p>","protected":false},"excerpt":{"rendered":"<h1><strong>Handgemachte toskanische Pasta<\/strong><\/h1>\n<p class=\"translation-block\">Handgemachte toskanische Pasta von Borgunto, hergestellt aus italienischem Hartweizengrie\u00df von toskanischen Bauern. Ein hochwertiges Produkt ohne Zusatzstoffe, r\u00fcckverfolgbar vom Feld bis zum Teller. Ideal f\u00fcr alle, die authentischen Geschmack nach italienischer Tradition suchen.<\/p>","protected":false},"featured_media":7152,"template":"","meta":{"_acf_changed":false},"product_brand":[764],"product_cat":[844],"product_tag":[329,336,334,335,330,331,247,254],"class_list":{"0":"post-7081","1":"product","2":"type-product","3":"status-publish","4":"has-post-thumbnail","6":"product_brand-granducato-collection","7":"product_cat-cucina-pronta","8":"product_tag-pasta-artigianale","9":"product_tag-pasta-biologica","10":"product_tag-pasta-fresca","11":"product_tag-pasta-gourmet","12":"product_tag-pasta-italiana","13":"product_tag-pasta-toscana","14":"product_tag-regalo-enogastronomico","15":"product_tag-specialita-italiana","17":"first","18":"instock","19":"shipping-taxable","20":"purchasable","21":"product-type-simple"},"acf":[],"yoast_head":"<!-- This site is optimized with the Yoast SEO plugin v26.7 - https:\/\/yoast.com\/wordpress\/plugins\/seo\/ -->\n<title>B&amp;B Arezzo | Pasta dei Coltivatori Toscani | Granducato Collection<\/title>\n<meta name=\"description\" content=\"Scopri Borgunto, la Pasta artigianale realizzata dai coltivatori toscani con grano duro 100% italiano. Acquista ora su GranducatoCollection.com.\" \/>\n<meta name=\"robots\" content=\"index, follow, max-snippet:-1, max-image-preview:large, max-video-preview:-1\" \/>\n<link rel=\"canonical\" href=\"https:\/\/www.granducatocollection.com\/de\/product\/borgunto-la-pasta-dei-coltivatori-toscani\/\" \/>\n<meta property=\"og:locale\" content=\"de_DE\" \/>\n<meta property=\"og:type\" content=\"article\" \/>\n<meta property=\"og:title\" content=\"B&amp;B Arezzo | Pasta dei Coltivatori Toscani | Granducato Collection\" \/>\n<meta property=\"og:description\" content=\"Scopri Borgunto, la Pasta artigianale realizzata dai coltivatori toscani con grano duro 100% italiano. Acquista ora su GranducatoCollection.com.\" \/>\n<meta property=\"og:url\" content=\"https:\/\/www.granducatocollection.com\/de\/product\/borgunto-la-pasta-dei-coltivatori-toscani\/\" \/>\n<meta property=\"og:site_name\" content=\"Granducato Collection\" \/>\n<meta property=\"article:modified_time\" content=\"2026-04-20T22:30:11+00:00\" \/>\n<meta property=\"og:image\" content=\"https:\/\/www.granducatocollection.com\/wp-content\/uploads\/2025\/05\/spaghetti-borgunto-granducatogestioni-azienda-agricola-arezzo-viareggio-firenze-toscana-bb-affittacamere-bb.png\" \/>\n\t<meta property=\"og:image:width\" content=\"600\" \/>\n\t<meta property=\"og:image:height\" content=\"600\" \/>\n\t<meta property=\"og:image:type\" content=\"image\/png\" \/>\n<meta name=\"twitter:card\" content=\"summary_large_image\" \/>\n<meta name=\"twitter:label1\" content=\"Gesch\u00e4tzte Lesezeit\" \/>\n\t<meta name=\"twitter:data1\" content=\"2\u00a0Minuten\" \/>\n<script type=\"application\/ld+json\" class=\"yoast-schema-graph\">{\"@context\":\"https:\/\/schema.org\",\"@graph\":[{\"@type\":\"WebPage\",\"@id\":\"https:\/\/www.granducatocollection.com\/prodotto\/borgunto-la-pasta-dei-coltivatori-toscani\/\",\"url\":\"https:\/\/www.granducatocollection.com\/prodotto\/borgunto-la-pasta-dei-coltivatori-toscani\/\",\"name\":\"B&B Arezzo | Pasta dei Coltivatori Toscani | Granducato Collection\",\"isPartOf\":{\"@id\":\"https:\/\/www.granducatocollection.com\/#website\"},\"primaryImageOfPage\":{\"@id\":\"https:\/\/www.granducatocollection.com\/prodotto\/borgunto-la-pasta-dei-coltivatori-toscani\/#primaryimage\"},\"image\":{\"@id\":\"https:\/\/www.granducatocollection.com\/prodotto\/borgunto-la-pasta-dei-coltivatori-toscani\/#primaryimage\"},\"thumbnailUrl\":\"https:\/\/www.granducatocollection.com\/wp-content\/uploads\/2025\/05\/spaghetti-borgunto-granducatogestioni-azienda-agricola-arezzo-viareggio-firenze-toscana-bb-affittacamere-bb.png\",\"datePublished\":\"2025-05-10T11:00:41+00:00\",\"dateModified\":\"2026-04-20T22:30:11+00:00\",\"description\":\"Scopri Borgunto, la Pasta artigianale realizzata dai coltivatori toscani con grano duro 100% italiano. Acquista ora su GranducatoCollection.com.\",\"breadcrumb\":{\"@id\":\"https:\/\/www.granducatocollection.com\/prodotto\/borgunto-la-pasta-dei-coltivatori-toscani\/#breadcrumb\"},\"inLanguage\":\"de\",\"potentialAction\":[{\"@type\":\"ReadAction\",\"target\":[\"https:\/\/www.granducatocollection.com\/prodotto\/borgunto-la-pasta-dei-coltivatori-toscani\/\"]}]},{\"@type\":\"ImageObject\",\"inLanguage\":\"de\",\"@id\":\"https:\/\/www.granducatocollection.com\/prodotto\/borgunto-la-pasta-dei-coltivatori-toscani\/#primaryimage\",\"url\":\"https:\/\/www.granducatocollection.com\/wp-content\/uploads\/2025\/05\/spaghetti-borgunto-granducatogestioni-azienda-agricola-arezzo-viareggio-firenze-toscana-bb-affittacamere-bb.png\",\"contentUrl\":\"https:\/\/www.granducatocollection.com\/wp-content\/uploads\/2025\/05\/spaghetti-borgunto-granducatogestioni-azienda-agricola-arezzo-viareggio-firenze-toscana-bb-affittacamere-bb.png\",\"width\":600,\"height\":600},{\"@type\":\"BreadcrumbList\",\"@id\":\"https:\/\/www.granducatocollection.com\/prodotto\/borgunto-la-pasta-dei-coltivatori-toscani\/#breadcrumb\",\"itemListElement\":[{\"@type\":\"ListItem\",\"position\":1,\"name\":\"Home\",\"item\":\"https:\/\/www.granducatocollection.com\/\"},{\"@type\":\"ListItem\",\"position\":2,\"name\":\"Shop\",\"item\":\"https:\/\/www.granducatocollection.com\/negozio\/\"},{\"@type\":\"ListItem\",\"position\":3,\"name\":\"Borgunto la pasta dei coltivatori Toscani\"}]},{\"@type\":\"WebSite\",\"@id\":\"https:\/\/www.granducatocollection.com\/#website\",\"url\":\"https:\/\/www.granducatocollection.com\/\",\"name\":\"GranDucato Collection\",\"description\":\"Prenota la tua vacanza e vivi un&#039;esperienza unica\",\"potentialAction\":[{\"@type\":\"SearchAction\",\"target\":{\"@type\":\"EntryPoint\",\"urlTemplate\":\"https:\/\/www.granducatocollection.com\/?s={search_term_string}\"},\"query-input\":{\"@type\":\"PropertyValueSpecification\",\"valueRequired\":true,\"valueName\":\"search_term_string\"}}],\"inLanguage\":\"de\"}]}<\/script>\n<!-- \/ Yoast SEO plugin. -->","yoast_head_json":{"title":"B&B Arezzo | Pasta dei Coltivatori Toscani | Granducato Collection","description":"Scopri Borgunto, la Pasta artigianale realizzata dai coltivatori toscani con grano duro 100% italiano. Acquista ora su GranducatoCollection.com.","robots":{"index":"index","follow":"follow","max-snippet":"max-snippet:-1","max-image-preview":"max-image-preview:large","max-video-preview":"max-video-preview:-1"},"canonical":"https:\/\/www.granducatocollection.com\/de\/product\/borgunto-la-pasta-dei-coltivatori-toscani\/","og_locale":"de_DE","og_type":"article","og_title":"B&B Arezzo | Pasta dei Coltivatori Toscani | Granducato Collection","og_description":"Scopri Borgunto, la Pasta artigianale realizzata dai coltivatori toscani con grano duro 100% italiano. Acquista ora su GranducatoCollection.com.","og_url":"https:\/\/www.granducatocollection.com\/de\/product\/borgunto-la-pasta-dei-coltivatori-toscani\/","og_site_name":"Granducato Collection","article_modified_time":"2026-04-20T22:30:11+00:00","og_image":[{"width":600,"height":600,"url":"https:\/\/www.granducatocollection.com\/wp-content\/uploads\/2025\/05\/spaghetti-borgunto-granducatogestioni-azienda-agricola-arezzo-viareggio-firenze-toscana-bb-affittacamere-bb.png","type":"image\/png"}],"twitter_card":"summary_large_image","twitter_misc":{"Gesch\u00e4tzte Lesezeit":"2\u00a0Minuten"},"schema":{"@context":"https:\/\/schema.org","@graph":[{"@type":"WebPage","@id":"https:\/\/www.granducatocollection.com\/prodotto\/borgunto-la-pasta-dei-coltivatori-toscani\/","url":"https:\/\/www.granducatocollection.com\/prodotto\/borgunto-la-pasta-dei-coltivatori-toscani\/","name":"B&B Arezzo | Pasta dei Coltivatori Toscani | Granducato Collection","isPartOf":{"@id":"https:\/\/www.granducatocollection.com\/#website"},"primaryImageOfPage":{"@id":"https:\/\/www.granducatocollection.com\/prodotto\/borgunto-la-pasta-dei-coltivatori-toscani\/#primaryimage"},"image":{"@id":"https:\/\/www.granducatocollection.com\/prodotto\/borgunto-la-pasta-dei-coltivatori-toscani\/#primaryimage"},"thumbnailUrl":"https:\/\/www.granducatocollection.com\/wp-content\/uploads\/2025\/05\/spaghetti-borgunto-granducatogestioni-azienda-agricola-arezzo-viareggio-firenze-toscana-bb-affittacamere-bb.png","datePublished":"2025-05-10T11:00:41+00:00","dateModified":"2026-04-20T22:30:11+00:00","description":"Scopri Borgunto, la Pasta artigianale realizzata dai coltivatori toscani con grano duro 100% italiano. Acquista ora su GranducatoCollection.com.","breadcrumb":{"@id":"https:\/\/www.granducatocollection.com\/prodotto\/borgunto-la-pasta-dei-coltivatori-toscani\/#breadcrumb"},"inLanguage":"de","potentialAction":[{"@type":"ReadAction","target":["https:\/\/www.granducatocollection.com\/prodotto\/borgunto-la-pasta-dei-coltivatori-toscani\/"]}]},{"@type":"ImageObject","inLanguage":"de","@id":"https:\/\/www.granducatocollection.com\/prodotto\/borgunto-la-pasta-dei-coltivatori-toscani\/#primaryimage","url":"https:\/\/www.granducatocollection.com\/wp-content\/uploads\/2025\/05\/spaghetti-borgunto-granducatogestioni-azienda-agricola-arezzo-viareggio-firenze-toscana-bb-affittacamere-bb.png","contentUrl":"https:\/\/www.granducatocollection.com\/wp-content\/uploads\/2025\/05\/spaghetti-borgunto-granducatogestioni-azienda-agricola-arezzo-viareggio-firenze-toscana-bb-affittacamere-bb.png","width":600,"height":600},{"@type":"BreadcrumbList","@id":"https:\/\/www.granducatocollection.com\/prodotto\/borgunto-la-pasta-dei-coltivatori-toscani\/#breadcrumb","itemListElement":[{"@type":"ListItem","position":1,"name":"Home","item":"https:\/\/www.granducatocollection.com\/"},{"@type":"ListItem","position":2,"name":"Shop","item":"https:\/\/www.granducatocollection.com\/negozio\/"},{"@type":"ListItem","position":3,"name":"Borgunto la pasta dei coltivatori Toscani"}]},{"@type":"WebSite","@id":"https:\/\/www.granducatocollection.com\/#website","url":"https:\/\/www.granducatocollection.com\/","name":"GranDucato Collection","description":"Prenota la tua vacanza e vivi un&#039;esperienza unica","potentialAction":[{"@type":"SearchAction","target":{"@type":"EntryPoint","urlTemplate":"https:\/\/www.granducatocollection.com\/?s={search_term_string}"},"query-input":{"@type":"PropertyValueSpecification","valueRequired":true,"valueName":"search_term_string"}}],"inLanguage":"de"}]}},"_links":{"self":[{"href":"https:\/\/www.granducatocollection.com\/de\/wp-json\/wp\/v2\/product\/7081","targetHints":{"allow":["GET"]}}],"collection":[{"href":"https:\/\/www.granducatocollection.com\/de\/wp-json\/wp\/v2\/product"}],"about":[{"href":"https:\/\/www.granducatocollection.com\/de\/wp-json\/wp\/v2\/types\/product"}],"wp:featuredmedia":[{"embeddable":true,"href":"https:\/\/www.granducatocollection.com\/de\/wp-json\/wp\/v2\/media\/7152"}],"wp:attachment":[{"href":"https:\/\/www.granducatocollection.com\/de\/wp-json\/wp\/v2\/media?parent=7081"}],"wp:term":[{"taxonomy":"product_brand","embeddable":true,"href":"https:\/\/www.granducatocollection.com\/de\/wp-json\/wp\/v2\/product_brand?post=7081"},{"taxonomy":"product_cat","embeddable":true,"href":"https:\/\/www.granducatocollection.com\/de\/wp-json\/wp\/v2\/product_cat?post=7081"},{"taxonomy":"product_tag","embeddable":true,"href":"https:\/\/www.granducatocollection.com\/de\/wp-json\/wp\/v2\/product_tag?post=7081"}],"curies":[{"name":"wp","href":"https:\/\/api.w.org\/{rel}","templated":true}]}}