{"id":6982,"date":"2025-05-02T12:23:10","date_gmt":"2025-05-02T12:23:10","guid":{"rendered":"https:\/\/www.granducatocollection.com\/?post_type=product&#038;p=6982"},"modified":"2026-01-31T10:41:24","modified_gmt":"2026-01-31T10:41:24","slug":"ragu-di-chianina-3-pezzi","status":"publish","type":"product","link":"https:\/\/www.granducatocollection.com\/de\/product\/ragu-di-chianina-3-pezzi\/","title":{"rendered":"Chianina Rag\u00f9 3 St\u00fcck"},"content":{"rendered":"<p><script type=\"application\/ld+json\">{\n    \"@context\": \"https:\\\/\\\/schema.org\",\n    \"@type\": \"Product\",\n    \"@id\": \"https:\\\/\\\/www.granducatocollection.com\\\/prodotto\\\/ragu-di-chianina-3-pezzi\\\/\",\n    \"name\": \"Rag\\u00f9 di Chianina DOP \\u2013 Confezione da 3 Vasetti | Borgunto\",\n    \"image\": \"https:\\\/\\\/www.granducatocollection.com\\\/wp-content\\\/uploads\\\/2026\\\/01\\\/ragu-chianina-3-pezzi-borgunto.jpg\",\n    \"description\": \"Confezione da 3 vasetti di Rag\\u00f9 di Chianina DOP artigianale, preparato ad Arezzo in Toscana con carne della Val di Chiana. Senza conservanti, perfetto per tagliatelle o come regalo gastronomico.\",\n    \"brand\": {\n        \"@type\": \"Organization\",\n        \"name\": \"Borgunto\"\n    },\n    \"offers\": {\n        \"@type\": \"Offer\",\n        \"url\": \"https:\\\/\\\/www.granducatocollection.com\\\/prodotto\\\/ragu-di-chianina-3-pezzi\\\/\",\n        \"priceCurrency\": \"EUR\",\n        \"price\": \"45.00\",\n        \"itemCondition\": \"https:\\\/\\\/schema.org\\\/NewCondition\",\n        \"availability\": \"https:\\\/\\\/schema.org\\\/InStock\",\n        \"seller\": {\n            \"@type\": \"Organization\",\n            \"name\": \"Granducato Collection\"\n        }\n    },\n    \"sku\": \"RAGU-CHIANINA-3-PEZZI\"\n}<\/script><\/p>\n<h1>Chianina DOP Rag\u00f9 \u2013 3er-Packung<\/h1>\n<h2>Handwerklich hergestelltes toskanisches Produkt mit DOP Chianina-Rindfleisch aus dem Val di Chiana<\/h2>\n<p class=\"translation-block\">Der <strong>Rag\u00f9 di Chianina DOP<\/strong> ist eine Ikone der toskanischen K\u00fcche, hergestellt von <strong>Borgunto<\/strong> in <strong>Arezzo<\/strong> aus zertifiziertem Fleisch der renommierten Rinderrasse <strong>Chianina DOP<\/strong>, die im <strong>Val di Chiana<\/strong> aufgezogen wird. Langsam bei sanfter Hitze gekocht, ohne Konservierungsstoffe oder Zusatzstoffe, entfaltet diese handwerklich hergestellte Sauce einen reichen, authentischen Geschmack, der tief mit dem Territorium verwurzelt ist.<\/p>\n<h3>Gebrauchsfertig: perfekt f\u00fcr Tagliatelle, Gnocchi oder als Feinschmeckergeschenk<\/h3>\n<p class=\"translation-block\">Die <strong>3er-Packung<\/strong> bietet Komfort und Qualit\u00e4t: Einfach im Wasserbad, in der Pfanne oder in der Mikrowelle erhitzen \u2013 fertig ist die W\u00fcrzsauce in wenigen Minuten. Ideal f\u00fcr <strong>hausgemachte Tagliatelle, Gnocchetti, Ravioli<\/strong> oder toskanische Crostini und auch ein <strong>raffiniertes Geschenk<\/strong> f\u00fcr Liebhaber der authentischen italienischen K\u00fcche.<\/p>\n<h3>Symbol der Granducato-Kollektion: Tradition, R\u00fcckverfolgbarkeit und Geschmack<\/h3>\n<p class=\"translation-block\">Diese <strong>fertige Gourmetsauce<\/strong> verk\u00f6rpert die Werte der <strong>Granducato Collection<\/strong>: direkte Kontrolle der Rohstoffe, Respekt vor der kulinarischen Tradition von Arezzo und handwerkliche Herstellung. Jedes Glas erz\u00e4hlt die Geschichte einer Region \u2013 der <strong>Toskana<\/strong> \u2013, wo Einfachheit zu Exzellenz wird.<\/p>","protected":false},"excerpt":{"rendered":"<h1>Chianina Rindfleisch Rag\u00f9 Box<\/h1>\n<div><\/div>\n<div style=\"text-align: justify;\">Die Chianina ist eine italienische Rinderrasse aus der Gegend um Arezzo. Einst als Nutztier gehalten, wird sie heute fast ausschlie\u00dflich zur Fleischproduktion gez\u00fcchtet. Ihren Namen verdankt sie dem Val di Chiana und gilt als einheimische Rasse Mittelitaliens, insbesondere der s\u00fcdlichen Toskana. Es handelt sich um eine Rasse mit uralten Wurzeln, die seit \u00fcber zweitausend Jahren bekannt ist.<\/div>\n<div style=\"text-align: justify;\"><\/div>\n<div style=\"text-align: justify;\">Unser Chianina-Rag\u00f9 ist eine k\u00f6stliche Sauce, die perfekt zu allen Pastasorten passt: Gnocchi, Ravioli, Tagliatelle und vielem mehr.<\/div>\n<div style=\"text-align: justify;\"><\/div>\n<p>Die Box enth\u00e4lt 3 sofort einsatzbereite Teile!<\/p>","protected":false},"featured_media":9601,"template":"","meta":{"_acf_changed":false},"product_brand":[764],"product_cat":[843],"product_tag":[344,339,341,337,340,343,247,254,338,342],"class_list":{"0":"post-6982","1":"product","2":"type-product","3":"status-publish","4":"has-post-thumbnail","6":"product_brand-granducato-collection","7":"product_cat-box-e-degustazioni","8":"product_tag-carne-bovina","9":"product_tag-carne-di-chianina","10":"product_tag-prodotto-toscano","11":"product_tag-ragu-di-chianina","12":"product_tag-ragu-italiano","13":"product_tag-ragu-premium","14":"product_tag-regalo-enogastronomico","15":"product_tag-specialita-italiana","16":"product_tag-sugo-artigianale","17":"product_tag-sugo-gourmet","19":"first","20":"instock","21":"shipping-taxable","22":"purchasable","23":"product-type-simple"},"acf":[],"yoast_head":"<!-- This site is optimized with the Yoast SEO plugin v26.7 - https:\/\/yoast.com\/wordpress\/plugins\/seo\/ -->\n<title>B&amp;B Arezzo - Rag\u00f9 di Chianina 3 pezzi - Gran ducato Collection<\/title>\n<meta name=\"description\" content=\"Scopri la Box con 3 Rag\u00f9 di Chianina su Granducato Collection: sapori autentici della Toscana direttamente a casa tua.Ordina Ora!\" \/>\n<meta name=\"robots\" content=\"index, follow, max-snippet:-1, max-image-preview:large, max-video-preview:-1\" \/>\n<link rel=\"canonical\" href=\"https:\/\/www.granducatocollection.com\/de\/product\/ragu-di-chianina-3-pezzi\/\" \/>\n<meta property=\"og:locale\" content=\"de_DE\" \/>\n<meta property=\"og:type\" content=\"article\" \/>\n<meta property=\"og:title\" content=\"B&amp;B Arezzo - Rag\u00f9 di Chianina 3 pezzi - Gran ducato Collection\" \/>\n<meta property=\"og:description\" content=\"Scopri la Box con 3 Rag\u00f9 di Chianina su Granducato Collection: sapori autentici della Toscana direttamente a casa tua.Ordina Ora!\" \/>\n<meta property=\"og:url\" content=\"https:\/\/www.granducatocollection.com\/de\/product\/ragu-di-chianina-3-pezzi\/\" \/>\n<meta property=\"og:site_name\" content=\"Granducato Collection\" \/>\n<meta property=\"article:modified_time\" content=\"2026-01-31T10:41:24+00:00\" \/>\n<meta property=\"og:image\" content=\"https:\/\/www.granducatocollection.com\/wp-content\/uploads\/2025\/05\/ragudichianina3pezzi.png\" \/>\n\t<meta property=\"og:image:width\" content=\"300\" \/>\n\t<meta property=\"og:image:height\" content=\"300\" \/>\n\t<meta property=\"og:image:type\" content=\"image\/png\" \/>\n<meta name=\"twitter:card\" content=\"summary_large_image\" \/>\n<meta name=\"twitter:label1\" content=\"Gesch\u00e4tzte Lesezeit\" \/>\n\t<meta name=\"twitter:data1\" content=\"1\u00a0Minute\" \/>\n<script type=\"application\/ld+json\" class=\"yoast-schema-graph\">{\"@context\":\"https:\/\/schema.org\",\"@graph\":[{\"@type\":\"WebPage\",\"@id\":\"https:\/\/www.granducatocollection.com\/prodotto\/ragu-di-chianina-3-pezzi\/\",\"url\":\"https:\/\/www.granducatocollection.com\/prodotto\/ragu-di-chianina-3-pezzi\/\",\"name\":\"B&B Arezzo - Rag\u00f9 di Chianina 3 pezzi - Gran ducato Collection\",\"isPartOf\":{\"@id\":\"https:\/\/www.granducatocollection.com\/#website\"},\"primaryImageOfPage\":{\"@id\":\"https:\/\/www.granducatocollection.com\/prodotto\/ragu-di-chianina-3-pezzi\/#primaryimage\"},\"image\":{\"@id\":\"https:\/\/www.granducatocollection.com\/prodotto\/ragu-di-chianina-3-pezzi\/#primaryimage\"},\"thumbnailUrl\":\"https:\/\/www.granducatocollection.com\/wp-content\/uploads\/2025\/05\/ragudichianina3pezzi.png\",\"datePublished\":\"2025-05-02T12:23:10+00:00\",\"dateModified\":\"2026-01-31T10:41:24+00:00\",\"description\":\"Scopri la Box con 3 Rag\u00f9 di Chianina su Granducato Collection: sapori autentici della Toscana direttamente a casa tua.Ordina Ora!\",\"breadcrumb\":{\"@id\":\"https:\/\/www.granducatocollection.com\/prodotto\/ragu-di-chianina-3-pezzi\/#breadcrumb\"},\"inLanguage\":\"de\",\"potentialAction\":[{\"@type\":\"ReadAction\",\"target\":[\"https:\/\/www.granducatocollection.com\/prodotto\/ragu-di-chianina-3-pezzi\/\"]}]},{\"@type\":\"ImageObject\",\"inLanguage\":\"de\",\"@id\":\"https:\/\/www.granducatocollection.com\/prodotto\/ragu-di-chianina-3-pezzi\/#primaryimage\",\"url\":\"https:\/\/www.granducatocollection.com\/wp-content\/uploads\/2025\/05\/ragudichianina3pezzi.png\",\"contentUrl\":\"https:\/\/www.granducatocollection.com\/wp-content\/uploads\/2025\/05\/ragudichianina3pezzi.png\",\"width\":300,\"height\":300},{\"@type\":\"BreadcrumbList\",\"@id\":\"https:\/\/www.granducatocollection.com\/prodotto\/ragu-di-chianina-3-pezzi\/#breadcrumb\",\"itemListElement\":[{\"@type\":\"ListItem\",\"position\":1,\"name\":\"Home\",\"item\":\"https:\/\/www.granducatocollection.com\/\"},{\"@type\":\"ListItem\",\"position\":2,\"name\":\"Shop\",\"item\":\"https:\/\/www.granducatocollection.com\/negozio\/\"},{\"@type\":\"ListItem\",\"position\":3,\"name\":\"Rag\u00f9 di Chianina 3 pezzi\"}]},{\"@type\":\"WebSite\",\"@id\":\"https:\/\/www.granducatocollection.com\/#website\",\"url\":\"https:\/\/www.granducatocollection.com\/\",\"name\":\"GranDucato Collection\",\"description\":\"Prenota la tua vacanza e vivi un&#039;esperienza unica\",\"potentialAction\":[{\"@type\":\"SearchAction\",\"target\":{\"@type\":\"EntryPoint\",\"urlTemplate\":\"https:\/\/www.granducatocollection.com\/?s={search_term_string}\"},\"query-input\":{\"@type\":\"PropertyValueSpecification\",\"valueRequired\":true,\"valueName\":\"search_term_string\"}}],\"inLanguage\":\"de\"}]}<\/script>\n<!-- \/ Yoast SEO plugin. -->","yoast_head_json":{"title":"B&B Arezzo - Rag\u00f9 di Chianina 3 pezzi - Gran ducato Collection","description":"Scopri la Box con 3 Rag\u00f9 di Chianina su Granducato Collection: sapori autentici della Toscana direttamente a casa tua.Ordina Ora!","robots":{"index":"index","follow":"follow","max-snippet":"max-snippet:-1","max-image-preview":"max-image-preview:large","max-video-preview":"max-video-preview:-1"},"canonical":"https:\/\/www.granducatocollection.com\/de\/product\/ragu-di-chianina-3-pezzi\/","og_locale":"de_DE","og_type":"article","og_title":"B&B Arezzo - Rag\u00f9 di Chianina 3 pezzi - Gran ducato Collection","og_description":"Scopri la Box con 3 Rag\u00f9 di Chianina su Granducato Collection: sapori autentici della Toscana direttamente a casa tua.Ordina Ora!","og_url":"https:\/\/www.granducatocollection.com\/de\/product\/ragu-di-chianina-3-pezzi\/","og_site_name":"Granducato Collection","article_modified_time":"2026-01-31T10:41:24+00:00","og_image":[{"width":300,"height":300,"url":"https:\/\/www.granducatocollection.com\/wp-content\/uploads\/2025\/05\/ragudichianina3pezzi.png","type":"image\/png"}],"twitter_card":"summary_large_image","twitter_misc":{"Gesch\u00e4tzte Lesezeit":"1\u00a0Minute"},"schema":{"@context":"https:\/\/schema.org","@graph":[{"@type":"WebPage","@id":"https:\/\/www.granducatocollection.com\/prodotto\/ragu-di-chianina-3-pezzi\/","url":"https:\/\/www.granducatocollection.com\/prodotto\/ragu-di-chianina-3-pezzi\/","name":"B&B Arezzo - Rag\u00f9 di Chianina 3 pezzi - Gran ducato Collection","isPartOf":{"@id":"https:\/\/www.granducatocollection.com\/#website"},"primaryImageOfPage":{"@id":"https:\/\/www.granducatocollection.com\/prodotto\/ragu-di-chianina-3-pezzi\/#primaryimage"},"image":{"@id":"https:\/\/www.granducatocollection.com\/prodotto\/ragu-di-chianina-3-pezzi\/#primaryimage"},"thumbnailUrl":"https:\/\/www.granducatocollection.com\/wp-content\/uploads\/2025\/05\/ragudichianina3pezzi.png","datePublished":"2025-05-02T12:23:10+00:00","dateModified":"2026-01-31T10:41:24+00:00","description":"Scopri la Box con 3 Rag\u00f9 di Chianina su Granducato Collection: sapori autentici della Toscana direttamente a casa tua.Ordina Ora!","breadcrumb":{"@id":"https:\/\/www.granducatocollection.com\/prodotto\/ragu-di-chianina-3-pezzi\/#breadcrumb"},"inLanguage":"de","potentialAction":[{"@type":"ReadAction","target":["https:\/\/www.granducatocollection.com\/prodotto\/ragu-di-chianina-3-pezzi\/"]}]},{"@type":"ImageObject","inLanguage":"de","@id":"https:\/\/www.granducatocollection.com\/prodotto\/ragu-di-chianina-3-pezzi\/#primaryimage","url":"https:\/\/www.granducatocollection.com\/wp-content\/uploads\/2025\/05\/ragudichianina3pezzi.png","contentUrl":"https:\/\/www.granducatocollection.com\/wp-content\/uploads\/2025\/05\/ragudichianina3pezzi.png","width":300,"height":300},{"@type":"BreadcrumbList","@id":"https:\/\/www.granducatocollection.com\/prodotto\/ragu-di-chianina-3-pezzi\/#breadcrumb","itemListElement":[{"@type":"ListItem","position":1,"name":"Home","item":"https:\/\/www.granducatocollection.com\/"},{"@type":"ListItem","position":2,"name":"Shop","item":"https:\/\/www.granducatocollection.com\/negozio\/"},{"@type":"ListItem","position":3,"name":"Rag\u00f9 di Chianina 3 pezzi"}]},{"@type":"WebSite","@id":"https:\/\/www.granducatocollection.com\/#website","url":"https:\/\/www.granducatocollection.com\/","name":"GranDucato Collection","description":"Prenota la tua vacanza e vivi un&#039;esperienza unica","potentialAction":[{"@type":"SearchAction","target":{"@type":"EntryPoint","urlTemplate":"https:\/\/www.granducatocollection.com\/?s={search_term_string}"},"query-input":{"@type":"PropertyValueSpecification","valueRequired":true,"valueName":"search_term_string"}}],"inLanguage":"de"}]}},"_links":{"self":[{"href":"https:\/\/www.granducatocollection.com\/de\/wp-json\/wp\/v2\/product\/6982","targetHints":{"allow":["GET"]}}],"collection":[{"href":"https:\/\/www.granducatocollection.com\/de\/wp-json\/wp\/v2\/product"}],"about":[{"href":"https:\/\/www.granducatocollection.com\/de\/wp-json\/wp\/v2\/types\/product"}],"wp:featuredmedia":[{"embeddable":true,"href":"https:\/\/www.granducatocollection.com\/de\/wp-json\/wp\/v2\/media\/9601"}],"wp:attachment":[{"href":"https:\/\/www.granducatocollection.com\/de\/wp-json\/wp\/v2\/media?parent=6982"}],"wp:term":[{"taxonomy":"product_brand","embeddable":true,"href":"https:\/\/www.granducatocollection.com\/de\/wp-json\/wp\/v2\/product_brand?post=6982"},{"taxonomy":"product_cat","embeddable":true,"href":"https:\/\/www.granducatocollection.com\/de\/wp-json\/wp\/v2\/product_cat?post=6982"},{"taxonomy":"product_tag","embeddable":true,"href":"https:\/\/www.granducatocollection.com\/de\/wp-json\/wp\/v2\/product_tag?post=6982"}],"curies":[{"name":"wp","href":"https:\/\/api.w.org\/{rel}","templated":true}]}}