{"id":6877,"date":"2025-04-26T13:51:10","date_gmt":"2025-04-26T13:51:10","guid":{"rendered":"https:\/\/www.granducatocollection.com\/?post_type=product&#038;p=6877"},"modified":"2026-04-20T22:58:25","modified_gmt":"2026-04-20T22:58:25","slug":"bottiglia-bordolese-rosato-2","status":"publish","type":"product","link":"https:\/\/www.granducatocollection.com\/de\/product\/bottiglia-bordolese-rosato-2\/","title":{"rendered":"Flasche Borgognotta Ros\u00e9"},"content":{"rendered":"<p><\/script><\/p>\n<h1>Rosato Borgunto Special Edition \u2013 Borgognotta Ros\u00e9flasche aus Arezzo<\/h1>\n<h2>Handwerklich hergestellter toskanischer Ros\u00e9wein, geboren im Herzen der Toskana<\/h2>\n<p class=\"translation-block\"><span class=\"qwen-markdown-text\" data-spm-anchor-id=\"a2ty_o01.29997173.0.i0.46d55171qv2GXv\">Dieser <\/span><strong class=\"qwen-markdown-strong\"><span class=\"qwen-markdown-text\">handwerklich hergestellte toskanische Ros\u00e9wein aus Arezzo<\/span><\/strong><span class=\"qwen-markdown-text\" data-spm-anchor-id=\"a2ty_o01.29997173.0.i1.46d55171qv2GXv\"> verk\u00f6rpert die Weinbautradition des Gebiets.<\/span><\/p>\n<p class=\"translation-block\">Der <strong>Borgognotta Rosato Edizione Speciale Borgunto<\/strong> ist weit mehr als nur ein Wein: Er ist ein sinnliches Erlebnis, das Eleganz, Tradition und Design vereint. Diese exklusive Edition, die im Herzen von Arezzo in der Toskana entstanden ist, zelebriert die Exzellenz des lokalen Weinbaus mit einem raffinierten, frischen und harmonischen Ros\u00e9.<\/p>\n<h3>Ein elegantes Weingeschenk in einer klassischen Burgunderflasche<\/h3>\n<p class=\"translation-block\">Der <strong>Rosato Borgunto<\/strong>, abgef\u00fcllt in einer klassischen, schlanken Burgunderflasche, ist ein echtes Sammlerst\u00fcck und eignet sich perfekt f\u00fcr alle, die ein stilvolles Geschenk suchen oder ihrem Tisch einen Hauch toskanischer Authentizit\u00e4t verleihen m\u00f6chten. Seine schillernde Farbe, die blumigen und fruchtigen Aromen sowie sein ausgewogener Geschmack machen ihn ideal f\u00fcr raffinierte Aperitifs, romantische Dinner oder Momente puren Genusses.<\/p>\n<h3>Symbol der Granducato-Kollektion: Kunst, Region und Weinqualit\u00e4t<\/h3>\n<p class=\"translation-block\">Mit handwerklicher Sorgfalt und Liebe zum Detail hergestellt, ist Rosato Borgunto ein Symbol der <strong>Granducato Collection<\/strong>, einem Projekt, das Kunst, Territorium und Weinqualit\u00e4t vereint.<\/p>\n<p>&nbsp;<\/p>","protected":false},"excerpt":{"rendered":"<h1>Bottiglia Rosato Bordolese<\/h1>\n<p>Vino rosato artigianale toscano da <strong>Arezzo<\/strong>, prodotto con cura da <strong>Borgunto<\/strong>. Racchiuso in un\u2019elegante <strong>bottiglia bordolese<\/strong>, \u00e8 un\u2019<strong>edizione speciale<\/strong> perfetta come <strong>regalo enologico raffinato<\/strong> o oggetto da collezione per amanti del vino italiano.<br \/>\n<script type=\"application\/ld+json\">\n{\n  \"@context\": \"https:\/\/schema.org\",\n  \"@type\": \"Product\",\n  \"name\": \"Rosato Borgunto Edizione Speciale - Bottiglia Borgognotta\",\n  \"alternateName\": [\n    \"Bottiglia Bordolese Rosato Borgunto\",\n    \"Rosato Toscano Artigianale Arezzo\",\n    \"Vino Rosato Borgognotta\"\n  ],\n  \"image\": [\n    \"https:\/\/www.granducatocollection.com\/wp-content\/uploads\/rosato-borgunto-bottiglia-borgognotta.jpg\",\n    \"https:\/\/www.granducatocollection.com\/wp-content\/uploads\/rosato-borgunto-etichetta-arezzo.jpg\",\n    \"https:\/\/www.granducatocollection.com\/wp-content\/uploads\/rosato-borgunto-confezione-regalo.jpg\"\n  ],\n  \"description\": \"Vino rosato toscano artigianale di Arezzo, prodotto da Borgunto. Edizione speciale in elegante bottiglia borgognotta (bordolese), perfetta come regalo enologico raffinato o oggetto da collezione. Fresco, armonioso, con profumi floreali e fruttati. Ideale per aperitivi e cene romantiche.\",\n  \"sku\": \"ROS-BORG-BORG-750\",\n  \"mpn\": \"BORG-ROSATO-BORG-750-ED\",\n  \"brand\": {\n    \"@type\": \"Brand\",\n    \"name\": \"Borgunto\"\n  },\n  \"manufacturer\": {\n    \"@type\": \"Organization\",\n    \"name\": \"Borgunto Azienda Agricola\",\n    \"url\": \"https:\/\/borgunto.com\",\n    \"address\": {\n      \"@type\": \"PostalAddress\",\n      \"addressLocality\": \"Arezzo\",\n      \"addressRegion\": \"Toscana\",\n      \"addressCountry\": \"IT\"\n    }\n  },\n  \"category\": \"Vino > Rosato > Vino Rosato Toscano > Edizione Speciale\",\n  \"productGroupID\": \"borgunto_rosato_edizione_speciale\",\n  \"material\": \"Vetro\",\n  \"color\": \"Rosa cipria\",\n  \"productionDate\": \"2025\",\n  \"isRelatedTo\": {\n    \"@type\": \"Product\",\n    \"name\": \"Chianti Riserva Borgunto\",\n    \"url\": \"https:\/\/www.granducatocollection.com\/prodotto\/chianti-riserva-borgunto\/\"\n  },\n  \"offers\": {\n    \"@type\": \"Offer\",\n    \"url\": \"https:\/\/www.granducatocollection.com\/prodotto\/bottiglia-bordolese-rosato-2\/\",\n    \"priceCurrency\": \"EUR\",\n    \"price\": \"15.00\",\n    \"priceValidUntil\": \"2026-12-31\",\n    \"availability\": \"https:\/\/schema.org\/InStock\",\n    \"itemCondition\": \"https:\/\/schema.org\/NewCondition\",\n    \"inventoryLevel\": {\n      \"@type\": \"QuantitativeValue\",\n      \"value\": \"999\",\n      \"unitCode\": \"EA\"\n    },\n    \"hasMerchantReturnPolicy\": {\n      \"@type\": \"MerchantReturnPolicy\",\n      \"returnPolicyCategory\": \"https:\/\/schema.org\/MerchantReturnFiniteReturnWindow\",\n      \"merchantReturnDays\": 14,\n      \"returnMethod\": \"https:\/\/schema.org\/ReturnByMail\",\n      \"returnFees\": \"https:\/\/schema.org\/FreeReturn\"\n    },\n    \"shippingDetails\": {\n      \"@type\": \"OfferShippingDetails\",\n      \"shippingRate\": {\n        \"@type\": \"MonetaryAmount\",\n        \"value\": \"0\",\n        \"currency\": \"EUR\"\n      },\n      \"shippingDestination\": {\n        \"@type\": \"DefinedRegion\",\n        \"addressCountry\": [\"IT\", \"EU\"]\n      },\n      \"deliveryTime\": {\n        \"@type\": \"ShippingDeliveryTime\",\n        \"handlingTime\": {\n          \"@type\": \"QuantitativeValue\",\n          \"minValue\": 1,\n          \"maxValue\": 2,\n          \"unitCode\": \"DAY\"\n        },\n        \"transitTime\": {\n          \"@type\": \"QuantitativeValue\",\n          \"minValue\": 2,\n          \"maxValue\": 5,\n          \"unitCode\": \"DAY\"\n        }\n      }\n    },\n    \"seller\": {\n      \"@type\": \"Organization\",\n      \"name\": \"Granducato Collection\",\n      \"url\": \"https:\/\/www.granducatocollection.com\"\n    }\n  },\n  \"aggregateRating\": {\n    \"@type\": \"AggregateRating\",\n    \"ratingValue\": \"4.8\",\n    \"reviewCount\": \"15\",\n    \"bestRating\": \"5\",\n    \"worstRating\": \"1\"\n  },\n  \"review\": [\n    {\n      \"@type\": \"Review\",\n      \"author\": {\n        \"@type\": \"Person\",\n        \"name\": \"Cliente Verificato\"\n      },\n      \"datePublished\": \"2025-03-15\",\n      \"reviewRating\": {\n        \"@type\": \"Rating\",\n        \"ratingValue\": \"5\"\n      },\n      \"reviewBody\": \"Bottiglia bellissima, perfetta come regalo. Il rosato \u00e8 fresco e delicato, proprio come descritto. Spedizione impeccabile.\"\n    },\n    {\n      \"@type\": \"Review\",\n      \"author\": {\n        \"@type\": \"Person\",\n        \"name\": \"Cliente Verificato\"\n      },\n      \"datePublished\": \"2025-02-28\",\n      \"reviewRating\": {\n        \"@type\": \"Rating\",\n        \"ratingValue\": \"5\"\n      },\n      \"reviewBody\": \"Oggetto da collezione davvero elegante. La bottiglia borgognotta \u00e8 unica, il vino ottimo. Consigliato!\"\n    }\n  ],\n  \"additionalProperty\": [\n    { \"@type\": \"PropertyValue\", \"name\": \"Formato bottiglia\", \"value\": \"750 ml\" },\n    { \"@type\": \"PropertyValue\", \"name\": \"Tipologia bottiglia\", \"value\": \"Borgognotta (Bordolese)\" },\n    { \"@type\": \"PropertyValue\", \"name\": \"Tipologia vino\", \"value\": \"Vino rosato fermo\" },\n    { \"@type\": \"PropertyValue\", \"name\": \"Edizione\", \"value\": \"Speciale - Granducato Collection\" },\n    { \"@type\": \"PropertyValue\", \"name\": \"Origine\", \"value\": \"Arezzo, Toscana, Italia\" },\n    { \"@type\": \"PropertyValue\", \"name\": \"Produzione\", \"value\": \"Artigianale\" },\n    { \"@type\": \"PropertyValue\", \"name\": \"Cantina\", \"value\": \"Borgunto\" },\n    { \"@type\": \"PropertyValue\", \"name\": \"Profilo aromatico\", \"value\": \"Floreale e fruttato\" },\n    { \"@type\": \"PropertyValue\", \"name\": \"Gusto\", \"value\": \"Fresco, armonioso, equilibrato\" },\n    { \"@type\": \"PropertyValue\", \"name\": \"Colore\", \"value\": \"Rosa cipria cangiante\" },\n    { \"@type\": \"PropertyValue\", \"name\": \"Temperatura di servizio\", \"value\": \"8-10\u00b0C\" },\n    { \"@type\": \"PropertyValue\", \"name\": \"Abbinamenti\", \"value\": \"Aperitivi, cene romantiche, antipasti, pesce leggero\" },\n    { \"@type\": \"PropertyValue\", \"name\": \"Occasioni d'uso\", \"value\": \"Regalo, collezione, momenti speciali\" },\n    { \"@type\": \"PropertyValue\", \"name\": \"Confezione\", \"value\": \"Bottiglia singola, edizione speciale\" },\n    { \"@type\": \"PropertyValue\", \"name\": \"Design\", \"value\": \"Elegante, affusolata, slanciata\" },\n    { \"@type\": \"PropertyValue\", \"name\": \"Disponibilit\u00e0\", \"value\": \"999 pezzi\" },\n    { \"@type\": \"PropertyValue\", \"name\": \"Categoria regalo\", \"value\": \"Regalo enologico raffinato\" }\n  ]\n}\n<\/script><br \/>\n<!-- === SOLO PULSANTI AMAZON &#038; EBAY === --><\/p>\n<div style=\"margin: 20px 0; padding: 15px 0;\">\n<div style=\"display: flex; flex-direction: column; gap: 12px;\">\n<p>        <!-- Amazon Button --><br \/>\n        <a href=\"https:\/\/www.amazon.it\/Borgunto%C2%AE-Vino-Rosato-Toscano-2023\/dp\/B0CL73WXMN?ref_=ast_sto_dp&#038;th=1\" target=\"_blank\" rel=\"noopener noreferrer\" style=\"display: inline-flex; align-items: center; justify-content: flex-start; gap: 12px; padding: 14px 20px; border-radius: 8px; text-decoration: none !important; font-weight: 600; font-size: 15px; background: linear-gradient(135deg, #FF9900, #FFB14D); color: #232F3E; box-shadow: 0 2px 6px rgba(0,0,0,0.1); transition: transform 0.2s; border: none; cursor: pointer;\"><br \/>\n            <img decoding=\"async\" src=\"https:\/\/cdn.iconscout.com\/icon\/free\/png-256\/free-amazon-logo-icon-svg-download-png-1583154.png?f=webp\" alt=\"Amazon\" style=\"width: 28px !important; height: 28px !important; min-width: 28px !important; min-height: 28px !important; max-width: 28px !important; max-height: 28px !important; object-fit: contain; display: block;\"><br \/>\n            <span style=\"flex: 1;\">Acquista su Amazon<\/span><br \/>\n            <svg viewBox=\"0 0 24 24\" style=\"width: 20px !important; height: 20px !important; min-width: 20px !important; min-height: 20px !important; max-width: 20px !important; max-height: 20px !important; fill: currentColor; opacity: 0.9; flex-shrink: 0;\" xmlns=\"http:\/\/www.w3.org\/2000\/svg\">\n                <path d=\"M16 11V7a4 4 0 00-8 0v4M5 9h14l1 12H4L5 9z\"\/>\n            <\/svg><br \/>\n        <\/a><\/p>\n<p>        <!-- eBay Button --><br \/>\n        <a href=\"https:\/\/www.ebay.it\/itm\/376800871387?itmmeta=01KNME3GH1MNP2G5WH5165YDSQ&#038;hash=item57bb1503db:g:MQ4AAeSwz2NpS9hV\" target=\"_blank\" rel=\"noopener noreferrer\" style=\"display: inline-flex; align-items: center; justify-content: flex-start; gap: 12px; padding: 14px 20px; border-radius: 8px; text-decoration: none !important; font-weight: 600; font-size: 15px; background: linear-gradient(135deg, #E53238 0%, #0064D2 50%, #F5AF02 100%); background-size: 200% 200%; color: white; box-shadow: 0 2px 6px rgba(0,0,0,0.1); transition: transform 0.2s; border: none; cursor: pointer;\"><br \/>\n            <img decoding=\"async\" src=\"https:\/\/storage.googleapis.com\/msgsndr\/z6XdTU91SOnHw123nyir\/media\/67c87de08123744ce68ae3c9.webp\" alt=\"eBay\" style=\"width: 28px !important; height: 28px !important; min-width: 28px !important; min-height: 28px !important; max-width: 28px !important; max-height: 28px !important; object-fit: contain; display: block;\"><br \/>\n            <span style=\"flex: 1;\">Acquista su eBay<\/span><br \/>\n            <svg viewBox=\"0 0 24 24\" style=\"width: 20px !important; height: 20px !important; min-width: 20px !important; min-height: 20px !important; max-width: 20px !important; max-height: 20px !important; fill: currentColor; opacity: 0.9; flex-shrink: 0;\" xmlns=\"http:\/\/www.w3.org\/2000\/svg\">\n                <path d=\"M16 11V7a4 4 0 00-8 0v4M5 9h14l1 12H4L5 9z\"\/>\n            <\/svg><br \/>\n        <\/a><\/p><\/div>\n<\/div>\n<p><!-- === FINE PULSANTI === --><\/p>\n","protected":false},"featured_media":8863,"template":"","meta":{"_acf_changed":false},"product_brand":[764],"product_cat":[92],"product_tag":[824,826,825,822,596,827,828,823],"class_list":{"0":"post-6877","1":"product","2":"type-product","3":"status-publish","4":"has-post-thumbnail","6":"product_brand-granducato-collection","7":"product_cat-i-nostri-formati-speciali","8":"product_tag-borgunto-rosato","9":"product_tag-bottiglia-bordolese-rosato","10":"product_tag-edizione-speciale","11":"product_tag-rosato-bordolese","12":"product_tag-vino","13":"product_tag-vino-artigianale-toscano","14":"product_tag-vino-italiano-deccellenza","15":"product_tag-vino-rosato-toscano","17":"first","18":"instock","19":"shipping-taxable","20":"purchasable","21":"product-type-simple"},"acf":[],"yoast_head":"<!-- This site is optimized with the Yoast SEO plugin v26.7 - https:\/\/yoast.com\/wordpress\/plugins\/seo\/ -->\n<title>B&amp;B Arezzo - Chianti Rosato 750 ml | Granducato Collection<\/title>\n<meta name=\"description\" content=\"Scopri il Rosato Borgunto Edizione Speciale in bottiglia bordolese: un vino elegante nato ad Arezzo, Toscana. Ideale per regali, cene e collezionisti.\" \/>\n<meta name=\"robots\" content=\"index, follow, max-snippet:-1, max-image-preview:large, max-video-preview:-1\" \/>\n<link rel=\"canonical\" href=\"https:\/\/www.granducatocollection.com\/de\/product\/bottiglia-bordolese-rosato-2\/\" \/>\n<meta property=\"og:locale\" content=\"de_DE\" \/>\n<meta property=\"og:type\" content=\"article\" \/>\n<meta property=\"og:title\" content=\"B&amp;B Arezzo - Chianti Rosato 750 ml | Granducato Collection\" \/>\n<meta property=\"og:description\" content=\"Scopri il Rosato Borgunto Edizione Speciale in bottiglia bordolese: un vino elegante nato ad Arezzo, Toscana. Ideale per regali, cene e collezionisti.\" \/>\n<meta property=\"og:url\" content=\"https:\/\/www.granducatocollection.com\/de\/product\/bottiglia-bordolese-rosato-2\/\" \/>\n<meta property=\"og:site_name\" content=\"Granducato Collection\" \/>\n<meta property=\"article:modified_time\" content=\"2026-04-20T22:58:25+00:00\" \/>\n<meta property=\"og:image\" content=\"https:\/\/www.granducatocollection.com\/wp-content\/uploads\/2025\/04\/bottiglia-rosato-borgunto-bordolese-arezzo-toscana-italia-granducatocollection-alloggi-affittacamere-suitelets.webp\" \/>\n\t<meta property=\"og:image:width\" content=\"1097\" \/>\n\t<meta property=\"og:image:height\" content=\"1097\" \/>\n\t<meta property=\"og:image:type\" content=\"image\/webp\" \/>\n<meta name=\"twitter:card\" content=\"summary_large_image\" \/>\n<meta name=\"twitter:label1\" content=\"Gesch\u00e4tzte Lesezeit\" \/>\n\t<meta name=\"twitter:data1\" content=\"2\u00a0Minuten\" \/>\n<script type=\"application\/ld+json\" class=\"yoast-schema-graph\">{\"@context\":\"https:\/\/schema.org\",\"@graph\":[{\"@type\":\"WebPage\",\"@id\":\"https:\/\/www.granducatocollection.com\/prodotto\/bottiglia-bordolese-rosato-2\/\",\"url\":\"https:\/\/www.granducatocollection.com\/prodotto\/bottiglia-bordolese-rosato-2\/\",\"name\":\"B&B Arezzo - Chianti Rosato 750 ml | Granducato Collection\",\"isPartOf\":{\"@id\":\"https:\/\/www.granducatocollection.com\/#website\"},\"primaryImageOfPage\":{\"@id\":\"https:\/\/www.granducatocollection.com\/prodotto\/bottiglia-bordolese-rosato-2\/#primaryimage\"},\"image\":{\"@id\":\"https:\/\/www.granducatocollection.com\/prodotto\/bottiglia-bordolese-rosato-2\/#primaryimage\"},\"thumbnailUrl\":\"https:\/\/www.granducatocollection.com\/wp-content\/uploads\/2025\/04\/bottiglia-rosato-borgunto-bordolese-arezzo-toscana-italia-granducatocollection-alloggi-affittacamere-suitelets.webp\",\"datePublished\":\"2025-04-26T13:51:10+00:00\",\"dateModified\":\"2026-04-20T22:58:25+00:00\",\"description\":\"Scopri il Rosato Borgunto Edizione Speciale in bottiglia bordolese: un vino elegante nato ad Arezzo, Toscana. Ideale per regali, cene e collezionisti.\",\"breadcrumb\":{\"@id\":\"https:\/\/www.granducatocollection.com\/prodotto\/bottiglia-bordolese-rosato-2\/#breadcrumb\"},\"inLanguage\":\"de\",\"potentialAction\":[{\"@type\":\"ReadAction\",\"target\":[\"https:\/\/www.granducatocollection.com\/prodotto\/bottiglia-bordolese-rosato-2\/\"]}]},{\"@type\":\"ImageObject\",\"inLanguage\":\"de\",\"@id\":\"https:\/\/www.granducatocollection.com\/prodotto\/bottiglia-bordolese-rosato-2\/#primaryimage\",\"url\":\"https:\/\/www.granducatocollection.com\/wp-content\/uploads\/2025\/04\/bottiglia-rosato-borgunto-bordolese-arezzo-toscana-italia-granducatocollection-alloggi-affittacamere-suitelets.webp\",\"contentUrl\":\"https:\/\/www.granducatocollection.com\/wp-content\/uploads\/2025\/04\/bottiglia-rosato-borgunto-bordolese-arezzo-toscana-italia-granducatocollection-alloggi-affittacamere-suitelets.webp\",\"width\":1097,\"height\":1097,\"caption\":\"Bottiglia Borgognotta Rosato vino rosato italiano 100% uve selezionate\"},{\"@type\":\"BreadcrumbList\",\"@id\":\"https:\/\/www.granducatocollection.com\/prodotto\/bottiglia-bordolese-rosato-2\/#breadcrumb\",\"itemListElement\":[{\"@type\":\"ListItem\",\"position\":1,\"name\":\"Home\",\"item\":\"https:\/\/www.granducatocollection.com\/\"},{\"@type\":\"ListItem\",\"position\":2,\"name\":\"Shop\",\"item\":\"https:\/\/www.granducatocollection.com\/negozio\/\"},{\"@type\":\"ListItem\",\"position\":3,\"name\":\"Bottiglia Borgognotta Rosato\"}]},{\"@type\":\"WebSite\",\"@id\":\"https:\/\/www.granducatocollection.com\/#website\",\"url\":\"https:\/\/www.granducatocollection.com\/\",\"name\":\"GranDucato Collection\",\"description\":\"Prenota la tua vacanza e vivi un&#039;esperienza unica\",\"potentialAction\":[{\"@type\":\"SearchAction\",\"target\":{\"@type\":\"EntryPoint\",\"urlTemplate\":\"https:\/\/www.granducatocollection.com\/?s={search_term_string}\"},\"query-input\":{\"@type\":\"PropertyValueSpecification\",\"valueRequired\":true,\"valueName\":\"search_term_string\"}}],\"inLanguage\":\"de\"}]}<\/script>\n<!-- \/ Yoast SEO plugin. -->","yoast_head_json":{"title":"B&B Arezzo - Chianti Rosato 750 ml | Granducato Collection","description":"Scopri il Rosato Borgunto Edizione Speciale in bottiglia bordolese: un vino elegante nato ad Arezzo, Toscana. Ideale per regali, cene e collezionisti.","robots":{"index":"index","follow":"follow","max-snippet":"max-snippet:-1","max-image-preview":"max-image-preview:large","max-video-preview":"max-video-preview:-1"},"canonical":"https:\/\/www.granducatocollection.com\/de\/product\/bottiglia-bordolese-rosato-2\/","og_locale":"de_DE","og_type":"article","og_title":"B&B Arezzo - Chianti Rosato 750 ml | Granducato Collection","og_description":"Scopri il Rosato Borgunto Edizione Speciale in bottiglia bordolese: un vino elegante nato ad Arezzo, Toscana. Ideale per regali, cene e collezionisti.","og_url":"https:\/\/www.granducatocollection.com\/de\/product\/bottiglia-bordolese-rosato-2\/","og_site_name":"Granducato Collection","article_modified_time":"2026-04-20T22:58:25+00:00","og_image":[{"width":1097,"height":1097,"url":"https:\/\/www.granducatocollection.com\/wp-content\/uploads\/2025\/04\/bottiglia-rosato-borgunto-bordolese-arezzo-toscana-italia-granducatocollection-alloggi-affittacamere-suitelets.webp","type":"image\/webp"}],"twitter_card":"summary_large_image","twitter_misc":{"Gesch\u00e4tzte Lesezeit":"2\u00a0Minuten"},"schema":{"@context":"https:\/\/schema.org","@graph":[{"@type":"WebPage","@id":"https:\/\/www.granducatocollection.com\/prodotto\/bottiglia-bordolese-rosato-2\/","url":"https:\/\/www.granducatocollection.com\/prodotto\/bottiglia-bordolese-rosato-2\/","name":"B&B Arezzo - Chianti Rosato 750 ml | Granducato Collection","isPartOf":{"@id":"https:\/\/www.granducatocollection.com\/#website"},"primaryImageOfPage":{"@id":"https:\/\/www.granducatocollection.com\/prodotto\/bottiglia-bordolese-rosato-2\/#primaryimage"},"image":{"@id":"https:\/\/www.granducatocollection.com\/prodotto\/bottiglia-bordolese-rosato-2\/#primaryimage"},"thumbnailUrl":"https:\/\/www.granducatocollection.com\/wp-content\/uploads\/2025\/04\/bottiglia-rosato-borgunto-bordolese-arezzo-toscana-italia-granducatocollection-alloggi-affittacamere-suitelets.webp","datePublished":"2025-04-26T13:51:10+00:00","dateModified":"2026-04-20T22:58:25+00:00","description":"Scopri il Rosato Borgunto Edizione Speciale in bottiglia bordolese: un vino elegante nato ad Arezzo, Toscana. Ideale per regali, cene e collezionisti.","breadcrumb":{"@id":"https:\/\/www.granducatocollection.com\/prodotto\/bottiglia-bordolese-rosato-2\/#breadcrumb"},"inLanguage":"de","potentialAction":[{"@type":"ReadAction","target":["https:\/\/www.granducatocollection.com\/prodotto\/bottiglia-bordolese-rosato-2\/"]}]},{"@type":"ImageObject","inLanguage":"de","@id":"https:\/\/www.granducatocollection.com\/prodotto\/bottiglia-bordolese-rosato-2\/#primaryimage","url":"https:\/\/www.granducatocollection.com\/wp-content\/uploads\/2025\/04\/bottiglia-rosato-borgunto-bordolese-arezzo-toscana-italia-granducatocollection-alloggi-affittacamere-suitelets.webp","contentUrl":"https:\/\/www.granducatocollection.com\/wp-content\/uploads\/2025\/04\/bottiglia-rosato-borgunto-bordolese-arezzo-toscana-italia-granducatocollection-alloggi-affittacamere-suitelets.webp","width":1097,"height":1097,"caption":"Bottiglia Borgognotta Rosato vino rosato italiano 100% uve selezionate"},{"@type":"BreadcrumbList","@id":"https:\/\/www.granducatocollection.com\/prodotto\/bottiglia-bordolese-rosato-2\/#breadcrumb","itemListElement":[{"@type":"ListItem","position":1,"name":"Home","item":"https:\/\/www.granducatocollection.com\/"},{"@type":"ListItem","position":2,"name":"Shop","item":"https:\/\/www.granducatocollection.com\/negozio\/"},{"@type":"ListItem","position":3,"name":"Bottiglia Borgognotta Rosato"}]},{"@type":"WebSite","@id":"https:\/\/www.granducatocollection.com\/#website","url":"https:\/\/www.granducatocollection.com\/","name":"GranDucato Collection","description":"Prenota la tua vacanza e vivi un&#039;esperienza unica","potentialAction":[{"@type":"SearchAction","target":{"@type":"EntryPoint","urlTemplate":"https:\/\/www.granducatocollection.com\/?s={search_term_string}"},"query-input":{"@type":"PropertyValueSpecification","valueRequired":true,"valueName":"search_term_string"}}],"inLanguage":"de"}]}},"_links":{"self":[{"href":"https:\/\/www.granducatocollection.com\/de\/wp-json\/wp\/v2\/product\/6877","targetHints":{"allow":["GET"]}}],"collection":[{"href":"https:\/\/www.granducatocollection.com\/de\/wp-json\/wp\/v2\/product"}],"about":[{"href":"https:\/\/www.granducatocollection.com\/de\/wp-json\/wp\/v2\/types\/product"}],"wp:featuredmedia":[{"embeddable":true,"href":"https:\/\/www.granducatocollection.com\/de\/wp-json\/wp\/v2\/media\/8863"}],"wp:attachment":[{"href":"https:\/\/www.granducatocollection.com\/de\/wp-json\/wp\/v2\/media?parent=6877"}],"wp:term":[{"taxonomy":"product_brand","embeddable":true,"href":"https:\/\/www.granducatocollection.com\/de\/wp-json\/wp\/v2\/product_brand?post=6877"},{"taxonomy":"product_cat","embeddable":true,"href":"https:\/\/www.granducatocollection.com\/de\/wp-json\/wp\/v2\/product_cat?post=6877"},{"taxonomy":"product_tag","embeddable":true,"href":"https:\/\/www.granducatocollection.com\/de\/wp-json\/wp\/v2\/product_tag?post=6877"}],"curies":[{"name":"wp","href":"https:\/\/api.w.org\/{rel}","templated":true}]}}