{"id":6876,"date":"2025-04-26T13:41:23","date_gmt":"2025-04-26T13:41:23","guid":{"rendered":"https:\/\/www.granducatocollection.com\/?post_type=product&#038;p=6876"},"modified":"2026-04-20T23:02:26","modified_gmt":"2026-04-20T23:02:26","slug":"bottiglia-bordolese-vignavecchia","status":"publish","type":"product","link":"https:\/\/www.granducatocollection.com\/de\/product\/bottiglia-bordolese-vignavecchia\/","title":{"rendered":"Bordeaux-Flasche Vigna Vecchia Special Edition"},"content":{"rendered":"<p><script type=\"application\/ld+json\">{\n    \"@context\": \"https:\\\/\\\/schema.org\",\n    \"@type\": \"Product\",\n    \"@id\": \"https:\\\/\\\/www.granducatocollection.com\\\/prodotto\\\/bottiglia-bordolese-vignavecchia\\\/\",\n    \"name\": \"Vigna Vecchia Edizione Speciale \\u2013 Bottiglia Bordolese Borgunto\",\n    \"image\": \"https:\\\/\\\/www.granducatocollection.com\\\/wp-content\\\/uploads\\\/2026\\\/01\\\/vignavecchia-borgunto-bottiglia-bordolese.jpg\",\n    \"description\": \"Vino rosso toscano artigianale da Arezzo, in edizione limitata. Prodotto da Borgunto con uve selezionate da vigneti storici. Perfetto come regalo enologico elegante.\",\n    \"brand\": {\n        \"@type\": \"Organization\",\n        \"name\": \"Borgunto\"\n    },\n    \"offers\": {\n        \"@type\": \"Offer\",\n        \"url\": \"https:\\\/\\\/www.granducatocollection.com\\\/prodotto\\\/bottiglia-bordolese-vignavecchia\\\/\",\n        \"priceCurrency\": \"EUR\",\n        \"price\": \"25.00\",\n        \"itemCondition\": \"https:\\\/\\\/schema.org\\\/NewCondition\",\n        \"availability\": \"https:\\\/\\\/schema.org\\\/InStock\",\n        \"seller\": {\n            \"@type\": \"Organization\",\n            \"name\": \"Granducato Collection\"\n        }\n    },\n    \"sku\": \"VIGNAVECCHIA-BORDOLESE-EDIZIONE-SPECIALE\"\n}<\/script><\/p>\n<h1>Vignavecchia Sonderedition \u2013 Bordeaux-Flasche<\/h1>\n<h2>Handwerklich hergestellter toskanischer Rotwein aus Arezzo, gekeltert aus historischen Weinbergen<\/h2>\n<p class=\"translation-block\">Der Vigna Vecchia Edizione Speciale Borgunto ist der Inbegriff toskanischer Weinkunst. Hergestellt in Arezzo aus ausgew\u00e4hlten Trauben historischer Weinberge, verk\u00f6rpert dieser toskanische Rotwein die Weintradition der Region, vereint mit einem modernen Qualit\u00e4tsanspruch. Jeder Schluck zeugt von der Leidenschaft f\u00fcr das Land, dem Respekt vor der Zeit und der Handwerkskunst eines Weinguts, das Wert auf Transparenz legt.<\/p>\n<h3>Eine limitierte Edition in einer Bordeaux-Flasche mit zeitlosem Design<\/h3>\n<p class=\"translation-block\">Abgef\u00fcllt in einer eleganten, schlanken Bordeaux-Flasche, pr\u00e4sentiert sich Vigna Vecchia als wahres Sammlerst\u00fcck. Die limitierte Edition macht ihn zum perfekten Geschenk f\u00fcr alle, die einen edlen Wein suchen, der Kenner begeistert oder besondere Anl\u00e4sse mit italienischer Authentizit\u00e4t feiert.<\/p>\n<h3>Symbol der Granducato-Kollektion: Kunst, Region und Weinqualit\u00e4t<\/h3>\n<p class=\"translation-block\">Dieser von Borgunto hergestellte Wein ist ein Eckpfeiler der Granducato Collection, einem Projekt, das Kunst, toskanische Identit\u00e4t und h\u00f6chste Weinqualit\u00e4t vereint. Er ist mehr als nur ein Wein: Er ist ein kulturelles Erbe, glasweise serviert.<\/p>","protected":false},"excerpt":{"rendered":"<h1>Vignavecchia Special Edition Borgunto<\/h1>\n<p class=\"translation-block\"><strong>Vignavecchia Edizione Speciale Borgunto<\/strong>: Ein handwerklich hergestellter toskanischer Rotwein aus Arezzo, gekeltert aus ausgew\u00e4hlten Trauben historischer Weinberge. Pr\u00e4sentiert in einer eleganten Bordeaux-Flasche, ist dieser Wein in limitierter Auflage das perfekte Geschenk f\u00fcr Weinliebhaber oder ein Symbol der Granducato-Kollektion.<\/p>","protected":false},"featured_media":8352,"template":"","meta":{"_acf_changed":false},"product_brand":[764],"product_cat":[92],"product_tag":[315,396,277,317,309,403,402,307,316,401],"class_list":{"0":"post-6876","1":"product","2":"type-product","3":"status-publish","4":"has-post-thumbnail","6":"product_brand-granducato-collection","7":"product_cat-i-nostri-formati-speciali","8":"product_tag-vigna-vecchia","9":"product_tag-vino-artigianale","10":"product_tag-vino-da-collezione","11":"product_tag-vino-da-pranzo-elegante","12":"product_tag-vino-da-regalo","13":"product_tag-vino-di-qualita","14":"product_tag-vino-edizione-speciale","15":"product_tag-vino-italiano","16":"product_tag-vino-premium","17":"product_tag-vino-rosso-bordolese","19":"first","20":"instock","21":"shipping-taxable","22":"purchasable","23":"product-type-simple"},"acf":[],"yoast_head":"<!-- This site is optimized with the Yoast SEO plugin v26.7 - https:\/\/yoast.com\/wordpress\/plugins\/seo\/ -->\n<title>B&amp;B Arezzo -Vigna Vecchia Sp. Edition - Gran ducato Collection<\/title>\n<meta name=\"description\" content=\"Edizione speciale Jeroboam Vignavecchia: vino Chianti in formato maxi. Un&#039;eccellenza da Arezzo, perfetta da regalare.\" \/>\n<meta name=\"robots\" content=\"index, follow, max-snippet:-1, max-image-preview:large, max-video-preview:-1\" \/>\n<link rel=\"canonical\" href=\"https:\/\/www.granducatocollection.com\/de\/product\/bottiglia-bordolese-vignavecchia\/\" \/>\n<meta property=\"og:locale\" content=\"de_DE\" \/>\n<meta property=\"og:type\" content=\"article\" \/>\n<meta property=\"og:title\" content=\"B&amp;B Arezzo -Vigna Vecchia Sp. Edition - Gran ducato Collection\" \/>\n<meta property=\"og:description\" content=\"Edizione speciale Jeroboam Vignavecchia: vino Chianti in formato maxi. Un&#039;eccellenza da Arezzo, perfetta da regalare.\" \/>\n<meta property=\"og:url\" content=\"https:\/\/www.granducatocollection.com\/de\/product\/bottiglia-bordolese-vignavecchia\/\" \/>\n<meta property=\"og:site_name\" content=\"Granducato Collection\" \/>\n<meta property=\"article:modified_time\" content=\"2026-04-20T23:02:26+00:00\" \/>\n<meta property=\"og:image\" content=\"https:\/\/www.granducatocollection.com\/wp-content\/uploads\/2025\/04\/granducatocollection-borgunto-vignavecchia-bordolese-arezzo-bb-suitelets-soggiornare-in-toscana.webp.webp\" \/>\n\t<meta property=\"og:image:width\" content=\"700\" \/>\n\t<meta property=\"og:image:height\" content=\"700\" \/>\n\t<meta property=\"og:image:type\" content=\"image\/webp\" \/>\n<meta name=\"twitter:card\" content=\"summary_large_image\" \/>\n<meta name=\"twitter:label1\" content=\"Gesch\u00e4tzte Lesezeit\" \/>\n\t<meta name=\"twitter:data1\" content=\"2\u00a0Minuten\" \/>\n<script type=\"application\/ld+json\" class=\"yoast-schema-graph\">{\"@context\":\"https:\/\/schema.org\",\"@graph\":[{\"@type\":\"WebPage\",\"@id\":\"https:\/\/www.granducatocollection.com\/prodotto\/bottiglia-bordolese-vignavecchia\/\",\"url\":\"https:\/\/www.granducatocollection.com\/prodotto\/bottiglia-bordolese-vignavecchia\/\",\"name\":\"B&B Arezzo -Vigna Vecchia Sp. Edition - Gran ducato Collection\",\"isPartOf\":{\"@id\":\"https:\/\/www.granducatocollection.com\/#website\"},\"primaryImageOfPage\":{\"@id\":\"https:\/\/www.granducatocollection.com\/prodotto\/bottiglia-bordolese-vignavecchia\/#primaryimage\"},\"image\":{\"@id\":\"https:\/\/www.granducatocollection.com\/prodotto\/bottiglia-bordolese-vignavecchia\/#primaryimage\"},\"thumbnailUrl\":\"https:\/\/www.granducatocollection.com\/wp-content\/uploads\/2025\/04\/granducatocollection-borgunto-vignavecchia-bordolese-arezzo-bb-suitelets-soggiornare-in-toscana.webp.webp\",\"datePublished\":\"2025-04-26T13:41:23+00:00\",\"dateModified\":\"2026-04-20T23:02:26+00:00\",\"description\":\"Edizione speciale Jeroboam Vignavecchia: vino Chianti in formato maxi. Un'eccellenza da Arezzo, perfetta da regalare.\",\"breadcrumb\":{\"@id\":\"https:\/\/www.granducatocollection.com\/prodotto\/bottiglia-bordolese-vignavecchia\/#breadcrumb\"},\"inLanguage\":\"de\",\"potentialAction\":[{\"@type\":\"ReadAction\",\"target\":[\"https:\/\/www.granducatocollection.com\/prodotto\/bottiglia-bordolese-vignavecchia\/\"]}]},{\"@type\":\"ImageObject\",\"inLanguage\":\"de\",\"@id\":\"https:\/\/www.granducatocollection.com\/prodotto\/bottiglia-bordolese-vignavecchia\/#primaryimage\",\"url\":\"https:\/\/www.granducatocollection.com\/wp-content\/uploads\/2025\/04\/granducatocollection-borgunto-vignavecchia-bordolese-arezzo-bb-suitelets-soggiornare-in-toscana.webp.webp\",\"contentUrl\":\"https:\/\/www.granducatocollection.com\/wp-content\/uploads\/2025\/04\/granducatocollection-borgunto-vignavecchia-bordolese-arezzo-bb-suitelets-soggiornare-in-toscana.webp.webp\",\"width\":700,\"height\":700,\"caption\":\"Bottiglia Bordolese Vigna Vecchia Edizione Speciale vino rosso italiano artigianale\"},{\"@type\":\"BreadcrumbList\",\"@id\":\"https:\/\/www.granducatocollection.com\/prodotto\/bottiglia-bordolese-vignavecchia\/#breadcrumb\",\"itemListElement\":[{\"@type\":\"ListItem\",\"position\":1,\"name\":\"Home\",\"item\":\"https:\/\/www.granducatocollection.com\/\"},{\"@type\":\"ListItem\",\"position\":2,\"name\":\"Shop\",\"item\":\"https:\/\/www.granducatocollection.com\/negozio\/\"},{\"@type\":\"ListItem\",\"position\":3,\"name\":\"Bottiglia Bordolese Vigna Vecchia Edizione Speciale\"}]},{\"@type\":\"WebSite\",\"@id\":\"https:\/\/www.granducatocollection.com\/#website\",\"url\":\"https:\/\/www.granducatocollection.com\/\",\"name\":\"GranDucato Collection\",\"description\":\"Prenota la tua vacanza e vivi un&#039;esperienza unica\",\"potentialAction\":[{\"@type\":\"SearchAction\",\"target\":{\"@type\":\"EntryPoint\",\"urlTemplate\":\"https:\/\/www.granducatocollection.com\/?s={search_term_string}\"},\"query-input\":{\"@type\":\"PropertyValueSpecification\",\"valueRequired\":true,\"valueName\":\"search_term_string\"}}],\"inLanguage\":\"de\"}]}<\/script>\n<!-- \/ Yoast SEO plugin. -->","yoast_head_json":{"title":"B&B Arezzo -Vigna Vecchia Sp. Edition - Gran ducato Collection","description":"Edizione speciale Jeroboam Vignavecchia: vino Chianti in formato maxi. Un'eccellenza da Arezzo, perfetta da regalare.","robots":{"index":"index","follow":"follow","max-snippet":"max-snippet:-1","max-image-preview":"max-image-preview:large","max-video-preview":"max-video-preview:-1"},"canonical":"https:\/\/www.granducatocollection.com\/de\/product\/bottiglia-bordolese-vignavecchia\/","og_locale":"de_DE","og_type":"article","og_title":"B&B Arezzo -Vigna Vecchia Sp. Edition - Gran ducato Collection","og_description":"Edizione speciale Jeroboam Vignavecchia: vino Chianti in formato maxi. Un'eccellenza da Arezzo, perfetta da regalare.","og_url":"https:\/\/www.granducatocollection.com\/de\/product\/bottiglia-bordolese-vignavecchia\/","og_site_name":"Granducato Collection","article_modified_time":"2026-04-20T23:02:26+00:00","og_image":[{"width":700,"height":700,"url":"https:\/\/www.granducatocollection.com\/wp-content\/uploads\/2025\/04\/granducatocollection-borgunto-vignavecchia-bordolese-arezzo-bb-suitelets-soggiornare-in-toscana.webp.webp","type":"image\/webp"}],"twitter_card":"summary_large_image","twitter_misc":{"Gesch\u00e4tzte Lesezeit":"2\u00a0Minuten"},"schema":{"@context":"https:\/\/schema.org","@graph":[{"@type":"WebPage","@id":"https:\/\/www.granducatocollection.com\/prodotto\/bottiglia-bordolese-vignavecchia\/","url":"https:\/\/www.granducatocollection.com\/prodotto\/bottiglia-bordolese-vignavecchia\/","name":"B&B Arezzo -Vigna Vecchia Sp. Edition - Gran ducato Collection","isPartOf":{"@id":"https:\/\/www.granducatocollection.com\/#website"},"primaryImageOfPage":{"@id":"https:\/\/www.granducatocollection.com\/prodotto\/bottiglia-bordolese-vignavecchia\/#primaryimage"},"image":{"@id":"https:\/\/www.granducatocollection.com\/prodotto\/bottiglia-bordolese-vignavecchia\/#primaryimage"},"thumbnailUrl":"https:\/\/www.granducatocollection.com\/wp-content\/uploads\/2025\/04\/granducatocollection-borgunto-vignavecchia-bordolese-arezzo-bb-suitelets-soggiornare-in-toscana.webp.webp","datePublished":"2025-04-26T13:41:23+00:00","dateModified":"2026-04-20T23:02:26+00:00","description":"Edizione speciale Jeroboam Vignavecchia: vino Chianti in formato maxi. Un'eccellenza da Arezzo, perfetta da regalare.","breadcrumb":{"@id":"https:\/\/www.granducatocollection.com\/prodotto\/bottiglia-bordolese-vignavecchia\/#breadcrumb"},"inLanguage":"de","potentialAction":[{"@type":"ReadAction","target":["https:\/\/www.granducatocollection.com\/prodotto\/bottiglia-bordolese-vignavecchia\/"]}]},{"@type":"ImageObject","inLanguage":"de","@id":"https:\/\/www.granducatocollection.com\/prodotto\/bottiglia-bordolese-vignavecchia\/#primaryimage","url":"https:\/\/www.granducatocollection.com\/wp-content\/uploads\/2025\/04\/granducatocollection-borgunto-vignavecchia-bordolese-arezzo-bb-suitelets-soggiornare-in-toscana.webp.webp","contentUrl":"https:\/\/www.granducatocollection.com\/wp-content\/uploads\/2025\/04\/granducatocollection-borgunto-vignavecchia-bordolese-arezzo-bb-suitelets-soggiornare-in-toscana.webp.webp","width":700,"height":700,"caption":"Bottiglia Bordolese Vigna Vecchia Edizione Speciale vino rosso italiano artigianale"},{"@type":"BreadcrumbList","@id":"https:\/\/www.granducatocollection.com\/prodotto\/bottiglia-bordolese-vignavecchia\/#breadcrumb","itemListElement":[{"@type":"ListItem","position":1,"name":"Home","item":"https:\/\/www.granducatocollection.com\/"},{"@type":"ListItem","position":2,"name":"Shop","item":"https:\/\/www.granducatocollection.com\/negozio\/"},{"@type":"ListItem","position":3,"name":"Bottiglia Bordolese Vigna Vecchia Edizione Speciale"}]},{"@type":"WebSite","@id":"https:\/\/www.granducatocollection.com\/#website","url":"https:\/\/www.granducatocollection.com\/","name":"GranDucato Collection","description":"Prenota la tua vacanza e vivi un&#039;esperienza unica","potentialAction":[{"@type":"SearchAction","target":{"@type":"EntryPoint","urlTemplate":"https:\/\/www.granducatocollection.com\/?s={search_term_string}"},"query-input":{"@type":"PropertyValueSpecification","valueRequired":true,"valueName":"search_term_string"}}],"inLanguage":"de"}]}},"_links":{"self":[{"href":"https:\/\/www.granducatocollection.com\/de\/wp-json\/wp\/v2\/product\/6876","targetHints":{"allow":["GET"]}}],"collection":[{"href":"https:\/\/www.granducatocollection.com\/de\/wp-json\/wp\/v2\/product"}],"about":[{"href":"https:\/\/www.granducatocollection.com\/de\/wp-json\/wp\/v2\/types\/product"}],"wp:featuredmedia":[{"embeddable":true,"href":"https:\/\/www.granducatocollection.com\/de\/wp-json\/wp\/v2\/media\/8352"}],"wp:attachment":[{"href":"https:\/\/www.granducatocollection.com\/de\/wp-json\/wp\/v2\/media?parent=6876"}],"wp:term":[{"taxonomy":"product_brand","embeddable":true,"href":"https:\/\/www.granducatocollection.com\/de\/wp-json\/wp\/v2\/product_brand?post=6876"},{"taxonomy":"product_cat","embeddable":true,"href":"https:\/\/www.granducatocollection.com\/de\/wp-json\/wp\/v2\/product_cat?post=6876"},{"taxonomy":"product_tag","embeddable":true,"href":"https:\/\/www.granducatocollection.com\/de\/wp-json\/wp\/v2\/product_tag?post=6876"}],"curies":[{"name":"wp","href":"https:\/\/api.w.org\/{rel}","templated":true}]}}