{"id":6875,"date":"2025-04-26T13:37:55","date_gmt":"2025-04-26T13:37:55","guid":{"rendered":"https:\/\/www.granducatocollection.com\/?post_type=product&#038;p=6875"},"modified":"2026-03-30T16:36:10","modified_gmt":"2026-03-30T16:36:10","slug":"bottiglia-magnum-vigna-vecchia","status":"publish","type":"product","link":"https:\/\/www.granducatocollection.com\/de\/product\/bottiglia-magnum-vigna-vecchia\/","title":{"rendered":"Magnum Vigna Vecchia Flasche"},"content":{"rendered":"<h1>Ein Meisterwerk von seltener Eleganz<\/h1>\n<h2>Die Borgunto Vigna Vecchia Special Edition Magnum verk\u00f6rpert die reinste Essenz der toskanischen Weintradition, eingefangen in einer prestigetr\u00e4chtigen Flasche.<\/h2>\n<p>Dieser Wein, die Frucht historischer und sorgf\u00e4ltig ausgew\u00e4hlter Weinberge, repr\u00e4sentiert den H\u00f6hepunkt der Weinkunst von Tenuta Borgunto und ist Teil der renommierten Granducato Collection.<br \/>\n<span style=\"color: white;\">VinoCostoso<br \/>\n<span style=\"color: white;\">VinoFormatoSpeciale<br \/>\n<span style=\"color: white;\">VinoDaRegalo<br \/>\n<span style=\"color: white;\">EdizioneSpeciale<\/span><\/span><\/span><\/span><\/p>","protected":false},"excerpt":{"rendered":"<h1>Magnum Vigna Vecchia Flasche<\/h1>\n<p>Der Borgunto Vigna Vecchia Edizione Speciale Magnum ist ein Meisterwerk von seltener Eleganz und verk\u00f6rpert die reinste Essenz toskanischer Weinbautradition, eingefangen in einer prestigetr\u00e4chtigen Flasche. Dieser Wein, die Frucht historischer und sorgf\u00e4ltig ausgew\u00e4hlter Weinberge, stellt den H\u00f6hepunkt der Weinbaukunst der Tenuta Borgunto dar und ist Teil der prestigetr\u00e4chtigen Granducato Collection.<\/p>","protected":false},"featured_media":8366,"template":"","meta":{"_acf_changed":false},"product_brand":[764],"product_cat":[92],"product_tag":[404,781,396,277,317,309,403,405,307,310],"class_list":{"0":"post-6875","1":"product","2":"type-product","3":"status-publish","4":"has-post-thumbnail","6":"product_brand-granducato-collection","7":"product_cat-i-nostri-formati-speciali","8":"product_tag-bottiglia-magnum","9":"product_tag-supertuscan","10":"product_tag-vino-artigianale","11":"product_tag-vino-da-collezione","12":"product_tag-vino-da-pranzo-elegante","13":"product_tag-vino-da-regalo","14":"product_tag-vino-di-qualita","15":"product_tag-vino-in-formato-grande","16":"product_tag-vino-italiano","17":"product_tag-vino-rosso-premium","19":"first","20":"instock","21":"shipping-taxable","22":"purchasable","23":"product-type-simple"},"acf":[],"yoast_head":"<!-- This site is optimized with the Yoast SEO plugin v26.7 - https:\/\/yoast.com\/wordpress\/plugins\/seo\/ -->\n<title>B&amp;B Arezzo - Magnum Vigna Vecchia - Gran ducato Collection<\/title>\n<meta name=\"description\" content=\"Esclusiva Magnum Vigna Vecchia Edizione Speciale Borgunto, un vino di prestigio della Granducato Collection.\" \/>\n<meta name=\"robots\" content=\"index, follow, max-snippet:-1, max-image-preview:large, max-video-preview:-1\" \/>\n<link rel=\"canonical\" href=\"https:\/\/www.granducatocollection.com\/de\/product\/bottiglia-magnum-vigna-vecchia\/\" \/>\n<meta property=\"og:locale\" content=\"de_DE\" \/>\n<meta property=\"og:type\" content=\"article\" \/>\n<meta property=\"og:title\" content=\"B&amp;B Arezzo - Magnum Vigna Vecchia - Gran ducato Collection\" \/>\n<meta property=\"og:description\" content=\"Esclusiva Magnum Vigna Vecchia Edizione Speciale Borgunto, un vino di prestigio della Granducato Collection.\" \/>\n<meta property=\"og:url\" content=\"https:\/\/www.granducatocollection.com\/de\/product\/bottiglia-magnum-vigna-vecchia\/\" \/>\n<meta property=\"og:site_name\" content=\"Granducato Collection\" \/>\n<meta property=\"article:modified_time\" content=\"2026-03-30T16:36:10+00:00\" \/>\n<meta property=\"og:image\" content=\"https:\/\/www.granducatocollection.com\/wp-content\/uploads\/2025\/04\/granducatocollection-borgunto-vignavecchia-magnum-arezzo-BB-suitelets-soggiornare-in-toscana-1.webp\" \/>\n\t<meta property=\"og:image:width\" content=\"700\" \/>\n\t<meta property=\"og:image:height\" content=\"700\" \/>\n\t<meta property=\"og:image:type\" content=\"image\/webp\" \/>\n<meta name=\"twitter:card\" content=\"summary_large_image\" \/>\n<meta name=\"twitter:label1\" content=\"Gesch\u00e4tzte Lesezeit\" \/>\n\t<meta name=\"twitter:data1\" content=\"1\u00a0Minute\" \/>\n<script type=\"application\/ld+json\" class=\"yoast-schema-graph\">{\"@context\":\"https:\/\/schema.org\",\"@graph\":[{\"@type\":\"WebPage\",\"@id\":\"https:\/\/www.granducatocollection.com\/prodotto\/bottiglia-magnum-vigna-vecchia\/\",\"url\":\"https:\/\/www.granducatocollection.com\/prodotto\/bottiglia-magnum-vigna-vecchia\/\",\"name\":\"B&B Arezzo - Magnum Vigna Vecchia - Gran ducato Collection\",\"isPartOf\":{\"@id\":\"https:\/\/www.granducatocollection.com\/#website\"},\"primaryImageOfPage\":{\"@id\":\"https:\/\/www.granducatocollection.com\/prodotto\/bottiglia-magnum-vigna-vecchia\/#primaryimage\"},\"image\":{\"@id\":\"https:\/\/www.granducatocollection.com\/prodotto\/bottiglia-magnum-vigna-vecchia\/#primaryimage\"},\"thumbnailUrl\":\"https:\/\/www.granducatocollection.com\/wp-content\/uploads\/2025\/04\/granducatocollection-borgunto-vignavecchia-magnum-arezzo-BB-suitelets-soggiornare-in-toscana-1.webp\",\"datePublished\":\"2025-04-26T13:37:55+00:00\",\"dateModified\":\"2026-03-30T16:36:10+00:00\",\"description\":\"Esclusiva Magnum Vigna Vecchia Edizione Speciale Borgunto, un vino di prestigio della Granducato Collection.\",\"breadcrumb\":{\"@id\":\"https:\/\/www.granducatocollection.com\/prodotto\/bottiglia-magnum-vigna-vecchia\/#breadcrumb\"},\"inLanguage\":\"de\",\"potentialAction\":[{\"@type\":\"ReadAction\",\"target\":[\"https:\/\/www.granducatocollection.com\/prodotto\/bottiglia-magnum-vigna-vecchia\/\"]}]},{\"@type\":\"ImageObject\",\"inLanguage\":\"de\",\"@id\":\"https:\/\/www.granducatocollection.com\/prodotto\/bottiglia-magnum-vigna-vecchia\/#primaryimage\",\"url\":\"https:\/\/www.granducatocollection.com\/wp-content\/uploads\/2025\/04\/granducatocollection-borgunto-vignavecchia-magnum-arezzo-BB-suitelets-soggiornare-in-toscana-1.webp\",\"contentUrl\":\"https:\/\/www.granducatocollection.com\/wp-content\/uploads\/2025\/04\/granducatocollection-borgunto-vignavecchia-magnum-arezzo-BB-suitelets-soggiornare-in-toscana-1.webp\",\"width\":700,\"height\":700,\"caption\":\"Magnum Vigna Vecchia 1.5L vino rosso italiano pregiato affinamento in bottiglia\"},{\"@type\":\"BreadcrumbList\",\"@id\":\"https:\/\/www.granducatocollection.com\/prodotto\/bottiglia-magnum-vigna-vecchia\/#breadcrumb\",\"itemListElement\":[{\"@type\":\"ListItem\",\"position\":1,\"name\":\"Home\",\"item\":\"https:\/\/www.granducatocollection.com\/\"},{\"@type\":\"ListItem\",\"position\":2,\"name\":\"Shop\",\"item\":\"https:\/\/www.granducatocollection.com\/negozio\/\"},{\"@type\":\"ListItem\",\"position\":3,\"name\":\"Bottiglia Magnum Vigna Vecchia\"}]},{\"@type\":\"WebSite\",\"@id\":\"https:\/\/www.granducatocollection.com\/#website\",\"url\":\"https:\/\/www.granducatocollection.com\/\",\"name\":\"GranDucato Collection\",\"description\":\"Prenota la tua vacanza e vivi un&#039;esperienza unica\",\"potentialAction\":[{\"@type\":\"SearchAction\",\"target\":{\"@type\":\"EntryPoint\",\"urlTemplate\":\"https:\/\/www.granducatocollection.com\/?s={search_term_string}\"},\"query-input\":{\"@type\":\"PropertyValueSpecification\",\"valueRequired\":true,\"valueName\":\"search_term_string\"}}],\"inLanguage\":\"de\"}]}<\/script>\n<!-- \/ Yoast SEO plugin. -->","yoast_head_json":{"title":"B&B Arezzo - Magnum Vigna Vecchia - Gran ducato Collection","description":"Esclusiva Magnum Vigna Vecchia Edizione Speciale Borgunto, un vino di prestigio della Granducato Collection.","robots":{"index":"index","follow":"follow","max-snippet":"max-snippet:-1","max-image-preview":"max-image-preview:large","max-video-preview":"max-video-preview:-1"},"canonical":"https:\/\/www.granducatocollection.com\/de\/product\/bottiglia-magnum-vigna-vecchia\/","og_locale":"de_DE","og_type":"article","og_title":"B&B Arezzo - Magnum Vigna Vecchia - Gran ducato Collection","og_description":"Esclusiva Magnum Vigna Vecchia Edizione Speciale Borgunto, un vino di prestigio della Granducato Collection.","og_url":"https:\/\/www.granducatocollection.com\/de\/product\/bottiglia-magnum-vigna-vecchia\/","og_site_name":"Granducato Collection","article_modified_time":"2026-03-30T16:36:10+00:00","og_image":[{"width":700,"height":700,"url":"https:\/\/www.granducatocollection.com\/wp-content\/uploads\/2025\/04\/granducatocollection-borgunto-vignavecchia-magnum-arezzo-BB-suitelets-soggiornare-in-toscana-1.webp","type":"image\/webp"}],"twitter_card":"summary_large_image","twitter_misc":{"Gesch\u00e4tzte Lesezeit":"1\u00a0Minute"},"schema":{"@context":"https:\/\/schema.org","@graph":[{"@type":"WebPage","@id":"https:\/\/www.granducatocollection.com\/prodotto\/bottiglia-magnum-vigna-vecchia\/","url":"https:\/\/www.granducatocollection.com\/prodotto\/bottiglia-magnum-vigna-vecchia\/","name":"B&B Arezzo - Magnum Vigna Vecchia - Gran ducato Collection","isPartOf":{"@id":"https:\/\/www.granducatocollection.com\/#website"},"primaryImageOfPage":{"@id":"https:\/\/www.granducatocollection.com\/prodotto\/bottiglia-magnum-vigna-vecchia\/#primaryimage"},"image":{"@id":"https:\/\/www.granducatocollection.com\/prodotto\/bottiglia-magnum-vigna-vecchia\/#primaryimage"},"thumbnailUrl":"https:\/\/www.granducatocollection.com\/wp-content\/uploads\/2025\/04\/granducatocollection-borgunto-vignavecchia-magnum-arezzo-BB-suitelets-soggiornare-in-toscana-1.webp","datePublished":"2025-04-26T13:37:55+00:00","dateModified":"2026-03-30T16:36:10+00:00","description":"Esclusiva Magnum Vigna Vecchia Edizione Speciale Borgunto, un vino di prestigio della Granducato Collection.","breadcrumb":{"@id":"https:\/\/www.granducatocollection.com\/prodotto\/bottiglia-magnum-vigna-vecchia\/#breadcrumb"},"inLanguage":"de","potentialAction":[{"@type":"ReadAction","target":["https:\/\/www.granducatocollection.com\/prodotto\/bottiglia-magnum-vigna-vecchia\/"]}]},{"@type":"ImageObject","inLanguage":"de","@id":"https:\/\/www.granducatocollection.com\/prodotto\/bottiglia-magnum-vigna-vecchia\/#primaryimage","url":"https:\/\/www.granducatocollection.com\/wp-content\/uploads\/2025\/04\/granducatocollection-borgunto-vignavecchia-magnum-arezzo-BB-suitelets-soggiornare-in-toscana-1.webp","contentUrl":"https:\/\/www.granducatocollection.com\/wp-content\/uploads\/2025\/04\/granducatocollection-borgunto-vignavecchia-magnum-arezzo-BB-suitelets-soggiornare-in-toscana-1.webp","width":700,"height":700,"caption":"Magnum Vigna Vecchia 1.5L vino rosso italiano pregiato affinamento in bottiglia"},{"@type":"BreadcrumbList","@id":"https:\/\/www.granducatocollection.com\/prodotto\/bottiglia-magnum-vigna-vecchia\/#breadcrumb","itemListElement":[{"@type":"ListItem","position":1,"name":"Home","item":"https:\/\/www.granducatocollection.com\/"},{"@type":"ListItem","position":2,"name":"Shop","item":"https:\/\/www.granducatocollection.com\/negozio\/"},{"@type":"ListItem","position":3,"name":"Bottiglia Magnum Vigna Vecchia"}]},{"@type":"WebSite","@id":"https:\/\/www.granducatocollection.com\/#website","url":"https:\/\/www.granducatocollection.com\/","name":"GranDucato Collection","description":"Prenota la tua vacanza e vivi un&#039;esperienza unica","potentialAction":[{"@type":"SearchAction","target":{"@type":"EntryPoint","urlTemplate":"https:\/\/www.granducatocollection.com\/?s={search_term_string}"},"query-input":{"@type":"PropertyValueSpecification","valueRequired":true,"valueName":"search_term_string"}}],"inLanguage":"de"}]}},"_links":{"self":[{"href":"https:\/\/www.granducatocollection.com\/de\/wp-json\/wp\/v2\/product\/6875","targetHints":{"allow":["GET"]}}],"collection":[{"href":"https:\/\/www.granducatocollection.com\/de\/wp-json\/wp\/v2\/product"}],"about":[{"href":"https:\/\/www.granducatocollection.com\/de\/wp-json\/wp\/v2\/types\/product"}],"wp:featuredmedia":[{"embeddable":true,"href":"https:\/\/www.granducatocollection.com\/de\/wp-json\/wp\/v2\/media\/8366"}],"wp:attachment":[{"href":"https:\/\/www.granducatocollection.com\/de\/wp-json\/wp\/v2\/media?parent=6875"}],"wp:term":[{"taxonomy":"product_brand","embeddable":true,"href":"https:\/\/www.granducatocollection.com\/de\/wp-json\/wp\/v2\/product_brand?post=6875"},{"taxonomy":"product_cat","embeddable":true,"href":"https:\/\/www.granducatocollection.com\/de\/wp-json\/wp\/v2\/product_cat?post=6875"},{"taxonomy":"product_tag","embeddable":true,"href":"https:\/\/www.granducatocollection.com\/de\/wp-json\/wp\/v2\/product_tag?post=6875"}],"curies":[{"name":"wp","href":"https:\/\/api.w.org\/{rel}","templated":true}]}}